{"id":211443,"date":"2026-04-06T23:26:52","date_gmt":"2026-04-07T05:26:52","guid":{"rendered":"https:\/\/compuviper.mx\/tienda\/producto\/peerless-av-sf640-soporte-plano-peerless-para-pantalla-32-a-50-pulgadas-capacidad-hasta-68kg\/"},"modified":"2026-04-06T23:26:52","modified_gmt":"2026-04-07T05:26:52","slug":"peerless-av-sf640-soporte-plano-peerless-para-pantalla-32-a-50-pulgadas-capacidad-hasta-68kg","status":"publish","type":"product","link":"https:\/\/compuviper.mx\/tienda\/producto\/peerless-av-sf640-soporte-plano-peerless-para-pantalla-32-a-50-pulgadas-capacidad-hasta-68kg\/","title":{"rendered":"Peerless-av Sf640 Soporte Plano Peerless  Para Pantalla 32 A 50 Pulgadas Capacidad Hasta 68kg"},"content":{"rendered":"<table class=\"descripcion\">\n<tr>\n<td>Pantalla 32 a 50<\/td>\n<\/tr>\n<tr>\n<td>Vesa 400 x 400<\/td>\n<\/tr>\n<tr>\n<td>Capacidad de carga 68 kg<\/td>\n<\/tr>\n<tr>\n<td>Color negro<\/td>\n<\/tr>\n<tr>\n<td>Distancia desde la pared 32 mm<\/td>\n<\/tr>\n<tr>\n<td>Patron de montaje 450 x 405mm<\/td>\n<\/tr>\n<tr>\n<td>Dimensiones producto 492 x 429 x 30 mm<\/td>\n<\/tr>\n<tr>\n<td>Peso para el envio 5.4lb 2.44kg<\/td>\n<\/tr>\n<tr>\n<td>Empaque  272,0 x 39,9 x 550.9 mm<\/td>\n<\/tr>\n<\/table>\n","protected":false},"excerpt":{"rendered":"<p>El diseo compacto del modelo sf640 ofrece un aspecto elegante y esteticamente agradable que combina con cualquier decoracion. Los tornillos de seguridad que vienen con los modelos sf640 impiden la manipulacion indebida y el robo. El dise\u00f1o de placa de pared abierta permite acceder totalmente a la pared, lo que mejora las opciones de conexion electrica y organizacion de cables. Ahora una sola persona puede instalar la pantalla.<\/p>\n","protected":false},"featured_media":211444,"comment_status":"open","ping_status":"open","template":"","meta":[],"product_cat":[2321,2265],"product_tag":[1904],"acf":[],"yoast_head":"<!-- This site is optimized with the Yoast SEO plugin v21.7 - https:\/\/yoast.com\/wordpress\/plugins\/seo\/ -->\n<title>[ Peerless-av ] &#129351; Sf640 Soporte Plano Peerless Para Pantalla 32 A 50 Pulgadas Capacidad Hasta 68kg<\/title>\n<meta name=\"description\" content=\"Compra Sf640 Soporte Plano Peerless Para Pantalla 32 A 50 Pulgadas Capacidad Hasta 68kg + Env\u00edo a domicilio + Pago seguro + Garant\u00eda\" \/>\n<meta name=\"robots\" content=\"index, follow, max-snippet:-1, max-image-preview:large, max-video-preview:-1\" \/>\n<link rel=\"canonical\" href=\"https:\/\/compuviper.mx\/tienda\/producto\/peerless-av-sf640-soporte-plano-peerless-para-pantalla-32-a-50-pulgadas-capacidad-hasta-68kg\/\" \/>\n<meta property=\"og:locale\" content=\"es_MX\" \/>\n<meta property=\"og:type\" content=\"article\" \/>\n<meta property=\"og:title\" content=\"[ Peerless-av ] &#129351; Sf640 Soporte Plano Peerless Para Pantalla 32 A 50 Pulgadas Capacidad Hasta 68kg\" \/>\n<meta property=\"og:description\" content=\"Compra Sf640 Soporte Plano Peerless Para Pantalla 32 A 50 Pulgadas Capacidad Hasta 68kg + Env\u00edo a domicilio + Pago seguro + Garant\u00eda\" \/>\n<meta property=\"og:url\" content=\"https:\/\/compuviper.mx\/tienda\/producto\/peerless-av-sf640-soporte-plano-peerless-para-pantalla-32-a-50-pulgadas-capacidad-hasta-68kg\/\" \/>\n<meta property=\"og:site_name\" content=\"Compuviper\" \/>\n<meta property=\"article:publisher\" content=\"https:\/\/www.facebook.com\/compuviper\" \/>\n<meta property=\"og:image\" content=\"https:\/\/compuviper.mx\/tienda\/wp-content\/uploads\/2023\/12\/Soporte-plano-peerless-sf640-para-pantalla-32-a-50-pulgadas-capacidad-hasta-68kg.jpg\" \/>\n\t<meta property=\"og:image:width\" content=\"200\" \/>\n\t<meta property=\"og:image:height\" content=\"200\" \/>\n\t<meta property=\"og:image:type\" content=\"image\/jpeg\" \/>\n<meta name=\"twitter:card\" content=\"summary_large_image\" \/>\n<meta name=\"twitter:label1\" content=\"Precio\" \/>\n\t<meta name=\"twitter:data1\" content=\"&#36;1,242 con IVA\" \/>\n\t<meta name=\"twitter:label2\" content=\"Availability\" \/>\n\t<meta name=\"twitter:data2\" content=\"Out of stock\" \/>\n<script type=\"application\/ld+json\" class=\"yoast-schema-graph\">{\"@context\":\"https:\/\/schema.org\",\"@graph\":[{\"@type\":\"WebPage\",\"@id\":\"https:\/\/compuviper.mx\/tienda\/producto\/peerless-av-sf640-soporte-plano-peerless-para-pantalla-32-a-50-pulgadas-capacidad-hasta-68kg\/\",\"url\":\"https:\/\/compuviper.mx\/tienda\/producto\/peerless-av-sf640-soporte-plano-peerless-para-pantalla-32-a-50-pulgadas-capacidad-hasta-68kg\/\",\"name\":\"[ Peerless-av ] &#129351; Sf640 Soporte Plano Peerless Para Pantalla 32 A 50 Pulgadas Capacidad Hasta 68kg\",\"isPartOf\":{\"@id\":\"https:\/\/compuviper.mx\/tienda\/#website\"},\"datePublished\":\"2026-04-07T05:26:52+00:00\",\"dateModified\":\"2026-04-07T05:26:52+00:00\",\"description\":\"Compra Sf640 Soporte Plano Peerless Para Pantalla 32 A 50 Pulgadas Capacidad Hasta 68kg + Env\u00edo a domicilio + Pago seguro + Garant\u00eda\",\"breadcrumb\":{\"@id\":\"https:\/\/compuviper.mx\/tienda\/producto\/peerless-av-sf640-soporte-plano-peerless-para-pantalla-32-a-50-pulgadas-capacidad-hasta-68kg\/#breadcrumb\"},\"inLanguage\":\"es-MX\",\"potentialAction\":[{\"@type\":\"ReadAction\",\"target\":[\"https:\/\/compuviper.mx\/tienda\/producto\/peerless-av-sf640-soporte-plano-peerless-para-pantalla-32-a-50-pulgadas-capacidad-hasta-68kg\/\"]}]},{\"@type\":\"BreadcrumbList\",\"@id\":\"https:\/\/compuviper.mx\/tienda\/producto\/peerless-av-sf640-soporte-plano-peerless-para-pantalla-32-a-50-pulgadas-capacidad-hasta-68kg\/#breadcrumb\",\"itemListElement\":[{\"@type\":\"ListItem\",\"position\":1,\"name\":\"Inicio\",\"item\":\"https:\/\/compuviper.mx\/tienda\/\"},{\"@type\":\"ListItem\",\"position\":2,\"name\":\"Productos\",\"item\":\"https:\/\/compuviper.mx\/tienda\/productos\/\"},{\"@type\":\"ListItem\",\"position\":3,\"name\":\"Soportes Y Bases P\/tv\/ Proyectores\/dvd\/consolas\/bocinas\/pantallas\/monotores\",\"item\":\"https:\/\/compuviper.mx\/tienda\/categoria-producto\/soportes-y-bases-p-tv-proyectores-dvd-consolas-bocinas-pantallas-monotores\/\"},{\"@type\":\"ListItem\",\"position\":4,\"name\":\"Soporte Y Base Para Tv\/pantallas\/monitores\/kiosko\",\"item\":\"https:\/\/compuviper.mx\/tienda\/categoria-producto\/soportes-y-bases-p-tv-proyectores-dvd-consolas-bocinas-pantallas-monotores\/soporte-y-base-para-tv-pantallas-monitores-kiosko\/\"},{\"@type\":\"ListItem\",\"position\":5,\"name\":\"Peerless-av Sf640 Soporte Plano Peerless Para Pantalla 32 A 50 Pulgadas Capacidad Hasta 68kg\"}]},{\"@type\":\"WebSite\",\"@id\":\"https:\/\/compuviper.mx\/tienda\/#website\",\"url\":\"https:\/\/compuviper.mx\/tienda\/\",\"name\":\"Compuviper\",\"description\":\"Proveedor de Computadoras, Laptops, Servidores, Monitores, Puntos de Venta, Teclados,   Impresoras, T\u00f3ner, C\u00e1maras de Seguridad y m\u00e1s en tu tienda en l\u00ednea\",\"publisher\":{\"@id\":\"https:\/\/compuviper.mx\/tienda\/#organization\"},\"potentialAction\":[{\"@type\":\"SearchAction\",\"target\":{\"@type\":\"EntryPoint\",\"urlTemplate\":\"https:\/\/compuviper.mx\/tienda\/?s={search_term_string}\"},\"query-input\":\"required name=search_term_string\"}],\"inLanguage\":\"es-MX\"},{\"@type\":\"Organization\",\"@id\":\"https:\/\/compuviper.mx\/tienda\/#organization\",\"name\":\"Compuviper\",\"url\":\"https:\/\/compuviper.mx\/tienda\/\",\"logo\":{\"@type\":\"ImageObject\",\"inLanguage\":\"es-MX\",\"@id\":\"https:\/\/compuviper.mx\/tienda\/#\/schema\/logo\/image\/\",\"url\":\"https:\/\/compuviper.mx\/tienda\/wp-content\/uploads\/2021\/08\/Logo-Compuviper-10.png\",\"contentUrl\":\"https:\/\/compuviper.mx\/tienda\/wp-content\/uploads\/2021\/08\/Logo-Compuviper-10.png\",\"width\":1000,\"height\":500,\"caption\":\"Compuviper\"},\"image\":{\"@id\":\"https:\/\/compuviper.mx\/tienda\/#\/schema\/logo\/image\/\"},\"sameAs\":[\"https:\/\/www.facebook.com\/compuviper\",\"https:\/\/www.youtube.com\/channel\/UCf73dERp9Y3cfOq7q8BhLjA?view_as=subscriber\"]}]}<\/script>\n<meta property=\"product:brand\" content=\"PEERLESS-AV\" \/>\n<meta property=\"product:price:amount\" content=\"1242\" \/>\n<meta property=\"product:price:currency\" content=\"MXN\" \/>\n<meta property=\"og:availability\" content=\"out of stock\" \/>\n<meta property=\"product:availability\" content=\"out of stock\" \/>\n<meta property=\"product:retailer_item_id\" content=\"SF640\" \/>\n<meta property=\"product:condition\" content=\"new\" \/>\n<!-- \/ Yoast SEO plugin. -->","yoast_head_json":{"title":"[ Peerless-av ] &#129351; Sf640 Soporte Plano Peerless Para Pantalla 32 A 50 Pulgadas Capacidad Hasta 68kg","description":"Compra Sf640 Soporte Plano Peerless Para Pantalla 32 A 50 Pulgadas Capacidad Hasta 68kg + Env\u00edo a domicilio + Pago seguro + Garant\u00eda","robots":{"index":"index","follow":"follow","max-snippet":"max-snippet:-1","max-image-preview":"max-image-preview:large","max-video-preview":"max-video-preview:-1"},"canonical":"https:\/\/compuviper.mx\/tienda\/producto\/peerless-av-sf640-soporte-plano-peerless-para-pantalla-32-a-50-pulgadas-capacidad-hasta-68kg\/","og_locale":"es_MX","og_type":"article","og_title":"[ Peerless-av ] &#129351; Sf640 Soporte Plano Peerless Para Pantalla 32 A 50 Pulgadas Capacidad Hasta 68kg","og_description":"Compra Sf640 Soporte Plano Peerless Para Pantalla 32 A 50 Pulgadas Capacidad Hasta 68kg + Env\u00edo a domicilio + Pago seguro + Garant\u00eda","og_url":"https:\/\/compuviper.mx\/tienda\/producto\/peerless-av-sf640-soporte-plano-peerless-para-pantalla-32-a-50-pulgadas-capacidad-hasta-68kg\/","og_site_name":"Compuviper","article_publisher":"https:\/\/www.facebook.com\/compuviper","og_image":[{"width":200,"height":200,"url":"https:\/\/compuviper.mx\/tienda\/wp-content\/uploads\/2023\/12\/Soporte-plano-peerless-sf640-para-pantalla-32-a-50-pulgadas-capacidad-hasta-68kg.jpg","type":"image\/jpeg"}],"twitter_card":"summary_large_image","twitter_misc":{"Precio":"&#36;1,242 con IVA","Availability":"Out of stock"},"schema":{"@context":"https:\/\/schema.org","@graph":[{"@type":"WebPage","@id":"https:\/\/compuviper.mx\/tienda\/producto\/peerless-av-sf640-soporte-plano-peerless-para-pantalla-32-a-50-pulgadas-capacidad-hasta-68kg\/","url":"https:\/\/compuviper.mx\/tienda\/producto\/peerless-av-sf640-soporte-plano-peerless-para-pantalla-32-a-50-pulgadas-capacidad-hasta-68kg\/","name":"[ Peerless-av ] &#129351; Sf640 Soporte Plano Peerless Para Pantalla 32 A 50 Pulgadas Capacidad Hasta 68kg","isPartOf":{"@id":"https:\/\/compuviper.mx\/tienda\/#website"},"datePublished":"2026-04-07T05:26:52+00:00","dateModified":"2026-04-07T05:26:52+00:00","description":"Compra Sf640 Soporte Plano Peerless Para Pantalla 32 A 50 Pulgadas Capacidad Hasta 68kg + Env\u00edo a domicilio + Pago seguro + Garant\u00eda","breadcrumb":{"@id":"https:\/\/compuviper.mx\/tienda\/producto\/peerless-av-sf640-soporte-plano-peerless-para-pantalla-32-a-50-pulgadas-capacidad-hasta-68kg\/#breadcrumb"},"inLanguage":"es-MX","potentialAction":[{"@type":"ReadAction","target":["https:\/\/compuviper.mx\/tienda\/producto\/peerless-av-sf640-soporte-plano-peerless-para-pantalla-32-a-50-pulgadas-capacidad-hasta-68kg\/"]}]},{"@type":"BreadcrumbList","@id":"https:\/\/compuviper.mx\/tienda\/producto\/peerless-av-sf640-soporte-plano-peerless-para-pantalla-32-a-50-pulgadas-capacidad-hasta-68kg\/#breadcrumb","itemListElement":[{"@type":"ListItem","position":1,"name":"Inicio","item":"https:\/\/compuviper.mx\/tienda\/"},{"@type":"ListItem","position":2,"name":"Productos","item":"https:\/\/compuviper.mx\/tienda\/productos\/"},{"@type":"ListItem","position":3,"name":"Soportes Y Bases P\/tv\/ Proyectores\/dvd\/consolas\/bocinas\/pantallas\/monotores","item":"https:\/\/compuviper.mx\/tienda\/categoria-producto\/soportes-y-bases-p-tv-proyectores-dvd-consolas-bocinas-pantallas-monotores\/"},{"@type":"ListItem","position":4,"name":"Soporte Y Base Para Tv\/pantallas\/monitores\/kiosko","item":"https:\/\/compuviper.mx\/tienda\/categoria-producto\/soportes-y-bases-p-tv-proyectores-dvd-consolas-bocinas-pantallas-monotores\/soporte-y-base-para-tv-pantallas-monitores-kiosko\/"},{"@type":"ListItem","position":5,"name":"Peerless-av Sf640 Soporte Plano Peerless Para Pantalla 32 A 50 Pulgadas Capacidad Hasta 68kg"}]},{"@type":"WebSite","@id":"https:\/\/compuviper.mx\/tienda\/#website","url":"https:\/\/compuviper.mx\/tienda\/","name":"Compuviper","description":"Proveedor de Computadoras, Laptops, Servidores, Monitores, Puntos de Venta, Teclados,   Impresoras, T\u00f3ner, C\u00e1maras de Seguridad y m\u00e1s en tu tienda en l\u00ednea","publisher":{"@id":"https:\/\/compuviper.mx\/tienda\/#organization"},"potentialAction":[{"@type":"SearchAction","target":{"@type":"EntryPoint","urlTemplate":"https:\/\/compuviper.mx\/tienda\/?s={search_term_string}"},"query-input":"required name=search_term_string"}],"inLanguage":"es-MX"},{"@type":"Organization","@id":"https:\/\/compuviper.mx\/tienda\/#organization","name":"Compuviper","url":"https:\/\/compuviper.mx\/tienda\/","logo":{"@type":"ImageObject","inLanguage":"es-MX","@id":"https:\/\/compuviper.mx\/tienda\/#\/schema\/logo\/image\/","url":"https:\/\/compuviper.mx\/tienda\/wp-content\/uploads\/2021\/08\/Logo-Compuviper-10.png","contentUrl":"https:\/\/compuviper.mx\/tienda\/wp-content\/uploads\/2021\/08\/Logo-Compuviper-10.png","width":1000,"height":500,"caption":"Compuviper"},"image":{"@id":"https:\/\/compuviper.mx\/tienda\/#\/schema\/logo\/image\/"},"sameAs":["https:\/\/www.facebook.com\/compuviper","https:\/\/www.youtube.com\/channel\/UCf73dERp9Y3cfOq7q8BhLjA?view_as=subscriber"]}]},"product_brand":"PEERLESS-AV","product_price_amount":"1242","product_price_currency":"MXN","og_availability":"out of stock","product_availability":"out of stock","product_retailer_item_id":"SF640","product_condition":"new"},"_links":{"self":[{"href":"https:\/\/compuviper.mx\/tienda\/wp-json\/wp\/v2\/product\/211443"}],"collection":[{"href":"https:\/\/compuviper.mx\/tienda\/wp-json\/wp\/v2\/product"}],"about":[{"href":"https:\/\/compuviper.mx\/tienda\/wp-json\/wp\/v2\/types\/product"}],"replies":[{"embeddable":true,"href":"https:\/\/compuviper.mx\/tienda\/wp-json\/wp\/v2\/comments?post=211443"}],"wp:featuredmedia":[{"embeddable":true,"href":"https:\/\/compuviper.mx\/tienda\/wp-json\/wp\/v2\/media\/211444"}],"wp:attachment":[{"href":"https:\/\/compuviper.mx\/tienda\/wp-json\/wp\/v2\/media?parent=211443"}],"wp:term":[{"taxonomy":"product_cat","embeddable":true,"href":"https:\/\/compuviper.mx\/tienda\/wp-json\/wp\/v2\/product_cat?post=211443"},{"taxonomy":"product_tag","embeddable":true,"href":"https:\/\/compuviper.mx\/tienda\/wp-json\/wp\/v2\/product_tag?post=211443"}],"curies":[{"name":"wp","href":"https:\/\/api.w.org\/{rel}","templated":true}]}}