{"id":211407,"date":"2026-04-10T23:25:13","date_gmt":"2026-04-11T05:25:13","guid":{"rendered":"https:\/\/compuviper.mx\/tienda\/producto\/manhattan-461221-soporte-tv-p-pared-80kg-60-a-100-articulado\/"},"modified":"2026-04-10T23:25:13","modified_gmt":"2026-04-11T05:25:13","slug":"manhattan-461221-soporte-tv-p-pared-80kg-60-a-100-articulado","status":"publish","type":"product","link":"https:\/\/compuviper.mx\/tienda\/producto\/manhattan-461221-soporte-tv-p-pared-80kg-60-a-100-articulado\/","title":{"rendered":"Manhattan 461221 Soporte Tv,,, P\/pared 80kg, 60 A 100 Articulado"},"content":{"rendered":"<table class=\"descripcion\">\n<tr>\n<td>*montaje universal full motion de pared para pantallas grandes<\/td>\n<\/tr>\n<tr>\n<td>Compatible con televisiones con un vesa m\u00e1ximo de 900&#215;600<\/td>\n<\/tr>\n<tr>\n<td>Capacidad de carga: hasta 80 kg\/176 lbs<\/td>\n<\/tr>\n<tr>\n<td>Ajuste de nivel \u00b13\u00b0<\/td>\n<\/tr>\n<tr>\n<td>Dise\u00f1ado para pantallas grandes (soporta tanto planas como curvas)<\/td>\n<\/tr>\n<\/table>\n","protected":false},"excerpt":{"rendered":"<p>*sujeta de manera segura una televisi\u00f3n plana o curva. *mejora el angulo de visi\u00f3n con inclinaci\u00f3n de -15\u00b0 a 5\u00b0, giro de -45\u00b0 a 45\u00b0, y ajuste de nivel de -3\u00b0 a 3?. *construcci\u00f3n de acero reforzado. *de f\u00e1cil instalaci\u00f3n ideal para su uso en el hogar, la oficina y en aplicaciones comerciales. *cumple con est\u00e1ndares vesa: 200 x 200, 300 x 300, 400 x 200, 400 x 400, 600 x 400, 800 x 400  and  900 x 600. *soporta tvs desde 60 hasta 100 con un peso de hasta 80 kg\/176 lbs. No m\u00e1s problemas con los pisos disparejos, el molesto resplandor y los estorbos con otros muebles que no permitan disfrutar de la experiencia de ver tv en su pantalla plana. Los soportes de pared y carritos para tv de manhattan te ayudar\u00e1n a lograr el mejor \u00e1ngulo de visi\u00f3n desde pr\u00e1cticamente cualquier lugar del cuarto. Ideal en aplicaciones residenciales, de oficina, hospitales, salones de clases y salas de conferencia, se\u00f1alizaciones digitales (como en aeropuertos) y otras aplicaciones comerciales, el montaje universal en pared para monitores de tv planos con movimiento total manhattan proporciona un alto desempe\u00f1o de su tv de lcd, plasma o led para disfrutarla mucho mejor.<\/p>\n","protected":false},"featured_media":211408,"comment_status":"open","ping_status":"open","template":"","meta":[],"product_cat":[2321,2265],"product_tag":[1487],"acf":[],"yoast_head":"<!-- This site is optimized with the Yoast SEO plugin v21.7 - https:\/\/yoast.com\/wordpress\/plugins\/seo\/ -->\n<title>[ Manhattan ] &#129351; 461221 Soporte Tv,,, P\/pared 80kg, 60 A 100 Articulado<\/title>\n<meta name=\"description\" content=\"Compra 461221 Soporte Tv,,, P\/pared 80kg, 60 A 100 Articulado + Env\u00edo a domicilio + Pago seguro + Garant\u00eda\" \/>\n<meta name=\"robots\" content=\"index, follow, max-snippet:-1, max-image-preview:large, max-video-preview:-1\" \/>\n<link rel=\"canonical\" href=\"https:\/\/compuviper.mx\/tienda\/producto\/manhattan-461221-soporte-tv-p-pared-80kg-60-a-100-articulado\/\" \/>\n<meta property=\"og:locale\" content=\"es_MX\" \/>\n<meta property=\"og:type\" content=\"article\" \/>\n<meta property=\"og:title\" content=\"[ Manhattan ] &#129351; 461221 Soporte Tv,,, P\/pared 80kg, 60 A 100 Articulado\" \/>\n<meta property=\"og:description\" content=\"Compra 461221 Soporte Tv,,, P\/pared 80kg, 60 A 100 Articulado + Env\u00edo a domicilio + Pago seguro + Garant\u00eda\" \/>\n<meta property=\"og:url\" content=\"https:\/\/compuviper.mx\/tienda\/producto\/manhattan-461221-soporte-tv-p-pared-80kg-60-a-100-articulado\/\" \/>\n<meta property=\"og:site_name\" content=\"Compuviper\" \/>\n<meta property=\"article:publisher\" content=\"https:\/\/www.facebook.com\/compuviper\" \/>\n<meta property=\"og:image\" content=\"https:\/\/compuviper.mx\/tienda\/wp-content\/uploads\/2023\/12\/Soporte-tvmanhattan461221-ppared-80kg-60-a-100-articulado.jpg\" \/>\n\t<meta property=\"og:image:width\" content=\"200\" \/>\n\t<meta property=\"og:image:height\" content=\"200\" \/>\n\t<meta property=\"og:image:type\" content=\"image\/jpeg\" \/>\n<meta name=\"twitter:card\" content=\"summary_large_image\" \/>\n<meta name=\"twitter:label1\" content=\"Precio\" \/>\n\t<meta name=\"twitter:data1\" content=\"&#36;2,675 con IVA\" \/>\n\t<meta name=\"twitter:label2\" content=\"Availability\" \/>\n\t<meta name=\"twitter:data2\" content=\"In stock\" \/>\n<script type=\"application\/ld+json\" class=\"yoast-schema-graph\">{\"@context\":\"https:\/\/schema.org\",\"@graph\":[{\"@type\":\"WebPage\",\"@id\":\"https:\/\/compuviper.mx\/tienda\/producto\/manhattan-461221-soporte-tv-p-pared-80kg-60-a-100-articulado\/\",\"url\":\"https:\/\/compuviper.mx\/tienda\/producto\/manhattan-461221-soporte-tv-p-pared-80kg-60-a-100-articulado\/\",\"name\":\"[ Manhattan ] &#129351; 461221 Soporte Tv,,, P\/pared 80kg, 60 A 100 Articulado\",\"isPartOf\":{\"@id\":\"https:\/\/compuviper.mx\/tienda\/#website\"},\"datePublished\":\"2026-04-11T05:25:13+00:00\",\"dateModified\":\"2026-04-11T05:25:13+00:00\",\"description\":\"Compra 461221 Soporte Tv,,, P\/pared 80kg, 60 A 100 Articulado + Env\u00edo a domicilio + Pago seguro + Garant\u00eda\",\"breadcrumb\":{\"@id\":\"https:\/\/compuviper.mx\/tienda\/producto\/manhattan-461221-soporte-tv-p-pared-80kg-60-a-100-articulado\/#breadcrumb\"},\"inLanguage\":\"es-MX\",\"potentialAction\":[{\"@type\":\"ReadAction\",\"target\":[\"https:\/\/compuviper.mx\/tienda\/producto\/manhattan-461221-soporte-tv-p-pared-80kg-60-a-100-articulado\/\"]}]},{\"@type\":\"BreadcrumbList\",\"@id\":\"https:\/\/compuviper.mx\/tienda\/producto\/manhattan-461221-soporte-tv-p-pared-80kg-60-a-100-articulado\/#breadcrumb\",\"itemListElement\":[{\"@type\":\"ListItem\",\"position\":1,\"name\":\"Inicio\",\"item\":\"https:\/\/compuviper.mx\/tienda\/\"},{\"@type\":\"ListItem\",\"position\":2,\"name\":\"Productos\",\"item\":\"https:\/\/compuviper.mx\/tienda\/productos\/\"},{\"@type\":\"ListItem\",\"position\":3,\"name\":\"Soportes Y Bases P\/tv\/ Proyectores\/dvd\/consolas\/bocinas\/pantallas\/monotores\",\"item\":\"https:\/\/compuviper.mx\/tienda\/categoria-producto\/soportes-y-bases-p-tv-proyectores-dvd-consolas-bocinas-pantallas-monotores\/\"},{\"@type\":\"ListItem\",\"position\":4,\"name\":\"Soporte Y Base Para Tv\/pantallas\/monitores\/kiosko\",\"item\":\"https:\/\/compuviper.mx\/tienda\/categoria-producto\/soportes-y-bases-p-tv-proyectores-dvd-consolas-bocinas-pantallas-monotores\/soporte-y-base-para-tv-pantallas-monitores-kiosko\/\"},{\"@type\":\"ListItem\",\"position\":5,\"name\":\"Manhattan 461221 Soporte Tv,,, P\/pared 80kg, 60 A 100 Articulado\"}]},{\"@type\":\"WebSite\",\"@id\":\"https:\/\/compuviper.mx\/tienda\/#website\",\"url\":\"https:\/\/compuviper.mx\/tienda\/\",\"name\":\"Compuviper\",\"description\":\"Proveedor de Computadoras, Laptops, Servidores, Monitores, Puntos de Venta, Teclados,   Impresoras, T\u00f3ner, C\u00e1maras de Seguridad y m\u00e1s en tu tienda en l\u00ednea\",\"publisher\":{\"@id\":\"https:\/\/compuviper.mx\/tienda\/#organization\"},\"potentialAction\":[{\"@type\":\"SearchAction\",\"target\":{\"@type\":\"EntryPoint\",\"urlTemplate\":\"https:\/\/compuviper.mx\/tienda\/?s={search_term_string}\"},\"query-input\":\"required name=search_term_string\"}],\"inLanguage\":\"es-MX\"},{\"@type\":\"Organization\",\"@id\":\"https:\/\/compuviper.mx\/tienda\/#organization\",\"name\":\"Compuviper\",\"url\":\"https:\/\/compuviper.mx\/tienda\/\",\"logo\":{\"@type\":\"ImageObject\",\"inLanguage\":\"es-MX\",\"@id\":\"https:\/\/compuviper.mx\/tienda\/#\/schema\/logo\/image\/\",\"url\":\"https:\/\/compuviper.mx\/tienda\/wp-content\/uploads\/2021\/08\/Logo-Compuviper-10.png\",\"contentUrl\":\"https:\/\/compuviper.mx\/tienda\/wp-content\/uploads\/2021\/08\/Logo-Compuviper-10.png\",\"width\":1000,\"height\":500,\"caption\":\"Compuviper\"},\"image\":{\"@id\":\"https:\/\/compuviper.mx\/tienda\/#\/schema\/logo\/image\/\"},\"sameAs\":[\"https:\/\/www.facebook.com\/compuviper\",\"https:\/\/www.youtube.com\/channel\/UCf73dERp9Y3cfOq7q8BhLjA?view_as=subscriber\"]}]}<\/script>\n<meta property=\"product:brand\" content=\"MANHATTAN\" \/>\n<meta property=\"product:price:amount\" content=\"2675\" \/>\n<meta property=\"product:price:currency\" content=\"MXN\" \/>\n<meta property=\"og:availability\" content=\"instock\" \/>\n<meta property=\"product:availability\" content=\"instock\" \/>\n<meta property=\"product:retailer_item_id\" content=\"461221\" \/>\n<meta property=\"product:condition\" content=\"new\" \/>\n<!-- \/ Yoast SEO plugin. -->","yoast_head_json":{"title":"[ Manhattan ] &#129351; 461221 Soporte Tv,,, P\/pared 80kg, 60 A 100 Articulado","description":"Compra 461221 Soporte Tv,,, P\/pared 80kg, 60 A 100 Articulado + Env\u00edo a domicilio + Pago seguro + Garant\u00eda","robots":{"index":"index","follow":"follow","max-snippet":"max-snippet:-1","max-image-preview":"max-image-preview:large","max-video-preview":"max-video-preview:-1"},"canonical":"https:\/\/compuviper.mx\/tienda\/producto\/manhattan-461221-soporte-tv-p-pared-80kg-60-a-100-articulado\/","og_locale":"es_MX","og_type":"article","og_title":"[ Manhattan ] &#129351; 461221 Soporte Tv,,, P\/pared 80kg, 60 A 100 Articulado","og_description":"Compra 461221 Soporte Tv,,, P\/pared 80kg, 60 A 100 Articulado + Env\u00edo a domicilio + Pago seguro + Garant\u00eda","og_url":"https:\/\/compuviper.mx\/tienda\/producto\/manhattan-461221-soporte-tv-p-pared-80kg-60-a-100-articulado\/","og_site_name":"Compuviper","article_publisher":"https:\/\/www.facebook.com\/compuviper","og_image":[{"width":200,"height":200,"url":"https:\/\/compuviper.mx\/tienda\/wp-content\/uploads\/2023\/12\/Soporte-tvmanhattan461221-ppared-80kg-60-a-100-articulado.jpg","type":"image\/jpeg"}],"twitter_card":"summary_large_image","twitter_misc":{"Precio":"&#36;2,675 con IVA","Availability":"In stock"},"schema":{"@context":"https:\/\/schema.org","@graph":[{"@type":"WebPage","@id":"https:\/\/compuviper.mx\/tienda\/producto\/manhattan-461221-soporte-tv-p-pared-80kg-60-a-100-articulado\/","url":"https:\/\/compuviper.mx\/tienda\/producto\/manhattan-461221-soporte-tv-p-pared-80kg-60-a-100-articulado\/","name":"[ Manhattan ] &#129351; 461221 Soporte Tv,,, P\/pared 80kg, 60 A 100 Articulado","isPartOf":{"@id":"https:\/\/compuviper.mx\/tienda\/#website"},"datePublished":"2026-04-11T05:25:13+00:00","dateModified":"2026-04-11T05:25:13+00:00","description":"Compra 461221 Soporte Tv,,, P\/pared 80kg, 60 A 100 Articulado + Env\u00edo a domicilio + Pago seguro + Garant\u00eda","breadcrumb":{"@id":"https:\/\/compuviper.mx\/tienda\/producto\/manhattan-461221-soporte-tv-p-pared-80kg-60-a-100-articulado\/#breadcrumb"},"inLanguage":"es-MX","potentialAction":[{"@type":"ReadAction","target":["https:\/\/compuviper.mx\/tienda\/producto\/manhattan-461221-soporte-tv-p-pared-80kg-60-a-100-articulado\/"]}]},{"@type":"BreadcrumbList","@id":"https:\/\/compuviper.mx\/tienda\/producto\/manhattan-461221-soporte-tv-p-pared-80kg-60-a-100-articulado\/#breadcrumb","itemListElement":[{"@type":"ListItem","position":1,"name":"Inicio","item":"https:\/\/compuviper.mx\/tienda\/"},{"@type":"ListItem","position":2,"name":"Productos","item":"https:\/\/compuviper.mx\/tienda\/productos\/"},{"@type":"ListItem","position":3,"name":"Soportes Y Bases P\/tv\/ Proyectores\/dvd\/consolas\/bocinas\/pantallas\/monotores","item":"https:\/\/compuviper.mx\/tienda\/categoria-producto\/soportes-y-bases-p-tv-proyectores-dvd-consolas-bocinas-pantallas-monotores\/"},{"@type":"ListItem","position":4,"name":"Soporte Y Base Para Tv\/pantallas\/monitores\/kiosko","item":"https:\/\/compuviper.mx\/tienda\/categoria-producto\/soportes-y-bases-p-tv-proyectores-dvd-consolas-bocinas-pantallas-monotores\/soporte-y-base-para-tv-pantallas-monitores-kiosko\/"},{"@type":"ListItem","position":5,"name":"Manhattan 461221 Soporte Tv,,, P\/pared 80kg, 60 A 100 Articulado"}]},{"@type":"WebSite","@id":"https:\/\/compuviper.mx\/tienda\/#website","url":"https:\/\/compuviper.mx\/tienda\/","name":"Compuviper","description":"Proveedor de Computadoras, Laptops, Servidores, Monitores, Puntos de Venta, Teclados,   Impresoras, T\u00f3ner, C\u00e1maras de Seguridad y m\u00e1s en tu tienda en l\u00ednea","publisher":{"@id":"https:\/\/compuviper.mx\/tienda\/#organization"},"potentialAction":[{"@type":"SearchAction","target":{"@type":"EntryPoint","urlTemplate":"https:\/\/compuviper.mx\/tienda\/?s={search_term_string}"},"query-input":"required name=search_term_string"}],"inLanguage":"es-MX"},{"@type":"Organization","@id":"https:\/\/compuviper.mx\/tienda\/#organization","name":"Compuviper","url":"https:\/\/compuviper.mx\/tienda\/","logo":{"@type":"ImageObject","inLanguage":"es-MX","@id":"https:\/\/compuviper.mx\/tienda\/#\/schema\/logo\/image\/","url":"https:\/\/compuviper.mx\/tienda\/wp-content\/uploads\/2021\/08\/Logo-Compuviper-10.png","contentUrl":"https:\/\/compuviper.mx\/tienda\/wp-content\/uploads\/2021\/08\/Logo-Compuviper-10.png","width":1000,"height":500,"caption":"Compuviper"},"image":{"@id":"https:\/\/compuviper.mx\/tienda\/#\/schema\/logo\/image\/"},"sameAs":["https:\/\/www.facebook.com\/compuviper","https:\/\/www.youtube.com\/channel\/UCf73dERp9Y3cfOq7q8BhLjA?view_as=subscriber"]}]},"product_brand":"MANHATTAN","product_price_amount":"2675","product_price_currency":"MXN","og_availability":"instock","product_availability":"instock","product_retailer_item_id":"461221","product_condition":"new"},"_links":{"self":[{"href":"https:\/\/compuviper.mx\/tienda\/wp-json\/wp\/v2\/product\/211407"}],"collection":[{"href":"https:\/\/compuviper.mx\/tienda\/wp-json\/wp\/v2\/product"}],"about":[{"href":"https:\/\/compuviper.mx\/tienda\/wp-json\/wp\/v2\/types\/product"}],"replies":[{"embeddable":true,"href":"https:\/\/compuviper.mx\/tienda\/wp-json\/wp\/v2\/comments?post=211407"}],"wp:featuredmedia":[{"embeddable":true,"href":"https:\/\/compuviper.mx\/tienda\/wp-json\/wp\/v2\/media\/211408"}],"wp:attachment":[{"href":"https:\/\/compuviper.mx\/tienda\/wp-json\/wp\/v2\/media?parent=211407"}],"wp:term":[{"taxonomy":"product_cat","embeddable":true,"href":"https:\/\/compuviper.mx\/tienda\/wp-json\/wp\/v2\/product_cat?post=211407"},{"taxonomy":"product_tag","embeddable":true,"href":"https:\/\/compuviper.mx\/tienda\/wp-json\/wp\/v2\/product_tag?post=211407"}],"curies":[{"name":"wp","href":"https:\/\/api.w.org\/{rel}","templated":true}]}}