{"id":211391,"date":"2026-04-20T23:27:15","date_gmt":"2026-04-21T05:27:15","guid":{"rendered":"https:\/\/compuviper.mx\/tienda\/producto\/tripp-lite-tlp606b-supresor-de-picos-protec-it-c-6-contactos-cable-1-83-m-6-pies-790-joules-led-de-diagnostico-gabinete-en-negro\/"},"modified":"2026-04-20T23:27:15","modified_gmt":"2026-04-21T05:27:15","slug":"tripp-lite-tlp606b-supresor-de-picos-protec-it-c-6-contactos-cable-1-83-m-6-pies-790-joules-led-de-diagnostico-gabinete-en-negro","status":"publish","type":"product","link":"https:\/\/compuviper.mx\/tienda\/producto\/tripp-lite-tlp606b-supresor-de-picos-protec-it-c-6-contactos-cable-1-83-m-6-pies-790-joules-led-de-diagnostico-gabinete-en-negro\/","title":{"rendered":"Tripp-lite Tlp606b Supresor De Picos Protec It   C\/ 6 Contactos, Cable 1.83 M 6 Pies, 790 Joules, Led De Diagnostico, Gabinete En Negro."},"content":{"rendered":"<table class=\"descripcion\">\n<tr>\n<td>Supresor de picos tripp-lite con 6 cont., cable de 1.83.05 m [6 pies], 790 joules, protect it! supresor de sobretensiones (en color negro) tlp606b<\/td>\n<\/tr>\n<tr>\n<td>\u0095 6 tomacorrientes<\/td>\n<\/tr>\n<tr>\n<td>\u0095 cable de 1.83 m [6 pies]<\/td>\n<\/tr>\n<tr>\n<td>\u0095 valor nominal de supresi\u00f3n de sobretensiones: 790 joules<\/td>\n<\/tr>\n<tr>\n<td>\u0095 filtrado de ruidos emi\/rfi<\/td>\n<\/tr>\n<tr>\n<td>\u0095 breaker restaurable de 15 amperes<\/td>\n<\/tr>\n<tr>\n<td>\u0095 led de protecci\u00f3n verde<\/td>\n<\/tr>\n<tr>\n<td>\u0095 incluye supresi\u00f3n de sobretensiones de l\u00ednea completa en modo normal (h-n) y modo com\u00fan (n-t\/h-t).<\/td>\n<\/tr>\n<tr>\n<td>\u0095 puede alojar 1 conector de transformador grande sin bloquear los dem\u00e1s tomacorrientes, 3 conectores de transformadores en total<\/td>\n<\/tr>\n<tr>\n<td>\u0095 soporte perforado para el instalaci\u00f3n en la pared<\/td>\n<\/tr>\n<tr>\n<td>\u0095 switch de encendido iluminado.<\/td>\n<\/tr>\n<tr>\n<td>\u0095 $20,000 seguro m\u00e1ximo de por vida para los equipos conectados (ee. uu., canad\u00e1 y puerto rico \u00fanicamente)<\/td>\n<\/tr>\n<tr>\n<td>\u0095 el apagado autom\u00e1tico corta la alimentaci\u00f3n a los tomacorrientes cuando el circuito de protecci\u00f3n ha sido comprometido<\/td>\n<\/tr>\n<\/table>\n","protected":false},"excerpt":{"rendered":"<p>Tlp606b de tripp lite; ofrece econ\u00f3mica supresi\u00f3n de sobretensiones ca para proteger estaciones de trabajo, pcs de escritorio, sistemas de telecomunicaciones y otros aparatos electr\u00f3nicos delicados. La supresi\u00f3n de sobretensiones de ca incorporada, protege a los equipos de da\u00f1os y problemas de funcionamiento causados por las sobretensiones transientes. El tlp606b ofrece 6 tomacorrientes en total, cable de 1.83 m [6 pies] y led de diagn\u00f3stico para advertir sobre da\u00f1os en el supresor. Valor nominal de supresi\u00f3n ca de 790 joules protege a los equipos contra sobretensiones y ruido en la l\u00ednea. El atractivo gabinete negro del supresor con pesta\u00f1as de instalaci\u00f3n perforadas ofrece una protecci\u00f3n conveniente para equipos y accesorios de computadoras de escritorio. Seguro m\u00e1ximo, al equipo conectado, por toda la vida del producto de $20,000 (solo ee. Uu., puerto rico y canad\u00e1). Clavija\/tomacorrientes: entrada: nema5-15p \/ salida: 6 nema 5-15r \/ 1.83 m [6 pies] cable de alimentaci\u00f3n ca. El\u00e9ctrico: 120v ca, 60hz, 15a (requiere tomacorrientes de pared nema 5-15r. Formato: barra de contactos m\u00faltiples con cable con 1 tomacorrientes espaciado para conector de transformador. Supresi\u00f3n: ca: limitaci\u00f3n de 150v rms\/790 joules\/400v ul1449<\/p>\n","protected":false},"featured_media":211392,"comment_status":"open","ping_status":"open","template":"","meta":[],"product_cat":[1508,1509],"product_tag":[1510],"acf":[],"yoast_head":"<!-- This site is optimized with the Yoast SEO plugin v21.7 - https:\/\/yoast.com\/wordpress\/plugins\/seo\/ -->\n<title>[ Tripp-lite ] &#129351; Tlp606b Supresor De Picos Protec It C\/ 6 Contactos, Cable 1.83 M 6 Pies, 790 Joules, Led De Diagnostico, Gabinete En Negro.<\/title>\n<meta name=\"description\" content=\"Compra Tlp606b Supresor De Picos Protec It C\/ 6 Contactos, Cable 1.83 M 6 Pies, 790 Joules, Led De Diagnostico, Gabinete En Negro. + Env\u00edo a domicilio + Pago seguro + Garant\u00eda\" \/>\n<meta name=\"robots\" content=\"index, follow, max-snippet:-1, max-image-preview:large, max-video-preview:-1\" \/>\n<link rel=\"canonical\" href=\"https:\/\/compuviper.mx\/tienda\/producto\/tripp-lite-tlp606b-supresor-de-picos-protec-it-c-6-contactos-cable-1-83-m-6-pies-790-joules-led-de-diagnostico-gabinete-en-negro\/\" \/>\n<meta property=\"og:locale\" content=\"es_MX\" \/>\n<meta property=\"og:type\" content=\"article\" \/>\n<meta property=\"og:title\" content=\"[ Tripp-lite ] &#129351; Tlp606b Supresor De Picos Protec It C\/ 6 Contactos, Cable 1.83 M 6 Pies, 790 Joules, Led De Diagnostico, Gabinete En Negro.\" \/>\n<meta property=\"og:description\" content=\"Compra Tlp606b Supresor De Picos Protec It C\/ 6 Contactos, Cable 1.83 M 6 Pies, 790 Joules, Led De Diagnostico, Gabinete En Negro. + Env\u00edo a domicilio + Pago seguro + Garant\u00eda\" \/>\n<meta property=\"og:url\" content=\"https:\/\/compuviper.mx\/tienda\/producto\/tripp-lite-tlp606b-supresor-de-picos-protec-it-c-6-contactos-cable-1-83-m-6-pies-790-joules-led-de-diagnostico-gabinete-en-negro\/\" \/>\n<meta property=\"og:site_name\" content=\"Compuviper\" \/>\n<meta property=\"article:publisher\" content=\"https:\/\/www.facebook.com\/compuviper\" \/>\n<meta property=\"og:image\" content=\"https:\/\/compuviper.mx\/tienda\/wp-content\/uploads\/2023\/12\/Supresor-de-picos-protec-it-tripp-lite-tlp606b-c-6-contactos-cable-1.83-m-6-pies-790-joules-led-de-diagnostico-gabinete-en-negro.jpg\" \/>\n\t<meta property=\"og:image:width\" content=\"200\" \/>\n\t<meta property=\"og:image:height\" content=\"200\" \/>\n\t<meta property=\"og:image:type\" content=\"image\/jpeg\" \/>\n<meta name=\"twitter:card\" content=\"summary_large_image\" \/>\n<meta name=\"twitter:label1\" content=\"Precio\" \/>\n\t<meta name=\"twitter:data1\" content=\"&#36;303 con IVA\" \/>\n\t<meta name=\"twitter:label2\" content=\"Availability\" \/>\n\t<meta name=\"twitter:data2\" content=\"In stock\" \/>\n<script type=\"application\/ld+json\" class=\"yoast-schema-graph\">{\"@context\":\"https:\/\/schema.org\",\"@graph\":[{\"@type\":\"WebPage\",\"@id\":\"https:\/\/compuviper.mx\/tienda\/producto\/tripp-lite-tlp606b-supresor-de-picos-protec-it-c-6-contactos-cable-1-83-m-6-pies-790-joules-led-de-diagnostico-gabinete-en-negro\/\",\"url\":\"https:\/\/compuviper.mx\/tienda\/producto\/tripp-lite-tlp606b-supresor-de-picos-protec-it-c-6-contactos-cable-1-83-m-6-pies-790-joules-led-de-diagnostico-gabinete-en-negro\/\",\"name\":\"[ Tripp-lite ] &#129351; Tlp606b Supresor De Picos Protec It C\/ 6 Contactos, Cable 1.83 M 6 Pies, 790 Joules, Led De Diagnostico, Gabinete En Negro.\",\"isPartOf\":{\"@id\":\"https:\/\/compuviper.mx\/tienda\/#website\"},\"datePublished\":\"2026-04-21T05:27:15+00:00\",\"dateModified\":\"2026-04-21T05:27:15+00:00\",\"description\":\"Compra Tlp606b Supresor De Picos Protec It C\/ 6 Contactos, Cable 1.83 M 6 Pies, 790 Joules, Led De Diagnostico, Gabinete En Negro. + Env\u00edo a domicilio + Pago seguro + Garant\u00eda\",\"breadcrumb\":{\"@id\":\"https:\/\/compuviper.mx\/tienda\/producto\/tripp-lite-tlp606b-supresor-de-picos-protec-it-c-6-contactos-cable-1-83-m-6-pies-790-joules-led-de-diagnostico-gabinete-en-negro\/#breadcrumb\"},\"inLanguage\":\"es-MX\",\"potentialAction\":[{\"@type\":\"ReadAction\",\"target\":[\"https:\/\/compuviper.mx\/tienda\/producto\/tripp-lite-tlp606b-supresor-de-picos-protec-it-c-6-contactos-cable-1-83-m-6-pies-790-joules-led-de-diagnostico-gabinete-en-negro\/\"]}]},{\"@type\":\"BreadcrumbList\",\"@id\":\"https:\/\/compuviper.mx\/tienda\/producto\/tripp-lite-tlp606b-supresor-de-picos-protec-it-c-6-contactos-cable-1-83-m-6-pies-790-joules-led-de-diagnostico-gabinete-en-negro\/#breadcrumb\",\"itemListElement\":[{\"@type\":\"ListItem\",\"position\":1,\"name\":\"Inicio\",\"item\":\"https:\/\/compuviper.mx\/tienda\/\"},{\"@type\":\"ListItem\",\"position\":2,\"name\":\"Productos\",\"item\":\"https:\/\/compuviper.mx\/tienda\/productos\/\"},{\"@type\":\"ListItem\",\"position\":3,\"name\":\"Energia\",\"item\":\"https:\/\/compuviper.mx\/tienda\/categoria-producto\/energia\/\"},{\"@type\":\"ListItem\",\"position\":4,\"name\":\"Supresor De Picos\",\"item\":\"https:\/\/compuviper.mx\/tienda\/categoria-producto\/energia\/supresor-de-picos\/\"},{\"@type\":\"ListItem\",\"position\":5,\"name\":\"Tripp-lite Tlp606b Supresor De Picos Protec It C\/ 6 Contactos, Cable 1.83 M 6 Pies, 790 Joules, Led De Diagnostico, Gabinete En Negro.\"}]},{\"@type\":\"WebSite\",\"@id\":\"https:\/\/compuviper.mx\/tienda\/#website\",\"url\":\"https:\/\/compuviper.mx\/tienda\/\",\"name\":\"Compuviper\",\"description\":\"Proveedor de Computadoras, Laptops, Servidores, Monitores, Puntos de Venta, Teclados,   Impresoras, T\u00f3ner, C\u00e1maras de Seguridad y m\u00e1s en tu tienda en l\u00ednea\",\"publisher\":{\"@id\":\"https:\/\/compuviper.mx\/tienda\/#organization\"},\"potentialAction\":[{\"@type\":\"SearchAction\",\"target\":{\"@type\":\"EntryPoint\",\"urlTemplate\":\"https:\/\/compuviper.mx\/tienda\/?s={search_term_string}\"},\"query-input\":\"required name=search_term_string\"}],\"inLanguage\":\"es-MX\"},{\"@type\":\"Organization\",\"@id\":\"https:\/\/compuviper.mx\/tienda\/#organization\",\"name\":\"Compuviper\",\"url\":\"https:\/\/compuviper.mx\/tienda\/\",\"logo\":{\"@type\":\"ImageObject\",\"inLanguage\":\"es-MX\",\"@id\":\"https:\/\/compuviper.mx\/tienda\/#\/schema\/logo\/image\/\",\"url\":\"https:\/\/compuviper.mx\/tienda\/wp-content\/uploads\/2021\/08\/Logo-Compuviper-10.png\",\"contentUrl\":\"https:\/\/compuviper.mx\/tienda\/wp-content\/uploads\/2021\/08\/Logo-Compuviper-10.png\",\"width\":1000,\"height\":500,\"caption\":\"Compuviper\"},\"image\":{\"@id\":\"https:\/\/compuviper.mx\/tienda\/#\/schema\/logo\/image\/\"},\"sameAs\":[\"https:\/\/www.facebook.com\/compuviper\",\"https:\/\/www.youtube.com\/channel\/UCf73dERp9Y3cfOq7q8BhLjA?view_as=subscriber\"]}]}<\/script>\n<meta property=\"product:brand\" content=\"TRIPP-LITE\" \/>\n<meta property=\"product:price:amount\" content=\"303\" \/>\n<meta property=\"product:price:currency\" content=\"MXN\" \/>\n<meta property=\"og:availability\" content=\"instock\" \/>\n<meta property=\"product:availability\" content=\"instock\" \/>\n<meta property=\"product:retailer_item_id\" content=\"TLP606B\" \/>\n<meta property=\"product:condition\" content=\"new\" \/>\n<!-- \/ Yoast SEO plugin. -->","yoast_head_json":{"title":"[ Tripp-lite ] &#129351; Tlp606b Supresor De Picos Protec It C\/ 6 Contactos, Cable 1.83 M 6 Pies, 790 Joules, Led De Diagnostico, Gabinete En Negro.","description":"Compra Tlp606b Supresor De Picos Protec It C\/ 6 Contactos, Cable 1.83 M 6 Pies, 790 Joules, Led De Diagnostico, Gabinete En Negro. + Env\u00edo a domicilio + Pago seguro + Garant\u00eda","robots":{"index":"index","follow":"follow","max-snippet":"max-snippet:-1","max-image-preview":"max-image-preview:large","max-video-preview":"max-video-preview:-1"},"canonical":"https:\/\/compuviper.mx\/tienda\/producto\/tripp-lite-tlp606b-supresor-de-picos-protec-it-c-6-contactos-cable-1-83-m-6-pies-790-joules-led-de-diagnostico-gabinete-en-negro\/","og_locale":"es_MX","og_type":"article","og_title":"[ Tripp-lite ] &#129351; Tlp606b Supresor De Picos Protec It C\/ 6 Contactos, Cable 1.83 M 6 Pies, 790 Joules, Led De Diagnostico, Gabinete En Negro.","og_description":"Compra Tlp606b Supresor De Picos Protec It C\/ 6 Contactos, Cable 1.83 M 6 Pies, 790 Joules, Led De Diagnostico, Gabinete En Negro. + Env\u00edo a domicilio + Pago seguro + Garant\u00eda","og_url":"https:\/\/compuviper.mx\/tienda\/producto\/tripp-lite-tlp606b-supresor-de-picos-protec-it-c-6-contactos-cable-1-83-m-6-pies-790-joules-led-de-diagnostico-gabinete-en-negro\/","og_site_name":"Compuviper","article_publisher":"https:\/\/www.facebook.com\/compuviper","og_image":[{"width":200,"height":200,"url":"https:\/\/compuviper.mx\/tienda\/wp-content\/uploads\/2023\/12\/Supresor-de-picos-protec-it-tripp-lite-tlp606b-c-6-contactos-cable-1.83-m-6-pies-790-joules-led-de-diagnostico-gabinete-en-negro.jpg","type":"image\/jpeg"}],"twitter_card":"summary_large_image","twitter_misc":{"Precio":"&#36;303 con IVA","Availability":"In stock"},"schema":{"@context":"https:\/\/schema.org","@graph":[{"@type":"WebPage","@id":"https:\/\/compuviper.mx\/tienda\/producto\/tripp-lite-tlp606b-supresor-de-picos-protec-it-c-6-contactos-cable-1-83-m-6-pies-790-joules-led-de-diagnostico-gabinete-en-negro\/","url":"https:\/\/compuviper.mx\/tienda\/producto\/tripp-lite-tlp606b-supresor-de-picos-protec-it-c-6-contactos-cable-1-83-m-6-pies-790-joules-led-de-diagnostico-gabinete-en-negro\/","name":"[ Tripp-lite ] &#129351; Tlp606b Supresor De Picos Protec It C\/ 6 Contactos, Cable 1.83 M 6 Pies, 790 Joules, Led De Diagnostico, Gabinete En Negro.","isPartOf":{"@id":"https:\/\/compuviper.mx\/tienda\/#website"},"datePublished":"2026-04-21T05:27:15+00:00","dateModified":"2026-04-21T05:27:15+00:00","description":"Compra Tlp606b Supresor De Picos Protec It C\/ 6 Contactos, Cable 1.83 M 6 Pies, 790 Joules, Led De Diagnostico, Gabinete En Negro. + Env\u00edo a domicilio + Pago seguro + Garant\u00eda","breadcrumb":{"@id":"https:\/\/compuviper.mx\/tienda\/producto\/tripp-lite-tlp606b-supresor-de-picos-protec-it-c-6-contactos-cable-1-83-m-6-pies-790-joules-led-de-diagnostico-gabinete-en-negro\/#breadcrumb"},"inLanguage":"es-MX","potentialAction":[{"@type":"ReadAction","target":["https:\/\/compuviper.mx\/tienda\/producto\/tripp-lite-tlp606b-supresor-de-picos-protec-it-c-6-contactos-cable-1-83-m-6-pies-790-joules-led-de-diagnostico-gabinete-en-negro\/"]}]},{"@type":"BreadcrumbList","@id":"https:\/\/compuviper.mx\/tienda\/producto\/tripp-lite-tlp606b-supresor-de-picos-protec-it-c-6-contactos-cable-1-83-m-6-pies-790-joules-led-de-diagnostico-gabinete-en-negro\/#breadcrumb","itemListElement":[{"@type":"ListItem","position":1,"name":"Inicio","item":"https:\/\/compuviper.mx\/tienda\/"},{"@type":"ListItem","position":2,"name":"Productos","item":"https:\/\/compuviper.mx\/tienda\/productos\/"},{"@type":"ListItem","position":3,"name":"Energia","item":"https:\/\/compuviper.mx\/tienda\/categoria-producto\/energia\/"},{"@type":"ListItem","position":4,"name":"Supresor De Picos","item":"https:\/\/compuviper.mx\/tienda\/categoria-producto\/energia\/supresor-de-picos\/"},{"@type":"ListItem","position":5,"name":"Tripp-lite Tlp606b Supresor De Picos Protec It C\/ 6 Contactos, Cable 1.83 M 6 Pies, 790 Joules, Led De Diagnostico, Gabinete En Negro."}]},{"@type":"WebSite","@id":"https:\/\/compuviper.mx\/tienda\/#website","url":"https:\/\/compuviper.mx\/tienda\/","name":"Compuviper","description":"Proveedor de Computadoras, Laptops, Servidores, Monitores, Puntos de Venta, Teclados,   Impresoras, T\u00f3ner, C\u00e1maras de Seguridad y m\u00e1s en tu tienda en l\u00ednea","publisher":{"@id":"https:\/\/compuviper.mx\/tienda\/#organization"},"potentialAction":[{"@type":"SearchAction","target":{"@type":"EntryPoint","urlTemplate":"https:\/\/compuviper.mx\/tienda\/?s={search_term_string}"},"query-input":"required name=search_term_string"}],"inLanguage":"es-MX"},{"@type":"Organization","@id":"https:\/\/compuviper.mx\/tienda\/#organization","name":"Compuviper","url":"https:\/\/compuviper.mx\/tienda\/","logo":{"@type":"ImageObject","inLanguage":"es-MX","@id":"https:\/\/compuviper.mx\/tienda\/#\/schema\/logo\/image\/","url":"https:\/\/compuviper.mx\/tienda\/wp-content\/uploads\/2021\/08\/Logo-Compuviper-10.png","contentUrl":"https:\/\/compuviper.mx\/tienda\/wp-content\/uploads\/2021\/08\/Logo-Compuviper-10.png","width":1000,"height":500,"caption":"Compuviper"},"image":{"@id":"https:\/\/compuviper.mx\/tienda\/#\/schema\/logo\/image\/"},"sameAs":["https:\/\/www.facebook.com\/compuviper","https:\/\/www.youtube.com\/channel\/UCf73dERp9Y3cfOq7q8BhLjA?view_as=subscriber"]}]},"product_brand":"TRIPP-LITE","product_price_amount":"303","product_price_currency":"MXN","og_availability":"instock","product_availability":"instock","product_retailer_item_id":"TLP606B","product_condition":"new"},"_links":{"self":[{"href":"https:\/\/compuviper.mx\/tienda\/wp-json\/wp\/v2\/product\/211391"}],"collection":[{"href":"https:\/\/compuviper.mx\/tienda\/wp-json\/wp\/v2\/product"}],"about":[{"href":"https:\/\/compuviper.mx\/tienda\/wp-json\/wp\/v2\/types\/product"}],"replies":[{"embeddable":true,"href":"https:\/\/compuviper.mx\/tienda\/wp-json\/wp\/v2\/comments?post=211391"}],"wp:featuredmedia":[{"embeddable":true,"href":"https:\/\/compuviper.mx\/tienda\/wp-json\/wp\/v2\/media\/211392"}],"wp:attachment":[{"href":"https:\/\/compuviper.mx\/tienda\/wp-json\/wp\/v2\/media?parent=211391"}],"wp:term":[{"taxonomy":"product_cat","embeddable":true,"href":"https:\/\/compuviper.mx\/tienda\/wp-json\/wp\/v2\/product_cat?post=211391"},{"taxonomy":"product_tag","embeddable":true,"href":"https:\/\/compuviper.mx\/tienda\/wp-json\/wp\/v2\/product_tag?post=211391"}],"curies":[{"name":"wp","href":"https:\/\/api.w.org\/{rel}","templated":true}]}}