{"id":211377,"date":"2026-04-01T23:28:24","date_gmt":"2026-04-02T05:28:24","guid":{"rendered":"https:\/\/compuviper.mx\/tienda\/producto\/manhattan-207386-extensor-video-hdmi-30m-via-cat-5-6\/"},"modified":"2026-04-01T23:28:25","modified_gmt":"2026-04-02T05:28:25","slug":"manhattan-207386-extensor-video-hdmi-30m-via-cat-5-6","status":"publish","type":"product","link":"https:\/\/compuviper.mx\/tienda\/producto\/manhattan-207386-extensor-video-hdmi-30m-via-cat-5-6\/","title":{"rendered":"Manhattan 207386 Extensor Video,,, Hdmi, 30m Via Cat 5\/6"},"content":{"rendered":"<table class=\"descripcion\">\n<tr>\n<td>*est\u00e1ndares y certificaciones:<\/td>\n<\/tr>\n<tr>\n<td>Hdmi 1.2a<\/td>\n<\/tr>\n<tr>\n<td>Hdcp 1.0 \/ 1.1<\/td>\n<\/tr>\n<tr>\n<td>Dvi 1.0<\/td>\n<\/tr>\n<tr>\n<td>Ce<\/td>\n<\/tr>\n<tr>\n<td>Fcc<\/td>\n<\/tr>\n<tr>\n<td>Rohs2<\/td>\n<\/tr>\n<tr>\n<td>Ieee-568b<\/td>\n<\/tr>\n<tr>\n<td>*general<\/td>\n<\/tr>\n<tr>\n<td>1080p a trav\u00e9s de cable cat6 a 30m<\/td>\n<\/tr>\n<tr>\n<td>*conectores<\/td>\n<\/tr>\n<tr>\n<td>1 macho hdmi (entrada\/salida)<\/td>\n<\/tr>\n<tr>\n<td>2 rj45 hembra (salida\/entrada)<\/td>\n<\/tr>\n<tr>\n<td>*entrada\/ salida de se\u00f1al<\/td>\n<\/tr>\n<tr>\n<td>Se\u00f1al de entrada de v\u00eddeo: 0.5 \u0096 1.0 v p-p<\/td>\n<\/tr>\n<tr>\n<td>Se\u00f1al de entrada ddc: 5 v p-p (ttl)<\/td>\n<\/tr>\n<tr>\n<td>Rango m\u00e1ximo del enlace sencillo: 1920 x 1200, 1080p<\/td>\n<\/tr>\n<tr>\n<td>Salida de v\u00eddeo: hdmi 1.2a, hdcp 1.0 \/ 1.1, dvi 1.0<\/td>\n<\/tr>\n<tr>\n<td>Frecuencia: 1.65 gbps \/ 165 mhz<\/td>\n<\/tr>\n<tr>\n<td>*resoluciones de v\u00eddeo<\/td>\n<\/tr>\n<tr>\n<td>Dtv\/hdtv: 480i\/480p\/576i\/576p\/720p\/1080i\/1080p<\/td>\n<\/tr>\n<tr>\n<td>*dise\u00f1o<\/td>\n<\/tr>\n<tr>\n<td>Dimensiones: 55 x 36 x 22 mm<\/td>\n<\/tr>\n<tr>\n<td>Peso: 108g<\/td>\n<\/tr>\n<tr>\n<td>*contenido del paquete:<\/td>\n<\/tr>\n<tr>\n<td>Extensor hdmi (m\u00f3dulos transmisor y receptor)<\/td>\n<\/tr>\n<tr>\n<td>Instrucciones<\/td>\n<\/tr>\n<\/table>\n","protected":false},"excerpt":{"rendered":"<p>*el cable cat5e\/cat6 sustituye al cable hdmi para lograr una transmisi\u00f3n a larga distancia. *brinda una se\u00f1al nitida y clara desde un playstation, xbox y reproductor blu-ray, decodificar, receptor satelital. *soporta sonido lpcm, dts@, sonido master dts-hd y dolby truehd. *resoluci\u00f3n 1080p, 3d, color profundo. *soporta anchos de banda de amplificadores de v\u00eddeo de hasta 1.65 gbps para monitores 1080p. *soporta video 3d y color profundo de 8 bits (24 bits en total. *compatible con hdcp. *cumple por completo con hdcp para proteger las transmisiones de contenidos de alta definici\u00f3n y asegurar su recepci\u00f3n. *cable hdmi integrado. *contactos con ba\u00f1o de oro. *contactos en chapa de oro para conexiones libres de corrosi\u00f3n. *plug and play. *f\u00e1cil de instalar &#8211; no requiere configuraci\u00f3n. Extiende f\u00e1cilmente una se\u00f1al de alta definici\u00f3n utilizando cables cat5e o cat6. El extensor hdmi cat5e\/cat6 de manhattan, alarga las transmisiones hdmi desde un playstation, xbox o reproductor blu-ray, receptores satelitales, grabadores digitales, decodificadores u otras fuentes de v\u00eddeo hdmi utilizando cables cat5e o cat6. Soluci\u00f3n flexible para muchas aplicaciones a\/v. Ideal para ferias comerciales, salones de clase, cine en casa, salones de conferencia, oficinas y aplicaciones en retail, el extensor hdmi cat5e\/cat6 de manhattan incrementa y extiende la se\u00f1al de 1080p hasta a 30 m, para una colocaci\u00f3n como de una pantalla o proyector. Menos caro, m\u00e1s f\u00e1cil de instalar y de f\u00e1cil acceso, los cables de par trenzado cat5e\/cat6 cuando se combinan con el extensor hdmi cat5e\/cat6 de manhattan ayuda a brindar una protecci\u00f3n adicional de interferencia externa en distancias m\u00e1s largas y longitudes personalizadas sin degradaci\u00f3n de se\u00f1al. Fabricaci\u00f3n de calidad y f\u00e1cil instalaci\u00f3n. Hdcp completamente compatible con hdmi 1.2a, hdcp 1.0, 1.1 y dvi 1.0, que asegura que el extensor hdmi cat5e\/cat6 de manhattan brinde un servicio rentable en muchas instalaciones. Conecta r\u00e1pidamente cables cat5e o cat6 (no incluidos) y la toma de corriente sin necesidad de configurar software o hardware, o complicadas configuraciones para completar una aplicaci\u00f3n hdmi accesible.<\/p>\n","protected":false},"featured_media":211378,"comment_status":"open","ping_status":"open","template":"","meta":[],"product_cat":[1485,1506],"product_tag":[1487],"acf":[],"yoast_head":"<!-- This site is optimized with the Yoast SEO plugin v21.7 - https:\/\/yoast.com\/wordpress\/plugins\/seo\/ -->\n<title>[ Manhattan ] &#129351; 207386 Extensor Video,,, Hdmi, 30m Via Cat 5\/6<\/title>\n<meta name=\"description\" content=\"Compra 207386 Extensor Video,,, Hdmi, 30m Via Cat 5\/6 + Env\u00edo a domicilio + Pago seguro + Garant\u00eda\" \/>\n<meta name=\"robots\" content=\"index, follow, max-snippet:-1, max-image-preview:large, max-video-preview:-1\" \/>\n<link rel=\"canonical\" href=\"https:\/\/compuviper.mx\/tienda\/producto\/manhattan-207386-extensor-video-hdmi-30m-via-cat-5-6\/\" \/>\n<meta property=\"og:locale\" content=\"es_MX\" \/>\n<meta property=\"og:type\" content=\"article\" \/>\n<meta property=\"og:title\" content=\"[ Manhattan ] &#129351; 207386 Extensor Video,,, Hdmi, 30m Via Cat 5\/6\" \/>\n<meta property=\"og:description\" content=\"Compra 207386 Extensor Video,,, Hdmi, 30m Via Cat 5\/6 + Env\u00edo a domicilio + Pago seguro + Garant\u00eda\" \/>\n<meta property=\"og:url\" content=\"https:\/\/compuviper.mx\/tienda\/producto\/manhattan-207386-extensor-video-hdmi-30m-via-cat-5-6\/\" \/>\n<meta property=\"og:site_name\" content=\"Compuviper\" \/>\n<meta property=\"article:publisher\" content=\"https:\/\/www.facebook.com\/compuviper\" \/>\n<meta property=\"article:modified_time\" content=\"2026-04-02T05:28:25+00:00\" \/>\n<meta property=\"og:image\" content=\"https:\/\/compuviper.mx\/tienda\/wp-content\/uploads\/2023\/12\/Extensor-videomanhattan207386-hdmi-30m-via-cat-56.jpg\" \/>\n\t<meta property=\"og:image:width\" content=\"200\" \/>\n\t<meta property=\"og:image:height\" content=\"200\" \/>\n\t<meta property=\"og:image:type\" content=\"image\/jpeg\" \/>\n<meta name=\"twitter:card\" content=\"summary_large_image\" \/>\n<meta name=\"twitter:label1\" content=\"Precio\" \/>\n\t<meta name=\"twitter:data1\" content=\"&#36;927 con IVA\" \/>\n\t<meta name=\"twitter:label2\" content=\"Availability\" \/>\n\t<meta name=\"twitter:data2\" content=\"Out of stock\" \/>\n<script type=\"application\/ld+json\" class=\"yoast-schema-graph\">{\"@context\":\"https:\/\/schema.org\",\"@graph\":[{\"@type\":\"WebPage\",\"@id\":\"https:\/\/compuviper.mx\/tienda\/producto\/manhattan-207386-extensor-video-hdmi-30m-via-cat-5-6\/\",\"url\":\"https:\/\/compuviper.mx\/tienda\/producto\/manhattan-207386-extensor-video-hdmi-30m-via-cat-5-6\/\",\"name\":\"[ Manhattan ] &#129351; 207386 Extensor Video,,, Hdmi, 30m Via Cat 5\/6\",\"isPartOf\":{\"@id\":\"https:\/\/compuviper.mx\/tienda\/#website\"},\"datePublished\":\"2026-04-02T05:28:24+00:00\",\"dateModified\":\"2026-04-02T05:28:25+00:00\",\"description\":\"Compra 207386 Extensor Video,,, Hdmi, 30m Via Cat 5\/6 + Env\u00edo a domicilio + Pago seguro + Garant\u00eda\",\"breadcrumb\":{\"@id\":\"https:\/\/compuviper.mx\/tienda\/producto\/manhattan-207386-extensor-video-hdmi-30m-via-cat-5-6\/#breadcrumb\"},\"inLanguage\":\"es-MX\",\"potentialAction\":[{\"@type\":\"ReadAction\",\"target\":[\"https:\/\/compuviper.mx\/tienda\/producto\/manhattan-207386-extensor-video-hdmi-30m-via-cat-5-6\/\"]}]},{\"@type\":\"BreadcrumbList\",\"@id\":\"https:\/\/compuviper.mx\/tienda\/producto\/manhattan-207386-extensor-video-hdmi-30m-via-cat-5-6\/#breadcrumb\",\"itemListElement\":[{\"@type\":\"ListItem\",\"position\":1,\"name\":\"Inicio\",\"item\":\"https:\/\/compuviper.mx\/tienda\/\"},{\"@type\":\"ListItem\",\"position\":2,\"name\":\"Productos\",\"item\":\"https:\/\/compuviper.mx\/tienda\/productos\/\"},{\"@type\":\"ListItem\",\"position\":3,\"name\":\"Accesorios\",\"item\":\"https:\/\/compuviper.mx\/tienda\/categoria-producto\/accesorios\/\"},{\"@type\":\"ListItem\",\"position\":4,\"name\":\"Conectividad\",\"item\":\"https:\/\/compuviper.mx\/tienda\/categoria-producto\/accesorios\/conectividad\/\"},{\"@type\":\"ListItem\",\"position\":5,\"name\":\"Manhattan 207386 Extensor Video,,, Hdmi, 30m Via Cat 5\/6\"}]},{\"@type\":\"WebSite\",\"@id\":\"https:\/\/compuviper.mx\/tienda\/#website\",\"url\":\"https:\/\/compuviper.mx\/tienda\/\",\"name\":\"Compuviper\",\"description\":\"Proveedor de Computadoras, Laptops, Servidores, Monitores, Puntos de Venta, Teclados,   Impresoras, T\u00f3ner, C\u00e1maras de Seguridad y m\u00e1s en tu tienda en l\u00ednea\",\"publisher\":{\"@id\":\"https:\/\/compuviper.mx\/tienda\/#organization\"},\"potentialAction\":[{\"@type\":\"SearchAction\",\"target\":{\"@type\":\"EntryPoint\",\"urlTemplate\":\"https:\/\/compuviper.mx\/tienda\/?s={search_term_string}\"},\"query-input\":\"required name=search_term_string\"}],\"inLanguage\":\"es-MX\"},{\"@type\":\"Organization\",\"@id\":\"https:\/\/compuviper.mx\/tienda\/#organization\",\"name\":\"Compuviper\",\"url\":\"https:\/\/compuviper.mx\/tienda\/\",\"logo\":{\"@type\":\"ImageObject\",\"inLanguage\":\"es-MX\",\"@id\":\"https:\/\/compuviper.mx\/tienda\/#\/schema\/logo\/image\/\",\"url\":\"https:\/\/compuviper.mx\/tienda\/wp-content\/uploads\/2021\/08\/Logo-Compuviper-10.png\",\"contentUrl\":\"https:\/\/compuviper.mx\/tienda\/wp-content\/uploads\/2021\/08\/Logo-Compuviper-10.png\",\"width\":1000,\"height\":500,\"caption\":\"Compuviper\"},\"image\":{\"@id\":\"https:\/\/compuviper.mx\/tienda\/#\/schema\/logo\/image\/\"},\"sameAs\":[\"https:\/\/www.facebook.com\/compuviper\",\"https:\/\/www.youtube.com\/channel\/UCf73dERp9Y3cfOq7q8BhLjA?view_as=subscriber\"]}]}<\/script>\n<meta property=\"product:brand\" content=\"MANHATTAN\" \/>\n<meta property=\"product:price:amount\" content=\"927\" \/>\n<meta property=\"product:price:currency\" content=\"MXN\" \/>\n<meta property=\"og:availability\" content=\"out of stock\" \/>\n<meta property=\"product:availability\" content=\"out of stock\" \/>\n<meta property=\"product:retailer_item_id\" content=\"207386\" \/>\n<meta property=\"product:condition\" content=\"new\" \/>\n<!-- \/ Yoast SEO plugin. -->","yoast_head_json":{"title":"[ Manhattan ] &#129351; 207386 Extensor Video,,, Hdmi, 30m Via Cat 5\/6","description":"Compra 207386 Extensor Video,,, Hdmi, 30m Via Cat 5\/6 + Env\u00edo a domicilio + Pago seguro + Garant\u00eda","robots":{"index":"index","follow":"follow","max-snippet":"max-snippet:-1","max-image-preview":"max-image-preview:large","max-video-preview":"max-video-preview:-1"},"canonical":"https:\/\/compuviper.mx\/tienda\/producto\/manhattan-207386-extensor-video-hdmi-30m-via-cat-5-6\/","og_locale":"es_MX","og_type":"article","og_title":"[ Manhattan ] &#129351; 207386 Extensor Video,,, Hdmi, 30m Via Cat 5\/6","og_description":"Compra 207386 Extensor Video,,, Hdmi, 30m Via Cat 5\/6 + Env\u00edo a domicilio + Pago seguro + Garant\u00eda","og_url":"https:\/\/compuviper.mx\/tienda\/producto\/manhattan-207386-extensor-video-hdmi-30m-via-cat-5-6\/","og_site_name":"Compuviper","article_publisher":"https:\/\/www.facebook.com\/compuviper","article_modified_time":"2026-04-02T05:28:25+00:00","og_image":[{"width":200,"height":200,"url":"https:\/\/compuviper.mx\/tienda\/wp-content\/uploads\/2023\/12\/Extensor-videomanhattan207386-hdmi-30m-via-cat-56.jpg","type":"image\/jpeg"}],"twitter_card":"summary_large_image","twitter_misc":{"Precio":"&#36;927 con IVA","Availability":"Out of stock"},"schema":{"@context":"https:\/\/schema.org","@graph":[{"@type":"WebPage","@id":"https:\/\/compuviper.mx\/tienda\/producto\/manhattan-207386-extensor-video-hdmi-30m-via-cat-5-6\/","url":"https:\/\/compuviper.mx\/tienda\/producto\/manhattan-207386-extensor-video-hdmi-30m-via-cat-5-6\/","name":"[ Manhattan ] &#129351; 207386 Extensor Video,,, Hdmi, 30m Via Cat 5\/6","isPartOf":{"@id":"https:\/\/compuviper.mx\/tienda\/#website"},"datePublished":"2026-04-02T05:28:24+00:00","dateModified":"2026-04-02T05:28:25+00:00","description":"Compra 207386 Extensor Video,,, Hdmi, 30m Via Cat 5\/6 + Env\u00edo a domicilio + Pago seguro + Garant\u00eda","breadcrumb":{"@id":"https:\/\/compuviper.mx\/tienda\/producto\/manhattan-207386-extensor-video-hdmi-30m-via-cat-5-6\/#breadcrumb"},"inLanguage":"es-MX","potentialAction":[{"@type":"ReadAction","target":["https:\/\/compuviper.mx\/tienda\/producto\/manhattan-207386-extensor-video-hdmi-30m-via-cat-5-6\/"]}]},{"@type":"BreadcrumbList","@id":"https:\/\/compuviper.mx\/tienda\/producto\/manhattan-207386-extensor-video-hdmi-30m-via-cat-5-6\/#breadcrumb","itemListElement":[{"@type":"ListItem","position":1,"name":"Inicio","item":"https:\/\/compuviper.mx\/tienda\/"},{"@type":"ListItem","position":2,"name":"Productos","item":"https:\/\/compuviper.mx\/tienda\/productos\/"},{"@type":"ListItem","position":3,"name":"Accesorios","item":"https:\/\/compuviper.mx\/tienda\/categoria-producto\/accesorios\/"},{"@type":"ListItem","position":4,"name":"Conectividad","item":"https:\/\/compuviper.mx\/tienda\/categoria-producto\/accesorios\/conectividad\/"},{"@type":"ListItem","position":5,"name":"Manhattan 207386 Extensor Video,,, Hdmi, 30m Via Cat 5\/6"}]},{"@type":"WebSite","@id":"https:\/\/compuviper.mx\/tienda\/#website","url":"https:\/\/compuviper.mx\/tienda\/","name":"Compuviper","description":"Proveedor de Computadoras, Laptops, Servidores, Monitores, Puntos de Venta, Teclados,   Impresoras, T\u00f3ner, C\u00e1maras de Seguridad y m\u00e1s en tu tienda en l\u00ednea","publisher":{"@id":"https:\/\/compuviper.mx\/tienda\/#organization"},"potentialAction":[{"@type":"SearchAction","target":{"@type":"EntryPoint","urlTemplate":"https:\/\/compuviper.mx\/tienda\/?s={search_term_string}"},"query-input":"required name=search_term_string"}],"inLanguage":"es-MX"},{"@type":"Organization","@id":"https:\/\/compuviper.mx\/tienda\/#organization","name":"Compuviper","url":"https:\/\/compuviper.mx\/tienda\/","logo":{"@type":"ImageObject","inLanguage":"es-MX","@id":"https:\/\/compuviper.mx\/tienda\/#\/schema\/logo\/image\/","url":"https:\/\/compuviper.mx\/tienda\/wp-content\/uploads\/2021\/08\/Logo-Compuviper-10.png","contentUrl":"https:\/\/compuviper.mx\/tienda\/wp-content\/uploads\/2021\/08\/Logo-Compuviper-10.png","width":1000,"height":500,"caption":"Compuviper"},"image":{"@id":"https:\/\/compuviper.mx\/tienda\/#\/schema\/logo\/image\/"},"sameAs":["https:\/\/www.facebook.com\/compuviper","https:\/\/www.youtube.com\/channel\/UCf73dERp9Y3cfOq7q8BhLjA?view_as=subscriber"]}]},"product_brand":"MANHATTAN","product_price_amount":"927","product_price_currency":"MXN","og_availability":"out of stock","product_availability":"out of stock","product_retailer_item_id":"207386","product_condition":"new"},"_links":{"self":[{"href":"https:\/\/compuviper.mx\/tienda\/wp-json\/wp\/v2\/product\/211377"}],"collection":[{"href":"https:\/\/compuviper.mx\/tienda\/wp-json\/wp\/v2\/product"}],"about":[{"href":"https:\/\/compuviper.mx\/tienda\/wp-json\/wp\/v2\/types\/product"}],"replies":[{"embeddable":true,"href":"https:\/\/compuviper.mx\/tienda\/wp-json\/wp\/v2\/comments?post=211377"}],"wp:featuredmedia":[{"embeddable":true,"href":"https:\/\/compuviper.mx\/tienda\/wp-json\/wp\/v2\/media\/211378"}],"wp:attachment":[{"href":"https:\/\/compuviper.mx\/tienda\/wp-json\/wp\/v2\/media?parent=211377"}],"wp:term":[{"taxonomy":"product_cat","embeddable":true,"href":"https:\/\/compuviper.mx\/tienda\/wp-json\/wp\/v2\/product_cat?post=211377"},{"taxonomy":"product_tag","embeddable":true,"href":"https:\/\/compuviper.mx\/tienda\/wp-json\/wp\/v2\/product_tag?post=211377"}],"curies":[{"name":"wp","href":"https:\/\/api.w.org\/{rel}","templated":true}]}}