{"id":211341,"date":"2026-04-06T23:26:30","date_gmt":"2026-04-07T05:26:30","guid":{"rendered":"https:\/\/compuviper.mx\/tienda\/producto\/dahua-dhi-nkb1000-teclado-control-ptz-analoga-e-ip-dvr-nvr-pelco-d-p-pantalla-lcd-rs485-rs422-usb-rs232\/"},"modified":"2026-04-06T23:26:30","modified_gmt":"2026-04-07T05:26:30","slug":"dahua-dhi-nkb1000-teclado-control-ptz-analoga-e-ip-dvr-nvr-pelco-d-p-pantalla-lcd-rs485-rs422-usb-rs232","status":"publish","type":"product","link":"https:\/\/compuviper.mx\/tienda\/producto\/dahua-dhi-nkb1000-teclado-control-ptz-analoga-e-ip-dvr-nvr-pelco-d-p-pantalla-lcd-rs485-rs422-usb-rs232\/","title":{"rendered":"Dahua Dhi-nkb1000 Teclado  Control Ptz Analoga E Ip\/dvr\/nvr\/ Pelco D P\/ Pantalla Lcd\/ Rs485\/ Rs422\/ Usb\/ Rs232"},"content":{"rendered":"<table class=\"descripcion\">\n<tr>\n<td>Caracter\u00edsticas principales:<\/td>\n<\/tr>\n<tr>\n<td> teclado electromec\u00e1nico.<\/td>\n<\/tr>\n<tr>\n<td> conexi\u00f3n: rj-45, rs-232, rs422, usb y rs-485.<\/td>\n<\/tr>\n<tr>\n<td> comunicaci\u00f3n: modo directo (rs232\/rs485).<\/td>\n<\/tr>\n<tr>\n<td> comunicaci\u00f3n: modo red (direcci\u00f3n ip\/puerto\/protocolo).<\/td>\n<\/tr>\n<tr>\n<td> pantalla lcd, 75.2mm x 33.85mm.<\/td>\n<\/tr>\n<tr>\n<td> protocolos: dh-sd\/pelco-d\/pelco-p\/pelco-d1\/pelco-p1.<\/td>\n<\/tr>\n<tr>\n<td> direcci\u00f3n ip (s\u00f3lo equipos dahua).<\/td>\n<\/tr>\n<tr>\n<td> peso: 2.5kg.<\/td>\n<\/tr>\n<\/table>\n","protected":false},"excerpt":{"rendered":"<p>El teclado de control nkb es usado para operar dispositivos ptz, dvr, domo de alta velocidad, plataforma central de administraci\u00f3n, etc. Con el teclado es posible controlar las funciones de pan (movimientos horizontales), tilt (movimientos verticales), zoom (acercamientos y alejamientos), enfoque, etc. Adem\u00e1s, se pueden configurar y ejecutar funciones avanzadas como recorridos (tour) y secuencias de presets programados. Funciones principales.  Comunicaci\u00f3n de red, rs232, rs422, rs485 y usb.  Compatible con dvr, c\u00e1maras ptz (ip y an\u00e1logas).  Compatible con smart pss v\u00eda usb.  Botones de ejecuci\u00f3n de funciones. El teclado nkb a trav\u00e9s de la interfaz rs232\/rs485\/rs422 soporta diversos protocolos; dvr: dh1\/dh2 y domo: dh-sd\/pelco-d\/pelco-p\/pelco-d1\/pelco-p1. Soporta conexiones de red; dvr\/domo ip: ip direcci\u00f3n\/puerto \/protocolo. Cuenta con funciones auxiliares, men\u00fa en pantalla y consejos para el usuario del procedimiento de operaci\u00f3n.<\/p>\n","protected":false},"featured_media":211342,"comment_status":"open","ping_status":"open","template":"","meta":[],"product_cat":[1485,1525],"product_tag":[1555],"acf":[],"yoast_head":"<!-- This site is optimized with the Yoast SEO plugin v21.7 - https:\/\/yoast.com\/wordpress\/plugins\/seo\/ -->\n<title>[ Dahua ] &#129351; Dhi-nkb1000 Teclado Control Ptz Analoga E Ip\/dvr\/nvr\/ Pelco D P\/ Pantalla Lcd\/ Rs485\/ Rs422\/ Usb\/ Rs232<\/title>\n<meta name=\"description\" content=\"Compra Dhi-nkb1000 Teclado Control Ptz Analoga E Ip\/dvr\/nvr\/ Pelco D P\/ Pantalla Lcd\/ Rs485\/ Rs422\/ Usb\/ Rs232 + Env\u00edo a domicilio + Pago seguro + Garant\u00eda\" \/>\n<meta name=\"robots\" content=\"index, follow, max-snippet:-1, max-image-preview:large, max-video-preview:-1\" \/>\n<link rel=\"canonical\" href=\"https:\/\/compuviper.mx\/tienda\/producto\/dahua-dhi-nkb1000-teclado-control-ptz-analoga-e-ip-dvr-nvr-pelco-d-p-pantalla-lcd-rs485-rs422-usb-rs232\/\" \/>\n<meta property=\"og:locale\" content=\"es_MX\" \/>\n<meta property=\"og:type\" content=\"article\" \/>\n<meta property=\"og:title\" content=\"[ Dahua ] &#129351; Dhi-nkb1000 Teclado Control Ptz Analoga E Ip\/dvr\/nvr\/ Pelco D P\/ Pantalla Lcd\/ Rs485\/ Rs422\/ Usb\/ Rs232\" \/>\n<meta property=\"og:description\" content=\"Compra Dhi-nkb1000 Teclado Control Ptz Analoga E Ip\/dvr\/nvr\/ Pelco D P\/ Pantalla Lcd\/ Rs485\/ Rs422\/ Usb\/ Rs232 + Env\u00edo a domicilio + Pago seguro + Garant\u00eda\" \/>\n<meta property=\"og:url\" content=\"https:\/\/compuviper.mx\/tienda\/producto\/dahua-dhi-nkb1000-teclado-control-ptz-analoga-e-ip-dvr-nvr-pelco-d-p-pantalla-lcd-rs485-rs422-usb-rs232\/\" \/>\n<meta property=\"og:site_name\" content=\"Compuviper\" \/>\n<meta property=\"article:publisher\" content=\"https:\/\/www.facebook.com\/compuviper\" \/>\n<meta property=\"og:image\" content=\"https:\/\/compuviper.mx\/tienda\/wp-content\/uploads\/2023\/12\/Teclado-dahua-control-ptz-analoga-e-ipdvrnvr-pelco-d-p-pantalla-lcd-rs485-rs422-usb-rs232.jpg\" \/>\n\t<meta property=\"og:image:width\" content=\"200\" \/>\n\t<meta property=\"og:image:height\" content=\"200\" \/>\n\t<meta property=\"og:image:type\" content=\"image\/jpeg\" \/>\n<meta name=\"twitter:card\" content=\"summary_large_image\" \/>\n<meta name=\"twitter:label1\" content=\"Precio\" \/>\n\t<meta name=\"twitter:data1\" content=\"&#36;3,450 con IVA\" \/>\n\t<meta name=\"twitter:label2\" content=\"Availability\" \/>\n\t<meta name=\"twitter:data2\" content=\"On backorder\" \/>\n<script type=\"application\/ld+json\" class=\"yoast-schema-graph\">{\"@context\":\"https:\/\/schema.org\",\"@graph\":[{\"@type\":\"WebPage\",\"@id\":\"https:\/\/compuviper.mx\/tienda\/producto\/dahua-dhi-nkb1000-teclado-control-ptz-analoga-e-ip-dvr-nvr-pelco-d-p-pantalla-lcd-rs485-rs422-usb-rs232\/\",\"url\":\"https:\/\/compuviper.mx\/tienda\/producto\/dahua-dhi-nkb1000-teclado-control-ptz-analoga-e-ip-dvr-nvr-pelco-d-p-pantalla-lcd-rs485-rs422-usb-rs232\/\",\"name\":\"[ Dahua ] &#129351; Dhi-nkb1000 Teclado Control Ptz Analoga E Ip\/dvr\/nvr\/ Pelco D P\/ Pantalla Lcd\/ Rs485\/ Rs422\/ Usb\/ Rs232\",\"isPartOf\":{\"@id\":\"https:\/\/compuviper.mx\/tienda\/#website\"},\"datePublished\":\"2026-04-07T05:26:30+00:00\",\"dateModified\":\"2026-04-07T05:26:30+00:00\",\"description\":\"Compra Dhi-nkb1000 Teclado Control Ptz Analoga E Ip\/dvr\/nvr\/ Pelco D P\/ Pantalla Lcd\/ Rs485\/ Rs422\/ Usb\/ Rs232 + Env\u00edo a domicilio + Pago seguro + Garant\u00eda\",\"breadcrumb\":{\"@id\":\"https:\/\/compuviper.mx\/tienda\/producto\/dahua-dhi-nkb1000-teclado-control-ptz-analoga-e-ip-dvr-nvr-pelco-d-p-pantalla-lcd-rs485-rs422-usb-rs232\/#breadcrumb\"},\"inLanguage\":\"es-MX\",\"potentialAction\":[{\"@type\":\"ReadAction\",\"target\":[\"https:\/\/compuviper.mx\/tienda\/producto\/dahua-dhi-nkb1000-teclado-control-ptz-analoga-e-ip-dvr-nvr-pelco-d-p-pantalla-lcd-rs485-rs422-usb-rs232\/\"]}]},{\"@type\":\"BreadcrumbList\",\"@id\":\"https:\/\/compuviper.mx\/tienda\/producto\/dahua-dhi-nkb1000-teclado-control-ptz-analoga-e-ip-dvr-nvr-pelco-d-p-pantalla-lcd-rs485-rs422-usb-rs232\/#breadcrumb\",\"itemListElement\":[{\"@type\":\"ListItem\",\"position\":1,\"name\":\"Inicio\",\"item\":\"https:\/\/compuviper.mx\/tienda\/\"},{\"@type\":\"ListItem\",\"position\":2,\"name\":\"Productos\",\"item\":\"https:\/\/compuviper.mx\/tienda\/productos\/\"},{\"@type\":\"ListItem\",\"position\":3,\"name\":\"Accesorios\",\"item\":\"https:\/\/compuviper.mx\/tienda\/categoria-producto\/accesorios\/\"},{\"@type\":\"ListItem\",\"position\":4,\"name\":\"Camaras\",\"item\":\"https:\/\/compuviper.mx\/tienda\/categoria-producto\/accesorios\/camaras\/\"},{\"@type\":\"ListItem\",\"position\":5,\"name\":\"Dahua Dhi-nkb1000 Teclado Control Ptz Analoga E Ip\/dvr\/nvr\/ Pelco D P\/ Pantalla Lcd\/ Rs485\/ Rs422\/ Usb\/ Rs232\"}]},{\"@type\":\"WebSite\",\"@id\":\"https:\/\/compuviper.mx\/tienda\/#website\",\"url\":\"https:\/\/compuviper.mx\/tienda\/\",\"name\":\"Compuviper\",\"description\":\"Proveedor de Computadoras, Laptops, Servidores, Monitores, Puntos de Venta, Teclados,   Impresoras, T\u00f3ner, C\u00e1maras de Seguridad y m\u00e1s en tu tienda en l\u00ednea\",\"publisher\":{\"@id\":\"https:\/\/compuviper.mx\/tienda\/#organization\"},\"potentialAction\":[{\"@type\":\"SearchAction\",\"target\":{\"@type\":\"EntryPoint\",\"urlTemplate\":\"https:\/\/compuviper.mx\/tienda\/?s={search_term_string}\"},\"query-input\":\"required name=search_term_string\"}],\"inLanguage\":\"es-MX\"},{\"@type\":\"Organization\",\"@id\":\"https:\/\/compuviper.mx\/tienda\/#organization\",\"name\":\"Compuviper\",\"url\":\"https:\/\/compuviper.mx\/tienda\/\",\"logo\":{\"@type\":\"ImageObject\",\"inLanguage\":\"es-MX\",\"@id\":\"https:\/\/compuviper.mx\/tienda\/#\/schema\/logo\/image\/\",\"url\":\"https:\/\/compuviper.mx\/tienda\/wp-content\/uploads\/2021\/08\/Logo-Compuviper-10.png\",\"contentUrl\":\"https:\/\/compuviper.mx\/tienda\/wp-content\/uploads\/2021\/08\/Logo-Compuviper-10.png\",\"width\":1000,\"height\":500,\"caption\":\"Compuviper\"},\"image\":{\"@id\":\"https:\/\/compuviper.mx\/tienda\/#\/schema\/logo\/image\/\"},\"sameAs\":[\"https:\/\/www.facebook.com\/compuviper\",\"https:\/\/www.youtube.com\/channel\/UCf73dERp9Y3cfOq7q8BhLjA?view_as=subscriber\"]}]}<\/script>\n<meta property=\"product:brand\" content=\"DAHUA\" \/>\n<meta property=\"product:price:amount\" content=\"3450\" \/>\n<meta property=\"product:price:currency\" content=\"MXN\" \/>\n<meta property=\"og:availability\" content=\"backorder\" \/>\n<meta property=\"product:availability\" content=\"available for order\" \/>\n<meta property=\"product:retailer_item_id\" content=\"DHI-NKB1000\" \/>\n<meta property=\"product:condition\" content=\"new\" \/>\n<!-- \/ Yoast SEO plugin. -->","yoast_head_json":{"title":"[ Dahua ] &#129351; Dhi-nkb1000 Teclado Control Ptz Analoga E Ip\/dvr\/nvr\/ Pelco D P\/ Pantalla Lcd\/ Rs485\/ Rs422\/ Usb\/ Rs232","description":"Compra Dhi-nkb1000 Teclado Control Ptz Analoga E Ip\/dvr\/nvr\/ Pelco D P\/ Pantalla Lcd\/ Rs485\/ Rs422\/ Usb\/ Rs232 + Env\u00edo a domicilio + Pago seguro + Garant\u00eda","robots":{"index":"index","follow":"follow","max-snippet":"max-snippet:-1","max-image-preview":"max-image-preview:large","max-video-preview":"max-video-preview:-1"},"canonical":"https:\/\/compuviper.mx\/tienda\/producto\/dahua-dhi-nkb1000-teclado-control-ptz-analoga-e-ip-dvr-nvr-pelco-d-p-pantalla-lcd-rs485-rs422-usb-rs232\/","og_locale":"es_MX","og_type":"article","og_title":"[ Dahua ] &#129351; Dhi-nkb1000 Teclado Control Ptz Analoga E Ip\/dvr\/nvr\/ Pelco D P\/ Pantalla Lcd\/ Rs485\/ Rs422\/ Usb\/ Rs232","og_description":"Compra Dhi-nkb1000 Teclado Control Ptz Analoga E Ip\/dvr\/nvr\/ Pelco D P\/ Pantalla Lcd\/ Rs485\/ Rs422\/ Usb\/ Rs232 + Env\u00edo a domicilio + Pago seguro + Garant\u00eda","og_url":"https:\/\/compuviper.mx\/tienda\/producto\/dahua-dhi-nkb1000-teclado-control-ptz-analoga-e-ip-dvr-nvr-pelco-d-p-pantalla-lcd-rs485-rs422-usb-rs232\/","og_site_name":"Compuviper","article_publisher":"https:\/\/www.facebook.com\/compuviper","og_image":[{"width":200,"height":200,"url":"https:\/\/compuviper.mx\/tienda\/wp-content\/uploads\/2023\/12\/Teclado-dahua-control-ptz-analoga-e-ipdvrnvr-pelco-d-p-pantalla-lcd-rs485-rs422-usb-rs232.jpg","type":"image\/jpeg"}],"twitter_card":"summary_large_image","twitter_misc":{"Precio":"&#36;3,450 con IVA","Availability":"On backorder"},"schema":{"@context":"https:\/\/schema.org","@graph":[{"@type":"WebPage","@id":"https:\/\/compuviper.mx\/tienda\/producto\/dahua-dhi-nkb1000-teclado-control-ptz-analoga-e-ip-dvr-nvr-pelco-d-p-pantalla-lcd-rs485-rs422-usb-rs232\/","url":"https:\/\/compuviper.mx\/tienda\/producto\/dahua-dhi-nkb1000-teclado-control-ptz-analoga-e-ip-dvr-nvr-pelco-d-p-pantalla-lcd-rs485-rs422-usb-rs232\/","name":"[ Dahua ] &#129351; Dhi-nkb1000 Teclado Control Ptz Analoga E Ip\/dvr\/nvr\/ Pelco D P\/ Pantalla Lcd\/ Rs485\/ Rs422\/ Usb\/ Rs232","isPartOf":{"@id":"https:\/\/compuviper.mx\/tienda\/#website"},"datePublished":"2026-04-07T05:26:30+00:00","dateModified":"2026-04-07T05:26:30+00:00","description":"Compra Dhi-nkb1000 Teclado Control Ptz Analoga E Ip\/dvr\/nvr\/ Pelco D P\/ Pantalla Lcd\/ Rs485\/ Rs422\/ Usb\/ Rs232 + Env\u00edo a domicilio + Pago seguro + Garant\u00eda","breadcrumb":{"@id":"https:\/\/compuviper.mx\/tienda\/producto\/dahua-dhi-nkb1000-teclado-control-ptz-analoga-e-ip-dvr-nvr-pelco-d-p-pantalla-lcd-rs485-rs422-usb-rs232\/#breadcrumb"},"inLanguage":"es-MX","potentialAction":[{"@type":"ReadAction","target":["https:\/\/compuviper.mx\/tienda\/producto\/dahua-dhi-nkb1000-teclado-control-ptz-analoga-e-ip-dvr-nvr-pelco-d-p-pantalla-lcd-rs485-rs422-usb-rs232\/"]}]},{"@type":"BreadcrumbList","@id":"https:\/\/compuviper.mx\/tienda\/producto\/dahua-dhi-nkb1000-teclado-control-ptz-analoga-e-ip-dvr-nvr-pelco-d-p-pantalla-lcd-rs485-rs422-usb-rs232\/#breadcrumb","itemListElement":[{"@type":"ListItem","position":1,"name":"Inicio","item":"https:\/\/compuviper.mx\/tienda\/"},{"@type":"ListItem","position":2,"name":"Productos","item":"https:\/\/compuviper.mx\/tienda\/productos\/"},{"@type":"ListItem","position":3,"name":"Accesorios","item":"https:\/\/compuviper.mx\/tienda\/categoria-producto\/accesorios\/"},{"@type":"ListItem","position":4,"name":"Camaras","item":"https:\/\/compuviper.mx\/tienda\/categoria-producto\/accesorios\/camaras\/"},{"@type":"ListItem","position":5,"name":"Dahua Dhi-nkb1000 Teclado Control Ptz Analoga E Ip\/dvr\/nvr\/ Pelco D P\/ Pantalla Lcd\/ Rs485\/ Rs422\/ Usb\/ Rs232"}]},{"@type":"WebSite","@id":"https:\/\/compuviper.mx\/tienda\/#website","url":"https:\/\/compuviper.mx\/tienda\/","name":"Compuviper","description":"Proveedor de Computadoras, Laptops, Servidores, Monitores, Puntos de Venta, Teclados,   Impresoras, T\u00f3ner, C\u00e1maras de Seguridad y m\u00e1s en tu tienda en l\u00ednea","publisher":{"@id":"https:\/\/compuviper.mx\/tienda\/#organization"},"potentialAction":[{"@type":"SearchAction","target":{"@type":"EntryPoint","urlTemplate":"https:\/\/compuviper.mx\/tienda\/?s={search_term_string}"},"query-input":"required name=search_term_string"}],"inLanguage":"es-MX"},{"@type":"Organization","@id":"https:\/\/compuviper.mx\/tienda\/#organization","name":"Compuviper","url":"https:\/\/compuviper.mx\/tienda\/","logo":{"@type":"ImageObject","inLanguage":"es-MX","@id":"https:\/\/compuviper.mx\/tienda\/#\/schema\/logo\/image\/","url":"https:\/\/compuviper.mx\/tienda\/wp-content\/uploads\/2021\/08\/Logo-Compuviper-10.png","contentUrl":"https:\/\/compuviper.mx\/tienda\/wp-content\/uploads\/2021\/08\/Logo-Compuviper-10.png","width":1000,"height":500,"caption":"Compuviper"},"image":{"@id":"https:\/\/compuviper.mx\/tienda\/#\/schema\/logo\/image\/"},"sameAs":["https:\/\/www.facebook.com\/compuviper","https:\/\/www.youtube.com\/channel\/UCf73dERp9Y3cfOq7q8BhLjA?view_as=subscriber"]}]},"product_brand":"DAHUA","product_price_amount":"3450","product_price_currency":"MXN","og_availability":"backorder","product_availability":"available for order","product_retailer_item_id":"DHI-NKB1000","product_condition":"new"},"_links":{"self":[{"href":"https:\/\/compuviper.mx\/tienda\/wp-json\/wp\/v2\/product\/211341"}],"collection":[{"href":"https:\/\/compuviper.mx\/tienda\/wp-json\/wp\/v2\/product"}],"about":[{"href":"https:\/\/compuviper.mx\/tienda\/wp-json\/wp\/v2\/types\/product"}],"replies":[{"embeddable":true,"href":"https:\/\/compuviper.mx\/tienda\/wp-json\/wp\/v2\/comments?post=211341"}],"wp:featuredmedia":[{"embeddable":true,"href":"https:\/\/compuviper.mx\/tienda\/wp-json\/wp\/v2\/media\/211342"}],"wp:attachment":[{"href":"https:\/\/compuviper.mx\/tienda\/wp-json\/wp\/v2\/media?parent=211341"}],"wp:term":[{"taxonomy":"product_cat","embeddable":true,"href":"https:\/\/compuviper.mx\/tienda\/wp-json\/wp\/v2\/product_cat?post=211341"},{"taxonomy":"product_tag","embeddable":true,"href":"https:\/\/compuviper.mx\/tienda\/wp-json\/wp\/v2\/product_tag?post=211341"}],"curies":[{"name":"wp","href":"https:\/\/api.w.org\/{rel}","templated":true}]}}