{"id":211339,"date":"2026-04-07T23:27:25","date_gmt":"2026-04-08T05:27:25","guid":{"rendered":"https:\/\/compuviper.mx\/tienda\/producto\/tripp-lite-pdunv-tripp-liite-basico-monofasico-de-1-6-3-8kw-100-240v-12-c13-y-2-c19-c20-c14-l6-20p-l5-20p-garanta-limitada-por-5-aos\/"},"modified":"2026-04-07T23:27:26","modified_gmt":"2026-04-08T05:27:26","slug":"tripp-lite-pdunv037332127204-pdunv-tripp-liite-basico-monofasico-de-1-6-3-8kw-100-240v-12-c13-y-2-c19-c20-c14-l6-20p-l5-20p-garanta-limitada-por-5-aos","status":"publish","type":"product","link":"https:\/\/compuviper.mx\/tienda\/producto\/tripp-lite-pdunv037332127204-pdunv-tripp-liite-basico-monofasico-de-1-6-3-8kw-100-240v-12-c13-y-2-c19-c20-c14-l6-20p-l5-20p-garanta-limitada-por-5-aos\/","title":{"rendered":"Tripp-lite Pdunv,037332127204 Pdunv Tripp-liite Basico Monofasico De 1.6\/3.8kw, 100-240v 12-c13 Y 2-c19, C20, C14\/l6-20p\/l5-20p Garanta Limitada Por 5 A?os"},"content":{"rendered":"<table class=\"descripcion\">\n<tr>\n<td>-unidad de distribucin de energa bsica \/ pdu 16a monofsico 100-240v<\/td>\n<\/tr>\n<tr>\n<td>&#8211; clavija de alimentacin c20 con cable de alimentacin de 4.57 m [15 pies] conecta a c19 100-240v<\/td>\n<\/tr>\n<tr>\n<td>-paquete de 5 adaptadores c19 incluidos con broche de sujecin, permiten la conversin a c14 conecta a c13 100-240v, l6-20p conecta a l6-20r 20a 208\/240v, l5-20p conecta a l5-20r 20a 120v, 5-20p conecta a 5-20r 20a 120v y 5-15p conecta a 5-15r 15a 120v<\/td>\n<\/tr>\n<tr>\n<td>&#8211; formato de instalacin horizontal de 1u en rack, se instala en un espacio de rack<\/td>\n<\/tr>\n<tr>\n<td>-14 tomacorrientes: 4 c13 viendo al frente;  2 c19 y 8 c13 viendo hacia atrs<\/td>\n<\/tr>\n<tr>\n<td>-las bridas de instalacin soportan la instalacin en racks de 2 y 4 postes, con soporte adicional para formatos de instalacin en la pared y debajo del mostrador<\/td>\n<\/tr>\n<tr>\n<td>-las orejas de instalacin son reversibles para instalacin en rack orientados hacia el frente o hacia atrs<\/td>\n<\/tr>\n<tr>\n<td>-el pdusidebrkt opcional permite el instalacin vertical de 0u en rack en racks compatibles<\/td>\n<\/tr>\n<tr>\n<td>-poste de tierra del panel posterior<\/td>\n<\/tr>\n<tr>\n<td>Garanta limitada por 5 aos<\/td>\n<\/tr>\n<\/table>\n","protected":false},"excerpt":{"rendered":"<p>El pdu nv es una unidad de distribucin de energa b\u00e1sica, monof\u00e1sica pdu de 1.6-3.8kw \/ 16a \/ 100-240v, que distribuye energa de 100v-240v a mltiples cargas en aplicaciones de ti, industriales y similares desde un sistema ups, generador o toma de pared de la red pblica. El pdunv acepta energa de alimentacin en un rango de 100v-240v, hacindolo compatible con aplicaciones alrededor del mundo. Un cable de alimentacin de 3.05 m [10 pies] con clavija c20 y un juego de cinco adaptadores de clavija le permiten ser conectado a tomacorrientes 5-15r, 5-15\/20r, l5-20r, l6-30r, c13 o c19. Los tomacorrientes c13 y c19 del pdunv pueden adaptarse para aplicaciones especficas usando un adaptador de clavija apropiado e.G., c14 a 5-15r. Un diseo sin interruptor evita el apagado accidental y protege contra tiempo muerto debido a error humano. Es adecuado para instalacin en 1u o 0u vertical en rack as como instalacin en pared, banco de trabajo e instalaciones debajo del mostrador. Est\u00e1n incluidos todos los accesorios de instalacin. Garanta limitada por 5 aos<\/p>\n","protected":false},"featured_media":211340,"comment_status":"open","ping_status":"open","template":"","meta":[],"product_cat":[1508,1895],"product_tag":[1510],"acf":[],"yoast_head":"<!-- This site is optimized with the Yoast SEO plugin v21.7 - https:\/\/yoast.com\/wordpress\/plugins\/seo\/ -->\n<title>[ Tripp-lite ] &#129351; Pdunv,037332127204 Pdunv Tripp-liite Basico Monofasico De 1.6\/3.8kw, 100-240v 12-c13 Y 2-c19, C20, C14\/l6-20p\/l5-20p Garanta Limitada Por 5 A\u00f1os<\/title>\n<meta name=\"description\" content=\"Compra Pdunv,037332127204 Pdunv Tripp-liite Basico Monofasico De 1.6\/3.8kw, 100-240v 12-c13 Y 2-c19, C20, C14\/l6-20p\/l5-20p Garanta Limitada Por 5 A\u00f1os + Env\u00edo a domicilio + Pago seguro + Garant\u00eda\" \/>\n<meta name=\"robots\" content=\"index, follow, max-snippet:-1, max-image-preview:large, max-video-preview:-1\" \/>\n<link rel=\"canonical\" href=\"https:\/\/compuviper.mx\/tienda\/producto\/tripp-lite-pdunv037332127204-pdunv-tripp-liite-basico-monofasico-de-1-6-3-8kw-100-240v-12-c13-y-2-c19-c20-c14-l6-20p-l5-20p-garanta-limitada-por-5-aos\/\" \/>\n<meta property=\"og:locale\" content=\"es_MX\" \/>\n<meta property=\"og:type\" content=\"article\" \/>\n<meta property=\"og:title\" content=\"[ Tripp-lite ] &#129351; Pdunv,037332127204 Pdunv Tripp-liite Basico Monofasico De 1.6\/3.8kw, 100-240v 12-c13 Y 2-c19, C20, C14\/l6-20p\/l5-20p Garanta Limitada Por 5 A\u00f1os\" \/>\n<meta property=\"og:description\" content=\"Compra Pdunv,037332127204 Pdunv Tripp-liite Basico Monofasico De 1.6\/3.8kw, 100-240v 12-c13 Y 2-c19, C20, C14\/l6-20p\/l5-20p Garanta Limitada Por 5 A\u00f1os + Env\u00edo a domicilio + Pago seguro + Garant\u00eda\" \/>\n<meta property=\"og:url\" content=\"https:\/\/compuviper.mx\/tienda\/producto\/tripp-lite-pdunv037332127204-pdunv-tripp-liite-basico-monofasico-de-1-6-3-8kw-100-240v-12-c13-y-2-c19-c20-c14-l6-20p-l5-20p-garanta-limitada-por-5-aos\/\" \/>\n<meta property=\"og:site_name\" content=\"Compuviper\" \/>\n<meta property=\"article:publisher\" content=\"https:\/\/www.facebook.com\/compuviper\" \/>\n<meta property=\"article:modified_time\" content=\"2026-04-08T05:27:26+00:00\" \/>\n<meta property=\"og:image\" content=\"https:\/\/compuviper.mx\/tienda\/wp-content\/uploads\/2023\/12\/Pdunv-tripp-liite-basico-monofasico-de-1.63.8kw-100-240v-12-c13-y-2-c19-c20-c14l6-20pl5-20p-garantia-limitada-por-5-anos.jpg\" \/>\n\t<meta property=\"og:image:width\" content=\"200\" \/>\n\t<meta property=\"og:image:height\" content=\"200\" \/>\n\t<meta property=\"og:image:type\" content=\"image\/jpeg\" \/>\n<meta name=\"twitter:card\" content=\"summary_large_image\" \/>\n<meta name=\"twitter:label1\" content=\"Precio\" \/>\n\t<meta name=\"twitter:data1\" content=\"&#36;2,740 con IVA\" \/>\n\t<meta name=\"twitter:label2\" content=\"Availability\" \/>\n\t<meta name=\"twitter:data2\" content=\"Out of stock\" \/>\n<script type=\"application\/ld+json\" class=\"yoast-schema-graph\">{\"@context\":\"https:\/\/schema.org\",\"@graph\":[{\"@type\":\"WebPage\",\"@id\":\"https:\/\/compuviper.mx\/tienda\/producto\/tripp-lite-pdunv037332127204-pdunv-tripp-liite-basico-monofasico-de-1-6-3-8kw-100-240v-12-c13-y-2-c19-c20-c14-l6-20p-l5-20p-garanta-limitada-por-5-aos\/\",\"url\":\"https:\/\/compuviper.mx\/tienda\/producto\/tripp-lite-pdunv037332127204-pdunv-tripp-liite-basico-monofasico-de-1-6-3-8kw-100-240v-12-c13-y-2-c19-c20-c14-l6-20p-l5-20p-garanta-limitada-por-5-aos\/\",\"name\":\"[ Tripp-lite ] &#129351; Pdunv,037332127204 Pdunv Tripp-liite Basico Monofasico De 1.6\/3.8kw, 100-240v 12-c13 Y 2-c19, C20, C14\/l6-20p\/l5-20p Garanta Limitada Por 5 A\u00f1os\",\"isPartOf\":{\"@id\":\"https:\/\/compuviper.mx\/tienda\/#website\"},\"datePublished\":\"2026-04-08T05:27:25+00:00\",\"dateModified\":\"2026-04-08T05:27:26+00:00\",\"description\":\"Compra Pdunv,037332127204 Pdunv Tripp-liite Basico Monofasico De 1.6\/3.8kw, 100-240v 12-c13 Y 2-c19, C20, C14\/l6-20p\/l5-20p Garanta Limitada Por 5 A\u00f1os + Env\u00edo a domicilio + Pago seguro + Garant\u00eda\",\"breadcrumb\":{\"@id\":\"https:\/\/compuviper.mx\/tienda\/producto\/tripp-lite-pdunv037332127204-pdunv-tripp-liite-basico-monofasico-de-1-6-3-8kw-100-240v-12-c13-y-2-c19-c20-c14-l6-20p-l5-20p-garanta-limitada-por-5-aos\/#breadcrumb\"},\"inLanguage\":\"es-MX\",\"potentialAction\":[{\"@type\":\"ReadAction\",\"target\":[\"https:\/\/compuviper.mx\/tienda\/producto\/tripp-lite-pdunv037332127204-pdunv-tripp-liite-basico-monofasico-de-1-6-3-8kw-100-240v-12-c13-y-2-c19-c20-c14-l6-20p-l5-20p-garanta-limitada-por-5-aos\/\"]}]},{\"@type\":\"BreadcrumbList\",\"@id\":\"https:\/\/compuviper.mx\/tienda\/producto\/tripp-lite-pdunv037332127204-pdunv-tripp-liite-basico-monofasico-de-1-6-3-8kw-100-240v-12-c13-y-2-c19-c20-c14-l6-20p-l5-20p-garanta-limitada-por-5-aos\/#breadcrumb\",\"itemListElement\":[{\"@type\":\"ListItem\",\"position\":1,\"name\":\"Inicio\",\"item\":\"https:\/\/compuviper.mx\/tienda\/\"},{\"@type\":\"ListItem\",\"position\":2,\"name\":\"Productos\",\"item\":\"https:\/\/compuviper.mx\/tienda\/productos\/\"},{\"@type\":\"ListItem\",\"position\":3,\"name\":\"Energia\",\"item\":\"https:\/\/compuviper.mx\/tienda\/categoria-producto\/energia\/\"},{\"@type\":\"ListItem\",\"position\":4,\"name\":\"Pdu\",\"item\":\"https:\/\/compuviper.mx\/tienda\/categoria-producto\/energia\/pdu\/\"},{\"@type\":\"ListItem\",\"position\":5,\"name\":\"Tripp-lite Pdunv,037332127204 Pdunv Tripp-liite Basico Monofasico De 1.6\/3.8kw, 100-240v 12-c13 Y 2-c19, C20, C14\/l6-20p\/l5-20p Garanta Limitada Por 5 A?os\"}]},{\"@type\":\"WebSite\",\"@id\":\"https:\/\/compuviper.mx\/tienda\/#website\",\"url\":\"https:\/\/compuviper.mx\/tienda\/\",\"name\":\"Compuviper\",\"description\":\"Proveedor de Computadoras, Laptops, Servidores, Monitores, Puntos de Venta, Teclados,   Impresoras, T\u00f3ner, C\u00e1maras de Seguridad y m\u00e1s en tu tienda en l\u00ednea\",\"publisher\":{\"@id\":\"https:\/\/compuviper.mx\/tienda\/#organization\"},\"potentialAction\":[{\"@type\":\"SearchAction\",\"target\":{\"@type\":\"EntryPoint\",\"urlTemplate\":\"https:\/\/compuviper.mx\/tienda\/?s={search_term_string}\"},\"query-input\":\"required name=search_term_string\"}],\"inLanguage\":\"es-MX\"},{\"@type\":\"Organization\",\"@id\":\"https:\/\/compuviper.mx\/tienda\/#organization\",\"name\":\"Compuviper\",\"url\":\"https:\/\/compuviper.mx\/tienda\/\",\"logo\":{\"@type\":\"ImageObject\",\"inLanguage\":\"es-MX\",\"@id\":\"https:\/\/compuviper.mx\/tienda\/#\/schema\/logo\/image\/\",\"url\":\"https:\/\/compuviper.mx\/tienda\/wp-content\/uploads\/2021\/08\/Logo-Compuviper-10.png\",\"contentUrl\":\"https:\/\/compuviper.mx\/tienda\/wp-content\/uploads\/2021\/08\/Logo-Compuviper-10.png\",\"width\":1000,\"height\":500,\"caption\":\"Compuviper\"},\"image\":{\"@id\":\"https:\/\/compuviper.mx\/tienda\/#\/schema\/logo\/image\/\"},\"sameAs\":[\"https:\/\/www.facebook.com\/compuviper\",\"https:\/\/www.youtube.com\/channel\/UCf73dERp9Y3cfOq7q8BhLjA?view_as=subscriber\"]}]}<\/script>\n<meta property=\"product:brand\" content=\"TRIPP-LITE\" \/>\n<meta property=\"product:price:amount\" content=\"2740\" \/>\n<meta property=\"product:price:currency\" content=\"MXN\" \/>\n<meta property=\"og:availability\" content=\"out of stock\" \/>\n<meta property=\"product:availability\" content=\"out of stock\" \/>\n<meta property=\"product:retailer_item_id\" content=\"PDUNV,037332127204\" \/>\n<meta property=\"product:condition\" content=\"new\" \/>\n<!-- \/ Yoast SEO plugin. -->","yoast_head_json":{"title":"[ Tripp-lite ] &#129351; Pdunv,037332127204 Pdunv Tripp-liite Basico Monofasico De 1.6\/3.8kw, 100-240v 12-c13 Y 2-c19, C20, C14\/l6-20p\/l5-20p Garanta Limitada Por 5 A\u00f1os","description":"Compra Pdunv,037332127204 Pdunv Tripp-liite Basico Monofasico De 1.6\/3.8kw, 100-240v 12-c13 Y 2-c19, C20, C14\/l6-20p\/l5-20p Garanta Limitada Por 5 A\u00f1os + Env\u00edo a domicilio + Pago seguro + Garant\u00eda","robots":{"index":"index","follow":"follow","max-snippet":"max-snippet:-1","max-image-preview":"max-image-preview:large","max-video-preview":"max-video-preview:-1"},"canonical":"https:\/\/compuviper.mx\/tienda\/producto\/tripp-lite-pdunv037332127204-pdunv-tripp-liite-basico-monofasico-de-1-6-3-8kw-100-240v-12-c13-y-2-c19-c20-c14-l6-20p-l5-20p-garanta-limitada-por-5-aos\/","og_locale":"es_MX","og_type":"article","og_title":"[ Tripp-lite ] &#129351; Pdunv,037332127204 Pdunv Tripp-liite Basico Monofasico De 1.6\/3.8kw, 100-240v 12-c13 Y 2-c19, C20, C14\/l6-20p\/l5-20p Garanta Limitada Por 5 A\u00f1os","og_description":"Compra Pdunv,037332127204 Pdunv Tripp-liite Basico Monofasico De 1.6\/3.8kw, 100-240v 12-c13 Y 2-c19, C20, C14\/l6-20p\/l5-20p Garanta Limitada Por 5 A\u00f1os + Env\u00edo a domicilio + Pago seguro + Garant\u00eda","og_url":"https:\/\/compuviper.mx\/tienda\/producto\/tripp-lite-pdunv037332127204-pdunv-tripp-liite-basico-monofasico-de-1-6-3-8kw-100-240v-12-c13-y-2-c19-c20-c14-l6-20p-l5-20p-garanta-limitada-por-5-aos\/","og_site_name":"Compuviper","article_publisher":"https:\/\/www.facebook.com\/compuviper","article_modified_time":"2026-04-08T05:27:26+00:00","og_image":[{"width":200,"height":200,"url":"https:\/\/compuviper.mx\/tienda\/wp-content\/uploads\/2023\/12\/Pdunv-tripp-liite-basico-monofasico-de-1.63.8kw-100-240v-12-c13-y-2-c19-c20-c14l6-20pl5-20p-garantia-limitada-por-5-anos.jpg","type":"image\/jpeg"}],"twitter_card":"summary_large_image","twitter_misc":{"Precio":"&#36;2,740 con IVA","Availability":"Out of stock"},"schema":{"@context":"https:\/\/schema.org","@graph":[{"@type":"WebPage","@id":"https:\/\/compuviper.mx\/tienda\/producto\/tripp-lite-pdunv037332127204-pdunv-tripp-liite-basico-monofasico-de-1-6-3-8kw-100-240v-12-c13-y-2-c19-c20-c14-l6-20p-l5-20p-garanta-limitada-por-5-aos\/","url":"https:\/\/compuviper.mx\/tienda\/producto\/tripp-lite-pdunv037332127204-pdunv-tripp-liite-basico-monofasico-de-1-6-3-8kw-100-240v-12-c13-y-2-c19-c20-c14-l6-20p-l5-20p-garanta-limitada-por-5-aos\/","name":"[ Tripp-lite ] &#129351; Pdunv,037332127204 Pdunv Tripp-liite Basico Monofasico De 1.6\/3.8kw, 100-240v 12-c13 Y 2-c19, C20, C14\/l6-20p\/l5-20p Garanta Limitada Por 5 A\u00f1os","isPartOf":{"@id":"https:\/\/compuviper.mx\/tienda\/#website"},"datePublished":"2026-04-08T05:27:25+00:00","dateModified":"2026-04-08T05:27:26+00:00","description":"Compra Pdunv,037332127204 Pdunv Tripp-liite Basico Monofasico De 1.6\/3.8kw, 100-240v 12-c13 Y 2-c19, C20, C14\/l6-20p\/l5-20p Garanta Limitada Por 5 A\u00f1os + Env\u00edo a domicilio + Pago seguro + Garant\u00eda","breadcrumb":{"@id":"https:\/\/compuviper.mx\/tienda\/producto\/tripp-lite-pdunv037332127204-pdunv-tripp-liite-basico-monofasico-de-1-6-3-8kw-100-240v-12-c13-y-2-c19-c20-c14-l6-20p-l5-20p-garanta-limitada-por-5-aos\/#breadcrumb"},"inLanguage":"es-MX","potentialAction":[{"@type":"ReadAction","target":["https:\/\/compuviper.mx\/tienda\/producto\/tripp-lite-pdunv037332127204-pdunv-tripp-liite-basico-monofasico-de-1-6-3-8kw-100-240v-12-c13-y-2-c19-c20-c14-l6-20p-l5-20p-garanta-limitada-por-5-aos\/"]}]},{"@type":"BreadcrumbList","@id":"https:\/\/compuviper.mx\/tienda\/producto\/tripp-lite-pdunv037332127204-pdunv-tripp-liite-basico-monofasico-de-1-6-3-8kw-100-240v-12-c13-y-2-c19-c20-c14-l6-20p-l5-20p-garanta-limitada-por-5-aos\/#breadcrumb","itemListElement":[{"@type":"ListItem","position":1,"name":"Inicio","item":"https:\/\/compuviper.mx\/tienda\/"},{"@type":"ListItem","position":2,"name":"Productos","item":"https:\/\/compuviper.mx\/tienda\/productos\/"},{"@type":"ListItem","position":3,"name":"Energia","item":"https:\/\/compuviper.mx\/tienda\/categoria-producto\/energia\/"},{"@type":"ListItem","position":4,"name":"Pdu","item":"https:\/\/compuviper.mx\/tienda\/categoria-producto\/energia\/pdu\/"},{"@type":"ListItem","position":5,"name":"Tripp-lite Pdunv,037332127204 Pdunv Tripp-liite Basico Monofasico De 1.6\/3.8kw, 100-240v 12-c13 Y 2-c19, C20, C14\/l6-20p\/l5-20p Garanta Limitada Por 5 A?os"}]},{"@type":"WebSite","@id":"https:\/\/compuviper.mx\/tienda\/#website","url":"https:\/\/compuviper.mx\/tienda\/","name":"Compuviper","description":"Proveedor de Computadoras, Laptops, Servidores, Monitores, Puntos de Venta, Teclados,   Impresoras, T\u00f3ner, C\u00e1maras de Seguridad y m\u00e1s en tu tienda en l\u00ednea","publisher":{"@id":"https:\/\/compuviper.mx\/tienda\/#organization"},"potentialAction":[{"@type":"SearchAction","target":{"@type":"EntryPoint","urlTemplate":"https:\/\/compuviper.mx\/tienda\/?s={search_term_string}"},"query-input":"required name=search_term_string"}],"inLanguage":"es-MX"},{"@type":"Organization","@id":"https:\/\/compuviper.mx\/tienda\/#organization","name":"Compuviper","url":"https:\/\/compuviper.mx\/tienda\/","logo":{"@type":"ImageObject","inLanguage":"es-MX","@id":"https:\/\/compuviper.mx\/tienda\/#\/schema\/logo\/image\/","url":"https:\/\/compuviper.mx\/tienda\/wp-content\/uploads\/2021\/08\/Logo-Compuviper-10.png","contentUrl":"https:\/\/compuviper.mx\/tienda\/wp-content\/uploads\/2021\/08\/Logo-Compuviper-10.png","width":1000,"height":500,"caption":"Compuviper"},"image":{"@id":"https:\/\/compuviper.mx\/tienda\/#\/schema\/logo\/image\/"},"sameAs":["https:\/\/www.facebook.com\/compuviper","https:\/\/www.youtube.com\/channel\/UCf73dERp9Y3cfOq7q8BhLjA?view_as=subscriber"]}]},"product_brand":"TRIPP-LITE","product_price_amount":"2740","product_price_currency":"MXN","og_availability":"out of stock","product_availability":"out of stock","product_retailer_item_id":"PDUNV,037332127204","product_condition":"new"},"_links":{"self":[{"href":"https:\/\/compuviper.mx\/tienda\/wp-json\/wp\/v2\/product\/211339"}],"collection":[{"href":"https:\/\/compuviper.mx\/tienda\/wp-json\/wp\/v2\/product"}],"about":[{"href":"https:\/\/compuviper.mx\/tienda\/wp-json\/wp\/v2\/types\/product"}],"replies":[{"embeddable":true,"href":"https:\/\/compuviper.mx\/tienda\/wp-json\/wp\/v2\/comments?post=211339"}],"wp:featuredmedia":[{"embeddable":true,"href":"https:\/\/compuviper.mx\/tienda\/wp-json\/wp\/v2\/media\/211340"}],"wp:attachment":[{"href":"https:\/\/compuviper.mx\/tienda\/wp-json\/wp\/v2\/media?parent=211339"}],"wp:term":[{"taxonomy":"product_cat","embeddable":true,"href":"https:\/\/compuviper.mx\/tienda\/wp-json\/wp\/v2\/product_cat?post=211339"},{"taxonomy":"product_tag","embeddable":true,"href":"https:\/\/compuviper.mx\/tienda\/wp-json\/wp\/v2\/product_tag?post=211339"}],"curies":[{"name":"wp","href":"https:\/\/api.w.org\/{rel}","templated":true}]}}