{"id":211229,"date":"2026-04-08T23:26:03","date_gmt":"2026-04-09T05:26:03","guid":{"rendered":"https:\/\/compuviper.mx\/tienda\/producto\/manhattan-151245-mux-kvm-mini-usb-21-con-cablesaudio\/"},"modified":"2026-04-08T23:26:03","modified_gmt":"2026-04-09T05:26:03","slug":"manhattan-151245-mux-kvm-mini-usb-21-con-cablesaudio","status":"publish","type":"product","link":"https:\/\/compuviper.mx\/tienda\/producto\/manhattan-151245-mux-kvm-mini-usb-21-con-cablesaudio\/","title":{"rendered":"Manhattan 151245 Mux Kvm ,,,mini Usb 2:1 Con Cables+audio"},"content":{"rendered":"<table class=\"descripcion\">\n<tr>\n<td>Opera dos computadoras con puerto usb con un teclado, rat\u00f3n y monitor<\/td>\n<\/tr>\n<tr>\n<td>S\u00f3lo necesita conectar los cables adjuntos &#8211; \u00a1no se requiere m\u00e1s!<\/td>\n<\/tr>\n<tr>\n<td>Completa emulaci\u00f3n de teclado y rat\u00f3n para evitar errores al reiniciar<\/td>\n<\/tr>\n<tr>\n<td>Comandos hotkey e indicadores led para selecci\u00f3n de computadoras<\/td>\n<\/tr>\n<tr>\n<td>Salidas de audio para conexi\u00f3n con altavoces<\/td>\n<\/tr>\n<tr>\n<td>No requiere software o corriente<\/td>\n<\/tr>\n<tr>\n<td>Compatible con todos los sistemas operativos<\/td>\n<\/tr>\n<tr>\n<td>Soporta resoluciones de hasta 1920 x 1440 p\u00edxeles<\/td>\n<\/tr>\n<\/table>\n","protected":false},"excerpt":{"rendered":"<p>El switch kvm manhattan es un mini switch de 2 puertos con cables de conexi\u00f3n integrados. Los puertos usb en el lado de la consola permite conectar un teclado y rat\u00f3n usb. Adem\u00e1s puede acceder a las computadoras, controlarlas, arrancarlas y reiniciarlas desde un s\u00f3lo juego de teclado, rat\u00f3n y monitor. Conveniente selecci\u00f3n de las pc. Conmutaci\u00f3n r\u00e1pida y sencilla entre las estaciones de trabajo utilizando teclas predefinidas. Conmutaci\u00f3n con audio ofrece una experiencia multimedia ininterrumpida. La funci\u00f3n de conmutaci\u00f3n de audio de este switch permite utilizar los sistemas multimedia de cada una de las dos computadoras. Sin enredos de cables para los usuarios del kvm. Este switch kvm le ahorra los problemas con los cables ya que cuenta con los propios de 1.2 m. De hecho, usted no tendr\u00e1 problemas ya que no ser\u00e1 necesario preocuparse por buscar cables que se ajusten &#8211; ellos vienen instalados al switch kvm.<\/p>\n","protected":false},"featured_media":211230,"comment_status":"open","ping_status":"open","template":"","meta":[],"product_cat":[1485,1518],"product_tag":[1487],"acf":[],"yoast_head":"<!-- This site is optimized with the Yoast SEO plugin v21.7 - https:\/\/yoast.com\/wordpress\/plugins\/seo\/ -->\n<title>[ Manhattan ] &#129351; 151245 Mux Kvm ,,,mini Usb 2:1 Con Cables+audio<\/title>\n<meta name=\"description\" content=\"Compra 151245 Mux Kvm ,,,mini Usb 2:1 Con Cables+audio + Env\u00edo a domicilio + Pago seguro + Garant\u00eda\" \/>\n<meta name=\"robots\" content=\"index, follow, max-snippet:-1, max-image-preview:large, max-video-preview:-1\" \/>\n<link rel=\"canonical\" href=\"https:\/\/compuviper.mx\/tienda\/producto\/manhattan-151245-mux-kvm-mini-usb-21-con-cablesaudio\/\" \/>\n<meta property=\"og:locale\" content=\"es_MX\" \/>\n<meta property=\"og:type\" content=\"article\" \/>\n<meta property=\"og:title\" content=\"[ Manhattan ] &#129351; 151245 Mux Kvm ,,,mini Usb 2:1 Con Cables+audio\" \/>\n<meta property=\"og:description\" content=\"Compra 151245 Mux Kvm ,,,mini Usb 2:1 Con Cables+audio + Env\u00edo a domicilio + Pago seguro + Garant\u00eda\" \/>\n<meta property=\"og:url\" content=\"https:\/\/compuviper.mx\/tienda\/producto\/manhattan-151245-mux-kvm-mini-usb-21-con-cablesaudio\/\" \/>\n<meta property=\"og:site_name\" content=\"Compuviper\" \/>\n<meta property=\"article:publisher\" content=\"https:\/\/www.facebook.com\/compuviper\" \/>\n<meta property=\"og:image\" content=\"https:\/\/compuviper.mx\/tienda\/wp-content\/uploads\/2023\/12\/Mux-kvm-manhattan151245mini-usb-21-con-cablesaudio.jpg\" \/>\n\t<meta property=\"og:image:width\" content=\"200\" \/>\n\t<meta property=\"og:image:height\" content=\"200\" \/>\n\t<meta property=\"og:image:type\" content=\"image\/jpeg\" \/>\n<meta name=\"twitter:card\" content=\"summary_large_image\" \/>\n<meta name=\"twitter:label1\" content=\"Precio\" \/>\n\t<meta name=\"twitter:data1\" content=\"&#36;728 con IVA\" \/>\n\t<meta name=\"twitter:label2\" content=\"Availability\" \/>\n\t<meta name=\"twitter:data2\" content=\"In stock\" \/>\n<script type=\"application\/ld+json\" class=\"yoast-schema-graph\">{\"@context\":\"https:\/\/schema.org\",\"@graph\":[{\"@type\":\"WebPage\",\"@id\":\"https:\/\/compuviper.mx\/tienda\/producto\/manhattan-151245-mux-kvm-mini-usb-21-con-cablesaudio\/\",\"url\":\"https:\/\/compuviper.mx\/tienda\/producto\/manhattan-151245-mux-kvm-mini-usb-21-con-cablesaudio\/\",\"name\":\"[ Manhattan ] &#129351; 151245 Mux Kvm ,,,mini Usb 2:1 Con Cables+audio\",\"isPartOf\":{\"@id\":\"https:\/\/compuviper.mx\/tienda\/#website\"},\"datePublished\":\"2026-04-09T05:26:03+00:00\",\"dateModified\":\"2026-04-09T05:26:03+00:00\",\"description\":\"Compra 151245 Mux Kvm ,,,mini Usb 2:1 Con Cables+audio + Env\u00edo a domicilio + Pago seguro + Garant\u00eda\",\"breadcrumb\":{\"@id\":\"https:\/\/compuviper.mx\/tienda\/producto\/manhattan-151245-mux-kvm-mini-usb-21-con-cablesaudio\/#breadcrumb\"},\"inLanguage\":\"es-MX\",\"potentialAction\":[{\"@type\":\"ReadAction\",\"target\":[\"https:\/\/compuviper.mx\/tienda\/producto\/manhattan-151245-mux-kvm-mini-usb-21-con-cablesaudio\/\"]}]},{\"@type\":\"BreadcrumbList\",\"@id\":\"https:\/\/compuviper.mx\/tienda\/producto\/manhattan-151245-mux-kvm-mini-usb-21-con-cablesaudio\/#breadcrumb\",\"itemListElement\":[{\"@type\":\"ListItem\",\"position\":1,\"name\":\"Inicio\",\"item\":\"https:\/\/compuviper.mx\/tienda\/\"},{\"@type\":\"ListItem\",\"position\":2,\"name\":\"Productos\",\"item\":\"https:\/\/compuviper.mx\/tienda\/productos\/\"},{\"@type\":\"ListItem\",\"position\":3,\"name\":\"Accesorios\",\"item\":\"https:\/\/compuviper.mx\/tienda\/categoria-producto\/accesorios\/\"},{\"@type\":\"ListItem\",\"position\":4,\"name\":\"Kvm\",\"item\":\"https:\/\/compuviper.mx\/tienda\/categoria-producto\/accesorios\/kvm\/\"},{\"@type\":\"ListItem\",\"position\":5,\"name\":\"Manhattan 151245 Mux Kvm ,,,mini Usb 2:1 Con Cables+audio\"}]},{\"@type\":\"WebSite\",\"@id\":\"https:\/\/compuviper.mx\/tienda\/#website\",\"url\":\"https:\/\/compuviper.mx\/tienda\/\",\"name\":\"Compuviper\",\"description\":\"Proveedor de Computadoras, Laptops, Servidores, Monitores, Puntos de Venta, Teclados,   Impresoras, T\u00f3ner, C\u00e1maras de Seguridad y m\u00e1s en tu tienda en l\u00ednea\",\"publisher\":{\"@id\":\"https:\/\/compuviper.mx\/tienda\/#organization\"},\"potentialAction\":[{\"@type\":\"SearchAction\",\"target\":{\"@type\":\"EntryPoint\",\"urlTemplate\":\"https:\/\/compuviper.mx\/tienda\/?s={search_term_string}\"},\"query-input\":\"required name=search_term_string\"}],\"inLanguage\":\"es-MX\"},{\"@type\":\"Organization\",\"@id\":\"https:\/\/compuviper.mx\/tienda\/#organization\",\"name\":\"Compuviper\",\"url\":\"https:\/\/compuviper.mx\/tienda\/\",\"logo\":{\"@type\":\"ImageObject\",\"inLanguage\":\"es-MX\",\"@id\":\"https:\/\/compuviper.mx\/tienda\/#\/schema\/logo\/image\/\",\"url\":\"https:\/\/compuviper.mx\/tienda\/wp-content\/uploads\/2021\/08\/Logo-Compuviper-10.png\",\"contentUrl\":\"https:\/\/compuviper.mx\/tienda\/wp-content\/uploads\/2021\/08\/Logo-Compuviper-10.png\",\"width\":1000,\"height\":500,\"caption\":\"Compuviper\"},\"image\":{\"@id\":\"https:\/\/compuviper.mx\/tienda\/#\/schema\/logo\/image\/\"},\"sameAs\":[\"https:\/\/www.facebook.com\/compuviper\",\"https:\/\/www.youtube.com\/channel\/UCf73dERp9Y3cfOq7q8BhLjA?view_as=subscriber\"]}]}<\/script>\n<meta property=\"product:brand\" content=\"MANHATTAN\" \/>\n<meta property=\"product:price:amount\" content=\"728\" \/>\n<meta property=\"product:price:currency\" content=\"MXN\" \/>\n<meta property=\"og:availability\" content=\"instock\" \/>\n<meta property=\"product:availability\" content=\"instock\" \/>\n<meta property=\"product:retailer_item_id\" content=\"151245\" \/>\n<meta property=\"product:condition\" content=\"new\" \/>\n<!-- \/ Yoast SEO plugin. -->","yoast_head_json":{"title":"[ Manhattan ] &#129351; 151245 Mux Kvm ,,,mini Usb 2:1 Con Cables+audio","description":"Compra 151245 Mux Kvm ,,,mini Usb 2:1 Con Cables+audio + Env\u00edo a domicilio + Pago seguro + Garant\u00eda","robots":{"index":"index","follow":"follow","max-snippet":"max-snippet:-1","max-image-preview":"max-image-preview:large","max-video-preview":"max-video-preview:-1"},"canonical":"https:\/\/compuviper.mx\/tienda\/producto\/manhattan-151245-mux-kvm-mini-usb-21-con-cablesaudio\/","og_locale":"es_MX","og_type":"article","og_title":"[ Manhattan ] &#129351; 151245 Mux Kvm ,,,mini Usb 2:1 Con Cables+audio","og_description":"Compra 151245 Mux Kvm ,,,mini Usb 2:1 Con Cables+audio + Env\u00edo a domicilio + Pago seguro + Garant\u00eda","og_url":"https:\/\/compuviper.mx\/tienda\/producto\/manhattan-151245-mux-kvm-mini-usb-21-con-cablesaudio\/","og_site_name":"Compuviper","article_publisher":"https:\/\/www.facebook.com\/compuviper","og_image":[{"width":200,"height":200,"url":"https:\/\/compuviper.mx\/tienda\/wp-content\/uploads\/2023\/12\/Mux-kvm-manhattan151245mini-usb-21-con-cablesaudio.jpg","type":"image\/jpeg"}],"twitter_card":"summary_large_image","twitter_misc":{"Precio":"&#36;728 con IVA","Availability":"In stock"},"schema":{"@context":"https:\/\/schema.org","@graph":[{"@type":"WebPage","@id":"https:\/\/compuviper.mx\/tienda\/producto\/manhattan-151245-mux-kvm-mini-usb-21-con-cablesaudio\/","url":"https:\/\/compuviper.mx\/tienda\/producto\/manhattan-151245-mux-kvm-mini-usb-21-con-cablesaudio\/","name":"[ Manhattan ] &#129351; 151245 Mux Kvm ,,,mini Usb 2:1 Con Cables+audio","isPartOf":{"@id":"https:\/\/compuviper.mx\/tienda\/#website"},"datePublished":"2026-04-09T05:26:03+00:00","dateModified":"2026-04-09T05:26:03+00:00","description":"Compra 151245 Mux Kvm ,,,mini Usb 2:1 Con Cables+audio + Env\u00edo a domicilio + Pago seguro + Garant\u00eda","breadcrumb":{"@id":"https:\/\/compuviper.mx\/tienda\/producto\/manhattan-151245-mux-kvm-mini-usb-21-con-cablesaudio\/#breadcrumb"},"inLanguage":"es-MX","potentialAction":[{"@type":"ReadAction","target":["https:\/\/compuviper.mx\/tienda\/producto\/manhattan-151245-mux-kvm-mini-usb-21-con-cablesaudio\/"]}]},{"@type":"BreadcrumbList","@id":"https:\/\/compuviper.mx\/tienda\/producto\/manhattan-151245-mux-kvm-mini-usb-21-con-cablesaudio\/#breadcrumb","itemListElement":[{"@type":"ListItem","position":1,"name":"Inicio","item":"https:\/\/compuviper.mx\/tienda\/"},{"@type":"ListItem","position":2,"name":"Productos","item":"https:\/\/compuviper.mx\/tienda\/productos\/"},{"@type":"ListItem","position":3,"name":"Accesorios","item":"https:\/\/compuviper.mx\/tienda\/categoria-producto\/accesorios\/"},{"@type":"ListItem","position":4,"name":"Kvm","item":"https:\/\/compuviper.mx\/tienda\/categoria-producto\/accesorios\/kvm\/"},{"@type":"ListItem","position":5,"name":"Manhattan 151245 Mux Kvm ,,,mini Usb 2:1 Con Cables+audio"}]},{"@type":"WebSite","@id":"https:\/\/compuviper.mx\/tienda\/#website","url":"https:\/\/compuviper.mx\/tienda\/","name":"Compuviper","description":"Proveedor de Computadoras, Laptops, Servidores, Monitores, Puntos de Venta, Teclados,   Impresoras, T\u00f3ner, C\u00e1maras de Seguridad y m\u00e1s en tu tienda en l\u00ednea","publisher":{"@id":"https:\/\/compuviper.mx\/tienda\/#organization"},"potentialAction":[{"@type":"SearchAction","target":{"@type":"EntryPoint","urlTemplate":"https:\/\/compuviper.mx\/tienda\/?s={search_term_string}"},"query-input":"required name=search_term_string"}],"inLanguage":"es-MX"},{"@type":"Organization","@id":"https:\/\/compuviper.mx\/tienda\/#organization","name":"Compuviper","url":"https:\/\/compuviper.mx\/tienda\/","logo":{"@type":"ImageObject","inLanguage":"es-MX","@id":"https:\/\/compuviper.mx\/tienda\/#\/schema\/logo\/image\/","url":"https:\/\/compuviper.mx\/tienda\/wp-content\/uploads\/2021\/08\/Logo-Compuviper-10.png","contentUrl":"https:\/\/compuviper.mx\/tienda\/wp-content\/uploads\/2021\/08\/Logo-Compuviper-10.png","width":1000,"height":500,"caption":"Compuviper"},"image":{"@id":"https:\/\/compuviper.mx\/tienda\/#\/schema\/logo\/image\/"},"sameAs":["https:\/\/www.facebook.com\/compuviper","https:\/\/www.youtube.com\/channel\/UCf73dERp9Y3cfOq7q8BhLjA?view_as=subscriber"]}]},"product_brand":"MANHATTAN","product_price_amount":"728","product_price_currency":"MXN","og_availability":"instock","product_availability":"instock","product_retailer_item_id":"151245","product_condition":"new"},"_links":{"self":[{"href":"https:\/\/compuviper.mx\/tienda\/wp-json\/wp\/v2\/product\/211229"}],"collection":[{"href":"https:\/\/compuviper.mx\/tienda\/wp-json\/wp\/v2\/product"}],"about":[{"href":"https:\/\/compuviper.mx\/tienda\/wp-json\/wp\/v2\/types\/product"}],"replies":[{"embeddable":true,"href":"https:\/\/compuviper.mx\/tienda\/wp-json\/wp\/v2\/comments?post=211229"}],"wp:featuredmedia":[{"embeddable":true,"href":"https:\/\/compuviper.mx\/tienda\/wp-json\/wp\/v2\/media\/211230"}],"wp:attachment":[{"href":"https:\/\/compuviper.mx\/tienda\/wp-json\/wp\/v2\/media?parent=211229"}],"wp:term":[{"taxonomy":"product_cat","embeddable":true,"href":"https:\/\/compuviper.mx\/tienda\/wp-json\/wp\/v2\/product_cat?post=211229"},{"taxonomy":"product_tag","embeddable":true,"href":"https:\/\/compuviper.mx\/tienda\/wp-json\/wp\/v2\/product_tag?post=211229"}],"curies":[{"name":"wp","href":"https:\/\/api.w.org\/{rel}","templated":true}]}}