{"id":211227,"date":"2026-04-09T23:26:06","date_gmt":"2026-04-10T05:26:06","guid":{"rendered":"https:\/\/compuviper.mx\/tienda\/producto\/tp-link-tl-sm311ls-modulo-tp-link-monomodo-mini-gbic-transceiver-sfp-puerto-lc-upc-10km\/"},"modified":"2026-04-09T23:26:06","modified_gmt":"2026-04-10T05:26:06","slug":"tp-link-tl-sm311lssm311ls-modulo-tp-link-tl-sm311ls-monomodo-mini-gbic-transceiver-sfp-puerto-lc-upc-10km","status":"publish","type":"product","link":"https:\/\/compuviper.mx\/tienda\/producto\/tp-link-tl-sm311lssm311ls-modulo-tp-link-tl-sm311ls-monomodo-mini-gbic-transceiver-sfp-puerto-lc-upc-10km\/","title":{"rendered":"Tp Link Tl-sm311ls,sm311ls Modulo Tp-link Tl-sm311ls Monomodo Mini-gbic Transceiver Sfp Puerto Lc \/ Upc 10km"},"content":{"rendered":"<table class=\"descripcion\">\n<tr>\n<td>Convertidor de medios y m\u00f3dulo<\/td>\n<\/tr>\n<tr>\n<td>Normas y protocolos: ieee 802.3z, csma \/ cd, tcp \/ ip<\/td>\n<\/tr>\n<tr>\n<td>Longitud de onda: 1310 nm<\/td>\n<\/tr>\n<tr>\n<td>Fuente de alimentaci\u00f3n: 3.3v<\/td>\n<\/tr>\n<tr>\n<td>Seguridad y emisi\u00f3n: fcc, ce<\/td>\n<\/tr>\n<tr>\n<td>Cable: fibra de modo individual<\/td>\n<\/tr>\n<tr>\n<td>Tipo de fibra: modo individual 9\/125 \u00bfm<\/td>\n<\/tr>\n<tr>\n<td>Max. longitud del cable: 10km<\/td>\n<\/tr>\n<tr>\n<td>Velocidad de datos: 1.25gbps<\/td>\n<\/tr>\n<tr>\n<td>Tipo de puerto: lc \/ upc<\/td>\n<\/tr>\n<tr>\n<td>Ambiente: temperatura de funcionamiento: 0\u00bf~70\u00bf (32\u00bf~158\u00bf)  \/  temperatura de almacenamiento: -40\u00bf~80\u00bf (-40\u00bf~176\u00bf)  \/  humedad de funcionamiento: 10%~90% sin condensaci\u00f3n  \/  humedad de almacenamiento: 5%~90% sin condensaci\u00f3n<\/td>\n<\/tr>\n<\/table>\n","protected":false},"excerpt":{"rendered":"<p>M\u00f3dulo mini-gbic. Tl-sm311ls. * m\u00f3dulo mini-gbic de \u00fanico modo. * aplicado a tl-sg3109\/3216\/3224, tl-sl3428\/3452, tl-sg2109web\/2216web\/2224web, tl-sl2210web\/2218web\/2428web\/2452web, tl-sl1351. Los m\u00f3dulos para fibra de la serie tl-sm311 han sido dise\u00f1adas para ampliar la distancia de transferencia cuando se conectan a nuestros switches gestionados web smart. Gracias a ellos, es posible ampliar la distancia de transmisi\u00f3n a varios kil\u00f3metros, incluso a decenas de ellos, lo que puede satisfacer las necesidades de cualquier tipo de red local. El usuario puede escoger con qu\u00e9 dispositivos utilizar los m\u00f3dulos en funci\u00f3n de la demanda a fin de rebajar los costos.<\/p>\n","protected":false},"featured_media":211228,"comment_status":"open","ping_status":"open","template":"","meta":[],"product_cat":[1485,1523],"product_tag":[1562],"acf":[],"yoast_head":"<!-- This site is optimized with the Yoast SEO plugin v21.7 - https:\/\/yoast.com\/wordpress\/plugins\/seo\/ -->\n<title>[ Tp Link ] &#129351; Tl-sm311ls,sm311ls Modulo Tp-link Tl-sm311ls Monomodo Mini-gbic Transceiver Sfp Puerto Lc \/ Upc 10km<\/title>\n<meta name=\"description\" content=\"Compra Tl-sm311ls,sm311ls Modulo Tp-link Tl-sm311ls Monomodo Mini-gbic Transceiver Sfp Puerto Lc \/ Upc 10km + Env\u00edo a domicilio + Pago seguro + Garant\u00eda\" \/>\n<meta name=\"robots\" content=\"index, follow, max-snippet:-1, max-image-preview:large, max-video-preview:-1\" \/>\n<link rel=\"canonical\" href=\"https:\/\/compuviper.mx\/tienda\/producto\/tp-link-tl-sm311lssm311ls-modulo-tp-link-tl-sm311ls-monomodo-mini-gbic-transceiver-sfp-puerto-lc-upc-10km\/\" \/>\n<meta property=\"og:locale\" content=\"es_MX\" \/>\n<meta property=\"og:type\" content=\"article\" \/>\n<meta property=\"og:title\" content=\"[ Tp Link ] &#129351; Tl-sm311ls,sm311ls Modulo Tp-link Tl-sm311ls Monomodo Mini-gbic Transceiver Sfp Puerto Lc \/ Upc 10km\" \/>\n<meta property=\"og:description\" content=\"Compra Tl-sm311ls,sm311ls Modulo Tp-link Tl-sm311ls Monomodo Mini-gbic Transceiver Sfp Puerto Lc \/ Upc 10km + Env\u00edo a domicilio + Pago seguro + Garant\u00eda\" \/>\n<meta property=\"og:url\" content=\"https:\/\/compuviper.mx\/tienda\/producto\/tp-link-tl-sm311lssm311ls-modulo-tp-link-tl-sm311ls-monomodo-mini-gbic-transceiver-sfp-puerto-lc-upc-10km\/\" \/>\n<meta property=\"og:site_name\" content=\"Compuviper\" \/>\n<meta property=\"article:publisher\" content=\"https:\/\/www.facebook.com\/compuviper\" \/>\n<meta property=\"og:image\" content=\"https:\/\/compuviper.mx\/tienda\/wp-content\/uploads\/2023\/12\/Modulo-tp-link-tl-sm311ls-monomodo-mini-gbic-transceiver-sfp-puerto-lc-upc-10km.jpg\" \/>\n\t<meta property=\"og:image:width\" content=\"200\" \/>\n\t<meta property=\"og:image:height\" content=\"200\" \/>\n\t<meta property=\"og:image:type\" content=\"image\/jpeg\" \/>\n<meta name=\"twitter:card\" content=\"summary_large_image\" \/>\n<meta name=\"twitter:label1\" content=\"Precio\" \/>\n\t<meta name=\"twitter:data1\" content=\"&#36;256 con IVA\" \/>\n\t<meta name=\"twitter:label2\" content=\"Availability\" \/>\n\t<meta name=\"twitter:data2\" content=\"In stock\" \/>\n<script type=\"application\/ld+json\" class=\"yoast-schema-graph\">{\"@context\":\"https:\/\/schema.org\",\"@graph\":[{\"@type\":\"WebPage\",\"@id\":\"https:\/\/compuviper.mx\/tienda\/producto\/tp-link-tl-sm311lssm311ls-modulo-tp-link-tl-sm311ls-monomodo-mini-gbic-transceiver-sfp-puerto-lc-upc-10km\/\",\"url\":\"https:\/\/compuviper.mx\/tienda\/producto\/tp-link-tl-sm311lssm311ls-modulo-tp-link-tl-sm311ls-monomodo-mini-gbic-transceiver-sfp-puerto-lc-upc-10km\/\",\"name\":\"[ Tp Link ] &#129351; Tl-sm311ls,sm311ls Modulo Tp-link Tl-sm311ls Monomodo Mini-gbic Transceiver Sfp Puerto Lc \/ Upc 10km\",\"isPartOf\":{\"@id\":\"https:\/\/compuviper.mx\/tienda\/#website\"},\"datePublished\":\"2026-04-10T05:26:06+00:00\",\"dateModified\":\"2026-04-10T05:26:06+00:00\",\"description\":\"Compra Tl-sm311ls,sm311ls Modulo Tp-link Tl-sm311ls Monomodo Mini-gbic Transceiver Sfp Puerto Lc \/ Upc 10km + Env\u00edo a domicilio + Pago seguro + Garant\u00eda\",\"breadcrumb\":{\"@id\":\"https:\/\/compuviper.mx\/tienda\/producto\/tp-link-tl-sm311lssm311ls-modulo-tp-link-tl-sm311ls-monomodo-mini-gbic-transceiver-sfp-puerto-lc-upc-10km\/#breadcrumb\"},\"inLanguage\":\"es-MX\",\"potentialAction\":[{\"@type\":\"ReadAction\",\"target\":[\"https:\/\/compuviper.mx\/tienda\/producto\/tp-link-tl-sm311lssm311ls-modulo-tp-link-tl-sm311ls-monomodo-mini-gbic-transceiver-sfp-puerto-lc-upc-10km\/\"]}]},{\"@type\":\"BreadcrumbList\",\"@id\":\"https:\/\/compuviper.mx\/tienda\/producto\/tp-link-tl-sm311lssm311ls-modulo-tp-link-tl-sm311ls-monomodo-mini-gbic-transceiver-sfp-puerto-lc-upc-10km\/#breadcrumb\",\"itemListElement\":[{\"@type\":\"ListItem\",\"position\":1,\"name\":\"Inicio\",\"item\":\"https:\/\/compuviper.mx\/tienda\/\"},{\"@type\":\"ListItem\",\"position\":2,\"name\":\"Productos\",\"item\":\"https:\/\/compuviper.mx\/tienda\/productos\/\"},{\"@type\":\"ListItem\",\"position\":3,\"name\":\"Accesorios\",\"item\":\"https:\/\/compuviper.mx\/tienda\/categoria-producto\/accesorios\/\"},{\"@type\":\"ListItem\",\"position\":4,\"name\":\"Transceiver\",\"item\":\"https:\/\/compuviper.mx\/tienda\/categoria-producto\/accesorios\/transceiver\/\"},{\"@type\":\"ListItem\",\"position\":5,\"name\":\"Tp Link Tl-sm311ls,sm311ls Modulo Tp-link Tl-sm311ls Monomodo Mini-gbic Transceiver Sfp Puerto Lc \/ Upc 10km\"}]},{\"@type\":\"WebSite\",\"@id\":\"https:\/\/compuviper.mx\/tienda\/#website\",\"url\":\"https:\/\/compuviper.mx\/tienda\/\",\"name\":\"Compuviper\",\"description\":\"Proveedor de Computadoras, Laptops, Servidores, Monitores, Puntos de Venta, Teclados,   Impresoras, T\u00f3ner, C\u00e1maras de Seguridad y m\u00e1s en tu tienda en l\u00ednea\",\"publisher\":{\"@id\":\"https:\/\/compuviper.mx\/tienda\/#organization\"},\"potentialAction\":[{\"@type\":\"SearchAction\",\"target\":{\"@type\":\"EntryPoint\",\"urlTemplate\":\"https:\/\/compuviper.mx\/tienda\/?s={search_term_string}\"},\"query-input\":\"required name=search_term_string\"}],\"inLanguage\":\"es-MX\"},{\"@type\":\"Organization\",\"@id\":\"https:\/\/compuviper.mx\/tienda\/#organization\",\"name\":\"Compuviper\",\"url\":\"https:\/\/compuviper.mx\/tienda\/\",\"logo\":{\"@type\":\"ImageObject\",\"inLanguage\":\"es-MX\",\"@id\":\"https:\/\/compuviper.mx\/tienda\/#\/schema\/logo\/image\/\",\"url\":\"https:\/\/compuviper.mx\/tienda\/wp-content\/uploads\/2021\/08\/Logo-Compuviper-10.png\",\"contentUrl\":\"https:\/\/compuviper.mx\/tienda\/wp-content\/uploads\/2021\/08\/Logo-Compuviper-10.png\",\"width\":1000,\"height\":500,\"caption\":\"Compuviper\"},\"image\":{\"@id\":\"https:\/\/compuviper.mx\/tienda\/#\/schema\/logo\/image\/\"},\"sameAs\":[\"https:\/\/www.facebook.com\/compuviper\",\"https:\/\/www.youtube.com\/channel\/UCf73dERp9Y3cfOq7q8BhLjA?view_as=subscriber\"]}]}<\/script>\n<meta property=\"product:brand\" content=\"TP LINK\" \/>\n<meta property=\"product:price:amount\" content=\"256\" \/>\n<meta property=\"product:price:currency\" content=\"MXN\" \/>\n<meta property=\"og:availability\" content=\"instock\" \/>\n<meta property=\"product:availability\" content=\"instock\" \/>\n<meta property=\"product:retailer_item_id\" content=\"TL-SM311LS,SM311LS\" \/>\n<meta property=\"product:condition\" content=\"new\" \/>\n<!-- \/ Yoast SEO plugin. -->","yoast_head_json":{"title":"[ Tp Link ] &#129351; Tl-sm311ls,sm311ls Modulo Tp-link Tl-sm311ls Monomodo Mini-gbic Transceiver Sfp Puerto Lc \/ Upc 10km","description":"Compra Tl-sm311ls,sm311ls Modulo Tp-link Tl-sm311ls Monomodo Mini-gbic Transceiver Sfp Puerto Lc \/ Upc 10km + Env\u00edo a domicilio + Pago seguro + Garant\u00eda","robots":{"index":"index","follow":"follow","max-snippet":"max-snippet:-1","max-image-preview":"max-image-preview:large","max-video-preview":"max-video-preview:-1"},"canonical":"https:\/\/compuviper.mx\/tienda\/producto\/tp-link-tl-sm311lssm311ls-modulo-tp-link-tl-sm311ls-monomodo-mini-gbic-transceiver-sfp-puerto-lc-upc-10km\/","og_locale":"es_MX","og_type":"article","og_title":"[ Tp Link ] &#129351; Tl-sm311ls,sm311ls Modulo Tp-link Tl-sm311ls Monomodo Mini-gbic Transceiver Sfp Puerto Lc \/ Upc 10km","og_description":"Compra Tl-sm311ls,sm311ls Modulo Tp-link Tl-sm311ls Monomodo Mini-gbic Transceiver Sfp Puerto Lc \/ Upc 10km + Env\u00edo a domicilio + Pago seguro + Garant\u00eda","og_url":"https:\/\/compuviper.mx\/tienda\/producto\/tp-link-tl-sm311lssm311ls-modulo-tp-link-tl-sm311ls-monomodo-mini-gbic-transceiver-sfp-puerto-lc-upc-10km\/","og_site_name":"Compuviper","article_publisher":"https:\/\/www.facebook.com\/compuviper","og_image":[{"width":200,"height":200,"url":"https:\/\/compuviper.mx\/tienda\/wp-content\/uploads\/2023\/12\/Modulo-tp-link-tl-sm311ls-monomodo-mini-gbic-transceiver-sfp-puerto-lc-upc-10km.jpg","type":"image\/jpeg"}],"twitter_card":"summary_large_image","twitter_misc":{"Precio":"&#36;256 con IVA","Availability":"In stock"},"schema":{"@context":"https:\/\/schema.org","@graph":[{"@type":"WebPage","@id":"https:\/\/compuviper.mx\/tienda\/producto\/tp-link-tl-sm311lssm311ls-modulo-tp-link-tl-sm311ls-monomodo-mini-gbic-transceiver-sfp-puerto-lc-upc-10km\/","url":"https:\/\/compuviper.mx\/tienda\/producto\/tp-link-tl-sm311lssm311ls-modulo-tp-link-tl-sm311ls-monomodo-mini-gbic-transceiver-sfp-puerto-lc-upc-10km\/","name":"[ Tp Link ] &#129351; Tl-sm311ls,sm311ls Modulo Tp-link Tl-sm311ls Monomodo Mini-gbic Transceiver Sfp Puerto Lc \/ Upc 10km","isPartOf":{"@id":"https:\/\/compuviper.mx\/tienda\/#website"},"datePublished":"2026-04-10T05:26:06+00:00","dateModified":"2026-04-10T05:26:06+00:00","description":"Compra Tl-sm311ls,sm311ls Modulo Tp-link Tl-sm311ls Monomodo Mini-gbic Transceiver Sfp Puerto Lc \/ Upc 10km + Env\u00edo a domicilio + Pago seguro + Garant\u00eda","breadcrumb":{"@id":"https:\/\/compuviper.mx\/tienda\/producto\/tp-link-tl-sm311lssm311ls-modulo-tp-link-tl-sm311ls-monomodo-mini-gbic-transceiver-sfp-puerto-lc-upc-10km\/#breadcrumb"},"inLanguage":"es-MX","potentialAction":[{"@type":"ReadAction","target":["https:\/\/compuviper.mx\/tienda\/producto\/tp-link-tl-sm311lssm311ls-modulo-tp-link-tl-sm311ls-monomodo-mini-gbic-transceiver-sfp-puerto-lc-upc-10km\/"]}]},{"@type":"BreadcrumbList","@id":"https:\/\/compuviper.mx\/tienda\/producto\/tp-link-tl-sm311lssm311ls-modulo-tp-link-tl-sm311ls-monomodo-mini-gbic-transceiver-sfp-puerto-lc-upc-10km\/#breadcrumb","itemListElement":[{"@type":"ListItem","position":1,"name":"Inicio","item":"https:\/\/compuviper.mx\/tienda\/"},{"@type":"ListItem","position":2,"name":"Productos","item":"https:\/\/compuviper.mx\/tienda\/productos\/"},{"@type":"ListItem","position":3,"name":"Accesorios","item":"https:\/\/compuviper.mx\/tienda\/categoria-producto\/accesorios\/"},{"@type":"ListItem","position":4,"name":"Transceiver","item":"https:\/\/compuviper.mx\/tienda\/categoria-producto\/accesorios\/transceiver\/"},{"@type":"ListItem","position":5,"name":"Tp Link Tl-sm311ls,sm311ls Modulo Tp-link Tl-sm311ls Monomodo Mini-gbic Transceiver Sfp Puerto Lc \/ Upc 10km"}]},{"@type":"WebSite","@id":"https:\/\/compuviper.mx\/tienda\/#website","url":"https:\/\/compuviper.mx\/tienda\/","name":"Compuviper","description":"Proveedor de Computadoras, Laptops, Servidores, Monitores, Puntos de Venta, Teclados,   Impresoras, T\u00f3ner, C\u00e1maras de Seguridad y m\u00e1s en tu tienda en l\u00ednea","publisher":{"@id":"https:\/\/compuviper.mx\/tienda\/#organization"},"potentialAction":[{"@type":"SearchAction","target":{"@type":"EntryPoint","urlTemplate":"https:\/\/compuviper.mx\/tienda\/?s={search_term_string}"},"query-input":"required name=search_term_string"}],"inLanguage":"es-MX"},{"@type":"Organization","@id":"https:\/\/compuviper.mx\/tienda\/#organization","name":"Compuviper","url":"https:\/\/compuviper.mx\/tienda\/","logo":{"@type":"ImageObject","inLanguage":"es-MX","@id":"https:\/\/compuviper.mx\/tienda\/#\/schema\/logo\/image\/","url":"https:\/\/compuviper.mx\/tienda\/wp-content\/uploads\/2021\/08\/Logo-Compuviper-10.png","contentUrl":"https:\/\/compuviper.mx\/tienda\/wp-content\/uploads\/2021\/08\/Logo-Compuviper-10.png","width":1000,"height":500,"caption":"Compuviper"},"image":{"@id":"https:\/\/compuviper.mx\/tienda\/#\/schema\/logo\/image\/"},"sameAs":["https:\/\/www.facebook.com\/compuviper","https:\/\/www.youtube.com\/channel\/UCf73dERp9Y3cfOq7q8BhLjA?view_as=subscriber"]}]},"product_brand":"TP LINK","product_price_amount":"256","product_price_currency":"MXN","og_availability":"instock","product_availability":"instock","product_retailer_item_id":"TL-SM311LS,SM311LS","product_condition":"new"},"_links":{"self":[{"href":"https:\/\/compuviper.mx\/tienda\/wp-json\/wp\/v2\/product\/211227"}],"collection":[{"href":"https:\/\/compuviper.mx\/tienda\/wp-json\/wp\/v2\/product"}],"about":[{"href":"https:\/\/compuviper.mx\/tienda\/wp-json\/wp\/v2\/types\/product"}],"replies":[{"embeddable":true,"href":"https:\/\/compuviper.mx\/tienda\/wp-json\/wp\/v2\/comments?post=211227"}],"wp:featuredmedia":[{"embeddable":true,"href":"https:\/\/compuviper.mx\/tienda\/wp-json\/wp\/v2\/media\/211228"}],"wp:attachment":[{"href":"https:\/\/compuviper.mx\/tienda\/wp-json\/wp\/v2\/media?parent=211227"}],"wp:term":[{"taxonomy":"product_cat","embeddable":true,"href":"https:\/\/compuviper.mx\/tienda\/wp-json\/wp\/v2\/product_cat?post=211227"},{"taxonomy":"product_tag","embeddable":true,"href":"https:\/\/compuviper.mx\/tienda\/wp-json\/wp\/v2\/product_tag?post=211227"}],"curies":[{"name":"wp","href":"https:\/\/api.w.org\/{rel}","templated":true}]}}