{"id":211215,"date":"2026-04-10T23:24:35","date_gmt":"2026-04-11T05:24:35","guid":{"rendered":"https:\/\/compuviper.mx\/tienda\/producto\/provision-isr-pr-12v1a-apr-av1pr-av1pr-av1-fuente-de-poder-individual-pr-12v1a-a-12v-1a\/"},"modified":"2026-04-10T23:24:35","modified_gmt":"2026-04-11T05:24:35","slug":"provision-isr-pr-12v1a-apr-av1pr-av1pr-av1-fuente-de-poder-individual-pr-12v1a-a-12v-1a","status":"publish","type":"product","link":"https:\/\/compuviper.mx\/tienda\/producto\/provision-isr-pr-12v1a-apr-av1pr-av1pr-av1-fuente-de-poder-individual-pr-12v1a-a-12v-1a\/","title":{"rendered":"Provision Isr Pr-12v1a-a,pr-av1\nPr-av1\nPr-av1 Fuente De Poder Individual \/  Pr-12v1a-a \/ 12v\/1a"},"content":{"rendered":"<table class=\"descripcion\">\n<tr>\n<td>&#8211; fuente de poder individual de 12 volts, 1 amper.<\/td>\n<\/tr>\n<\/table>\n","protected":false},"excerpt":{"rendered":"<p>El complemento de toda c\u00e1mara de seguridad es. La fuente de poder, puede ser individual o centralizada. Todas nuestras fuentes de poder, poseen un filtro. Para regular el voltaje de salida, con lo que mantendremos. Intacta la integridad de las c\u00e1maras. Los picos de corriente. Ya no ser\u00e1n un problema.<\/p>\n","protected":false},"featured_media":211216,"comment_status":"open","ping_status":"open","template":"","meta":[],"product_cat":[1485,1525],"product_tag":[1526],"acf":[],"yoast_head":"<!-- This site is optimized with the Yoast SEO plugin v21.7 - https:\/\/yoast.com\/wordpress\/plugins\/seo\/ -->\n<title>[ Provision Isr ] &#129351; Pr-12v1a-a,pr-av1 Pr-av1 Pr-av1 Fuente De Poder Individual \/ Pr-12v1a-a \/ 12v\/1a<\/title>\n<meta name=\"description\" content=\"Compra Pr-12v1a-a,pr-av1 Pr-av1 Pr-av1 Fuente De Poder Individual \/ Pr-12v1a-a \/ 12v\/1a + Env\u00edo a domicilio + Pago seguro + Garant\u00eda\" \/>\n<meta name=\"robots\" content=\"index, follow, max-snippet:-1, max-image-preview:large, max-video-preview:-1\" \/>\n<link rel=\"canonical\" href=\"https:\/\/compuviper.mx\/tienda\/producto\/provision-isr-pr-12v1a-apr-av1pr-av1pr-av1-fuente-de-poder-individual-pr-12v1a-a-12v-1a\/\" \/>\n<meta property=\"og:locale\" content=\"es_MX\" \/>\n<meta property=\"og:type\" content=\"article\" \/>\n<meta property=\"og:title\" content=\"[ Provision Isr ] &#129351; Pr-12v1a-a,pr-av1 Pr-av1 Pr-av1 Fuente De Poder Individual \/ Pr-12v1a-a \/ 12v\/1a\" \/>\n<meta property=\"og:description\" content=\"Compra Pr-12v1a-a,pr-av1 Pr-av1 Pr-av1 Fuente De Poder Individual \/ Pr-12v1a-a \/ 12v\/1a + Env\u00edo a domicilio + Pago seguro + Garant\u00eda\" \/>\n<meta property=\"og:url\" content=\"https:\/\/compuviper.mx\/tienda\/producto\/provision-isr-pr-12v1a-apr-av1pr-av1pr-av1-fuente-de-poder-individual-pr-12v1a-a-12v-1a\/\" \/>\n<meta property=\"og:site_name\" content=\"Compuviper\" \/>\n<meta property=\"article:publisher\" content=\"https:\/\/www.facebook.com\/compuviper\" \/>\n<meta property=\"og:image\" content=\"https:\/\/compuviper.mx\/tienda\/wp-content\/uploads\/2023\/12\/Fuente-de-poder-individual-provision-isr-pr-12v1a-a-12v1a.jpg\" \/>\n\t<meta property=\"og:image:width\" content=\"200\" \/>\n\t<meta property=\"og:image:height\" content=\"200\" \/>\n\t<meta property=\"og:image:type\" content=\"image\/jpeg\" \/>\n<meta name=\"twitter:card\" content=\"summary_large_image\" \/>\n<meta name=\"twitter:label1\" content=\"Precio\" \/>\n\t<meta name=\"twitter:data1\" content=\"&#36;67 &#36;58 con IVA\" \/>\n\t<meta name=\"twitter:label2\" content=\"Availability\" \/>\n\t<meta name=\"twitter:data2\" content=\"In stock\" \/>\n<script type=\"application\/ld+json\" class=\"yoast-schema-graph\">{\"@context\":\"https:\/\/schema.org\",\"@graph\":[{\"@type\":\"WebPage\",\"@id\":\"https:\/\/compuviper.mx\/tienda\/producto\/provision-isr-pr-12v1a-apr-av1pr-av1pr-av1-fuente-de-poder-individual-pr-12v1a-a-12v-1a\/\",\"url\":\"https:\/\/compuviper.mx\/tienda\/producto\/provision-isr-pr-12v1a-apr-av1pr-av1pr-av1-fuente-de-poder-individual-pr-12v1a-a-12v-1a\/\",\"name\":\"[ Provision Isr ] &#129351; Pr-12v1a-a,pr-av1 Pr-av1 Pr-av1 Fuente De Poder Individual \/ Pr-12v1a-a \/ 12v\/1a\",\"isPartOf\":{\"@id\":\"https:\/\/compuviper.mx\/tienda\/#website\"},\"datePublished\":\"2026-04-11T05:24:35+00:00\",\"dateModified\":\"2026-04-11T05:24:35+00:00\",\"description\":\"Compra Pr-12v1a-a,pr-av1 Pr-av1 Pr-av1 Fuente De Poder Individual \/ Pr-12v1a-a \/ 12v\/1a + Env\u00edo a domicilio + Pago seguro + Garant\u00eda\",\"breadcrumb\":{\"@id\":\"https:\/\/compuviper.mx\/tienda\/producto\/provision-isr-pr-12v1a-apr-av1pr-av1pr-av1-fuente-de-poder-individual-pr-12v1a-a-12v-1a\/#breadcrumb\"},\"inLanguage\":\"es-MX\",\"potentialAction\":[{\"@type\":\"ReadAction\",\"target\":[\"https:\/\/compuviper.mx\/tienda\/producto\/provision-isr-pr-12v1a-apr-av1pr-av1pr-av1-fuente-de-poder-individual-pr-12v1a-a-12v-1a\/\"]}]},{\"@type\":\"BreadcrumbList\",\"@id\":\"https:\/\/compuviper.mx\/tienda\/producto\/provision-isr-pr-12v1a-apr-av1pr-av1pr-av1-fuente-de-poder-individual-pr-12v1a-a-12v-1a\/#breadcrumb\",\"itemListElement\":[{\"@type\":\"ListItem\",\"position\":1,\"name\":\"Inicio\",\"item\":\"https:\/\/compuviper.mx\/tienda\/\"},{\"@type\":\"ListItem\",\"position\":2,\"name\":\"Productos\",\"item\":\"https:\/\/compuviper.mx\/tienda\/productos\/\"},{\"@type\":\"ListItem\",\"position\":3,\"name\":\"Accesorios\",\"item\":\"https:\/\/compuviper.mx\/tienda\/categoria-producto\/accesorios\/\"},{\"@type\":\"ListItem\",\"position\":4,\"name\":\"Camaras\",\"item\":\"https:\/\/compuviper.mx\/tienda\/categoria-producto\/accesorios\/camaras\/\"},{\"@type\":\"ListItem\",\"position\":5,\"name\":\"Provision Isr Pr-12v1a-a,pr-av1 Pr-av1 Pr-av1 Fuente De Poder Individual \/ Pr-12v1a-a \/ 12v\/1a\"}]},{\"@type\":\"WebSite\",\"@id\":\"https:\/\/compuviper.mx\/tienda\/#website\",\"url\":\"https:\/\/compuviper.mx\/tienda\/\",\"name\":\"Compuviper\",\"description\":\"Proveedor de Computadoras, Laptops, Servidores, Monitores, Puntos de Venta, Teclados,   Impresoras, T\u00f3ner, C\u00e1maras de Seguridad y m\u00e1s en tu tienda en l\u00ednea\",\"publisher\":{\"@id\":\"https:\/\/compuviper.mx\/tienda\/#organization\"},\"potentialAction\":[{\"@type\":\"SearchAction\",\"target\":{\"@type\":\"EntryPoint\",\"urlTemplate\":\"https:\/\/compuviper.mx\/tienda\/?s={search_term_string}\"},\"query-input\":\"required name=search_term_string\"}],\"inLanguage\":\"es-MX\"},{\"@type\":\"Organization\",\"@id\":\"https:\/\/compuviper.mx\/tienda\/#organization\",\"name\":\"Compuviper\",\"url\":\"https:\/\/compuviper.mx\/tienda\/\",\"logo\":{\"@type\":\"ImageObject\",\"inLanguage\":\"es-MX\",\"@id\":\"https:\/\/compuviper.mx\/tienda\/#\/schema\/logo\/image\/\",\"url\":\"https:\/\/compuviper.mx\/tienda\/wp-content\/uploads\/2021\/08\/Logo-Compuviper-10.png\",\"contentUrl\":\"https:\/\/compuviper.mx\/tienda\/wp-content\/uploads\/2021\/08\/Logo-Compuviper-10.png\",\"width\":1000,\"height\":500,\"caption\":\"Compuviper\"},\"image\":{\"@id\":\"https:\/\/compuviper.mx\/tienda\/#\/schema\/logo\/image\/\"},\"sameAs\":[\"https:\/\/www.facebook.com\/compuviper\",\"https:\/\/www.youtube.com\/channel\/UCf73dERp9Y3cfOq7q8BhLjA?view_as=subscriber\"]}]}<\/script>\n<meta property=\"product:brand\" content=\"PROVISION ISR\" \/>\n<meta property=\"product:price:amount\" content=\"58\" \/>\n<meta property=\"product:price:currency\" content=\"MXN\" \/>\n<meta property=\"og:availability\" content=\"instock\" \/>\n<meta property=\"product:availability\" content=\"instock\" \/>\n<meta property=\"product:retailer_item_id\" content=\"PR-12V1A-A,PR-AV1 PR-AV1 PR-AV1\" \/>\n<meta property=\"product:condition\" content=\"new\" \/>\n<!-- \/ Yoast SEO plugin. -->","yoast_head_json":{"title":"[ Provision Isr ] &#129351; Pr-12v1a-a,pr-av1 Pr-av1 Pr-av1 Fuente De Poder Individual \/ Pr-12v1a-a \/ 12v\/1a","description":"Compra Pr-12v1a-a,pr-av1 Pr-av1 Pr-av1 Fuente De Poder Individual \/ Pr-12v1a-a \/ 12v\/1a + Env\u00edo a domicilio + Pago seguro + Garant\u00eda","robots":{"index":"index","follow":"follow","max-snippet":"max-snippet:-1","max-image-preview":"max-image-preview:large","max-video-preview":"max-video-preview:-1"},"canonical":"https:\/\/compuviper.mx\/tienda\/producto\/provision-isr-pr-12v1a-apr-av1pr-av1pr-av1-fuente-de-poder-individual-pr-12v1a-a-12v-1a\/","og_locale":"es_MX","og_type":"article","og_title":"[ Provision Isr ] &#129351; Pr-12v1a-a,pr-av1 Pr-av1 Pr-av1 Fuente De Poder Individual \/ Pr-12v1a-a \/ 12v\/1a","og_description":"Compra Pr-12v1a-a,pr-av1 Pr-av1 Pr-av1 Fuente De Poder Individual \/ Pr-12v1a-a \/ 12v\/1a + Env\u00edo a domicilio + Pago seguro + Garant\u00eda","og_url":"https:\/\/compuviper.mx\/tienda\/producto\/provision-isr-pr-12v1a-apr-av1pr-av1pr-av1-fuente-de-poder-individual-pr-12v1a-a-12v-1a\/","og_site_name":"Compuviper","article_publisher":"https:\/\/www.facebook.com\/compuviper","og_image":[{"width":200,"height":200,"url":"https:\/\/compuviper.mx\/tienda\/wp-content\/uploads\/2023\/12\/Fuente-de-poder-individual-provision-isr-pr-12v1a-a-12v1a.jpg","type":"image\/jpeg"}],"twitter_card":"summary_large_image","twitter_misc":{"Precio":"&#36;67 &#36;58 con IVA","Availability":"In stock"},"schema":{"@context":"https:\/\/schema.org","@graph":[{"@type":"WebPage","@id":"https:\/\/compuviper.mx\/tienda\/producto\/provision-isr-pr-12v1a-apr-av1pr-av1pr-av1-fuente-de-poder-individual-pr-12v1a-a-12v-1a\/","url":"https:\/\/compuviper.mx\/tienda\/producto\/provision-isr-pr-12v1a-apr-av1pr-av1pr-av1-fuente-de-poder-individual-pr-12v1a-a-12v-1a\/","name":"[ Provision Isr ] &#129351; Pr-12v1a-a,pr-av1 Pr-av1 Pr-av1 Fuente De Poder Individual \/ Pr-12v1a-a \/ 12v\/1a","isPartOf":{"@id":"https:\/\/compuviper.mx\/tienda\/#website"},"datePublished":"2026-04-11T05:24:35+00:00","dateModified":"2026-04-11T05:24:35+00:00","description":"Compra Pr-12v1a-a,pr-av1 Pr-av1 Pr-av1 Fuente De Poder Individual \/ Pr-12v1a-a \/ 12v\/1a + Env\u00edo a domicilio + Pago seguro + Garant\u00eda","breadcrumb":{"@id":"https:\/\/compuviper.mx\/tienda\/producto\/provision-isr-pr-12v1a-apr-av1pr-av1pr-av1-fuente-de-poder-individual-pr-12v1a-a-12v-1a\/#breadcrumb"},"inLanguage":"es-MX","potentialAction":[{"@type":"ReadAction","target":["https:\/\/compuviper.mx\/tienda\/producto\/provision-isr-pr-12v1a-apr-av1pr-av1pr-av1-fuente-de-poder-individual-pr-12v1a-a-12v-1a\/"]}]},{"@type":"BreadcrumbList","@id":"https:\/\/compuviper.mx\/tienda\/producto\/provision-isr-pr-12v1a-apr-av1pr-av1pr-av1-fuente-de-poder-individual-pr-12v1a-a-12v-1a\/#breadcrumb","itemListElement":[{"@type":"ListItem","position":1,"name":"Inicio","item":"https:\/\/compuviper.mx\/tienda\/"},{"@type":"ListItem","position":2,"name":"Productos","item":"https:\/\/compuviper.mx\/tienda\/productos\/"},{"@type":"ListItem","position":3,"name":"Accesorios","item":"https:\/\/compuviper.mx\/tienda\/categoria-producto\/accesorios\/"},{"@type":"ListItem","position":4,"name":"Camaras","item":"https:\/\/compuviper.mx\/tienda\/categoria-producto\/accesorios\/camaras\/"},{"@type":"ListItem","position":5,"name":"Provision Isr Pr-12v1a-a,pr-av1 Pr-av1 Pr-av1 Fuente De Poder Individual \/ Pr-12v1a-a \/ 12v\/1a"}]},{"@type":"WebSite","@id":"https:\/\/compuviper.mx\/tienda\/#website","url":"https:\/\/compuviper.mx\/tienda\/","name":"Compuviper","description":"Proveedor de Computadoras, Laptops, Servidores, Monitores, Puntos de Venta, Teclados,   Impresoras, T\u00f3ner, C\u00e1maras de Seguridad y m\u00e1s en tu tienda en l\u00ednea","publisher":{"@id":"https:\/\/compuviper.mx\/tienda\/#organization"},"potentialAction":[{"@type":"SearchAction","target":{"@type":"EntryPoint","urlTemplate":"https:\/\/compuviper.mx\/tienda\/?s={search_term_string}"},"query-input":"required name=search_term_string"}],"inLanguage":"es-MX"},{"@type":"Organization","@id":"https:\/\/compuviper.mx\/tienda\/#organization","name":"Compuviper","url":"https:\/\/compuviper.mx\/tienda\/","logo":{"@type":"ImageObject","inLanguage":"es-MX","@id":"https:\/\/compuviper.mx\/tienda\/#\/schema\/logo\/image\/","url":"https:\/\/compuviper.mx\/tienda\/wp-content\/uploads\/2021\/08\/Logo-Compuviper-10.png","contentUrl":"https:\/\/compuviper.mx\/tienda\/wp-content\/uploads\/2021\/08\/Logo-Compuviper-10.png","width":1000,"height":500,"caption":"Compuviper"},"image":{"@id":"https:\/\/compuviper.mx\/tienda\/#\/schema\/logo\/image\/"},"sameAs":["https:\/\/www.facebook.com\/compuviper","https:\/\/www.youtube.com\/channel\/UCf73dERp9Y3cfOq7q8BhLjA?view_as=subscriber"]}]},"product_brand":"PROVISION ISR","product_price_amount":"58","product_price_currency":"MXN","og_availability":"instock","product_availability":"instock","product_retailer_item_id":"PR-12V1A-A,PR-AV1 PR-AV1 PR-AV1","product_condition":"new"},"_links":{"self":[{"href":"https:\/\/compuviper.mx\/tienda\/wp-json\/wp\/v2\/product\/211215"}],"collection":[{"href":"https:\/\/compuviper.mx\/tienda\/wp-json\/wp\/v2\/product"}],"about":[{"href":"https:\/\/compuviper.mx\/tienda\/wp-json\/wp\/v2\/types\/product"}],"replies":[{"embeddable":true,"href":"https:\/\/compuviper.mx\/tienda\/wp-json\/wp\/v2\/comments?post=211215"}],"wp:featuredmedia":[{"embeddable":true,"href":"https:\/\/compuviper.mx\/tienda\/wp-json\/wp\/v2\/media\/211216"}],"wp:attachment":[{"href":"https:\/\/compuviper.mx\/tienda\/wp-json\/wp\/v2\/media?parent=211215"}],"wp:term":[{"taxonomy":"product_cat","embeddable":true,"href":"https:\/\/compuviper.mx\/tienda\/wp-json\/wp\/v2\/product_cat?post=211215"},{"taxonomy":"product_tag","embeddable":true,"href":"https:\/\/compuviper.mx\/tienda\/wp-json\/wp\/v2\/product_tag?post=211215"}],"curies":[{"name":"wp","href":"https:\/\/api.w.org\/{rel}","templated":true}]}}