{"id":211201,"date":"2026-04-08T23:24:00","date_gmt":"2026-04-09T05:24:00","guid":{"rendered":"https:\/\/compuviper.mx\/tienda\/producto\/manhattan-151269-switch-kvm-desktop-usb-41-con-cablesaudio\/"},"modified":"2026-04-08T23:24:00","modified_gmt":"2026-04-09T05:24:00","slug":"manhattan-151269-switch-kvm-desktop-usb-41-con-cablesaudio","status":"publish","type":"product","link":"https:\/\/compuviper.mx\/tienda\/producto\/manhattan-151269-switch-kvm-desktop-usb-41-con-cablesaudio\/","title":{"rendered":"Manhattan 151269 Switch Kvm,,, Desktop Usb 41 Con Cablesaudio"},"content":{"rendered":"<table class=\"descripcion\">\n<tr>\n<td>Est\u00e1ndares<\/td>\n<\/tr>\n<tr>\n<td>Usb 1.1<\/td>\n<\/tr>\n<tr>\n<td>General<\/td>\n<\/tr>\n<tr>\n<td>Conexiones a pc: 4<\/td>\n<\/tr>\n<tr>\n<td>Conexiones a la consola: 1<\/td>\n<\/tr>\n<tr>\n<td>Puertos de conexi\u00f3n a la pc:<\/td>\n<\/tr>\n<tr>\n<td>&#8211; 4 usb tipo a (teclado, rat\u00f3n), 4 hd15 macho (video) a trav\u00e9s de 4 cables de conexi\u00f3n 2 en 1 de 1.8 m y 4 jacks de audio de 3.5 mm (para el micr\u00f3fono y los altavoces) a trav\u00e9s de cables con doble jack de 1.8 m.<\/td>\n<\/tr>\n<tr>\n<td>Puertos de conexi\u00f3n a consola<\/td>\n<\/tr>\n<tr>\n<td>&#8211; 2 usb tipo a (teclado, rat\u00f3n)<\/td>\n<\/tr>\n<tr>\n<td>&#8211; 1 hd15 hembra (v\u00eddeo)<\/td>\n<\/tr>\n<tr>\n<td>Conectores de audio:<\/td>\n<\/tr>\n<tr>\n<td>&#8211; 1 de 3.5 mm (entrada del micr\u00f3fono de la consola)<\/td>\n<\/tr>\n<tr>\n<td>&#8211; 1 de 3.5 mm jack (salida de altavoces de la consola)<\/td>\n<\/tr>\n<tr>\n<td>Selecci\u00f3n de computadora<\/td>\n<\/tr>\n<tr>\n<td>&#8211; por botones<\/td>\n<\/tr>\n<tr>\n<td>&#8211; a trav\u00e9s de software de cliente basado en windows<\/td>\n<\/tr>\n<tr>\n<td>Resoluci\u00f3n de v\u00eddeo: m\u00e1ximo 1600 x 900<\/td>\n<\/tr>\n<tr>\n<td>Fcc clase b, ce, rohs<\/td>\n<\/tr>\n<tr>\n<td>Leds<\/td>\n<\/tr>\n<tr>\n<td>1 led por canal<\/td>\n<\/tr>\n<tr>\n<td>Alimentaci\u00f3n<\/td>\n<\/tr>\n<tr>\n<td>A trav\u00e9s del puerto usb<\/td>\n<\/tr>\n<tr>\n<td>Dise\u00f1o<\/td>\n<\/tr>\n<tr>\n<td>Chas\u00eds de pl\u00e1stico<\/td>\n<\/tr>\n<tr>\n<td>Dimensiones: 125 (largo) x 86 (ancho) x 26 (alto) mm<\/td>\n<\/tr>\n<tr>\n<td>Peso: 0.9 kg<\/td>\n<\/tr>\n<tr>\n<td>Temperatura de operaci\u00f3n: de -10\u00b0 c a 50\u00b0 c<\/td>\n<\/tr>\n<tr>\n<td>Factor de humedad: 0% \u00bf 90% rh, sin condensaci\u00f3n<\/td>\n<\/tr>\n<tr>\n<td>Temperatura de almacenamiento: -20\u00b0 c \u00bf 60\u00b0 c<\/td>\n<\/tr>\n<tr>\n<td>Contenido del paquete<\/td>\n<\/tr>\n<tr>\n<td>Switch kvm compacto de 4 puertos<\/td>\n<\/tr>\n<tr>\n<td>Gu\u00eda de instalaci\u00f3n r\u00e1pida<\/td>\n<\/tr>\n<tr>\n<td>Cables de conexi\u00f3n y audio (1.8 m)<\/td>\n<\/tr>\n<\/table>\n","protected":false},"excerpt":{"rendered":"<p>Maneje \/ controle 4 computadoras usb desde un solo teclado, monitor y rat\u00f3n. Conmutaci\u00f3n de audio y micr\u00f3fono para una experiencia ininterrumpida a trav\u00e9s de plataformas m\u00faltiples. Conexi\u00f3n de pc sin necesidad de apagar ni el switch kvm ni las computadoras. Selecci\u00f3n del canal a trav\u00e9s de botones y teclas definidads. Soporta resoluciones de hasta 1600 x 900 p\u00edxeles. Leds indicadores para un f\u00e1cil monitoreo. Alimentaci\u00f3n a trav\u00e9s del usb &#8211; no se requiere adaptador de alimentaci\u00f3n externa. Incluye cuatro cales de conexi\u00f3n para la computadora, los altavoces y el micr\u00f3fono<\/p>\n","protected":false},"featured_media":211202,"comment_status":"open","ping_status":"open","template":"","meta":[],"product_cat":[1485,1518],"product_tag":[1487],"acf":[],"yoast_head":"<!-- This site is optimized with the Yoast SEO plugin v21.7 - https:\/\/yoast.com\/wordpress\/plugins\/seo\/ -->\n<title>[ Manhattan ] &#129351; 151269 Switch Kvm,,, Desktop Usb 41 Con Cablesaudio<\/title>\n<meta name=\"description\" content=\"Compra 151269 Switch Kvm,,, Desktop Usb 41 Con Cablesaudio + Env\u00edo a domicilio + Pago seguro + Garant\u00eda\" \/>\n<meta name=\"robots\" content=\"index, follow, max-snippet:-1, max-image-preview:large, max-video-preview:-1\" \/>\n<link rel=\"canonical\" href=\"https:\/\/compuviper.mx\/tienda\/producto\/manhattan-151269-switch-kvm-desktop-usb-41-con-cablesaudio\/\" \/>\n<meta property=\"og:locale\" content=\"es_MX\" \/>\n<meta property=\"og:type\" content=\"article\" \/>\n<meta property=\"og:title\" content=\"[ Manhattan ] &#129351; 151269 Switch Kvm,,, Desktop Usb 41 Con Cablesaudio\" \/>\n<meta property=\"og:description\" content=\"Compra 151269 Switch Kvm,,, Desktop Usb 41 Con Cablesaudio + Env\u00edo a domicilio + Pago seguro + Garant\u00eda\" \/>\n<meta property=\"og:url\" content=\"https:\/\/compuviper.mx\/tienda\/producto\/manhattan-151269-switch-kvm-desktop-usb-41-con-cablesaudio\/\" \/>\n<meta property=\"og:site_name\" content=\"Compuviper\" \/>\n<meta property=\"article:publisher\" content=\"https:\/\/www.facebook.com\/compuviper\" \/>\n<meta property=\"og:image\" content=\"https:\/\/compuviper.mx\/tienda\/wp-content\/uploads\/2023\/12\/Switch-kvmmanhattan151269-desktop-usb-41-con-cablesaudio.jpg\" \/>\n\t<meta property=\"og:image:width\" content=\"200\" \/>\n\t<meta property=\"og:image:height\" content=\"200\" \/>\n\t<meta property=\"og:image:type\" content=\"image\/jpeg\" \/>\n<meta name=\"twitter:card\" content=\"summary_large_image\" \/>\n<meta name=\"twitter:label1\" content=\"Precio\" \/>\n\t<meta name=\"twitter:data1\" content=\"&#36;1,738 con IVA\" \/>\n\t<meta name=\"twitter:label2\" content=\"Availability\" \/>\n\t<meta name=\"twitter:data2\" content=\"In stock\" \/>\n<script type=\"application\/ld+json\" class=\"yoast-schema-graph\">{\"@context\":\"https:\/\/schema.org\",\"@graph\":[{\"@type\":\"WebPage\",\"@id\":\"https:\/\/compuviper.mx\/tienda\/producto\/manhattan-151269-switch-kvm-desktop-usb-41-con-cablesaudio\/\",\"url\":\"https:\/\/compuviper.mx\/tienda\/producto\/manhattan-151269-switch-kvm-desktop-usb-41-con-cablesaudio\/\",\"name\":\"[ Manhattan ] &#129351; 151269 Switch Kvm,,, Desktop Usb 41 Con Cablesaudio\",\"isPartOf\":{\"@id\":\"https:\/\/compuviper.mx\/tienda\/#website\"},\"datePublished\":\"2026-04-09T05:24:00+00:00\",\"dateModified\":\"2026-04-09T05:24:00+00:00\",\"description\":\"Compra 151269 Switch Kvm,,, Desktop Usb 41 Con Cablesaudio + Env\u00edo a domicilio + Pago seguro + Garant\u00eda\",\"breadcrumb\":{\"@id\":\"https:\/\/compuviper.mx\/tienda\/producto\/manhattan-151269-switch-kvm-desktop-usb-41-con-cablesaudio\/#breadcrumb\"},\"inLanguage\":\"es-MX\",\"potentialAction\":[{\"@type\":\"ReadAction\",\"target\":[\"https:\/\/compuviper.mx\/tienda\/producto\/manhattan-151269-switch-kvm-desktop-usb-41-con-cablesaudio\/\"]}]},{\"@type\":\"BreadcrumbList\",\"@id\":\"https:\/\/compuviper.mx\/tienda\/producto\/manhattan-151269-switch-kvm-desktop-usb-41-con-cablesaudio\/#breadcrumb\",\"itemListElement\":[{\"@type\":\"ListItem\",\"position\":1,\"name\":\"Inicio\",\"item\":\"https:\/\/compuviper.mx\/tienda\/\"},{\"@type\":\"ListItem\",\"position\":2,\"name\":\"Productos\",\"item\":\"https:\/\/compuviper.mx\/tienda\/productos\/\"},{\"@type\":\"ListItem\",\"position\":3,\"name\":\"Accesorios\",\"item\":\"https:\/\/compuviper.mx\/tienda\/categoria-producto\/accesorios\/\"},{\"@type\":\"ListItem\",\"position\":4,\"name\":\"Kvm\",\"item\":\"https:\/\/compuviper.mx\/tienda\/categoria-producto\/accesorios\/kvm\/\"},{\"@type\":\"ListItem\",\"position\":5,\"name\":\"Manhattan 151269 Switch Kvm,,, Desktop Usb 41 Con Cablesaudio\"}]},{\"@type\":\"WebSite\",\"@id\":\"https:\/\/compuviper.mx\/tienda\/#website\",\"url\":\"https:\/\/compuviper.mx\/tienda\/\",\"name\":\"Compuviper\",\"description\":\"Proveedor de Computadoras, Laptops, Servidores, Monitores, Puntos de Venta, Teclados,   Impresoras, T\u00f3ner, C\u00e1maras de Seguridad y m\u00e1s en tu tienda en l\u00ednea\",\"publisher\":{\"@id\":\"https:\/\/compuviper.mx\/tienda\/#organization\"},\"potentialAction\":[{\"@type\":\"SearchAction\",\"target\":{\"@type\":\"EntryPoint\",\"urlTemplate\":\"https:\/\/compuviper.mx\/tienda\/?s={search_term_string}\"},\"query-input\":\"required name=search_term_string\"}],\"inLanguage\":\"es-MX\"},{\"@type\":\"Organization\",\"@id\":\"https:\/\/compuviper.mx\/tienda\/#organization\",\"name\":\"Compuviper\",\"url\":\"https:\/\/compuviper.mx\/tienda\/\",\"logo\":{\"@type\":\"ImageObject\",\"inLanguage\":\"es-MX\",\"@id\":\"https:\/\/compuviper.mx\/tienda\/#\/schema\/logo\/image\/\",\"url\":\"https:\/\/compuviper.mx\/tienda\/wp-content\/uploads\/2021\/08\/Logo-Compuviper-10.png\",\"contentUrl\":\"https:\/\/compuviper.mx\/tienda\/wp-content\/uploads\/2021\/08\/Logo-Compuviper-10.png\",\"width\":1000,\"height\":500,\"caption\":\"Compuviper\"},\"image\":{\"@id\":\"https:\/\/compuviper.mx\/tienda\/#\/schema\/logo\/image\/\"},\"sameAs\":[\"https:\/\/www.facebook.com\/compuviper\",\"https:\/\/www.youtube.com\/channel\/UCf73dERp9Y3cfOq7q8BhLjA?view_as=subscriber\"]}]}<\/script>\n<meta property=\"product:brand\" content=\"MANHATTAN\" \/>\n<meta property=\"product:price:amount\" content=\"1738\" \/>\n<meta property=\"product:price:currency\" content=\"MXN\" \/>\n<meta property=\"og:availability\" content=\"instock\" \/>\n<meta property=\"product:availability\" content=\"instock\" \/>\n<meta property=\"product:retailer_item_id\" content=\"151269\" \/>\n<meta property=\"product:condition\" content=\"new\" \/>\n<!-- \/ Yoast SEO plugin. -->","yoast_head_json":{"title":"[ Manhattan ] &#129351; 151269 Switch Kvm,,, Desktop Usb 41 Con Cablesaudio","description":"Compra 151269 Switch Kvm,,, Desktop Usb 41 Con Cablesaudio + Env\u00edo a domicilio + Pago seguro + Garant\u00eda","robots":{"index":"index","follow":"follow","max-snippet":"max-snippet:-1","max-image-preview":"max-image-preview:large","max-video-preview":"max-video-preview:-1"},"canonical":"https:\/\/compuviper.mx\/tienda\/producto\/manhattan-151269-switch-kvm-desktop-usb-41-con-cablesaudio\/","og_locale":"es_MX","og_type":"article","og_title":"[ Manhattan ] &#129351; 151269 Switch Kvm,,, Desktop Usb 41 Con Cablesaudio","og_description":"Compra 151269 Switch Kvm,,, Desktop Usb 41 Con Cablesaudio + Env\u00edo a domicilio + Pago seguro + Garant\u00eda","og_url":"https:\/\/compuviper.mx\/tienda\/producto\/manhattan-151269-switch-kvm-desktop-usb-41-con-cablesaudio\/","og_site_name":"Compuviper","article_publisher":"https:\/\/www.facebook.com\/compuviper","og_image":[{"width":200,"height":200,"url":"https:\/\/compuviper.mx\/tienda\/wp-content\/uploads\/2023\/12\/Switch-kvmmanhattan151269-desktop-usb-41-con-cablesaudio.jpg","type":"image\/jpeg"}],"twitter_card":"summary_large_image","twitter_misc":{"Precio":"&#36;1,738 con IVA","Availability":"In stock"},"schema":{"@context":"https:\/\/schema.org","@graph":[{"@type":"WebPage","@id":"https:\/\/compuviper.mx\/tienda\/producto\/manhattan-151269-switch-kvm-desktop-usb-41-con-cablesaudio\/","url":"https:\/\/compuviper.mx\/tienda\/producto\/manhattan-151269-switch-kvm-desktop-usb-41-con-cablesaudio\/","name":"[ Manhattan ] &#129351; 151269 Switch Kvm,,, Desktop Usb 41 Con Cablesaudio","isPartOf":{"@id":"https:\/\/compuviper.mx\/tienda\/#website"},"datePublished":"2026-04-09T05:24:00+00:00","dateModified":"2026-04-09T05:24:00+00:00","description":"Compra 151269 Switch Kvm,,, Desktop Usb 41 Con Cablesaudio + Env\u00edo a domicilio + Pago seguro + Garant\u00eda","breadcrumb":{"@id":"https:\/\/compuviper.mx\/tienda\/producto\/manhattan-151269-switch-kvm-desktop-usb-41-con-cablesaudio\/#breadcrumb"},"inLanguage":"es-MX","potentialAction":[{"@type":"ReadAction","target":["https:\/\/compuviper.mx\/tienda\/producto\/manhattan-151269-switch-kvm-desktop-usb-41-con-cablesaudio\/"]}]},{"@type":"BreadcrumbList","@id":"https:\/\/compuviper.mx\/tienda\/producto\/manhattan-151269-switch-kvm-desktop-usb-41-con-cablesaudio\/#breadcrumb","itemListElement":[{"@type":"ListItem","position":1,"name":"Inicio","item":"https:\/\/compuviper.mx\/tienda\/"},{"@type":"ListItem","position":2,"name":"Productos","item":"https:\/\/compuviper.mx\/tienda\/productos\/"},{"@type":"ListItem","position":3,"name":"Accesorios","item":"https:\/\/compuviper.mx\/tienda\/categoria-producto\/accesorios\/"},{"@type":"ListItem","position":4,"name":"Kvm","item":"https:\/\/compuviper.mx\/tienda\/categoria-producto\/accesorios\/kvm\/"},{"@type":"ListItem","position":5,"name":"Manhattan 151269 Switch Kvm,,, Desktop Usb 41 Con Cablesaudio"}]},{"@type":"WebSite","@id":"https:\/\/compuviper.mx\/tienda\/#website","url":"https:\/\/compuviper.mx\/tienda\/","name":"Compuviper","description":"Proveedor de Computadoras, Laptops, Servidores, Monitores, Puntos de Venta, Teclados,   Impresoras, T\u00f3ner, C\u00e1maras de Seguridad y m\u00e1s en tu tienda en l\u00ednea","publisher":{"@id":"https:\/\/compuviper.mx\/tienda\/#organization"},"potentialAction":[{"@type":"SearchAction","target":{"@type":"EntryPoint","urlTemplate":"https:\/\/compuviper.mx\/tienda\/?s={search_term_string}"},"query-input":"required name=search_term_string"}],"inLanguage":"es-MX"},{"@type":"Organization","@id":"https:\/\/compuviper.mx\/tienda\/#organization","name":"Compuviper","url":"https:\/\/compuviper.mx\/tienda\/","logo":{"@type":"ImageObject","inLanguage":"es-MX","@id":"https:\/\/compuviper.mx\/tienda\/#\/schema\/logo\/image\/","url":"https:\/\/compuviper.mx\/tienda\/wp-content\/uploads\/2021\/08\/Logo-Compuviper-10.png","contentUrl":"https:\/\/compuviper.mx\/tienda\/wp-content\/uploads\/2021\/08\/Logo-Compuviper-10.png","width":1000,"height":500,"caption":"Compuviper"},"image":{"@id":"https:\/\/compuviper.mx\/tienda\/#\/schema\/logo\/image\/"},"sameAs":["https:\/\/www.facebook.com\/compuviper","https:\/\/www.youtube.com\/channel\/UCf73dERp9Y3cfOq7q8BhLjA?view_as=subscriber"]}]},"product_brand":"MANHATTAN","product_price_amount":"1738","product_price_currency":"MXN","og_availability":"instock","product_availability":"instock","product_retailer_item_id":"151269","product_condition":"new"},"_links":{"self":[{"href":"https:\/\/compuviper.mx\/tienda\/wp-json\/wp\/v2\/product\/211201"}],"collection":[{"href":"https:\/\/compuviper.mx\/tienda\/wp-json\/wp\/v2\/product"}],"about":[{"href":"https:\/\/compuviper.mx\/tienda\/wp-json\/wp\/v2\/types\/product"}],"replies":[{"embeddable":true,"href":"https:\/\/compuviper.mx\/tienda\/wp-json\/wp\/v2\/comments?post=211201"}],"wp:featuredmedia":[{"embeddable":true,"href":"https:\/\/compuviper.mx\/tienda\/wp-json\/wp\/v2\/media\/211202"}],"wp:attachment":[{"href":"https:\/\/compuviper.mx\/tienda\/wp-json\/wp\/v2\/media?parent=211201"}],"wp:term":[{"taxonomy":"product_cat","embeddable":true,"href":"https:\/\/compuviper.mx\/tienda\/wp-json\/wp\/v2\/product_cat?post=211201"},{"taxonomy":"product_tag","embeddable":true,"href":"https:\/\/compuviper.mx\/tienda\/wp-json\/wp\/v2\/product_tag?post=211201"}],"curies":[{"name":"wp","href":"https:\/\/api.w.org\/{rel}","templated":true}]}}