{"id":211183,"date":"2026-04-01T23:25:49","date_gmt":"2026-04-02T05:25:49","guid":{"rendered":"https:\/\/compuviper.mx\/tienda\/producto\/tp-link-mc111cs-convertidor-de-medios-tp-link-mono-modo-wdm-conector-de-fibra-sc-a-rj45-10-100mbps\/"},"modified":"2026-04-01T23:25:50","modified_gmt":"2026-04-02T05:25:50","slug":"tp-link-mc111cs-convertidor-de-medios-tp-link-mono-modo-wdm-conector-de-fibra-sc-a-rj45-10-100mbps","status":"publish","type":"product","link":"https:\/\/compuviper.mx\/tienda\/producto\/tp-link-mc111cs-convertidor-de-medios-tp-link-mono-modo-wdm-conector-de-fibra-sc-a-rj45-10-100mbps\/","title":{"rendered":"Tp Link Mc111cs Convertidor De Medios | Tp-link |  | Mono Modo | Wdm Conector De Fibra Sc A Rj45 | 10\/100mbps"},"content":{"rendered":"<table class=\"descripcion\">\n<tr>\n<td>Est\u00e1ndares y protocolos ieee 802.3, ieee 802.3u, ieee 802.3x<\/td>\n<\/tr>\n<tr>\n<td>La funci\u00f3n b\u00e1sica adopta la tecnolog\u00eda wdm<\/td>\n<\/tr>\n<tr>\n<td>Modo de transferencia half \/ full-duplex para el puerto fx<\/td>\n<\/tr>\n<tr>\n<td>Control de flujo full duplex (ieee 802.3x)<\/td>\n<\/tr>\n<tr>\n<td>Control de flujo semid\u00faplex (contrapresi\u00f3n)<\/td>\n<\/tr>\n<tr>\n<td>Falla de enlace passthrough y far end fault minimizan oportunamente la p\u00e9rdida causada por la falla del enlace<\/td>\n<\/tr>\n<tr>\n<td>Extiende la distancia de fibra hasta 20 km<\/td>\n<\/tr>\n<tr>\n<td>Puertos 1 100m sc \/ puerto upc<\/td>\n<\/tr>\n<tr>\n<td>1 puerto 100m rj45 (auto mdi \/ mdix)<\/td>\n<\/tr>\n<tr>\n<td>Longitud de onda 1550nm tx \/ 1310nm rx<\/td>\n<\/tr>\n<tr>\n<td>Wdm tx 1550nm<\/td>\n<\/tr>\n<tr>\n<td>Wdm rx 1310nm<\/td>\n<\/tr>\n<tr>\n<td>Cable de red 10base-t utp categor\u00eda 3, 4, 5 (m\u00e1ximo 100 m)<\/td>\n<\/tr>\n<tr>\n<td>Eia \/ tia-568 100 and #937; stp (100 m m\u00e1ximo)<\/td>\n<\/tr>\n<tr>\n<td>Network media 100base-t utp category 5, 5e cable (m\u00e1ximo 100m)<\/td>\n<\/tr>\n<tr>\n<td>Eia \/ tia-568 100 and #937; stp (100 m m\u00e1ximo)<\/td>\n<\/tr>\n<tr>\n<td>Network media 100base-fx fibra monomodo<\/td>\n<\/tr>\n<tr>\n<td>Indicadores led pwr, fdx \/ col, enlace \/ ley, spd<\/td>\n<\/tr>\n<tr>\n<td>Dimensiones (w * d * h) 3.7 * 2.9 * 1.1 in. (94.5 * 73.0 * 27.0 mm)<\/td>\n<\/tr>\n<tr>\n<td>Fuente de alimentaci\u00f3n adaptador de corriente externo<\/td>\n<\/tr>\n<tr>\n<td>Consumo m\u00e1ximo de energ\u00eda 2.49w<\/td>\n<\/tr>\n<tr>\n<td>Seguridad y emisi\u00f3n fcc, ce, rohs<\/td>\n<\/tr>\n<tr>\n<td>Temperatura de funcionamiento del ambiente: 0  and #8451; ~ 40  and #8451; (32  and #8457; ~ 104  and #8457;)<\/td>\n<\/tr>\n<tr>\n<td>Temperatura de almacenamiento: -40  and #8451; ~ 70  and #8451; (-40  and #8457; ~ 158  and #8457;)<\/td>\n<\/tr>\n<tr>\n<td>Humedad de funcionamiento: 10% ~ 90% sin condensaci\u00f3n<\/td>\n<\/tr>\n<tr>\n<td>Humedad de almacenamiento: 5% ~ 90% sin condensaci\u00f3n<\/td>\n<\/tr>\n<\/table>\n","protected":false},"excerpt":{"rendered":"<p>Compatible con los est\u00e1ndares 802.3u 10\/100 base-tx, 100base-fx. El paso de enlace de fallas y errores minimizan oportunamente la p\u00e9rdida causada por la falla en el enlace. Adopta la tecnolog\u00eda wdm, transmite y recibe datos en una sola fibra. Para qu\u00e9 sirve este producto. El mc111cs es un conversor de medios dise\u00f1ado para convertir el cable de fibra 100base-fx a cable de cobre 100base-tx o viceversa. El mc111cs incorpora la tecnolog\u00eda wdm mediante la cual \u00fanicamente es necesario un solo cable de fibra para transmitir y recibir datos, lo que permite ahorrar la mitad del coste en cables. El mc111cs est\u00e1 dise\u00f1ado siguiendo los est\u00e1ndares ieee 802.3u 10\/100base-tx y 100base-fx y utiliza cable de fibra monomodo provisto de un conector tipo sc. El mc111cs soporta la especificaci\u00f3n de l\u00e1ser de onda larga (lx) a la m\u00e1xima velocidad de transmisi\u00f3n. Funciona a 1550 nm en el env\u00edo de datos y a 1310 nm en la recepci\u00f3n. De este modo, el dispositivo que funciona en conjunto con el mc111cs debe trabajar a 1310 nm en el env\u00edo de datos y 1550 nm en la recepci\u00f3n. El conversor de medios mc112cs de tp-link es s\u00f3lo uno de los dispositivos que pueden funcionar en conjunto con el mc111cs. Otras de las ventajas de este m\u00f3dulo es la posibilidad de utilizarlo de forma independiente (sin necesidad de carcasa) o con un chasis de 19 de tp-link. Adem\u00e1s, detecta autom\u00e1ticamente tanto el modo mdi\/mdi-x como el modo duplex en el puerto tx e incluye leds de estado en su panel frontal. El mc111cs ampl\u00eda el rango de distancia de la transmisi\u00f3n \u00f3ptica hasta 15 kil\u00f3metros utilizando fibra monomodo.<\/p>\n","protected":false},"featured_media":211184,"comment_status":"open","ping_status":"open","template":"","meta":[],"product_cat":[1485,1581],"product_tag":[1562],"acf":[],"yoast_head":"<!-- This site is optimized with the Yoast SEO plugin v21.7 - https:\/\/yoast.com\/wordpress\/plugins\/seo\/ -->\n<title>[ Tp Link ] &#129351; Mc111cs Convertidor De Medios | Tp-link | | Mono Modo | Wdm Conector De Fibra Sc A Rj45 | 10\/100mbps<\/title>\n<meta name=\"description\" content=\"Compra Mc111cs Convertidor De Medios | Tp-link | | Mono Modo | Wdm Conector De Fibra Sc A Rj45 | 10\/100mbps + Env\u00edo a domicilio + Pago seguro + Garant\u00eda\" \/>\n<meta name=\"robots\" content=\"index, follow, max-snippet:-1, max-image-preview:large, max-video-preview:-1\" \/>\n<link rel=\"canonical\" href=\"https:\/\/compuviper.mx\/tienda\/producto\/tp-link-mc111cs-convertidor-de-medios-tp-link-mono-modo-wdm-conector-de-fibra-sc-a-rj45-10-100mbps\/\" \/>\n<meta property=\"og:locale\" content=\"es_MX\" \/>\n<meta property=\"og:type\" content=\"article\" \/>\n<meta property=\"og:title\" content=\"[ Tp Link ] &#129351; Mc111cs Convertidor De Medios | Tp-link | | Mono Modo | Wdm Conector De Fibra Sc A Rj45 | 10\/100mbps\" \/>\n<meta property=\"og:description\" content=\"Compra Mc111cs Convertidor De Medios | Tp-link | | Mono Modo | Wdm Conector De Fibra Sc A Rj45 | 10\/100mbps + Env\u00edo a domicilio + Pago seguro + Garant\u00eda\" \/>\n<meta property=\"og:url\" content=\"https:\/\/compuviper.mx\/tienda\/producto\/tp-link-mc111cs-convertidor-de-medios-tp-link-mono-modo-wdm-conector-de-fibra-sc-a-rj45-10-100mbps\/\" \/>\n<meta property=\"og:site_name\" content=\"Compuviper\" \/>\n<meta property=\"article:publisher\" content=\"https:\/\/www.facebook.com\/compuviper\" \/>\n<meta property=\"article:modified_time\" content=\"2026-04-02T05:25:50+00:00\" \/>\n<meta property=\"og:image\" content=\"https:\/\/compuviper.mx\/tienda\/wp-content\/uploads\/2023\/12\/Convertidor-de-medios-tp-link-mc111cs-mono-modo-wdm-conector-de-fibra-sc-a-rj45-10100mbps.jpg\" \/>\n\t<meta property=\"og:image:width\" content=\"200\" \/>\n\t<meta property=\"og:image:height\" content=\"200\" \/>\n\t<meta property=\"og:image:type\" content=\"image\/jpeg\" \/>\n<meta name=\"twitter:card\" content=\"summary_large_image\" \/>\n<meta name=\"twitter:label1\" content=\"Precio\" \/>\n\t<meta name=\"twitter:data1\" content=\"&#36;316 con IVA\" \/>\n\t<meta name=\"twitter:label2\" content=\"Availability\" \/>\n\t<meta name=\"twitter:data2\" content=\"Out of stock\" \/>\n<script type=\"application\/ld+json\" class=\"yoast-schema-graph\">{\"@context\":\"https:\/\/schema.org\",\"@graph\":[{\"@type\":\"WebPage\",\"@id\":\"https:\/\/compuviper.mx\/tienda\/producto\/tp-link-mc111cs-convertidor-de-medios-tp-link-mono-modo-wdm-conector-de-fibra-sc-a-rj45-10-100mbps\/\",\"url\":\"https:\/\/compuviper.mx\/tienda\/producto\/tp-link-mc111cs-convertidor-de-medios-tp-link-mono-modo-wdm-conector-de-fibra-sc-a-rj45-10-100mbps\/\",\"name\":\"[ Tp Link ] &#129351; Mc111cs Convertidor De Medios | Tp-link | | Mono Modo | Wdm Conector De Fibra Sc A Rj45 | 10\/100mbps\",\"isPartOf\":{\"@id\":\"https:\/\/compuviper.mx\/tienda\/#website\"},\"datePublished\":\"2026-04-02T05:25:49+00:00\",\"dateModified\":\"2026-04-02T05:25:50+00:00\",\"description\":\"Compra Mc111cs Convertidor De Medios | Tp-link | | Mono Modo | Wdm Conector De Fibra Sc A Rj45 | 10\/100mbps + Env\u00edo a domicilio + Pago seguro + Garant\u00eda\",\"breadcrumb\":{\"@id\":\"https:\/\/compuviper.mx\/tienda\/producto\/tp-link-mc111cs-convertidor-de-medios-tp-link-mono-modo-wdm-conector-de-fibra-sc-a-rj45-10-100mbps\/#breadcrumb\"},\"inLanguage\":\"es-MX\",\"potentialAction\":[{\"@type\":\"ReadAction\",\"target\":[\"https:\/\/compuviper.mx\/tienda\/producto\/tp-link-mc111cs-convertidor-de-medios-tp-link-mono-modo-wdm-conector-de-fibra-sc-a-rj45-10-100mbps\/\"]}]},{\"@type\":\"BreadcrumbList\",\"@id\":\"https:\/\/compuviper.mx\/tienda\/producto\/tp-link-mc111cs-convertidor-de-medios-tp-link-mono-modo-wdm-conector-de-fibra-sc-a-rj45-10-100mbps\/#breadcrumb\",\"itemListElement\":[{\"@type\":\"ListItem\",\"position\":1,\"name\":\"Inicio\",\"item\":\"https:\/\/compuviper.mx\/tienda\/\"},{\"@type\":\"ListItem\",\"position\":2,\"name\":\"Productos\",\"item\":\"https:\/\/compuviper.mx\/tienda\/productos\/\"},{\"@type\":\"ListItem\",\"position\":3,\"name\":\"Accesorios\",\"item\":\"https:\/\/compuviper.mx\/tienda\/categoria-producto\/accesorios\/\"},{\"@type\":\"ListItem\",\"position\":4,\"name\":\"Redes\",\"item\":\"https:\/\/compuviper.mx\/tienda\/categoria-producto\/accesorios\/redes-accesorios\/\"},{\"@type\":\"ListItem\",\"position\":5,\"name\":\"Tp Link Mc111cs Convertidor De Medios | Tp-link | | Mono Modo | Wdm Conector De Fibra Sc A Rj45 | 10\/100mbps\"}]},{\"@type\":\"WebSite\",\"@id\":\"https:\/\/compuviper.mx\/tienda\/#website\",\"url\":\"https:\/\/compuviper.mx\/tienda\/\",\"name\":\"Compuviper\",\"description\":\"Proveedor de Computadoras, Laptops, Servidores, Monitores, Puntos de Venta, Teclados,   Impresoras, T\u00f3ner, C\u00e1maras de Seguridad y m\u00e1s en tu tienda en l\u00ednea\",\"publisher\":{\"@id\":\"https:\/\/compuviper.mx\/tienda\/#organization\"},\"potentialAction\":[{\"@type\":\"SearchAction\",\"target\":{\"@type\":\"EntryPoint\",\"urlTemplate\":\"https:\/\/compuviper.mx\/tienda\/?s={search_term_string}\"},\"query-input\":\"required name=search_term_string\"}],\"inLanguage\":\"es-MX\"},{\"@type\":\"Organization\",\"@id\":\"https:\/\/compuviper.mx\/tienda\/#organization\",\"name\":\"Compuviper\",\"url\":\"https:\/\/compuviper.mx\/tienda\/\",\"logo\":{\"@type\":\"ImageObject\",\"inLanguage\":\"es-MX\",\"@id\":\"https:\/\/compuviper.mx\/tienda\/#\/schema\/logo\/image\/\",\"url\":\"https:\/\/compuviper.mx\/tienda\/wp-content\/uploads\/2021\/08\/Logo-Compuviper-10.png\",\"contentUrl\":\"https:\/\/compuviper.mx\/tienda\/wp-content\/uploads\/2021\/08\/Logo-Compuviper-10.png\",\"width\":1000,\"height\":500,\"caption\":\"Compuviper\"},\"image\":{\"@id\":\"https:\/\/compuviper.mx\/tienda\/#\/schema\/logo\/image\/\"},\"sameAs\":[\"https:\/\/www.facebook.com\/compuviper\",\"https:\/\/www.youtube.com\/channel\/UCf73dERp9Y3cfOq7q8BhLjA?view_as=subscriber\"]}]}<\/script>\n<meta property=\"product:brand\" content=\"TP LINK\" \/>\n<meta property=\"product:price:amount\" content=\"316\" \/>\n<meta property=\"product:price:currency\" content=\"MXN\" \/>\n<meta property=\"og:availability\" content=\"out of stock\" \/>\n<meta property=\"product:availability\" content=\"out of stock\" \/>\n<meta property=\"product:retailer_item_id\" content=\"MC111CS\" \/>\n<meta property=\"product:condition\" content=\"new\" \/>\n<!-- \/ Yoast SEO plugin. -->","yoast_head_json":{"title":"[ Tp Link ] &#129351; Mc111cs Convertidor De Medios | Tp-link | | Mono Modo | Wdm Conector De Fibra Sc A Rj45 | 10\/100mbps","description":"Compra Mc111cs Convertidor De Medios | Tp-link | | Mono Modo | Wdm Conector De Fibra Sc A Rj45 | 10\/100mbps + Env\u00edo a domicilio + Pago seguro + Garant\u00eda","robots":{"index":"index","follow":"follow","max-snippet":"max-snippet:-1","max-image-preview":"max-image-preview:large","max-video-preview":"max-video-preview:-1"},"canonical":"https:\/\/compuviper.mx\/tienda\/producto\/tp-link-mc111cs-convertidor-de-medios-tp-link-mono-modo-wdm-conector-de-fibra-sc-a-rj45-10-100mbps\/","og_locale":"es_MX","og_type":"article","og_title":"[ Tp Link ] &#129351; Mc111cs Convertidor De Medios | Tp-link | | Mono Modo | Wdm Conector De Fibra Sc A Rj45 | 10\/100mbps","og_description":"Compra Mc111cs Convertidor De Medios | Tp-link | | Mono Modo | Wdm Conector De Fibra Sc A Rj45 | 10\/100mbps + Env\u00edo a domicilio + Pago seguro + Garant\u00eda","og_url":"https:\/\/compuviper.mx\/tienda\/producto\/tp-link-mc111cs-convertidor-de-medios-tp-link-mono-modo-wdm-conector-de-fibra-sc-a-rj45-10-100mbps\/","og_site_name":"Compuviper","article_publisher":"https:\/\/www.facebook.com\/compuviper","article_modified_time":"2026-04-02T05:25:50+00:00","og_image":[{"width":200,"height":200,"url":"https:\/\/compuviper.mx\/tienda\/wp-content\/uploads\/2023\/12\/Convertidor-de-medios-tp-link-mc111cs-mono-modo-wdm-conector-de-fibra-sc-a-rj45-10100mbps.jpg","type":"image\/jpeg"}],"twitter_card":"summary_large_image","twitter_misc":{"Precio":"&#36;316 con IVA","Availability":"Out of stock"},"schema":{"@context":"https:\/\/schema.org","@graph":[{"@type":"WebPage","@id":"https:\/\/compuviper.mx\/tienda\/producto\/tp-link-mc111cs-convertidor-de-medios-tp-link-mono-modo-wdm-conector-de-fibra-sc-a-rj45-10-100mbps\/","url":"https:\/\/compuviper.mx\/tienda\/producto\/tp-link-mc111cs-convertidor-de-medios-tp-link-mono-modo-wdm-conector-de-fibra-sc-a-rj45-10-100mbps\/","name":"[ Tp Link ] &#129351; Mc111cs Convertidor De Medios | Tp-link | | Mono Modo | Wdm Conector De Fibra Sc A Rj45 | 10\/100mbps","isPartOf":{"@id":"https:\/\/compuviper.mx\/tienda\/#website"},"datePublished":"2026-04-02T05:25:49+00:00","dateModified":"2026-04-02T05:25:50+00:00","description":"Compra Mc111cs Convertidor De Medios | Tp-link | | Mono Modo | Wdm Conector De Fibra Sc A Rj45 | 10\/100mbps + Env\u00edo a domicilio + Pago seguro + Garant\u00eda","breadcrumb":{"@id":"https:\/\/compuviper.mx\/tienda\/producto\/tp-link-mc111cs-convertidor-de-medios-tp-link-mono-modo-wdm-conector-de-fibra-sc-a-rj45-10-100mbps\/#breadcrumb"},"inLanguage":"es-MX","potentialAction":[{"@type":"ReadAction","target":["https:\/\/compuviper.mx\/tienda\/producto\/tp-link-mc111cs-convertidor-de-medios-tp-link-mono-modo-wdm-conector-de-fibra-sc-a-rj45-10-100mbps\/"]}]},{"@type":"BreadcrumbList","@id":"https:\/\/compuviper.mx\/tienda\/producto\/tp-link-mc111cs-convertidor-de-medios-tp-link-mono-modo-wdm-conector-de-fibra-sc-a-rj45-10-100mbps\/#breadcrumb","itemListElement":[{"@type":"ListItem","position":1,"name":"Inicio","item":"https:\/\/compuviper.mx\/tienda\/"},{"@type":"ListItem","position":2,"name":"Productos","item":"https:\/\/compuviper.mx\/tienda\/productos\/"},{"@type":"ListItem","position":3,"name":"Accesorios","item":"https:\/\/compuviper.mx\/tienda\/categoria-producto\/accesorios\/"},{"@type":"ListItem","position":4,"name":"Redes","item":"https:\/\/compuviper.mx\/tienda\/categoria-producto\/accesorios\/redes-accesorios\/"},{"@type":"ListItem","position":5,"name":"Tp Link Mc111cs Convertidor De Medios | Tp-link | | Mono Modo | Wdm Conector De Fibra Sc A Rj45 | 10\/100mbps"}]},{"@type":"WebSite","@id":"https:\/\/compuviper.mx\/tienda\/#website","url":"https:\/\/compuviper.mx\/tienda\/","name":"Compuviper","description":"Proveedor de Computadoras, Laptops, Servidores, Monitores, Puntos de Venta, Teclados,   Impresoras, T\u00f3ner, C\u00e1maras de Seguridad y m\u00e1s en tu tienda en l\u00ednea","publisher":{"@id":"https:\/\/compuviper.mx\/tienda\/#organization"},"potentialAction":[{"@type":"SearchAction","target":{"@type":"EntryPoint","urlTemplate":"https:\/\/compuviper.mx\/tienda\/?s={search_term_string}"},"query-input":"required name=search_term_string"}],"inLanguage":"es-MX"},{"@type":"Organization","@id":"https:\/\/compuviper.mx\/tienda\/#organization","name":"Compuviper","url":"https:\/\/compuviper.mx\/tienda\/","logo":{"@type":"ImageObject","inLanguage":"es-MX","@id":"https:\/\/compuviper.mx\/tienda\/#\/schema\/logo\/image\/","url":"https:\/\/compuviper.mx\/tienda\/wp-content\/uploads\/2021\/08\/Logo-Compuviper-10.png","contentUrl":"https:\/\/compuviper.mx\/tienda\/wp-content\/uploads\/2021\/08\/Logo-Compuviper-10.png","width":1000,"height":500,"caption":"Compuviper"},"image":{"@id":"https:\/\/compuviper.mx\/tienda\/#\/schema\/logo\/image\/"},"sameAs":["https:\/\/www.facebook.com\/compuviper","https:\/\/www.youtube.com\/channel\/UCf73dERp9Y3cfOq7q8BhLjA?view_as=subscriber"]}]},"product_brand":"TP LINK","product_price_amount":"316","product_price_currency":"MXN","og_availability":"out of stock","product_availability":"out of stock","product_retailer_item_id":"MC111CS","product_condition":"new"},"_links":{"self":[{"href":"https:\/\/compuviper.mx\/tienda\/wp-json\/wp\/v2\/product\/211183"}],"collection":[{"href":"https:\/\/compuviper.mx\/tienda\/wp-json\/wp\/v2\/product"}],"about":[{"href":"https:\/\/compuviper.mx\/tienda\/wp-json\/wp\/v2\/types\/product"}],"replies":[{"embeddable":true,"href":"https:\/\/compuviper.mx\/tienda\/wp-json\/wp\/v2\/comments?post=211183"}],"wp:featuredmedia":[{"embeddable":true,"href":"https:\/\/compuviper.mx\/tienda\/wp-json\/wp\/v2\/media\/211184"}],"wp:attachment":[{"href":"https:\/\/compuviper.mx\/tienda\/wp-json\/wp\/v2\/media?parent=211183"}],"wp:term":[{"taxonomy":"product_cat","embeddable":true,"href":"https:\/\/compuviper.mx\/tienda\/wp-json\/wp\/v2\/product_cat?post=211183"},{"taxonomy":"product_tag","embeddable":true,"href":"https:\/\/compuviper.mx\/tienda\/wp-json\/wp\/v2\/product_tag?post=211183"}],"curies":[{"name":"wp","href":"https:\/\/api.w.org\/{rel}","templated":true}]}}