{"id":211177,"date":"2026-04-01T23:25:47","date_gmt":"2026-04-02T05:25:47","guid":{"rendered":"https:\/\/compuviper.mx\/tienda\/producto\/manhattan-207348-video-splitter-svga-1-in-4-out-alta-resolucion\/"},"modified":"2026-04-01T23:25:47","modified_gmt":"2026-04-02T05:25:47","slug":"manhattan-207348-video-splitter-svga-1-in-4-out-alta-resolucion","status":"publish","type":"product","link":"https:\/\/compuviper.mx\/tienda\/producto\/manhattan-207348-video-splitter-svga-1-in-4-out-alta-resolucion\/","title":{"rendered":"Manhattan 207348 Video Splitter,,, Svga 1 In 4 Out Alta Resolucion"},"content":{"rendered":"<table class=\"descripcion\">\n<tr>\n<td>Estandares y certificaciones<\/td>\n<\/tr>\n<tr>\n<td>Fcc<\/td>\n<\/tr>\n<tr>\n<td>Ce<\/td>\n<\/tr>\n<tr>\n<td>Iso9002<\/td>\n<\/tr>\n<tr>\n<td>Http:\/\/www.manhattan-products.com\/es-us\/products\/8937-v-deo-splitter-profesional<\/td>\n<\/tr>\n<tr>\n<td>General<\/td>\n<\/tr>\n<tr>\n<td>Led indicador: alimentacion (verde)<\/td>\n<\/tr>\n<tr>\n<td>Longitud del cable, maxima: 65 m<\/td>\n<\/tr>\n<tr>\n<td>Conector de entrada: 1 hd15 macho; salida, 4 hd15 hembra<\/td>\n<\/tr>\n<tr>\n<td>Adaptador de corriente: 9 v ac, 300 ma<\/td>\n<\/tr>\n<tr>\n<td>Senal<\/td>\n<\/tr>\n<tr>\n<td>Ancho de banda: 350 mhz<\/td>\n<\/tr>\n<tr>\n<td>Tipos: vga, svga, multi-sync<\/td>\n<\/tr>\n<tr>\n<td>Voltaje de entrada, minimo: 0.5 v p-p<\/td>\n<\/tr>\n<tr>\n<td>Voltaje de entrada, maximo: 1.0 v p-p<\/td>\n<\/tr>\n<tr>\n<td>Impedancia de e\/s: 75 ohms<\/td>\n<\/tr>\n<tr>\n<td>Alcance de la computadora al multiplicador (video splitter): 7.5 m<\/td>\n<\/tr>\n<tr>\n<td>Alcance del multiplicador de senal al monitor: 65 m<\/td>\n<\/tr>\n<tr>\n<td>Resolucion<\/td>\n<\/tr>\n<tr>\n<td>Resolucion: 1920 x 1680<\/td>\n<\/tr>\n<tr>\n<td>Frecuencia horizontal: 30 \u0096 120 khz<\/td>\n<\/tr>\n<tr>\n<td>Frecuencia vertical: 40 \u0096 120 hz<\/td>\n<\/tr>\n<tr>\n<td>Puertos<\/td>\n<\/tr>\n<tr>\n<td>1 hd15 macho<\/td>\n<\/tr>\n<tr>\n<td>4 hd15 hembra<\/td>\n<\/tr>\n<tr>\n<td>1 puerto de alimentacion 9 v, 1000 ma<\/td>\n<\/tr>\n<tr>\n<td>Diseno<\/td>\n<\/tr>\n<tr>\n<td>Chasis: metalico<\/td>\n<\/tr>\n<tr>\n<td>Dimensiones: 133 x 94 x 42 mm<\/td>\n<\/tr>\n<tr>\n<td>Peso: 396 g<\/td>\n<\/tr>\n<tr>\n<td>Contenido del paquete<\/td>\n<\/tr>\n<tr>\n<td>Video splitter profesional<\/td>\n<\/tr>\n<tr>\n<td>Manual del usuario<\/td>\n<\/tr>\n<\/table>\n","protected":false},"excerpt":{"rendered":"<p>Multiplica una fuente de senal vga en hasta cuatro salidas vga. Soporta anchos de banda, en vga, de hasta 350 mhz y resoluciones de hasta 1920 x 1680 con distancias de transmision efectivas de hasta 65 m. Entrega una senal clara y bien definida desde la pc a monitores vga, svga y multisync, proyectores y m\u00e1s. Se puede conectar en cascada en hasta tres niveles para expandir la distribucion en m\u00e1s pantallas. Ahorrador automatico de energia que permite conservar los niveles de alimentacion mientras la senal vga se reestablece. Facil de instalar \u0097 no requiere de configuracion<\/p>\n","protected":false},"featured_media":211178,"comment_status":"open","ping_status":"open","template":"","meta":[],"product_cat":[1485,1506],"product_tag":[1487],"acf":[],"yoast_head":"<!-- This site is optimized with the Yoast SEO plugin v21.7 - https:\/\/yoast.com\/wordpress\/plugins\/seo\/ -->\n<title>[ Manhattan ] &#129351; 207348 Video Splitter,,, Svga 1 In 4 Out Alta Resolucion<\/title>\n<meta name=\"description\" content=\"Compra 207348 Video Splitter,,, Svga 1 In 4 Out Alta Resolucion + Env\u00edo a domicilio + Pago seguro + Garant\u00eda\" \/>\n<meta name=\"robots\" content=\"index, follow, max-snippet:-1, max-image-preview:large, max-video-preview:-1\" \/>\n<link rel=\"canonical\" href=\"https:\/\/compuviper.mx\/tienda\/producto\/manhattan-207348-video-splitter-svga-1-in-4-out-alta-resolucion\/\" \/>\n<meta property=\"og:locale\" content=\"es_MX\" \/>\n<meta property=\"og:type\" content=\"article\" \/>\n<meta property=\"og:title\" content=\"[ Manhattan ] &#129351; 207348 Video Splitter,,, Svga 1 In 4 Out Alta Resolucion\" \/>\n<meta property=\"og:description\" content=\"Compra 207348 Video Splitter,,, Svga 1 In 4 Out Alta Resolucion + Env\u00edo a domicilio + Pago seguro + Garant\u00eda\" \/>\n<meta property=\"og:url\" content=\"https:\/\/compuviper.mx\/tienda\/producto\/manhattan-207348-video-splitter-svga-1-in-4-out-alta-resolucion\/\" \/>\n<meta property=\"og:site_name\" content=\"Compuviper\" \/>\n<meta property=\"article:publisher\" content=\"https:\/\/www.facebook.com\/compuviper\" \/>\n<meta property=\"og:image\" content=\"https:\/\/compuviper.mx\/tienda\/wp-content\/uploads\/2023\/12\/Video-splittermanhattan207348-svga-1-in-4-out-alta-resolucion.jpg\" \/>\n\t<meta property=\"og:image:width\" content=\"200\" \/>\n\t<meta property=\"og:image:height\" content=\"200\" \/>\n\t<meta property=\"og:image:type\" content=\"image\/jpeg\" \/>\n<meta name=\"twitter:card\" content=\"summary_large_image\" \/>\n<meta name=\"twitter:label1\" content=\"Precio\" \/>\n\t<meta name=\"twitter:data1\" content=\"&#36;886 con IVA\" \/>\n\t<meta name=\"twitter:label2\" content=\"Availability\" \/>\n\t<meta name=\"twitter:data2\" content=\"In stock\" \/>\n<script type=\"application\/ld+json\" class=\"yoast-schema-graph\">{\"@context\":\"https:\/\/schema.org\",\"@graph\":[{\"@type\":\"WebPage\",\"@id\":\"https:\/\/compuviper.mx\/tienda\/producto\/manhattan-207348-video-splitter-svga-1-in-4-out-alta-resolucion\/\",\"url\":\"https:\/\/compuviper.mx\/tienda\/producto\/manhattan-207348-video-splitter-svga-1-in-4-out-alta-resolucion\/\",\"name\":\"[ Manhattan ] &#129351; 207348 Video Splitter,,, Svga 1 In 4 Out Alta Resolucion\",\"isPartOf\":{\"@id\":\"https:\/\/compuviper.mx\/tienda\/#website\"},\"datePublished\":\"2026-04-02T05:25:47+00:00\",\"dateModified\":\"2026-04-02T05:25:47+00:00\",\"description\":\"Compra 207348 Video Splitter,,, Svga 1 In 4 Out Alta Resolucion + Env\u00edo a domicilio + Pago seguro + Garant\u00eda\",\"breadcrumb\":{\"@id\":\"https:\/\/compuviper.mx\/tienda\/producto\/manhattan-207348-video-splitter-svga-1-in-4-out-alta-resolucion\/#breadcrumb\"},\"inLanguage\":\"es-MX\",\"potentialAction\":[{\"@type\":\"ReadAction\",\"target\":[\"https:\/\/compuviper.mx\/tienda\/producto\/manhattan-207348-video-splitter-svga-1-in-4-out-alta-resolucion\/\"]}]},{\"@type\":\"BreadcrumbList\",\"@id\":\"https:\/\/compuviper.mx\/tienda\/producto\/manhattan-207348-video-splitter-svga-1-in-4-out-alta-resolucion\/#breadcrumb\",\"itemListElement\":[{\"@type\":\"ListItem\",\"position\":1,\"name\":\"Inicio\",\"item\":\"https:\/\/compuviper.mx\/tienda\/\"},{\"@type\":\"ListItem\",\"position\":2,\"name\":\"Productos\",\"item\":\"https:\/\/compuviper.mx\/tienda\/productos\/\"},{\"@type\":\"ListItem\",\"position\":3,\"name\":\"Accesorios\",\"item\":\"https:\/\/compuviper.mx\/tienda\/categoria-producto\/accesorios\/\"},{\"@type\":\"ListItem\",\"position\":4,\"name\":\"Conectividad\",\"item\":\"https:\/\/compuviper.mx\/tienda\/categoria-producto\/accesorios\/conectividad\/\"},{\"@type\":\"ListItem\",\"position\":5,\"name\":\"Manhattan 207348 Video Splitter,,, Svga 1 In 4 Out Alta Resolucion\"}]},{\"@type\":\"WebSite\",\"@id\":\"https:\/\/compuviper.mx\/tienda\/#website\",\"url\":\"https:\/\/compuviper.mx\/tienda\/\",\"name\":\"Compuviper\",\"description\":\"Proveedor de Computadoras, Laptops, Servidores, Monitores, Puntos de Venta, Teclados,   Impresoras, T\u00f3ner, C\u00e1maras de Seguridad y m\u00e1s en tu tienda en l\u00ednea\",\"publisher\":{\"@id\":\"https:\/\/compuviper.mx\/tienda\/#organization\"},\"potentialAction\":[{\"@type\":\"SearchAction\",\"target\":{\"@type\":\"EntryPoint\",\"urlTemplate\":\"https:\/\/compuviper.mx\/tienda\/?s={search_term_string}\"},\"query-input\":\"required name=search_term_string\"}],\"inLanguage\":\"es-MX\"},{\"@type\":\"Organization\",\"@id\":\"https:\/\/compuviper.mx\/tienda\/#organization\",\"name\":\"Compuviper\",\"url\":\"https:\/\/compuviper.mx\/tienda\/\",\"logo\":{\"@type\":\"ImageObject\",\"inLanguage\":\"es-MX\",\"@id\":\"https:\/\/compuviper.mx\/tienda\/#\/schema\/logo\/image\/\",\"url\":\"https:\/\/compuviper.mx\/tienda\/wp-content\/uploads\/2021\/08\/Logo-Compuviper-10.png\",\"contentUrl\":\"https:\/\/compuviper.mx\/tienda\/wp-content\/uploads\/2021\/08\/Logo-Compuviper-10.png\",\"width\":1000,\"height\":500,\"caption\":\"Compuviper\"},\"image\":{\"@id\":\"https:\/\/compuviper.mx\/tienda\/#\/schema\/logo\/image\/\"},\"sameAs\":[\"https:\/\/www.facebook.com\/compuviper\",\"https:\/\/www.youtube.com\/channel\/UCf73dERp9Y3cfOq7q8BhLjA?view_as=subscriber\"]}]}<\/script>\n<meta property=\"product:brand\" content=\"MANHATTAN\" \/>\n<meta property=\"product:price:amount\" content=\"886\" \/>\n<meta property=\"product:price:currency\" content=\"MXN\" \/>\n<meta property=\"og:availability\" content=\"instock\" \/>\n<meta property=\"product:availability\" content=\"instock\" \/>\n<meta property=\"product:retailer_item_id\" content=\"207348\" \/>\n<meta property=\"product:condition\" content=\"new\" \/>\n<!-- \/ Yoast SEO plugin. -->","yoast_head_json":{"title":"[ Manhattan ] &#129351; 207348 Video Splitter,,, Svga 1 In 4 Out Alta Resolucion","description":"Compra 207348 Video Splitter,,, Svga 1 In 4 Out Alta Resolucion + Env\u00edo a domicilio + Pago seguro + Garant\u00eda","robots":{"index":"index","follow":"follow","max-snippet":"max-snippet:-1","max-image-preview":"max-image-preview:large","max-video-preview":"max-video-preview:-1"},"canonical":"https:\/\/compuviper.mx\/tienda\/producto\/manhattan-207348-video-splitter-svga-1-in-4-out-alta-resolucion\/","og_locale":"es_MX","og_type":"article","og_title":"[ Manhattan ] &#129351; 207348 Video Splitter,,, Svga 1 In 4 Out Alta Resolucion","og_description":"Compra 207348 Video Splitter,,, Svga 1 In 4 Out Alta Resolucion + Env\u00edo a domicilio + Pago seguro + Garant\u00eda","og_url":"https:\/\/compuviper.mx\/tienda\/producto\/manhattan-207348-video-splitter-svga-1-in-4-out-alta-resolucion\/","og_site_name":"Compuviper","article_publisher":"https:\/\/www.facebook.com\/compuviper","og_image":[{"width":200,"height":200,"url":"https:\/\/compuviper.mx\/tienda\/wp-content\/uploads\/2023\/12\/Video-splittermanhattan207348-svga-1-in-4-out-alta-resolucion.jpg","type":"image\/jpeg"}],"twitter_card":"summary_large_image","twitter_misc":{"Precio":"&#36;886 con IVA","Availability":"In stock"},"schema":{"@context":"https:\/\/schema.org","@graph":[{"@type":"WebPage","@id":"https:\/\/compuviper.mx\/tienda\/producto\/manhattan-207348-video-splitter-svga-1-in-4-out-alta-resolucion\/","url":"https:\/\/compuviper.mx\/tienda\/producto\/manhattan-207348-video-splitter-svga-1-in-4-out-alta-resolucion\/","name":"[ Manhattan ] &#129351; 207348 Video Splitter,,, Svga 1 In 4 Out Alta Resolucion","isPartOf":{"@id":"https:\/\/compuviper.mx\/tienda\/#website"},"datePublished":"2026-04-02T05:25:47+00:00","dateModified":"2026-04-02T05:25:47+00:00","description":"Compra 207348 Video Splitter,,, Svga 1 In 4 Out Alta Resolucion + Env\u00edo a domicilio + Pago seguro + Garant\u00eda","breadcrumb":{"@id":"https:\/\/compuviper.mx\/tienda\/producto\/manhattan-207348-video-splitter-svga-1-in-4-out-alta-resolucion\/#breadcrumb"},"inLanguage":"es-MX","potentialAction":[{"@type":"ReadAction","target":["https:\/\/compuviper.mx\/tienda\/producto\/manhattan-207348-video-splitter-svga-1-in-4-out-alta-resolucion\/"]}]},{"@type":"BreadcrumbList","@id":"https:\/\/compuviper.mx\/tienda\/producto\/manhattan-207348-video-splitter-svga-1-in-4-out-alta-resolucion\/#breadcrumb","itemListElement":[{"@type":"ListItem","position":1,"name":"Inicio","item":"https:\/\/compuviper.mx\/tienda\/"},{"@type":"ListItem","position":2,"name":"Productos","item":"https:\/\/compuviper.mx\/tienda\/productos\/"},{"@type":"ListItem","position":3,"name":"Accesorios","item":"https:\/\/compuviper.mx\/tienda\/categoria-producto\/accesorios\/"},{"@type":"ListItem","position":4,"name":"Conectividad","item":"https:\/\/compuviper.mx\/tienda\/categoria-producto\/accesorios\/conectividad\/"},{"@type":"ListItem","position":5,"name":"Manhattan 207348 Video Splitter,,, Svga 1 In 4 Out Alta Resolucion"}]},{"@type":"WebSite","@id":"https:\/\/compuviper.mx\/tienda\/#website","url":"https:\/\/compuviper.mx\/tienda\/","name":"Compuviper","description":"Proveedor de Computadoras, Laptops, Servidores, Monitores, Puntos de Venta, Teclados,   Impresoras, T\u00f3ner, C\u00e1maras de Seguridad y m\u00e1s en tu tienda en l\u00ednea","publisher":{"@id":"https:\/\/compuviper.mx\/tienda\/#organization"},"potentialAction":[{"@type":"SearchAction","target":{"@type":"EntryPoint","urlTemplate":"https:\/\/compuviper.mx\/tienda\/?s={search_term_string}"},"query-input":"required name=search_term_string"}],"inLanguage":"es-MX"},{"@type":"Organization","@id":"https:\/\/compuviper.mx\/tienda\/#organization","name":"Compuviper","url":"https:\/\/compuviper.mx\/tienda\/","logo":{"@type":"ImageObject","inLanguage":"es-MX","@id":"https:\/\/compuviper.mx\/tienda\/#\/schema\/logo\/image\/","url":"https:\/\/compuviper.mx\/tienda\/wp-content\/uploads\/2021\/08\/Logo-Compuviper-10.png","contentUrl":"https:\/\/compuviper.mx\/tienda\/wp-content\/uploads\/2021\/08\/Logo-Compuviper-10.png","width":1000,"height":500,"caption":"Compuviper"},"image":{"@id":"https:\/\/compuviper.mx\/tienda\/#\/schema\/logo\/image\/"},"sameAs":["https:\/\/www.facebook.com\/compuviper","https:\/\/www.youtube.com\/channel\/UCf73dERp9Y3cfOq7q8BhLjA?view_as=subscriber"]}]},"product_brand":"MANHATTAN","product_price_amount":"886","product_price_currency":"MXN","og_availability":"instock","product_availability":"instock","product_retailer_item_id":"207348","product_condition":"new"},"_links":{"self":[{"href":"https:\/\/compuviper.mx\/tienda\/wp-json\/wp\/v2\/product\/211177"}],"collection":[{"href":"https:\/\/compuviper.mx\/tienda\/wp-json\/wp\/v2\/product"}],"about":[{"href":"https:\/\/compuviper.mx\/tienda\/wp-json\/wp\/v2\/types\/product"}],"replies":[{"embeddable":true,"href":"https:\/\/compuviper.mx\/tienda\/wp-json\/wp\/v2\/comments?post=211177"}],"wp:featuredmedia":[{"embeddable":true,"href":"https:\/\/compuviper.mx\/tienda\/wp-json\/wp\/v2\/media\/211178"}],"wp:attachment":[{"href":"https:\/\/compuviper.mx\/tienda\/wp-json\/wp\/v2\/media?parent=211177"}],"wp:term":[{"taxonomy":"product_cat","embeddable":true,"href":"https:\/\/compuviper.mx\/tienda\/wp-json\/wp\/v2\/product_cat?post=211177"},{"taxonomy":"product_tag","embeddable":true,"href":"https:\/\/compuviper.mx\/tienda\/wp-json\/wp\/v2\/product_tag?post=211177"}],"curies":[{"name":"wp","href":"https:\/\/api.w.org\/{rel}","templated":true}]}}