{"id":211167,"date":"2026-04-10T23:24:26","date_gmt":"2026-04-11T05:24:26","guid":{"rendered":"https:\/\/compuviper.mx\/tienda\/producto\/apc-ap7541-rack-pdu-basic-zero-u-30a-200-208v-20c13-4c19\/"},"modified":"2026-04-10T23:24:26","modified_gmt":"2026-04-11T05:24:26","slug":"apc-ap7541-rack-pdu-basic-zero-u-30a-200-208v-20c13-4c19","status":"publish","type":"product","link":"https:\/\/compuviper.mx\/tienda\/producto\/apc-ap7541-rack-pdu-basic-zero-u-30a-200-208v-20c13-4c19\/","title":{"rendered":"Apc Ap7541 Rack Pdu, Basic, Zero U, 30a, 200\/208v, 20c13 4c19"},"content":{"rendered":"<table class=\"descripcion\">\n<tr>\n<td>Apc basic rack pdu , entrada: 200v, 208v, 230v , tipo de enchufe: nema l6-30p , longitud del cable: 10 pies  3.05 metros  , salida: 200v, 208v , conexiones de salida: iec 320 c13,iec 320 c19<\/td>\n<\/tr>\n<\/table>\n","protected":false},"excerpt":{"rendered":"<p>Las pdu para rack b\u00e1sicas de apc distribuyen energa de rack confiable a travs de una sola entrada con mltiples recept\u00e1culos de salida. Monte f\u00e1cilmente esta pdu vertical en bastidores o gabinetes. Ocupa cero u de valioso espacio de rack, lo que permite espacio para m\u00e1s equipos en el rack. Esta pdu vertical no requiere herramientas adicionales para montarse en gabinetes netshelter de apc. Permite una recuperacin r\u00e1pida de eventos de sobrecarga. Embalaje incluye pdu, gua de instalacin, soportes de montaje en rack, kit de montaje sin herramientas.<\/p>\n","protected":false},"featured_media":211168,"comment_status":"open","ping_status":"open","template":"","meta":[],"product_cat":[1508,1895],"product_tag":[1694],"acf":[],"yoast_head":"<!-- This site is optimized with the Yoast SEO plugin v21.7 - https:\/\/yoast.com\/wordpress\/plugins\/seo\/ -->\n<title>[ Apc ] &#129351; Ap7541 Rack Pdu, Basic, Zero U, 30a, 200\/208v, 20c13 4c19<\/title>\n<meta name=\"description\" content=\"Compra Ap7541 Rack Pdu, Basic, Zero U, 30a, 200\/208v, 20c13 4c19 + Env\u00edo a domicilio + Pago seguro + Garant\u00eda\" \/>\n<meta name=\"robots\" content=\"index, follow, max-snippet:-1, max-image-preview:large, max-video-preview:-1\" \/>\n<link rel=\"canonical\" href=\"https:\/\/compuviper.mx\/tienda\/producto\/apc-ap7541-rack-pdu-basic-zero-u-30a-200-208v-20c13-4c19\/\" \/>\n<meta property=\"og:locale\" content=\"es_MX\" \/>\n<meta property=\"og:type\" content=\"article\" \/>\n<meta property=\"og:title\" content=\"[ Apc ] &#129351; Ap7541 Rack Pdu, Basic, Zero U, 30a, 200\/208v, 20c13 4c19\" \/>\n<meta property=\"og:description\" content=\"Compra Ap7541 Rack Pdu, Basic, Zero U, 30a, 200\/208v, 20c13 4c19 + Env\u00edo a domicilio + Pago seguro + Garant\u00eda\" \/>\n<meta property=\"og:url\" content=\"https:\/\/compuviper.mx\/tienda\/producto\/apc-ap7541-rack-pdu-basic-zero-u-30a-200-208v-20c13-4c19\/\" \/>\n<meta property=\"og:site_name\" content=\"Compuviper\" \/>\n<meta property=\"article:publisher\" content=\"https:\/\/www.facebook.com\/compuviper\" \/>\n<meta property=\"og:image\" content=\"https:\/\/compuviper.mx\/tienda\/wp-content\/uploads\/2023\/12\/Rack-pdu-basic-zero-u-30a-200208v-20c13-4c19.jpg\" \/>\n\t<meta property=\"og:image:width\" content=\"200\" \/>\n\t<meta property=\"og:image:height\" content=\"200\" \/>\n\t<meta property=\"og:image:type\" content=\"image\/jpeg\" \/>\n<meta name=\"twitter:card\" content=\"summary_large_image\" \/>\n<meta name=\"twitter:label1\" content=\"Precio\" \/>\n\t<meta name=\"twitter:data1\" content=\"&#36;6,696 con IVA\" \/>\n\t<meta name=\"twitter:label2\" content=\"Availability\" \/>\n\t<meta name=\"twitter:data2\" content=\"Out of stock\" \/>\n<script type=\"application\/ld+json\" class=\"yoast-schema-graph\">{\"@context\":\"https:\/\/schema.org\",\"@graph\":[{\"@type\":\"WebPage\",\"@id\":\"https:\/\/compuviper.mx\/tienda\/producto\/apc-ap7541-rack-pdu-basic-zero-u-30a-200-208v-20c13-4c19\/\",\"url\":\"https:\/\/compuviper.mx\/tienda\/producto\/apc-ap7541-rack-pdu-basic-zero-u-30a-200-208v-20c13-4c19\/\",\"name\":\"[ Apc ] &#129351; Ap7541 Rack Pdu, Basic, Zero U, 30a, 200\/208v, 20c13 4c19\",\"isPartOf\":{\"@id\":\"https:\/\/compuviper.mx\/tienda\/#website\"},\"datePublished\":\"2026-04-11T05:24:26+00:00\",\"dateModified\":\"2026-04-11T05:24:26+00:00\",\"description\":\"Compra Ap7541 Rack Pdu, Basic, Zero U, 30a, 200\/208v, 20c13 4c19 + Env\u00edo a domicilio + Pago seguro + Garant\u00eda\",\"breadcrumb\":{\"@id\":\"https:\/\/compuviper.mx\/tienda\/producto\/apc-ap7541-rack-pdu-basic-zero-u-30a-200-208v-20c13-4c19\/#breadcrumb\"},\"inLanguage\":\"es-MX\",\"potentialAction\":[{\"@type\":\"ReadAction\",\"target\":[\"https:\/\/compuviper.mx\/tienda\/producto\/apc-ap7541-rack-pdu-basic-zero-u-30a-200-208v-20c13-4c19\/\"]}]},{\"@type\":\"BreadcrumbList\",\"@id\":\"https:\/\/compuviper.mx\/tienda\/producto\/apc-ap7541-rack-pdu-basic-zero-u-30a-200-208v-20c13-4c19\/#breadcrumb\",\"itemListElement\":[{\"@type\":\"ListItem\",\"position\":1,\"name\":\"Inicio\",\"item\":\"https:\/\/compuviper.mx\/tienda\/\"},{\"@type\":\"ListItem\",\"position\":2,\"name\":\"Productos\",\"item\":\"https:\/\/compuviper.mx\/tienda\/productos\/\"},{\"@type\":\"ListItem\",\"position\":3,\"name\":\"Energia\",\"item\":\"https:\/\/compuviper.mx\/tienda\/categoria-producto\/energia\/\"},{\"@type\":\"ListItem\",\"position\":4,\"name\":\"Pdu\",\"item\":\"https:\/\/compuviper.mx\/tienda\/categoria-producto\/energia\/pdu\/\"},{\"@type\":\"ListItem\",\"position\":5,\"name\":\"Apc Ap7541 Rack Pdu, Basic, Zero U, 30a, 200\/208v, 20c13 4c19\"}]},{\"@type\":\"WebSite\",\"@id\":\"https:\/\/compuviper.mx\/tienda\/#website\",\"url\":\"https:\/\/compuviper.mx\/tienda\/\",\"name\":\"Compuviper\",\"description\":\"Proveedor de Computadoras, Laptops, Servidores, Monitores, Puntos de Venta, Teclados,   Impresoras, T\u00f3ner, C\u00e1maras de Seguridad y m\u00e1s en tu tienda en l\u00ednea\",\"publisher\":{\"@id\":\"https:\/\/compuviper.mx\/tienda\/#organization\"},\"potentialAction\":[{\"@type\":\"SearchAction\",\"target\":{\"@type\":\"EntryPoint\",\"urlTemplate\":\"https:\/\/compuviper.mx\/tienda\/?s={search_term_string}\"},\"query-input\":\"required name=search_term_string\"}],\"inLanguage\":\"es-MX\"},{\"@type\":\"Organization\",\"@id\":\"https:\/\/compuviper.mx\/tienda\/#organization\",\"name\":\"Compuviper\",\"url\":\"https:\/\/compuviper.mx\/tienda\/\",\"logo\":{\"@type\":\"ImageObject\",\"inLanguage\":\"es-MX\",\"@id\":\"https:\/\/compuviper.mx\/tienda\/#\/schema\/logo\/image\/\",\"url\":\"https:\/\/compuviper.mx\/tienda\/wp-content\/uploads\/2021\/08\/Logo-Compuviper-10.png\",\"contentUrl\":\"https:\/\/compuviper.mx\/tienda\/wp-content\/uploads\/2021\/08\/Logo-Compuviper-10.png\",\"width\":1000,\"height\":500,\"caption\":\"Compuviper\"},\"image\":{\"@id\":\"https:\/\/compuviper.mx\/tienda\/#\/schema\/logo\/image\/\"},\"sameAs\":[\"https:\/\/www.facebook.com\/compuviper\",\"https:\/\/www.youtube.com\/channel\/UCf73dERp9Y3cfOq7q8BhLjA?view_as=subscriber\"]}]}<\/script>\n<meta property=\"product:brand\" content=\"APC\" \/>\n<meta property=\"product:price:amount\" content=\"6696\" \/>\n<meta property=\"product:price:currency\" content=\"MXN\" \/>\n<meta property=\"og:availability\" content=\"out of stock\" \/>\n<meta property=\"product:availability\" content=\"out of stock\" \/>\n<meta property=\"product:retailer_item_id\" content=\"AP7541\" \/>\n<meta property=\"product:condition\" content=\"new\" \/>\n<!-- \/ Yoast SEO plugin. -->","yoast_head_json":{"title":"[ Apc ] &#129351; Ap7541 Rack Pdu, Basic, Zero U, 30a, 200\/208v, 20c13 4c19","description":"Compra Ap7541 Rack Pdu, Basic, Zero U, 30a, 200\/208v, 20c13 4c19 + Env\u00edo a domicilio + Pago seguro + Garant\u00eda","robots":{"index":"index","follow":"follow","max-snippet":"max-snippet:-1","max-image-preview":"max-image-preview:large","max-video-preview":"max-video-preview:-1"},"canonical":"https:\/\/compuviper.mx\/tienda\/producto\/apc-ap7541-rack-pdu-basic-zero-u-30a-200-208v-20c13-4c19\/","og_locale":"es_MX","og_type":"article","og_title":"[ Apc ] &#129351; Ap7541 Rack Pdu, Basic, Zero U, 30a, 200\/208v, 20c13 4c19","og_description":"Compra Ap7541 Rack Pdu, Basic, Zero U, 30a, 200\/208v, 20c13 4c19 + Env\u00edo a domicilio + Pago seguro + Garant\u00eda","og_url":"https:\/\/compuviper.mx\/tienda\/producto\/apc-ap7541-rack-pdu-basic-zero-u-30a-200-208v-20c13-4c19\/","og_site_name":"Compuviper","article_publisher":"https:\/\/www.facebook.com\/compuviper","og_image":[{"width":200,"height":200,"url":"https:\/\/compuviper.mx\/tienda\/wp-content\/uploads\/2023\/12\/Rack-pdu-basic-zero-u-30a-200208v-20c13-4c19.jpg","type":"image\/jpeg"}],"twitter_card":"summary_large_image","twitter_misc":{"Precio":"&#36;6,696 con IVA","Availability":"Out of stock"},"schema":{"@context":"https:\/\/schema.org","@graph":[{"@type":"WebPage","@id":"https:\/\/compuviper.mx\/tienda\/producto\/apc-ap7541-rack-pdu-basic-zero-u-30a-200-208v-20c13-4c19\/","url":"https:\/\/compuviper.mx\/tienda\/producto\/apc-ap7541-rack-pdu-basic-zero-u-30a-200-208v-20c13-4c19\/","name":"[ Apc ] &#129351; Ap7541 Rack Pdu, Basic, Zero U, 30a, 200\/208v, 20c13 4c19","isPartOf":{"@id":"https:\/\/compuviper.mx\/tienda\/#website"},"datePublished":"2026-04-11T05:24:26+00:00","dateModified":"2026-04-11T05:24:26+00:00","description":"Compra Ap7541 Rack Pdu, Basic, Zero U, 30a, 200\/208v, 20c13 4c19 + Env\u00edo a domicilio + Pago seguro + Garant\u00eda","breadcrumb":{"@id":"https:\/\/compuviper.mx\/tienda\/producto\/apc-ap7541-rack-pdu-basic-zero-u-30a-200-208v-20c13-4c19\/#breadcrumb"},"inLanguage":"es-MX","potentialAction":[{"@type":"ReadAction","target":["https:\/\/compuviper.mx\/tienda\/producto\/apc-ap7541-rack-pdu-basic-zero-u-30a-200-208v-20c13-4c19\/"]}]},{"@type":"BreadcrumbList","@id":"https:\/\/compuviper.mx\/tienda\/producto\/apc-ap7541-rack-pdu-basic-zero-u-30a-200-208v-20c13-4c19\/#breadcrumb","itemListElement":[{"@type":"ListItem","position":1,"name":"Inicio","item":"https:\/\/compuviper.mx\/tienda\/"},{"@type":"ListItem","position":2,"name":"Productos","item":"https:\/\/compuviper.mx\/tienda\/productos\/"},{"@type":"ListItem","position":3,"name":"Energia","item":"https:\/\/compuviper.mx\/tienda\/categoria-producto\/energia\/"},{"@type":"ListItem","position":4,"name":"Pdu","item":"https:\/\/compuviper.mx\/tienda\/categoria-producto\/energia\/pdu\/"},{"@type":"ListItem","position":5,"name":"Apc Ap7541 Rack Pdu, Basic, Zero U, 30a, 200\/208v, 20c13 4c19"}]},{"@type":"WebSite","@id":"https:\/\/compuviper.mx\/tienda\/#website","url":"https:\/\/compuviper.mx\/tienda\/","name":"Compuviper","description":"Proveedor de Computadoras, Laptops, Servidores, Monitores, Puntos de Venta, Teclados,   Impresoras, T\u00f3ner, C\u00e1maras de Seguridad y m\u00e1s en tu tienda en l\u00ednea","publisher":{"@id":"https:\/\/compuviper.mx\/tienda\/#organization"},"potentialAction":[{"@type":"SearchAction","target":{"@type":"EntryPoint","urlTemplate":"https:\/\/compuviper.mx\/tienda\/?s={search_term_string}"},"query-input":"required name=search_term_string"}],"inLanguage":"es-MX"},{"@type":"Organization","@id":"https:\/\/compuviper.mx\/tienda\/#organization","name":"Compuviper","url":"https:\/\/compuviper.mx\/tienda\/","logo":{"@type":"ImageObject","inLanguage":"es-MX","@id":"https:\/\/compuviper.mx\/tienda\/#\/schema\/logo\/image\/","url":"https:\/\/compuviper.mx\/tienda\/wp-content\/uploads\/2021\/08\/Logo-Compuviper-10.png","contentUrl":"https:\/\/compuviper.mx\/tienda\/wp-content\/uploads\/2021\/08\/Logo-Compuviper-10.png","width":1000,"height":500,"caption":"Compuviper"},"image":{"@id":"https:\/\/compuviper.mx\/tienda\/#\/schema\/logo\/image\/"},"sameAs":["https:\/\/www.facebook.com\/compuviper","https:\/\/www.youtube.com\/channel\/UCf73dERp9Y3cfOq7q8BhLjA?view_as=subscriber"]}]},"product_brand":"APC","product_price_amount":"6696","product_price_currency":"MXN","og_availability":"out of stock","product_availability":"out of stock","product_retailer_item_id":"AP7541","product_condition":"new"},"_links":{"self":[{"href":"https:\/\/compuviper.mx\/tienda\/wp-json\/wp\/v2\/product\/211167"}],"collection":[{"href":"https:\/\/compuviper.mx\/tienda\/wp-json\/wp\/v2\/product"}],"about":[{"href":"https:\/\/compuviper.mx\/tienda\/wp-json\/wp\/v2\/types\/product"}],"replies":[{"embeddable":true,"href":"https:\/\/compuviper.mx\/tienda\/wp-json\/wp\/v2\/comments?post=211167"}],"wp:featuredmedia":[{"embeddable":true,"href":"https:\/\/compuviper.mx\/tienda\/wp-json\/wp\/v2\/media\/211168"}],"wp:attachment":[{"href":"https:\/\/compuviper.mx\/tienda\/wp-json\/wp\/v2\/media?parent=211167"}],"wp:term":[{"taxonomy":"product_cat","embeddable":true,"href":"https:\/\/compuviper.mx\/tienda\/wp-json\/wp\/v2\/product_cat?post=211167"},{"taxonomy":"product_tag","embeddable":true,"href":"https:\/\/compuviper.mx\/tienda\/wp-json\/wp\/v2\/product_tag?post=211167"}],"curies":[{"name":"wp","href":"https:\/\/api.w.org\/{rel}","templated":true}]}}