{"id":211102,"date":"2026-04-09T23:23:36","date_gmt":"2026-04-10T05:23:36","guid":{"rendered":"https:\/\/compuviper.mx\/tienda\/producto\/intellinet-524179-poe-inyector-802-3af-15-4-w-fast-ethernet\/"},"modified":"2026-04-09T23:23:36","modified_gmt":"2026-04-10T05:23:36","slug":"intellinet-524179-poe-inyector-802-3af-15-4-w-fast-ethernet","status":"publish","type":"product","link":"https:\/\/compuviper.mx\/tienda\/producto\/intellinet-524179-poe-inyector-802-3af-15-4-w-fast-ethernet\/","title":{"rendered":"Intellinet 524179 Poe Inyector,,, 802.3af 15.4 W Fast Ethernet"},"content":{"rendered":"<table class=\"descripcion\">\n<tr>\n<td>Est\u00e1ndares<\/td>\n<\/tr>\n<tr>\n<td>Ieee 802.3af (poe)<\/td>\n<\/tr>\n<tr>\n<td>Ieee 802.3 (10base-t ethernet)<\/td>\n<\/tr>\n<tr>\n<td>Ieee 802.3u (100base-tx fast ethernet)<\/td>\n<\/tr>\n<tr>\n<td>General<\/td>\n<\/tr>\n<tr>\n<td>Medios soportados:<\/td>\n<\/tr>\n<tr>\n<td>&#8211; 100base-tx cat5 utp\/stp rj-45, de 8 pines<\/td>\n<\/tr>\n<tr>\n<td>Puertos:<\/td>\n<\/tr>\n<tr>\n<td>&#8211; 1 puerto de entrada rj-45 de 100 mbps<\/td>\n<\/tr>\n<tr>\n<td>&#8211; 1 puerto de salida rj-45 de 100 mbps para datos y alimentaci\u00f3n<\/td>\n<\/tr>\n<tr>\n<td>&#8211; 1 conector de entrada de de 3 pines<\/td>\n<\/tr>\n<tr>\n<td>Funciones de protecci\u00f3n:<\/td>\n<\/tr>\n<tr>\n<td>&#8211; protecci\u00f3n de cortocircuitos<\/td>\n<\/tr>\n<tr>\n<td>&#8211; protecci\u00f3n de sobrecarga ante corrientes superiores a los 450 ma<\/td>\n<\/tr>\n<tr>\n<td>&#8211; protecci\u00f3n de alto voltaje ante voltajes de salida mayores a los 52 v<\/td>\n<\/tr>\n<tr>\n<td>Compatibilidad &#8211; general: todos los dispositivos poe compatibles con ieee 802.3af<\/td>\n<\/tr>\n<tr>\n<td>Productos intellinet network solutions soportados:<\/td>\n<\/tr>\n<tr>\n<td>&#8211; access point n de alta potencia (524735, 524711)<\/td>\n<\/tr>\n<tr>\n<td>&#8211; access point g de alta potencia (503082)<\/td>\n<\/tr>\n<tr>\n<td>&#8211; splitter poe (502900)<\/td>\n<\/tr>\n<tr>\n<td>&#8211; c\u00e1maras ip (550932 nbcc30-ir, 550963 nfc30-ir, 550949 nfc30, 550987 nfd30, 551021 nfc31, 551045 nfc31-ir)<\/td>\n<\/tr>\n<tr>\n<td>Certificaciones: fcc clase b parte 15, ce 89\/336\/eec<\/td>\n<\/tr>\n<tr>\n<td>Rj-45 distribuci\u00f3n de pines a la entrada<\/td>\n<\/tr>\n<tr>\n<td>Pin 1: rx+ (recepci\u00f3n de datos)<\/td>\n<\/tr>\n<tr>\n<td>Pin 2: rx- (recepci\u00f3n de datos)<\/td>\n<\/tr>\n<tr>\n<td>Pin 3: tx+ (transmisi\u00f3n de datos)<\/td>\n<\/tr>\n<tr>\n<td>Pin 4: nc (no conectado)<\/td>\n<\/tr>\n<tr>\n<td>Pin 5: nc (no conectado)<\/td>\n<\/tr>\n<tr>\n<td>Pin 6: tx- (transmisi\u00f3n de datos)<\/td>\n<\/tr>\n<tr>\n<td>Pin 7: nc (no conectado)<\/td>\n<\/tr>\n<tr>\n<td>Pin 8: nc (no conectado)<\/td>\n<\/tr>\n<tr>\n<td>Rj-45 distribuci\u00f3n de pines a la salida (datos + alimentaci\u00f3n)<\/td>\n<\/tr>\n<tr>\n<td>Pin 1: rx+ (recepci\u00f3n de datos)<\/td>\n<\/tr>\n<tr>\n<td>Pin 2: rx- (recepci\u00f3n de datos)<\/td>\n<\/tr>\n<tr>\n<td>Pin 3: tx+ (transmisi\u00f3n de datos)<\/td>\n<\/tr>\n<tr>\n<td>Pin 4: -vdc_return (+) (alimentaci\u00f3n [+])<\/td>\n<\/tr>\n<tr>\n<td>Pin 5: -vdc_return (+) (alimentaci\u00f3n [+])<\/td>\n<\/tr>\n<tr>\n<td>Pin 6: tx- (transmisi\u00f3n de datos)<\/td>\n<\/tr>\n<tr>\n<td>Pin 7: -vdc (alimentaci\u00f3n [-])<\/td>\n<\/tr>\n<tr>\n<td>Pin 8: -vdc (alimentaci\u00f3n [-])<\/td>\n<\/tr>\n<tr>\n<td>Leds<\/td>\n<\/tr>\n<tr>\n<td>Alimentaci\u00f3n ac (rojo)<\/td>\n<\/tr>\n<tr>\n<td>Canal en estado de alimentaci\u00f3n (verde)<\/td>\n<\/tr>\n<tr>\n<td>Alarma en el canal (rojo)<\/td>\n<\/tr>\n<tr>\n<td>Alimentaci\u00f3n<\/td>\n<\/tr>\n<tr>\n<td>Entrada: 100 v a 240 v ac, 50 \u00f3 60 hz<\/td>\n<\/tr>\n<tr>\n<td>Salida: 48 v dc \/ 350 ma<\/td>\n<\/tr>\n<tr>\n<td>Consumo de potencia: 19 watts (m\u00e1ximo)<\/td>\n<\/tr>\n<tr>\n<td>Dise\u00f1o<\/td>\n<\/tr>\n<tr>\n<td>Gabinete de pl\u00e1stico (abs)<\/td>\n<\/tr>\n<tr>\n<td>Dimensiones: 120 (largo) x 50 (ancho) x 35 (alto) mm<\/td>\n<\/tr>\n<tr>\n<td>Peso: 0.14 kg<\/td>\n<\/tr>\n<tr>\n<td>Temperatura de operaci\u00f3n: 0\u00b0c \u00bf 60\u00b0c<\/td>\n<\/tr>\n<tr>\n<td>Factor de humedad: 10% \u00bf 90% rh, sin condensaci\u00f3n<\/td>\n<\/tr>\n<tr>\n<td>Temperatura de almacenaje: -20\u00b0c \u00bf 85\u00b0c<\/td>\n<\/tr>\n<tr>\n<td>El paquete incluye<\/td>\n<\/tr>\n<tr>\n<td>Inyector power over ethernet<\/td>\n<\/tr>\n<tr>\n<td>Cable de alimentaci\u00f3n<\/td>\n<\/tr>\n<tr>\n<td>Hoja de instrucciones<\/td>\n<\/tr>\n<\/table>\n","protected":false},"excerpt":{"rendered":"<p>Ideal cuando el tomacorriente de ac no est\u00e1 accesible. Distancia soportada: hasta 100 m (328 ft.. Salida de alimentaci\u00f3n de hasta 15.4 watts. Soporta todos los dispositivos compatibles con ieee 802.3af (access points y puentes, t\u00e9lefonos voip (protocolo de voz sobre internet), c\u00e1maras de vigilancia ip. Soporta detecci\u00f3n de dispositivos ieee 802.3af y de cortocircuitos, sobrecarga y protecci\u00f3n de alto voltaje. Dise\u00f1o poe clase 3, de alta potencia. Dise\u00f1o sin ventiladores, ideal paa una operaci\u00f3n silente. Tres a\u00f1os de garant\u00eda<\/p>\n","protected":false},"featured_media":211103,"comment_status":"open","ping_status":"open","template":"","meta":[],"product_cat":[1485,1505],"product_tag":[1489],"acf":[],"yoast_head":"<!-- This site is optimized with the Yoast SEO plugin v21.7 - https:\/\/yoast.com\/wordpress\/plugins\/seo\/ -->\n<title>[ Intellinet ] &#129351; 524179 Poe Inyector,,, 802.3af 15.4 W Fast Ethernet<\/title>\n<meta name=\"description\" content=\"Compra 524179 Poe Inyector,,, 802.3af 15.4 W Fast Ethernet + Env\u00edo a domicilio + Pago seguro + Garant\u00eda\" \/>\n<meta name=\"robots\" content=\"index, follow, max-snippet:-1, max-image-preview:large, max-video-preview:-1\" \/>\n<link rel=\"canonical\" href=\"https:\/\/compuviper.mx\/tienda\/producto\/intellinet-524179-poe-inyector-802-3af-15-4-w-fast-ethernet\/\" \/>\n<meta property=\"og:locale\" content=\"es_MX\" \/>\n<meta property=\"og:type\" content=\"article\" \/>\n<meta property=\"og:title\" content=\"[ Intellinet ] &#129351; 524179 Poe Inyector,,, 802.3af 15.4 W Fast Ethernet\" \/>\n<meta property=\"og:description\" content=\"Compra 524179 Poe Inyector,,, 802.3af 15.4 W Fast Ethernet + Env\u00edo a domicilio + Pago seguro + Garant\u00eda\" \/>\n<meta property=\"og:url\" content=\"https:\/\/compuviper.mx\/tienda\/producto\/intellinet-524179-poe-inyector-802-3af-15-4-w-fast-ethernet\/\" \/>\n<meta property=\"og:site_name\" content=\"Compuviper\" \/>\n<meta property=\"article:publisher\" content=\"https:\/\/www.facebook.com\/compuviper\" \/>\n<meta property=\"og:image\" content=\"https:\/\/compuviper.mx\/tienda\/wp-content\/uploads\/2023\/12\/Poe-inyectorintellinet524179-802.3af-15.4-w-fast-ethernet.jpg\" \/>\n\t<meta property=\"og:image:width\" content=\"200\" \/>\n\t<meta property=\"og:image:height\" content=\"200\" \/>\n\t<meta property=\"og:image:type\" content=\"image\/jpeg\" \/>\n<meta name=\"twitter:card\" content=\"summary_large_image\" \/>\n<meta name=\"twitter:label1\" content=\"Precio\" \/>\n\t<meta name=\"twitter:data1\" content=\"&#36;374 con IVA\" \/>\n\t<meta name=\"twitter:label2\" content=\"Availability\" \/>\n\t<meta name=\"twitter:data2\" content=\"In stock\" \/>\n<script type=\"application\/ld+json\" class=\"yoast-schema-graph\">{\"@context\":\"https:\/\/schema.org\",\"@graph\":[{\"@type\":\"WebPage\",\"@id\":\"https:\/\/compuviper.mx\/tienda\/producto\/intellinet-524179-poe-inyector-802-3af-15-4-w-fast-ethernet\/\",\"url\":\"https:\/\/compuviper.mx\/tienda\/producto\/intellinet-524179-poe-inyector-802-3af-15-4-w-fast-ethernet\/\",\"name\":\"[ Intellinet ] &#129351; 524179 Poe Inyector,,, 802.3af 15.4 W Fast Ethernet\",\"isPartOf\":{\"@id\":\"https:\/\/compuviper.mx\/tienda\/#website\"},\"datePublished\":\"2026-04-10T05:23:36+00:00\",\"dateModified\":\"2026-04-10T05:23:36+00:00\",\"description\":\"Compra 524179 Poe Inyector,,, 802.3af 15.4 W Fast Ethernet + Env\u00edo a domicilio + Pago seguro + Garant\u00eda\",\"breadcrumb\":{\"@id\":\"https:\/\/compuviper.mx\/tienda\/producto\/intellinet-524179-poe-inyector-802-3af-15-4-w-fast-ethernet\/#breadcrumb\"},\"inLanguage\":\"es-MX\",\"potentialAction\":[{\"@type\":\"ReadAction\",\"target\":[\"https:\/\/compuviper.mx\/tienda\/producto\/intellinet-524179-poe-inyector-802-3af-15-4-w-fast-ethernet\/\"]}]},{\"@type\":\"BreadcrumbList\",\"@id\":\"https:\/\/compuviper.mx\/tienda\/producto\/intellinet-524179-poe-inyector-802-3af-15-4-w-fast-ethernet\/#breadcrumb\",\"itemListElement\":[{\"@type\":\"ListItem\",\"position\":1,\"name\":\"Inicio\",\"item\":\"https:\/\/compuviper.mx\/tienda\/\"},{\"@type\":\"ListItem\",\"position\":2,\"name\":\"Productos\",\"item\":\"https:\/\/compuviper.mx\/tienda\/productos\/\"},{\"@type\":\"ListItem\",\"position\":3,\"name\":\"Accesorios\",\"item\":\"https:\/\/compuviper.mx\/tienda\/categoria-producto\/accesorios\/\"},{\"@type\":\"ListItem\",\"position\":4,\"name\":\"Inyector Poe\",\"item\":\"https:\/\/compuviper.mx\/tienda\/categoria-producto\/accesorios\/inyector-poe\/\"},{\"@type\":\"ListItem\",\"position\":5,\"name\":\"Intellinet 524179 Poe Inyector,,, 802.3af 15.4 W Fast Ethernet\"}]},{\"@type\":\"WebSite\",\"@id\":\"https:\/\/compuviper.mx\/tienda\/#website\",\"url\":\"https:\/\/compuviper.mx\/tienda\/\",\"name\":\"Compuviper\",\"description\":\"Proveedor de Computadoras, Laptops, Servidores, Monitores, Puntos de Venta, Teclados,   Impresoras, T\u00f3ner, C\u00e1maras de Seguridad y m\u00e1s en tu tienda en l\u00ednea\",\"publisher\":{\"@id\":\"https:\/\/compuviper.mx\/tienda\/#organization\"},\"potentialAction\":[{\"@type\":\"SearchAction\",\"target\":{\"@type\":\"EntryPoint\",\"urlTemplate\":\"https:\/\/compuviper.mx\/tienda\/?s={search_term_string}\"},\"query-input\":\"required name=search_term_string\"}],\"inLanguage\":\"es-MX\"},{\"@type\":\"Organization\",\"@id\":\"https:\/\/compuviper.mx\/tienda\/#organization\",\"name\":\"Compuviper\",\"url\":\"https:\/\/compuviper.mx\/tienda\/\",\"logo\":{\"@type\":\"ImageObject\",\"inLanguage\":\"es-MX\",\"@id\":\"https:\/\/compuviper.mx\/tienda\/#\/schema\/logo\/image\/\",\"url\":\"https:\/\/compuviper.mx\/tienda\/wp-content\/uploads\/2021\/08\/Logo-Compuviper-10.png\",\"contentUrl\":\"https:\/\/compuviper.mx\/tienda\/wp-content\/uploads\/2021\/08\/Logo-Compuviper-10.png\",\"width\":1000,\"height\":500,\"caption\":\"Compuviper\"},\"image\":{\"@id\":\"https:\/\/compuviper.mx\/tienda\/#\/schema\/logo\/image\/\"},\"sameAs\":[\"https:\/\/www.facebook.com\/compuviper\",\"https:\/\/www.youtube.com\/channel\/UCf73dERp9Y3cfOq7q8BhLjA?view_as=subscriber\"]}]}<\/script>\n<meta property=\"product:brand\" content=\"INTELLINET\" \/>\n<meta property=\"product:price:amount\" content=\"374\" \/>\n<meta property=\"product:price:currency\" content=\"MXN\" \/>\n<meta property=\"og:availability\" content=\"instock\" \/>\n<meta property=\"product:availability\" content=\"instock\" \/>\n<meta property=\"product:retailer_item_id\" content=\"524179\" \/>\n<meta property=\"product:condition\" content=\"new\" \/>\n<!-- \/ Yoast SEO plugin. -->","yoast_head_json":{"title":"[ Intellinet ] &#129351; 524179 Poe Inyector,,, 802.3af 15.4 W Fast Ethernet","description":"Compra 524179 Poe Inyector,,, 802.3af 15.4 W Fast Ethernet + Env\u00edo a domicilio + Pago seguro + Garant\u00eda","robots":{"index":"index","follow":"follow","max-snippet":"max-snippet:-1","max-image-preview":"max-image-preview:large","max-video-preview":"max-video-preview:-1"},"canonical":"https:\/\/compuviper.mx\/tienda\/producto\/intellinet-524179-poe-inyector-802-3af-15-4-w-fast-ethernet\/","og_locale":"es_MX","og_type":"article","og_title":"[ Intellinet ] &#129351; 524179 Poe Inyector,,, 802.3af 15.4 W Fast Ethernet","og_description":"Compra 524179 Poe Inyector,,, 802.3af 15.4 W Fast Ethernet + Env\u00edo a domicilio + Pago seguro + Garant\u00eda","og_url":"https:\/\/compuviper.mx\/tienda\/producto\/intellinet-524179-poe-inyector-802-3af-15-4-w-fast-ethernet\/","og_site_name":"Compuviper","article_publisher":"https:\/\/www.facebook.com\/compuviper","og_image":[{"width":200,"height":200,"url":"https:\/\/compuviper.mx\/tienda\/wp-content\/uploads\/2023\/12\/Poe-inyectorintellinet524179-802.3af-15.4-w-fast-ethernet.jpg","type":"image\/jpeg"}],"twitter_card":"summary_large_image","twitter_misc":{"Precio":"&#36;374 con IVA","Availability":"In stock"},"schema":{"@context":"https:\/\/schema.org","@graph":[{"@type":"WebPage","@id":"https:\/\/compuviper.mx\/tienda\/producto\/intellinet-524179-poe-inyector-802-3af-15-4-w-fast-ethernet\/","url":"https:\/\/compuviper.mx\/tienda\/producto\/intellinet-524179-poe-inyector-802-3af-15-4-w-fast-ethernet\/","name":"[ Intellinet ] &#129351; 524179 Poe Inyector,,, 802.3af 15.4 W Fast Ethernet","isPartOf":{"@id":"https:\/\/compuviper.mx\/tienda\/#website"},"datePublished":"2026-04-10T05:23:36+00:00","dateModified":"2026-04-10T05:23:36+00:00","description":"Compra 524179 Poe Inyector,,, 802.3af 15.4 W Fast Ethernet + Env\u00edo a domicilio + Pago seguro + Garant\u00eda","breadcrumb":{"@id":"https:\/\/compuviper.mx\/tienda\/producto\/intellinet-524179-poe-inyector-802-3af-15-4-w-fast-ethernet\/#breadcrumb"},"inLanguage":"es-MX","potentialAction":[{"@type":"ReadAction","target":["https:\/\/compuviper.mx\/tienda\/producto\/intellinet-524179-poe-inyector-802-3af-15-4-w-fast-ethernet\/"]}]},{"@type":"BreadcrumbList","@id":"https:\/\/compuviper.mx\/tienda\/producto\/intellinet-524179-poe-inyector-802-3af-15-4-w-fast-ethernet\/#breadcrumb","itemListElement":[{"@type":"ListItem","position":1,"name":"Inicio","item":"https:\/\/compuviper.mx\/tienda\/"},{"@type":"ListItem","position":2,"name":"Productos","item":"https:\/\/compuviper.mx\/tienda\/productos\/"},{"@type":"ListItem","position":3,"name":"Accesorios","item":"https:\/\/compuviper.mx\/tienda\/categoria-producto\/accesorios\/"},{"@type":"ListItem","position":4,"name":"Inyector Poe","item":"https:\/\/compuviper.mx\/tienda\/categoria-producto\/accesorios\/inyector-poe\/"},{"@type":"ListItem","position":5,"name":"Intellinet 524179 Poe Inyector,,, 802.3af 15.4 W Fast Ethernet"}]},{"@type":"WebSite","@id":"https:\/\/compuviper.mx\/tienda\/#website","url":"https:\/\/compuviper.mx\/tienda\/","name":"Compuviper","description":"Proveedor de Computadoras, Laptops, Servidores, Monitores, Puntos de Venta, Teclados,   Impresoras, T\u00f3ner, C\u00e1maras de Seguridad y m\u00e1s en tu tienda en l\u00ednea","publisher":{"@id":"https:\/\/compuviper.mx\/tienda\/#organization"},"potentialAction":[{"@type":"SearchAction","target":{"@type":"EntryPoint","urlTemplate":"https:\/\/compuviper.mx\/tienda\/?s={search_term_string}"},"query-input":"required name=search_term_string"}],"inLanguage":"es-MX"},{"@type":"Organization","@id":"https:\/\/compuviper.mx\/tienda\/#organization","name":"Compuviper","url":"https:\/\/compuviper.mx\/tienda\/","logo":{"@type":"ImageObject","inLanguage":"es-MX","@id":"https:\/\/compuviper.mx\/tienda\/#\/schema\/logo\/image\/","url":"https:\/\/compuviper.mx\/tienda\/wp-content\/uploads\/2021\/08\/Logo-Compuviper-10.png","contentUrl":"https:\/\/compuviper.mx\/tienda\/wp-content\/uploads\/2021\/08\/Logo-Compuviper-10.png","width":1000,"height":500,"caption":"Compuviper"},"image":{"@id":"https:\/\/compuviper.mx\/tienda\/#\/schema\/logo\/image\/"},"sameAs":["https:\/\/www.facebook.com\/compuviper","https:\/\/www.youtube.com\/channel\/UCf73dERp9Y3cfOq7q8BhLjA?view_as=subscriber"]}]},"product_brand":"INTELLINET","product_price_amount":"374","product_price_currency":"MXN","og_availability":"instock","product_availability":"instock","product_retailer_item_id":"524179","product_condition":"new"},"_links":{"self":[{"href":"https:\/\/compuviper.mx\/tienda\/wp-json\/wp\/v2\/product\/211102"}],"collection":[{"href":"https:\/\/compuviper.mx\/tienda\/wp-json\/wp\/v2\/product"}],"about":[{"href":"https:\/\/compuviper.mx\/tienda\/wp-json\/wp\/v2\/types\/product"}],"replies":[{"embeddable":true,"href":"https:\/\/compuviper.mx\/tienda\/wp-json\/wp\/v2\/comments?post=211102"}],"wp:featuredmedia":[{"embeddable":true,"href":"https:\/\/compuviper.mx\/tienda\/wp-json\/wp\/v2\/media\/211103"}],"wp:attachment":[{"href":"https:\/\/compuviper.mx\/tienda\/wp-json\/wp\/v2\/media?parent=211102"}],"wp:term":[{"taxonomy":"product_cat","embeddable":true,"href":"https:\/\/compuviper.mx\/tienda\/wp-json\/wp\/v2\/product_cat?post=211102"},{"taxonomy":"product_tag","embeddable":true,"href":"https:\/\/compuviper.mx\/tienda\/wp-json\/wp\/v2\/product_tag?post=211102"}],"curies":[{"name":"wp","href":"https:\/\/api.w.org\/{rel}","templated":true}]}}