{"id":211098,"date":"2026-04-07T23:26:39","date_gmt":"2026-04-08T05:26:39","guid":{"rendered":"https:\/\/compuviper.mx\/tienda\/producto\/intellinet-163286-tapa-faceplate-1-perforacion-blanco\/"},"modified":"2026-04-07T23:26:39","modified_gmt":"2026-04-08T05:26:39","slug":"intellinet-163286-tapa-faceplate-1-perforacion-blanco","status":"publish","type":"product","link":"https:\/\/compuviper.mx\/tienda\/producto\/intellinet-163286-tapa-faceplate-1-perforacion-blanco\/","title":{"rendered":"Intellinet 163286 Tapa Faceplate,,, 1 Perforacion Blanco"},"content":{"rendered":"<table class=\"descripcion\">\n<tr>\n<td>Aprobado por ul<\/td>\n<\/tr>\n<tr>\n<td>114 mm de alto<\/td>\n<\/tr>\n<tr>\n<td>70 mm de ancho<\/td>\n<\/tr>\n<tr>\n<td>82.5 mm entre los orificios de los tornillos<\/td>\n<\/tr>\n<tr>\n<td>Incluye 2 desarmadores #6 de 25 mm<\/td>\n<\/tr>\n<tr>\n<td>Especificaciones f\u00edsicas<\/td>\n<\/tr>\n<tr>\n<td>Peso: 0.02 kg<\/td>\n<\/tr>\n<tr>\n<td>Dimensiones: 70 (l) x 114 (w) x 10 (h) [mm]<\/td>\n<\/tr>\n<tr>\n<td>Embalaje: bolsa<\/td>\n<\/tr>\n<\/table>\n","protected":false},"excerpt":{"rendered":"<p>La tapa de pared de una salida de intellinet network solutions agrega un toque profesional a su instalaci\u00f3n de cableado de red. Una vez que haya conectado correctamente una caja de pared est\u00e1ndar de una unidad, esta placa frontal se monta r\u00e1pidamente en ella, proporcionando un dise\u00f1o limpio y simple que se adapta perfectamente a la clavija est\u00e1ndar de keystone. Y, si el puerto no est\u00e1 en uso, se incluye una cubierta protectora contra el polvo, por lo que queda inmediatamente lista para su uso futuro. Esta placa frontal de montaje empotrado ofrece una contribuci\u00f3n sutil a la \u00f3ptica general de cualquier habitaci\u00f3n, ya sea en el trabajo o en el hogar, para crear una atm\u00f3sfera pulida y bien dise\u00f1ada para cualquier prop\u00f3sito. Tapa de salida sencilla. Montaje al ras de la pared. Incluye protecci\u00f3n de polvo para un dise\u00f1o atractivo. Utiliza cualquier keystone jack est\u00e1ndar. Se adapta a las cajas est\u00e1ndar<\/p>\n","protected":false},"featured_media":211099,"comment_status":"open","ping_status":"open","template":"","meta":[],"product_cat":[1485,1503],"product_tag":[1489],"acf":[],"yoast_head":"<!-- This site is optimized with the Yoast SEO plugin v21.7 - https:\/\/yoast.com\/wordpress\/plugins\/seo\/ -->\n<title>[ Intellinet ] &#129351; 163286 Tapa Faceplate,,, 1 Perforacion Blanco<\/title>\n<meta name=\"description\" content=\"Compra 163286 Tapa Faceplate,,, 1 Perforacion Blanco + Env\u00edo a domicilio + Pago seguro + Garant\u00eda\" \/>\n<meta name=\"robots\" content=\"index, follow, max-snippet:-1, max-image-preview:large, max-video-preview:-1\" \/>\n<link rel=\"canonical\" href=\"https:\/\/compuviper.mx\/tienda\/producto\/intellinet-163286-tapa-faceplate-1-perforacion-blanco\/\" \/>\n<meta property=\"og:locale\" content=\"es_MX\" \/>\n<meta property=\"og:type\" content=\"article\" \/>\n<meta property=\"og:title\" content=\"[ Intellinet ] &#129351; 163286 Tapa Faceplate,,, 1 Perforacion Blanco\" \/>\n<meta property=\"og:description\" content=\"Compra 163286 Tapa Faceplate,,, 1 Perforacion Blanco + Env\u00edo a domicilio + Pago seguro + Garant\u00eda\" \/>\n<meta property=\"og:url\" content=\"https:\/\/compuviper.mx\/tienda\/producto\/intellinet-163286-tapa-faceplate-1-perforacion-blanco\/\" \/>\n<meta property=\"og:site_name\" content=\"Compuviper\" \/>\n<meta property=\"article:publisher\" content=\"https:\/\/www.facebook.com\/compuviper\" \/>\n<meta property=\"og:image\" content=\"https:\/\/compuviper.mx\/tienda\/wp-content\/uploads\/2023\/12\/Tapa-faceplateintellinet163286-1-perforacion-blanco.jpg\" \/>\n\t<meta property=\"og:image:width\" content=\"200\" \/>\n\t<meta property=\"og:image:height\" content=\"200\" \/>\n\t<meta property=\"og:image:type\" content=\"image\/jpeg\" \/>\n<meta name=\"twitter:card\" content=\"summary_large_image\" \/>\n<meta name=\"twitter:label1\" content=\"Precio\" \/>\n\t<meta name=\"twitter:data1\" content=\"&#36;28 con IVA\" \/>\n\t<meta name=\"twitter:label2\" content=\"Availability\" \/>\n\t<meta name=\"twitter:data2\" content=\"In stock\" \/>\n<script type=\"application\/ld+json\" class=\"yoast-schema-graph\">{\"@context\":\"https:\/\/schema.org\",\"@graph\":[{\"@type\":\"WebPage\",\"@id\":\"https:\/\/compuviper.mx\/tienda\/producto\/intellinet-163286-tapa-faceplate-1-perforacion-blanco\/\",\"url\":\"https:\/\/compuviper.mx\/tienda\/producto\/intellinet-163286-tapa-faceplate-1-perforacion-blanco\/\",\"name\":\"[ Intellinet ] &#129351; 163286 Tapa Faceplate,,, 1 Perforacion Blanco\",\"isPartOf\":{\"@id\":\"https:\/\/compuviper.mx\/tienda\/#website\"},\"datePublished\":\"2026-04-08T05:26:39+00:00\",\"dateModified\":\"2026-04-08T05:26:39+00:00\",\"description\":\"Compra 163286 Tapa Faceplate,,, 1 Perforacion Blanco + Env\u00edo a domicilio + Pago seguro + Garant\u00eda\",\"breadcrumb\":{\"@id\":\"https:\/\/compuviper.mx\/tienda\/producto\/intellinet-163286-tapa-faceplate-1-perforacion-blanco\/#breadcrumb\"},\"inLanguage\":\"es-MX\",\"potentialAction\":[{\"@type\":\"ReadAction\",\"target\":[\"https:\/\/compuviper.mx\/tienda\/producto\/intellinet-163286-tapa-faceplate-1-perforacion-blanco\/\"]}]},{\"@type\":\"BreadcrumbList\",\"@id\":\"https:\/\/compuviper.mx\/tienda\/producto\/intellinet-163286-tapa-faceplate-1-perforacion-blanco\/#breadcrumb\",\"itemListElement\":[{\"@type\":\"ListItem\",\"position\":1,\"name\":\"Inicio\",\"item\":\"https:\/\/compuviper.mx\/tienda\/\"},{\"@type\":\"ListItem\",\"position\":2,\"name\":\"Productos\",\"item\":\"https:\/\/compuviper.mx\/tienda\/productos\/\"},{\"@type\":\"ListItem\",\"position\":3,\"name\":\"Accesorios\",\"item\":\"https:\/\/compuviper.mx\/tienda\/categoria-producto\/accesorios\/\"},{\"@type\":\"ListItem\",\"position\":4,\"name\":\"Tapas\",\"item\":\"https:\/\/compuviper.mx\/tienda\/categoria-producto\/accesorios\/tapas\/\"},{\"@type\":\"ListItem\",\"position\":5,\"name\":\"Intellinet 163286 Tapa Faceplate,,, 1 Perforacion Blanco\"}]},{\"@type\":\"WebSite\",\"@id\":\"https:\/\/compuviper.mx\/tienda\/#website\",\"url\":\"https:\/\/compuviper.mx\/tienda\/\",\"name\":\"Compuviper\",\"description\":\"Proveedor de Computadoras, Laptops, Servidores, Monitores, Puntos de Venta, Teclados,   Impresoras, T\u00f3ner, C\u00e1maras de Seguridad y m\u00e1s en tu tienda en l\u00ednea\",\"publisher\":{\"@id\":\"https:\/\/compuviper.mx\/tienda\/#organization\"},\"potentialAction\":[{\"@type\":\"SearchAction\",\"target\":{\"@type\":\"EntryPoint\",\"urlTemplate\":\"https:\/\/compuviper.mx\/tienda\/?s={search_term_string}\"},\"query-input\":\"required name=search_term_string\"}],\"inLanguage\":\"es-MX\"},{\"@type\":\"Organization\",\"@id\":\"https:\/\/compuviper.mx\/tienda\/#organization\",\"name\":\"Compuviper\",\"url\":\"https:\/\/compuviper.mx\/tienda\/\",\"logo\":{\"@type\":\"ImageObject\",\"inLanguage\":\"es-MX\",\"@id\":\"https:\/\/compuviper.mx\/tienda\/#\/schema\/logo\/image\/\",\"url\":\"https:\/\/compuviper.mx\/tienda\/wp-content\/uploads\/2021\/08\/Logo-Compuviper-10.png\",\"contentUrl\":\"https:\/\/compuviper.mx\/tienda\/wp-content\/uploads\/2021\/08\/Logo-Compuviper-10.png\",\"width\":1000,\"height\":500,\"caption\":\"Compuviper\"},\"image\":{\"@id\":\"https:\/\/compuviper.mx\/tienda\/#\/schema\/logo\/image\/\"},\"sameAs\":[\"https:\/\/www.facebook.com\/compuviper\",\"https:\/\/www.youtube.com\/channel\/UCf73dERp9Y3cfOq7q8BhLjA?view_as=subscriber\"]}]}<\/script>\n<meta property=\"product:brand\" content=\"INTELLINET\" \/>\n<meta property=\"product:price:amount\" content=\"28\" \/>\n<meta property=\"product:price:currency\" content=\"MXN\" \/>\n<meta property=\"og:availability\" content=\"instock\" \/>\n<meta property=\"product:availability\" content=\"instock\" \/>\n<meta property=\"product:retailer_item_id\" content=\"163286\" \/>\n<meta property=\"product:condition\" content=\"new\" \/>\n<!-- \/ Yoast SEO plugin. -->","yoast_head_json":{"title":"[ Intellinet ] &#129351; 163286 Tapa Faceplate,,, 1 Perforacion Blanco","description":"Compra 163286 Tapa Faceplate,,, 1 Perforacion Blanco + Env\u00edo a domicilio + Pago seguro + Garant\u00eda","robots":{"index":"index","follow":"follow","max-snippet":"max-snippet:-1","max-image-preview":"max-image-preview:large","max-video-preview":"max-video-preview:-1"},"canonical":"https:\/\/compuviper.mx\/tienda\/producto\/intellinet-163286-tapa-faceplate-1-perforacion-blanco\/","og_locale":"es_MX","og_type":"article","og_title":"[ Intellinet ] &#129351; 163286 Tapa Faceplate,,, 1 Perforacion Blanco","og_description":"Compra 163286 Tapa Faceplate,,, 1 Perforacion Blanco + Env\u00edo a domicilio + Pago seguro + Garant\u00eda","og_url":"https:\/\/compuviper.mx\/tienda\/producto\/intellinet-163286-tapa-faceplate-1-perforacion-blanco\/","og_site_name":"Compuviper","article_publisher":"https:\/\/www.facebook.com\/compuviper","og_image":[{"width":200,"height":200,"url":"https:\/\/compuviper.mx\/tienda\/wp-content\/uploads\/2023\/12\/Tapa-faceplateintellinet163286-1-perforacion-blanco.jpg","type":"image\/jpeg"}],"twitter_card":"summary_large_image","twitter_misc":{"Precio":"&#36;28 con IVA","Availability":"In stock"},"schema":{"@context":"https:\/\/schema.org","@graph":[{"@type":"WebPage","@id":"https:\/\/compuviper.mx\/tienda\/producto\/intellinet-163286-tapa-faceplate-1-perforacion-blanco\/","url":"https:\/\/compuviper.mx\/tienda\/producto\/intellinet-163286-tapa-faceplate-1-perforacion-blanco\/","name":"[ Intellinet ] &#129351; 163286 Tapa Faceplate,,, 1 Perforacion Blanco","isPartOf":{"@id":"https:\/\/compuviper.mx\/tienda\/#website"},"datePublished":"2026-04-08T05:26:39+00:00","dateModified":"2026-04-08T05:26:39+00:00","description":"Compra 163286 Tapa Faceplate,,, 1 Perforacion Blanco + Env\u00edo a domicilio + Pago seguro + Garant\u00eda","breadcrumb":{"@id":"https:\/\/compuviper.mx\/tienda\/producto\/intellinet-163286-tapa-faceplate-1-perforacion-blanco\/#breadcrumb"},"inLanguage":"es-MX","potentialAction":[{"@type":"ReadAction","target":["https:\/\/compuviper.mx\/tienda\/producto\/intellinet-163286-tapa-faceplate-1-perforacion-blanco\/"]}]},{"@type":"BreadcrumbList","@id":"https:\/\/compuviper.mx\/tienda\/producto\/intellinet-163286-tapa-faceplate-1-perforacion-blanco\/#breadcrumb","itemListElement":[{"@type":"ListItem","position":1,"name":"Inicio","item":"https:\/\/compuviper.mx\/tienda\/"},{"@type":"ListItem","position":2,"name":"Productos","item":"https:\/\/compuviper.mx\/tienda\/productos\/"},{"@type":"ListItem","position":3,"name":"Accesorios","item":"https:\/\/compuviper.mx\/tienda\/categoria-producto\/accesorios\/"},{"@type":"ListItem","position":4,"name":"Tapas","item":"https:\/\/compuviper.mx\/tienda\/categoria-producto\/accesorios\/tapas\/"},{"@type":"ListItem","position":5,"name":"Intellinet 163286 Tapa Faceplate,,, 1 Perforacion Blanco"}]},{"@type":"WebSite","@id":"https:\/\/compuviper.mx\/tienda\/#website","url":"https:\/\/compuviper.mx\/tienda\/","name":"Compuviper","description":"Proveedor de Computadoras, Laptops, Servidores, Monitores, Puntos de Venta, Teclados,   Impresoras, T\u00f3ner, C\u00e1maras de Seguridad y m\u00e1s en tu tienda en l\u00ednea","publisher":{"@id":"https:\/\/compuviper.mx\/tienda\/#organization"},"potentialAction":[{"@type":"SearchAction","target":{"@type":"EntryPoint","urlTemplate":"https:\/\/compuviper.mx\/tienda\/?s={search_term_string}"},"query-input":"required name=search_term_string"}],"inLanguage":"es-MX"},{"@type":"Organization","@id":"https:\/\/compuviper.mx\/tienda\/#organization","name":"Compuviper","url":"https:\/\/compuviper.mx\/tienda\/","logo":{"@type":"ImageObject","inLanguage":"es-MX","@id":"https:\/\/compuviper.mx\/tienda\/#\/schema\/logo\/image\/","url":"https:\/\/compuviper.mx\/tienda\/wp-content\/uploads\/2021\/08\/Logo-Compuviper-10.png","contentUrl":"https:\/\/compuviper.mx\/tienda\/wp-content\/uploads\/2021\/08\/Logo-Compuviper-10.png","width":1000,"height":500,"caption":"Compuviper"},"image":{"@id":"https:\/\/compuviper.mx\/tienda\/#\/schema\/logo\/image\/"},"sameAs":["https:\/\/www.facebook.com\/compuviper","https:\/\/www.youtube.com\/channel\/UCf73dERp9Y3cfOq7q8BhLjA?view_as=subscriber"]}]},"product_brand":"INTELLINET","product_price_amount":"28","product_price_currency":"MXN","og_availability":"instock","product_availability":"instock","product_retailer_item_id":"163286","product_condition":"new"},"_links":{"self":[{"href":"https:\/\/compuviper.mx\/tienda\/wp-json\/wp\/v2\/product\/211098"}],"collection":[{"href":"https:\/\/compuviper.mx\/tienda\/wp-json\/wp\/v2\/product"}],"about":[{"href":"https:\/\/compuviper.mx\/tienda\/wp-json\/wp\/v2\/types\/product"}],"replies":[{"embeddable":true,"href":"https:\/\/compuviper.mx\/tienda\/wp-json\/wp\/v2\/comments?post=211098"}],"wp:featuredmedia":[{"embeddable":true,"href":"https:\/\/compuviper.mx\/tienda\/wp-json\/wp\/v2\/media\/211099"}],"wp:attachment":[{"href":"https:\/\/compuviper.mx\/tienda\/wp-json\/wp\/v2\/media?parent=211098"}],"wp:term":[{"taxonomy":"product_cat","embeddable":true,"href":"https:\/\/compuviper.mx\/tienda\/wp-json\/wp\/v2\/product_cat?post=211098"},{"taxonomy":"product_tag","embeddable":true,"href":"https:\/\/compuviper.mx\/tienda\/wp-json\/wp\/v2\/product_tag?post=211098"}],"curies":[{"name":"wp","href":"https:\/\/api.w.org\/{rel}","templated":true}]}}