{"id":211090,"date":"2026-04-27T23:26:09","date_gmt":"2026-04-28T05:26:09","guid":{"rendered":"https:\/\/compuviper.mx\/tienda\/producto\/manhattan-460255-lector-banda-magnetica-p-tarjetas-usb\/"},"modified":"2026-04-27T23:26:09","modified_gmt":"2026-04-28T05:26:09","slug":"manhattan-460255-lector-banda-magnetica-p-tarjetas-usb","status":"publish","type":"product","link":"https:\/\/compuviper.mx\/tienda\/producto\/manhattan-460255-lector-banda-magnetica-p-tarjetas-usb\/","title":{"rendered":"Manhattan 460255 Lector Banda Magnetica,,, P\/tarjetas Usb"},"content":{"rendered":"<table class=\"descripcion\">\n<tr>\n<td>Est\u00e1ndares y certificaciones:<\/td>\n<\/tr>\n<tr>\n<td>\u0095fcc<\/td>\n<\/tr>\n<tr>\n<td>\u0095ce<\/td>\n<\/tr>\n<tr>\n<td>\u0095usb<\/td>\n<\/tr>\n<tr>\n<td>\u0095iso 7810-7813<\/td>\n<\/tr>\n<tr>\n<td>\u0095jisii<\/td>\n<\/tr>\n<tr>\n<td>General<\/td>\n<\/tr>\n<tr>\n<td>\u0095lectura: bandas de alta y baja coactividad<\/td>\n<\/tr>\n<tr>\n<td>\u0095direcci\u00f3n de lectura: bi-direccional<\/td>\n<\/tr>\n<tr>\n<td>\u0095indicador de lectura: tono y led<\/td>\n<\/tr>\n<tr>\n<td>\u0095tasa de lectura: 100 \u0096 1000 mm por segundo<\/td>\n<\/tr>\n<tr>\n<td>\u0095interfaz: usb<\/td>\n<\/tr>\n<tr>\n<td>\u0095interfaces soportadas: usb, ps\/2, rs232, ttl (los cables pueden ser cambiados a diferentes interfaces)<\/td>\n<\/tr>\n<tr>\n<td>Informaci\u00f3n de las pistas:<\/td>\n<\/tr>\n<tr>\n<td>\u0095pista sencilla (1, 2 \u00f3 3 pistas)<\/td>\n<\/tr>\n<tr>\n<td>\u0095pista dual (1 y 2, 2 y 3 pistas)<\/td>\n<\/tr>\n<tr>\n<td>\u0095pistas triples (1 y 2 y 3 pistas)<\/td>\n<\/tr>\n<tr>\n<td>\u0095jis ii<\/td>\n<\/tr>\n<tr>\n<td>Dise\u00f1o:<\/td>\n<\/tr>\n<tr>\n<td>\u0095dimensiones: 150 x 43 x 43 mm<\/td>\n<\/tr>\n<tr>\n<td>\u0095peso: 145 g<\/td>\n<\/tr>\n<tr>\n<td>\u0095longitud del cable: 150 cm<\/td>\n<\/tr>\n<tr>\n<td>\u0095temperatura de operaci\u00f3n: 0\u00b0 c \u0096 50\u00b0 c<\/td>\n<\/tr>\n<tr>\n<td>\u0095temperatura de almacenamiento: -20\u00b0 c \u0096 70\u00b0 c<\/td>\n<\/tr>\n<tr>\n<td>\u0095humedad relativa: 20 \u0096 95% (sin condensaci\u00f3n)<\/td>\n<\/tr>\n<tr>\n<td>\u0095chasis: abs y pc<\/td>\n<\/tr>\n<tr>\n<td>El\u00e9ctrico<\/td>\n<\/tr>\n<tr>\n<td>\u0095voltaje: dc +5v +\/-5%<\/td>\n<\/tr>\n<tr>\n<td>\u0095consumo de potencia: 130 ma<\/td>\n<\/tr>\n<tr>\n<td>Contenido del paquete:<\/td>\n<\/tr>\n<tr>\n<td>\u0095lector de cinta magn\u00e9tica de tarjetas<\/td>\n<\/tr>\n<tr>\n<td>\u0095cd (opcional para configuraci\u00f3n)<\/td>\n<\/tr>\n<\/table>\n","protected":false},"excerpt":{"rendered":"<p>Deslice con velocidad, eficiencia y confiabilidad. El lector de cinta magn\u00e9tica de tarjetas manhattan proporciona un alta calidad en la lectura de los datos de un amplio rango de aplicaciones para mejorar las transacciones de rutina en las ventas y garantizar la seguridad de la informaci\u00f3n. El lector de longitud est\u00e1ndar obtiene informaci\u00f3n de las bandas magn\u00e9ticas de baja y alta coactividad y proporciona una m\u00e1xima estabilidad para obtener lecturas de hasta tres pistas de las bandas magn\u00e9ticas. Indicadores por led y tonos confirman y validan la toma de datos. Ideal para m\u00faltiples usos, incluyendo transacciones en puntos de venta y aplicaciones de control de acceso, el lector de cinta magn\u00e9tica de tarjetas manhattan es f\u00e1cil de implementar y f\u00e1cil de usar. Un teclado integrado con decodificador toma las lecturas de los datos y los env\u00eda hacia una aplicaci\u00f3n donde aparecen como si fuesen tecleados por la computadora. De r\u00e1pida instalaci\u00f3n a trav\u00e9s de cualquier puerto usb integra la mayor\u00eda de las computadoras sin necesidad de conectar una fuente de alimentaci\u00f3n externa o de una programaci\u00f3n complicada.<\/p>\n","protected":false},"featured_media":211091,"comment_status":"open","ping_status":"open","template":"","meta":[],"product_cat":[1485,1502],"product_tag":[1487],"acf":[],"yoast_head":"<!-- This site is optimized with the Yoast SEO plugin v21.7 - https:\/\/yoast.com\/wordpress\/plugins\/seo\/ -->\n<title>[ Manhattan ] &#129351; 460255 Lector Banda Magnetica,,, P\/tarjetas Usb<\/title>\n<meta name=\"description\" content=\"Compra 460255 Lector Banda Magnetica,,, P\/tarjetas Usb + Env\u00edo a domicilio + Pago seguro + Garant\u00eda\" \/>\n<meta name=\"robots\" content=\"index, follow, max-snippet:-1, max-image-preview:large, max-video-preview:-1\" \/>\n<link rel=\"canonical\" href=\"https:\/\/compuviper.mx\/tienda\/producto\/manhattan-460255-lector-banda-magnetica-p-tarjetas-usb\/\" \/>\n<meta property=\"og:locale\" content=\"es_MX\" \/>\n<meta property=\"og:type\" content=\"article\" \/>\n<meta property=\"og:title\" content=\"[ Manhattan ] &#129351; 460255 Lector Banda Magnetica,,, P\/tarjetas Usb\" \/>\n<meta property=\"og:description\" content=\"Compra 460255 Lector Banda Magnetica,,, P\/tarjetas Usb + Env\u00edo a domicilio + Pago seguro + Garant\u00eda\" \/>\n<meta property=\"og:url\" content=\"https:\/\/compuviper.mx\/tienda\/producto\/manhattan-460255-lector-banda-magnetica-p-tarjetas-usb\/\" \/>\n<meta property=\"og:site_name\" content=\"Compuviper\" \/>\n<meta property=\"article:publisher\" content=\"https:\/\/www.facebook.com\/compuviper\" \/>\n<meta property=\"og:image\" content=\"https:\/\/compuviper.mx\/tienda\/wp-content\/uploads\/2023\/12\/Lector-banda-magneticamanhattan460255-ptarjetas-usb.jpg\" \/>\n\t<meta property=\"og:image:width\" content=\"200\" \/>\n\t<meta property=\"og:image:height\" content=\"200\" \/>\n\t<meta property=\"og:image:type\" content=\"image\/jpeg\" \/>\n<meta name=\"twitter:card\" content=\"summary_large_image\" \/>\n<meta name=\"twitter:label1\" content=\"Precio\" \/>\n\t<meta name=\"twitter:data1\" content=\"&#36;1,404 con IVA\" \/>\n\t<meta name=\"twitter:label2\" content=\"Availability\" \/>\n\t<meta name=\"twitter:data2\" content=\"On backorder\" \/>\n<script type=\"application\/ld+json\" class=\"yoast-schema-graph\">{\"@context\":\"https:\/\/schema.org\",\"@graph\":[{\"@type\":\"WebPage\",\"@id\":\"https:\/\/compuviper.mx\/tienda\/producto\/manhattan-460255-lector-banda-magnetica-p-tarjetas-usb\/\",\"url\":\"https:\/\/compuviper.mx\/tienda\/producto\/manhattan-460255-lector-banda-magnetica-p-tarjetas-usb\/\",\"name\":\"[ Manhattan ] &#129351; 460255 Lector Banda Magnetica,,, P\/tarjetas Usb\",\"isPartOf\":{\"@id\":\"https:\/\/compuviper.mx\/tienda\/#website\"},\"datePublished\":\"2026-04-28T05:26:09+00:00\",\"dateModified\":\"2026-04-28T05:26:09+00:00\",\"description\":\"Compra 460255 Lector Banda Magnetica,,, P\/tarjetas Usb + Env\u00edo a domicilio + Pago seguro + Garant\u00eda\",\"breadcrumb\":{\"@id\":\"https:\/\/compuviper.mx\/tienda\/producto\/manhattan-460255-lector-banda-magnetica-p-tarjetas-usb\/#breadcrumb\"},\"inLanguage\":\"es-MX\",\"potentialAction\":[{\"@type\":\"ReadAction\",\"target\":[\"https:\/\/compuviper.mx\/tienda\/producto\/manhattan-460255-lector-banda-magnetica-p-tarjetas-usb\/\"]}]},{\"@type\":\"BreadcrumbList\",\"@id\":\"https:\/\/compuviper.mx\/tienda\/producto\/manhattan-460255-lector-banda-magnetica-p-tarjetas-usb\/#breadcrumb\",\"itemListElement\":[{\"@type\":\"ListItem\",\"position\":1,\"name\":\"Inicio\",\"item\":\"https:\/\/compuviper.mx\/tienda\/\"},{\"@type\":\"ListItem\",\"position\":2,\"name\":\"Productos\",\"item\":\"https:\/\/compuviper.mx\/tienda\/productos\/\"},{\"@type\":\"ListItem\",\"position\":3,\"name\":\"Accesorios\",\"item\":\"https:\/\/compuviper.mx\/tienda\/categoria-producto\/accesorios\/\"},{\"@type\":\"ListItem\",\"position\":4,\"name\":\"Lector De Banda Magnetica\",\"item\":\"https:\/\/compuviper.mx\/tienda\/categoria-producto\/accesorios\/lector-de-banda-magnetica\/\"},{\"@type\":\"ListItem\",\"position\":5,\"name\":\"Manhattan 460255 Lector Banda Magnetica,,, P\/tarjetas Usb\"}]},{\"@type\":\"WebSite\",\"@id\":\"https:\/\/compuviper.mx\/tienda\/#website\",\"url\":\"https:\/\/compuviper.mx\/tienda\/\",\"name\":\"Compuviper\",\"description\":\"Proveedor de Computadoras, Laptops, Servidores, Monitores, Puntos de Venta, Teclados,   Impresoras, T\u00f3ner, C\u00e1maras de Seguridad y m\u00e1s en tu tienda en l\u00ednea\",\"publisher\":{\"@id\":\"https:\/\/compuviper.mx\/tienda\/#organization\"},\"potentialAction\":[{\"@type\":\"SearchAction\",\"target\":{\"@type\":\"EntryPoint\",\"urlTemplate\":\"https:\/\/compuviper.mx\/tienda\/?s={search_term_string}\"},\"query-input\":\"required name=search_term_string\"}],\"inLanguage\":\"es-MX\"},{\"@type\":\"Organization\",\"@id\":\"https:\/\/compuviper.mx\/tienda\/#organization\",\"name\":\"Compuviper\",\"url\":\"https:\/\/compuviper.mx\/tienda\/\",\"logo\":{\"@type\":\"ImageObject\",\"inLanguage\":\"es-MX\",\"@id\":\"https:\/\/compuviper.mx\/tienda\/#\/schema\/logo\/image\/\",\"url\":\"https:\/\/compuviper.mx\/tienda\/wp-content\/uploads\/2021\/08\/Logo-Compuviper-10.png\",\"contentUrl\":\"https:\/\/compuviper.mx\/tienda\/wp-content\/uploads\/2021\/08\/Logo-Compuviper-10.png\",\"width\":1000,\"height\":500,\"caption\":\"Compuviper\"},\"image\":{\"@id\":\"https:\/\/compuviper.mx\/tienda\/#\/schema\/logo\/image\/\"},\"sameAs\":[\"https:\/\/www.facebook.com\/compuviper\",\"https:\/\/www.youtube.com\/channel\/UCf73dERp9Y3cfOq7q8BhLjA?view_as=subscriber\"]}]}<\/script>\n<meta property=\"product:brand\" content=\"MANHATTAN\" \/>\n<meta property=\"product:price:amount\" content=\"1404\" \/>\n<meta property=\"product:price:currency\" content=\"MXN\" \/>\n<meta property=\"og:availability\" content=\"backorder\" \/>\n<meta property=\"product:availability\" content=\"available for order\" \/>\n<meta property=\"product:retailer_item_id\" content=\"460255\" \/>\n<meta property=\"product:condition\" content=\"new\" \/>\n<!-- \/ Yoast SEO plugin. -->","yoast_head_json":{"title":"[ Manhattan ] &#129351; 460255 Lector Banda Magnetica,,, P\/tarjetas Usb","description":"Compra 460255 Lector Banda Magnetica,,, P\/tarjetas Usb + Env\u00edo a domicilio + Pago seguro + Garant\u00eda","robots":{"index":"index","follow":"follow","max-snippet":"max-snippet:-1","max-image-preview":"max-image-preview:large","max-video-preview":"max-video-preview:-1"},"canonical":"https:\/\/compuviper.mx\/tienda\/producto\/manhattan-460255-lector-banda-magnetica-p-tarjetas-usb\/","og_locale":"es_MX","og_type":"article","og_title":"[ Manhattan ] &#129351; 460255 Lector Banda Magnetica,,, P\/tarjetas Usb","og_description":"Compra 460255 Lector Banda Magnetica,,, P\/tarjetas Usb + Env\u00edo a domicilio + Pago seguro + Garant\u00eda","og_url":"https:\/\/compuviper.mx\/tienda\/producto\/manhattan-460255-lector-banda-magnetica-p-tarjetas-usb\/","og_site_name":"Compuviper","article_publisher":"https:\/\/www.facebook.com\/compuviper","og_image":[{"width":200,"height":200,"url":"https:\/\/compuviper.mx\/tienda\/wp-content\/uploads\/2023\/12\/Lector-banda-magneticamanhattan460255-ptarjetas-usb.jpg","type":"image\/jpeg"}],"twitter_card":"summary_large_image","twitter_misc":{"Precio":"&#36;1,404 con IVA","Availability":"On backorder"},"schema":{"@context":"https:\/\/schema.org","@graph":[{"@type":"WebPage","@id":"https:\/\/compuviper.mx\/tienda\/producto\/manhattan-460255-lector-banda-magnetica-p-tarjetas-usb\/","url":"https:\/\/compuviper.mx\/tienda\/producto\/manhattan-460255-lector-banda-magnetica-p-tarjetas-usb\/","name":"[ Manhattan ] &#129351; 460255 Lector Banda Magnetica,,, P\/tarjetas Usb","isPartOf":{"@id":"https:\/\/compuviper.mx\/tienda\/#website"},"datePublished":"2026-04-28T05:26:09+00:00","dateModified":"2026-04-28T05:26:09+00:00","description":"Compra 460255 Lector Banda Magnetica,,, P\/tarjetas Usb + Env\u00edo a domicilio + Pago seguro + Garant\u00eda","breadcrumb":{"@id":"https:\/\/compuviper.mx\/tienda\/producto\/manhattan-460255-lector-banda-magnetica-p-tarjetas-usb\/#breadcrumb"},"inLanguage":"es-MX","potentialAction":[{"@type":"ReadAction","target":["https:\/\/compuviper.mx\/tienda\/producto\/manhattan-460255-lector-banda-magnetica-p-tarjetas-usb\/"]}]},{"@type":"BreadcrumbList","@id":"https:\/\/compuviper.mx\/tienda\/producto\/manhattan-460255-lector-banda-magnetica-p-tarjetas-usb\/#breadcrumb","itemListElement":[{"@type":"ListItem","position":1,"name":"Inicio","item":"https:\/\/compuviper.mx\/tienda\/"},{"@type":"ListItem","position":2,"name":"Productos","item":"https:\/\/compuviper.mx\/tienda\/productos\/"},{"@type":"ListItem","position":3,"name":"Accesorios","item":"https:\/\/compuviper.mx\/tienda\/categoria-producto\/accesorios\/"},{"@type":"ListItem","position":4,"name":"Lector De Banda Magnetica","item":"https:\/\/compuviper.mx\/tienda\/categoria-producto\/accesorios\/lector-de-banda-magnetica\/"},{"@type":"ListItem","position":5,"name":"Manhattan 460255 Lector Banda Magnetica,,, P\/tarjetas Usb"}]},{"@type":"WebSite","@id":"https:\/\/compuviper.mx\/tienda\/#website","url":"https:\/\/compuviper.mx\/tienda\/","name":"Compuviper","description":"Proveedor de Computadoras, Laptops, Servidores, Monitores, Puntos de Venta, Teclados,   Impresoras, T\u00f3ner, C\u00e1maras de Seguridad y m\u00e1s en tu tienda en l\u00ednea","publisher":{"@id":"https:\/\/compuviper.mx\/tienda\/#organization"},"potentialAction":[{"@type":"SearchAction","target":{"@type":"EntryPoint","urlTemplate":"https:\/\/compuviper.mx\/tienda\/?s={search_term_string}"},"query-input":"required name=search_term_string"}],"inLanguage":"es-MX"},{"@type":"Organization","@id":"https:\/\/compuviper.mx\/tienda\/#organization","name":"Compuviper","url":"https:\/\/compuviper.mx\/tienda\/","logo":{"@type":"ImageObject","inLanguage":"es-MX","@id":"https:\/\/compuviper.mx\/tienda\/#\/schema\/logo\/image\/","url":"https:\/\/compuviper.mx\/tienda\/wp-content\/uploads\/2021\/08\/Logo-Compuviper-10.png","contentUrl":"https:\/\/compuviper.mx\/tienda\/wp-content\/uploads\/2021\/08\/Logo-Compuviper-10.png","width":1000,"height":500,"caption":"Compuviper"},"image":{"@id":"https:\/\/compuviper.mx\/tienda\/#\/schema\/logo\/image\/"},"sameAs":["https:\/\/www.facebook.com\/compuviper","https:\/\/www.youtube.com\/channel\/UCf73dERp9Y3cfOq7q8BhLjA?view_as=subscriber"]}]},"product_brand":"MANHATTAN","product_price_amount":"1404","product_price_currency":"MXN","og_availability":"backorder","product_availability":"available for order","product_retailer_item_id":"460255","product_condition":"new"},"_links":{"self":[{"href":"https:\/\/compuviper.mx\/tienda\/wp-json\/wp\/v2\/product\/211090"}],"collection":[{"href":"https:\/\/compuviper.mx\/tienda\/wp-json\/wp\/v2\/product"}],"about":[{"href":"https:\/\/compuviper.mx\/tienda\/wp-json\/wp\/v2\/types\/product"}],"replies":[{"embeddable":true,"href":"https:\/\/compuviper.mx\/tienda\/wp-json\/wp\/v2\/comments?post=211090"}],"wp:featuredmedia":[{"embeddable":true,"href":"https:\/\/compuviper.mx\/tienda\/wp-json\/wp\/v2\/media\/211091"}],"wp:attachment":[{"href":"https:\/\/compuviper.mx\/tienda\/wp-json\/wp\/v2\/media?parent=211090"}],"wp:term":[{"taxonomy":"product_cat","embeddable":true,"href":"https:\/\/compuviper.mx\/tienda\/wp-json\/wp\/v2\/product_cat?post=211090"},{"taxonomy":"product_tag","embeddable":true,"href":"https:\/\/compuviper.mx\/tienda\/wp-json\/wp\/v2\/product_tag?post=211090"}],"curies":[{"name":"wp","href":"https:\/\/api.w.org\/{rel}","templated":true}]}}