{"id":211088,"date":"2026-04-01T23:25:24","date_gmt":"2026-04-02T05:25:24","guid":{"rendered":"https:\/\/compuviper.mx\/tienda\/producto\/manhattan-162005-multiplexor-usb-usb-12-comparte-1-disp-a-2pc\/"},"modified":"2026-04-01T23:25:25","modified_gmt":"2026-04-02T05:25:25","slug":"manhattan-162005-multiplexor-usb-usb-12-comparte-1-disp-a-2pc","status":"publish","type":"product","link":"https:\/\/compuviper.mx\/tienda\/producto\/manhattan-162005-multiplexor-usb-usb-12-comparte-1-disp-a-2pc\/","title":{"rendered":"Manhattan 162005 Multiplexor Usb ,, Usb 1:2 Comparte 1 Disp A 2pc"},"content":{"rendered":"<table class=\"descripcion\">\n<tr>\n<td>Est\u00e1ndares y certificaciones:<\/td>\n<\/tr>\n<tr>\n<td>Usb 2.0<\/td>\n<\/tr>\n<tr>\n<td>Fcc<\/td>\n<\/tr>\n<tr>\n<td>Ce<\/td>\n<\/tr>\n<tr>\n<td>Rohs<\/td>\n<\/tr>\n<tr>\n<td>Weee<\/td>\n<\/tr>\n<tr>\n<td>General:<\/td>\n<\/tr>\n<tr>\n<td>Velocidades de transferencia: 1.5\/12\/480 mbps<\/td>\n<\/tr>\n<tr>\n<td>2 leds indicadores<\/td>\n<\/tr>\n<tr>\n<td>2 switches mec\u00e1nicos<\/td>\n<\/tr>\n<tr>\n<td>Alimentados por bus<\/td>\n<\/tr>\n<tr>\n<td>Puertos:<\/td>\n<\/tr>\n<tr>\n<td>1 puerto, tipo a<\/td>\n<\/tr>\n<tr>\n<td>2 puertos, tipo b<\/td>\n<\/tr>\n<tr>\n<td>Dise\u00f1ol:<\/td>\n<\/tr>\n<tr>\n<td>Dimensiones: 68 x 42 x 20 mm<\/td>\n<\/tr>\n<tr>\n<td>Peso: 39.6 g<\/td>\n<\/tr>\n<tr>\n<td>Tipo y longitud del cable: usb tipo a a tipo b, 1.5 m<\/td>\n<\/tr>\n<tr>\n<td>Chas\u00eds: pl\u00e1stico abs<\/td>\n<\/tr>\n<tr>\n<td>Requerimientos del sistema:<\/td>\n<\/tr>\n<tr>\n<td>Sistemas pc o mac con puertos usb<\/td>\n<\/tr>\n<tr>\n<td>Windows 2000\/xp\/vista\/7 o mac os 9 o superior<\/td>\n<\/tr>\n<tr>\n<td>Puerto usb disponible<\/td>\n<\/tr>\n<tr>\n<td>Alimentaci\u00f3n:<\/td>\n<\/tr>\n<tr>\n<td>Corriente proporcionada por el puerto usb: 500 ma<\/td>\n<\/tr>\n<tr>\n<td>Contenido del paquete:<\/td>\n<\/tr>\n<tr>\n<td>Switch autom\u00e1tico para compartir dispositivos usb de alta velocidad 2.0<\/td>\n<\/tr>\n<tr>\n<td>Cable usb<\/td>\n<\/tr>\n<tr>\n<td>Instrucciones<\/td>\n<\/tr>\n<tr>\n<td>Cd con software<\/td>\n<\/tr>\n<\/table>\n","protected":false},"excerpt":{"rendered":"<p>Comparte un dispositivo usb entre dos computadoras. Switches individuales de conmutaci\u00f3n que seleccionan el dispositivo usb para cada computadora. Soporta conmutaci\u00f3n por inactividad. Leds indicadores para monitoreo de estado en el swich y en pantalla. Protecci\u00f3n de sobrecorriente y hot swap. Compatible con todos los dispositivos equipados con puertos usb. Plug and play; compatible con windows &#8211; no requiere alimentaci\u00f3n externa<\/p>\n","protected":false},"featured_media":211089,"comment_status":"open","ping_status":"open","template":"","meta":[],"product_cat":[1485,1497],"product_tag":[1487],"acf":[],"yoast_head":"<!-- This site is optimized with the Yoast SEO plugin v21.7 - https:\/\/yoast.com\/wordpress\/plugins\/seo\/ -->\n<title>[ Manhattan ] &#129351; 162005 Multiplexor Usb ,, Usb 1:2 Comparte 1 Disp A 2pc<\/title>\n<meta name=\"description\" content=\"Compra 162005 Multiplexor Usb ,, Usb 1:2 Comparte 1 Disp A 2pc + Env\u00edo a domicilio + Pago seguro + Garant\u00eda\" \/>\n<meta name=\"robots\" content=\"index, follow, max-snippet:-1, max-image-preview:large, max-video-preview:-1\" \/>\n<link rel=\"canonical\" href=\"https:\/\/compuviper.mx\/tienda\/producto\/manhattan-162005-multiplexor-usb-usb-12-comparte-1-disp-a-2pc\/\" \/>\n<meta property=\"og:locale\" content=\"es_MX\" \/>\n<meta property=\"og:type\" content=\"article\" \/>\n<meta property=\"og:title\" content=\"[ Manhattan ] &#129351; 162005 Multiplexor Usb ,, Usb 1:2 Comparte 1 Disp A 2pc\" \/>\n<meta property=\"og:description\" content=\"Compra 162005 Multiplexor Usb ,, Usb 1:2 Comparte 1 Disp A 2pc + Env\u00edo a domicilio + Pago seguro + Garant\u00eda\" \/>\n<meta property=\"og:url\" content=\"https:\/\/compuviper.mx\/tienda\/producto\/manhattan-162005-multiplexor-usb-usb-12-comparte-1-disp-a-2pc\/\" \/>\n<meta property=\"og:site_name\" content=\"Compuviper\" \/>\n<meta property=\"article:publisher\" content=\"https:\/\/www.facebook.com\/compuviper\" \/>\n<meta property=\"article:modified_time\" content=\"2026-04-02T05:25:25+00:00\" \/>\n<meta property=\"og:image\" content=\"https:\/\/compuviper.mx\/tienda\/wp-content\/uploads\/2023\/12\/Multiplexor-usb-manhattan162005-usb-12-comparte-1-disp-a-2pc.jpg\" \/>\n\t<meta property=\"og:image:width\" content=\"200\" \/>\n\t<meta property=\"og:image:height\" content=\"200\" \/>\n\t<meta property=\"og:image:type\" content=\"image\/jpeg\" \/>\n<meta name=\"twitter:card\" content=\"summary_large_image\" \/>\n<meta name=\"twitter:label1\" content=\"Precio\" \/>\n\t<meta name=\"twitter:data1\" content=\"&#36;463 con IVA\" \/>\n\t<meta name=\"twitter:label2\" content=\"Availability\" \/>\n\t<meta name=\"twitter:data2\" content=\"In stock\" \/>\n<script type=\"application\/ld+json\" class=\"yoast-schema-graph\">{\"@context\":\"https:\/\/schema.org\",\"@graph\":[{\"@type\":\"WebPage\",\"@id\":\"https:\/\/compuviper.mx\/tienda\/producto\/manhattan-162005-multiplexor-usb-usb-12-comparte-1-disp-a-2pc\/\",\"url\":\"https:\/\/compuviper.mx\/tienda\/producto\/manhattan-162005-multiplexor-usb-usb-12-comparte-1-disp-a-2pc\/\",\"name\":\"[ Manhattan ] &#129351; 162005 Multiplexor Usb ,, Usb 1:2 Comparte 1 Disp A 2pc\",\"isPartOf\":{\"@id\":\"https:\/\/compuviper.mx\/tienda\/#website\"},\"datePublished\":\"2026-04-02T05:25:24+00:00\",\"dateModified\":\"2026-04-02T05:25:25+00:00\",\"description\":\"Compra 162005 Multiplexor Usb ,, Usb 1:2 Comparte 1 Disp A 2pc + Env\u00edo a domicilio + Pago seguro + Garant\u00eda\",\"breadcrumb\":{\"@id\":\"https:\/\/compuviper.mx\/tienda\/producto\/manhattan-162005-multiplexor-usb-usb-12-comparte-1-disp-a-2pc\/#breadcrumb\"},\"inLanguage\":\"es-MX\",\"potentialAction\":[{\"@type\":\"ReadAction\",\"target\":[\"https:\/\/compuviper.mx\/tienda\/producto\/manhattan-162005-multiplexor-usb-usb-12-comparte-1-disp-a-2pc\/\"]}]},{\"@type\":\"BreadcrumbList\",\"@id\":\"https:\/\/compuviper.mx\/tienda\/producto\/manhattan-162005-multiplexor-usb-usb-12-comparte-1-disp-a-2pc\/#breadcrumb\",\"itemListElement\":[{\"@type\":\"ListItem\",\"position\":1,\"name\":\"Inicio\",\"item\":\"https:\/\/compuviper.mx\/tienda\/\"},{\"@type\":\"ListItem\",\"position\":2,\"name\":\"Productos\",\"item\":\"https:\/\/compuviper.mx\/tienda\/productos\/\"},{\"@type\":\"ListItem\",\"position\":3,\"name\":\"Accesorios\",\"item\":\"https:\/\/compuviper.mx\/tienda\/categoria-producto\/accesorios\/\"},{\"@type\":\"ListItem\",\"position\":4,\"name\":\"Hub Usb\",\"item\":\"https:\/\/compuviper.mx\/tienda\/categoria-producto\/accesorios\/hub-usb\/\"},{\"@type\":\"ListItem\",\"position\":5,\"name\":\"Manhattan 162005 Multiplexor Usb ,, Usb 1:2 Comparte 1 Disp A 2pc\"}]},{\"@type\":\"WebSite\",\"@id\":\"https:\/\/compuviper.mx\/tienda\/#website\",\"url\":\"https:\/\/compuviper.mx\/tienda\/\",\"name\":\"Compuviper\",\"description\":\"Proveedor de Computadoras, Laptops, Servidores, Monitores, Puntos de Venta, Teclados,   Impresoras, T\u00f3ner, C\u00e1maras de Seguridad y m\u00e1s en tu tienda en l\u00ednea\",\"publisher\":{\"@id\":\"https:\/\/compuviper.mx\/tienda\/#organization\"},\"potentialAction\":[{\"@type\":\"SearchAction\",\"target\":{\"@type\":\"EntryPoint\",\"urlTemplate\":\"https:\/\/compuviper.mx\/tienda\/?s={search_term_string}\"},\"query-input\":\"required name=search_term_string\"}],\"inLanguage\":\"es-MX\"},{\"@type\":\"Organization\",\"@id\":\"https:\/\/compuviper.mx\/tienda\/#organization\",\"name\":\"Compuviper\",\"url\":\"https:\/\/compuviper.mx\/tienda\/\",\"logo\":{\"@type\":\"ImageObject\",\"inLanguage\":\"es-MX\",\"@id\":\"https:\/\/compuviper.mx\/tienda\/#\/schema\/logo\/image\/\",\"url\":\"https:\/\/compuviper.mx\/tienda\/wp-content\/uploads\/2021\/08\/Logo-Compuviper-10.png\",\"contentUrl\":\"https:\/\/compuviper.mx\/tienda\/wp-content\/uploads\/2021\/08\/Logo-Compuviper-10.png\",\"width\":1000,\"height\":500,\"caption\":\"Compuviper\"},\"image\":{\"@id\":\"https:\/\/compuviper.mx\/tienda\/#\/schema\/logo\/image\/\"},\"sameAs\":[\"https:\/\/www.facebook.com\/compuviper\",\"https:\/\/www.youtube.com\/channel\/UCf73dERp9Y3cfOq7q8BhLjA?view_as=subscriber\"]}]}<\/script>\n<meta property=\"product:brand\" content=\"MANHATTAN\" \/>\n<meta property=\"product:price:amount\" content=\"463\" \/>\n<meta property=\"product:price:currency\" content=\"MXN\" \/>\n<meta property=\"og:availability\" content=\"instock\" \/>\n<meta property=\"product:availability\" content=\"instock\" \/>\n<meta property=\"product:retailer_item_id\" content=\"162005\" \/>\n<meta property=\"product:condition\" content=\"new\" \/>\n<!-- \/ Yoast SEO plugin. -->","yoast_head_json":{"title":"[ Manhattan ] &#129351; 162005 Multiplexor Usb ,, Usb 1:2 Comparte 1 Disp A 2pc","description":"Compra 162005 Multiplexor Usb ,, Usb 1:2 Comparte 1 Disp A 2pc + Env\u00edo a domicilio + Pago seguro + Garant\u00eda","robots":{"index":"index","follow":"follow","max-snippet":"max-snippet:-1","max-image-preview":"max-image-preview:large","max-video-preview":"max-video-preview:-1"},"canonical":"https:\/\/compuviper.mx\/tienda\/producto\/manhattan-162005-multiplexor-usb-usb-12-comparte-1-disp-a-2pc\/","og_locale":"es_MX","og_type":"article","og_title":"[ Manhattan ] &#129351; 162005 Multiplexor Usb ,, Usb 1:2 Comparte 1 Disp A 2pc","og_description":"Compra 162005 Multiplexor Usb ,, Usb 1:2 Comparte 1 Disp A 2pc + Env\u00edo a domicilio + Pago seguro + Garant\u00eda","og_url":"https:\/\/compuviper.mx\/tienda\/producto\/manhattan-162005-multiplexor-usb-usb-12-comparte-1-disp-a-2pc\/","og_site_name":"Compuviper","article_publisher":"https:\/\/www.facebook.com\/compuviper","article_modified_time":"2026-04-02T05:25:25+00:00","og_image":[{"width":200,"height":200,"url":"https:\/\/compuviper.mx\/tienda\/wp-content\/uploads\/2023\/12\/Multiplexor-usb-manhattan162005-usb-12-comparte-1-disp-a-2pc.jpg","type":"image\/jpeg"}],"twitter_card":"summary_large_image","twitter_misc":{"Precio":"&#36;463 con IVA","Availability":"In stock"},"schema":{"@context":"https:\/\/schema.org","@graph":[{"@type":"WebPage","@id":"https:\/\/compuviper.mx\/tienda\/producto\/manhattan-162005-multiplexor-usb-usb-12-comparte-1-disp-a-2pc\/","url":"https:\/\/compuviper.mx\/tienda\/producto\/manhattan-162005-multiplexor-usb-usb-12-comparte-1-disp-a-2pc\/","name":"[ Manhattan ] &#129351; 162005 Multiplexor Usb ,, Usb 1:2 Comparte 1 Disp A 2pc","isPartOf":{"@id":"https:\/\/compuviper.mx\/tienda\/#website"},"datePublished":"2026-04-02T05:25:24+00:00","dateModified":"2026-04-02T05:25:25+00:00","description":"Compra 162005 Multiplexor Usb ,, Usb 1:2 Comparte 1 Disp A 2pc + Env\u00edo a domicilio + Pago seguro + Garant\u00eda","breadcrumb":{"@id":"https:\/\/compuviper.mx\/tienda\/producto\/manhattan-162005-multiplexor-usb-usb-12-comparte-1-disp-a-2pc\/#breadcrumb"},"inLanguage":"es-MX","potentialAction":[{"@type":"ReadAction","target":["https:\/\/compuviper.mx\/tienda\/producto\/manhattan-162005-multiplexor-usb-usb-12-comparte-1-disp-a-2pc\/"]}]},{"@type":"BreadcrumbList","@id":"https:\/\/compuviper.mx\/tienda\/producto\/manhattan-162005-multiplexor-usb-usb-12-comparte-1-disp-a-2pc\/#breadcrumb","itemListElement":[{"@type":"ListItem","position":1,"name":"Inicio","item":"https:\/\/compuviper.mx\/tienda\/"},{"@type":"ListItem","position":2,"name":"Productos","item":"https:\/\/compuviper.mx\/tienda\/productos\/"},{"@type":"ListItem","position":3,"name":"Accesorios","item":"https:\/\/compuviper.mx\/tienda\/categoria-producto\/accesorios\/"},{"@type":"ListItem","position":4,"name":"Hub Usb","item":"https:\/\/compuviper.mx\/tienda\/categoria-producto\/accesorios\/hub-usb\/"},{"@type":"ListItem","position":5,"name":"Manhattan 162005 Multiplexor Usb ,, Usb 1:2 Comparte 1 Disp A 2pc"}]},{"@type":"WebSite","@id":"https:\/\/compuviper.mx\/tienda\/#website","url":"https:\/\/compuviper.mx\/tienda\/","name":"Compuviper","description":"Proveedor de Computadoras, Laptops, Servidores, Monitores, Puntos de Venta, Teclados,   Impresoras, T\u00f3ner, C\u00e1maras de Seguridad y m\u00e1s en tu tienda en l\u00ednea","publisher":{"@id":"https:\/\/compuviper.mx\/tienda\/#organization"},"potentialAction":[{"@type":"SearchAction","target":{"@type":"EntryPoint","urlTemplate":"https:\/\/compuviper.mx\/tienda\/?s={search_term_string}"},"query-input":"required name=search_term_string"}],"inLanguage":"es-MX"},{"@type":"Organization","@id":"https:\/\/compuviper.mx\/tienda\/#organization","name":"Compuviper","url":"https:\/\/compuviper.mx\/tienda\/","logo":{"@type":"ImageObject","inLanguage":"es-MX","@id":"https:\/\/compuviper.mx\/tienda\/#\/schema\/logo\/image\/","url":"https:\/\/compuviper.mx\/tienda\/wp-content\/uploads\/2021\/08\/Logo-Compuviper-10.png","contentUrl":"https:\/\/compuviper.mx\/tienda\/wp-content\/uploads\/2021\/08\/Logo-Compuviper-10.png","width":1000,"height":500,"caption":"Compuviper"},"image":{"@id":"https:\/\/compuviper.mx\/tienda\/#\/schema\/logo\/image\/"},"sameAs":["https:\/\/www.facebook.com\/compuviper","https:\/\/www.youtube.com\/channel\/UCf73dERp9Y3cfOq7q8BhLjA?view_as=subscriber"]}]},"product_brand":"MANHATTAN","product_price_amount":"463","product_price_currency":"MXN","og_availability":"instock","product_availability":"instock","product_retailer_item_id":"162005","product_condition":"new"},"_links":{"self":[{"href":"https:\/\/compuviper.mx\/tienda\/wp-json\/wp\/v2\/product\/211088"}],"collection":[{"href":"https:\/\/compuviper.mx\/tienda\/wp-json\/wp\/v2\/product"}],"about":[{"href":"https:\/\/compuviper.mx\/tienda\/wp-json\/wp\/v2\/types\/product"}],"replies":[{"embeddable":true,"href":"https:\/\/compuviper.mx\/tienda\/wp-json\/wp\/v2\/comments?post=211088"}],"wp:featuredmedia":[{"embeddable":true,"href":"https:\/\/compuviper.mx\/tienda\/wp-json\/wp\/v2\/media\/211089"}],"wp:attachment":[{"href":"https:\/\/compuviper.mx\/tienda\/wp-json\/wp\/v2\/media?parent=211088"}],"wp:term":[{"taxonomy":"product_cat","embeddable":true,"href":"https:\/\/compuviper.mx\/tienda\/wp-json\/wp\/v2\/product_cat?post=211088"},{"taxonomy":"product_tag","embeddable":true,"href":"https:\/\/compuviper.mx\/tienda\/wp-json\/wp\/v2\/product_tag?post=211088"}],"curies":[{"name":"wp","href":"https:\/\/api.w.org\/{rel}","templated":true}]}}