{"id":211078,"date":"2026-04-14T23:26:24","date_gmt":"2026-04-15T05:26:24","guid":{"rendered":"https:\/\/compuviper.mx\/tienda\/producto\/manhattan-160605-hub-usb-v2-0-4-ptos-micro\/"},"modified":"2026-04-14T23:26:24","modified_gmt":"2026-04-15T05:26:24","slug":"manhattan-160605-hub-usb-v2-0-4-ptos-micro","status":"publish","type":"product","link":"https:\/\/compuviper.mx\/tienda\/producto\/manhattan-160605-hub-usb-v2-0-4-ptos-micro\/","title":{"rendered":"Manhattan 160605 Hub Usb,,, V2.0 4 Ptos Micro"},"content":{"rendered":"<table class=\"descripcion\">\n<tr>\n<td>Est\u00e1ndares y certificaciones<\/td>\n<\/tr>\n<tr>\n<td>Usb 2.0, usb 1.1, usb 1.0<\/td>\n<\/tr>\n<tr>\n<td>Fcc<\/td>\n<\/tr>\n<tr>\n<td>Ce<\/td>\n<\/tr>\n<tr>\n<td>Rohs<\/td>\n<\/tr>\n<tr>\n<td>Weee<\/td>\n<\/tr>\n<tr>\n<td>Puertos<\/td>\n<\/tr>\n<tr>\n<td>Velocidad de transferencia: 1.5, 12 y 480 mbps<\/td>\n<\/tr>\n<tr>\n<td>1 puerto de subida con cable integrado, tipo a macho<\/td>\n<\/tr>\n<tr>\n<td>4 puertos de descarga, tipo a<\/td>\n<\/tr>\n<tr>\n<td>Todos los puertos proporcionan hasta 500 ma<\/td>\n<\/tr>\n<tr>\n<td>Dise\u00f1o<\/td>\n<\/tr>\n<tr>\n<td>Dimensiones: 42 x 37 x 12.5 mm<\/td>\n<\/tr>\n<tr>\n<td>Peso: 20 g<\/td>\n<\/tr>\n<tr>\n<td>Chasis: pl\u00e1stico<\/td>\n<\/tr>\n<tr>\n<td>Requerimientos del sistema<\/td>\n<\/tr>\n<tr>\n<td>Sistema pc o mac con puerto usb disponible<\/td>\n<\/tr>\n<tr>\n<td>Windows 2000\/xp\/vista\/windows 7 \u00f3 mac os 10.5 \u00f3 superiores<\/td>\n<\/tr>\n<tr>\n<td>Puerto usb disponible<\/td>\n<\/tr>\n<tr>\n<td>Contenido del paquete<\/td>\n<\/tr>\n<tr>\n<td>Micro hub usb de alta velocidad 2.0<\/td>\n<\/tr>\n<tr>\n<td>Gu\u00eda de instalaci\u00f3n r\u00e1pida<\/td>\n<\/tr>\n<tr>\n<td>Especificaciones f\u00edsicas<\/td>\n<\/tr>\n<tr>\n<td>Peso: 0.02 kg<\/td>\n<\/tr>\n<tr>\n<td>Dimensiones: 42 x 37 x 12.5 mm<\/td>\n<\/tr>\n<\/table>\n","protected":false},"excerpt":{"rendered":"<p>Increiblemente peque\u00f1o pero con funciones completasel hub usb de alta velocidad 2.0 manhattan presenta un dise\u00f1o ultradelgado que le permite a\u00f1adir con facilidad cuatro puertos usb de alta velocidad 2.0 a la computadora de escritorio o port\u00e1til expandiendo la conectividad a los teclados, ratones, c\u00e1maras web y otros perif\u00e9ricos. Sus puertos de alta velocidad son completamente compatibles con usb 1.1 para soportar dispositivos anteriores y proporcionar tasas de transferencia de hasta 480 mbps para almacenamiento externo, impresi\u00f3n y otras actividades. Un chasis de pl\u00e1stico durable, tama\u00f1o compacto y alimentado por el bus lo hacen f\u00e1cilmente transportable para a\u00f1adir puertos usb casi donde sea. Su instalaci\u00f3n es simple con funciones plug and play y hot-swap y con cable mini b a a que f\u00e1cilmente conecta al micro hub usb de alta velocidad 2.0 manhattan a cualquier puerto usb. Proporciona cuatro puertos usb de alta velocidad 2.0 para equipos perif\u00e9ricos adicionales. Cable usb integrado, que se puede guardar f\u00e1cilmente, ideal para computadoras port\u00e1tiles con puertos de montaje al reverso. Protecci\u00f3n contra sobrecarga de corriente; &#8220;hot-swappable&#8221; &#8211; se puede cambiar la conexi\u00f3n de puerto usb durante su uso. Compatible con todas las computadoras equipadas con usb. Plug and play, compatible con windows y mac<\/p>\n","protected":false},"featured_media":211079,"comment_status":"open","ping_status":"open","template":"","meta":[],"product_cat":[1485,1497],"product_tag":[1487],"acf":[],"yoast_head":"<!-- This site is optimized with the Yoast SEO plugin v21.7 - https:\/\/yoast.com\/wordpress\/plugins\/seo\/ -->\n<title>[ Manhattan ] &#129351; 160605 Hub Usb,,, V2.0 4 Ptos Micro<\/title>\n<meta name=\"description\" content=\"Compra 160605 Hub Usb,,, V2.0 4 Ptos Micro + Env\u00edo a domicilio + Pago seguro + Garant\u00eda\" \/>\n<meta name=\"robots\" content=\"index, follow, max-snippet:-1, max-image-preview:large, max-video-preview:-1\" \/>\n<link rel=\"canonical\" href=\"https:\/\/compuviper.mx\/tienda\/producto\/manhattan-160605-hub-usb-v2-0-4-ptos-micro\/\" \/>\n<meta property=\"og:locale\" content=\"es_MX\" \/>\n<meta property=\"og:type\" content=\"article\" \/>\n<meta property=\"og:title\" content=\"[ Manhattan ] &#129351; 160605 Hub Usb,,, V2.0 4 Ptos Micro\" \/>\n<meta property=\"og:description\" content=\"Compra 160605 Hub Usb,,, V2.0 4 Ptos Micro + Env\u00edo a domicilio + Pago seguro + Garant\u00eda\" \/>\n<meta property=\"og:url\" content=\"https:\/\/compuviper.mx\/tienda\/producto\/manhattan-160605-hub-usb-v2-0-4-ptos-micro\/\" \/>\n<meta property=\"og:site_name\" content=\"Compuviper\" \/>\n<meta property=\"article:publisher\" content=\"https:\/\/www.facebook.com\/compuviper\" \/>\n<meta property=\"og:image\" content=\"https:\/\/compuviper.mx\/tienda\/wp-content\/uploads\/2023\/12\/Hub-usbmanhattan160605-v2.0-4-ptos-micro.jpg\" \/>\n\t<meta property=\"og:image:width\" content=\"200\" \/>\n\t<meta property=\"og:image:height\" content=\"200\" \/>\n\t<meta property=\"og:image:type\" content=\"image\/jpeg\" \/>\n<meta name=\"twitter:card\" content=\"summary_large_image\" \/>\n<meta name=\"twitter:label1\" content=\"Precio\" \/>\n\t<meta name=\"twitter:data1\" content=\"&#36;110 con IVA\" \/>\n\t<meta name=\"twitter:label2\" content=\"Availability\" \/>\n\t<meta name=\"twitter:data2\" content=\"In stock\" \/>\n<script type=\"application\/ld+json\" class=\"yoast-schema-graph\">{\"@context\":\"https:\/\/schema.org\",\"@graph\":[{\"@type\":\"WebPage\",\"@id\":\"https:\/\/compuviper.mx\/tienda\/producto\/manhattan-160605-hub-usb-v2-0-4-ptos-micro\/\",\"url\":\"https:\/\/compuviper.mx\/tienda\/producto\/manhattan-160605-hub-usb-v2-0-4-ptos-micro\/\",\"name\":\"[ Manhattan ] &#129351; 160605 Hub Usb,,, V2.0 4 Ptos Micro\",\"isPartOf\":{\"@id\":\"https:\/\/compuviper.mx\/tienda\/#website\"},\"datePublished\":\"2026-04-15T05:26:24+00:00\",\"dateModified\":\"2026-04-15T05:26:24+00:00\",\"description\":\"Compra 160605 Hub Usb,,, V2.0 4 Ptos Micro + Env\u00edo a domicilio + Pago seguro + Garant\u00eda\",\"breadcrumb\":{\"@id\":\"https:\/\/compuviper.mx\/tienda\/producto\/manhattan-160605-hub-usb-v2-0-4-ptos-micro\/#breadcrumb\"},\"inLanguage\":\"es-MX\",\"potentialAction\":[{\"@type\":\"ReadAction\",\"target\":[\"https:\/\/compuviper.mx\/tienda\/producto\/manhattan-160605-hub-usb-v2-0-4-ptos-micro\/\"]}]},{\"@type\":\"BreadcrumbList\",\"@id\":\"https:\/\/compuviper.mx\/tienda\/producto\/manhattan-160605-hub-usb-v2-0-4-ptos-micro\/#breadcrumb\",\"itemListElement\":[{\"@type\":\"ListItem\",\"position\":1,\"name\":\"Inicio\",\"item\":\"https:\/\/compuviper.mx\/tienda\/\"},{\"@type\":\"ListItem\",\"position\":2,\"name\":\"Productos\",\"item\":\"https:\/\/compuviper.mx\/tienda\/productos\/\"},{\"@type\":\"ListItem\",\"position\":3,\"name\":\"Accesorios\",\"item\":\"https:\/\/compuviper.mx\/tienda\/categoria-producto\/accesorios\/\"},{\"@type\":\"ListItem\",\"position\":4,\"name\":\"Hub Usb\",\"item\":\"https:\/\/compuviper.mx\/tienda\/categoria-producto\/accesorios\/hub-usb\/\"},{\"@type\":\"ListItem\",\"position\":5,\"name\":\"Manhattan 160605 Hub Usb,,, V2.0 4 Ptos Micro\"}]},{\"@type\":\"WebSite\",\"@id\":\"https:\/\/compuviper.mx\/tienda\/#website\",\"url\":\"https:\/\/compuviper.mx\/tienda\/\",\"name\":\"Compuviper\",\"description\":\"Proveedor de Computadoras, Laptops, Servidores, Monitores, Puntos de Venta, Teclados,   Impresoras, T\u00f3ner, C\u00e1maras de Seguridad y m\u00e1s en tu tienda en l\u00ednea\",\"publisher\":{\"@id\":\"https:\/\/compuviper.mx\/tienda\/#organization\"},\"potentialAction\":[{\"@type\":\"SearchAction\",\"target\":{\"@type\":\"EntryPoint\",\"urlTemplate\":\"https:\/\/compuviper.mx\/tienda\/?s={search_term_string}\"},\"query-input\":\"required name=search_term_string\"}],\"inLanguage\":\"es-MX\"},{\"@type\":\"Organization\",\"@id\":\"https:\/\/compuviper.mx\/tienda\/#organization\",\"name\":\"Compuviper\",\"url\":\"https:\/\/compuviper.mx\/tienda\/\",\"logo\":{\"@type\":\"ImageObject\",\"inLanguage\":\"es-MX\",\"@id\":\"https:\/\/compuviper.mx\/tienda\/#\/schema\/logo\/image\/\",\"url\":\"https:\/\/compuviper.mx\/tienda\/wp-content\/uploads\/2021\/08\/Logo-Compuviper-10.png\",\"contentUrl\":\"https:\/\/compuviper.mx\/tienda\/wp-content\/uploads\/2021\/08\/Logo-Compuviper-10.png\",\"width\":1000,\"height\":500,\"caption\":\"Compuviper\"},\"image\":{\"@id\":\"https:\/\/compuviper.mx\/tienda\/#\/schema\/logo\/image\/\"},\"sameAs\":[\"https:\/\/www.facebook.com\/compuviper\",\"https:\/\/www.youtube.com\/channel\/UCf73dERp9Y3cfOq7q8BhLjA?view_as=subscriber\"]}]}<\/script>\n<meta property=\"product:brand\" content=\"MANHATTAN\" \/>\n<meta property=\"product:price:amount\" content=\"110\" \/>\n<meta property=\"product:price:currency\" content=\"MXN\" \/>\n<meta property=\"og:availability\" content=\"instock\" \/>\n<meta property=\"product:availability\" content=\"instock\" \/>\n<meta property=\"product:retailer_item_id\" content=\"160605\" \/>\n<meta property=\"product:condition\" content=\"new\" \/>\n<!-- \/ Yoast SEO plugin. -->","yoast_head_json":{"title":"[ Manhattan ] &#129351; 160605 Hub Usb,,, V2.0 4 Ptos Micro","description":"Compra 160605 Hub Usb,,, V2.0 4 Ptos Micro + Env\u00edo a domicilio + Pago seguro + Garant\u00eda","robots":{"index":"index","follow":"follow","max-snippet":"max-snippet:-1","max-image-preview":"max-image-preview:large","max-video-preview":"max-video-preview:-1"},"canonical":"https:\/\/compuviper.mx\/tienda\/producto\/manhattan-160605-hub-usb-v2-0-4-ptos-micro\/","og_locale":"es_MX","og_type":"article","og_title":"[ Manhattan ] &#129351; 160605 Hub Usb,,, V2.0 4 Ptos Micro","og_description":"Compra 160605 Hub Usb,,, V2.0 4 Ptos Micro + Env\u00edo a domicilio + Pago seguro + Garant\u00eda","og_url":"https:\/\/compuviper.mx\/tienda\/producto\/manhattan-160605-hub-usb-v2-0-4-ptos-micro\/","og_site_name":"Compuviper","article_publisher":"https:\/\/www.facebook.com\/compuviper","og_image":[{"width":200,"height":200,"url":"https:\/\/compuviper.mx\/tienda\/wp-content\/uploads\/2023\/12\/Hub-usbmanhattan160605-v2.0-4-ptos-micro.jpg","type":"image\/jpeg"}],"twitter_card":"summary_large_image","twitter_misc":{"Precio":"&#36;110 con IVA","Availability":"In stock"},"schema":{"@context":"https:\/\/schema.org","@graph":[{"@type":"WebPage","@id":"https:\/\/compuviper.mx\/tienda\/producto\/manhattan-160605-hub-usb-v2-0-4-ptos-micro\/","url":"https:\/\/compuviper.mx\/tienda\/producto\/manhattan-160605-hub-usb-v2-0-4-ptos-micro\/","name":"[ Manhattan ] &#129351; 160605 Hub Usb,,, V2.0 4 Ptos Micro","isPartOf":{"@id":"https:\/\/compuviper.mx\/tienda\/#website"},"datePublished":"2026-04-15T05:26:24+00:00","dateModified":"2026-04-15T05:26:24+00:00","description":"Compra 160605 Hub Usb,,, V2.0 4 Ptos Micro + Env\u00edo a domicilio + Pago seguro + Garant\u00eda","breadcrumb":{"@id":"https:\/\/compuviper.mx\/tienda\/producto\/manhattan-160605-hub-usb-v2-0-4-ptos-micro\/#breadcrumb"},"inLanguage":"es-MX","potentialAction":[{"@type":"ReadAction","target":["https:\/\/compuviper.mx\/tienda\/producto\/manhattan-160605-hub-usb-v2-0-4-ptos-micro\/"]}]},{"@type":"BreadcrumbList","@id":"https:\/\/compuviper.mx\/tienda\/producto\/manhattan-160605-hub-usb-v2-0-4-ptos-micro\/#breadcrumb","itemListElement":[{"@type":"ListItem","position":1,"name":"Inicio","item":"https:\/\/compuviper.mx\/tienda\/"},{"@type":"ListItem","position":2,"name":"Productos","item":"https:\/\/compuviper.mx\/tienda\/productos\/"},{"@type":"ListItem","position":3,"name":"Accesorios","item":"https:\/\/compuviper.mx\/tienda\/categoria-producto\/accesorios\/"},{"@type":"ListItem","position":4,"name":"Hub Usb","item":"https:\/\/compuviper.mx\/tienda\/categoria-producto\/accesorios\/hub-usb\/"},{"@type":"ListItem","position":5,"name":"Manhattan 160605 Hub Usb,,, V2.0 4 Ptos Micro"}]},{"@type":"WebSite","@id":"https:\/\/compuviper.mx\/tienda\/#website","url":"https:\/\/compuviper.mx\/tienda\/","name":"Compuviper","description":"Proveedor de Computadoras, Laptops, Servidores, Monitores, Puntos de Venta, Teclados,   Impresoras, T\u00f3ner, C\u00e1maras de Seguridad y m\u00e1s en tu tienda en l\u00ednea","publisher":{"@id":"https:\/\/compuviper.mx\/tienda\/#organization"},"potentialAction":[{"@type":"SearchAction","target":{"@type":"EntryPoint","urlTemplate":"https:\/\/compuviper.mx\/tienda\/?s={search_term_string}"},"query-input":"required name=search_term_string"}],"inLanguage":"es-MX"},{"@type":"Organization","@id":"https:\/\/compuviper.mx\/tienda\/#organization","name":"Compuviper","url":"https:\/\/compuviper.mx\/tienda\/","logo":{"@type":"ImageObject","inLanguage":"es-MX","@id":"https:\/\/compuviper.mx\/tienda\/#\/schema\/logo\/image\/","url":"https:\/\/compuviper.mx\/tienda\/wp-content\/uploads\/2021\/08\/Logo-Compuviper-10.png","contentUrl":"https:\/\/compuviper.mx\/tienda\/wp-content\/uploads\/2021\/08\/Logo-Compuviper-10.png","width":1000,"height":500,"caption":"Compuviper"},"image":{"@id":"https:\/\/compuviper.mx\/tienda\/#\/schema\/logo\/image\/"},"sameAs":["https:\/\/www.facebook.com\/compuviper","https:\/\/www.youtube.com\/channel\/UCf73dERp9Y3cfOq7q8BhLjA?view_as=subscriber"]}]},"product_brand":"MANHATTAN","product_price_amount":"110","product_price_currency":"MXN","og_availability":"instock","product_availability":"instock","product_retailer_item_id":"160605","product_condition":"new"},"_links":{"self":[{"href":"https:\/\/compuviper.mx\/tienda\/wp-json\/wp\/v2\/product\/211078"}],"collection":[{"href":"https:\/\/compuviper.mx\/tienda\/wp-json\/wp\/v2\/product"}],"about":[{"href":"https:\/\/compuviper.mx\/tienda\/wp-json\/wp\/v2\/types\/product"}],"replies":[{"embeddable":true,"href":"https:\/\/compuviper.mx\/tienda\/wp-json\/wp\/v2\/comments?post=211078"}],"wp:featuredmedia":[{"embeddable":true,"href":"https:\/\/compuviper.mx\/tienda\/wp-json\/wp\/v2\/media\/211079"}],"wp:attachment":[{"href":"https:\/\/compuviper.mx\/tienda\/wp-json\/wp\/v2\/media?parent=211078"}],"wp:term":[{"taxonomy":"product_cat","embeddable":true,"href":"https:\/\/compuviper.mx\/tienda\/wp-json\/wp\/v2\/product_cat?post=211078"},{"taxonomy":"product_tag","embeddable":true,"href":"https:\/\/compuviper.mx\/tienda\/wp-json\/wp\/v2\/product_tag?post=211078"}],"curies":[{"name":"wp","href":"https:\/\/api.w.org\/{rel}","templated":true}]}}