{"id":211072,"date":"2026-04-06T23:23:33","date_gmt":"2026-04-07T05:23:33","guid":{"rendered":"https:\/\/compuviper.mx\/tienda\/producto\/tripp-lite-srshelf4phd-charola-tripp-lite-entrepao-fijo-para-servicio-pesado-113-4-kg-250-lb-de-capacidad-660-mm-26-de-profundidad-garantia-por-5-aos\/"},"modified":"2026-04-06T23:23:33","modified_gmt":"2026-04-07T05:23:33","slug":"tripp-lite-srshelf4phd-charola-tripp-lite-entrepao-fijo-para-servicio-pesado-113-4-kg-250-lb-de-capacidad-660-mm-26-de-profundidad-garantia-por-5-aos","status":"publish","type":"product","link":"https:\/\/compuviper.mx\/tienda\/producto\/tripp-lite-srshelf4phd-charola-tripp-lite-entrepao-fijo-para-servicio-pesado-113-4-kg-250-lb-de-capacidad-660-mm-26-de-profundidad-garantia-por-5-aos\/","title":{"rendered":"Tripp-lite Srshelf4phd Charola Tripp Lite   Entrepa?o Fijo Para Servicio Pesado 113.4 Kg [250 Lb] De Capacidad; 660 Mm [26] De Profundidad.garantia Por 5 A?os."},"content":{"rendered":"<table class=\"descripcion\">\n<tr>\n<td>El anaquel fijo para servicio pesado soporta hasta 113.4 kg [250 lbs].<\/td>\n<\/tr>\n<tr>\n<td>Dise\u00f1ado para instalaci\u00f3n en rack de 4 postes<\/td>\n<\/tr>\n<tr>\n<td>Profundidad del entrepa\u00f1o de 25.5 pulgadas (completamente cerrado) \/ profundidad del entrepa\u00f1o de 40.75 pulgadas (completamente abierto)<\/td>\n<\/tr>\n<tr>\n<td>Acomoda unidades de torre, monitores y otro equipo.<\/td>\n<\/tr>\n<tr>\n<td>Acero rolado en fr\u00edo con acabado negro<\/td>\n<\/tr>\n<tr>\n<td>Incluye los accesorios de instalaci\u00f3n necesarios<\/td>\n<\/tr>\n<tr>\n<td>Garant\u00eda limitada por 5 a\u00f1os<\/td>\n<\/tr>\n<\/table>\n","protected":false},"excerpt":{"rendered":"<p>El srshelf4phd smartrack de tripp lite acomoda unidades de torre, monitores y otro equipo. La repisa fija para servicio pesado ofrece profundidad de anaquel de 64.8 cm [25.5] y soporta hasta 113.4 kg [250 lb]. El srshelf4phd est\u00e1 dise\u00f1ado para instalaci\u00f3n en rack de 4 postes incluye los accesorios de instalaci\u00f3n necesarios. Acomoda unidades de torre, monitores y otro equipo. El anaquel fijo de servicio pesado ofrece profundidad de anaquel de 25.5 pulgadas y soporta hasta 113.4 kg [250 lb. Dise\u00f1ado para instalaci\u00f3n en rack de 4 postes. Incluye los accesorios de instalaci\u00f3n necesarios<\/p>\n","protected":false},"featured_media":211073,"comment_status":"open","ping_status":"open","template":"","meta":[],"product_cat":[1485,1488],"product_tag":[1510],"acf":[],"yoast_head":"<!-- This site is optimized with the Yoast SEO plugin v21.7 - https:\/\/yoast.com\/wordpress\/plugins\/seo\/ -->\n<title>[ Tripp-lite ] &#129351; Srshelf4phd Charola Tripp Lite Entrepa\u00f1o Fijo Para Servicio Pesado 113.4 Kg [250 Lb] De Capacidad; 660 Mm [26] De Profundidad.garantia Por 5 A\u00f1os.<\/title>\n<meta name=\"description\" content=\"Compra Srshelf4phd Charola Tripp Lite Entrepa\u00f1o Fijo Para Servicio Pesado 113.4 Kg [250 Lb] De Capacidad; 660 Mm [26] De Profundidad.garantia Por 5 A\u00f1os. + Env\u00edo a domicilio + Pago seguro + Garant\u00eda\" \/>\n<meta name=\"robots\" content=\"index, follow, max-snippet:-1, max-image-preview:large, max-video-preview:-1\" \/>\n<link rel=\"canonical\" href=\"https:\/\/compuviper.mx\/tienda\/producto\/tripp-lite-srshelf4phd-charola-tripp-lite-entrepao-fijo-para-servicio-pesado-113-4-kg-250-lb-de-capacidad-660-mm-26-de-profundidad-garantia-por-5-aos\/\" \/>\n<meta property=\"og:locale\" content=\"es_MX\" \/>\n<meta property=\"og:type\" content=\"article\" \/>\n<meta property=\"og:title\" content=\"[ Tripp-lite ] &#129351; Srshelf4phd Charola Tripp Lite Entrepa\u00f1o Fijo Para Servicio Pesado 113.4 Kg [250 Lb] De Capacidad; 660 Mm [26] De Profundidad.garantia Por 5 A\u00f1os.\" \/>\n<meta property=\"og:description\" content=\"Compra Srshelf4phd Charola Tripp Lite Entrepa\u00f1o Fijo Para Servicio Pesado 113.4 Kg [250 Lb] De Capacidad; 660 Mm [26] De Profundidad.garantia Por 5 A\u00f1os. + Env\u00edo a domicilio + Pago seguro + Garant\u00eda\" \/>\n<meta property=\"og:url\" content=\"https:\/\/compuviper.mx\/tienda\/producto\/tripp-lite-srshelf4phd-charola-tripp-lite-entrepao-fijo-para-servicio-pesado-113-4-kg-250-lb-de-capacidad-660-mm-26-de-profundidad-garantia-por-5-aos\/\" \/>\n<meta property=\"og:site_name\" content=\"Compuviper\" \/>\n<meta property=\"article:publisher\" content=\"https:\/\/www.facebook.com\/compuviper\" \/>\n<meta property=\"og:image\" content=\"https:\/\/compuviper.mx\/tienda\/wp-content\/uploads\/2023\/12\/Charola-tripp-lite-srshelf4phd-entrepano-fijo-para-servicio-pesado-113.4-kg-250-lb-de-capacidad-660-mm-26-de-profundidad.garantia-por-5-anos.jpg\" \/>\n\t<meta property=\"og:image:width\" content=\"200\" \/>\n\t<meta property=\"og:image:height\" content=\"200\" \/>\n\t<meta property=\"og:image:type\" content=\"image\/jpeg\" \/>\n<meta name=\"twitter:card\" content=\"summary_large_image\" \/>\n<meta name=\"twitter:label1\" content=\"Precio\" \/>\n\t<meta name=\"twitter:data1\" content=\"&#36;1,200 con IVA\" \/>\n\t<meta name=\"twitter:label2\" content=\"Availability\" \/>\n\t<meta name=\"twitter:data2\" content=\"Out of stock\" \/>\n<script type=\"application\/ld+json\" class=\"yoast-schema-graph\">{\"@context\":\"https:\/\/schema.org\",\"@graph\":[{\"@type\":\"WebPage\",\"@id\":\"https:\/\/compuviper.mx\/tienda\/producto\/tripp-lite-srshelf4phd-charola-tripp-lite-entrepao-fijo-para-servicio-pesado-113-4-kg-250-lb-de-capacidad-660-mm-26-de-profundidad-garantia-por-5-aos\/\",\"url\":\"https:\/\/compuviper.mx\/tienda\/producto\/tripp-lite-srshelf4phd-charola-tripp-lite-entrepao-fijo-para-servicio-pesado-113-4-kg-250-lb-de-capacidad-660-mm-26-de-profundidad-garantia-por-5-aos\/\",\"name\":\"[ Tripp-lite ] &#129351; Srshelf4phd Charola Tripp Lite Entrepa\u00f1o Fijo Para Servicio Pesado 113.4 Kg [250 Lb] De Capacidad; 660 Mm [26] De Profundidad.garantia Por 5 A\u00f1os.\",\"isPartOf\":{\"@id\":\"https:\/\/compuviper.mx\/tienda\/#website\"},\"datePublished\":\"2026-04-07T05:23:33+00:00\",\"dateModified\":\"2026-04-07T05:23:33+00:00\",\"description\":\"Compra Srshelf4phd Charola Tripp Lite Entrepa\u00f1o Fijo Para Servicio Pesado 113.4 Kg [250 Lb] De Capacidad; 660 Mm [26] De Profundidad.garantia Por 5 A\u00f1os. + Env\u00edo a domicilio + Pago seguro + Garant\u00eda\",\"breadcrumb\":{\"@id\":\"https:\/\/compuviper.mx\/tienda\/producto\/tripp-lite-srshelf4phd-charola-tripp-lite-entrepao-fijo-para-servicio-pesado-113-4-kg-250-lb-de-capacidad-660-mm-26-de-profundidad-garantia-por-5-aos\/#breadcrumb\"},\"inLanguage\":\"es-MX\",\"potentialAction\":[{\"@type\":\"ReadAction\",\"target\":[\"https:\/\/compuviper.mx\/tienda\/producto\/tripp-lite-srshelf4phd-charola-tripp-lite-entrepao-fijo-para-servicio-pesado-113-4-kg-250-lb-de-capacidad-660-mm-26-de-profundidad-garantia-por-5-aos\/\"]}]},{\"@type\":\"BreadcrumbList\",\"@id\":\"https:\/\/compuviper.mx\/tienda\/producto\/tripp-lite-srshelf4phd-charola-tripp-lite-entrepao-fijo-para-servicio-pesado-113-4-kg-250-lb-de-capacidad-660-mm-26-de-profundidad-garantia-por-5-aos\/#breadcrumb\",\"itemListElement\":[{\"@type\":\"ListItem\",\"position\":1,\"name\":\"Inicio\",\"item\":\"https:\/\/compuviper.mx\/tienda\/\"},{\"@type\":\"ListItem\",\"position\":2,\"name\":\"Productos\",\"item\":\"https:\/\/compuviper.mx\/tienda\/productos\/\"},{\"@type\":\"ListItem\",\"position\":3,\"name\":\"Accesorios\",\"item\":\"https:\/\/compuviper.mx\/tienda\/categoria-producto\/accesorios\/\"},{\"@type\":\"ListItem\",\"position\":4,\"name\":\"Rack\",\"item\":\"https:\/\/compuviper.mx\/tienda\/categoria-producto\/accesorios\/rack\/\"},{\"@type\":\"ListItem\",\"position\":5,\"name\":\"Tripp-lite Srshelf4phd Charola Tripp Lite Entrepa?o Fijo Para Servicio Pesado 113.4 Kg [250 Lb] De Capacidad; 660 Mm [26] De Profundidad.garantia Por 5 A?os.\"}]},{\"@type\":\"WebSite\",\"@id\":\"https:\/\/compuviper.mx\/tienda\/#website\",\"url\":\"https:\/\/compuviper.mx\/tienda\/\",\"name\":\"Compuviper\",\"description\":\"Proveedor de Computadoras, Laptops, Servidores, Monitores, Puntos de Venta, Teclados,   Impresoras, T\u00f3ner, C\u00e1maras de Seguridad y m\u00e1s en tu tienda en l\u00ednea\",\"publisher\":{\"@id\":\"https:\/\/compuviper.mx\/tienda\/#organization\"},\"potentialAction\":[{\"@type\":\"SearchAction\",\"target\":{\"@type\":\"EntryPoint\",\"urlTemplate\":\"https:\/\/compuviper.mx\/tienda\/?s={search_term_string}\"},\"query-input\":\"required name=search_term_string\"}],\"inLanguage\":\"es-MX\"},{\"@type\":\"Organization\",\"@id\":\"https:\/\/compuviper.mx\/tienda\/#organization\",\"name\":\"Compuviper\",\"url\":\"https:\/\/compuviper.mx\/tienda\/\",\"logo\":{\"@type\":\"ImageObject\",\"inLanguage\":\"es-MX\",\"@id\":\"https:\/\/compuviper.mx\/tienda\/#\/schema\/logo\/image\/\",\"url\":\"https:\/\/compuviper.mx\/tienda\/wp-content\/uploads\/2021\/08\/Logo-Compuviper-10.png\",\"contentUrl\":\"https:\/\/compuviper.mx\/tienda\/wp-content\/uploads\/2021\/08\/Logo-Compuviper-10.png\",\"width\":1000,\"height\":500,\"caption\":\"Compuviper\"},\"image\":{\"@id\":\"https:\/\/compuviper.mx\/tienda\/#\/schema\/logo\/image\/\"},\"sameAs\":[\"https:\/\/www.facebook.com\/compuviper\",\"https:\/\/www.youtube.com\/channel\/UCf73dERp9Y3cfOq7q8BhLjA?view_as=subscriber\"]}]}<\/script>\n<meta property=\"product:brand\" content=\"TRIPP-LITE\" \/>\n<meta property=\"product:price:amount\" content=\"1200\" \/>\n<meta property=\"product:price:currency\" content=\"MXN\" \/>\n<meta property=\"og:availability\" content=\"out of stock\" \/>\n<meta property=\"product:availability\" content=\"out of stock\" \/>\n<meta property=\"product:retailer_item_id\" content=\"SRSHELF4PHD\" \/>\n<meta property=\"product:condition\" content=\"new\" \/>\n<!-- \/ Yoast SEO plugin. -->","yoast_head_json":{"title":"[ Tripp-lite ] &#129351; Srshelf4phd Charola Tripp Lite Entrepa\u00f1o Fijo Para Servicio Pesado 113.4 Kg [250 Lb] De Capacidad; 660 Mm [26] De Profundidad.garantia Por 5 A\u00f1os.","description":"Compra Srshelf4phd Charola Tripp Lite Entrepa\u00f1o Fijo Para Servicio Pesado 113.4 Kg [250 Lb] De Capacidad; 660 Mm [26] De Profundidad.garantia Por 5 A\u00f1os. + Env\u00edo a domicilio + Pago seguro + Garant\u00eda","robots":{"index":"index","follow":"follow","max-snippet":"max-snippet:-1","max-image-preview":"max-image-preview:large","max-video-preview":"max-video-preview:-1"},"canonical":"https:\/\/compuviper.mx\/tienda\/producto\/tripp-lite-srshelf4phd-charola-tripp-lite-entrepao-fijo-para-servicio-pesado-113-4-kg-250-lb-de-capacidad-660-mm-26-de-profundidad-garantia-por-5-aos\/","og_locale":"es_MX","og_type":"article","og_title":"[ Tripp-lite ] &#129351; Srshelf4phd Charola Tripp Lite Entrepa\u00f1o Fijo Para Servicio Pesado 113.4 Kg [250 Lb] De Capacidad; 660 Mm [26] De Profundidad.garantia Por 5 A\u00f1os.","og_description":"Compra Srshelf4phd Charola Tripp Lite Entrepa\u00f1o Fijo Para Servicio Pesado 113.4 Kg [250 Lb] De Capacidad; 660 Mm [26] De Profundidad.garantia Por 5 A\u00f1os. + Env\u00edo a domicilio + Pago seguro + Garant\u00eda","og_url":"https:\/\/compuviper.mx\/tienda\/producto\/tripp-lite-srshelf4phd-charola-tripp-lite-entrepao-fijo-para-servicio-pesado-113-4-kg-250-lb-de-capacidad-660-mm-26-de-profundidad-garantia-por-5-aos\/","og_site_name":"Compuviper","article_publisher":"https:\/\/www.facebook.com\/compuviper","og_image":[{"width":200,"height":200,"url":"https:\/\/compuviper.mx\/tienda\/wp-content\/uploads\/2023\/12\/Charola-tripp-lite-srshelf4phd-entrepano-fijo-para-servicio-pesado-113.4-kg-250-lb-de-capacidad-660-mm-26-de-profundidad.garantia-por-5-anos.jpg","type":"image\/jpeg"}],"twitter_card":"summary_large_image","twitter_misc":{"Precio":"&#36;1,200 con IVA","Availability":"Out of stock"},"schema":{"@context":"https:\/\/schema.org","@graph":[{"@type":"WebPage","@id":"https:\/\/compuviper.mx\/tienda\/producto\/tripp-lite-srshelf4phd-charola-tripp-lite-entrepao-fijo-para-servicio-pesado-113-4-kg-250-lb-de-capacidad-660-mm-26-de-profundidad-garantia-por-5-aos\/","url":"https:\/\/compuviper.mx\/tienda\/producto\/tripp-lite-srshelf4phd-charola-tripp-lite-entrepao-fijo-para-servicio-pesado-113-4-kg-250-lb-de-capacidad-660-mm-26-de-profundidad-garantia-por-5-aos\/","name":"[ Tripp-lite ] &#129351; Srshelf4phd Charola Tripp Lite Entrepa\u00f1o Fijo Para Servicio Pesado 113.4 Kg [250 Lb] De Capacidad; 660 Mm [26] De Profundidad.garantia Por 5 A\u00f1os.","isPartOf":{"@id":"https:\/\/compuviper.mx\/tienda\/#website"},"datePublished":"2026-04-07T05:23:33+00:00","dateModified":"2026-04-07T05:23:33+00:00","description":"Compra Srshelf4phd Charola Tripp Lite Entrepa\u00f1o Fijo Para Servicio Pesado 113.4 Kg [250 Lb] De Capacidad; 660 Mm [26] De Profundidad.garantia Por 5 A\u00f1os. + Env\u00edo a domicilio + Pago seguro + Garant\u00eda","breadcrumb":{"@id":"https:\/\/compuviper.mx\/tienda\/producto\/tripp-lite-srshelf4phd-charola-tripp-lite-entrepao-fijo-para-servicio-pesado-113-4-kg-250-lb-de-capacidad-660-mm-26-de-profundidad-garantia-por-5-aos\/#breadcrumb"},"inLanguage":"es-MX","potentialAction":[{"@type":"ReadAction","target":["https:\/\/compuviper.mx\/tienda\/producto\/tripp-lite-srshelf4phd-charola-tripp-lite-entrepao-fijo-para-servicio-pesado-113-4-kg-250-lb-de-capacidad-660-mm-26-de-profundidad-garantia-por-5-aos\/"]}]},{"@type":"BreadcrumbList","@id":"https:\/\/compuviper.mx\/tienda\/producto\/tripp-lite-srshelf4phd-charola-tripp-lite-entrepao-fijo-para-servicio-pesado-113-4-kg-250-lb-de-capacidad-660-mm-26-de-profundidad-garantia-por-5-aos\/#breadcrumb","itemListElement":[{"@type":"ListItem","position":1,"name":"Inicio","item":"https:\/\/compuviper.mx\/tienda\/"},{"@type":"ListItem","position":2,"name":"Productos","item":"https:\/\/compuviper.mx\/tienda\/productos\/"},{"@type":"ListItem","position":3,"name":"Accesorios","item":"https:\/\/compuviper.mx\/tienda\/categoria-producto\/accesorios\/"},{"@type":"ListItem","position":4,"name":"Rack","item":"https:\/\/compuviper.mx\/tienda\/categoria-producto\/accesorios\/rack\/"},{"@type":"ListItem","position":5,"name":"Tripp-lite Srshelf4phd Charola Tripp Lite Entrepa?o Fijo Para Servicio Pesado 113.4 Kg [250 Lb] De Capacidad; 660 Mm [26] De Profundidad.garantia Por 5 A?os."}]},{"@type":"WebSite","@id":"https:\/\/compuviper.mx\/tienda\/#website","url":"https:\/\/compuviper.mx\/tienda\/","name":"Compuviper","description":"Proveedor de Computadoras, Laptops, Servidores, Monitores, Puntos de Venta, Teclados,   Impresoras, T\u00f3ner, C\u00e1maras de Seguridad y m\u00e1s en tu tienda en l\u00ednea","publisher":{"@id":"https:\/\/compuviper.mx\/tienda\/#organization"},"potentialAction":[{"@type":"SearchAction","target":{"@type":"EntryPoint","urlTemplate":"https:\/\/compuviper.mx\/tienda\/?s={search_term_string}"},"query-input":"required name=search_term_string"}],"inLanguage":"es-MX"},{"@type":"Organization","@id":"https:\/\/compuviper.mx\/tienda\/#organization","name":"Compuviper","url":"https:\/\/compuviper.mx\/tienda\/","logo":{"@type":"ImageObject","inLanguage":"es-MX","@id":"https:\/\/compuviper.mx\/tienda\/#\/schema\/logo\/image\/","url":"https:\/\/compuviper.mx\/tienda\/wp-content\/uploads\/2021\/08\/Logo-Compuviper-10.png","contentUrl":"https:\/\/compuviper.mx\/tienda\/wp-content\/uploads\/2021\/08\/Logo-Compuviper-10.png","width":1000,"height":500,"caption":"Compuviper"},"image":{"@id":"https:\/\/compuviper.mx\/tienda\/#\/schema\/logo\/image\/"},"sameAs":["https:\/\/www.facebook.com\/compuviper","https:\/\/www.youtube.com\/channel\/UCf73dERp9Y3cfOq7q8BhLjA?view_as=subscriber"]}]},"product_brand":"TRIPP-LITE","product_price_amount":"1200","product_price_currency":"MXN","og_availability":"out of stock","product_availability":"out of stock","product_retailer_item_id":"SRSHELF4PHD","product_condition":"new"},"_links":{"self":[{"href":"https:\/\/compuviper.mx\/tienda\/wp-json\/wp\/v2\/product\/211072"}],"collection":[{"href":"https:\/\/compuviper.mx\/tienda\/wp-json\/wp\/v2\/product"}],"about":[{"href":"https:\/\/compuviper.mx\/tienda\/wp-json\/wp\/v2\/types\/product"}],"replies":[{"embeddable":true,"href":"https:\/\/compuviper.mx\/tienda\/wp-json\/wp\/v2\/comments?post=211072"}],"wp:featuredmedia":[{"embeddable":true,"href":"https:\/\/compuviper.mx\/tienda\/wp-json\/wp\/v2\/media\/211073"}],"wp:attachment":[{"href":"https:\/\/compuviper.mx\/tienda\/wp-json\/wp\/v2\/media?parent=211072"}],"wp:term":[{"taxonomy":"product_cat","embeddable":true,"href":"https:\/\/compuviper.mx\/tienda\/wp-json\/wp\/v2\/product_cat?post=211072"},{"taxonomy":"product_tag","embeddable":true,"href":"https:\/\/compuviper.mx\/tienda\/wp-json\/wp\/v2\/product_tag?post=211072"}],"curies":[{"name":"wp","href":"https:\/\/api.w.org\/{rel}","templated":true}]}}