{"id":211038,"date":"2026-04-01T23:11:54","date_gmt":"2026-04-02T05:11:54","guid":{"rendered":"https:\/\/compuviper.mx\/tienda\/producto\/tripp-lite-pdumh15-pdu-modelo-medidor-digital-monofsico-de-1-4kw-13-nema-l5-15r-120-v-clavija-l5-15p-cable-4-57-m-15pies-15-amperios-montaje-en-rack-de-1u-garantia-limitada-a-2-aos\/"},"modified":"2026-04-01T23:11:55","modified_gmt":"2026-04-02T05:11:55","slug":"tripp-lite-pdumh15-pdu-modelo-medidor-digital-monofsico-de-1-4kw-13-nema-l5-15r-120-v-clavija-l5-15p-cable-4-57-m-15pies-15-amperios-montaje-en-rack-de-1u-garantia-limitada-a-2-aos","status":"publish","type":"product","link":"https:\/\/compuviper.mx\/tienda\/producto\/tripp-lite-pdumh15-pdu-modelo-medidor-digital-monofsico-de-1-4kw-13-nema-l5-15r-120-v-clavija-l5-15p-cable-4-57-m-15pies-15-amperios-montaje-en-rack-de-1u-garantia-limitada-a-2-aos\/","title":{"rendered":"Tripp-lite Pdumh15 Pdu  Modelo   Medidor Digital Monof?sico De 1.4kw \/\/13 Nema L5-15r \/\/120 V\/\/clavija L5-15p Cable 4.57 M (15pies) \/\/15 Amperios \/\/ Montaje En Rack De 1u.. Garantia Limitada A 2 A?os."},"content":{"rendered":"<table class=\"descripcion\">\n<tr>\n<td>Pdu tripp-lite modelo pdumh15  medidor digital monof\u00e1sico de 1.4kw \/\/13 nema l5-15r \/\/120v\/\/clavija l5-15p cable 4.57 m (15 pies) \/\/15 amperios \/\/ montaje en rack de 1u.<\/td>\n<\/tr>\n<tr>\n<td>Especificaciones<\/td>\n<\/tr>\n<tr>\n<td>Generalidades<\/td>\n<\/tr>\n<tr>\n<td>C\u00f3digo upc 037332132529<\/td>\n<\/tr>\n<tr>\n<td>Tipo de pdu con medidor digital<\/td>\n<\/tr>\n<tr>\n<td>Entrada<\/td>\n<\/tr>\n<tr>\n<td>Voltaje de entrada del pdu (v~) 100; 120; 127<\/td>\n<\/tr>\n<tr>\n<td>Servicio el\u00e9ctrico recomendado 15a 120v<\/td>\n<\/tr>\n<tr>\n<td>Entrada m\u00e1xima en amperes 15<\/td>\n<\/tr>\n<tr>\n<td>Detalles de entrada m\u00e1xima en amperes reducido por agencia a 12 a continuos<\/td>\n<\/tr>\n<tr>\n<td>Tipo de clavija del pdu nema 5-15p<\/td>\n<\/tr>\n<tr>\n<td>Fase de entrada monof\u00e1sico<\/td>\n<\/tr>\n<tr>\n<td>Longitud del cable de alimentaci\u00f3n (m) 4.57<\/td>\n<\/tr>\n<tr>\n<td>Salida<\/td>\n<\/tr>\n<tr>\n<td>Detalles de capacidad de salida 1.52kw (127v), 1.44kw (120v), 1.2kw (100v) \/ capacidad total de 15a (reducido por agencia a 12a); m\u00e1ximo 12a por tomacorriente<\/td>\n<\/tr>\n<tr>\n<td>Compatibilidad de frecuencia 50hz \/ 60hz<\/td>\n<\/tr>\n<tr>\n<td>Tomacorrientes (13) 5-15r<\/td>\n<\/tr>\n<tr>\n<td>Voltaje nominal de salida (v~) 100; 120; 127<\/td>\n<\/tr>\n<tr>\n<td>Protecci\u00f3n contra sobrecargas breaker de 15a<\/td>\n<\/tr>\n<tr>\n<td>Interfaz de usuario, alertas y controles<\/td>\n<\/tr>\n<tr>\n<td>Pantalla lcd del panel frontal la pantalla digital reporta la corriente total de salida del pdu en amperes<\/td>\n<\/tr>\n<tr>\n<td>Interruptores no se aplica<\/td>\n<\/tr>\n<tr>\n<td>F\u00edsicas<\/td>\n<\/tr>\n<tr>\n<td>Factores de forma soportados instalaci\u00f3n montada en rack 1u, en rack vertical 0u, en la pared o debajo del mostrador.<\/td>\n<\/tr>\n<tr>\n<td>Material de construcci\u00f3n metal<\/td>\n<\/tr>\n<tr>\n<td>Profundidad m\u00ednima de rack requerida (cm) 19.05<\/td>\n<\/tr>\n<tr>\n<td>Medida del tomacorrientes (centro a centro) rear side = 30.20mm<\/td>\n<\/tr>\n<tr>\n<td>Factor de forma del pdu horizontal (1u)<\/td>\n<\/tr>\n<tr>\n<td>Dimensiones de envi\u00f3 (al x an x pr \/ cm) 23.62 x 5.08 x 51.56<\/td>\n<\/tr>\n<tr>\n<td>Peso de env\u00edo (kg) 2.40<\/td>\n<\/tr>\n<tr>\n<td>Dimensiones de la unidad (al x an x pr \/ cm) 4.45 x 44.45 x 11.43<\/td>\n<\/tr>\n<tr>\n<td>Peso de la unidad (kg) 2.04<\/td>\n<\/tr>\n<tr>\n<td>Ambientales<\/td>\n<\/tr>\n<tr>\n<td>Rango de temperatura de almacenamiento -30 \u00b0c a +50 \u00b0c [-22 \u00b0f a +122 \u00b0f]<\/td>\n<\/tr>\n<tr>\n<td>Humedad relativa 5-95%, sin condensaci\u00f3n<\/td>\n<\/tr>\n<tr>\n<td>Altitud de operaci\u00f3n (pies) 0-10,000<\/td>\n<\/tr>\n<tr>\n<td>Elevaci\u00f3n en operaci\u00f3n (m) 0-3000<\/td>\n<\/tr>\n<tr>\n<td>Funciones especiales<\/td>\n<\/tr>\n<tr>\n<td>Aterrizado de tvss   anillo posterior de conexi\u00f3n a tierra.<\/td>\n<\/tr>\n<tr>\n<td>Est\u00e1ndares y compatibilidad<\/td>\n<\/tr>\n<tr>\n<td>Certificaciones probado para ul60950-1 (ee. uu.) y can\/csa c22.2 n\u00fam. 60950-1-03 (canad\u00e1), cumple con rohs.<\/td>\n<\/tr>\n<tr>\n<td>Garantia<\/td>\n<\/tr>\n<tr>\n<td>Periodo de garant\u00eda del producto (a nivel mundial) garant\u00eda limitada por 2 a\u00f1os<\/td>\n<\/tr>\n<\/table>\n","protected":false},"excerpt":{"rendered":"<p>Unidades de distribuci\u00f3n de energ\u00eda \/ pdu con medidor digital de tripp lite ofrecen informaci\u00f3n en tiempo real del nivel de carga en amperes mediante un medidor digital integrado. Permite el monitoreo visual de la corriente de salida del pdu para evitar sobrecargas de circuitos seg\u00fan se agregue equipo adicional. Ofrece distribuci\u00f3n de energ\u00eda confiable con tomacorrientes m\u00faltiples desde cualquier ups protegido, generador o fuente de alimentaci\u00f3n principal. Dise\u00f1o de alta calidad incluye una resistente carcasa totalmente de metal e instalaci\u00f3n en rack segura, con los accesorios de instalaci\u00f3n incluidos. Caracter\u00edsticas. Unidad de distribuci\u00f3n de energ\u00eda \/ pdu monof\u00e1sico con medidor digital de 15a 120v (reducido de agencia a 12a continuos. El medidor de 2 d\u00edgitos incorporado informa continuamente del nivel de carga de la pdu en amperes. Clavija de entrada fija nema 5-15p; con cable 4.57 m [15 pies. Formato de instalaci\u00f3n de rack horizontal 1u se instala en un espacio de rack. 13 tomacorrientes nema 5-15r (1 hacia el frente \/ 12 hacia atr\u00e1s). Las bridas de instalaci\u00f3n soportan la instalaci\u00f3n en racks de 2 y 4 postes, con soporte adicional para formatos de instalaci\u00f3n en la pared y debajo del mostrador. El pdusidebrkt opcional permite el instalaci\u00f3n vertical de 0u en rack en racks compatibles. Poste de tierra del panel posterior. El paquete incluye. Pdu pdumh15 medida para montaje en rack. Manual del propietario con informaci\u00f3n sobre la garant\u00eda. Pdu b\u00e1sico monof\u00e1sico de 15a 120v con medidor digital. Instalaci\u00f3n horizontal de 1u en rack, medidor digital de corriente. Entrada nema 5-15p con cable de 4.57 m [15 pies. 13 tomacorrientes nema 5-15r (1 en el frente \/ 12 en la parte trasera). Gabinete reversible, 11.43 cm [4.5] de profundidad. Garant\u00eda limitada por 2 a\u00f1os<\/p>\n","protected":false},"featured_media":211039,"comment_status":"open","ping_status":"open","template":"","meta":[],"product_cat":[1508,1895],"product_tag":[1510],"acf":[],"yoast_head":"<!-- This site is optimized with the Yoast SEO plugin v21.7 - https:\/\/yoast.com\/wordpress\/plugins\/seo\/ -->\n<title>[ Tripp-lite ] &#129351; Pdumh15 Pdu Modelo Medidor Digital Monof\u00e1sico De 1.4kw \/\/13 Nema L5-15r \/\/120 V\/\/clavija L5-15p Cable 4.57 M (15pies) \/\/15 Amperios \/\/ Montaje En Rack De 1u.. Garantia Limitada A 2 A\u00f1os.<\/title>\n<meta name=\"description\" content=\"Compra Pdumh15 Pdu Modelo Medidor Digital Monof\u00e1sico De 1.4kw \/\/13 Nema L5-15r \/\/120 V\/\/clavija L5-15p Cable 4.57 M (15pies) \/\/15 Amperios \/\/ Montaje En Rack De 1u.. Garantia Limitada A 2 A\u00f1os. + Env\u00edo a domicilio + Pago seguro + Garant\u00eda\" \/>\n<meta name=\"robots\" content=\"index, follow, max-snippet:-1, max-image-preview:large, max-video-preview:-1\" \/>\n<link rel=\"canonical\" href=\"https:\/\/compuviper.mx\/tienda\/producto\/tripp-lite-pdumh15-pdu-modelo-medidor-digital-monofsico-de-1-4kw-13-nema-l5-15r-120-v-clavija-l5-15p-cable-4-57-m-15pies-15-amperios-montaje-en-rack-de-1u-garantia-limitada-a-2-aos\/\" \/>\n<meta property=\"og:locale\" content=\"es_MX\" \/>\n<meta property=\"og:type\" content=\"article\" \/>\n<meta property=\"og:title\" content=\"[ Tripp-lite ] &#129351; Pdumh15 Pdu Modelo Medidor Digital Monof\u00e1sico De 1.4kw \/\/13 Nema L5-15r \/\/120 V\/\/clavija L5-15p Cable 4.57 M (15pies) \/\/15 Amperios \/\/ Montaje En Rack De 1u.. Garantia Limitada A 2 A\u00f1os.\" \/>\n<meta property=\"og:description\" content=\"Compra Pdumh15 Pdu Modelo Medidor Digital Monof\u00e1sico De 1.4kw \/\/13 Nema L5-15r \/\/120 V\/\/clavija L5-15p Cable 4.57 M (15pies) \/\/15 Amperios \/\/ Montaje En Rack De 1u.. Garantia Limitada A 2 A\u00f1os. + Env\u00edo a domicilio + Pago seguro + Garant\u00eda\" \/>\n<meta property=\"og:url\" content=\"https:\/\/compuviper.mx\/tienda\/producto\/tripp-lite-pdumh15-pdu-modelo-medidor-digital-monofsico-de-1-4kw-13-nema-l5-15r-120-v-clavija-l5-15p-cable-4-57-m-15pies-15-amperios-montaje-en-rack-de-1u-garantia-limitada-a-2-aos\/\" \/>\n<meta property=\"og:site_name\" content=\"Compuviper\" \/>\n<meta property=\"article:publisher\" content=\"https:\/\/www.facebook.com\/compuviper\" \/>\n<meta property=\"article:modified_time\" content=\"2026-04-02T05:11:55+00:00\" \/>\n<meta property=\"og:image\" content=\"https:\/\/compuviper.mx\/tienda\/wp-content\/uploads\/2023\/12\/Pdu-tripp-lite-modelo-pdumh15-medidor-digital-monofasico-de-1.4kw-13-nema-l5-15r-120-vclavija-l5-15p-cable-4.57-m-15pies-15-amperios-montaje-en-rack-de-1u.-garantia-limitada-a-2-anos.jpg\" \/>\n\t<meta property=\"og:image:width\" content=\"200\" \/>\n\t<meta property=\"og:image:height\" content=\"200\" \/>\n\t<meta property=\"og:image:type\" content=\"image\/jpeg\" \/>\n<meta name=\"twitter:card\" content=\"summary_large_image\" \/>\n<meta name=\"twitter:label1\" content=\"Precio\" \/>\n\t<meta name=\"twitter:data1\" content=\"&#36;2,159 con IVA\" \/>\n\t<meta name=\"twitter:label2\" content=\"Availability\" \/>\n\t<meta name=\"twitter:data2\" content=\"Out of stock\" \/>\n<script type=\"application\/ld+json\" class=\"yoast-schema-graph\">{\"@context\":\"https:\/\/schema.org\",\"@graph\":[{\"@type\":\"WebPage\",\"@id\":\"https:\/\/compuviper.mx\/tienda\/producto\/tripp-lite-pdumh15-pdu-modelo-medidor-digital-monofsico-de-1-4kw-13-nema-l5-15r-120-v-clavija-l5-15p-cable-4-57-m-15pies-15-amperios-montaje-en-rack-de-1u-garantia-limitada-a-2-aos\/\",\"url\":\"https:\/\/compuviper.mx\/tienda\/producto\/tripp-lite-pdumh15-pdu-modelo-medidor-digital-monofsico-de-1-4kw-13-nema-l5-15r-120-v-clavija-l5-15p-cable-4-57-m-15pies-15-amperios-montaje-en-rack-de-1u-garantia-limitada-a-2-aos\/\",\"name\":\"[ Tripp-lite ] &#129351; Pdumh15 Pdu Modelo Medidor Digital Monof\u00e1sico De 1.4kw \/\/13 Nema L5-15r \/\/120 V\/\/clavija L5-15p Cable 4.57 M (15pies) \/\/15 Amperios \/\/ Montaje En Rack De 1u.. Garantia Limitada A 2 A\u00f1os.\",\"isPartOf\":{\"@id\":\"https:\/\/compuviper.mx\/tienda\/#website\"},\"datePublished\":\"2026-04-02T05:11:54+00:00\",\"dateModified\":\"2026-04-02T05:11:55+00:00\",\"description\":\"Compra Pdumh15 Pdu Modelo Medidor Digital Monof\u00e1sico De 1.4kw \/\/13 Nema L5-15r \/\/120 V\/\/clavija L5-15p Cable 4.57 M (15pies) \/\/15 Amperios \/\/ Montaje En Rack De 1u.. Garantia Limitada A 2 A\u00f1os. + Env\u00edo a domicilio + Pago seguro + Garant\u00eda\",\"breadcrumb\":{\"@id\":\"https:\/\/compuviper.mx\/tienda\/producto\/tripp-lite-pdumh15-pdu-modelo-medidor-digital-monofsico-de-1-4kw-13-nema-l5-15r-120-v-clavija-l5-15p-cable-4-57-m-15pies-15-amperios-montaje-en-rack-de-1u-garantia-limitada-a-2-aos\/#breadcrumb\"},\"inLanguage\":\"es-MX\",\"potentialAction\":[{\"@type\":\"ReadAction\",\"target\":[\"https:\/\/compuviper.mx\/tienda\/producto\/tripp-lite-pdumh15-pdu-modelo-medidor-digital-monofsico-de-1-4kw-13-nema-l5-15r-120-v-clavija-l5-15p-cable-4-57-m-15pies-15-amperios-montaje-en-rack-de-1u-garantia-limitada-a-2-aos\/\"]}]},{\"@type\":\"BreadcrumbList\",\"@id\":\"https:\/\/compuviper.mx\/tienda\/producto\/tripp-lite-pdumh15-pdu-modelo-medidor-digital-monofsico-de-1-4kw-13-nema-l5-15r-120-v-clavija-l5-15p-cable-4-57-m-15pies-15-amperios-montaje-en-rack-de-1u-garantia-limitada-a-2-aos\/#breadcrumb\",\"itemListElement\":[{\"@type\":\"ListItem\",\"position\":1,\"name\":\"Inicio\",\"item\":\"https:\/\/compuviper.mx\/tienda\/\"},{\"@type\":\"ListItem\",\"position\":2,\"name\":\"Productos\",\"item\":\"https:\/\/compuviper.mx\/tienda\/productos\/\"},{\"@type\":\"ListItem\",\"position\":3,\"name\":\"Energia\",\"item\":\"https:\/\/compuviper.mx\/tienda\/categoria-producto\/energia\/\"},{\"@type\":\"ListItem\",\"position\":4,\"name\":\"Pdu\",\"item\":\"https:\/\/compuviper.mx\/tienda\/categoria-producto\/energia\/pdu\/\"},{\"@type\":\"ListItem\",\"position\":5,\"name\":\"Tripp-lite Pdumh15 Pdu Modelo Medidor Digital Monof?sico De 1.4kw \/\/13 Nema L5-15r \/\/120 V\/\/clavija L5-15p Cable 4.57 M (15pies) \/\/15 Amperios \/\/ Montaje En Rack De 1u.. Garantia Limitada A 2 A?os.\"}]},{\"@type\":\"WebSite\",\"@id\":\"https:\/\/compuviper.mx\/tienda\/#website\",\"url\":\"https:\/\/compuviper.mx\/tienda\/\",\"name\":\"Compuviper\",\"description\":\"Proveedor de Computadoras, Laptops, Servidores, Monitores, Puntos de Venta, Teclados,   Impresoras, T\u00f3ner, C\u00e1maras de Seguridad y m\u00e1s en tu tienda en l\u00ednea\",\"publisher\":{\"@id\":\"https:\/\/compuviper.mx\/tienda\/#organization\"},\"potentialAction\":[{\"@type\":\"SearchAction\",\"target\":{\"@type\":\"EntryPoint\",\"urlTemplate\":\"https:\/\/compuviper.mx\/tienda\/?s={search_term_string}\"},\"query-input\":\"required name=search_term_string\"}],\"inLanguage\":\"es-MX\"},{\"@type\":\"Organization\",\"@id\":\"https:\/\/compuviper.mx\/tienda\/#organization\",\"name\":\"Compuviper\",\"url\":\"https:\/\/compuviper.mx\/tienda\/\",\"logo\":{\"@type\":\"ImageObject\",\"inLanguage\":\"es-MX\",\"@id\":\"https:\/\/compuviper.mx\/tienda\/#\/schema\/logo\/image\/\",\"url\":\"https:\/\/compuviper.mx\/tienda\/wp-content\/uploads\/2021\/08\/Logo-Compuviper-10.png\",\"contentUrl\":\"https:\/\/compuviper.mx\/tienda\/wp-content\/uploads\/2021\/08\/Logo-Compuviper-10.png\",\"width\":1000,\"height\":500,\"caption\":\"Compuviper\"},\"image\":{\"@id\":\"https:\/\/compuviper.mx\/tienda\/#\/schema\/logo\/image\/\"},\"sameAs\":[\"https:\/\/www.facebook.com\/compuviper\",\"https:\/\/www.youtube.com\/channel\/UCf73dERp9Y3cfOq7q8BhLjA?view_as=subscriber\"]}]}<\/script>\n<meta property=\"product:brand\" content=\"TRIPP-LITE\" \/>\n<meta property=\"product:price:amount\" content=\"2159\" \/>\n<meta property=\"product:price:currency\" content=\"MXN\" \/>\n<meta property=\"og:availability\" content=\"out of stock\" \/>\n<meta property=\"product:availability\" content=\"out of stock\" \/>\n<meta property=\"product:retailer_item_id\" content=\"PDUMH15\" \/>\n<meta property=\"product:condition\" content=\"new\" \/>\n<!-- \/ Yoast SEO plugin. -->","yoast_head_json":{"title":"[ Tripp-lite ] &#129351; Pdumh15 Pdu Modelo Medidor Digital Monof\u00e1sico De 1.4kw \/\/13 Nema L5-15r \/\/120 V\/\/clavija L5-15p Cable 4.57 M (15pies) \/\/15 Amperios \/\/ Montaje En Rack De 1u.. Garantia Limitada A 2 A\u00f1os.","description":"Compra Pdumh15 Pdu Modelo Medidor Digital Monof\u00e1sico De 1.4kw \/\/13 Nema L5-15r \/\/120 V\/\/clavija L5-15p Cable 4.57 M (15pies) \/\/15 Amperios \/\/ Montaje En Rack De 1u.. Garantia Limitada A 2 A\u00f1os. + Env\u00edo a domicilio + Pago seguro + Garant\u00eda","robots":{"index":"index","follow":"follow","max-snippet":"max-snippet:-1","max-image-preview":"max-image-preview:large","max-video-preview":"max-video-preview:-1"},"canonical":"https:\/\/compuviper.mx\/tienda\/producto\/tripp-lite-pdumh15-pdu-modelo-medidor-digital-monofsico-de-1-4kw-13-nema-l5-15r-120-v-clavija-l5-15p-cable-4-57-m-15pies-15-amperios-montaje-en-rack-de-1u-garantia-limitada-a-2-aos\/","og_locale":"es_MX","og_type":"article","og_title":"[ Tripp-lite ] &#129351; Pdumh15 Pdu Modelo Medidor Digital Monof\u00e1sico De 1.4kw \/\/13 Nema L5-15r \/\/120 V\/\/clavija L5-15p Cable 4.57 M (15pies) \/\/15 Amperios \/\/ Montaje En Rack De 1u.. Garantia Limitada A 2 A\u00f1os.","og_description":"Compra Pdumh15 Pdu Modelo Medidor Digital Monof\u00e1sico De 1.4kw \/\/13 Nema L5-15r \/\/120 V\/\/clavija L5-15p Cable 4.57 M (15pies) \/\/15 Amperios \/\/ Montaje En Rack De 1u.. Garantia Limitada A 2 A\u00f1os. + Env\u00edo a domicilio + Pago seguro + Garant\u00eda","og_url":"https:\/\/compuviper.mx\/tienda\/producto\/tripp-lite-pdumh15-pdu-modelo-medidor-digital-monofsico-de-1-4kw-13-nema-l5-15r-120-v-clavija-l5-15p-cable-4-57-m-15pies-15-amperios-montaje-en-rack-de-1u-garantia-limitada-a-2-aos\/","og_site_name":"Compuviper","article_publisher":"https:\/\/www.facebook.com\/compuviper","article_modified_time":"2026-04-02T05:11:55+00:00","og_image":[{"width":200,"height":200,"url":"https:\/\/compuviper.mx\/tienda\/wp-content\/uploads\/2023\/12\/Pdu-tripp-lite-modelo-pdumh15-medidor-digital-monofasico-de-1.4kw-13-nema-l5-15r-120-vclavija-l5-15p-cable-4.57-m-15pies-15-amperios-montaje-en-rack-de-1u.-garantia-limitada-a-2-anos.jpg","type":"image\/jpeg"}],"twitter_card":"summary_large_image","twitter_misc":{"Precio":"&#36;2,159 con IVA","Availability":"Out of stock"},"schema":{"@context":"https:\/\/schema.org","@graph":[{"@type":"WebPage","@id":"https:\/\/compuviper.mx\/tienda\/producto\/tripp-lite-pdumh15-pdu-modelo-medidor-digital-monofsico-de-1-4kw-13-nema-l5-15r-120-v-clavija-l5-15p-cable-4-57-m-15pies-15-amperios-montaje-en-rack-de-1u-garantia-limitada-a-2-aos\/","url":"https:\/\/compuviper.mx\/tienda\/producto\/tripp-lite-pdumh15-pdu-modelo-medidor-digital-monofsico-de-1-4kw-13-nema-l5-15r-120-v-clavija-l5-15p-cable-4-57-m-15pies-15-amperios-montaje-en-rack-de-1u-garantia-limitada-a-2-aos\/","name":"[ Tripp-lite ] &#129351; Pdumh15 Pdu Modelo Medidor Digital Monof\u00e1sico De 1.4kw \/\/13 Nema L5-15r \/\/120 V\/\/clavija L5-15p Cable 4.57 M (15pies) \/\/15 Amperios \/\/ Montaje En Rack De 1u.. Garantia Limitada A 2 A\u00f1os.","isPartOf":{"@id":"https:\/\/compuviper.mx\/tienda\/#website"},"datePublished":"2026-04-02T05:11:54+00:00","dateModified":"2026-04-02T05:11:55+00:00","description":"Compra Pdumh15 Pdu Modelo Medidor Digital Monof\u00e1sico De 1.4kw \/\/13 Nema L5-15r \/\/120 V\/\/clavija L5-15p Cable 4.57 M (15pies) \/\/15 Amperios \/\/ Montaje En Rack De 1u.. Garantia Limitada A 2 A\u00f1os. + Env\u00edo a domicilio + Pago seguro + Garant\u00eda","breadcrumb":{"@id":"https:\/\/compuviper.mx\/tienda\/producto\/tripp-lite-pdumh15-pdu-modelo-medidor-digital-monofsico-de-1-4kw-13-nema-l5-15r-120-v-clavija-l5-15p-cable-4-57-m-15pies-15-amperios-montaje-en-rack-de-1u-garantia-limitada-a-2-aos\/#breadcrumb"},"inLanguage":"es-MX","potentialAction":[{"@type":"ReadAction","target":["https:\/\/compuviper.mx\/tienda\/producto\/tripp-lite-pdumh15-pdu-modelo-medidor-digital-monofsico-de-1-4kw-13-nema-l5-15r-120-v-clavija-l5-15p-cable-4-57-m-15pies-15-amperios-montaje-en-rack-de-1u-garantia-limitada-a-2-aos\/"]}]},{"@type":"BreadcrumbList","@id":"https:\/\/compuviper.mx\/tienda\/producto\/tripp-lite-pdumh15-pdu-modelo-medidor-digital-monofsico-de-1-4kw-13-nema-l5-15r-120-v-clavija-l5-15p-cable-4-57-m-15pies-15-amperios-montaje-en-rack-de-1u-garantia-limitada-a-2-aos\/#breadcrumb","itemListElement":[{"@type":"ListItem","position":1,"name":"Inicio","item":"https:\/\/compuviper.mx\/tienda\/"},{"@type":"ListItem","position":2,"name":"Productos","item":"https:\/\/compuviper.mx\/tienda\/productos\/"},{"@type":"ListItem","position":3,"name":"Energia","item":"https:\/\/compuviper.mx\/tienda\/categoria-producto\/energia\/"},{"@type":"ListItem","position":4,"name":"Pdu","item":"https:\/\/compuviper.mx\/tienda\/categoria-producto\/energia\/pdu\/"},{"@type":"ListItem","position":5,"name":"Tripp-lite Pdumh15 Pdu Modelo Medidor Digital Monof?sico De 1.4kw \/\/13 Nema L5-15r \/\/120 V\/\/clavija L5-15p Cable 4.57 M (15pies) \/\/15 Amperios \/\/ Montaje En Rack De 1u.. Garantia Limitada A 2 A?os."}]},{"@type":"WebSite","@id":"https:\/\/compuviper.mx\/tienda\/#website","url":"https:\/\/compuviper.mx\/tienda\/","name":"Compuviper","description":"Proveedor de Computadoras, Laptops, Servidores, Monitores, Puntos de Venta, Teclados,   Impresoras, T\u00f3ner, C\u00e1maras de Seguridad y m\u00e1s en tu tienda en l\u00ednea","publisher":{"@id":"https:\/\/compuviper.mx\/tienda\/#organization"},"potentialAction":[{"@type":"SearchAction","target":{"@type":"EntryPoint","urlTemplate":"https:\/\/compuviper.mx\/tienda\/?s={search_term_string}"},"query-input":"required name=search_term_string"}],"inLanguage":"es-MX"},{"@type":"Organization","@id":"https:\/\/compuviper.mx\/tienda\/#organization","name":"Compuviper","url":"https:\/\/compuviper.mx\/tienda\/","logo":{"@type":"ImageObject","inLanguage":"es-MX","@id":"https:\/\/compuviper.mx\/tienda\/#\/schema\/logo\/image\/","url":"https:\/\/compuviper.mx\/tienda\/wp-content\/uploads\/2021\/08\/Logo-Compuviper-10.png","contentUrl":"https:\/\/compuviper.mx\/tienda\/wp-content\/uploads\/2021\/08\/Logo-Compuviper-10.png","width":1000,"height":500,"caption":"Compuviper"},"image":{"@id":"https:\/\/compuviper.mx\/tienda\/#\/schema\/logo\/image\/"},"sameAs":["https:\/\/www.facebook.com\/compuviper","https:\/\/www.youtube.com\/channel\/UCf73dERp9Y3cfOq7q8BhLjA?view_as=subscriber"]}]},"product_brand":"TRIPP-LITE","product_price_amount":"2159","product_price_currency":"MXN","og_availability":"out of stock","product_availability":"out of stock","product_retailer_item_id":"PDUMH15","product_condition":"new"},"_links":{"self":[{"href":"https:\/\/compuviper.mx\/tienda\/wp-json\/wp\/v2\/product\/211038"}],"collection":[{"href":"https:\/\/compuviper.mx\/tienda\/wp-json\/wp\/v2\/product"}],"about":[{"href":"https:\/\/compuviper.mx\/tienda\/wp-json\/wp\/v2\/types\/product"}],"replies":[{"embeddable":true,"href":"https:\/\/compuviper.mx\/tienda\/wp-json\/wp\/v2\/comments?post=211038"}],"wp:featuredmedia":[{"embeddable":true,"href":"https:\/\/compuviper.mx\/tienda\/wp-json\/wp\/v2\/media\/211039"}],"wp:attachment":[{"href":"https:\/\/compuviper.mx\/tienda\/wp-json\/wp\/v2\/media?parent=211038"}],"wp:term":[{"taxonomy":"product_cat","embeddable":true,"href":"https:\/\/compuviper.mx\/tienda\/wp-json\/wp\/v2\/product_cat?post=211038"},{"taxonomy":"product_tag","embeddable":true,"href":"https:\/\/compuviper.mx\/tienda\/wp-json\/wp\/v2\/product_tag?post=211038"}],"curies":[{"name":"wp","href":"https:\/\/api.w.org\/{rel}","templated":true}]}}