{"id":211037,"date":"2026-04-01T23:11:22","date_gmt":"2026-04-02T05:11:22","guid":{"rendered":"https:\/\/compuviper.mx\/tienda\/producto\/manhattan-168434-hub-usb-c-3-ptos-a-1-pto-c-pd-5gbps-blanco\/"},"modified":"2026-04-01T23:11:22","modified_gmt":"2026-04-02T05:11:22","slug":"manhattan-168434-hub-usb-c-3-ptos-a-1-pto-c-pd-5gbps-blanco","status":"publish","type":"product","link":"https:\/\/compuviper.mx\/tienda\/producto\/manhattan-168434-hub-usb-c-3-ptos-a-1-pto-c-pd-5gbps-blanco\/","title":{"rendered":"Manhattan 168434 Hub Usb-c,,, 3 Ptos A + 1 Pto C Pd, 5gbps, Blanco"},"content":{"rendered":"<table class=\"descripcion\">\n<tr>\n<td>Est\u00e1ndares and certificaciones:<\/td>\n<\/tr>\n<tr>\n<td>Usb 3.2 gen 1 (usb 3.0)<\/td>\n<\/tr>\n<tr>\n<td>Ce<\/td>\n<\/tr>\n<tr>\n<td>Fcc<\/td>\n<\/tr>\n<tr>\n<td>Rohs<\/td>\n<\/tr>\n<tr>\n<td>Reach<\/td>\n<\/tr>\n<tr>\n<td>Ukca<\/td>\n<\/tr>\n<tr>\n<td>General:<\/td>\n<\/tr>\n<tr>\n<td>Velocidades de transferencia de datos 5 gbps<\/td>\n<\/tr>\n<tr>\n<td>Potencia de carga usb-a: 4.5 w (5.0 v a 0.9 a) m\u00e1x.<\/td>\n<\/tr>\n<tr>\n<td>Potencia de salida de carga usb-c: 100 w m\u00e1x.<\/td>\n<\/tr>\n<tr>\n<td>&#8211; ajustes de tensi\u00f3n\/corriente (m\u00e1ximo):<\/td>\n<\/tr>\n<tr>\n<td>&#8211; 5.0 v \/ 5.0 a<\/td>\n<\/tr>\n<tr>\n<td>&#8211; 9.0 v \/ 5.0 a<\/td>\n<\/tr>\n<tr>\n<td>&#8211; 12.0 v \/ 5.0 a<\/td>\n<\/tr>\n<tr>\n<td>&#8211; 15.0 v \/ 5.0 a<\/td>\n<\/tr>\n<tr>\n<td>&#8211; 19.0 v \/ 5.0 a<\/td>\n<\/tr>\n<tr>\n<td>&#8211; 20.0 v \/ 5.0 a<\/td>\n<\/tr>\n<tr>\n<td>Conexiones:<\/td>\n<\/tr>\n<tr>\n<td>Un usb-c de 24 pines, macho<\/td>\n<\/tr>\n<tr>\n<td>Tres usb-a de 9 pines, hembra<\/td>\n<\/tr>\n<tr>\n<td>Un usb-c de 24 pines, hembra con power delivery (carga de energ\u00eda)<\/td>\n<\/tr>\n<tr>\n<td>Dise\u00f1o<\/td>\n<\/tr>\n<tr>\n<td>Dimensiones (l x an x al): 76 x 38 x 10 mm<\/td>\n<\/tr>\n<tr>\n<td>Peso neto: 40 g (1,41 oz.)<\/td>\n<\/tr>\n<tr>\n<td>Peso bruto: 70 g (2,47 oz.)<\/td>\n<\/tr>\n<tr>\n<td>Longitud del cable: 15 cm<\/td>\n<\/tr>\n<tr>\n<td>Di\u00e1metro del cable: 32 awg<\/td>\n<\/tr>\n<tr>\n<td>Cubierta: pl\u00e1stico abs<\/td>\n<\/tr>\n<tr>\n<td>Ambiente de operaci\u00f3n<\/td>\n<\/tr>\n<tr>\n<td>Temperatura de funcionamiento: 0 &#8211; 70\u00b0c (32 &#8211; 158\u00b0f)<\/td>\n<\/tr>\n<tr>\n<td>Temperatura de almacenamiento: -10 &#8211; 90\u00b0c<\/td>\n<\/tr>\n<tr>\n<td>Humedad (sin condensaci\u00f3n): 10 &#8211; 90% hr<\/td>\n<\/tr>\n<tr>\n<td>Requisitos del sistema<\/td>\n<\/tr>\n<tr>\n<td>Windows 7\/8.1\/10\/11, linux, chrome os o macos<\/td>\n<\/tr>\n<tr>\n<td>Contenido del paquete:<\/td>\n<\/tr>\n<tr>\n<td>Hub usb-c 3.2 gen 1 de 3 puertos, con suministro de energ\u00eda<\/td>\n<\/tr>\n<tr>\n<td>Instrucciones<\/td>\n<\/tr>\n<\/table>\n","protected":false},"excerpt":{"rendered":"<p>Hub usb tipo c y tres puertos usb tipo a, y carga de energ\u00eda de 100 w. El hub usb 3.2 gen 1 tipo c de 3 puertos con power delivery de manhattan convierte uno de los puertos usb-c de tu dispositivo en tres puertos usb-a, para que puedas conectar f\u00e1cilmente un teclado, un mouse y una memoria usb. Los perif\u00e9ricos que se ajustan a la especificaci\u00f3n usb 3.2 gen 1 (anteriormente conocido como usb 3.0) pueden alcanzar velocidades de transferencia de hasta 5 gbps para almacenamiento externo, impresi\u00f3n y m\u00e1s. Los puertos superspeed del hub tambi\u00e9n son compatibles con versiones anteriores para ejecutar versiones anteriores de usb 2.0 o incluso 1.1. Carga tu computadora port\u00e1til con usb-c power delivery (pd. Ahora puedes guardar el voluminoso adaptador de ac de tu computadora port\u00e1til o dejarlo para usar solamente en casa. El puerto usb-c pd incluido te permite cargar tu computadora port\u00e1til con una potencia de hasta 100 w a trav\u00e9s de un cargador de pared pd mucho m\u00e1s peque\u00f1o (disponible en manhattan) que es m\u00e1s f\u00e1cil de llevarlo contigo en tu malet\u00edn de la laptop. Con la conexi\u00f3n pd establecida, tambi\u00e9n puede cargar dispositivos m\u00f3viles desde los tres puertos usb-a simult\u00e1neamente con una potencia de hasta 5 v\/0,9 a (4,5 w). Conectividad que puedes llevar contigo. Debido a su tama\u00f1o compacto, este hub es f\u00e1cil de guardar en la bolsa de tu computadora port\u00e1til y s\u00f3lo ocupa poco espacio en el escritorio cuando lo conectas a tu estaci\u00f3n de trabajo. Para aplicaciones port\u00e1tiles, tener el cable integrado significa una cosa menos que recordar llevar contigo. Compatibilidad universal para una f\u00e1cil instalaci\u00f3n. Este hub usb 3.0 universal funcionar\u00e1 con una amplia gama de computadoras porque no requiere software ni controladores adicionales. Se instala autom\u00e1ticamente cuando lo conectas a tu computadora port\u00e1til o de escritorio, por lo que puede estar lista y funcionando r\u00e1pidamente. Tambi\u00e9n funciona con una variedad de sistemas operativos como windows\u00ae, macos\u00ae, linux\u00ae y chrome os, por lo que es compatible con varias plataformas. . Agrega tres puertos usb-a al puerto usb-c de una computadora port\u00e1til e incluye un puerto usb-c pd para carga. Usb 3.2 gen 1 (anteriormente usb 3.0) con puertos tipo a superspeed con velocidad de transferencia de 5 gbps y cargas de hasta 4.5 w (5 v\/0.9 a. Es compatible con la funci\u00f3n de usb con entrega de energ\u00eda (pd) de hasta 100 w. Hay cargadores pd externos disponibles de manhattan. Ideal para conectar mouse, teclados, memorias usb y m\u00e1s o para cargar y sincronizar dispositivos m\u00f3viles. Alimentado por bus, no se necesita fuente de alimentaci\u00f3n externa para la funci\u00f3n del hub. Ideal para pcs de escritorio, y dispositivos como ultrabooks\u0099, laptops, chromebooks\u0099, macbooks\u00ae, surface\u00ae y m\u00e1s. Compatible con la versi\u00f3n anterior de usb 2.0. Cable integrado y resistente de 15 cm. Carcasa elegante que ocupa poco espacio, ideal para colocar en el escritorio y para viajar. Dise\u00f1o port\u00e1til, compacto y ligero que entra f\u00e1cilmente en el bolsillo de tu malet\u00edn para laptop. Instalaci\u00f3n plug-and-play; compatible con windows\u00ae, macos\u00ae, linux\u00ae y chrome os\u0099. Protecci\u00f3n contra sobrecarga, sobrecorriente y sobrecalentamiento. Soporta el intercambio durante su uso<\/p>\n","protected":false},"featured_media":233630,"comment_status":"open","ping_status":"open","template":"","meta":[],"product_cat":[1485,1497],"product_tag":[1487],"acf":[],"yoast_head":"<!-- This site is optimized with the Yoast SEO plugin v21.7 - https:\/\/yoast.com\/wordpress\/plugins\/seo\/ -->\n<title>[ Manhattan ] &#129351; 168434 Hub Usb-c,,, 3 Ptos A + 1 Pto C Pd, 5gbps, Blanco<\/title>\n<meta name=\"description\" content=\"Compra 168434 Hub Usb-c,,, 3 Ptos A + 1 Pto C Pd, 5gbps, Blanco + Env\u00edo a domicilio + Pago seguro + Garant\u00eda\" \/>\n<meta name=\"robots\" content=\"index, follow, max-snippet:-1, max-image-preview:large, max-video-preview:-1\" \/>\n<link rel=\"canonical\" href=\"https:\/\/compuviper.mx\/tienda\/producto\/manhattan-168434-hub-usb-c-3-ptos-a-1-pto-c-pd-5gbps-blanco\/\" \/>\n<meta property=\"og:locale\" content=\"es_MX\" \/>\n<meta property=\"og:type\" content=\"article\" \/>\n<meta property=\"og:title\" content=\"[ Manhattan ] &#129351; 168434 Hub Usb-c,,, 3 Ptos A + 1 Pto C Pd, 5gbps, Blanco\" \/>\n<meta property=\"og:description\" content=\"Compra 168434 Hub Usb-c,,, 3 Ptos A + 1 Pto C Pd, 5gbps, Blanco + Env\u00edo a domicilio + Pago seguro + Garant\u00eda\" \/>\n<meta property=\"og:url\" content=\"https:\/\/compuviper.mx\/tienda\/producto\/manhattan-168434-hub-usb-c-3-ptos-a-1-pto-c-pd-5gbps-blanco\/\" \/>\n<meta property=\"og:site_name\" content=\"Compuviper\" \/>\n<meta property=\"article:publisher\" content=\"https:\/\/www.facebook.com\/compuviper\" \/>\n<meta property=\"og:image\" content=\"https:\/\/compuviper.mx\/tienda\/wp-content\/uploads\/2024\/05\/Hub-usb-cmanhattan168434-3-ptos-a-1-pto-c-pd-5gbps-blanco.jpg\" \/>\n\t<meta property=\"og:image:width\" content=\"200\" \/>\n\t<meta property=\"og:image:height\" content=\"200\" \/>\n\t<meta property=\"og:image:type\" content=\"image\/jpeg\" \/>\n<meta name=\"twitter:card\" content=\"summary_large_image\" \/>\n<meta name=\"twitter:label1\" content=\"Precio\" \/>\n\t<meta name=\"twitter:data1\" content=\"&#36;317 con IVA\" \/>\n\t<meta name=\"twitter:label2\" content=\"Availability\" \/>\n\t<meta name=\"twitter:data2\" content=\"In stock\" \/>\n<script type=\"application\/ld+json\" class=\"yoast-schema-graph\">{\"@context\":\"https:\/\/schema.org\",\"@graph\":[{\"@type\":\"WebPage\",\"@id\":\"https:\/\/compuviper.mx\/tienda\/producto\/manhattan-168434-hub-usb-c-3-ptos-a-1-pto-c-pd-5gbps-blanco\/\",\"url\":\"https:\/\/compuviper.mx\/tienda\/producto\/manhattan-168434-hub-usb-c-3-ptos-a-1-pto-c-pd-5gbps-blanco\/\",\"name\":\"[ Manhattan ] &#129351; 168434 Hub Usb-c,,, 3 Ptos A + 1 Pto C Pd, 5gbps, Blanco\",\"isPartOf\":{\"@id\":\"https:\/\/compuviper.mx\/tienda\/#website\"},\"datePublished\":\"2026-04-02T05:11:22+00:00\",\"dateModified\":\"2026-04-02T05:11:22+00:00\",\"description\":\"Compra 168434 Hub Usb-c,,, 3 Ptos A + 1 Pto C Pd, 5gbps, Blanco + Env\u00edo a domicilio + Pago seguro + Garant\u00eda\",\"breadcrumb\":{\"@id\":\"https:\/\/compuviper.mx\/tienda\/producto\/manhattan-168434-hub-usb-c-3-ptos-a-1-pto-c-pd-5gbps-blanco\/#breadcrumb\"},\"inLanguage\":\"es-MX\",\"potentialAction\":[{\"@type\":\"ReadAction\",\"target\":[\"https:\/\/compuviper.mx\/tienda\/producto\/manhattan-168434-hub-usb-c-3-ptos-a-1-pto-c-pd-5gbps-blanco\/\"]}]},{\"@type\":\"BreadcrumbList\",\"@id\":\"https:\/\/compuviper.mx\/tienda\/producto\/manhattan-168434-hub-usb-c-3-ptos-a-1-pto-c-pd-5gbps-blanco\/#breadcrumb\",\"itemListElement\":[{\"@type\":\"ListItem\",\"position\":1,\"name\":\"Inicio\",\"item\":\"https:\/\/compuviper.mx\/tienda\/\"},{\"@type\":\"ListItem\",\"position\":2,\"name\":\"Productos\",\"item\":\"https:\/\/compuviper.mx\/tienda\/productos\/\"},{\"@type\":\"ListItem\",\"position\":3,\"name\":\"Accesorios\",\"item\":\"https:\/\/compuviper.mx\/tienda\/categoria-producto\/accesorios\/\"},{\"@type\":\"ListItem\",\"position\":4,\"name\":\"Hub Usb\",\"item\":\"https:\/\/compuviper.mx\/tienda\/categoria-producto\/accesorios\/hub-usb\/\"},{\"@type\":\"ListItem\",\"position\":5,\"name\":\"Manhattan 168434 Hub Usb-c,,, 3 Ptos A + 1 Pto C Pd, 5gbps, Blanco\"}]},{\"@type\":\"WebSite\",\"@id\":\"https:\/\/compuviper.mx\/tienda\/#website\",\"url\":\"https:\/\/compuviper.mx\/tienda\/\",\"name\":\"Compuviper\",\"description\":\"Proveedor de Computadoras, Laptops, Servidores, Monitores, Puntos de Venta, Teclados,   Impresoras, T\u00f3ner, C\u00e1maras de Seguridad y m\u00e1s en tu tienda en l\u00ednea\",\"publisher\":{\"@id\":\"https:\/\/compuviper.mx\/tienda\/#organization\"},\"potentialAction\":[{\"@type\":\"SearchAction\",\"target\":{\"@type\":\"EntryPoint\",\"urlTemplate\":\"https:\/\/compuviper.mx\/tienda\/?s={search_term_string}\"},\"query-input\":\"required name=search_term_string\"}],\"inLanguage\":\"es-MX\"},{\"@type\":\"Organization\",\"@id\":\"https:\/\/compuviper.mx\/tienda\/#organization\",\"name\":\"Compuviper\",\"url\":\"https:\/\/compuviper.mx\/tienda\/\",\"logo\":{\"@type\":\"ImageObject\",\"inLanguage\":\"es-MX\",\"@id\":\"https:\/\/compuviper.mx\/tienda\/#\/schema\/logo\/image\/\",\"url\":\"https:\/\/compuviper.mx\/tienda\/wp-content\/uploads\/2021\/08\/Logo-Compuviper-10.png\",\"contentUrl\":\"https:\/\/compuviper.mx\/tienda\/wp-content\/uploads\/2021\/08\/Logo-Compuviper-10.png\",\"width\":1000,\"height\":500,\"caption\":\"Compuviper\"},\"image\":{\"@id\":\"https:\/\/compuviper.mx\/tienda\/#\/schema\/logo\/image\/\"},\"sameAs\":[\"https:\/\/www.facebook.com\/compuviper\",\"https:\/\/www.youtube.com\/channel\/UCf73dERp9Y3cfOq7q8BhLjA?view_as=subscriber\"]}]}<\/script>\n<meta property=\"product:brand\" content=\"MANHATTAN\" \/>\n<meta property=\"product:price:amount\" content=\"317\" \/>\n<meta property=\"product:price:currency\" content=\"MXN\" \/>\n<meta property=\"og:availability\" content=\"instock\" \/>\n<meta property=\"product:availability\" content=\"instock\" \/>\n<meta property=\"product:retailer_item_id\" content=\"168434\" \/>\n<meta property=\"product:condition\" content=\"new\" \/>\n<!-- \/ Yoast SEO plugin. -->","yoast_head_json":{"title":"[ Manhattan ] &#129351; 168434 Hub Usb-c,,, 3 Ptos A + 1 Pto C Pd, 5gbps, Blanco","description":"Compra 168434 Hub Usb-c,,, 3 Ptos A + 1 Pto C Pd, 5gbps, Blanco + Env\u00edo a domicilio + Pago seguro + Garant\u00eda","robots":{"index":"index","follow":"follow","max-snippet":"max-snippet:-1","max-image-preview":"max-image-preview:large","max-video-preview":"max-video-preview:-1"},"canonical":"https:\/\/compuviper.mx\/tienda\/producto\/manhattan-168434-hub-usb-c-3-ptos-a-1-pto-c-pd-5gbps-blanco\/","og_locale":"es_MX","og_type":"article","og_title":"[ Manhattan ] &#129351; 168434 Hub Usb-c,,, 3 Ptos A + 1 Pto C Pd, 5gbps, Blanco","og_description":"Compra 168434 Hub Usb-c,,, 3 Ptos A + 1 Pto C Pd, 5gbps, Blanco + Env\u00edo a domicilio + Pago seguro + Garant\u00eda","og_url":"https:\/\/compuviper.mx\/tienda\/producto\/manhattan-168434-hub-usb-c-3-ptos-a-1-pto-c-pd-5gbps-blanco\/","og_site_name":"Compuviper","article_publisher":"https:\/\/www.facebook.com\/compuviper","og_image":[{"width":200,"height":200,"url":"https:\/\/compuviper.mx\/tienda\/wp-content\/uploads\/2024\/05\/Hub-usb-cmanhattan168434-3-ptos-a-1-pto-c-pd-5gbps-blanco.jpg","type":"image\/jpeg"}],"twitter_card":"summary_large_image","twitter_misc":{"Precio":"&#36;317 con IVA","Availability":"In stock"},"schema":{"@context":"https:\/\/schema.org","@graph":[{"@type":"WebPage","@id":"https:\/\/compuviper.mx\/tienda\/producto\/manhattan-168434-hub-usb-c-3-ptos-a-1-pto-c-pd-5gbps-blanco\/","url":"https:\/\/compuviper.mx\/tienda\/producto\/manhattan-168434-hub-usb-c-3-ptos-a-1-pto-c-pd-5gbps-blanco\/","name":"[ Manhattan ] &#129351; 168434 Hub Usb-c,,, 3 Ptos A + 1 Pto C Pd, 5gbps, Blanco","isPartOf":{"@id":"https:\/\/compuviper.mx\/tienda\/#website"},"datePublished":"2026-04-02T05:11:22+00:00","dateModified":"2026-04-02T05:11:22+00:00","description":"Compra 168434 Hub Usb-c,,, 3 Ptos A + 1 Pto C Pd, 5gbps, Blanco + Env\u00edo a domicilio + Pago seguro + Garant\u00eda","breadcrumb":{"@id":"https:\/\/compuviper.mx\/tienda\/producto\/manhattan-168434-hub-usb-c-3-ptos-a-1-pto-c-pd-5gbps-blanco\/#breadcrumb"},"inLanguage":"es-MX","potentialAction":[{"@type":"ReadAction","target":["https:\/\/compuviper.mx\/tienda\/producto\/manhattan-168434-hub-usb-c-3-ptos-a-1-pto-c-pd-5gbps-blanco\/"]}]},{"@type":"BreadcrumbList","@id":"https:\/\/compuviper.mx\/tienda\/producto\/manhattan-168434-hub-usb-c-3-ptos-a-1-pto-c-pd-5gbps-blanco\/#breadcrumb","itemListElement":[{"@type":"ListItem","position":1,"name":"Inicio","item":"https:\/\/compuviper.mx\/tienda\/"},{"@type":"ListItem","position":2,"name":"Productos","item":"https:\/\/compuviper.mx\/tienda\/productos\/"},{"@type":"ListItem","position":3,"name":"Accesorios","item":"https:\/\/compuviper.mx\/tienda\/categoria-producto\/accesorios\/"},{"@type":"ListItem","position":4,"name":"Hub Usb","item":"https:\/\/compuviper.mx\/tienda\/categoria-producto\/accesorios\/hub-usb\/"},{"@type":"ListItem","position":5,"name":"Manhattan 168434 Hub Usb-c,,, 3 Ptos A + 1 Pto C Pd, 5gbps, Blanco"}]},{"@type":"WebSite","@id":"https:\/\/compuviper.mx\/tienda\/#website","url":"https:\/\/compuviper.mx\/tienda\/","name":"Compuviper","description":"Proveedor de Computadoras, Laptops, Servidores, Monitores, Puntos de Venta, Teclados,   Impresoras, T\u00f3ner, C\u00e1maras de Seguridad y m\u00e1s en tu tienda en l\u00ednea","publisher":{"@id":"https:\/\/compuviper.mx\/tienda\/#organization"},"potentialAction":[{"@type":"SearchAction","target":{"@type":"EntryPoint","urlTemplate":"https:\/\/compuviper.mx\/tienda\/?s={search_term_string}"},"query-input":"required name=search_term_string"}],"inLanguage":"es-MX"},{"@type":"Organization","@id":"https:\/\/compuviper.mx\/tienda\/#organization","name":"Compuviper","url":"https:\/\/compuviper.mx\/tienda\/","logo":{"@type":"ImageObject","inLanguage":"es-MX","@id":"https:\/\/compuviper.mx\/tienda\/#\/schema\/logo\/image\/","url":"https:\/\/compuviper.mx\/tienda\/wp-content\/uploads\/2021\/08\/Logo-Compuviper-10.png","contentUrl":"https:\/\/compuviper.mx\/tienda\/wp-content\/uploads\/2021\/08\/Logo-Compuviper-10.png","width":1000,"height":500,"caption":"Compuviper"},"image":{"@id":"https:\/\/compuviper.mx\/tienda\/#\/schema\/logo\/image\/"},"sameAs":["https:\/\/www.facebook.com\/compuviper","https:\/\/www.youtube.com\/channel\/UCf73dERp9Y3cfOq7q8BhLjA?view_as=subscriber"]}]},"product_brand":"MANHATTAN","product_price_amount":"317","product_price_currency":"MXN","og_availability":"instock","product_availability":"instock","product_retailer_item_id":"168434","product_condition":"new"},"_links":{"self":[{"href":"https:\/\/compuviper.mx\/tienda\/wp-json\/wp\/v2\/product\/211037"}],"collection":[{"href":"https:\/\/compuviper.mx\/tienda\/wp-json\/wp\/v2\/product"}],"about":[{"href":"https:\/\/compuviper.mx\/tienda\/wp-json\/wp\/v2\/types\/product"}],"replies":[{"embeddable":true,"href":"https:\/\/compuviper.mx\/tienda\/wp-json\/wp\/v2\/comments?post=211037"}],"wp:featuredmedia":[{"embeddable":true,"href":"https:\/\/compuviper.mx\/tienda\/wp-json\/wp\/v2\/media\/233630"}],"wp:attachment":[{"href":"https:\/\/compuviper.mx\/tienda\/wp-json\/wp\/v2\/media?parent=211037"}],"wp:term":[{"taxonomy":"product_cat","embeddable":true,"href":"https:\/\/compuviper.mx\/tienda\/wp-json\/wp\/v2\/product_cat?post=211037"},{"taxonomy":"product_tag","embeddable":true,"href":"https:\/\/compuviper.mx\/tienda\/wp-json\/wp\/v2\/product_tag?post=211037"}],"curies":[{"name":"wp","href":"https:\/\/api.w.org\/{rel}","templated":true}]}}