{"id":211036,"date":"2026-04-14T23:11:22","date_gmt":"2026-04-15T05:11:22","guid":{"rendered":"https:\/\/compuviper.mx\/tienda\/producto\/manhattan-168427-hub-usb-v2-0-3-ptos-y-v3-0-1-pto-aluminio-gris-espacial\/"},"modified":"2026-04-14T23:11:22","modified_gmt":"2026-04-15T05:11:22","slug":"manhattan-168427-hub-usb-v2-0-3-ptos-y-v3-0-1-pto-aluminio-gris-espacial","status":"publish","type":"product","link":"https:\/\/compuviper.mx\/tienda\/producto\/manhattan-168427-hub-usb-v2-0-3-ptos-y-v3-0-1-pto-aluminio-gris-espacial\/","title":{"rendered":"Manhattan 168427 Hub Usb,,, V2.0  3 Ptos Y V3.0 1 Pto, Aluminio Gris Espacial"},"content":{"rendered":"<table class=\"descripcion\">\n<tr>\n<td>Est\u00e1ndares and certificaciones:<\/td>\n<\/tr>\n<tr>\n<td>Usb 3.2 gen 1 (usb 3.0)<\/td>\n<\/tr>\n<tr>\n<td>Usb 2.0<\/td>\n<\/tr>\n<tr>\n<td>Ce<\/td>\n<\/tr>\n<tr>\n<td>Fcc<\/td>\n<\/tr>\n<tr>\n<td>Rohs<\/td>\n<\/tr>\n<tr>\n<td>Reach<\/td>\n<\/tr>\n<tr>\n<td>Ukca<\/td>\n<\/tr>\n<tr>\n<td>General:<\/td>\n<\/tr>\n<tr>\n<td>Velocidades de transferencia de datos<\/td>\n<\/tr>\n<tr>\n<td>&#8211; puerto usb 3.0 5 gbps<\/td>\n<\/tr>\n<tr>\n<td>&#8211; puerto usb 2.0 480 mbps<\/td>\n<\/tr>\n<tr>\n<td>Potencia de carga<\/td>\n<\/tr>\n<tr>\n<td>&#8211; puerto usb 3.0: 4.5 w (5.0 v \/ 0.9 a)<\/td>\n<\/tr>\n<tr>\n<td>&#8211; puerto usb 2.0 2.5 w (5.0 v \/ 0.5 a)<\/td>\n<\/tr>\n<tr>\n<td>Conexiones:<\/td>\n<\/tr>\n<tr>\n<td>Un usb-a de 9 pines, macho<\/td>\n<\/tr>\n<tr>\n<td>Un usb-a de 9 pines, hembra<\/td>\n<\/tr>\n<tr>\n<td>3 entradas usb-a de 4 pines, hembra<\/td>\n<\/tr>\n<tr>\n<td>Dise\u00f1o<\/td>\n<\/tr>\n<tr>\n<td>Dimensiones (l x w x h): 101 x 17 x 7 mm (3.98 x 0.67 x 0.28 in.)<\/td>\n<\/tr>\n<tr>\n<td>Peso neto: 25 g (0.88 oz.)<\/td>\n<\/tr>\n<tr>\n<td>Peso bruto: 65 g (2.29 oz.)<\/td>\n<\/tr>\n<tr>\n<td>Longitud del cable: 18 cm (7 pulgadas)<\/td>\n<\/tr>\n<tr>\n<td>Di\u00e1metro del cable: 28 awg<\/td>\n<\/tr>\n<tr>\n<td>Carcasa: aluminio<\/td>\n<\/tr>\n<tr>\n<td>Ambiente de operaci\u00f3n<\/td>\n<\/tr>\n<tr>\n<td>Temperatura de funcionamiento: 0 &#8211; 60\u00b0c<\/td>\n<\/tr>\n<tr>\n<td>Temperatura de almacenamiento: -10 &#8211; 90\u00b0c<\/td>\n<\/tr>\n<tr>\n<td>Humedad (sin condensaci\u00f3n): 10 &#8211; 90% hr<\/td>\n<\/tr>\n<tr>\n<td>Requisitos del sistema<\/td>\n<\/tr>\n<tr>\n<td>Windows 7\/8.1\/10\/11, linux, chrome os o macos<\/td>\n<\/tr>\n<tr>\n<td>Contenido del paquete:<\/td>\n<\/tr>\n<tr>\n<td>Hub usb combinado con 4 puertos tipo a<\/td>\n<\/tr>\n<tr>\n<td>Instrucciones<\/td>\n<\/tr>\n<\/table>\n","protected":false},"excerpt":{"rendered":"<p>Hub usb de 4 puertos con conector tipo a que aumenta la forma de conectar tus dispositivos con usb-a. El hub combinado de 4 puertos usb 3.0\/2.0 de manhattan convierte uno de los puertos usb-a de tu dispositivo en cuatro. Los dispositivos que se ajustan a la especificaci\u00f3n usb 3.2 gen 1 (anteriormente conocido como usb 3.0) pueden alcanzar velocidades de transferencia de hasta 5 gbps en un puerto para almacenamiento externo, impresi\u00f3n y m\u00e1s. Ese puerto tambi\u00e9n te permite cargar su tel\u00e9fono o tableta con una potencia de hasta 4.5 w (5 v \/ 0.9 a). Los otros tres puertos son puertos hi-speed usb 2.0 con velocidades de transferencia de hasta 480 mbps -son ideales para un mouse, teclado y otros perif\u00e9ricos- y ofrecen una potencia de hasta 2.5 w (5 v \/ 0.5 a). Todos los puertos ofrecen compatibilidad con los est\u00e1ndares usb anteriores para una mayor versatilidad con los dispositivos conectados. Conectividad que puedes llevar a todos lados. La resistente carcasa de aluminio, el tama\u00f1o compacto y la potencia del bus de este concentrador significan una mayor portabilidad para s\u00f3lo guardar en el bolsillo o mochila y partir de viaje. No tienes que preocuparse por llevar una fuente de alimentaci\u00f3n adicional, lo que convierte al hub en tu compa\u00f1ero ideal para los viajes y salidas. Simplemente descon\u00e9ctalo de tu dispositivo, desconecta tus perif\u00e9ricos y guardalo en la bolsa de tu laptop y sigue tu camino. Compatibilidad universal para una f\u00e1cil instalaci\u00f3n. Este hub universal usb 3.0\/usb 2.0 funcionar\u00e1 con una amplia gama de computadoras porque no requiere software ni controladores adicionales. Se instala autom\u00e1ticamente cuando lo conectas a tu laptop o computadora de escritorio para que pueda estar listo y funcionando r\u00e1pidamente. Tambi\u00e9n funciona con una variedad de sistemas operativos como windows\u00ae, macos\u00ae, linux y chrome os, por lo que es compatible con varias plataformas. A\u00f1ade cuatro puertos usb-a para conectar ratones, teclados, unidades flash y m\u00e1s, o para cargar y sincronizar dispositivos m\u00f3viles. Un puerto usb 3.2 gen 1 (antes usb 3.0) tipo-a con tasas de transferencia superspeed de hasta 5 gbps y carga de hasta 4.5 w (5 v \/ 0.9 a. Tres puertos usb 2.0 tipo-a con velocidades de transferencia de hasta 480 mbps y carga de hasta 2.5 w (5 v \/ 0.5 a. Recibe energ\u00eda por medio del puerto \u0096 no requiere energ\u00eda externa (alimentaci\u00f3n por bus. Ideal para pcs de sobremesa, ultrabooks\u0099, laptops, chromebooks\u0099, macbooks\u00ae, dispositivos surface\u00ae y m\u00e1s. Cable integrado y resistente de 18 cm (7 pulgadas. Elegante carcasa de aluminio que ocupa poco espacio, ideal para colocar en el escritorio y para viajar. Dise\u00f1o port\u00e1til, compacto y ligero que entra f\u00e1cilmente en el bolsillo de la funda de una laptop. Instalaci\u00f3n plug-and-play; compatible con windows\u00ae, macos\u00ae, linux\u00ae y chrome os\u0099. Soporta el intercambio en caliente<\/p>\n","protected":false},"featured_media":233629,"comment_status":"open","ping_status":"open","template":"","meta":[],"product_cat":[1485,1497],"product_tag":[1487],"acf":[],"yoast_head":"<!-- This site is optimized with the Yoast SEO plugin v21.7 - https:\/\/yoast.com\/wordpress\/plugins\/seo\/ -->\n<title>[ Manhattan ] &#129351; 168427 Hub Usb,,, V2.0 3 Ptos Y V3.0 1 Pto, Aluminio Gris Espacial<\/title>\n<meta name=\"description\" content=\"Compra 168427 Hub Usb,,, V2.0 3 Ptos Y V3.0 1 Pto, Aluminio Gris Espacial + Env\u00edo a domicilio + Pago seguro + Garant\u00eda\" \/>\n<meta name=\"robots\" content=\"index, follow, max-snippet:-1, max-image-preview:large, max-video-preview:-1\" \/>\n<link rel=\"canonical\" href=\"https:\/\/compuviper.mx\/tienda\/producto\/manhattan-168427-hub-usb-v2-0-3-ptos-y-v3-0-1-pto-aluminio-gris-espacial\/\" \/>\n<meta property=\"og:locale\" content=\"es_MX\" \/>\n<meta property=\"og:type\" content=\"article\" \/>\n<meta property=\"og:title\" content=\"[ Manhattan ] &#129351; 168427 Hub Usb,,, V2.0 3 Ptos Y V3.0 1 Pto, Aluminio Gris Espacial\" \/>\n<meta property=\"og:description\" content=\"Compra 168427 Hub Usb,,, V2.0 3 Ptos Y V3.0 1 Pto, Aluminio Gris Espacial + Env\u00edo a domicilio + Pago seguro + Garant\u00eda\" \/>\n<meta property=\"og:url\" content=\"https:\/\/compuviper.mx\/tienda\/producto\/manhattan-168427-hub-usb-v2-0-3-ptos-y-v3-0-1-pto-aluminio-gris-espacial\/\" \/>\n<meta property=\"og:site_name\" content=\"Compuviper\" \/>\n<meta property=\"article:publisher\" content=\"https:\/\/www.facebook.com\/compuviper\" \/>\n<meta property=\"og:image\" content=\"https:\/\/compuviper.mx\/tienda\/wp-content\/uploads\/2024\/05\/Hub-usbmanhattan168427-v2.0-3-ptos-y-v3.0-1-pto-aluminio-gris-espacial.jpg\" \/>\n\t<meta property=\"og:image:width\" content=\"200\" \/>\n\t<meta property=\"og:image:height\" content=\"200\" \/>\n\t<meta property=\"og:image:type\" content=\"image\/jpeg\" \/>\n<meta name=\"twitter:card\" content=\"summary_large_image\" \/>\n<meta name=\"twitter:label1\" content=\"Precio\" \/>\n\t<meta name=\"twitter:data1\" content=\"&#36;191 con IVA\" \/>\n\t<meta name=\"twitter:label2\" content=\"Availability\" \/>\n\t<meta name=\"twitter:data2\" content=\"In stock\" \/>\n<script type=\"application\/ld+json\" class=\"yoast-schema-graph\">{\"@context\":\"https:\/\/schema.org\",\"@graph\":[{\"@type\":\"WebPage\",\"@id\":\"https:\/\/compuviper.mx\/tienda\/producto\/manhattan-168427-hub-usb-v2-0-3-ptos-y-v3-0-1-pto-aluminio-gris-espacial\/\",\"url\":\"https:\/\/compuviper.mx\/tienda\/producto\/manhattan-168427-hub-usb-v2-0-3-ptos-y-v3-0-1-pto-aluminio-gris-espacial\/\",\"name\":\"[ Manhattan ] &#129351; 168427 Hub Usb,,, V2.0 3 Ptos Y V3.0 1 Pto, Aluminio Gris Espacial\",\"isPartOf\":{\"@id\":\"https:\/\/compuviper.mx\/tienda\/#website\"},\"datePublished\":\"2026-04-15T05:11:22+00:00\",\"dateModified\":\"2026-04-15T05:11:22+00:00\",\"description\":\"Compra 168427 Hub Usb,,, V2.0 3 Ptos Y V3.0 1 Pto, Aluminio Gris Espacial + Env\u00edo a domicilio + Pago seguro + Garant\u00eda\",\"breadcrumb\":{\"@id\":\"https:\/\/compuviper.mx\/tienda\/producto\/manhattan-168427-hub-usb-v2-0-3-ptos-y-v3-0-1-pto-aluminio-gris-espacial\/#breadcrumb\"},\"inLanguage\":\"es-MX\",\"potentialAction\":[{\"@type\":\"ReadAction\",\"target\":[\"https:\/\/compuviper.mx\/tienda\/producto\/manhattan-168427-hub-usb-v2-0-3-ptos-y-v3-0-1-pto-aluminio-gris-espacial\/\"]}]},{\"@type\":\"BreadcrumbList\",\"@id\":\"https:\/\/compuviper.mx\/tienda\/producto\/manhattan-168427-hub-usb-v2-0-3-ptos-y-v3-0-1-pto-aluminio-gris-espacial\/#breadcrumb\",\"itemListElement\":[{\"@type\":\"ListItem\",\"position\":1,\"name\":\"Inicio\",\"item\":\"https:\/\/compuviper.mx\/tienda\/\"},{\"@type\":\"ListItem\",\"position\":2,\"name\":\"Productos\",\"item\":\"https:\/\/compuviper.mx\/tienda\/productos\/\"},{\"@type\":\"ListItem\",\"position\":3,\"name\":\"Accesorios\",\"item\":\"https:\/\/compuviper.mx\/tienda\/categoria-producto\/accesorios\/\"},{\"@type\":\"ListItem\",\"position\":4,\"name\":\"Hub Usb\",\"item\":\"https:\/\/compuviper.mx\/tienda\/categoria-producto\/accesorios\/hub-usb\/\"},{\"@type\":\"ListItem\",\"position\":5,\"name\":\"Manhattan 168427 Hub Usb,,, V2.0 3 Ptos Y V3.0 1 Pto, Aluminio Gris Espacial\"}]},{\"@type\":\"WebSite\",\"@id\":\"https:\/\/compuviper.mx\/tienda\/#website\",\"url\":\"https:\/\/compuviper.mx\/tienda\/\",\"name\":\"Compuviper\",\"description\":\"Proveedor de Computadoras, Laptops, Servidores, Monitores, Puntos de Venta, Teclados,   Impresoras, T\u00f3ner, C\u00e1maras de Seguridad y m\u00e1s en tu tienda en l\u00ednea\",\"publisher\":{\"@id\":\"https:\/\/compuviper.mx\/tienda\/#organization\"},\"potentialAction\":[{\"@type\":\"SearchAction\",\"target\":{\"@type\":\"EntryPoint\",\"urlTemplate\":\"https:\/\/compuviper.mx\/tienda\/?s={search_term_string}\"},\"query-input\":\"required name=search_term_string\"}],\"inLanguage\":\"es-MX\"},{\"@type\":\"Organization\",\"@id\":\"https:\/\/compuviper.mx\/tienda\/#organization\",\"name\":\"Compuviper\",\"url\":\"https:\/\/compuviper.mx\/tienda\/\",\"logo\":{\"@type\":\"ImageObject\",\"inLanguage\":\"es-MX\",\"@id\":\"https:\/\/compuviper.mx\/tienda\/#\/schema\/logo\/image\/\",\"url\":\"https:\/\/compuviper.mx\/tienda\/wp-content\/uploads\/2021\/08\/Logo-Compuviper-10.png\",\"contentUrl\":\"https:\/\/compuviper.mx\/tienda\/wp-content\/uploads\/2021\/08\/Logo-Compuviper-10.png\",\"width\":1000,\"height\":500,\"caption\":\"Compuviper\"},\"image\":{\"@id\":\"https:\/\/compuviper.mx\/tienda\/#\/schema\/logo\/image\/\"},\"sameAs\":[\"https:\/\/www.facebook.com\/compuviper\",\"https:\/\/www.youtube.com\/channel\/UCf73dERp9Y3cfOq7q8BhLjA?view_as=subscriber\"]}]}<\/script>\n<meta property=\"product:brand\" content=\"MANHATTAN\" \/>\n<meta property=\"product:price:amount\" content=\"191\" \/>\n<meta property=\"product:price:currency\" content=\"MXN\" \/>\n<meta property=\"og:availability\" content=\"instock\" \/>\n<meta property=\"product:availability\" content=\"instock\" \/>\n<meta property=\"product:retailer_item_id\" content=\"168427\" \/>\n<meta property=\"product:condition\" content=\"new\" \/>\n<!-- \/ Yoast SEO plugin. -->","yoast_head_json":{"title":"[ Manhattan ] &#129351; 168427 Hub Usb,,, V2.0 3 Ptos Y V3.0 1 Pto, Aluminio Gris Espacial","description":"Compra 168427 Hub Usb,,, V2.0 3 Ptos Y V3.0 1 Pto, Aluminio Gris Espacial + Env\u00edo a domicilio + Pago seguro + Garant\u00eda","robots":{"index":"index","follow":"follow","max-snippet":"max-snippet:-1","max-image-preview":"max-image-preview:large","max-video-preview":"max-video-preview:-1"},"canonical":"https:\/\/compuviper.mx\/tienda\/producto\/manhattan-168427-hub-usb-v2-0-3-ptos-y-v3-0-1-pto-aluminio-gris-espacial\/","og_locale":"es_MX","og_type":"article","og_title":"[ Manhattan ] &#129351; 168427 Hub Usb,,, V2.0 3 Ptos Y V3.0 1 Pto, Aluminio Gris Espacial","og_description":"Compra 168427 Hub Usb,,, V2.0 3 Ptos Y V3.0 1 Pto, Aluminio Gris Espacial + Env\u00edo a domicilio + Pago seguro + Garant\u00eda","og_url":"https:\/\/compuviper.mx\/tienda\/producto\/manhattan-168427-hub-usb-v2-0-3-ptos-y-v3-0-1-pto-aluminio-gris-espacial\/","og_site_name":"Compuviper","article_publisher":"https:\/\/www.facebook.com\/compuviper","og_image":[{"width":200,"height":200,"url":"https:\/\/compuviper.mx\/tienda\/wp-content\/uploads\/2024\/05\/Hub-usbmanhattan168427-v2.0-3-ptos-y-v3.0-1-pto-aluminio-gris-espacial.jpg","type":"image\/jpeg"}],"twitter_card":"summary_large_image","twitter_misc":{"Precio":"&#36;191 con IVA","Availability":"In stock"},"schema":{"@context":"https:\/\/schema.org","@graph":[{"@type":"WebPage","@id":"https:\/\/compuviper.mx\/tienda\/producto\/manhattan-168427-hub-usb-v2-0-3-ptos-y-v3-0-1-pto-aluminio-gris-espacial\/","url":"https:\/\/compuviper.mx\/tienda\/producto\/manhattan-168427-hub-usb-v2-0-3-ptos-y-v3-0-1-pto-aluminio-gris-espacial\/","name":"[ Manhattan ] &#129351; 168427 Hub Usb,,, V2.0 3 Ptos Y V3.0 1 Pto, Aluminio Gris Espacial","isPartOf":{"@id":"https:\/\/compuviper.mx\/tienda\/#website"},"datePublished":"2026-04-15T05:11:22+00:00","dateModified":"2026-04-15T05:11:22+00:00","description":"Compra 168427 Hub Usb,,, V2.0 3 Ptos Y V3.0 1 Pto, Aluminio Gris Espacial + Env\u00edo a domicilio + Pago seguro + Garant\u00eda","breadcrumb":{"@id":"https:\/\/compuviper.mx\/tienda\/producto\/manhattan-168427-hub-usb-v2-0-3-ptos-y-v3-0-1-pto-aluminio-gris-espacial\/#breadcrumb"},"inLanguage":"es-MX","potentialAction":[{"@type":"ReadAction","target":["https:\/\/compuviper.mx\/tienda\/producto\/manhattan-168427-hub-usb-v2-0-3-ptos-y-v3-0-1-pto-aluminio-gris-espacial\/"]}]},{"@type":"BreadcrumbList","@id":"https:\/\/compuviper.mx\/tienda\/producto\/manhattan-168427-hub-usb-v2-0-3-ptos-y-v3-0-1-pto-aluminio-gris-espacial\/#breadcrumb","itemListElement":[{"@type":"ListItem","position":1,"name":"Inicio","item":"https:\/\/compuviper.mx\/tienda\/"},{"@type":"ListItem","position":2,"name":"Productos","item":"https:\/\/compuviper.mx\/tienda\/productos\/"},{"@type":"ListItem","position":3,"name":"Accesorios","item":"https:\/\/compuviper.mx\/tienda\/categoria-producto\/accesorios\/"},{"@type":"ListItem","position":4,"name":"Hub Usb","item":"https:\/\/compuviper.mx\/tienda\/categoria-producto\/accesorios\/hub-usb\/"},{"@type":"ListItem","position":5,"name":"Manhattan 168427 Hub Usb,,, V2.0 3 Ptos Y V3.0 1 Pto, Aluminio Gris Espacial"}]},{"@type":"WebSite","@id":"https:\/\/compuviper.mx\/tienda\/#website","url":"https:\/\/compuviper.mx\/tienda\/","name":"Compuviper","description":"Proveedor de Computadoras, Laptops, Servidores, Monitores, Puntos de Venta, Teclados,   Impresoras, T\u00f3ner, C\u00e1maras de Seguridad y m\u00e1s en tu tienda en l\u00ednea","publisher":{"@id":"https:\/\/compuviper.mx\/tienda\/#organization"},"potentialAction":[{"@type":"SearchAction","target":{"@type":"EntryPoint","urlTemplate":"https:\/\/compuviper.mx\/tienda\/?s={search_term_string}"},"query-input":"required name=search_term_string"}],"inLanguage":"es-MX"},{"@type":"Organization","@id":"https:\/\/compuviper.mx\/tienda\/#organization","name":"Compuviper","url":"https:\/\/compuviper.mx\/tienda\/","logo":{"@type":"ImageObject","inLanguage":"es-MX","@id":"https:\/\/compuviper.mx\/tienda\/#\/schema\/logo\/image\/","url":"https:\/\/compuviper.mx\/tienda\/wp-content\/uploads\/2021\/08\/Logo-Compuviper-10.png","contentUrl":"https:\/\/compuviper.mx\/tienda\/wp-content\/uploads\/2021\/08\/Logo-Compuviper-10.png","width":1000,"height":500,"caption":"Compuviper"},"image":{"@id":"https:\/\/compuviper.mx\/tienda\/#\/schema\/logo\/image\/"},"sameAs":["https:\/\/www.facebook.com\/compuviper","https:\/\/www.youtube.com\/channel\/UCf73dERp9Y3cfOq7q8BhLjA?view_as=subscriber"]}]},"product_brand":"MANHATTAN","product_price_amount":"191","product_price_currency":"MXN","og_availability":"instock","product_availability":"instock","product_retailer_item_id":"168427","product_condition":"new"},"_links":{"self":[{"href":"https:\/\/compuviper.mx\/tienda\/wp-json\/wp\/v2\/product\/211036"}],"collection":[{"href":"https:\/\/compuviper.mx\/tienda\/wp-json\/wp\/v2\/product"}],"about":[{"href":"https:\/\/compuviper.mx\/tienda\/wp-json\/wp\/v2\/types\/product"}],"replies":[{"embeddable":true,"href":"https:\/\/compuviper.mx\/tienda\/wp-json\/wp\/v2\/comments?post=211036"}],"wp:featuredmedia":[{"embeddable":true,"href":"https:\/\/compuviper.mx\/tienda\/wp-json\/wp\/v2\/media\/233629"}],"wp:attachment":[{"href":"https:\/\/compuviper.mx\/tienda\/wp-json\/wp\/v2\/media?parent=211036"}],"wp:term":[{"taxonomy":"product_cat","embeddable":true,"href":"https:\/\/compuviper.mx\/tienda\/wp-json\/wp\/v2\/product_cat?post=211036"},{"taxonomy":"product_tag","embeddable":true,"href":"https:\/\/compuviper.mx\/tienda\/wp-json\/wp\/v2\/product_tag?post=211036"}],"curies":[{"name":"wp","href":"https:\/\/api.w.org\/{rel}","templated":true}]}}