{"id":211002,"date":"2026-04-01T23:11:14","date_gmt":"2026-04-02T05:11:14","guid":{"rendered":"https:\/\/compuviper.mx\/tienda\/producto\/hikvision-ds-kd-kk-modulo-de-botones-para-videoportero-modular-llamada-de-un-solo-toque-soporta-hasta-6-monitores-principales\/"},"modified":"2026-04-01T23:11:15","modified_gmt":"2026-04-02T05:11:15","slug":"hikvision-ds-kd-kk-modulo-de-botones-para-videoportero-modular-llamada-de-un-solo-toque-soporta-hasta-6-monitores-principales","status":"publish","type":"product","link":"https:\/\/compuviper.mx\/tienda\/producto\/hikvision-ds-kd-kk-modulo-de-botones-para-videoportero-modular-llamada-de-un-solo-toque-soporta-hasta-6-monitores-principales\/","title":{"rendered":"Hikvision Ds-kd-kk Modulo De Botones   Para Videoportero Modular \/ Llamada De Un Solo Toque \/ Soporta Hasta 6 Monitores Principales"},"content":{"rendered":"<table class=\"descripcion\">\n<tr>\n<td>Caracteristicas del frente de calle multiapartamento ds-kd-kk:<\/td>\n<\/tr>\n<tr>\n<td>Funcion de tv portero.<\/td>\n<\/tr>\n<tr>\n<td>6 botones f\u00edsicos para llamar a 6 monitores principales.<\/td>\n<\/tr>\n<tr>\n<td>Compatible con montaje empotrado o en superficie.<\/td>\n<\/tr>\n<tr>\n<td>Configurable mediante ivms4200.<\/td>\n<\/tr>\n<tr>\n<td>Garantia: 2 a\u00f1os<\/td>\n<\/tr>\n<tr>\n<td>Caracteristicas fisicas y electricas:<\/td>\n<\/tr>\n<tr>\n<td>Alimentacion mediante el modulo ds-kd8003-ime1<\/td>\n<\/tr>\n<tr>\n<td>Consumo electrico: 2 w<\/td>\n<\/tr>\n<tr>\n<td>Nivel de proteccion: ip65<\/td>\n<\/tr>\n<tr>\n<td>Material: plastico.<\/td>\n<\/tr>\n<tr>\n<td>Temperatura de operacion:-40\u00b0 c to +60\u00b0 c (-40\u00b0 f to 140\u00b0 f)<\/td>\n<\/tr>\n<tr>\n<td>Dimensiones: 98.21 mm \u00d7 100.21 mm \u00d7 33.7 mm (3.87 \u00d7 3.95 \u00d7 1.33)<\/td>\n<\/tr>\n<\/table>\n","protected":false},"excerpt":{"rendered":"<p>Caracteristicas destacadas. Modulo para llamar al residente con un solo toque al boton. Se conecta en cascada para alimentacion y\/o datos al modulo principal ds-kd8003-ime1 o a cualquier submodulo adicional ds-kd-kk, ds-kd-kp, ds-kd-bk, dskdin, dskde. Compatible con monitores: ds-kh6320-wte1, ds-kh8350-wte1, ds-kh8520-wte1, ds-kh6320-te1.<\/p>\n","protected":false},"featured_media":241868,"comment_status":"open","ping_status":"open","template":"","meta":[],"product_cat":[2200,1540],"product_tag":[1595],"acf":[],"yoast_head":"<!-- This site is optimized with the Yoast SEO plugin v21.7 - https:\/\/yoast.com\/wordpress\/plugins\/seo\/ -->\n<title>[ Hikvision ] &#129351; Ds-kd-kk Modulo De Botones Para Videoportero Modular \/ Llamada De Un Solo Toque \/ Soporta Hasta 6 Monitores Principales<\/title>\n<meta name=\"description\" content=\"Compra Ds-kd-kk Modulo De Botones Para Videoportero Modular \/ Llamada De Un Solo Toque \/ Soporta Hasta 6 Monitores Principales + Env\u00edo a domicilio + Pago seguro + Garant\u00eda\" \/>\n<meta name=\"robots\" content=\"index, follow, max-snippet:-1, max-image-preview:large, max-video-preview:-1\" \/>\n<link rel=\"canonical\" href=\"https:\/\/compuviper.mx\/tienda\/producto\/hikvision-ds-kd-kk-modulo-de-botones-para-videoportero-modular-llamada-de-un-solo-toque-soporta-hasta-6-monitores-principales\/\" \/>\n<meta property=\"og:locale\" content=\"es_MX\" \/>\n<meta property=\"og:type\" content=\"article\" \/>\n<meta property=\"og:title\" content=\"[ Hikvision ] &#129351; Ds-kd-kk Modulo De Botones Para Videoportero Modular \/ Llamada De Un Solo Toque \/ Soporta Hasta 6 Monitores Principales\" \/>\n<meta property=\"og:description\" content=\"Compra Ds-kd-kk Modulo De Botones Para Videoportero Modular \/ Llamada De Un Solo Toque \/ Soporta Hasta 6 Monitores Principales + Env\u00edo a domicilio + Pago seguro + Garant\u00eda\" \/>\n<meta property=\"og:url\" content=\"https:\/\/compuviper.mx\/tienda\/producto\/hikvision-ds-kd-kk-modulo-de-botones-para-videoportero-modular-llamada-de-un-solo-toque-soporta-hasta-6-monitores-principales\/\" \/>\n<meta property=\"og:site_name\" content=\"Compuviper\" \/>\n<meta property=\"article:publisher\" content=\"https:\/\/www.facebook.com\/compuviper\" \/>\n<meta property=\"article:modified_time\" content=\"2026-04-02T05:11:15+00:00\" \/>\n<meta property=\"og:image\" content=\"https:\/\/compuviper.mx\/tienda\/wp-content\/uploads\/2024\/09\/Modulo-de-botones-hikvision-ds-kd-kk-para-videoportero-modular-llamada-de-un-solo-toque-soporta-hasta-6-monitores-principales.jpg\" \/>\n\t<meta property=\"og:image:width\" content=\"200\" \/>\n\t<meta property=\"og:image:height\" content=\"200\" \/>\n\t<meta property=\"og:image:type\" content=\"image\/jpeg\" \/>\n<meta name=\"twitter:card\" content=\"summary_large_image\" \/>\n<meta name=\"twitter:label1\" content=\"Precio\" \/>\n\t<meta name=\"twitter:data1\" content=\"&#36;837 con IVA\" \/>\n\t<meta name=\"twitter:label2\" content=\"Availability\" \/>\n\t<meta name=\"twitter:data2\" content=\"On backorder\" \/>\n<script type=\"application\/ld+json\" class=\"yoast-schema-graph\">{\"@context\":\"https:\/\/schema.org\",\"@graph\":[{\"@type\":\"WebPage\",\"@id\":\"https:\/\/compuviper.mx\/tienda\/producto\/hikvision-ds-kd-kk-modulo-de-botones-para-videoportero-modular-llamada-de-un-solo-toque-soporta-hasta-6-monitores-principales\/\",\"url\":\"https:\/\/compuviper.mx\/tienda\/producto\/hikvision-ds-kd-kk-modulo-de-botones-para-videoportero-modular-llamada-de-un-solo-toque-soporta-hasta-6-monitores-principales\/\",\"name\":\"[ Hikvision ] &#129351; Ds-kd-kk Modulo De Botones Para Videoportero Modular \/ Llamada De Un Solo Toque \/ Soporta Hasta 6 Monitores Principales\",\"isPartOf\":{\"@id\":\"https:\/\/compuviper.mx\/tienda\/#website\"},\"datePublished\":\"2026-04-02T05:11:14+00:00\",\"dateModified\":\"2026-04-02T05:11:15+00:00\",\"description\":\"Compra Ds-kd-kk Modulo De Botones Para Videoportero Modular \/ Llamada De Un Solo Toque \/ Soporta Hasta 6 Monitores Principales + Env\u00edo a domicilio + Pago seguro + Garant\u00eda\",\"breadcrumb\":{\"@id\":\"https:\/\/compuviper.mx\/tienda\/producto\/hikvision-ds-kd-kk-modulo-de-botones-para-videoportero-modular-llamada-de-un-solo-toque-soporta-hasta-6-monitores-principales\/#breadcrumb\"},\"inLanguage\":\"es-MX\",\"potentialAction\":[{\"@type\":\"ReadAction\",\"target\":[\"https:\/\/compuviper.mx\/tienda\/producto\/hikvision-ds-kd-kk-modulo-de-botones-para-videoportero-modular-llamada-de-un-solo-toque-soporta-hasta-6-monitores-principales\/\"]}]},{\"@type\":\"BreadcrumbList\",\"@id\":\"https:\/\/compuviper.mx\/tienda\/producto\/hikvision-ds-kd-kk-modulo-de-botones-para-videoportero-modular-llamada-de-un-solo-toque-soporta-hasta-6-monitores-principales\/#breadcrumb\",\"itemListElement\":[{\"@type\":\"ListItem\",\"position\":1,\"name\":\"Inicio\",\"item\":\"https:\/\/compuviper.mx\/tienda\/\"},{\"@type\":\"ListItem\",\"position\":2,\"name\":\"Productos\",\"item\":\"https:\/\/compuviper.mx\/tienda\/productos\/\"},{\"@type\":\"ListItem\",\"position\":3,\"name\":\"Control De Acceso Y Asistencia\",\"item\":\"https:\/\/compuviper.mx\/tienda\/categoria-producto\/control-de-acceso-y-asistencia\/\"},{\"@type\":\"ListItem\",\"position\":4,\"name\":\"Accesorios Para Videopportero\",\"item\":\"https:\/\/compuviper.mx\/tienda\/categoria-producto\/control-de-acceso-y-asistencia\/accesorios-para-videopportero\/\"},{\"@type\":\"ListItem\",\"position\":5,\"name\":\"Hikvision Ds-kd-kk Modulo De Botones Para Videoportero Modular \/ Llamada De Un Solo Toque \/ Soporta Hasta 6 Monitores Principales\"}]},{\"@type\":\"WebSite\",\"@id\":\"https:\/\/compuviper.mx\/tienda\/#website\",\"url\":\"https:\/\/compuviper.mx\/tienda\/\",\"name\":\"Compuviper\",\"description\":\"Proveedor de Computadoras, Laptops, Servidores, Monitores, Puntos de Venta, Teclados,   Impresoras, T\u00f3ner, C\u00e1maras de Seguridad y m\u00e1s en tu tienda en l\u00ednea\",\"publisher\":{\"@id\":\"https:\/\/compuviper.mx\/tienda\/#organization\"},\"potentialAction\":[{\"@type\":\"SearchAction\",\"target\":{\"@type\":\"EntryPoint\",\"urlTemplate\":\"https:\/\/compuviper.mx\/tienda\/?s={search_term_string}\"},\"query-input\":\"required name=search_term_string\"}],\"inLanguage\":\"es-MX\"},{\"@type\":\"Organization\",\"@id\":\"https:\/\/compuviper.mx\/tienda\/#organization\",\"name\":\"Compuviper\",\"url\":\"https:\/\/compuviper.mx\/tienda\/\",\"logo\":{\"@type\":\"ImageObject\",\"inLanguage\":\"es-MX\",\"@id\":\"https:\/\/compuviper.mx\/tienda\/#\/schema\/logo\/image\/\",\"url\":\"https:\/\/compuviper.mx\/tienda\/wp-content\/uploads\/2021\/08\/Logo-Compuviper-10.png\",\"contentUrl\":\"https:\/\/compuviper.mx\/tienda\/wp-content\/uploads\/2021\/08\/Logo-Compuviper-10.png\",\"width\":1000,\"height\":500,\"caption\":\"Compuviper\"},\"image\":{\"@id\":\"https:\/\/compuviper.mx\/tienda\/#\/schema\/logo\/image\/\"},\"sameAs\":[\"https:\/\/www.facebook.com\/compuviper\",\"https:\/\/www.youtube.com\/channel\/UCf73dERp9Y3cfOq7q8BhLjA?view_as=subscriber\"]}]}<\/script>\n<meta property=\"product:brand\" content=\"HIKVISION\" \/>\n<meta property=\"product:price:amount\" content=\"837\" \/>\n<meta property=\"product:price:currency\" content=\"MXN\" \/>\n<meta property=\"og:availability\" content=\"backorder\" \/>\n<meta property=\"product:availability\" content=\"available for order\" \/>\n<meta property=\"product:retailer_item_id\" content=\"DS-KD-KK\" \/>\n<meta property=\"product:condition\" content=\"new\" \/>\n<!-- \/ Yoast SEO plugin. -->","yoast_head_json":{"title":"[ Hikvision ] &#129351; Ds-kd-kk Modulo De Botones Para Videoportero Modular \/ Llamada De Un Solo Toque \/ Soporta Hasta 6 Monitores Principales","description":"Compra Ds-kd-kk Modulo De Botones Para Videoportero Modular \/ Llamada De Un Solo Toque \/ Soporta Hasta 6 Monitores Principales + Env\u00edo a domicilio + Pago seguro + Garant\u00eda","robots":{"index":"index","follow":"follow","max-snippet":"max-snippet:-1","max-image-preview":"max-image-preview:large","max-video-preview":"max-video-preview:-1"},"canonical":"https:\/\/compuviper.mx\/tienda\/producto\/hikvision-ds-kd-kk-modulo-de-botones-para-videoportero-modular-llamada-de-un-solo-toque-soporta-hasta-6-monitores-principales\/","og_locale":"es_MX","og_type":"article","og_title":"[ Hikvision ] &#129351; Ds-kd-kk Modulo De Botones Para Videoportero Modular \/ Llamada De Un Solo Toque \/ Soporta Hasta 6 Monitores Principales","og_description":"Compra Ds-kd-kk Modulo De Botones Para Videoportero Modular \/ Llamada De Un Solo Toque \/ Soporta Hasta 6 Monitores Principales + Env\u00edo a domicilio + Pago seguro + Garant\u00eda","og_url":"https:\/\/compuviper.mx\/tienda\/producto\/hikvision-ds-kd-kk-modulo-de-botones-para-videoportero-modular-llamada-de-un-solo-toque-soporta-hasta-6-monitores-principales\/","og_site_name":"Compuviper","article_publisher":"https:\/\/www.facebook.com\/compuviper","article_modified_time":"2026-04-02T05:11:15+00:00","og_image":[{"width":200,"height":200,"url":"https:\/\/compuviper.mx\/tienda\/wp-content\/uploads\/2024\/09\/Modulo-de-botones-hikvision-ds-kd-kk-para-videoportero-modular-llamada-de-un-solo-toque-soporta-hasta-6-monitores-principales.jpg","type":"image\/jpeg"}],"twitter_card":"summary_large_image","twitter_misc":{"Precio":"&#36;837 con IVA","Availability":"On backorder"},"schema":{"@context":"https:\/\/schema.org","@graph":[{"@type":"WebPage","@id":"https:\/\/compuviper.mx\/tienda\/producto\/hikvision-ds-kd-kk-modulo-de-botones-para-videoportero-modular-llamada-de-un-solo-toque-soporta-hasta-6-monitores-principales\/","url":"https:\/\/compuviper.mx\/tienda\/producto\/hikvision-ds-kd-kk-modulo-de-botones-para-videoportero-modular-llamada-de-un-solo-toque-soporta-hasta-6-monitores-principales\/","name":"[ Hikvision ] &#129351; Ds-kd-kk Modulo De Botones Para Videoportero Modular \/ Llamada De Un Solo Toque \/ Soporta Hasta 6 Monitores Principales","isPartOf":{"@id":"https:\/\/compuviper.mx\/tienda\/#website"},"datePublished":"2026-04-02T05:11:14+00:00","dateModified":"2026-04-02T05:11:15+00:00","description":"Compra Ds-kd-kk Modulo De Botones Para Videoportero Modular \/ Llamada De Un Solo Toque \/ Soporta Hasta 6 Monitores Principales + Env\u00edo a domicilio + Pago seguro + Garant\u00eda","breadcrumb":{"@id":"https:\/\/compuviper.mx\/tienda\/producto\/hikvision-ds-kd-kk-modulo-de-botones-para-videoportero-modular-llamada-de-un-solo-toque-soporta-hasta-6-monitores-principales\/#breadcrumb"},"inLanguage":"es-MX","potentialAction":[{"@type":"ReadAction","target":["https:\/\/compuviper.mx\/tienda\/producto\/hikvision-ds-kd-kk-modulo-de-botones-para-videoportero-modular-llamada-de-un-solo-toque-soporta-hasta-6-monitores-principales\/"]}]},{"@type":"BreadcrumbList","@id":"https:\/\/compuviper.mx\/tienda\/producto\/hikvision-ds-kd-kk-modulo-de-botones-para-videoportero-modular-llamada-de-un-solo-toque-soporta-hasta-6-monitores-principales\/#breadcrumb","itemListElement":[{"@type":"ListItem","position":1,"name":"Inicio","item":"https:\/\/compuviper.mx\/tienda\/"},{"@type":"ListItem","position":2,"name":"Productos","item":"https:\/\/compuviper.mx\/tienda\/productos\/"},{"@type":"ListItem","position":3,"name":"Control De Acceso Y Asistencia","item":"https:\/\/compuviper.mx\/tienda\/categoria-producto\/control-de-acceso-y-asistencia\/"},{"@type":"ListItem","position":4,"name":"Accesorios Para Videopportero","item":"https:\/\/compuviper.mx\/tienda\/categoria-producto\/control-de-acceso-y-asistencia\/accesorios-para-videopportero\/"},{"@type":"ListItem","position":5,"name":"Hikvision Ds-kd-kk Modulo De Botones Para Videoportero Modular \/ Llamada De Un Solo Toque \/ Soporta Hasta 6 Monitores Principales"}]},{"@type":"WebSite","@id":"https:\/\/compuviper.mx\/tienda\/#website","url":"https:\/\/compuviper.mx\/tienda\/","name":"Compuviper","description":"Proveedor de Computadoras, Laptops, Servidores, Monitores, Puntos de Venta, Teclados,   Impresoras, T\u00f3ner, C\u00e1maras de Seguridad y m\u00e1s en tu tienda en l\u00ednea","publisher":{"@id":"https:\/\/compuviper.mx\/tienda\/#organization"},"potentialAction":[{"@type":"SearchAction","target":{"@type":"EntryPoint","urlTemplate":"https:\/\/compuviper.mx\/tienda\/?s={search_term_string}"},"query-input":"required name=search_term_string"}],"inLanguage":"es-MX"},{"@type":"Organization","@id":"https:\/\/compuviper.mx\/tienda\/#organization","name":"Compuviper","url":"https:\/\/compuviper.mx\/tienda\/","logo":{"@type":"ImageObject","inLanguage":"es-MX","@id":"https:\/\/compuviper.mx\/tienda\/#\/schema\/logo\/image\/","url":"https:\/\/compuviper.mx\/tienda\/wp-content\/uploads\/2021\/08\/Logo-Compuviper-10.png","contentUrl":"https:\/\/compuviper.mx\/tienda\/wp-content\/uploads\/2021\/08\/Logo-Compuviper-10.png","width":1000,"height":500,"caption":"Compuviper"},"image":{"@id":"https:\/\/compuviper.mx\/tienda\/#\/schema\/logo\/image\/"},"sameAs":["https:\/\/www.facebook.com\/compuviper","https:\/\/www.youtube.com\/channel\/UCf73dERp9Y3cfOq7q8BhLjA?view_as=subscriber"]}]},"product_brand":"HIKVISION","product_price_amount":"837","product_price_currency":"MXN","og_availability":"backorder","product_availability":"available for order","product_retailer_item_id":"DS-KD-KK","product_condition":"new"},"_links":{"self":[{"href":"https:\/\/compuviper.mx\/tienda\/wp-json\/wp\/v2\/product\/211002"}],"collection":[{"href":"https:\/\/compuviper.mx\/tienda\/wp-json\/wp\/v2\/product"}],"about":[{"href":"https:\/\/compuviper.mx\/tienda\/wp-json\/wp\/v2\/types\/product"}],"replies":[{"embeddable":true,"href":"https:\/\/compuviper.mx\/tienda\/wp-json\/wp\/v2\/comments?post=211002"}],"wp:featuredmedia":[{"embeddable":true,"href":"https:\/\/compuviper.mx\/tienda\/wp-json\/wp\/v2\/media\/241868"}],"wp:attachment":[{"href":"https:\/\/compuviper.mx\/tienda\/wp-json\/wp\/v2\/media?parent=211002"}],"wp:term":[{"taxonomy":"product_cat","embeddable":true,"href":"https:\/\/compuviper.mx\/tienda\/wp-json\/wp\/v2\/product_cat?post=211002"},{"taxonomy":"product_tag","embeddable":true,"href":"https:\/\/compuviper.mx\/tienda\/wp-json\/wp\/v2\/product_tag?post=211002"}],"curies":[{"name":"wp","href":"https:\/\/api.w.org\/{rel}","templated":true}]}}