{"id":211000,"date":"2026-04-15T23:10:08","date_gmt":"2026-04-16T05:10:08","guid":{"rendered":"https:\/\/compuviper.mx\/tienda\/producto\/hikvision-ds-kd8003-ime1b-frente-de-calle-ip-2-megapixeles-para-videoportero-modular-poe-angulo-146-ultra-baja-iluminacin-exterior-ip65-wdr-120-db\/"},"modified":"2026-04-15T23:10:08","modified_gmt":"2026-04-16T05:10:08","slug":"hikvision-ds-kd8003-ime1b-frente-de-calle-ip-2-megapixeles-ds-kd8003-ime1b-para-videoportero-modular-poe-angulo-146-ultra-baja-iluminacin-exterior-ip65-wdr-120-db","status":"publish","type":"product","link":"https:\/\/compuviper.mx\/tienda\/producto\/hikvision-ds-kd8003-ime1b-frente-de-calle-ip-2-megapixeles-ds-kd8003-ime1b-para-videoportero-modular-poe-angulo-146-ultra-baja-iluminacin-exterior-ip65-wdr-120-db\/","title":{"rendered":"Hikvision Ds-kd8003-ime1(b) Frente De Calle Ip 2 Megapixeles  Ds-kd8003-ime1b Para Videoportero Modular \/ Poe \/ Angulo 146 \/ Ultra Baja Iluminacin \/ Exterior Ip65 \/ Wdr 120 Db"},"content":{"rendered":"<table class=\"descripcion\">\n<tr>\n<td>Caracteristicas del frente de calle ds-kd8003-ime1:<\/td>\n<\/tr>\n<tr>\n<td>    funcion de tv portero.<\/td>\n<\/tr>\n<tr>\n<td>    camara de 2 mp (1920 x 1080).<\/td>\n<\/tr>\n<tr>\n<td>    ir oculto 3m.<\/td>\n<\/tr>\n<tr>\n<td>    soporta 17 frentes de calle (1 principal y 16 ext.)<\/td>\n<\/tr>\n<tr>\n<td>    codificacion h.264.<\/td>\n<\/tr>\n<tr>\n<td>    wdr, blc, dnr.<\/td>\n<\/tr>\n<tr>\n<td>    2 salidas de relevador (soporta 2 puertas)<\/td>\n<\/tr>\n<tr>\n<td>    audio omnidireccional.<\/td>\n<\/tr>\n<tr>\n<td>    red: 10\/100 mbps self-adaptive ethernet<\/td>\n<\/tr>\n<tr>\n<td>    configurable mediante ivms4200.<\/td>\n<\/tr>\n<tr>\n<td>    10,000 tarjetas prox em (usando ds-kd-e).<\/td>\n<\/tr>\n<tr>\n<td>    garant\u00eda: 2 a\u00f1os<\/td>\n<\/tr>\n<tr>\n<td>       m\u00f3dulos opcionales (m\u00e1ximo 8)<\/td>\n<\/tr>\n<tr>\n<td>    ds-kd-e: lector de tarjetas prox em (125 khz).<\/td>\n<\/tr>\n<tr>\n<td>    ds-kd-kp: teclado numerico para marcar o acceso por pin.<\/td>\n<\/tr>\n<tr>\n<td>    ds-kd-kk: 6 botones de llamado adicionales.<\/td>\n<\/tr>\n<tr>\n<td>    ds-kd-in: indicador estatus de llamada \/ apertura.<\/td>\n<\/tr>\n<tr>\n<td>    ds-kd-bk: tapa ciega<\/td>\n<\/tr>\n<tr>\n<td>Caracteristicas fisicas y electricas:<\/td>\n<\/tr>\n<tr>\n<td>    voltaje de operacion: 12 vcc o poe ieee 802.3af (recomedado switch ds-3e0105p-e\/m)<\/td>\n<\/tr>\n<tr>\n<td>    consumo electrico: 10 w<\/td>\n<\/tr>\n<tr>\n<td>    nivel de proteccion: exterior ip65.<\/td>\n<\/tr>\n<tr>\n<td>    material: aluminio.<\/td>\n<\/tr>\n<tr>\n<td>    temperatura de operacion:-40\u00b0 c to +60\u00b0 c (-40\u00b0 f to 140\u00b0 f)<\/td>\n<\/tr>\n<tr>\n<td>    humedad: 10 to 95%<\/td>\n<\/tr>\n<tr>\n<td>    dimensiones: 98 mm \u00d7 99.8 mm \u00d7 43.9 mm (3.86 \u00d7 3.93 \u00d7 1.73).<\/td>\n<\/tr>\n<\/table>\n","protected":false},"excerpt":{"rendered":"<p>Caracter\u00edsticas destacadas. El sistema multiapartamento es recomendado para edificios residenciales, apartamentos y oficinas, control de acceso a trav\u00e9s de una tarjeta em, c\u00f3digo o apertura remota. No es posible agregarlo directo a hik-connect, se requiere monitor ip hikvision para su operaci\u00f3n. Monitores compatibles. \u0095 ds-kh6220-le1 (solo local, sin llamada a la app). \u0095 ds-kh6320-wte1. \u0095 ds-kh8520-wte1. \u0095 ds-kh9510-wte1. \u0095 ds-kh9310-wte1. Soporta 100 departamentos en total (con ds-kd-kp. Soporta 6 monitores por cada departamento (1 principal y 5 extensiones). Todos timbran al mismo tiempo. Soporta 17 frentes de calle en total (1 principal y 16 esclavos).<\/p>\n","protected":false},"featured_media":241866,"comment_status":"open","ping_status":"open","template":"","meta":[],"product_cat":[2200,1540],"product_tag":[1595],"acf":[],"yoast_head":"<!-- This site is optimized with the Yoast SEO plugin v21.7 - https:\/\/yoast.com\/wordpress\/plugins\/seo\/ -->\n<title>[ Hikvision ] &#129351; Ds-kd8003-ime1(b) Frente De Calle Ip 2 Megapixeles Ds-kd8003-ime1b Para Videoportero Modular \/ Poe \/ Angulo 146 \/ Ultra Baja Iluminacin \/ Exterior Ip65 \/ Wdr 120 Db<\/title>\n<meta name=\"description\" content=\"Compra Ds-kd8003-ime1(b) Frente De Calle Ip 2 Megapixeles Ds-kd8003-ime1b Para Videoportero Modular \/ Poe \/ Angulo 146 \/ Ultra Baja Iluminacin \/ Exterior Ip65 \/ Wdr 120 Db + Env\u00edo a domicilio + Pago seguro + Garant\u00eda\" \/>\n<meta name=\"robots\" content=\"index, follow, max-snippet:-1, max-image-preview:large, max-video-preview:-1\" \/>\n<link rel=\"canonical\" href=\"https:\/\/compuviper.mx\/tienda\/producto\/hikvision-ds-kd8003-ime1b-frente-de-calle-ip-2-megapixeles-ds-kd8003-ime1b-para-videoportero-modular-poe-angulo-146-ultra-baja-iluminacin-exterior-ip65-wdr-120-db\/\" \/>\n<meta property=\"og:locale\" content=\"es_MX\" \/>\n<meta property=\"og:type\" content=\"article\" \/>\n<meta property=\"og:title\" content=\"[ Hikvision ] &#129351; Ds-kd8003-ime1(b) Frente De Calle Ip 2 Megapixeles Ds-kd8003-ime1b Para Videoportero Modular \/ Poe \/ Angulo 146 \/ Ultra Baja Iluminacin \/ Exterior Ip65 \/ Wdr 120 Db\" \/>\n<meta property=\"og:description\" content=\"Compra Ds-kd8003-ime1(b) Frente De Calle Ip 2 Megapixeles Ds-kd8003-ime1b Para Videoportero Modular \/ Poe \/ Angulo 146 \/ Ultra Baja Iluminacin \/ Exterior Ip65 \/ Wdr 120 Db + Env\u00edo a domicilio + Pago seguro + Garant\u00eda\" \/>\n<meta property=\"og:url\" content=\"https:\/\/compuviper.mx\/tienda\/producto\/hikvision-ds-kd8003-ime1b-frente-de-calle-ip-2-megapixeles-ds-kd8003-ime1b-para-videoportero-modular-poe-angulo-146-ultra-baja-iluminacin-exterior-ip65-wdr-120-db\/\" \/>\n<meta property=\"og:site_name\" content=\"Compuviper\" \/>\n<meta property=\"article:publisher\" content=\"https:\/\/www.facebook.com\/compuviper\" \/>\n<meta property=\"og:image\" content=\"https:\/\/compuviper.mx\/tienda\/wp-content\/uploads\/2024\/09\/Frente-de-calle-ip-2-megapixeles-hikvision-ds-kd8003-ime1b-para-videoportero-modular-poe-angulo-146\u00b0-ultra-baja-iluminacion-exterior-ip65-wdr-120-db.jpg\" \/>\n\t<meta property=\"og:image:width\" content=\"200\" \/>\n\t<meta property=\"og:image:height\" content=\"200\" \/>\n\t<meta property=\"og:image:type\" content=\"image\/jpeg\" \/>\n<meta name=\"twitter:card\" content=\"summary_large_image\" \/>\n<meta name=\"twitter:label1\" content=\"Precio\" \/>\n\t<meta name=\"twitter:data1\" content=\"&#36;2,106 con IVA\" \/>\n\t<meta name=\"twitter:label2\" content=\"Availability\" \/>\n\t<meta name=\"twitter:data2\" content=\"On backorder\" \/>\n<script type=\"application\/ld+json\" class=\"yoast-schema-graph\">{\"@context\":\"https:\/\/schema.org\",\"@graph\":[{\"@type\":\"WebPage\",\"@id\":\"https:\/\/compuviper.mx\/tienda\/producto\/hikvision-ds-kd8003-ime1b-frente-de-calle-ip-2-megapixeles-ds-kd8003-ime1b-para-videoportero-modular-poe-angulo-146-ultra-baja-iluminacin-exterior-ip65-wdr-120-db\/\",\"url\":\"https:\/\/compuviper.mx\/tienda\/producto\/hikvision-ds-kd8003-ime1b-frente-de-calle-ip-2-megapixeles-ds-kd8003-ime1b-para-videoportero-modular-poe-angulo-146-ultra-baja-iluminacin-exterior-ip65-wdr-120-db\/\",\"name\":\"[ Hikvision ] &#129351; Ds-kd8003-ime1(b) Frente De Calle Ip 2 Megapixeles Ds-kd8003-ime1b Para Videoportero Modular \/ Poe \/ Angulo 146 \/ Ultra Baja Iluminacin \/ Exterior Ip65 \/ Wdr 120 Db\",\"isPartOf\":{\"@id\":\"https:\/\/compuviper.mx\/tienda\/#website\"},\"datePublished\":\"2026-04-16T05:10:08+00:00\",\"dateModified\":\"2026-04-16T05:10:08+00:00\",\"description\":\"Compra Ds-kd8003-ime1(b) Frente De Calle Ip 2 Megapixeles Ds-kd8003-ime1b Para Videoportero Modular \/ Poe \/ Angulo 146 \/ Ultra Baja Iluminacin \/ Exterior Ip65 \/ Wdr 120 Db + Env\u00edo a domicilio + Pago seguro + Garant\u00eda\",\"breadcrumb\":{\"@id\":\"https:\/\/compuviper.mx\/tienda\/producto\/hikvision-ds-kd8003-ime1b-frente-de-calle-ip-2-megapixeles-ds-kd8003-ime1b-para-videoportero-modular-poe-angulo-146-ultra-baja-iluminacin-exterior-ip65-wdr-120-db\/#breadcrumb\"},\"inLanguage\":\"es-MX\",\"potentialAction\":[{\"@type\":\"ReadAction\",\"target\":[\"https:\/\/compuviper.mx\/tienda\/producto\/hikvision-ds-kd8003-ime1b-frente-de-calle-ip-2-megapixeles-ds-kd8003-ime1b-para-videoportero-modular-poe-angulo-146-ultra-baja-iluminacin-exterior-ip65-wdr-120-db\/\"]}]},{\"@type\":\"BreadcrumbList\",\"@id\":\"https:\/\/compuviper.mx\/tienda\/producto\/hikvision-ds-kd8003-ime1b-frente-de-calle-ip-2-megapixeles-ds-kd8003-ime1b-para-videoportero-modular-poe-angulo-146-ultra-baja-iluminacin-exterior-ip65-wdr-120-db\/#breadcrumb\",\"itemListElement\":[{\"@type\":\"ListItem\",\"position\":1,\"name\":\"Inicio\",\"item\":\"https:\/\/compuviper.mx\/tienda\/\"},{\"@type\":\"ListItem\",\"position\":2,\"name\":\"Productos\",\"item\":\"https:\/\/compuviper.mx\/tienda\/productos\/\"},{\"@type\":\"ListItem\",\"position\":3,\"name\":\"Control De Acceso Y Asistencia\",\"item\":\"https:\/\/compuviper.mx\/tienda\/categoria-producto\/control-de-acceso-y-asistencia\/\"},{\"@type\":\"ListItem\",\"position\":4,\"name\":\"Accesorios Para Videopportero\",\"item\":\"https:\/\/compuviper.mx\/tienda\/categoria-producto\/control-de-acceso-y-asistencia\/accesorios-para-videopportero\/\"},{\"@type\":\"ListItem\",\"position\":5,\"name\":\"Hikvision Ds-kd8003-ime1(b) Frente De Calle Ip 2 Megapixeles Ds-kd8003-ime1b Para Videoportero Modular \/ Poe \/ Angulo 146 \/ Ultra Baja Iluminacin \/ Exterior Ip65 \/ Wdr 120 Db\"}]},{\"@type\":\"WebSite\",\"@id\":\"https:\/\/compuviper.mx\/tienda\/#website\",\"url\":\"https:\/\/compuviper.mx\/tienda\/\",\"name\":\"Compuviper\",\"description\":\"Proveedor de Computadoras, Laptops, Servidores, Monitores, Puntos de Venta, Teclados,   Impresoras, T\u00f3ner, C\u00e1maras de Seguridad y m\u00e1s en tu tienda en l\u00ednea\",\"publisher\":{\"@id\":\"https:\/\/compuviper.mx\/tienda\/#organization\"},\"potentialAction\":[{\"@type\":\"SearchAction\",\"target\":{\"@type\":\"EntryPoint\",\"urlTemplate\":\"https:\/\/compuviper.mx\/tienda\/?s={search_term_string}\"},\"query-input\":\"required name=search_term_string\"}],\"inLanguage\":\"es-MX\"},{\"@type\":\"Organization\",\"@id\":\"https:\/\/compuviper.mx\/tienda\/#organization\",\"name\":\"Compuviper\",\"url\":\"https:\/\/compuviper.mx\/tienda\/\",\"logo\":{\"@type\":\"ImageObject\",\"inLanguage\":\"es-MX\",\"@id\":\"https:\/\/compuviper.mx\/tienda\/#\/schema\/logo\/image\/\",\"url\":\"https:\/\/compuviper.mx\/tienda\/wp-content\/uploads\/2021\/08\/Logo-Compuviper-10.png\",\"contentUrl\":\"https:\/\/compuviper.mx\/tienda\/wp-content\/uploads\/2021\/08\/Logo-Compuviper-10.png\",\"width\":1000,\"height\":500,\"caption\":\"Compuviper\"},\"image\":{\"@id\":\"https:\/\/compuviper.mx\/tienda\/#\/schema\/logo\/image\/\"},\"sameAs\":[\"https:\/\/www.facebook.com\/compuviper\",\"https:\/\/www.youtube.com\/channel\/UCf73dERp9Y3cfOq7q8BhLjA?view_as=subscriber\"]}]}<\/script>\n<meta property=\"product:brand\" content=\"HIKVISION\" \/>\n<meta property=\"product:price:amount\" content=\"2106\" \/>\n<meta property=\"product:price:currency\" content=\"MXN\" \/>\n<meta property=\"og:availability\" content=\"backorder\" \/>\n<meta property=\"product:availability\" content=\"available for order\" \/>\n<meta property=\"product:retailer_item_id\" content=\"DS-KD8003-IME1(B)\" \/>\n<meta property=\"product:condition\" content=\"new\" \/>\n<!-- \/ Yoast SEO plugin. -->","yoast_head_json":{"title":"[ Hikvision ] &#129351; Ds-kd8003-ime1(b) Frente De Calle Ip 2 Megapixeles Ds-kd8003-ime1b Para Videoportero Modular \/ Poe \/ Angulo 146 \/ Ultra Baja Iluminacin \/ Exterior Ip65 \/ Wdr 120 Db","description":"Compra Ds-kd8003-ime1(b) Frente De Calle Ip 2 Megapixeles Ds-kd8003-ime1b Para Videoportero Modular \/ Poe \/ Angulo 146 \/ Ultra Baja Iluminacin \/ Exterior Ip65 \/ Wdr 120 Db + Env\u00edo a domicilio + Pago seguro + Garant\u00eda","robots":{"index":"index","follow":"follow","max-snippet":"max-snippet:-1","max-image-preview":"max-image-preview:large","max-video-preview":"max-video-preview:-1"},"canonical":"https:\/\/compuviper.mx\/tienda\/producto\/hikvision-ds-kd8003-ime1b-frente-de-calle-ip-2-megapixeles-ds-kd8003-ime1b-para-videoportero-modular-poe-angulo-146-ultra-baja-iluminacin-exterior-ip65-wdr-120-db\/","og_locale":"es_MX","og_type":"article","og_title":"[ Hikvision ] &#129351; Ds-kd8003-ime1(b) Frente De Calle Ip 2 Megapixeles Ds-kd8003-ime1b Para Videoportero Modular \/ Poe \/ Angulo 146 \/ Ultra Baja Iluminacin \/ Exterior Ip65 \/ Wdr 120 Db","og_description":"Compra Ds-kd8003-ime1(b) Frente De Calle Ip 2 Megapixeles Ds-kd8003-ime1b Para Videoportero Modular \/ Poe \/ Angulo 146 \/ Ultra Baja Iluminacin \/ Exterior Ip65 \/ Wdr 120 Db + Env\u00edo a domicilio + Pago seguro + Garant\u00eda","og_url":"https:\/\/compuviper.mx\/tienda\/producto\/hikvision-ds-kd8003-ime1b-frente-de-calle-ip-2-megapixeles-ds-kd8003-ime1b-para-videoportero-modular-poe-angulo-146-ultra-baja-iluminacin-exterior-ip65-wdr-120-db\/","og_site_name":"Compuviper","article_publisher":"https:\/\/www.facebook.com\/compuviper","og_image":[{"width":200,"height":200,"url":"https:\/\/compuviper.mx\/tienda\/wp-content\/uploads\/2024\/09\/Frente-de-calle-ip-2-megapixeles-hikvision-ds-kd8003-ime1b-para-videoportero-modular-poe-angulo-146\u00b0-ultra-baja-iluminacion-exterior-ip65-wdr-120-db.jpg","type":"image\/jpeg"}],"twitter_card":"summary_large_image","twitter_misc":{"Precio":"&#36;2,106 con IVA","Availability":"On backorder"},"schema":{"@context":"https:\/\/schema.org","@graph":[{"@type":"WebPage","@id":"https:\/\/compuviper.mx\/tienda\/producto\/hikvision-ds-kd8003-ime1b-frente-de-calle-ip-2-megapixeles-ds-kd8003-ime1b-para-videoportero-modular-poe-angulo-146-ultra-baja-iluminacin-exterior-ip65-wdr-120-db\/","url":"https:\/\/compuviper.mx\/tienda\/producto\/hikvision-ds-kd8003-ime1b-frente-de-calle-ip-2-megapixeles-ds-kd8003-ime1b-para-videoportero-modular-poe-angulo-146-ultra-baja-iluminacin-exterior-ip65-wdr-120-db\/","name":"[ Hikvision ] &#129351; Ds-kd8003-ime1(b) Frente De Calle Ip 2 Megapixeles Ds-kd8003-ime1b Para Videoportero Modular \/ Poe \/ Angulo 146 \/ Ultra Baja Iluminacin \/ Exterior Ip65 \/ Wdr 120 Db","isPartOf":{"@id":"https:\/\/compuviper.mx\/tienda\/#website"},"datePublished":"2026-04-16T05:10:08+00:00","dateModified":"2026-04-16T05:10:08+00:00","description":"Compra Ds-kd8003-ime1(b) Frente De Calle Ip 2 Megapixeles Ds-kd8003-ime1b Para Videoportero Modular \/ Poe \/ Angulo 146 \/ Ultra Baja Iluminacin \/ Exterior Ip65 \/ Wdr 120 Db + Env\u00edo a domicilio + Pago seguro + Garant\u00eda","breadcrumb":{"@id":"https:\/\/compuviper.mx\/tienda\/producto\/hikvision-ds-kd8003-ime1b-frente-de-calle-ip-2-megapixeles-ds-kd8003-ime1b-para-videoportero-modular-poe-angulo-146-ultra-baja-iluminacin-exterior-ip65-wdr-120-db\/#breadcrumb"},"inLanguage":"es-MX","potentialAction":[{"@type":"ReadAction","target":["https:\/\/compuviper.mx\/tienda\/producto\/hikvision-ds-kd8003-ime1b-frente-de-calle-ip-2-megapixeles-ds-kd8003-ime1b-para-videoportero-modular-poe-angulo-146-ultra-baja-iluminacin-exterior-ip65-wdr-120-db\/"]}]},{"@type":"BreadcrumbList","@id":"https:\/\/compuviper.mx\/tienda\/producto\/hikvision-ds-kd8003-ime1b-frente-de-calle-ip-2-megapixeles-ds-kd8003-ime1b-para-videoportero-modular-poe-angulo-146-ultra-baja-iluminacin-exterior-ip65-wdr-120-db\/#breadcrumb","itemListElement":[{"@type":"ListItem","position":1,"name":"Inicio","item":"https:\/\/compuviper.mx\/tienda\/"},{"@type":"ListItem","position":2,"name":"Productos","item":"https:\/\/compuviper.mx\/tienda\/productos\/"},{"@type":"ListItem","position":3,"name":"Control De Acceso Y Asistencia","item":"https:\/\/compuviper.mx\/tienda\/categoria-producto\/control-de-acceso-y-asistencia\/"},{"@type":"ListItem","position":4,"name":"Accesorios Para Videopportero","item":"https:\/\/compuviper.mx\/tienda\/categoria-producto\/control-de-acceso-y-asistencia\/accesorios-para-videopportero\/"},{"@type":"ListItem","position":5,"name":"Hikvision Ds-kd8003-ime1(b) Frente De Calle Ip 2 Megapixeles Ds-kd8003-ime1b Para Videoportero Modular \/ Poe \/ Angulo 146 \/ Ultra Baja Iluminacin \/ Exterior Ip65 \/ Wdr 120 Db"}]},{"@type":"WebSite","@id":"https:\/\/compuviper.mx\/tienda\/#website","url":"https:\/\/compuviper.mx\/tienda\/","name":"Compuviper","description":"Proveedor de Computadoras, Laptops, Servidores, Monitores, Puntos de Venta, Teclados,   Impresoras, T\u00f3ner, C\u00e1maras de Seguridad y m\u00e1s en tu tienda en l\u00ednea","publisher":{"@id":"https:\/\/compuviper.mx\/tienda\/#organization"},"potentialAction":[{"@type":"SearchAction","target":{"@type":"EntryPoint","urlTemplate":"https:\/\/compuviper.mx\/tienda\/?s={search_term_string}"},"query-input":"required name=search_term_string"}],"inLanguage":"es-MX"},{"@type":"Organization","@id":"https:\/\/compuviper.mx\/tienda\/#organization","name":"Compuviper","url":"https:\/\/compuviper.mx\/tienda\/","logo":{"@type":"ImageObject","inLanguage":"es-MX","@id":"https:\/\/compuviper.mx\/tienda\/#\/schema\/logo\/image\/","url":"https:\/\/compuviper.mx\/tienda\/wp-content\/uploads\/2021\/08\/Logo-Compuviper-10.png","contentUrl":"https:\/\/compuviper.mx\/tienda\/wp-content\/uploads\/2021\/08\/Logo-Compuviper-10.png","width":1000,"height":500,"caption":"Compuviper"},"image":{"@id":"https:\/\/compuviper.mx\/tienda\/#\/schema\/logo\/image\/"},"sameAs":["https:\/\/www.facebook.com\/compuviper","https:\/\/www.youtube.com\/channel\/UCf73dERp9Y3cfOq7q8BhLjA?view_as=subscriber"]}]},"product_brand":"HIKVISION","product_price_amount":"2106","product_price_currency":"MXN","og_availability":"backorder","product_availability":"available for order","product_retailer_item_id":"DS-KD8003-IME1(B)","product_condition":"new"},"_links":{"self":[{"href":"https:\/\/compuviper.mx\/tienda\/wp-json\/wp\/v2\/product\/211000"}],"collection":[{"href":"https:\/\/compuviper.mx\/tienda\/wp-json\/wp\/v2\/product"}],"about":[{"href":"https:\/\/compuviper.mx\/tienda\/wp-json\/wp\/v2\/types\/product"}],"replies":[{"embeddable":true,"href":"https:\/\/compuviper.mx\/tienda\/wp-json\/wp\/v2\/comments?post=211000"}],"wp:featuredmedia":[{"embeddable":true,"href":"https:\/\/compuviper.mx\/tienda\/wp-json\/wp\/v2\/media\/241866"}],"wp:attachment":[{"href":"https:\/\/compuviper.mx\/tienda\/wp-json\/wp\/v2\/media?parent=211000"}],"wp:term":[{"taxonomy":"product_cat","embeddable":true,"href":"https:\/\/compuviper.mx\/tienda\/wp-json\/wp\/v2\/product_cat?post=211000"},{"taxonomy":"product_tag","embeddable":true,"href":"https:\/\/compuviper.mx\/tienda\/wp-json\/wp\/v2\/product_tag?post=211000"}],"curies":[{"name":"wp","href":"https:\/\/api.w.org\/{rel}","templated":true}]}}