{"id":210998,"date":"2026-04-01T23:11:13","date_gmt":"2026-04-02T05:11:13","guid":{"rendered":"https:\/\/compuviper.mx\/tienda\/producto\/logitech-952-000044-kit-de-montaje-de-pared-para-sistemas-rally-bar-y-rally-bar-mini\/"},"modified":"2026-04-01T23:11:13","modified_gmt":"2026-04-02T05:11:13","slug":"logitech-952-000044-soporte-de-pared-compatible-con-rally-bar-y-rally-bar-mini-videoconferencia","status":"publish","type":"product","link":"https:\/\/compuviper.mx\/tienda\/producto\/logitech-952-000044-soporte-de-pared-compatible-con-rally-bar-y-rally-bar-mini-videoconferencia\/","title":{"rendered":"Logitech 952-000044 Soporte De Pared  Compatible Con Rally Bar Y Rally Bar Mini. Videoconferencia"},"content":{"rendered":"<table class=\"descripcion\">\n<tr>\n<td>Contenido de la caja<\/td>\n<\/tr>\n<tr>\n<td>Pieza de montaje en pared<\/td>\n<\/tr>\n<tr>\n<td>Adaptador de inclinaci\u00f3n hacia abajo<\/td>\n<\/tr>\n<tr>\n<td>Tornillos<\/td>\n<\/tr>\n<tr>\n<td>Documentaci\u00f3n<\/td>\n<\/tr>\n<tr>\n<td>Dispositivos compatibles<\/td>\n<\/tr>\n<tr>\n<td>Rally bar<\/td>\n<\/tr>\n<tr>\n<td>Rally bar mini<\/td>\n<\/tr>\n<tr>\n<td>Dos a\u00f1os de garant\u00eda de hardware limitada<\/td>\n<\/tr>\n<\/table>\n","protected":false},"excerpt":{"rendered":"<p>Wall mount para video bars. Kit de montaje compatible con vesa para rally bar y rally bar mini. Pr\u00e1ctico sistema de distribuci\u00f3n de cables. La pieza de montaje en pared funciona con la tapa del sistema de retenci\u00f3n de cables integrado de la barra de video para que puedan tenderse los cables hacia arriba, abajo o en ambos sentidos manteniendo las conexiones bien seguras. Perfecci\u00f3n en paralelo. Concebida para los perfeccionistas. El ajuste de \u00e1ngulo integrado permite alinear con precisi\u00f3n el nivel de la barra de video con la pantalla. Compatible con vesa, apta para carros. Con patr\u00f3n de montaje vesa est\u00e1ndar (200 x 50 mm), la pieza de montaje en pared es tambi\u00e9n adecuada para carros m\u00f3viles. As\u00ed ofrece la m\u00e1xima versatilidad.<\/p>\n","protected":false},"featured_media":241865,"comment_status":"open","ping_status":"open","template":"","meta":[],"product_cat":[1485,2036],"product_tag":[1500],"acf":[],"yoast_head":"<!-- This site is optimized with the Yoast SEO plugin v21.7 - https:\/\/yoast.com\/wordpress\/plugins\/seo\/ -->\n<title>[ Logitech ] &#129351; 952-000044 Soporte De Pared Compatible Con Rally Bar Y Rally Bar Mini. Videoconferencia<\/title>\n<meta name=\"description\" content=\"Compra 952-000044 Soporte De Pared Compatible Con Rally Bar Y Rally Bar Mini. Videoconferencia + Env\u00edo a domicilio + Pago seguro + Garant\u00eda\" \/>\n<meta name=\"robots\" content=\"index, follow, max-snippet:-1, max-image-preview:large, max-video-preview:-1\" \/>\n<link rel=\"canonical\" href=\"https:\/\/compuviper.mx\/tienda\/producto\/logitech-952-000044-soporte-de-pared-compatible-con-rally-bar-y-rally-bar-mini-videoconferencia\/\" \/>\n<meta property=\"og:locale\" content=\"es_MX\" \/>\n<meta property=\"og:type\" content=\"article\" \/>\n<meta property=\"og:title\" content=\"[ Logitech ] &#129351; 952-000044 Soporte De Pared Compatible Con Rally Bar Y Rally Bar Mini. Videoconferencia\" \/>\n<meta property=\"og:description\" content=\"Compra 952-000044 Soporte De Pared Compatible Con Rally Bar Y Rally Bar Mini. Videoconferencia + Env\u00edo a domicilio + Pago seguro + Garant\u00eda\" \/>\n<meta property=\"og:url\" content=\"https:\/\/compuviper.mx\/tienda\/producto\/logitech-952-000044-soporte-de-pared-compatible-con-rally-bar-y-rally-bar-mini-videoconferencia\/\" \/>\n<meta property=\"og:site_name\" content=\"Compuviper\" \/>\n<meta property=\"article:publisher\" content=\"https:\/\/www.facebook.com\/compuviper\" \/>\n<meta property=\"og:image\" content=\"https:\/\/compuviper.mx\/tienda\/wp-content\/uploads\/2024\/09\/Soporte-de-pared-logitech-compatible-con-rally-bar-y-rally-bar-mini.-videoconferencia.jpg\" \/>\n\t<meta property=\"og:image:width\" content=\"200\" \/>\n\t<meta property=\"og:image:height\" content=\"200\" \/>\n\t<meta property=\"og:image:type\" content=\"image\/jpeg\" \/>\n<meta name=\"twitter:card\" content=\"summary_large_image\" \/>\n<meta name=\"twitter:label1\" content=\"Precio\" \/>\n\t<meta name=\"twitter:data1\" content=\"&#36;2,119 con IVA\" \/>\n\t<meta name=\"twitter:label2\" content=\"Availability\" \/>\n\t<meta name=\"twitter:data2\" content=\"Out of stock\" \/>\n<script type=\"application\/ld+json\" class=\"yoast-schema-graph\">{\"@context\":\"https:\/\/schema.org\",\"@graph\":[{\"@type\":\"WebPage\",\"@id\":\"https:\/\/compuviper.mx\/tienda\/producto\/logitech-952-000044-soporte-de-pared-compatible-con-rally-bar-y-rally-bar-mini-videoconferencia\/\",\"url\":\"https:\/\/compuviper.mx\/tienda\/producto\/logitech-952-000044-soporte-de-pared-compatible-con-rally-bar-y-rally-bar-mini-videoconferencia\/\",\"name\":\"[ Logitech ] &#129351; 952-000044 Soporte De Pared Compatible Con Rally Bar Y Rally Bar Mini. Videoconferencia\",\"isPartOf\":{\"@id\":\"https:\/\/compuviper.mx\/tienda\/#website\"},\"datePublished\":\"2026-04-02T05:11:13+00:00\",\"dateModified\":\"2026-04-02T05:11:13+00:00\",\"description\":\"Compra 952-000044 Soporte De Pared Compatible Con Rally Bar Y Rally Bar Mini. Videoconferencia + Env\u00edo a domicilio + Pago seguro + Garant\u00eda\",\"breadcrumb\":{\"@id\":\"https:\/\/compuviper.mx\/tienda\/producto\/logitech-952-000044-soporte-de-pared-compatible-con-rally-bar-y-rally-bar-mini-videoconferencia\/#breadcrumb\"},\"inLanguage\":\"es-MX\",\"potentialAction\":[{\"@type\":\"ReadAction\",\"target\":[\"https:\/\/compuviper.mx\/tienda\/producto\/logitech-952-000044-soporte-de-pared-compatible-con-rally-bar-y-rally-bar-mini-videoconferencia\/\"]}]},{\"@type\":\"BreadcrumbList\",\"@id\":\"https:\/\/compuviper.mx\/tienda\/producto\/logitech-952-000044-soporte-de-pared-compatible-con-rally-bar-y-rally-bar-mini-videoconferencia\/#breadcrumb\",\"itemListElement\":[{\"@type\":\"ListItem\",\"position\":1,\"name\":\"Inicio\",\"item\":\"https:\/\/compuviper.mx\/tienda\/\"},{\"@type\":\"ListItem\",\"position\":2,\"name\":\"Productos\",\"item\":\"https:\/\/compuviper.mx\/tienda\/productos\/\"},{\"@type\":\"ListItem\",\"position\":3,\"name\":\"Accesorios\",\"item\":\"https:\/\/compuviper.mx\/tienda\/categoria-producto\/accesorios\/\"},{\"@type\":\"ListItem\",\"position\":4,\"name\":\"Videoconferencia\",\"item\":\"https:\/\/compuviper.mx\/tienda\/categoria-producto\/accesorios\/videoconferencia-accesorios\/\"},{\"@type\":\"ListItem\",\"position\":5,\"name\":\"Logitech 952-000044 Soporte De Pared Compatible Con Rally Bar Y Rally Bar Mini. Videoconferencia\"}]},{\"@type\":\"WebSite\",\"@id\":\"https:\/\/compuviper.mx\/tienda\/#website\",\"url\":\"https:\/\/compuviper.mx\/tienda\/\",\"name\":\"Compuviper\",\"description\":\"Proveedor de Computadoras, Laptops, Servidores, Monitores, Puntos de Venta, Teclados,   Impresoras, T\u00f3ner, C\u00e1maras de Seguridad y m\u00e1s en tu tienda en l\u00ednea\",\"publisher\":{\"@id\":\"https:\/\/compuviper.mx\/tienda\/#organization\"},\"potentialAction\":[{\"@type\":\"SearchAction\",\"target\":{\"@type\":\"EntryPoint\",\"urlTemplate\":\"https:\/\/compuviper.mx\/tienda\/?s={search_term_string}\"},\"query-input\":\"required name=search_term_string\"}],\"inLanguage\":\"es-MX\"},{\"@type\":\"Organization\",\"@id\":\"https:\/\/compuviper.mx\/tienda\/#organization\",\"name\":\"Compuviper\",\"url\":\"https:\/\/compuviper.mx\/tienda\/\",\"logo\":{\"@type\":\"ImageObject\",\"inLanguage\":\"es-MX\",\"@id\":\"https:\/\/compuviper.mx\/tienda\/#\/schema\/logo\/image\/\",\"url\":\"https:\/\/compuviper.mx\/tienda\/wp-content\/uploads\/2021\/08\/Logo-Compuviper-10.png\",\"contentUrl\":\"https:\/\/compuviper.mx\/tienda\/wp-content\/uploads\/2021\/08\/Logo-Compuviper-10.png\",\"width\":1000,\"height\":500,\"caption\":\"Compuviper\"},\"image\":{\"@id\":\"https:\/\/compuviper.mx\/tienda\/#\/schema\/logo\/image\/\"},\"sameAs\":[\"https:\/\/www.facebook.com\/compuviper\",\"https:\/\/www.youtube.com\/channel\/UCf73dERp9Y3cfOq7q8BhLjA?view_as=subscriber\"]}]}<\/script>\n<meta property=\"product:brand\" content=\"LOGITECH\" \/>\n<meta property=\"product:price:amount\" content=\"2119\" \/>\n<meta property=\"product:price:currency\" content=\"MXN\" \/>\n<meta property=\"og:availability\" content=\"out of stock\" \/>\n<meta property=\"product:availability\" content=\"out of stock\" \/>\n<meta property=\"product:retailer_item_id\" content=\"952-000044\" \/>\n<meta property=\"product:condition\" content=\"new\" \/>\n<!-- \/ Yoast SEO plugin. -->","yoast_head_json":{"title":"[ Logitech ] &#129351; 952-000044 Soporte De Pared Compatible Con Rally Bar Y Rally Bar Mini. Videoconferencia","description":"Compra 952-000044 Soporte De Pared Compatible Con Rally Bar Y Rally Bar Mini. Videoconferencia + Env\u00edo a domicilio + Pago seguro + Garant\u00eda","robots":{"index":"index","follow":"follow","max-snippet":"max-snippet:-1","max-image-preview":"max-image-preview:large","max-video-preview":"max-video-preview:-1"},"canonical":"https:\/\/compuviper.mx\/tienda\/producto\/logitech-952-000044-soporte-de-pared-compatible-con-rally-bar-y-rally-bar-mini-videoconferencia\/","og_locale":"es_MX","og_type":"article","og_title":"[ Logitech ] &#129351; 952-000044 Soporte De Pared Compatible Con Rally Bar Y Rally Bar Mini. Videoconferencia","og_description":"Compra 952-000044 Soporte De Pared Compatible Con Rally Bar Y Rally Bar Mini. Videoconferencia + Env\u00edo a domicilio + Pago seguro + Garant\u00eda","og_url":"https:\/\/compuviper.mx\/tienda\/producto\/logitech-952-000044-soporte-de-pared-compatible-con-rally-bar-y-rally-bar-mini-videoconferencia\/","og_site_name":"Compuviper","article_publisher":"https:\/\/www.facebook.com\/compuviper","og_image":[{"width":200,"height":200,"url":"https:\/\/compuviper.mx\/tienda\/wp-content\/uploads\/2024\/09\/Soporte-de-pared-logitech-compatible-con-rally-bar-y-rally-bar-mini.-videoconferencia.jpg","type":"image\/jpeg"}],"twitter_card":"summary_large_image","twitter_misc":{"Precio":"&#36;2,119 con IVA","Availability":"Out of stock"},"schema":{"@context":"https:\/\/schema.org","@graph":[{"@type":"WebPage","@id":"https:\/\/compuviper.mx\/tienda\/producto\/logitech-952-000044-soporte-de-pared-compatible-con-rally-bar-y-rally-bar-mini-videoconferencia\/","url":"https:\/\/compuviper.mx\/tienda\/producto\/logitech-952-000044-soporte-de-pared-compatible-con-rally-bar-y-rally-bar-mini-videoconferencia\/","name":"[ Logitech ] &#129351; 952-000044 Soporte De Pared Compatible Con Rally Bar Y Rally Bar Mini. Videoconferencia","isPartOf":{"@id":"https:\/\/compuviper.mx\/tienda\/#website"},"datePublished":"2026-04-02T05:11:13+00:00","dateModified":"2026-04-02T05:11:13+00:00","description":"Compra 952-000044 Soporte De Pared Compatible Con Rally Bar Y Rally Bar Mini. Videoconferencia + Env\u00edo a domicilio + Pago seguro + Garant\u00eda","breadcrumb":{"@id":"https:\/\/compuviper.mx\/tienda\/producto\/logitech-952-000044-soporte-de-pared-compatible-con-rally-bar-y-rally-bar-mini-videoconferencia\/#breadcrumb"},"inLanguage":"es-MX","potentialAction":[{"@type":"ReadAction","target":["https:\/\/compuviper.mx\/tienda\/producto\/logitech-952-000044-soporte-de-pared-compatible-con-rally-bar-y-rally-bar-mini-videoconferencia\/"]}]},{"@type":"BreadcrumbList","@id":"https:\/\/compuviper.mx\/tienda\/producto\/logitech-952-000044-soporte-de-pared-compatible-con-rally-bar-y-rally-bar-mini-videoconferencia\/#breadcrumb","itemListElement":[{"@type":"ListItem","position":1,"name":"Inicio","item":"https:\/\/compuviper.mx\/tienda\/"},{"@type":"ListItem","position":2,"name":"Productos","item":"https:\/\/compuviper.mx\/tienda\/productos\/"},{"@type":"ListItem","position":3,"name":"Accesorios","item":"https:\/\/compuviper.mx\/tienda\/categoria-producto\/accesorios\/"},{"@type":"ListItem","position":4,"name":"Videoconferencia","item":"https:\/\/compuviper.mx\/tienda\/categoria-producto\/accesorios\/videoconferencia-accesorios\/"},{"@type":"ListItem","position":5,"name":"Logitech 952-000044 Soporte De Pared Compatible Con Rally Bar Y Rally Bar Mini. Videoconferencia"}]},{"@type":"WebSite","@id":"https:\/\/compuviper.mx\/tienda\/#website","url":"https:\/\/compuviper.mx\/tienda\/","name":"Compuviper","description":"Proveedor de Computadoras, Laptops, Servidores, Monitores, Puntos de Venta, Teclados,   Impresoras, T\u00f3ner, C\u00e1maras de Seguridad y m\u00e1s en tu tienda en l\u00ednea","publisher":{"@id":"https:\/\/compuviper.mx\/tienda\/#organization"},"potentialAction":[{"@type":"SearchAction","target":{"@type":"EntryPoint","urlTemplate":"https:\/\/compuviper.mx\/tienda\/?s={search_term_string}"},"query-input":"required name=search_term_string"}],"inLanguage":"es-MX"},{"@type":"Organization","@id":"https:\/\/compuviper.mx\/tienda\/#organization","name":"Compuviper","url":"https:\/\/compuviper.mx\/tienda\/","logo":{"@type":"ImageObject","inLanguage":"es-MX","@id":"https:\/\/compuviper.mx\/tienda\/#\/schema\/logo\/image\/","url":"https:\/\/compuviper.mx\/tienda\/wp-content\/uploads\/2021\/08\/Logo-Compuviper-10.png","contentUrl":"https:\/\/compuviper.mx\/tienda\/wp-content\/uploads\/2021\/08\/Logo-Compuviper-10.png","width":1000,"height":500,"caption":"Compuviper"},"image":{"@id":"https:\/\/compuviper.mx\/tienda\/#\/schema\/logo\/image\/"},"sameAs":["https:\/\/www.facebook.com\/compuviper","https:\/\/www.youtube.com\/channel\/UCf73dERp9Y3cfOq7q8BhLjA?view_as=subscriber"]}]},"product_brand":"LOGITECH","product_price_amount":"2119","product_price_currency":"MXN","og_availability":"out of stock","product_availability":"out of stock","product_retailer_item_id":"952-000044","product_condition":"new"},"_links":{"self":[{"href":"https:\/\/compuviper.mx\/tienda\/wp-json\/wp\/v2\/product\/210998"}],"collection":[{"href":"https:\/\/compuviper.mx\/tienda\/wp-json\/wp\/v2\/product"}],"about":[{"href":"https:\/\/compuviper.mx\/tienda\/wp-json\/wp\/v2\/types\/product"}],"replies":[{"embeddable":true,"href":"https:\/\/compuviper.mx\/tienda\/wp-json\/wp\/v2\/comments?post=210998"}],"wp:featuredmedia":[{"embeddable":true,"href":"https:\/\/compuviper.mx\/tienda\/wp-json\/wp\/v2\/media\/241865"}],"wp:attachment":[{"href":"https:\/\/compuviper.mx\/tienda\/wp-json\/wp\/v2\/media?parent=210998"}],"wp:term":[{"taxonomy":"product_cat","embeddable":true,"href":"https:\/\/compuviper.mx\/tienda\/wp-json\/wp\/v2\/product_cat?post=210998"},{"taxonomy":"product_tag","embeddable":true,"href":"https:\/\/compuviper.mx\/tienda\/wp-json\/wp\/v2\/product_tag?post=210998"}],"curies":[{"name":"wp","href":"https:\/\/api.w.org\/{rel}","templated":true}]}}