{"id":210989,"date":"2026-04-24T23:09:36","date_gmt":"2026-04-25T05:09:36","guid":{"rendered":"https:\/\/compuviper.mx\/tienda\/producto\/startech-com-rk616walm-gabinete-rack-de-servidores-6u-de-19-para-montaje-con-profundidad-ajustable-de-38cm-15-y-cierre-de-seguridad-ventilacion-estante-y-cinta-de-gancho-y-felpa-ensamblado\/"},"modified":"2026-04-24T23:09:36","modified_gmt":"2026-04-25T05:09:36","slug":"startech-com-rk616walm-gabinete-rack-de-servidores-6u-de-19-para-montaje-con-profundidad-ajustable-de-38cm-15-y-cierre-de-seguridad-ventilacion-estante-y-cinta-de-gancho-y-felpa-ensamblado","status":"publish","type":"product","link":"https:\/\/compuviper.mx\/tienda\/producto\/startech-com-rk616walm-gabinete-rack-de-servidores-6u-de-19-para-montaje-con-profundidad-ajustable-de-38cm-15-y-cierre-de-seguridad-ventilacion-estante-y-cinta-de-gancho-y-felpa-ensamblado\/","title":{"rendered":"Startech.com Rk616walm Gabinete Rack De Servidores 6u De 19 Para Montaje &#8211; Con Profundidad Ajustable De 38cm\/15 Y Cierre De Seguridad &#8211; Ventilacion, Estante Y Cinta De Gancho Y Felpa &#8211; Ensamblado"},"content":{"rendered":"<table class=\"descripcion\">\n<tr>\n<td>Utilice este gabinete de red de pared para montar su servidor o equipo de red en la pared<\/td>\n<\/tr>\n<tr>\n<td>Id del producto: rk616walm<\/td>\n<\/tr>\n<tr>\n<td>Rack seguro de 6u y 2 columnas: este armario de red de montaje en pared con cerradura esta disenado para proteger los equipos de red cr\u00edticos de los danos y se puede cerrar con llave para evitar el acceso no autorizado<\/td>\n<\/tr>\n<tr>\n<td>Duradero: este armario para equipos de dato s\/redes de acero laminado en frio spcc soporta hasta 90 kg y puede soportar una profundidad de 14.6 pulgadas (37cm). viene con un estante movil ventilado de 1u<\/td>\n<\/tr>\n<tr>\n<td>Especificaciones: armario cerrado 6u de 19 | 2 columnas | cumple con la normativa eia\/eca-310-e | profundidad de montaje 14.6 pulgadas (37cm) | capacidad de 90 kg | puerta y laterales con cerradura | estante ventilado 1u incluido | 5 a\u00f1os de garant\u00eda<\/td>\n<\/tr>\n<tr>\n<td>Disenado para la refrigeracion: la puerta y los laterales son de una malla resistente que mejora el flujo de aire alrededor de los dispositivos. se pueden instalar hasta cuatro ventiladores opcionales de 120 mm para una refrigeracion activa<\/td>\n<\/tr>\n<tr>\n<td>Premontado: este rack esta preensamblado y listo para ser instalado. incluye tuercas y tornillos jaula, 4 llaves de seguridad, de conexion a tierra y 3 m de cinta de gancho y bucle para mantener los cables organizados y seguros<\/td>\n<\/tr>\n<\/table>\n","protected":false},"excerpt":{"rendered":"<p>Utilice este gabinete de red de pared para montar su servidor o equipo de red en la pared. Id del producto: rk616walm. Rack seguro de 6u y 2 columnas: este armario de red de montaje en pared con cerradura esta disenado para proteger los equipos de red cr\u00edticos de los danos y se puede cerrar con llave para evitar el acceso no autorizado. Duradero: este armario para equipos de dato s\/redes de acero laminado en frio spcc soporta hasta 90 kg y puede soportar una profundidad de 14.6 pulgadas (37cm). Viene con un estante movil ventilado de 1u. Especificaciones: armario cerrado 6u de 19 | 2 columnas | cumple con la normativa eia\/eca-310-e | profundidad de montaje 14.6 pulgadas (37cm) | capacidad de 90 kg | puerta y laterales con cerradura | estante ventilado 1u incluido | 5 a\u00f1os de garant\u00eda. Disenado para la refrigeracion: la puerta y los laterales son de una malla resistente que mejora el flujo de aire alrededor de los dispositivos. Se pueden instalar hasta cuatro ventiladores opcionales de 120 mm para una refrigeracion activa. Premontado: este rack esta preensamblado y listo para ser instalado. Incluye tuercas y tornillos jaula, 4 llaves de seguridad, de conexion a tierra y 3 m de cinta de gancho y bucle para mantener los cables organizados y seguros<\/p>\n","protected":false},"featured_media":241858,"comment_status":"open","ping_status":"open","template":"","meta":[],"product_cat":[1493,1494],"product_tag":[1590],"acf":[],"yoast_head":"<!-- This site is optimized with the Yoast SEO plugin v21.7 - https:\/\/yoast.com\/wordpress\/plugins\/seo\/ -->\n<title>[ Startech.com ] &#129351; Rk616walm Gabinete Rack De Servidores 6u De 19 Para Montaje - Con Profundidad Ajustable De 38cm\/15 Y Cierre De Seguridad - Ventilacion, Estante Y Cinta De Gancho Y Felpa - Ensamblado<\/title>\n<meta name=\"description\" content=\"Compra Rk616walm Gabinete Rack De Servidores 6u De 19 Para Montaje - Con Profundidad Ajustable De 38cm\/15 Y Cierre De Seguridad - Ventilacion, Estante Y Cinta De Gancho Y Felpa - Ensamblado + Env\u00edo a domicilio + Pago seguro + Garant\u00eda\" \/>\n<meta name=\"robots\" content=\"index, follow, max-snippet:-1, max-image-preview:large, max-video-preview:-1\" \/>\n<link rel=\"canonical\" href=\"https:\/\/compuviper.mx\/tienda\/producto\/startech-com-rk616walm-gabinete-rack-de-servidores-6u-de-19-para-montaje-con-profundidad-ajustable-de-38cm-15-y-cierre-de-seguridad-ventilacion-estante-y-cinta-de-gancho-y-felpa-ensamblado\/\" \/>\n<meta property=\"og:locale\" content=\"es_MX\" \/>\n<meta property=\"og:type\" content=\"article\" \/>\n<meta property=\"og:title\" content=\"[ Startech.com ] &#129351; Rk616walm Gabinete Rack De Servidores 6u De 19 Para Montaje - Con Profundidad Ajustable De 38cm\/15 Y Cierre De Seguridad - Ventilacion, Estante Y Cinta De Gancho Y Felpa - Ensamblado\" \/>\n<meta property=\"og:description\" content=\"Compra Rk616walm Gabinete Rack De Servidores 6u De 19 Para Montaje - Con Profundidad Ajustable De 38cm\/15 Y Cierre De Seguridad - Ventilacion, Estante Y Cinta De Gancho Y Felpa - Ensamblado + Env\u00edo a domicilio + Pago seguro + Garant\u00eda\" \/>\n<meta property=\"og:url\" content=\"https:\/\/compuviper.mx\/tienda\/producto\/startech-com-rk616walm-gabinete-rack-de-servidores-6u-de-19-para-montaje-con-profundidad-ajustable-de-38cm-15-y-cierre-de-seguridad-ventilacion-estante-y-cinta-de-gancho-y-felpa-ensamblado\/\" \/>\n<meta property=\"og:site_name\" content=\"Compuviper\" \/>\n<meta property=\"article:publisher\" content=\"https:\/\/www.facebook.com\/compuviper\" \/>\n<meta property=\"og:image\" content=\"https:\/\/compuviper.mx\/tienda\/wp-content\/uploads\/2024\/09\/Gabinete-rack-de-servidores-6u-de-19-para-montaje-con-profundidad-ajustable-de-38cm15-y-cierre-de-seguridad-ventilacion-estante-y-cinta-de-gancho-y-felpa-ensamblado-startech.com_.jpg\" \/>\n\t<meta property=\"og:image:width\" content=\"200\" \/>\n\t<meta property=\"og:image:height\" content=\"200\" \/>\n\t<meta property=\"og:image:type\" content=\"image\/jpeg\" \/>\n<meta name=\"twitter:card\" content=\"summary_large_image\" \/>\n<meta name=\"twitter:label1\" content=\"Precio\" \/>\n\t<meta name=\"twitter:data1\" content=\"&#36;5,734 con IVA\" \/>\n\t<meta name=\"twitter:label2\" content=\"Availability\" \/>\n\t<meta name=\"twitter:data2\" content=\"Out of stock\" \/>\n<script type=\"application\/ld+json\" class=\"yoast-schema-graph\">{\"@context\":\"https:\/\/schema.org\",\"@graph\":[{\"@type\":\"WebPage\",\"@id\":\"https:\/\/compuviper.mx\/tienda\/producto\/startech-com-rk616walm-gabinete-rack-de-servidores-6u-de-19-para-montaje-con-profundidad-ajustable-de-38cm-15-y-cierre-de-seguridad-ventilacion-estante-y-cinta-de-gancho-y-felpa-ensamblado\/\",\"url\":\"https:\/\/compuviper.mx\/tienda\/producto\/startech-com-rk616walm-gabinete-rack-de-servidores-6u-de-19-para-montaje-con-profundidad-ajustable-de-38cm-15-y-cierre-de-seguridad-ventilacion-estante-y-cinta-de-gancho-y-felpa-ensamblado\/\",\"name\":\"[ Startech.com ] &#129351; Rk616walm Gabinete Rack De Servidores 6u De 19 Para Montaje - Con Profundidad Ajustable De 38cm\/15 Y Cierre De Seguridad - Ventilacion, Estante Y Cinta De Gancho Y Felpa - Ensamblado\",\"isPartOf\":{\"@id\":\"https:\/\/compuviper.mx\/tienda\/#website\"},\"datePublished\":\"2026-04-25T05:09:36+00:00\",\"dateModified\":\"2026-04-25T05:09:36+00:00\",\"description\":\"Compra Rk616walm Gabinete Rack De Servidores 6u De 19 Para Montaje - Con Profundidad Ajustable De 38cm\/15 Y Cierre De Seguridad - Ventilacion, Estante Y Cinta De Gancho Y Felpa - Ensamblado + Env\u00edo a domicilio + Pago seguro + Garant\u00eda\",\"breadcrumb\":{\"@id\":\"https:\/\/compuviper.mx\/tienda\/producto\/startech-com-rk616walm-gabinete-rack-de-servidores-6u-de-19-para-montaje-con-profundidad-ajustable-de-38cm-15-y-cierre-de-seguridad-ventilacion-estante-y-cinta-de-gancho-y-felpa-ensamblado\/#breadcrumb\"},\"inLanguage\":\"es-MX\",\"potentialAction\":[{\"@type\":\"ReadAction\",\"target\":[\"https:\/\/compuviper.mx\/tienda\/producto\/startech-com-rk616walm-gabinete-rack-de-servidores-6u-de-19-para-montaje-con-profundidad-ajustable-de-38cm-15-y-cierre-de-seguridad-ventilacion-estante-y-cinta-de-gancho-y-felpa-ensamblado\/\"]}]},{\"@type\":\"BreadcrumbList\",\"@id\":\"https:\/\/compuviper.mx\/tienda\/producto\/startech-com-rk616walm-gabinete-rack-de-servidores-6u-de-19-para-montaje-con-profundidad-ajustable-de-38cm-15-y-cierre-de-seguridad-ventilacion-estante-y-cinta-de-gancho-y-felpa-ensamblado\/#breadcrumb\",\"itemListElement\":[{\"@type\":\"ListItem\",\"position\":1,\"name\":\"Inicio\",\"item\":\"https:\/\/compuviper.mx\/tienda\/\"},{\"@type\":\"ListItem\",\"position\":2,\"name\":\"Productos\",\"item\":\"https:\/\/compuviper.mx\/tienda\/productos\/\"},{\"@type\":\"ListItem\",\"position\":3,\"name\":\"Gabinete De Rack\",\"item\":\"https:\/\/compuviper.mx\/tienda\/categoria-producto\/gabinete-de-rack\/\"},{\"@type\":\"ListItem\",\"position\":4,\"name\":\"Sin Categor\u00eda\",\"item\":\"https:\/\/compuviper.mx\/tienda\/categoria-producto\/gabinete-de-rack\/sin-categoria-gabinete-de-rack\/\"},{\"@type\":\"ListItem\",\"position\":5,\"name\":\"Startech.com Rk616walm Gabinete Rack De Servidores 6u De 19 Para Montaje &#8211; Con Profundidad Ajustable De 38cm\/15 Y Cierre De Seguridad &#8211; Ventilacion, Estante Y Cinta De Gancho Y Felpa &#8211; Ensamblado\"}]},{\"@type\":\"WebSite\",\"@id\":\"https:\/\/compuviper.mx\/tienda\/#website\",\"url\":\"https:\/\/compuviper.mx\/tienda\/\",\"name\":\"Compuviper\",\"description\":\"Proveedor de Computadoras, Laptops, Servidores, Monitores, Puntos de Venta, Teclados,   Impresoras, T\u00f3ner, C\u00e1maras de Seguridad y m\u00e1s en tu tienda en l\u00ednea\",\"publisher\":{\"@id\":\"https:\/\/compuviper.mx\/tienda\/#organization\"},\"potentialAction\":[{\"@type\":\"SearchAction\",\"target\":{\"@type\":\"EntryPoint\",\"urlTemplate\":\"https:\/\/compuviper.mx\/tienda\/?s={search_term_string}\"},\"query-input\":\"required name=search_term_string\"}],\"inLanguage\":\"es-MX\"},{\"@type\":\"Organization\",\"@id\":\"https:\/\/compuviper.mx\/tienda\/#organization\",\"name\":\"Compuviper\",\"url\":\"https:\/\/compuviper.mx\/tienda\/\",\"logo\":{\"@type\":\"ImageObject\",\"inLanguage\":\"es-MX\",\"@id\":\"https:\/\/compuviper.mx\/tienda\/#\/schema\/logo\/image\/\",\"url\":\"https:\/\/compuviper.mx\/tienda\/wp-content\/uploads\/2021\/08\/Logo-Compuviper-10.png\",\"contentUrl\":\"https:\/\/compuviper.mx\/tienda\/wp-content\/uploads\/2021\/08\/Logo-Compuviper-10.png\",\"width\":1000,\"height\":500,\"caption\":\"Compuviper\"},\"image\":{\"@id\":\"https:\/\/compuviper.mx\/tienda\/#\/schema\/logo\/image\/\"},\"sameAs\":[\"https:\/\/www.facebook.com\/compuviper\",\"https:\/\/www.youtube.com\/channel\/UCf73dERp9Y3cfOq7q8BhLjA?view_as=subscriber\"]}]}<\/script>\n<meta property=\"product:brand\" content=\"STARTECH.COM\" \/>\n<meta property=\"product:price:amount\" content=\"5734\" \/>\n<meta property=\"product:price:currency\" content=\"MXN\" \/>\n<meta property=\"og:availability\" content=\"out of stock\" \/>\n<meta property=\"product:availability\" content=\"out of stock\" \/>\n<meta property=\"product:retailer_item_id\" content=\"RK616WALM\" \/>\n<meta property=\"product:condition\" content=\"new\" \/>\n<!-- \/ Yoast SEO plugin. -->","yoast_head_json":{"title":"[ Startech.com ] &#129351; Rk616walm Gabinete Rack De Servidores 6u De 19 Para Montaje - Con Profundidad Ajustable De 38cm\/15 Y Cierre De Seguridad - Ventilacion, Estante Y Cinta De Gancho Y Felpa - Ensamblado","description":"Compra Rk616walm Gabinete Rack De Servidores 6u De 19 Para Montaje - Con Profundidad Ajustable De 38cm\/15 Y Cierre De Seguridad - Ventilacion, Estante Y Cinta De Gancho Y Felpa - Ensamblado + Env\u00edo a domicilio + Pago seguro + Garant\u00eda","robots":{"index":"index","follow":"follow","max-snippet":"max-snippet:-1","max-image-preview":"max-image-preview:large","max-video-preview":"max-video-preview:-1"},"canonical":"https:\/\/compuviper.mx\/tienda\/producto\/startech-com-rk616walm-gabinete-rack-de-servidores-6u-de-19-para-montaje-con-profundidad-ajustable-de-38cm-15-y-cierre-de-seguridad-ventilacion-estante-y-cinta-de-gancho-y-felpa-ensamblado\/","og_locale":"es_MX","og_type":"article","og_title":"[ Startech.com ] &#129351; Rk616walm Gabinete Rack De Servidores 6u De 19 Para Montaje - Con Profundidad Ajustable De 38cm\/15 Y Cierre De Seguridad - Ventilacion, Estante Y Cinta De Gancho Y Felpa - Ensamblado","og_description":"Compra Rk616walm Gabinete Rack De Servidores 6u De 19 Para Montaje - Con Profundidad Ajustable De 38cm\/15 Y Cierre De Seguridad - Ventilacion, Estante Y Cinta De Gancho Y Felpa - Ensamblado + Env\u00edo a domicilio + Pago seguro + Garant\u00eda","og_url":"https:\/\/compuviper.mx\/tienda\/producto\/startech-com-rk616walm-gabinete-rack-de-servidores-6u-de-19-para-montaje-con-profundidad-ajustable-de-38cm-15-y-cierre-de-seguridad-ventilacion-estante-y-cinta-de-gancho-y-felpa-ensamblado\/","og_site_name":"Compuviper","article_publisher":"https:\/\/www.facebook.com\/compuviper","og_image":[{"width":200,"height":200,"url":"https:\/\/compuviper.mx\/tienda\/wp-content\/uploads\/2024\/09\/Gabinete-rack-de-servidores-6u-de-19-para-montaje-con-profundidad-ajustable-de-38cm15-y-cierre-de-seguridad-ventilacion-estante-y-cinta-de-gancho-y-felpa-ensamblado-startech.com_.jpg","type":"image\/jpeg"}],"twitter_card":"summary_large_image","twitter_misc":{"Precio":"&#36;5,734 con IVA","Availability":"Out of stock"},"schema":{"@context":"https:\/\/schema.org","@graph":[{"@type":"WebPage","@id":"https:\/\/compuviper.mx\/tienda\/producto\/startech-com-rk616walm-gabinete-rack-de-servidores-6u-de-19-para-montaje-con-profundidad-ajustable-de-38cm-15-y-cierre-de-seguridad-ventilacion-estante-y-cinta-de-gancho-y-felpa-ensamblado\/","url":"https:\/\/compuviper.mx\/tienda\/producto\/startech-com-rk616walm-gabinete-rack-de-servidores-6u-de-19-para-montaje-con-profundidad-ajustable-de-38cm-15-y-cierre-de-seguridad-ventilacion-estante-y-cinta-de-gancho-y-felpa-ensamblado\/","name":"[ Startech.com ] &#129351; Rk616walm Gabinete Rack De Servidores 6u De 19 Para Montaje - Con Profundidad Ajustable De 38cm\/15 Y Cierre De Seguridad - Ventilacion, Estante Y Cinta De Gancho Y Felpa - Ensamblado","isPartOf":{"@id":"https:\/\/compuviper.mx\/tienda\/#website"},"datePublished":"2026-04-25T05:09:36+00:00","dateModified":"2026-04-25T05:09:36+00:00","description":"Compra Rk616walm Gabinete Rack De Servidores 6u De 19 Para Montaje - Con Profundidad Ajustable De 38cm\/15 Y Cierre De Seguridad - Ventilacion, Estante Y Cinta De Gancho Y Felpa - Ensamblado + Env\u00edo a domicilio + Pago seguro + Garant\u00eda","breadcrumb":{"@id":"https:\/\/compuviper.mx\/tienda\/producto\/startech-com-rk616walm-gabinete-rack-de-servidores-6u-de-19-para-montaje-con-profundidad-ajustable-de-38cm-15-y-cierre-de-seguridad-ventilacion-estante-y-cinta-de-gancho-y-felpa-ensamblado\/#breadcrumb"},"inLanguage":"es-MX","potentialAction":[{"@type":"ReadAction","target":["https:\/\/compuviper.mx\/tienda\/producto\/startech-com-rk616walm-gabinete-rack-de-servidores-6u-de-19-para-montaje-con-profundidad-ajustable-de-38cm-15-y-cierre-de-seguridad-ventilacion-estante-y-cinta-de-gancho-y-felpa-ensamblado\/"]}]},{"@type":"BreadcrumbList","@id":"https:\/\/compuviper.mx\/tienda\/producto\/startech-com-rk616walm-gabinete-rack-de-servidores-6u-de-19-para-montaje-con-profundidad-ajustable-de-38cm-15-y-cierre-de-seguridad-ventilacion-estante-y-cinta-de-gancho-y-felpa-ensamblado\/#breadcrumb","itemListElement":[{"@type":"ListItem","position":1,"name":"Inicio","item":"https:\/\/compuviper.mx\/tienda\/"},{"@type":"ListItem","position":2,"name":"Productos","item":"https:\/\/compuviper.mx\/tienda\/productos\/"},{"@type":"ListItem","position":3,"name":"Gabinete De Rack","item":"https:\/\/compuviper.mx\/tienda\/categoria-producto\/gabinete-de-rack\/"},{"@type":"ListItem","position":4,"name":"Sin Categor\u00eda","item":"https:\/\/compuviper.mx\/tienda\/categoria-producto\/gabinete-de-rack\/sin-categoria-gabinete-de-rack\/"},{"@type":"ListItem","position":5,"name":"Startech.com Rk616walm Gabinete Rack De Servidores 6u De 19 Para Montaje &#8211; Con Profundidad Ajustable De 38cm\/15 Y Cierre De Seguridad &#8211; Ventilacion, Estante Y Cinta De Gancho Y Felpa &#8211; Ensamblado"}]},{"@type":"WebSite","@id":"https:\/\/compuviper.mx\/tienda\/#website","url":"https:\/\/compuviper.mx\/tienda\/","name":"Compuviper","description":"Proveedor de Computadoras, Laptops, Servidores, Monitores, Puntos de Venta, Teclados,   Impresoras, T\u00f3ner, C\u00e1maras de Seguridad y m\u00e1s en tu tienda en l\u00ednea","publisher":{"@id":"https:\/\/compuviper.mx\/tienda\/#organization"},"potentialAction":[{"@type":"SearchAction","target":{"@type":"EntryPoint","urlTemplate":"https:\/\/compuviper.mx\/tienda\/?s={search_term_string}"},"query-input":"required name=search_term_string"}],"inLanguage":"es-MX"},{"@type":"Organization","@id":"https:\/\/compuviper.mx\/tienda\/#organization","name":"Compuviper","url":"https:\/\/compuviper.mx\/tienda\/","logo":{"@type":"ImageObject","inLanguage":"es-MX","@id":"https:\/\/compuviper.mx\/tienda\/#\/schema\/logo\/image\/","url":"https:\/\/compuviper.mx\/tienda\/wp-content\/uploads\/2021\/08\/Logo-Compuviper-10.png","contentUrl":"https:\/\/compuviper.mx\/tienda\/wp-content\/uploads\/2021\/08\/Logo-Compuviper-10.png","width":1000,"height":500,"caption":"Compuviper"},"image":{"@id":"https:\/\/compuviper.mx\/tienda\/#\/schema\/logo\/image\/"},"sameAs":["https:\/\/www.facebook.com\/compuviper","https:\/\/www.youtube.com\/channel\/UCf73dERp9Y3cfOq7q8BhLjA?view_as=subscriber"]}]},"product_brand":"STARTECH.COM","product_price_amount":"5734","product_price_currency":"MXN","og_availability":"out of stock","product_availability":"out of stock","product_retailer_item_id":"RK616WALM","product_condition":"new"},"_links":{"self":[{"href":"https:\/\/compuviper.mx\/tienda\/wp-json\/wp\/v2\/product\/210989"}],"collection":[{"href":"https:\/\/compuviper.mx\/tienda\/wp-json\/wp\/v2\/product"}],"about":[{"href":"https:\/\/compuviper.mx\/tienda\/wp-json\/wp\/v2\/types\/product"}],"replies":[{"embeddable":true,"href":"https:\/\/compuviper.mx\/tienda\/wp-json\/wp\/v2\/comments?post=210989"}],"wp:featuredmedia":[{"embeddable":true,"href":"https:\/\/compuviper.mx\/tienda\/wp-json\/wp\/v2\/media\/241858"}],"wp:attachment":[{"href":"https:\/\/compuviper.mx\/tienda\/wp-json\/wp\/v2\/media?parent=210989"}],"wp:term":[{"taxonomy":"product_cat","embeddable":true,"href":"https:\/\/compuviper.mx\/tienda\/wp-json\/wp\/v2\/product_cat?post=210989"},{"taxonomy":"product_tag","embeddable":true,"href":"https:\/\/compuviper.mx\/tienda\/wp-json\/wp\/v2\/product_tag?post=210989"}],"curies":[{"name":"wp","href":"https:\/\/api.w.org\/{rel}","templated":true}]}}