{"id":210977,"date":"2026-04-01T23:11:08","date_gmt":"2026-04-02T05:11:08","guid":{"rendered":"https:\/\/compuviper.mx\/tienda\/producto\/huawei-2170477ns-gp-media-transfer-unit-ideashare-key-type-c\/"},"modified":"2026-04-02T00:00:46","modified_gmt":"2026-04-02T06:00:46","slug":"huawei-2170477ns-gp02170477-media-transfer-unit-ideashare-key-type-c","status":"publish","type":"product","link":"https:\/\/compuviper.mx\/tienda\/producto\/huawei-2170477ns-gp02170477-media-transfer-unit-ideashare-key-type-c\/","title":{"rendered":"Huawei 2170477ns-gp,02170477  Media Transfer Unit, Ideashare Key-type C"},"content":{"rendered":"<table class=\"descripcion\">\n<tr>\n<td>System compatibility<\/td>\n<\/tr>\n<tr>\n<td>Projection receiving end huawei ideahub enterprise, ideahub pro, ideahub s, ideahub board pro, ideahub b2, ideahub board 2, ideahub s2, collaboration device pro, collaboration device, collaboration device lite, box 310, and box 610<\/td>\n<\/tr>\n<tr>\n<td>Operating system windows  and #12289;macos  and #12289;andriod  and #12289;harmonyos  and #12289;ios<\/td>\n<\/tr>\n<tr>\n<td>Video features<\/td>\n<\/tr>\n<tr>\n<td>Projection resolution up to 1080p60fps without installing an app; up to 4k30fps with an app installed<\/td>\n<\/tr>\n<tr>\n<td>Audio features<\/td>\n<\/tr>\n<tr>\n<td>Audio projection 48k dual-channel lossless audio<\/td>\n<\/tr>\n<tr>\n<td>Security and stability<\/td>\n<\/tr>\n<tr>\n<td>Security and stability  and #8804; 20 m<\/td>\n<\/tr>\n<tr>\n<td>Data security aes encryption<\/td>\n<\/tr>\n<tr>\n<td>Interface<\/td>\n<\/tr>\n<tr>\n<td>Type usb type-c port (supports conversion to usb type-a port.)<\/td>\n<\/tr>\n<tr>\n<td>Wireless specifications<\/td>\n<\/tr>\n<tr>\n<td>Protocol eee 802.11 a\/b\/g\/n.<\/td>\n<\/tr>\n<tr>\n<td>Wi-fi frequency 2.4 ghz and 5 ghz<\/td>\n<\/tr>\n<tr>\n<td>Mode client mode<\/td>\n<\/tr>\n<tr>\n<td>Authentication mode wpa2-psk authentication<\/td>\n<\/tr>\n<tr>\n<td>Physical specifications<\/td>\n<\/tr>\n<tr>\n<td>Dimensions (h x w x d) product dimensions: 18 mm x 154 mm x 60 mm<\/td>\n<\/tr>\n<tr>\n<td>Package dimensions: 32 mm x 175 mm x 115 mm<\/td>\n<\/tr>\n<tr>\n<td>Net weight gross weight: 162.5 g<\/td>\n<\/tr>\n<tr>\n<td>Net weight: 58.59 g<\/td>\n<\/tr>\n<tr>\n<td>Maximum power consumption  and #8804; 2.5 w<\/td>\n<\/tr>\n<tr>\n<td>Operating voltage 5v dc<\/td>\n<\/tr>\n<tr>\n<td>Ambient temperature and humidity temperature: 0\u00b0c to 40\u00b0c (working state)<\/td>\n<\/tr>\n<tr>\n<td>Relative humidity (non-condensing): 5% to 95% (working state)<\/td>\n<\/tr>\n<tr>\n<td>\u009640\u00b0c to +70\u00b0c (non-working state)<\/td>\n<\/tr>\n<tr>\n<td>0% to 95% (non-working state)<\/td>\n<\/tr>\n<tr>\n<td>Certification and standards eu ce certification and srrc radio type approval<\/td>\n<\/tr>\n<\/table>\n","protected":false},"excerpt":{"rendered":"<p>El ideashare key (type-c) se utiliza con huawei ideahub y box series. Puede compartir la pantalla de su pc o telefono movil con un solo clic. Es ideal para varios escenarios, incluyendo informes de trabajo y discusiones de grupo, mejorando la eficiencia en el empleo.<\/p>\n","protected":false},"featured_media":241849,"comment_status":"open","ping_status":"open","template":"","meta":[],"product_cat":[1485,2036],"product_tag":[1673],"acf":[],"yoast_head":"<!-- This site is optimized with the Yoast SEO plugin v21.7 - https:\/\/yoast.com\/wordpress\/plugins\/seo\/ -->\n<title>[ Huawei ] &#129351; 2170477ns-gp,02170477 Media Transfer Unit, Ideashare Key-type C<\/title>\n<meta name=\"description\" content=\"Compra 2170477ns-gp,02170477 Media Transfer Unit, Ideashare Key-type C + Env\u00edo a domicilio + Pago seguro + Garant\u00eda\" \/>\n<meta name=\"robots\" content=\"index, follow, max-snippet:-1, max-image-preview:large, max-video-preview:-1\" \/>\n<link rel=\"canonical\" href=\"https:\/\/compuviper.mx\/tienda\/producto\/huawei-2170477ns-gp02170477-media-transfer-unit-ideashare-key-type-c\/\" \/>\n<meta property=\"og:locale\" content=\"es_MX\" \/>\n<meta property=\"og:type\" content=\"article\" \/>\n<meta property=\"og:title\" content=\"[ Huawei ] &#129351; 2170477ns-gp,02170477 Media Transfer Unit, Ideashare Key-type C\" \/>\n<meta property=\"og:description\" content=\"Compra 2170477ns-gp,02170477 Media Transfer Unit, Ideashare Key-type C + Env\u00edo a domicilio + Pago seguro + Garant\u00eda\" \/>\n<meta property=\"og:url\" content=\"https:\/\/compuviper.mx\/tienda\/producto\/huawei-2170477ns-gp02170477-media-transfer-unit-ideashare-key-type-c\/\" \/>\n<meta property=\"og:site_name\" content=\"Compuviper\" \/>\n<meta property=\"article:publisher\" content=\"https:\/\/www.facebook.com\/compuviper\" \/>\n<meta property=\"article:modified_time\" content=\"2026-04-02T06:00:46+00:00\" \/>\n<meta property=\"og:image\" content=\"https:\/\/compuviper.mx\/tienda\/wp-content\/uploads\/2024\/09\/Huawei-media-transfer-unit-ideashare-key-type-c.jpg\" \/>\n\t<meta property=\"og:image:width\" content=\"200\" \/>\n\t<meta property=\"og:image:height\" content=\"200\" \/>\n\t<meta property=\"og:image:type\" content=\"image\/jpeg\" \/>\n<meta name=\"twitter:card\" content=\"summary_large_image\" \/>\n<meta name=\"twitter:label1\" content=\"Precio\" \/>\n\t<meta name=\"twitter:data1\" content=\"&#36;1,979 con IVA\" \/>\n\t<meta name=\"twitter:label2\" content=\"Availability\" \/>\n\t<meta name=\"twitter:data2\" content=\"In stock\" \/>\n<script type=\"application\/ld+json\" class=\"yoast-schema-graph\">{\"@context\":\"https:\/\/schema.org\",\"@graph\":[{\"@type\":\"WebPage\",\"@id\":\"https:\/\/compuviper.mx\/tienda\/producto\/huawei-2170477ns-gp02170477-media-transfer-unit-ideashare-key-type-c\/\",\"url\":\"https:\/\/compuviper.mx\/tienda\/producto\/huawei-2170477ns-gp02170477-media-transfer-unit-ideashare-key-type-c\/\",\"name\":\"[ Huawei ] &#129351; 2170477ns-gp,02170477 Media Transfer Unit, Ideashare Key-type C\",\"isPartOf\":{\"@id\":\"https:\/\/compuviper.mx\/tienda\/#website\"},\"datePublished\":\"2026-04-02T05:11:08+00:00\",\"dateModified\":\"2026-04-02T06:00:46+00:00\",\"description\":\"Compra 2170477ns-gp,02170477 Media Transfer Unit, Ideashare Key-type C + Env\u00edo a domicilio + Pago seguro + Garant\u00eda\",\"breadcrumb\":{\"@id\":\"https:\/\/compuviper.mx\/tienda\/producto\/huawei-2170477ns-gp02170477-media-transfer-unit-ideashare-key-type-c\/#breadcrumb\"},\"inLanguage\":\"es-MX\",\"potentialAction\":[{\"@type\":\"ReadAction\",\"target\":[\"https:\/\/compuviper.mx\/tienda\/producto\/huawei-2170477ns-gp02170477-media-transfer-unit-ideashare-key-type-c\/\"]}]},{\"@type\":\"BreadcrumbList\",\"@id\":\"https:\/\/compuviper.mx\/tienda\/producto\/huawei-2170477ns-gp02170477-media-transfer-unit-ideashare-key-type-c\/#breadcrumb\",\"itemListElement\":[{\"@type\":\"ListItem\",\"position\":1,\"name\":\"Inicio\",\"item\":\"https:\/\/compuviper.mx\/tienda\/\"},{\"@type\":\"ListItem\",\"position\":2,\"name\":\"Productos\",\"item\":\"https:\/\/compuviper.mx\/tienda\/productos\/\"},{\"@type\":\"ListItem\",\"position\":3,\"name\":\"Accesorios\",\"item\":\"https:\/\/compuviper.mx\/tienda\/categoria-producto\/accesorios\/\"},{\"@type\":\"ListItem\",\"position\":4,\"name\":\"Videoconferencia\",\"item\":\"https:\/\/compuviper.mx\/tienda\/categoria-producto\/accesorios\/videoconferencia-accesorios\/\"},{\"@type\":\"ListItem\",\"position\":5,\"name\":\"Huawei 2170477ns-gp,02170477 Media Transfer Unit, Ideashare Key-type C\"}]},{\"@type\":\"WebSite\",\"@id\":\"https:\/\/compuviper.mx\/tienda\/#website\",\"url\":\"https:\/\/compuviper.mx\/tienda\/\",\"name\":\"Compuviper\",\"description\":\"Proveedor de Computadoras, Laptops, Servidores, Monitores, Puntos de Venta, Teclados,   Impresoras, T\u00f3ner, C\u00e1maras de Seguridad y m\u00e1s en tu tienda en l\u00ednea\",\"publisher\":{\"@id\":\"https:\/\/compuviper.mx\/tienda\/#organization\"},\"potentialAction\":[{\"@type\":\"SearchAction\",\"target\":{\"@type\":\"EntryPoint\",\"urlTemplate\":\"https:\/\/compuviper.mx\/tienda\/?s={search_term_string}\"},\"query-input\":\"required name=search_term_string\"}],\"inLanguage\":\"es-MX\"},{\"@type\":\"Organization\",\"@id\":\"https:\/\/compuviper.mx\/tienda\/#organization\",\"name\":\"Compuviper\",\"url\":\"https:\/\/compuviper.mx\/tienda\/\",\"logo\":{\"@type\":\"ImageObject\",\"inLanguage\":\"es-MX\",\"@id\":\"https:\/\/compuviper.mx\/tienda\/#\/schema\/logo\/image\/\",\"url\":\"https:\/\/compuviper.mx\/tienda\/wp-content\/uploads\/2021\/08\/Logo-Compuviper-10.png\",\"contentUrl\":\"https:\/\/compuviper.mx\/tienda\/wp-content\/uploads\/2021\/08\/Logo-Compuviper-10.png\",\"width\":1000,\"height\":500,\"caption\":\"Compuviper\"},\"image\":{\"@id\":\"https:\/\/compuviper.mx\/tienda\/#\/schema\/logo\/image\/\"},\"sameAs\":[\"https:\/\/www.facebook.com\/compuviper\",\"https:\/\/www.youtube.com\/channel\/UCf73dERp9Y3cfOq7q8BhLjA?view_as=subscriber\"]}]}<\/script>\n<meta property=\"product:brand\" content=\"HUAWEI\" \/>\n<meta property=\"product:price:amount\" content=\"1979\" \/>\n<meta property=\"product:price:currency\" content=\"MXN\" \/>\n<meta property=\"og:availability\" content=\"instock\" \/>\n<meta property=\"product:availability\" content=\"instock\" \/>\n<meta property=\"product:retailer_item_id\" content=\"2170477NS-GP,02170477\" \/>\n<meta property=\"product:condition\" content=\"new\" \/>\n<!-- \/ Yoast SEO plugin. -->","yoast_head_json":{"title":"[ Huawei ] &#129351; 2170477ns-gp,02170477 Media Transfer Unit, Ideashare Key-type C","description":"Compra 2170477ns-gp,02170477 Media Transfer Unit, Ideashare Key-type C + Env\u00edo a domicilio + Pago seguro + Garant\u00eda","robots":{"index":"index","follow":"follow","max-snippet":"max-snippet:-1","max-image-preview":"max-image-preview:large","max-video-preview":"max-video-preview:-1"},"canonical":"https:\/\/compuviper.mx\/tienda\/producto\/huawei-2170477ns-gp02170477-media-transfer-unit-ideashare-key-type-c\/","og_locale":"es_MX","og_type":"article","og_title":"[ Huawei ] &#129351; 2170477ns-gp,02170477 Media Transfer Unit, Ideashare Key-type C","og_description":"Compra 2170477ns-gp,02170477 Media Transfer Unit, Ideashare Key-type C + Env\u00edo a domicilio + Pago seguro + Garant\u00eda","og_url":"https:\/\/compuviper.mx\/tienda\/producto\/huawei-2170477ns-gp02170477-media-transfer-unit-ideashare-key-type-c\/","og_site_name":"Compuviper","article_publisher":"https:\/\/www.facebook.com\/compuviper","article_modified_time":"2026-04-02T06:00:46+00:00","og_image":[{"width":200,"height":200,"url":"https:\/\/compuviper.mx\/tienda\/wp-content\/uploads\/2024\/09\/Huawei-media-transfer-unit-ideashare-key-type-c.jpg","type":"image\/jpeg"}],"twitter_card":"summary_large_image","twitter_misc":{"Precio":"&#36;1,979 con IVA","Availability":"In stock"},"schema":{"@context":"https:\/\/schema.org","@graph":[{"@type":"WebPage","@id":"https:\/\/compuviper.mx\/tienda\/producto\/huawei-2170477ns-gp02170477-media-transfer-unit-ideashare-key-type-c\/","url":"https:\/\/compuviper.mx\/tienda\/producto\/huawei-2170477ns-gp02170477-media-transfer-unit-ideashare-key-type-c\/","name":"[ Huawei ] &#129351; 2170477ns-gp,02170477 Media Transfer Unit, Ideashare Key-type C","isPartOf":{"@id":"https:\/\/compuviper.mx\/tienda\/#website"},"datePublished":"2026-04-02T05:11:08+00:00","dateModified":"2026-04-02T06:00:46+00:00","description":"Compra 2170477ns-gp,02170477 Media Transfer Unit, Ideashare Key-type C + Env\u00edo a domicilio + Pago seguro + Garant\u00eda","breadcrumb":{"@id":"https:\/\/compuviper.mx\/tienda\/producto\/huawei-2170477ns-gp02170477-media-transfer-unit-ideashare-key-type-c\/#breadcrumb"},"inLanguage":"es-MX","potentialAction":[{"@type":"ReadAction","target":["https:\/\/compuviper.mx\/tienda\/producto\/huawei-2170477ns-gp02170477-media-transfer-unit-ideashare-key-type-c\/"]}]},{"@type":"BreadcrumbList","@id":"https:\/\/compuviper.mx\/tienda\/producto\/huawei-2170477ns-gp02170477-media-transfer-unit-ideashare-key-type-c\/#breadcrumb","itemListElement":[{"@type":"ListItem","position":1,"name":"Inicio","item":"https:\/\/compuviper.mx\/tienda\/"},{"@type":"ListItem","position":2,"name":"Productos","item":"https:\/\/compuviper.mx\/tienda\/productos\/"},{"@type":"ListItem","position":3,"name":"Accesorios","item":"https:\/\/compuviper.mx\/tienda\/categoria-producto\/accesorios\/"},{"@type":"ListItem","position":4,"name":"Videoconferencia","item":"https:\/\/compuviper.mx\/tienda\/categoria-producto\/accesorios\/videoconferencia-accesorios\/"},{"@type":"ListItem","position":5,"name":"Huawei 2170477ns-gp,02170477 Media Transfer Unit, Ideashare Key-type C"}]},{"@type":"WebSite","@id":"https:\/\/compuviper.mx\/tienda\/#website","url":"https:\/\/compuviper.mx\/tienda\/","name":"Compuviper","description":"Proveedor de Computadoras, Laptops, Servidores, Monitores, Puntos de Venta, Teclados,   Impresoras, T\u00f3ner, C\u00e1maras de Seguridad y m\u00e1s en tu tienda en l\u00ednea","publisher":{"@id":"https:\/\/compuviper.mx\/tienda\/#organization"},"potentialAction":[{"@type":"SearchAction","target":{"@type":"EntryPoint","urlTemplate":"https:\/\/compuviper.mx\/tienda\/?s={search_term_string}"},"query-input":"required name=search_term_string"}],"inLanguage":"es-MX"},{"@type":"Organization","@id":"https:\/\/compuviper.mx\/tienda\/#organization","name":"Compuviper","url":"https:\/\/compuviper.mx\/tienda\/","logo":{"@type":"ImageObject","inLanguage":"es-MX","@id":"https:\/\/compuviper.mx\/tienda\/#\/schema\/logo\/image\/","url":"https:\/\/compuviper.mx\/tienda\/wp-content\/uploads\/2021\/08\/Logo-Compuviper-10.png","contentUrl":"https:\/\/compuviper.mx\/tienda\/wp-content\/uploads\/2021\/08\/Logo-Compuviper-10.png","width":1000,"height":500,"caption":"Compuviper"},"image":{"@id":"https:\/\/compuviper.mx\/tienda\/#\/schema\/logo\/image\/"},"sameAs":["https:\/\/www.facebook.com\/compuviper","https:\/\/www.youtube.com\/channel\/UCf73dERp9Y3cfOq7q8BhLjA?view_as=subscriber"]}]},"product_brand":"HUAWEI","product_price_amount":"1979","product_price_currency":"MXN","og_availability":"instock","product_availability":"instock","product_retailer_item_id":"2170477NS-GP,02170477","product_condition":"new"},"_links":{"self":[{"href":"https:\/\/compuviper.mx\/tienda\/wp-json\/wp\/v2\/product\/210977"}],"collection":[{"href":"https:\/\/compuviper.mx\/tienda\/wp-json\/wp\/v2\/product"}],"about":[{"href":"https:\/\/compuviper.mx\/tienda\/wp-json\/wp\/v2\/types\/product"}],"replies":[{"embeddable":true,"href":"https:\/\/compuviper.mx\/tienda\/wp-json\/wp\/v2\/comments?post=210977"}],"wp:featuredmedia":[{"embeddable":true,"href":"https:\/\/compuviper.mx\/tienda\/wp-json\/wp\/v2\/media\/241849"}],"wp:attachment":[{"href":"https:\/\/compuviper.mx\/tienda\/wp-json\/wp\/v2\/media?parent=210977"}],"wp:term":[{"taxonomy":"product_cat","embeddable":true,"href":"https:\/\/compuviper.mx\/tienda\/wp-json\/wp\/v2\/product_cat?post=210977"},{"taxonomy":"product_tag","embeddable":true,"href":"https:\/\/compuviper.mx\/tienda\/wp-json\/wp\/v2\/product_tag?post=210977"}],"curies":[{"name":"wp","href":"https:\/\/api.w.org\/{rel}","templated":true}]}}