{"id":210971,"date":"2026-04-06T23:09:49","date_gmt":"2026-04-07T05:09:49","guid":{"rendered":"https:\/\/compuviper.mx\/tienda\/producto\/hikvision-ds-k1t320ex-terminal-facial-min-moe-lector-de-tarjetas-prox-em-para-control-de-acceso-o-asistencia-500-rostros-deteccin-de-cubrebocas-hikconnect-reconocimiento-a-1-5-mts-de-distan\/"},"modified":"2026-04-06T23:09:50","modified_gmt":"2026-04-07T05:09:50","slug":"hikvision-ds-k1t320ex-terminal-facial-min-moe-lector-de-tarjetas-prox-em-para-control-de-acceso-o-asistencia-500-rostros-deteccin-de-cubrebocas-hikconnect-reconocimiento-a-1-5-mts-de-distan","status":"publish","type":"product","link":"https:\/\/compuviper.mx\/tienda\/producto\/hikvision-ds-k1t320ex-terminal-facial-min-moe-lector-de-tarjetas-prox-em-para-control-de-acceso-o-asistencia-500-rostros-deteccin-de-cubrebocas-hikconnect-reconocimiento-a-1-5-mts-de-distan\/","title":{"rendered":"Hikvision Ds-k1t320ex Terminal Facial Min Moe   Lector De Tarjetas Prox Em Para Control De Acceso O Asistencia \/ 500 Rostros \/ Detecci?n De Cubrebocas \/ Hikconnect \/ Reconocimiento A 1.5 Mts De Distanc"},"content":{"rendered":"<table class=\"descripcion\">\n<tr>\n<td>Caracter\u00edsticas f\u00edsicas y el\u00e9ctricas:<\/td>\n<\/tr>\n<tr>\n<td>    alimentaci\u00f3n: 12 vcc \/ 1 a (incluido)<\/td>\n<\/tr>\n<tr>\n<td>    temperatura: -10 \u00b0c to 40 \u00b0c (14 \u00b0f to 104 \u00b0f)<\/td>\n<\/tr>\n<tr>\n<td>    dimensiones: 130 mm \u00d7 150 mm \u00d7 24.7 mm<\/td>\n<\/tr>\n<tr>\n<td>    aplicaci\u00f3n: interior.<\/td>\n<\/tr>\n<tr>\n<td>    montajes incluidos: pared<\/td>\n<\/tr>\n<tr>\n<td>    interfaces:<\/td>\n<\/tr>\n<tr>\n<td>        relay nc\/no: 1<\/td>\n<\/tr>\n<tr>\n<td>        usb: 1<\/td>\n<\/tr>\n<tr>\n<td>        bot\u00f3n de salida: 1<\/td>\n<\/tr>\n<tr>\n<td>        red cableada (no es wifi)<\/td>\n<\/tr>\n<tr>\n<td>        sensor de puerta<\/td>\n<\/tr>\n<\/table>\n","protected":false},"excerpt":{"rendered":"<p>Caracter\u00edsticas principales.     Pantalla de 2.4 pulgadas.     C\u00e1mara 2 mp gran angular.     Distancia de reconocimiento facial 0.3 a 1.5 m.     Web server de nueva generaci\u00f3n 2.0.     Soporta hasta 500 rostros.     Capacidad para 100,000 eventos.     Soporta hasta 1,000 tarjetas prox em.     Funcionamiento aut\u00f3nomo, con  ivms4200.     Hikconnect: soportado.     Detecci\u00f3n de cubrebocas: soportado.     Garant\u00eda: 2 a\u00f1os. Cter\u00edsticas destacadas. Compatible con p2p a trav\u00e9s de app hik-connect solo para apertura y monitoreo de c\u00e1mara remotamente desde cualquier parte del mundo. Sin ip p\u00fablica fija \/ sin ddns (en la nube).<\/p>\n","protected":false},"featured_media":241844,"comment_status":"open","ping_status":"open","template":"","meta":[],"product_cat":[1540,1541],"product_tag":[1595],"acf":[],"yoast_head":"<!-- This site is optimized with the Yoast SEO plugin v21.7 - https:\/\/yoast.com\/wordpress\/plugins\/seo\/ -->\n<title>[ Hikvision ] &#129351; Ds-k1t320ex Terminal Facial Min Moe Lector De Tarjetas Prox Em Para Control De Acceso O Asistencia \/ 500 Rostros \/ Detecci\u00f3n De Cubrebocas \/ Hikconnect \/ Reconocimiento A 1.5 Mts De Distanc<\/title>\n<meta name=\"description\" content=\"Compra Ds-k1t320ex Terminal Facial Min Moe Lector De Tarjetas Prox Em Para Control De Acceso O Asistencia \/ 500 Rostros \/ Detecci\u00f3n De Cubrebocas \/ Hikconnect \/ Reconocimiento A 1.5 Mts De Distanc + Env\u00edo a domicilio + Pago seguro + Garant\u00eda\" \/>\n<meta name=\"robots\" content=\"index, follow, max-snippet:-1, max-image-preview:large, max-video-preview:-1\" \/>\n<link rel=\"canonical\" href=\"https:\/\/compuviper.mx\/tienda\/producto\/hikvision-ds-k1t320ex-terminal-facial-min-moe-lector-de-tarjetas-prox-em-para-control-de-acceso-o-asistencia-500-rostros-deteccin-de-cubrebocas-hikconnect-reconocimiento-a-1-5-mts-de-distan\/\" \/>\n<meta property=\"og:locale\" content=\"es_MX\" \/>\n<meta property=\"og:type\" content=\"article\" \/>\n<meta property=\"og:title\" content=\"[ Hikvision ] &#129351; Ds-k1t320ex Terminal Facial Min Moe Lector De Tarjetas Prox Em Para Control De Acceso O Asistencia \/ 500 Rostros \/ Detecci\u00f3n De Cubrebocas \/ Hikconnect \/ Reconocimiento A 1.5 Mts De Distanc\" \/>\n<meta property=\"og:description\" content=\"Compra Ds-k1t320ex Terminal Facial Min Moe Lector De Tarjetas Prox Em Para Control De Acceso O Asistencia \/ 500 Rostros \/ Detecci\u00f3n De Cubrebocas \/ Hikconnect \/ Reconocimiento A 1.5 Mts De Distanc + Env\u00edo a domicilio + Pago seguro + Garant\u00eda\" \/>\n<meta property=\"og:url\" content=\"https:\/\/compuviper.mx\/tienda\/producto\/hikvision-ds-k1t320ex-terminal-facial-min-moe-lector-de-tarjetas-prox-em-para-control-de-acceso-o-asistencia-500-rostros-deteccin-de-cubrebocas-hikconnect-reconocimiento-a-1-5-mts-de-distan\/\" \/>\n<meta property=\"og:site_name\" content=\"Compuviper\" \/>\n<meta property=\"article:publisher\" content=\"https:\/\/www.facebook.com\/compuviper\" \/>\n<meta property=\"article:modified_time\" content=\"2026-04-07T05:09:50+00:00\" \/>\n<meta property=\"og:image\" content=\"https:\/\/compuviper.mx\/tienda\/wp-content\/uploads\/2024\/09\/Terminal-facial-min-moe-hikvision-ds-k1t320ex-lector-de-tarjetas-prox-em-para-control-de-acceso-o-asistencia-500-rostros-deteccion-de-cubrebocas-hikconnect-reconocimiento-a-1.5-mts-de-distanc.jpg\" \/>\n\t<meta property=\"og:image:width\" content=\"200\" \/>\n\t<meta property=\"og:image:height\" content=\"200\" \/>\n\t<meta property=\"og:image:type\" content=\"image\/jpeg\" \/>\n<meta name=\"twitter:card\" content=\"summary_large_image\" \/>\n<meta name=\"twitter:label1\" content=\"Precio\" \/>\n\t<meta name=\"twitter:data1\" content=\"&#36;1,128 con IVA\" \/>\n\t<meta name=\"twitter:label2\" content=\"Availability\" \/>\n\t<meta name=\"twitter:data2\" content=\"On backorder\" \/>\n<script type=\"application\/ld+json\" class=\"yoast-schema-graph\">{\"@context\":\"https:\/\/schema.org\",\"@graph\":[{\"@type\":\"WebPage\",\"@id\":\"https:\/\/compuviper.mx\/tienda\/producto\/hikvision-ds-k1t320ex-terminal-facial-min-moe-lector-de-tarjetas-prox-em-para-control-de-acceso-o-asistencia-500-rostros-deteccin-de-cubrebocas-hikconnect-reconocimiento-a-1-5-mts-de-distan\/\",\"url\":\"https:\/\/compuviper.mx\/tienda\/producto\/hikvision-ds-k1t320ex-terminal-facial-min-moe-lector-de-tarjetas-prox-em-para-control-de-acceso-o-asistencia-500-rostros-deteccin-de-cubrebocas-hikconnect-reconocimiento-a-1-5-mts-de-distan\/\",\"name\":\"[ Hikvision ] &#129351; Ds-k1t320ex Terminal Facial Min Moe Lector De Tarjetas Prox Em Para Control De Acceso O Asistencia \/ 500 Rostros \/ Detecci\u00f3n De Cubrebocas \/ Hikconnect \/ Reconocimiento A 1.5 Mts De Distanc\",\"isPartOf\":{\"@id\":\"https:\/\/compuviper.mx\/tienda\/#website\"},\"datePublished\":\"2026-04-07T05:09:49+00:00\",\"dateModified\":\"2026-04-07T05:09:50+00:00\",\"description\":\"Compra Ds-k1t320ex Terminal Facial Min Moe Lector De Tarjetas Prox Em Para Control De Acceso O Asistencia \/ 500 Rostros \/ Detecci\u00f3n De Cubrebocas \/ Hikconnect \/ Reconocimiento A 1.5 Mts De Distanc + Env\u00edo a domicilio + Pago seguro + Garant\u00eda\",\"breadcrumb\":{\"@id\":\"https:\/\/compuviper.mx\/tienda\/producto\/hikvision-ds-k1t320ex-terminal-facial-min-moe-lector-de-tarjetas-prox-em-para-control-de-acceso-o-asistencia-500-rostros-deteccin-de-cubrebocas-hikconnect-reconocimiento-a-1-5-mts-de-distan\/#breadcrumb\"},\"inLanguage\":\"es-MX\",\"potentialAction\":[{\"@type\":\"ReadAction\",\"target\":[\"https:\/\/compuviper.mx\/tienda\/producto\/hikvision-ds-k1t320ex-terminal-facial-min-moe-lector-de-tarjetas-prox-em-para-control-de-acceso-o-asistencia-500-rostros-deteccin-de-cubrebocas-hikconnect-reconocimiento-a-1-5-mts-de-distan\/\"]}]},{\"@type\":\"BreadcrumbList\",\"@id\":\"https:\/\/compuviper.mx\/tienda\/producto\/hikvision-ds-k1t320ex-terminal-facial-min-moe-lector-de-tarjetas-prox-em-para-control-de-acceso-o-asistencia-500-rostros-deteccin-de-cubrebocas-hikconnect-reconocimiento-a-1-5-mts-de-distan\/#breadcrumb\",\"itemListElement\":[{\"@type\":\"ListItem\",\"position\":1,\"name\":\"Inicio\",\"item\":\"https:\/\/compuviper.mx\/tienda\/\"},{\"@type\":\"ListItem\",\"position\":2,\"name\":\"Productos\",\"item\":\"https:\/\/compuviper.mx\/tienda\/productos\/\"},{\"@type\":\"ListItem\",\"position\":3,\"name\":\"Control De Acceso Y Asistencia\",\"item\":\"https:\/\/compuviper.mx\/tienda\/categoria-producto\/control-de-acceso-y-asistencia\/\"},{\"@type\":\"ListItem\",\"position\":4,\"name\":\"Lectores De Control De Acceso Y Asistencia\",\"item\":\"https:\/\/compuviper.mx\/tienda\/categoria-producto\/control-de-acceso-y-asistencia\/lectores-de-control-de-acceso-y-asistencia\/\"},{\"@type\":\"ListItem\",\"position\":5,\"name\":\"Hikvision Ds-k1t320ex Terminal Facial Min Moe Lector De Tarjetas Prox Em Para Control De Acceso O Asistencia \/ 500 Rostros \/ Detecci?n De Cubrebocas \/ Hikconnect \/ Reconocimiento A 1.5 Mts De Distanc\"}]},{\"@type\":\"WebSite\",\"@id\":\"https:\/\/compuviper.mx\/tienda\/#website\",\"url\":\"https:\/\/compuviper.mx\/tienda\/\",\"name\":\"Compuviper\",\"description\":\"Proveedor de Computadoras, Laptops, Servidores, Monitores, Puntos de Venta, Teclados,   Impresoras, T\u00f3ner, C\u00e1maras de Seguridad y m\u00e1s en tu tienda en l\u00ednea\",\"publisher\":{\"@id\":\"https:\/\/compuviper.mx\/tienda\/#organization\"},\"potentialAction\":[{\"@type\":\"SearchAction\",\"target\":{\"@type\":\"EntryPoint\",\"urlTemplate\":\"https:\/\/compuviper.mx\/tienda\/?s={search_term_string}\"},\"query-input\":\"required name=search_term_string\"}],\"inLanguage\":\"es-MX\"},{\"@type\":\"Organization\",\"@id\":\"https:\/\/compuviper.mx\/tienda\/#organization\",\"name\":\"Compuviper\",\"url\":\"https:\/\/compuviper.mx\/tienda\/\",\"logo\":{\"@type\":\"ImageObject\",\"inLanguage\":\"es-MX\",\"@id\":\"https:\/\/compuviper.mx\/tienda\/#\/schema\/logo\/image\/\",\"url\":\"https:\/\/compuviper.mx\/tienda\/wp-content\/uploads\/2021\/08\/Logo-Compuviper-10.png\",\"contentUrl\":\"https:\/\/compuviper.mx\/tienda\/wp-content\/uploads\/2021\/08\/Logo-Compuviper-10.png\",\"width\":1000,\"height\":500,\"caption\":\"Compuviper\"},\"image\":{\"@id\":\"https:\/\/compuviper.mx\/tienda\/#\/schema\/logo\/image\/\"},\"sameAs\":[\"https:\/\/www.facebook.com\/compuviper\",\"https:\/\/www.youtube.com\/channel\/UCf73dERp9Y3cfOq7q8BhLjA?view_as=subscriber\"]}]}<\/script>\n<meta property=\"product:brand\" content=\"HIKVISION\" \/>\n<meta property=\"product:price:amount\" content=\"1128\" \/>\n<meta property=\"product:price:currency\" content=\"MXN\" \/>\n<meta property=\"og:availability\" content=\"backorder\" \/>\n<meta property=\"product:availability\" content=\"available for order\" \/>\n<meta property=\"product:retailer_item_id\" content=\"DS-K1T320EX\" \/>\n<meta property=\"product:condition\" content=\"new\" \/>\n<!-- \/ Yoast SEO plugin. -->","yoast_head_json":{"title":"[ Hikvision ] &#129351; Ds-k1t320ex Terminal Facial Min Moe Lector De Tarjetas Prox Em Para Control De Acceso O Asistencia \/ 500 Rostros \/ Detecci\u00f3n De Cubrebocas \/ Hikconnect \/ Reconocimiento A 1.5 Mts De Distanc","description":"Compra Ds-k1t320ex Terminal Facial Min Moe Lector De Tarjetas Prox Em Para Control De Acceso O Asistencia \/ 500 Rostros \/ Detecci\u00f3n De Cubrebocas \/ Hikconnect \/ Reconocimiento A 1.5 Mts De Distanc + Env\u00edo a domicilio + Pago seguro + Garant\u00eda","robots":{"index":"index","follow":"follow","max-snippet":"max-snippet:-1","max-image-preview":"max-image-preview:large","max-video-preview":"max-video-preview:-1"},"canonical":"https:\/\/compuviper.mx\/tienda\/producto\/hikvision-ds-k1t320ex-terminal-facial-min-moe-lector-de-tarjetas-prox-em-para-control-de-acceso-o-asistencia-500-rostros-deteccin-de-cubrebocas-hikconnect-reconocimiento-a-1-5-mts-de-distan\/","og_locale":"es_MX","og_type":"article","og_title":"[ Hikvision ] &#129351; Ds-k1t320ex Terminal Facial Min Moe Lector De Tarjetas Prox Em Para Control De Acceso O Asistencia \/ 500 Rostros \/ Detecci\u00f3n De Cubrebocas \/ Hikconnect \/ Reconocimiento A 1.5 Mts De Distanc","og_description":"Compra Ds-k1t320ex Terminal Facial Min Moe Lector De Tarjetas Prox Em Para Control De Acceso O Asistencia \/ 500 Rostros \/ Detecci\u00f3n De Cubrebocas \/ Hikconnect \/ Reconocimiento A 1.5 Mts De Distanc + Env\u00edo a domicilio + Pago seguro + Garant\u00eda","og_url":"https:\/\/compuviper.mx\/tienda\/producto\/hikvision-ds-k1t320ex-terminal-facial-min-moe-lector-de-tarjetas-prox-em-para-control-de-acceso-o-asistencia-500-rostros-deteccin-de-cubrebocas-hikconnect-reconocimiento-a-1-5-mts-de-distan\/","og_site_name":"Compuviper","article_publisher":"https:\/\/www.facebook.com\/compuviper","article_modified_time":"2026-04-07T05:09:50+00:00","og_image":[{"width":200,"height":200,"url":"https:\/\/compuviper.mx\/tienda\/wp-content\/uploads\/2024\/09\/Terminal-facial-min-moe-hikvision-ds-k1t320ex-lector-de-tarjetas-prox-em-para-control-de-acceso-o-asistencia-500-rostros-deteccion-de-cubrebocas-hikconnect-reconocimiento-a-1.5-mts-de-distanc.jpg","type":"image\/jpeg"}],"twitter_card":"summary_large_image","twitter_misc":{"Precio":"&#36;1,128 con IVA","Availability":"On backorder"},"schema":{"@context":"https:\/\/schema.org","@graph":[{"@type":"WebPage","@id":"https:\/\/compuviper.mx\/tienda\/producto\/hikvision-ds-k1t320ex-terminal-facial-min-moe-lector-de-tarjetas-prox-em-para-control-de-acceso-o-asistencia-500-rostros-deteccin-de-cubrebocas-hikconnect-reconocimiento-a-1-5-mts-de-distan\/","url":"https:\/\/compuviper.mx\/tienda\/producto\/hikvision-ds-k1t320ex-terminal-facial-min-moe-lector-de-tarjetas-prox-em-para-control-de-acceso-o-asistencia-500-rostros-deteccin-de-cubrebocas-hikconnect-reconocimiento-a-1-5-mts-de-distan\/","name":"[ Hikvision ] &#129351; Ds-k1t320ex Terminal Facial Min Moe Lector De Tarjetas Prox Em Para Control De Acceso O Asistencia \/ 500 Rostros \/ Detecci\u00f3n De Cubrebocas \/ Hikconnect \/ Reconocimiento A 1.5 Mts De Distanc","isPartOf":{"@id":"https:\/\/compuviper.mx\/tienda\/#website"},"datePublished":"2026-04-07T05:09:49+00:00","dateModified":"2026-04-07T05:09:50+00:00","description":"Compra Ds-k1t320ex Terminal Facial Min Moe Lector De Tarjetas Prox Em Para Control De Acceso O Asistencia \/ 500 Rostros \/ Detecci\u00f3n De Cubrebocas \/ Hikconnect \/ Reconocimiento A 1.5 Mts De Distanc + Env\u00edo a domicilio + Pago seguro + Garant\u00eda","breadcrumb":{"@id":"https:\/\/compuviper.mx\/tienda\/producto\/hikvision-ds-k1t320ex-terminal-facial-min-moe-lector-de-tarjetas-prox-em-para-control-de-acceso-o-asistencia-500-rostros-deteccin-de-cubrebocas-hikconnect-reconocimiento-a-1-5-mts-de-distan\/#breadcrumb"},"inLanguage":"es-MX","potentialAction":[{"@type":"ReadAction","target":["https:\/\/compuviper.mx\/tienda\/producto\/hikvision-ds-k1t320ex-terminal-facial-min-moe-lector-de-tarjetas-prox-em-para-control-de-acceso-o-asistencia-500-rostros-deteccin-de-cubrebocas-hikconnect-reconocimiento-a-1-5-mts-de-distan\/"]}]},{"@type":"BreadcrumbList","@id":"https:\/\/compuviper.mx\/tienda\/producto\/hikvision-ds-k1t320ex-terminal-facial-min-moe-lector-de-tarjetas-prox-em-para-control-de-acceso-o-asistencia-500-rostros-deteccin-de-cubrebocas-hikconnect-reconocimiento-a-1-5-mts-de-distan\/#breadcrumb","itemListElement":[{"@type":"ListItem","position":1,"name":"Inicio","item":"https:\/\/compuviper.mx\/tienda\/"},{"@type":"ListItem","position":2,"name":"Productos","item":"https:\/\/compuviper.mx\/tienda\/productos\/"},{"@type":"ListItem","position":3,"name":"Control De Acceso Y Asistencia","item":"https:\/\/compuviper.mx\/tienda\/categoria-producto\/control-de-acceso-y-asistencia\/"},{"@type":"ListItem","position":4,"name":"Lectores De Control De Acceso Y Asistencia","item":"https:\/\/compuviper.mx\/tienda\/categoria-producto\/control-de-acceso-y-asistencia\/lectores-de-control-de-acceso-y-asistencia\/"},{"@type":"ListItem","position":5,"name":"Hikvision Ds-k1t320ex Terminal Facial Min Moe Lector De Tarjetas Prox Em Para Control De Acceso O Asistencia \/ 500 Rostros \/ Detecci?n De Cubrebocas \/ Hikconnect \/ Reconocimiento A 1.5 Mts De Distanc"}]},{"@type":"WebSite","@id":"https:\/\/compuviper.mx\/tienda\/#website","url":"https:\/\/compuviper.mx\/tienda\/","name":"Compuviper","description":"Proveedor de Computadoras, Laptops, Servidores, Monitores, Puntos de Venta, Teclados,   Impresoras, T\u00f3ner, C\u00e1maras de Seguridad y m\u00e1s en tu tienda en l\u00ednea","publisher":{"@id":"https:\/\/compuviper.mx\/tienda\/#organization"},"potentialAction":[{"@type":"SearchAction","target":{"@type":"EntryPoint","urlTemplate":"https:\/\/compuviper.mx\/tienda\/?s={search_term_string}"},"query-input":"required name=search_term_string"}],"inLanguage":"es-MX"},{"@type":"Organization","@id":"https:\/\/compuviper.mx\/tienda\/#organization","name":"Compuviper","url":"https:\/\/compuviper.mx\/tienda\/","logo":{"@type":"ImageObject","inLanguage":"es-MX","@id":"https:\/\/compuviper.mx\/tienda\/#\/schema\/logo\/image\/","url":"https:\/\/compuviper.mx\/tienda\/wp-content\/uploads\/2021\/08\/Logo-Compuviper-10.png","contentUrl":"https:\/\/compuviper.mx\/tienda\/wp-content\/uploads\/2021\/08\/Logo-Compuviper-10.png","width":1000,"height":500,"caption":"Compuviper"},"image":{"@id":"https:\/\/compuviper.mx\/tienda\/#\/schema\/logo\/image\/"},"sameAs":["https:\/\/www.facebook.com\/compuviper","https:\/\/www.youtube.com\/channel\/UCf73dERp9Y3cfOq7q8BhLjA?view_as=subscriber"]}]},"product_brand":"HIKVISION","product_price_amount":"1128","product_price_currency":"MXN","og_availability":"backorder","product_availability":"available for order","product_retailer_item_id":"DS-K1T320EX","product_condition":"new"},"_links":{"self":[{"href":"https:\/\/compuviper.mx\/tienda\/wp-json\/wp\/v2\/product\/210971"}],"collection":[{"href":"https:\/\/compuviper.mx\/tienda\/wp-json\/wp\/v2\/product"}],"about":[{"href":"https:\/\/compuviper.mx\/tienda\/wp-json\/wp\/v2\/types\/product"}],"replies":[{"embeddable":true,"href":"https:\/\/compuviper.mx\/tienda\/wp-json\/wp\/v2\/comments?post=210971"}],"wp:featuredmedia":[{"embeddable":true,"href":"https:\/\/compuviper.mx\/tienda\/wp-json\/wp\/v2\/media\/241844"}],"wp:attachment":[{"href":"https:\/\/compuviper.mx\/tienda\/wp-json\/wp\/v2\/media?parent=210971"}],"wp:term":[{"taxonomy":"product_cat","embeddable":true,"href":"https:\/\/compuviper.mx\/tienda\/wp-json\/wp\/v2\/product_cat?post=210971"},{"taxonomy":"product_tag","embeddable":true,"href":"https:\/\/compuviper.mx\/tienda\/wp-json\/wp\/v2\/product_tag?post=210971"}],"curies":[{"name":"wp","href":"https:\/\/api.w.org\/{rel}","templated":true}]}}