{"id":210959,"date":"2026-04-10T23:09:40","date_gmt":"2026-04-11T05:09:40","guid":{"rendered":"https:\/\/compuviper.mx\/tienda\/producto\/dahua-dh-pfb203w-brazo-pfb203w-brazo-de-pared-para-camaras-domo-hdw2120-2220-2221rz-hdw1000-1100r-hdw1120-1220-1320s-hdw2120\/"},"modified":"2026-04-10T23:09:40","modified_gmt":"2026-04-11T05:09:40","slug":"dahua-dh-pfb203w-brazo-pfb203w-brazo-de-pared-para-camaras-domo-hdw2120-2220-2221rz-hdw1000-1100r-hdw1120-1220-1320s-hdw2120","status":"publish","type":"product","link":"https:\/\/compuviper.mx\/tienda\/producto\/dahua-dh-pfb203w-brazo-pfb203w-brazo-de-pared-para-camaras-domo-hdw2120-2220-2221rz-hdw1000-1100r-hdw1120-1220-1320s-hdw2120\/","title":{"rendered":"Dahua Dh-pfb203w Brazo\/ \/ Pfb203w\/ Brazo De Pared Para Camaras Domo  \/ Hdw2120 \/ 2220 \/ 2221rz \/ Hdw1000 \/ 1100r \/ Hdw1120 \/ 1220 \/ 1320s \/ Hdw2120"},"content":{"rendered":"<table class=\"descripcion\">\n<tr>\n<td>Principales caracter\u00edsticas<\/td>\n<\/tr>\n<tr>\n<td>\u0095 material: aluminio.<\/td>\n<\/tr>\n<tr>\n<td>\u0095 dimensi\u00f3n (w x h x d): 160mm(w) x 122mm(h) x 76mm(d).<\/td>\n<\/tr>\n<tr>\n<td>\u0095 temperatura de operaci\u00f3n: -40\u00bac ~ 60\u00bac.<\/td>\n<\/tr>\n<tr>\n<td>\u0095 humedad: 0~90% rh.<\/td>\n<\/tr>\n<tr>\n<td>\u0095 carga: 1.0kg.<\/td>\n<\/tr>\n<tr>\n<td>\u0095 peso: 0.50kg.<\/td>\n<\/tr>\n<tr>\n<td>\u0095 color: blanco<\/td>\n<\/tr>\n<tr>\n<td>\u0095 modelos compatibles: hdw2120, hdw2220, hdw2221rz, hdw1000, hdw1100r, hdw1120, hdw1220, hdw1320s, hdw2120.<\/td>\n<\/tr>\n<\/table>\n","protected":false},"excerpt":{"rendered":"<p>Informaci\u00f3n general. El pfb203w es un brazo de pared para c\u00e1maras domo de la marca dahua, el brazo est\u00e1 construido de un material de aluminio el cual le permite soportar hasta 1kg de peso, sus medidas: 160 x 122 x 76mm. Compatibilidad. El pfb203w es un soporte compatible con m\u00faltiples modelos de c\u00e1maras domo dahua, para una mejor recomendaci\u00f3n sugerimos revisar la lista de accesorios compatibles de dahua adjunta en los documentos. Incluye. \u0095 brazo de pared para c\u00e1maras domo. \u0095 tornillos. \u0095 taquetes. \u0095 p\u00f3liza de garant\u00eda<\/p>\n","protected":false},"featured_media":241833,"comment_status":"open","ping_status":"open","template":"","meta":[],"product_cat":[1485,1525],"product_tag":[1555],"acf":[],"yoast_head":"<!-- This site is optimized with the Yoast SEO plugin v21.7 - https:\/\/yoast.com\/wordpress\/plugins\/seo\/ -->\n<title>[ Dahua ] &#129351; Dh-pfb203w Brazo\/ \/ Pfb203w\/ Brazo De Pared Para Camaras Domo \/ Hdw2120 \/ 2220 \/ 2221rz \/ Hdw1000 \/ 1100r \/ Hdw1120 \/ 1220 \/ 1320s \/ Hdw2120<\/title>\n<meta name=\"description\" content=\"Compra Dh-pfb203w Brazo\/ \/ Pfb203w\/ Brazo De Pared Para Camaras Domo \/ Hdw2120 \/ 2220 \/ 2221rz \/ Hdw1000 \/ 1100r \/ Hdw1120 \/ 1220 \/ 1320s \/ Hdw2120 + Env\u00edo a domicilio + Pago seguro + Garant\u00eda\" \/>\n<meta name=\"robots\" content=\"index, follow, max-snippet:-1, max-image-preview:large, max-video-preview:-1\" \/>\n<link rel=\"canonical\" href=\"https:\/\/compuviper.mx\/tienda\/producto\/dahua-dh-pfb203w-brazo-pfb203w-brazo-de-pared-para-camaras-domo-hdw2120-2220-2221rz-hdw1000-1100r-hdw1120-1220-1320s-hdw2120\/\" \/>\n<meta property=\"og:locale\" content=\"es_MX\" \/>\n<meta property=\"og:type\" content=\"article\" \/>\n<meta property=\"og:title\" content=\"[ Dahua ] &#129351; Dh-pfb203w Brazo\/ \/ Pfb203w\/ Brazo De Pared Para Camaras Domo \/ Hdw2120 \/ 2220 \/ 2221rz \/ Hdw1000 \/ 1100r \/ Hdw1120 \/ 1220 \/ 1320s \/ Hdw2120\" \/>\n<meta property=\"og:description\" content=\"Compra Dh-pfb203w Brazo\/ \/ Pfb203w\/ Brazo De Pared Para Camaras Domo \/ Hdw2120 \/ 2220 \/ 2221rz \/ Hdw1000 \/ 1100r \/ Hdw1120 \/ 1220 \/ 1320s \/ Hdw2120 + Env\u00edo a domicilio + Pago seguro + Garant\u00eda\" \/>\n<meta property=\"og:url\" content=\"https:\/\/compuviper.mx\/tienda\/producto\/dahua-dh-pfb203w-brazo-pfb203w-brazo-de-pared-para-camaras-domo-hdw2120-2220-2221rz-hdw1000-1100r-hdw1120-1220-1320s-hdw2120\/\" \/>\n<meta property=\"og:site_name\" content=\"Compuviper\" \/>\n<meta property=\"article:publisher\" content=\"https:\/\/www.facebook.com\/compuviper\" \/>\n<meta property=\"og:image\" content=\"https:\/\/compuviper.mx\/tienda\/wp-content\/uploads\/2024\/09\/Brazo-dahua-pfb203w-brazo-de-pared-para-camaras-domo-dahua-hdw2120-2220-2221rz-hdw1000-1100r-hdw1120-1220-1320s-hdw2120.jpg\" \/>\n\t<meta property=\"og:image:width\" content=\"200\" \/>\n\t<meta property=\"og:image:height\" content=\"200\" \/>\n\t<meta property=\"og:image:type\" content=\"image\/jpeg\" \/>\n<meta name=\"twitter:card\" content=\"summary_large_image\" \/>\n<meta name=\"twitter:label1\" content=\"Precio\" \/>\n\t<meta name=\"twitter:data1\" content=\"&#36;189 con IVA\" \/>\n\t<meta name=\"twitter:label2\" content=\"Availability\" \/>\n\t<meta name=\"twitter:data2\" content=\"Out of stock\" \/>\n<script type=\"application\/ld+json\" class=\"yoast-schema-graph\">{\"@context\":\"https:\/\/schema.org\",\"@graph\":[{\"@type\":\"WebPage\",\"@id\":\"https:\/\/compuviper.mx\/tienda\/producto\/dahua-dh-pfb203w-brazo-pfb203w-brazo-de-pared-para-camaras-domo-hdw2120-2220-2221rz-hdw1000-1100r-hdw1120-1220-1320s-hdw2120\/\",\"url\":\"https:\/\/compuviper.mx\/tienda\/producto\/dahua-dh-pfb203w-brazo-pfb203w-brazo-de-pared-para-camaras-domo-hdw2120-2220-2221rz-hdw1000-1100r-hdw1120-1220-1320s-hdw2120\/\",\"name\":\"[ Dahua ] &#129351; Dh-pfb203w Brazo\/ \/ Pfb203w\/ Brazo De Pared Para Camaras Domo \/ Hdw2120 \/ 2220 \/ 2221rz \/ Hdw1000 \/ 1100r \/ Hdw1120 \/ 1220 \/ 1320s \/ Hdw2120\",\"isPartOf\":{\"@id\":\"https:\/\/compuviper.mx\/tienda\/#website\"},\"datePublished\":\"2026-04-11T05:09:40+00:00\",\"dateModified\":\"2026-04-11T05:09:40+00:00\",\"description\":\"Compra Dh-pfb203w Brazo\/ \/ Pfb203w\/ Brazo De Pared Para Camaras Domo \/ Hdw2120 \/ 2220 \/ 2221rz \/ Hdw1000 \/ 1100r \/ Hdw1120 \/ 1220 \/ 1320s \/ Hdw2120 + Env\u00edo a domicilio + Pago seguro + Garant\u00eda\",\"breadcrumb\":{\"@id\":\"https:\/\/compuviper.mx\/tienda\/producto\/dahua-dh-pfb203w-brazo-pfb203w-brazo-de-pared-para-camaras-domo-hdw2120-2220-2221rz-hdw1000-1100r-hdw1120-1220-1320s-hdw2120\/#breadcrumb\"},\"inLanguage\":\"es-MX\",\"potentialAction\":[{\"@type\":\"ReadAction\",\"target\":[\"https:\/\/compuviper.mx\/tienda\/producto\/dahua-dh-pfb203w-brazo-pfb203w-brazo-de-pared-para-camaras-domo-hdw2120-2220-2221rz-hdw1000-1100r-hdw1120-1220-1320s-hdw2120\/\"]}]},{\"@type\":\"BreadcrumbList\",\"@id\":\"https:\/\/compuviper.mx\/tienda\/producto\/dahua-dh-pfb203w-brazo-pfb203w-brazo-de-pared-para-camaras-domo-hdw2120-2220-2221rz-hdw1000-1100r-hdw1120-1220-1320s-hdw2120\/#breadcrumb\",\"itemListElement\":[{\"@type\":\"ListItem\",\"position\":1,\"name\":\"Inicio\",\"item\":\"https:\/\/compuviper.mx\/tienda\/\"},{\"@type\":\"ListItem\",\"position\":2,\"name\":\"Productos\",\"item\":\"https:\/\/compuviper.mx\/tienda\/productos\/\"},{\"@type\":\"ListItem\",\"position\":3,\"name\":\"Accesorios\",\"item\":\"https:\/\/compuviper.mx\/tienda\/categoria-producto\/accesorios\/\"},{\"@type\":\"ListItem\",\"position\":4,\"name\":\"Camaras\",\"item\":\"https:\/\/compuviper.mx\/tienda\/categoria-producto\/accesorios\/camaras\/\"},{\"@type\":\"ListItem\",\"position\":5,\"name\":\"Dahua Dh-pfb203w Brazo\/ \/ Pfb203w\/ Brazo De Pared Para Camaras Domo \/ Hdw2120 \/ 2220 \/ 2221rz \/ Hdw1000 \/ 1100r \/ Hdw1120 \/ 1220 \/ 1320s \/ Hdw2120\"}]},{\"@type\":\"WebSite\",\"@id\":\"https:\/\/compuviper.mx\/tienda\/#website\",\"url\":\"https:\/\/compuviper.mx\/tienda\/\",\"name\":\"Compuviper\",\"description\":\"Proveedor de Computadoras, Laptops, Servidores, Monitores, Puntos de Venta, Teclados,   Impresoras, T\u00f3ner, C\u00e1maras de Seguridad y m\u00e1s en tu tienda en l\u00ednea\",\"publisher\":{\"@id\":\"https:\/\/compuviper.mx\/tienda\/#organization\"},\"potentialAction\":[{\"@type\":\"SearchAction\",\"target\":{\"@type\":\"EntryPoint\",\"urlTemplate\":\"https:\/\/compuviper.mx\/tienda\/?s={search_term_string}\"},\"query-input\":\"required name=search_term_string\"}],\"inLanguage\":\"es-MX\"},{\"@type\":\"Organization\",\"@id\":\"https:\/\/compuviper.mx\/tienda\/#organization\",\"name\":\"Compuviper\",\"url\":\"https:\/\/compuviper.mx\/tienda\/\",\"logo\":{\"@type\":\"ImageObject\",\"inLanguage\":\"es-MX\",\"@id\":\"https:\/\/compuviper.mx\/tienda\/#\/schema\/logo\/image\/\",\"url\":\"https:\/\/compuviper.mx\/tienda\/wp-content\/uploads\/2021\/08\/Logo-Compuviper-10.png\",\"contentUrl\":\"https:\/\/compuviper.mx\/tienda\/wp-content\/uploads\/2021\/08\/Logo-Compuviper-10.png\",\"width\":1000,\"height\":500,\"caption\":\"Compuviper\"},\"image\":{\"@id\":\"https:\/\/compuviper.mx\/tienda\/#\/schema\/logo\/image\/\"},\"sameAs\":[\"https:\/\/www.facebook.com\/compuviper\",\"https:\/\/www.youtube.com\/channel\/UCf73dERp9Y3cfOq7q8BhLjA?view_as=subscriber\"]}]}<\/script>\n<meta property=\"product:brand\" content=\"DAHUA\" \/>\n<meta property=\"product:price:amount\" content=\"189\" \/>\n<meta property=\"product:price:currency\" content=\"MXN\" \/>\n<meta property=\"og:availability\" content=\"out of stock\" \/>\n<meta property=\"product:availability\" content=\"out of stock\" \/>\n<meta property=\"product:retailer_item_id\" content=\"DH-PFB203W\" \/>\n<meta property=\"product:condition\" content=\"new\" \/>\n<!-- \/ Yoast SEO plugin. -->","yoast_head_json":{"title":"[ Dahua ] &#129351; Dh-pfb203w Brazo\/ \/ Pfb203w\/ Brazo De Pared Para Camaras Domo \/ Hdw2120 \/ 2220 \/ 2221rz \/ Hdw1000 \/ 1100r \/ Hdw1120 \/ 1220 \/ 1320s \/ Hdw2120","description":"Compra Dh-pfb203w Brazo\/ \/ Pfb203w\/ Brazo De Pared Para Camaras Domo \/ Hdw2120 \/ 2220 \/ 2221rz \/ Hdw1000 \/ 1100r \/ Hdw1120 \/ 1220 \/ 1320s \/ Hdw2120 + Env\u00edo a domicilio + Pago seguro + Garant\u00eda","robots":{"index":"index","follow":"follow","max-snippet":"max-snippet:-1","max-image-preview":"max-image-preview:large","max-video-preview":"max-video-preview:-1"},"canonical":"https:\/\/compuviper.mx\/tienda\/producto\/dahua-dh-pfb203w-brazo-pfb203w-brazo-de-pared-para-camaras-domo-hdw2120-2220-2221rz-hdw1000-1100r-hdw1120-1220-1320s-hdw2120\/","og_locale":"es_MX","og_type":"article","og_title":"[ Dahua ] &#129351; Dh-pfb203w Brazo\/ \/ Pfb203w\/ Brazo De Pared Para Camaras Domo \/ Hdw2120 \/ 2220 \/ 2221rz \/ Hdw1000 \/ 1100r \/ Hdw1120 \/ 1220 \/ 1320s \/ Hdw2120","og_description":"Compra Dh-pfb203w Brazo\/ \/ Pfb203w\/ Brazo De Pared Para Camaras Domo \/ Hdw2120 \/ 2220 \/ 2221rz \/ Hdw1000 \/ 1100r \/ Hdw1120 \/ 1220 \/ 1320s \/ Hdw2120 + Env\u00edo a domicilio + Pago seguro + Garant\u00eda","og_url":"https:\/\/compuviper.mx\/tienda\/producto\/dahua-dh-pfb203w-brazo-pfb203w-brazo-de-pared-para-camaras-domo-hdw2120-2220-2221rz-hdw1000-1100r-hdw1120-1220-1320s-hdw2120\/","og_site_name":"Compuviper","article_publisher":"https:\/\/www.facebook.com\/compuviper","og_image":[{"width":200,"height":200,"url":"https:\/\/compuviper.mx\/tienda\/wp-content\/uploads\/2024\/09\/Brazo-dahua-pfb203w-brazo-de-pared-para-camaras-domo-dahua-hdw2120-2220-2221rz-hdw1000-1100r-hdw1120-1220-1320s-hdw2120.jpg","type":"image\/jpeg"}],"twitter_card":"summary_large_image","twitter_misc":{"Precio":"&#36;189 con IVA","Availability":"Out of stock"},"schema":{"@context":"https:\/\/schema.org","@graph":[{"@type":"WebPage","@id":"https:\/\/compuviper.mx\/tienda\/producto\/dahua-dh-pfb203w-brazo-pfb203w-brazo-de-pared-para-camaras-domo-hdw2120-2220-2221rz-hdw1000-1100r-hdw1120-1220-1320s-hdw2120\/","url":"https:\/\/compuviper.mx\/tienda\/producto\/dahua-dh-pfb203w-brazo-pfb203w-brazo-de-pared-para-camaras-domo-hdw2120-2220-2221rz-hdw1000-1100r-hdw1120-1220-1320s-hdw2120\/","name":"[ Dahua ] &#129351; Dh-pfb203w Brazo\/ \/ Pfb203w\/ Brazo De Pared Para Camaras Domo \/ Hdw2120 \/ 2220 \/ 2221rz \/ Hdw1000 \/ 1100r \/ Hdw1120 \/ 1220 \/ 1320s \/ Hdw2120","isPartOf":{"@id":"https:\/\/compuviper.mx\/tienda\/#website"},"datePublished":"2026-04-11T05:09:40+00:00","dateModified":"2026-04-11T05:09:40+00:00","description":"Compra Dh-pfb203w Brazo\/ \/ Pfb203w\/ Brazo De Pared Para Camaras Domo \/ Hdw2120 \/ 2220 \/ 2221rz \/ Hdw1000 \/ 1100r \/ Hdw1120 \/ 1220 \/ 1320s \/ Hdw2120 + Env\u00edo a domicilio + Pago seguro + Garant\u00eda","breadcrumb":{"@id":"https:\/\/compuviper.mx\/tienda\/producto\/dahua-dh-pfb203w-brazo-pfb203w-brazo-de-pared-para-camaras-domo-hdw2120-2220-2221rz-hdw1000-1100r-hdw1120-1220-1320s-hdw2120\/#breadcrumb"},"inLanguage":"es-MX","potentialAction":[{"@type":"ReadAction","target":["https:\/\/compuviper.mx\/tienda\/producto\/dahua-dh-pfb203w-brazo-pfb203w-brazo-de-pared-para-camaras-domo-hdw2120-2220-2221rz-hdw1000-1100r-hdw1120-1220-1320s-hdw2120\/"]}]},{"@type":"BreadcrumbList","@id":"https:\/\/compuviper.mx\/tienda\/producto\/dahua-dh-pfb203w-brazo-pfb203w-brazo-de-pared-para-camaras-domo-hdw2120-2220-2221rz-hdw1000-1100r-hdw1120-1220-1320s-hdw2120\/#breadcrumb","itemListElement":[{"@type":"ListItem","position":1,"name":"Inicio","item":"https:\/\/compuviper.mx\/tienda\/"},{"@type":"ListItem","position":2,"name":"Productos","item":"https:\/\/compuviper.mx\/tienda\/productos\/"},{"@type":"ListItem","position":3,"name":"Accesorios","item":"https:\/\/compuviper.mx\/tienda\/categoria-producto\/accesorios\/"},{"@type":"ListItem","position":4,"name":"Camaras","item":"https:\/\/compuviper.mx\/tienda\/categoria-producto\/accesorios\/camaras\/"},{"@type":"ListItem","position":5,"name":"Dahua Dh-pfb203w Brazo\/ \/ Pfb203w\/ Brazo De Pared Para Camaras Domo \/ Hdw2120 \/ 2220 \/ 2221rz \/ Hdw1000 \/ 1100r \/ Hdw1120 \/ 1220 \/ 1320s \/ Hdw2120"}]},{"@type":"WebSite","@id":"https:\/\/compuviper.mx\/tienda\/#website","url":"https:\/\/compuviper.mx\/tienda\/","name":"Compuviper","description":"Proveedor de Computadoras, Laptops, Servidores, Monitores, Puntos de Venta, Teclados,   Impresoras, T\u00f3ner, C\u00e1maras de Seguridad y m\u00e1s en tu tienda en l\u00ednea","publisher":{"@id":"https:\/\/compuviper.mx\/tienda\/#organization"},"potentialAction":[{"@type":"SearchAction","target":{"@type":"EntryPoint","urlTemplate":"https:\/\/compuviper.mx\/tienda\/?s={search_term_string}"},"query-input":"required name=search_term_string"}],"inLanguage":"es-MX"},{"@type":"Organization","@id":"https:\/\/compuviper.mx\/tienda\/#organization","name":"Compuviper","url":"https:\/\/compuviper.mx\/tienda\/","logo":{"@type":"ImageObject","inLanguage":"es-MX","@id":"https:\/\/compuviper.mx\/tienda\/#\/schema\/logo\/image\/","url":"https:\/\/compuviper.mx\/tienda\/wp-content\/uploads\/2021\/08\/Logo-Compuviper-10.png","contentUrl":"https:\/\/compuviper.mx\/tienda\/wp-content\/uploads\/2021\/08\/Logo-Compuviper-10.png","width":1000,"height":500,"caption":"Compuviper"},"image":{"@id":"https:\/\/compuviper.mx\/tienda\/#\/schema\/logo\/image\/"},"sameAs":["https:\/\/www.facebook.com\/compuviper","https:\/\/www.youtube.com\/channel\/UCf73dERp9Y3cfOq7q8BhLjA?view_as=subscriber"]}]},"product_brand":"DAHUA","product_price_amount":"189","product_price_currency":"MXN","og_availability":"out of stock","product_availability":"out of stock","product_retailer_item_id":"DH-PFB203W","product_condition":"new"},"_links":{"self":[{"href":"https:\/\/compuviper.mx\/tienda\/wp-json\/wp\/v2\/product\/210959"}],"collection":[{"href":"https:\/\/compuviper.mx\/tienda\/wp-json\/wp\/v2\/product"}],"about":[{"href":"https:\/\/compuviper.mx\/tienda\/wp-json\/wp\/v2\/types\/product"}],"replies":[{"embeddable":true,"href":"https:\/\/compuviper.mx\/tienda\/wp-json\/wp\/v2\/comments?post=210959"}],"wp:featuredmedia":[{"embeddable":true,"href":"https:\/\/compuviper.mx\/tienda\/wp-json\/wp\/v2\/media\/241833"}],"wp:attachment":[{"href":"https:\/\/compuviper.mx\/tienda\/wp-json\/wp\/v2\/media?parent=210959"}],"wp:term":[{"taxonomy":"product_cat","embeddable":true,"href":"https:\/\/compuviper.mx\/tienda\/wp-json\/wp\/v2\/product_cat?post=210959"},{"taxonomy":"product_tag","embeddable":true,"href":"https:\/\/compuviper.mx\/tienda\/wp-json\/wp\/v2\/product_tag?post=210959"}],"curies":[{"name":"wp","href":"https:\/\/api.w.org\/{rel}","templated":true}]}}