{"id":210955,"date":"2026-04-20T23:10:16","date_gmt":"2026-04-21T05:10:16","guid":{"rendered":"https:\/\/compuviper.mx\/tienda\/producto\/hp-1x645aa-topload-maletin-prelude-pro-para-laptop-de-15-6-pulgadas-anti-salpicaduras-carbon\/"},"modified":"2026-04-20T23:10:16","modified_gmt":"2026-04-21T05:10:16","slug":"hp-1x645aa-topload-maletin-prelude-pro-para-laptop-de-15-6-pulgadas-anti-salpicaduras-carbon","status":"publish","type":"product","link":"https:\/\/compuviper.mx\/tienda\/producto\/hp-1x645aa-topload-maletin-prelude-pro-para-laptop-de-15-6-pulgadas-anti-salpicaduras-carbon\/","title":{"rendered":"Hp 1x645aa Topload Maletin  Prelude Pro Para Laptop De 15.6 Pulgadas\/ Anti Salpicaduras\/carbon"},"content":{"rendered":"<table class=\"descripcion\">\n<tr>\n<td>Trasl\u00e1dese de un lado a otro con un malet\u00edn de apertura superior elegante y duradero dise\u00f1ado pensando en el medioambiente y fabricado con tela reciclada[1]. el malet\u00edn reciclado de apertura superior hp prelude pro viene con caracter\u00edsticas de seguridad para su tranquilidad cuando lleve dispositivos del trabajo a casa y m\u00e1s all\u00e1.<\/td>\n<\/tr>\n<\/table>\n","protected":false},"excerpt":{"rendered":"<p>Detalles t\u00e9cnicos. Sku. Sku.     1x645aa. Contenido de la caja. Contenido de la caja.     Malet\u00edn de apertura superior reciclado hp prelude pro. Compatibilidad. Compatibilidad con hardware.     Se adapta a la mayor\u00eda de las laptops de 15,6 pulgadas en diagonal. Garant\u00eda. Garant\u00eda.     Un a\u00f1o de garant\u00eda limitada. Nombres de productos. Subgrupo de producto.     Malet\u00edn. Especificaciones de la pantalla. Tama\u00f1o de pantalla (diagonal.     15.6. Apariencia. . Color.     Carb\u00f3n. Geograf\u00eda. Pa\u00eds de origen.     Hecho en camboya para ee. Uu.; en conformidad con taa. Hecho en camboya o china para el resto del mundo.<\/p>\n","protected":false},"featured_media":241829,"comment_status":"open","ping_status":"open","template":"","meta":[],"product_cat":[1482,1483],"product_tag":[1571],"acf":[],"yoast_head":"<!-- This site is optimized with the Yoast SEO plugin v21.7 - https:\/\/yoast.com\/wordpress\/plugins\/seo\/ -->\n<title>[ Hp ] &#129351; 1x645aa Topload Maletin Prelude Pro Para Laptop De 15.6 Pulgadas\/ Anti Salpicaduras\/carbon<\/title>\n<meta name=\"description\" content=\"Compra 1x645aa Topload Maletin Prelude Pro Para Laptop De 15.6 Pulgadas\/ Anti Salpicaduras\/carbon + Env\u00edo a domicilio + Pago seguro + Garant\u00eda\" \/>\n<meta name=\"robots\" content=\"index, follow, max-snippet:-1, max-image-preview:large, max-video-preview:-1\" \/>\n<link rel=\"canonical\" href=\"https:\/\/compuviper.mx\/tienda\/producto\/hp-1x645aa-topload-maletin-prelude-pro-para-laptop-de-15-6-pulgadas-anti-salpicaduras-carbon\/\" \/>\n<meta property=\"og:locale\" content=\"es_MX\" \/>\n<meta property=\"og:type\" content=\"article\" \/>\n<meta property=\"og:title\" content=\"[ Hp ] &#129351; 1x645aa Topload Maletin Prelude Pro Para Laptop De 15.6 Pulgadas\/ Anti Salpicaduras\/carbon\" \/>\n<meta property=\"og:description\" content=\"Compra 1x645aa Topload Maletin Prelude Pro Para Laptop De 15.6 Pulgadas\/ Anti Salpicaduras\/carbon + Env\u00edo a domicilio + Pago seguro + Garant\u00eda\" \/>\n<meta property=\"og:url\" content=\"https:\/\/compuviper.mx\/tienda\/producto\/hp-1x645aa-topload-maletin-prelude-pro-para-laptop-de-15-6-pulgadas-anti-salpicaduras-carbon\/\" \/>\n<meta property=\"og:site_name\" content=\"Compuviper\" \/>\n<meta property=\"article:publisher\" content=\"https:\/\/www.facebook.com\/compuviper\" \/>\n<meta property=\"og:image\" content=\"https:\/\/compuviper.mx\/tienda\/wp-content\/uploads\/2024\/09\/Topload-maletin-hp-prelude-pro-para-laptop-de-15.6-pulgadas-anti-salpicadurascarbon.jpg\" \/>\n\t<meta property=\"og:image:width\" content=\"200\" \/>\n\t<meta property=\"og:image:height\" content=\"200\" \/>\n\t<meta property=\"og:image:type\" content=\"image\/jpeg\" \/>\n<meta name=\"twitter:card\" content=\"summary_large_image\" \/>\n<meta name=\"twitter:label1\" content=\"Precio\" \/>\n\t<meta name=\"twitter:data1\" content=\"&#36;425 con IVA\" \/>\n\t<meta name=\"twitter:label2\" content=\"Availability\" \/>\n\t<meta name=\"twitter:data2\" content=\"Out of stock\" \/>\n<script type=\"application\/ld+json\" class=\"yoast-schema-graph\">{\"@context\":\"https:\/\/schema.org\",\"@graph\":[{\"@type\":\"WebPage\",\"@id\":\"https:\/\/compuviper.mx\/tienda\/producto\/hp-1x645aa-topload-maletin-prelude-pro-para-laptop-de-15-6-pulgadas-anti-salpicaduras-carbon\/\",\"url\":\"https:\/\/compuviper.mx\/tienda\/producto\/hp-1x645aa-topload-maletin-prelude-pro-para-laptop-de-15-6-pulgadas-anti-salpicaduras-carbon\/\",\"name\":\"[ Hp ] &#129351; 1x645aa Topload Maletin Prelude Pro Para Laptop De 15.6 Pulgadas\/ Anti Salpicaduras\/carbon\",\"isPartOf\":{\"@id\":\"https:\/\/compuviper.mx\/tienda\/#website\"},\"datePublished\":\"2026-04-21T05:10:16+00:00\",\"dateModified\":\"2026-04-21T05:10:16+00:00\",\"description\":\"Compra 1x645aa Topload Maletin Prelude Pro Para Laptop De 15.6 Pulgadas\/ Anti Salpicaduras\/carbon + Env\u00edo a domicilio + Pago seguro + Garant\u00eda\",\"breadcrumb\":{\"@id\":\"https:\/\/compuviper.mx\/tienda\/producto\/hp-1x645aa-topload-maletin-prelude-pro-para-laptop-de-15-6-pulgadas-anti-salpicaduras-carbon\/#breadcrumb\"},\"inLanguage\":\"es-MX\",\"potentialAction\":[{\"@type\":\"ReadAction\",\"target\":[\"https:\/\/compuviper.mx\/tienda\/producto\/hp-1x645aa-topload-maletin-prelude-pro-para-laptop-de-15-6-pulgadas-anti-salpicaduras-carbon\/\"]}]},{\"@type\":\"BreadcrumbList\",\"@id\":\"https:\/\/compuviper.mx\/tienda\/producto\/hp-1x645aa-topload-maletin-prelude-pro-para-laptop-de-15-6-pulgadas-anti-salpicaduras-carbon\/#breadcrumb\",\"itemListElement\":[{\"@type\":\"ListItem\",\"position\":1,\"name\":\"Inicio\",\"item\":\"https:\/\/compuviper.mx\/tienda\/\"},{\"@type\":\"ListItem\",\"position\":2,\"name\":\"Productos\",\"item\":\"https:\/\/compuviper.mx\/tienda\/productos\/\"},{\"@type\":\"ListItem\",\"position\":3,\"name\":\"Maletines\",\"item\":\"https:\/\/compuviper.mx\/tienda\/categoria-producto\/maletines\/\"},{\"@type\":\"ListItem\",\"position\":4,\"name\":\"Maletin Clasico\",\"item\":\"https:\/\/compuviper.mx\/tienda\/categoria-producto\/maletines\/maletin-clasico\/\"},{\"@type\":\"ListItem\",\"position\":5,\"name\":\"Hp 1x645aa Topload Maletin Prelude Pro Para Laptop De 15.6 Pulgadas\/ Anti Salpicaduras\/carbon\"}]},{\"@type\":\"WebSite\",\"@id\":\"https:\/\/compuviper.mx\/tienda\/#website\",\"url\":\"https:\/\/compuviper.mx\/tienda\/\",\"name\":\"Compuviper\",\"description\":\"Proveedor de Computadoras, Laptops, Servidores, Monitores, Puntos de Venta, Teclados,   Impresoras, T\u00f3ner, C\u00e1maras de Seguridad y m\u00e1s en tu tienda en l\u00ednea\",\"publisher\":{\"@id\":\"https:\/\/compuviper.mx\/tienda\/#organization\"},\"potentialAction\":[{\"@type\":\"SearchAction\",\"target\":{\"@type\":\"EntryPoint\",\"urlTemplate\":\"https:\/\/compuviper.mx\/tienda\/?s={search_term_string}\"},\"query-input\":\"required name=search_term_string\"}],\"inLanguage\":\"es-MX\"},{\"@type\":\"Organization\",\"@id\":\"https:\/\/compuviper.mx\/tienda\/#organization\",\"name\":\"Compuviper\",\"url\":\"https:\/\/compuviper.mx\/tienda\/\",\"logo\":{\"@type\":\"ImageObject\",\"inLanguage\":\"es-MX\",\"@id\":\"https:\/\/compuviper.mx\/tienda\/#\/schema\/logo\/image\/\",\"url\":\"https:\/\/compuviper.mx\/tienda\/wp-content\/uploads\/2021\/08\/Logo-Compuviper-10.png\",\"contentUrl\":\"https:\/\/compuviper.mx\/tienda\/wp-content\/uploads\/2021\/08\/Logo-Compuviper-10.png\",\"width\":1000,\"height\":500,\"caption\":\"Compuviper\"},\"image\":{\"@id\":\"https:\/\/compuviper.mx\/tienda\/#\/schema\/logo\/image\/\"},\"sameAs\":[\"https:\/\/www.facebook.com\/compuviper\",\"https:\/\/www.youtube.com\/channel\/UCf73dERp9Y3cfOq7q8BhLjA?view_as=subscriber\"]}]}<\/script>\n<meta property=\"product:brand\" content=\"HP\" \/>\n<meta property=\"product:price:amount\" content=\"425\" \/>\n<meta property=\"product:price:currency\" content=\"MXN\" \/>\n<meta property=\"og:availability\" content=\"out of stock\" \/>\n<meta property=\"product:availability\" content=\"out of stock\" \/>\n<meta property=\"product:retailer_item_id\" content=\"1X645AA\" \/>\n<meta property=\"product:condition\" content=\"new\" \/>\n<!-- \/ Yoast SEO plugin. -->","yoast_head_json":{"title":"[ Hp ] &#129351; 1x645aa Topload Maletin Prelude Pro Para Laptop De 15.6 Pulgadas\/ Anti Salpicaduras\/carbon","description":"Compra 1x645aa Topload Maletin Prelude Pro Para Laptop De 15.6 Pulgadas\/ Anti Salpicaduras\/carbon + Env\u00edo a domicilio + Pago seguro + Garant\u00eda","robots":{"index":"index","follow":"follow","max-snippet":"max-snippet:-1","max-image-preview":"max-image-preview:large","max-video-preview":"max-video-preview:-1"},"canonical":"https:\/\/compuviper.mx\/tienda\/producto\/hp-1x645aa-topload-maletin-prelude-pro-para-laptop-de-15-6-pulgadas-anti-salpicaduras-carbon\/","og_locale":"es_MX","og_type":"article","og_title":"[ Hp ] &#129351; 1x645aa Topload Maletin Prelude Pro Para Laptop De 15.6 Pulgadas\/ Anti Salpicaduras\/carbon","og_description":"Compra 1x645aa Topload Maletin Prelude Pro Para Laptop De 15.6 Pulgadas\/ Anti Salpicaduras\/carbon + Env\u00edo a domicilio + Pago seguro + Garant\u00eda","og_url":"https:\/\/compuviper.mx\/tienda\/producto\/hp-1x645aa-topload-maletin-prelude-pro-para-laptop-de-15-6-pulgadas-anti-salpicaduras-carbon\/","og_site_name":"Compuviper","article_publisher":"https:\/\/www.facebook.com\/compuviper","og_image":[{"width":200,"height":200,"url":"https:\/\/compuviper.mx\/tienda\/wp-content\/uploads\/2024\/09\/Topload-maletin-hp-prelude-pro-para-laptop-de-15.6-pulgadas-anti-salpicadurascarbon.jpg","type":"image\/jpeg"}],"twitter_card":"summary_large_image","twitter_misc":{"Precio":"&#36;425 con IVA","Availability":"Out of stock"},"schema":{"@context":"https:\/\/schema.org","@graph":[{"@type":"WebPage","@id":"https:\/\/compuviper.mx\/tienda\/producto\/hp-1x645aa-topload-maletin-prelude-pro-para-laptop-de-15-6-pulgadas-anti-salpicaduras-carbon\/","url":"https:\/\/compuviper.mx\/tienda\/producto\/hp-1x645aa-topload-maletin-prelude-pro-para-laptop-de-15-6-pulgadas-anti-salpicaduras-carbon\/","name":"[ Hp ] &#129351; 1x645aa Topload Maletin Prelude Pro Para Laptop De 15.6 Pulgadas\/ Anti Salpicaduras\/carbon","isPartOf":{"@id":"https:\/\/compuviper.mx\/tienda\/#website"},"datePublished":"2026-04-21T05:10:16+00:00","dateModified":"2026-04-21T05:10:16+00:00","description":"Compra 1x645aa Topload Maletin Prelude Pro Para Laptop De 15.6 Pulgadas\/ Anti Salpicaduras\/carbon + Env\u00edo a domicilio + Pago seguro + Garant\u00eda","breadcrumb":{"@id":"https:\/\/compuviper.mx\/tienda\/producto\/hp-1x645aa-topload-maletin-prelude-pro-para-laptop-de-15-6-pulgadas-anti-salpicaduras-carbon\/#breadcrumb"},"inLanguage":"es-MX","potentialAction":[{"@type":"ReadAction","target":["https:\/\/compuviper.mx\/tienda\/producto\/hp-1x645aa-topload-maletin-prelude-pro-para-laptop-de-15-6-pulgadas-anti-salpicaduras-carbon\/"]}]},{"@type":"BreadcrumbList","@id":"https:\/\/compuviper.mx\/tienda\/producto\/hp-1x645aa-topload-maletin-prelude-pro-para-laptop-de-15-6-pulgadas-anti-salpicaduras-carbon\/#breadcrumb","itemListElement":[{"@type":"ListItem","position":1,"name":"Inicio","item":"https:\/\/compuviper.mx\/tienda\/"},{"@type":"ListItem","position":2,"name":"Productos","item":"https:\/\/compuviper.mx\/tienda\/productos\/"},{"@type":"ListItem","position":3,"name":"Maletines","item":"https:\/\/compuviper.mx\/tienda\/categoria-producto\/maletines\/"},{"@type":"ListItem","position":4,"name":"Maletin Clasico","item":"https:\/\/compuviper.mx\/tienda\/categoria-producto\/maletines\/maletin-clasico\/"},{"@type":"ListItem","position":5,"name":"Hp 1x645aa Topload Maletin Prelude Pro Para Laptop De 15.6 Pulgadas\/ Anti Salpicaduras\/carbon"}]},{"@type":"WebSite","@id":"https:\/\/compuviper.mx\/tienda\/#website","url":"https:\/\/compuviper.mx\/tienda\/","name":"Compuviper","description":"Proveedor de Computadoras, Laptops, Servidores, Monitores, Puntos de Venta, Teclados,   Impresoras, T\u00f3ner, C\u00e1maras de Seguridad y m\u00e1s en tu tienda en l\u00ednea","publisher":{"@id":"https:\/\/compuviper.mx\/tienda\/#organization"},"potentialAction":[{"@type":"SearchAction","target":{"@type":"EntryPoint","urlTemplate":"https:\/\/compuviper.mx\/tienda\/?s={search_term_string}"},"query-input":"required name=search_term_string"}],"inLanguage":"es-MX"},{"@type":"Organization","@id":"https:\/\/compuviper.mx\/tienda\/#organization","name":"Compuviper","url":"https:\/\/compuviper.mx\/tienda\/","logo":{"@type":"ImageObject","inLanguage":"es-MX","@id":"https:\/\/compuviper.mx\/tienda\/#\/schema\/logo\/image\/","url":"https:\/\/compuviper.mx\/tienda\/wp-content\/uploads\/2021\/08\/Logo-Compuviper-10.png","contentUrl":"https:\/\/compuviper.mx\/tienda\/wp-content\/uploads\/2021\/08\/Logo-Compuviper-10.png","width":1000,"height":500,"caption":"Compuviper"},"image":{"@id":"https:\/\/compuviper.mx\/tienda\/#\/schema\/logo\/image\/"},"sameAs":["https:\/\/www.facebook.com\/compuviper","https:\/\/www.youtube.com\/channel\/UCf73dERp9Y3cfOq7q8BhLjA?view_as=subscriber"]}]},"product_brand":"HP","product_price_amount":"425","product_price_currency":"MXN","og_availability":"out of stock","product_availability":"out of stock","product_retailer_item_id":"1X645AA","product_condition":"new"},"_links":{"self":[{"href":"https:\/\/compuviper.mx\/tienda\/wp-json\/wp\/v2\/product\/210955"}],"collection":[{"href":"https:\/\/compuviper.mx\/tienda\/wp-json\/wp\/v2\/product"}],"about":[{"href":"https:\/\/compuviper.mx\/tienda\/wp-json\/wp\/v2\/types\/product"}],"replies":[{"embeddable":true,"href":"https:\/\/compuviper.mx\/tienda\/wp-json\/wp\/v2\/comments?post=210955"}],"wp:featuredmedia":[{"embeddable":true,"href":"https:\/\/compuviper.mx\/tienda\/wp-json\/wp\/v2\/media\/241829"}],"wp:attachment":[{"href":"https:\/\/compuviper.mx\/tienda\/wp-json\/wp\/v2\/media?parent=210955"}],"wp:term":[{"taxonomy":"product_cat","embeddable":true,"href":"https:\/\/compuviper.mx\/tienda\/wp-json\/wp\/v2\/product_cat?post=210955"},{"taxonomy":"product_tag","embeddable":true,"href":"https:\/\/compuviper.mx\/tienda\/wp-json\/wp\/v2\/product_tag?post=210955"}],"curies":[{"name":"wp","href":"https:\/\/api.w.org\/{rel}","templated":true}]}}