{"id":210915,"date":"2026-04-01T23:10:51","date_gmt":"2026-04-02T05:10:51","guid":{"rendered":"https:\/\/compuviper.mx\/tienda\/producto\/logitech-939-001950-tap-y-kit-cat5e-controlador-tactil-para-salas-de-videoconferencia\/"},"modified":"2026-04-01T23:10:51","modified_gmt":"2026-04-02T05:10:51","slug":"logitech-939-001950-controlador-tactil-tap-pantalla-10-1-kit-cat5e-para-salas-de-videoconferencia","status":"publish","type":"product","link":"https:\/\/compuviper.mx\/tienda\/producto\/logitech-939-001950-controlador-tactil-tap-pantalla-10-1-kit-cat5e-para-salas-de-videoconferencia\/","title":{"rendered":"Logitech 939-001950 Controlador Tactil  Tap Pantalla 10.1 Kit Cat5e Para Salas De Videoconferencia"},"content":{"rendered":"<table class=\"descripcion\">\n<tr>\n<td>Dimensiones del producto puertos e interfaces contenido de la caja<\/td>\n<\/tr>\n<tr>\n<td>Dispositivo<\/td>\n<\/tr>\n<tr>\n<td>Altura x ancho x profundidad total:<\/td>\n<\/tr>\n<tr>\n<td>58 x 244 x 179 mm<\/td>\n<\/tr>\n<tr>\n<td>2,3 x 9,6 x 7,0 in<\/td>\n<\/tr>\n<tr>\n<td>1,25 kg (2,75 lb)<\/td>\n<\/tr>\n<tr>\n<td>Pantalla t\u00e1ctil<\/td>\n<\/tr>\n<tr>\n<td>Pantalla de 10,1\u0094 en diagonal<\/td>\n<\/tr>\n<tr>\n<td>\u00e1ngulo de visualizaci\u00f3n: 14\u00b0<\/td>\n<\/tr>\n<tr>\n<td>Resoluci\u00f3n: 1280 x 800<\/td>\n<\/tr>\n<tr>\n<td>Cubierta oleof\u00f3bica antihuellas y antirreflejos<\/td>\n<\/tr>\n<tr>\n<td>Usb 2.0\/3.0\/3.1 tipo c (a pc)<\/td>\n<\/tr>\n<tr>\n<td>Usb 2.0 tipo a (para conexi\u00f3n de accesorios)<\/td>\n<\/tr>\n<tr>\n<td>Entrada hdmi (para el intercambio de contenido)<\/td>\n<\/tr>\n<tr>\n<td>Toma de auriculares de 3,5 mm\/1 and #8260;8\u0094 y 4 polos<\/td>\n<\/tr>\n<tr>\n<td>Altavoz ultras\u00f3nico integrado<\/td>\n<\/tr>\n<tr>\n<td>Sensor de movimiento pir integrado<\/td>\n<\/tr>\n<tr>\n<td>Fdmi (flat display mounting interface) vesa<\/td>\n<\/tr>\n<tr>\n<td>100 mm x 100 mm<\/td>\n<\/tr>\n<tr>\n<td>Ranuras de bloqueo kensington (2)<\/td>\n<\/tr>\n<tr>\n<td>Logitech tap con kit cat5e<\/td>\n<\/tr>\n<tr>\n<td>Control t\u00e1ctil tap<\/td>\n<\/tr>\n<tr>\n<td>Kit cat5e<\/td>\n<\/tr>\n<tr>\n<td>Receptor logitech tap<\/td>\n<\/tr>\n<tr>\n<td>Transceptor adaptador<\/td>\n<\/tr>\n<tr>\n<td>Fuente de alimentaci\u00f3n 100-240 v con<\/td>\n<\/tr>\n<tr>\n<td> conjunto de adaptadores<\/td>\n<\/tr>\n<tr>\n<td>Internacionales<\/td>\n<\/tr>\n<tr>\n<td>Conjunto de adaptadores<\/td>\n<\/tr>\n<tr>\n<td>Cable cat5e de 2,97 m<\/td>\n<\/tr>\n<tr>\n<td>Cable cat5e de 7,0 m<\/td>\n<\/tr>\n<tr>\n<td>Cable hdmi 1.4a de 2,0 m<\/td>\n<\/tr>\n<tr>\n<td>Pa\u00f1o de microfibra<\/td>\n<\/tr>\n<tr>\n<td>Documentaci\u00f3n<\/td>\n<\/tr>\n<tr>\n<td>Requisitos del sistema compatibilidad y certificaciones accesorios opcionales<\/td>\n<\/tr>\n<tr>\n<td>Windows\u00ae 10<\/td>\n<\/tr>\n<tr>\n<td>Chrome\u0099 os 80 y posteriores<\/td>\n<\/tr>\n<tr>\n<td>Logi collabos<\/td>\n<\/tr>\n<tr>\n<td>Puerto usb 2.0, 3.0 o 3.1 tipo a<\/td>\n<\/tr>\n<tr>\n<td>Logitech tap est\u00e1 certificado como<\/td>\n<\/tr>\n<tr>\n<td>Controlador t\u00e1ctil para soluciones de salas de<\/td>\n<\/tr>\n<tr>\n<td>Videoconferencias:<\/td>\n<\/tr>\n<tr>\n<td>Google meet<\/td>\n<\/tr>\n<tr>\n<td>Gotoroom<\/td>\n<\/tr>\n<tr>\n<td>Salas de microsoft teams<\/td>\n<\/tr>\n<tr>\n<td>Pexip room<\/td>\n<\/tr>\n<tr>\n<td>Ringcentral rooms<\/td>\n<\/tr>\n<tr>\n<td>Zoom rooms<\/td>\n<\/tr>\n<tr>\n<td>Consulta www.logitech.com\/support\/tapcompatibility para conocer las certificaciones<\/td>\n<\/tr>\n<tr>\n<td>Pendientes y otorgadas y las actualizaciones de<\/td>\n<\/tr>\n<tr>\n<td>Compatibilidad.<\/td>\n<\/tr>\n<tr>\n<td>Displaylink plug and display\u0099: tap se conecta<\/td>\n<\/tr>\n<tr>\n<td>A trav\u00e9s de usb como pantalla adicional para<\/td>\n<\/tr>\n<tr>\n<td>Los sistemas operativos compatibles, incluidos<\/td>\n<\/tr>\n<tr>\n<td>Windows 10 y chrome os<\/td>\n<\/tr>\n<tr>\n<td>Pieza de montaje en mesa<\/td>\n<\/tr>\n<tr>\n<td>Pieza de montaje elevadora<\/td>\n<\/tr>\n<tr>\n<td>Pieza de montaje en pared<\/td>\n<\/tr>\n<tr>\n<td>Kit cat5e (para dispositivos tap actualmente<\/td>\n<\/tr>\n<tr>\n<td>Conectados con strong usb)<\/td>\n<\/tr>\n<tr>\n<td>Cable strong usb de logitech: 10 m, 25 m, 45 m<\/td>\n<\/tr>\n<tr>\n<td>(para dispositivos tap actualmente conectados<\/td>\n<\/tr>\n<tr>\n<td>Con strong usb)<\/td>\n<\/tr>\n<tr>\n<td>Administraci\u00f3n de dispositivos<\/td>\n<\/tr>\n<tr>\n<td>Supervisa y gestiona con la administraci\u00f3n<\/td>\n<\/tr>\n<tr>\n<td>Remota logitech sync, el centro de<\/td>\n<\/tr>\n<tr>\n<td>Administraci\u00f3n de microsoft teams y las<\/td>\n<\/tr>\n<tr>\n<td>Plataformas de administraci\u00f3n de dispositivos<\/td>\n<\/tr>\n<tr>\n<td>De zoom.<\/td>\n<\/tr>\n<tr>\n<td>Garant\u00eda n\u00fameros de referencia<\/td>\n<\/tr>\n<tr>\n<td>Est\u00e1ndar: incluye dos a\u00f1os de garant\u00eda de hardware limitada<\/td>\n<\/tr>\n<tr>\n<td>Extendida: garant\u00eda adicional de un a\u00f1o disponible en el momento de la<\/td>\n<\/tr>\n<tr>\n<td>Compra del hardware. disponible en algunos pa\u00edses a trav\u00e9s de distribuidores<\/td>\n<\/tr>\n<tr>\n<td>Selectos. contacta a tu gerente de cuentas de logitech para m\u00e1s<\/td>\n<\/tr>\n<tr>\n<td>Informaci\u00f3n.<\/td>\n<\/tr>\n<tr>\n<td>Logitech tap con kit cat5e: 939-001<\/td>\n<\/tr>\n<\/table>\n","protected":false},"excerpt":{"rendered":"<p>Control t\u00e1ctil en salas de reuni\u00f3n para. Soluciones de videoconferencias. Logitech tap es mucho m\u00e1s que un control t\u00e1ctil para salas de reuni\u00f3n. Contribuye a lograr una experiencia consistente para los usuarios en. Toda la implementaci\u00f3n. Con una amplia pantalla t\u00e1ctil de 10,1, una carcasa discreta y varios. Accesorios de montaje, logitech tap tiene un aspecto elegante y ofrece. Opciones pr\u00e1cticas de instalaci\u00f3n para salas de una amplia gama de. Tama\u00f1os y disposiciones. Adem\u00e1s, con la entrada hdmi, el intercambio. De contenido es instant\u00e1neo y sumamente simple. Tambi\u00e9n est?. Disponible el intercambio de contenido inal\u00e1mbrico seg\u00fan el servicio de. Videoconferencias que elijas. Disfruta de la posibilidad de. Incorporarte con un solo toque. La integraci\u00f3n de calendarios. El intercambio de contenido. Instant\u00e1neo y una experiencia. Uniforme en tus salas de reuni\u00f3n. Con un dise\u00f1o elegante, un. Funcionamiento silencioso y un. Sensor de movimiento que le. Permite estar disponible de forma. Permanente, tap aporta facilidad. Y comodidad a la colaboraci\u00f3n de. Video. Folleto. L<\/p>\n","protected":false},"featured_media":210916,"comment_status":"open","ping_status":"open","template":"","meta":[],"product_cat":[1485,2036],"product_tag":[1500],"acf":[],"yoast_head":"<!-- This site is optimized with the Yoast SEO plugin v21.7 - https:\/\/yoast.com\/wordpress\/plugins\/seo\/ -->\n<title>[ Logitech ] &#129351; 939-001950 Controlador Tactil Tap Pantalla 10.1 Kit Cat5e Para Salas De Videoconferencia<\/title>\n<meta name=\"description\" content=\"Compra 939-001950 Controlador Tactil Tap Pantalla 10.1 Kit Cat5e Para Salas De Videoconferencia + Env\u00edo a domicilio + Pago seguro + Garant\u00eda\" \/>\n<meta name=\"robots\" content=\"index, follow, max-snippet:-1, max-image-preview:large, max-video-preview:-1\" \/>\n<link rel=\"canonical\" href=\"https:\/\/compuviper.mx\/tienda\/producto\/logitech-939-001950-controlador-tactil-tap-pantalla-10-1-kit-cat5e-para-salas-de-videoconferencia\/\" \/>\n<meta property=\"og:locale\" content=\"es_MX\" \/>\n<meta property=\"og:type\" content=\"article\" \/>\n<meta property=\"og:title\" content=\"[ Logitech ] &#129351; 939-001950 Controlador Tactil Tap Pantalla 10.1 Kit Cat5e Para Salas De Videoconferencia\" \/>\n<meta property=\"og:description\" content=\"Compra 939-001950 Controlador Tactil Tap Pantalla 10.1 Kit Cat5e Para Salas De Videoconferencia + Env\u00edo a domicilio + Pago seguro + Garant\u00eda\" \/>\n<meta property=\"og:url\" content=\"https:\/\/compuviper.mx\/tienda\/producto\/logitech-939-001950-controlador-tactil-tap-pantalla-10-1-kit-cat5e-para-salas-de-videoconferencia\/\" \/>\n<meta property=\"og:site_name\" content=\"Compuviper\" \/>\n<meta property=\"article:publisher\" content=\"https:\/\/www.facebook.com\/compuviper\" \/>\n<meta property=\"og:image\" content=\"https:\/\/compuviper.mx\/tienda\/wp-content\/uploads\/2023\/12\/Logitech-tap-y-kit-cat5e-controlador-tactil-para-salas-de-videoconferencia.jpg\" \/>\n\t<meta property=\"og:image:width\" content=\"200\" \/>\n\t<meta property=\"og:image:height\" content=\"200\" \/>\n\t<meta property=\"og:image:type\" content=\"image\/jpeg\" \/>\n<meta name=\"twitter:card\" content=\"summary_large_image\" \/>\n<meta name=\"twitter:label1\" content=\"Precio\" \/>\n\t<meta name=\"twitter:data1\" content=\"&#36;25,020 con IVA\" \/>\n\t<meta name=\"twitter:label2\" content=\"Availability\" \/>\n\t<meta name=\"twitter:data2\" content=\"Out of stock\" \/>\n<script type=\"application\/ld+json\" class=\"yoast-schema-graph\">{\"@context\":\"https:\/\/schema.org\",\"@graph\":[{\"@type\":\"WebPage\",\"@id\":\"https:\/\/compuviper.mx\/tienda\/producto\/logitech-939-001950-controlador-tactil-tap-pantalla-10-1-kit-cat5e-para-salas-de-videoconferencia\/\",\"url\":\"https:\/\/compuviper.mx\/tienda\/producto\/logitech-939-001950-controlador-tactil-tap-pantalla-10-1-kit-cat5e-para-salas-de-videoconferencia\/\",\"name\":\"[ Logitech ] &#129351; 939-001950 Controlador Tactil Tap Pantalla 10.1 Kit Cat5e Para Salas De Videoconferencia\",\"isPartOf\":{\"@id\":\"https:\/\/compuviper.mx\/tienda\/#website\"},\"datePublished\":\"2026-04-02T05:10:51+00:00\",\"dateModified\":\"2026-04-02T05:10:51+00:00\",\"description\":\"Compra 939-001950 Controlador Tactil Tap Pantalla 10.1 Kit Cat5e Para Salas De Videoconferencia + Env\u00edo a domicilio + Pago seguro + Garant\u00eda\",\"breadcrumb\":{\"@id\":\"https:\/\/compuviper.mx\/tienda\/producto\/logitech-939-001950-controlador-tactil-tap-pantalla-10-1-kit-cat5e-para-salas-de-videoconferencia\/#breadcrumb\"},\"inLanguage\":\"es-MX\",\"potentialAction\":[{\"@type\":\"ReadAction\",\"target\":[\"https:\/\/compuviper.mx\/tienda\/producto\/logitech-939-001950-controlador-tactil-tap-pantalla-10-1-kit-cat5e-para-salas-de-videoconferencia\/\"]}]},{\"@type\":\"BreadcrumbList\",\"@id\":\"https:\/\/compuviper.mx\/tienda\/producto\/logitech-939-001950-controlador-tactil-tap-pantalla-10-1-kit-cat5e-para-salas-de-videoconferencia\/#breadcrumb\",\"itemListElement\":[{\"@type\":\"ListItem\",\"position\":1,\"name\":\"Inicio\",\"item\":\"https:\/\/compuviper.mx\/tienda\/\"},{\"@type\":\"ListItem\",\"position\":2,\"name\":\"Productos\",\"item\":\"https:\/\/compuviper.mx\/tienda\/productos\/\"},{\"@type\":\"ListItem\",\"position\":3,\"name\":\"Accesorios\",\"item\":\"https:\/\/compuviper.mx\/tienda\/categoria-producto\/accesorios\/\"},{\"@type\":\"ListItem\",\"position\":4,\"name\":\"Videoconferencia\",\"item\":\"https:\/\/compuviper.mx\/tienda\/categoria-producto\/accesorios\/videoconferencia-accesorios\/\"},{\"@type\":\"ListItem\",\"position\":5,\"name\":\"Logitech 939-001950 Controlador Tactil Tap Pantalla 10.1 Kit Cat5e Para Salas De Videoconferencia\"}]},{\"@type\":\"WebSite\",\"@id\":\"https:\/\/compuviper.mx\/tienda\/#website\",\"url\":\"https:\/\/compuviper.mx\/tienda\/\",\"name\":\"Compuviper\",\"description\":\"Proveedor de Computadoras, Laptops, Servidores, Monitores, Puntos de Venta, Teclados,   Impresoras, T\u00f3ner, C\u00e1maras de Seguridad y m\u00e1s en tu tienda en l\u00ednea\",\"publisher\":{\"@id\":\"https:\/\/compuviper.mx\/tienda\/#organization\"},\"potentialAction\":[{\"@type\":\"SearchAction\",\"target\":{\"@type\":\"EntryPoint\",\"urlTemplate\":\"https:\/\/compuviper.mx\/tienda\/?s={search_term_string}\"},\"query-input\":\"required name=search_term_string\"}],\"inLanguage\":\"es-MX\"},{\"@type\":\"Organization\",\"@id\":\"https:\/\/compuviper.mx\/tienda\/#organization\",\"name\":\"Compuviper\",\"url\":\"https:\/\/compuviper.mx\/tienda\/\",\"logo\":{\"@type\":\"ImageObject\",\"inLanguage\":\"es-MX\",\"@id\":\"https:\/\/compuviper.mx\/tienda\/#\/schema\/logo\/image\/\",\"url\":\"https:\/\/compuviper.mx\/tienda\/wp-content\/uploads\/2021\/08\/Logo-Compuviper-10.png\",\"contentUrl\":\"https:\/\/compuviper.mx\/tienda\/wp-content\/uploads\/2021\/08\/Logo-Compuviper-10.png\",\"width\":1000,\"height\":500,\"caption\":\"Compuviper\"},\"image\":{\"@id\":\"https:\/\/compuviper.mx\/tienda\/#\/schema\/logo\/image\/\"},\"sameAs\":[\"https:\/\/www.facebook.com\/compuviper\",\"https:\/\/www.youtube.com\/channel\/UCf73dERp9Y3cfOq7q8BhLjA?view_as=subscriber\"]}]}<\/script>\n<meta property=\"product:brand\" content=\"LOGITECH\" \/>\n<meta property=\"product:price:amount\" content=\"25020\" \/>\n<meta property=\"product:price:currency\" content=\"MXN\" \/>\n<meta property=\"og:availability\" content=\"out of stock\" \/>\n<meta property=\"product:availability\" content=\"out of stock\" \/>\n<meta property=\"product:retailer_item_id\" content=\"939-001950\" \/>\n<meta property=\"product:condition\" content=\"new\" \/>\n<!-- \/ Yoast SEO plugin. -->","yoast_head_json":{"title":"[ Logitech ] &#129351; 939-001950 Controlador Tactil Tap Pantalla 10.1 Kit Cat5e Para Salas De Videoconferencia","description":"Compra 939-001950 Controlador Tactil Tap Pantalla 10.1 Kit Cat5e Para Salas De Videoconferencia + Env\u00edo a domicilio + Pago seguro + Garant\u00eda","robots":{"index":"index","follow":"follow","max-snippet":"max-snippet:-1","max-image-preview":"max-image-preview:large","max-video-preview":"max-video-preview:-1"},"canonical":"https:\/\/compuviper.mx\/tienda\/producto\/logitech-939-001950-controlador-tactil-tap-pantalla-10-1-kit-cat5e-para-salas-de-videoconferencia\/","og_locale":"es_MX","og_type":"article","og_title":"[ Logitech ] &#129351; 939-001950 Controlador Tactil Tap Pantalla 10.1 Kit Cat5e Para Salas De Videoconferencia","og_description":"Compra 939-001950 Controlador Tactil Tap Pantalla 10.1 Kit Cat5e Para Salas De Videoconferencia + Env\u00edo a domicilio + Pago seguro + Garant\u00eda","og_url":"https:\/\/compuviper.mx\/tienda\/producto\/logitech-939-001950-controlador-tactil-tap-pantalla-10-1-kit-cat5e-para-salas-de-videoconferencia\/","og_site_name":"Compuviper","article_publisher":"https:\/\/www.facebook.com\/compuviper","og_image":[{"width":200,"height":200,"url":"https:\/\/compuviper.mx\/tienda\/wp-content\/uploads\/2023\/12\/Logitech-tap-y-kit-cat5e-controlador-tactil-para-salas-de-videoconferencia.jpg","type":"image\/jpeg"}],"twitter_card":"summary_large_image","twitter_misc":{"Precio":"&#36;25,020 con IVA","Availability":"Out of stock"},"schema":{"@context":"https:\/\/schema.org","@graph":[{"@type":"WebPage","@id":"https:\/\/compuviper.mx\/tienda\/producto\/logitech-939-001950-controlador-tactil-tap-pantalla-10-1-kit-cat5e-para-salas-de-videoconferencia\/","url":"https:\/\/compuviper.mx\/tienda\/producto\/logitech-939-001950-controlador-tactil-tap-pantalla-10-1-kit-cat5e-para-salas-de-videoconferencia\/","name":"[ Logitech ] &#129351; 939-001950 Controlador Tactil Tap Pantalla 10.1 Kit Cat5e Para Salas De Videoconferencia","isPartOf":{"@id":"https:\/\/compuviper.mx\/tienda\/#website"},"datePublished":"2026-04-02T05:10:51+00:00","dateModified":"2026-04-02T05:10:51+00:00","description":"Compra 939-001950 Controlador Tactil Tap Pantalla 10.1 Kit Cat5e Para Salas De Videoconferencia + Env\u00edo a domicilio + Pago seguro + Garant\u00eda","breadcrumb":{"@id":"https:\/\/compuviper.mx\/tienda\/producto\/logitech-939-001950-controlador-tactil-tap-pantalla-10-1-kit-cat5e-para-salas-de-videoconferencia\/#breadcrumb"},"inLanguage":"es-MX","potentialAction":[{"@type":"ReadAction","target":["https:\/\/compuviper.mx\/tienda\/producto\/logitech-939-001950-controlador-tactil-tap-pantalla-10-1-kit-cat5e-para-salas-de-videoconferencia\/"]}]},{"@type":"BreadcrumbList","@id":"https:\/\/compuviper.mx\/tienda\/producto\/logitech-939-001950-controlador-tactil-tap-pantalla-10-1-kit-cat5e-para-salas-de-videoconferencia\/#breadcrumb","itemListElement":[{"@type":"ListItem","position":1,"name":"Inicio","item":"https:\/\/compuviper.mx\/tienda\/"},{"@type":"ListItem","position":2,"name":"Productos","item":"https:\/\/compuviper.mx\/tienda\/productos\/"},{"@type":"ListItem","position":3,"name":"Accesorios","item":"https:\/\/compuviper.mx\/tienda\/categoria-producto\/accesorios\/"},{"@type":"ListItem","position":4,"name":"Videoconferencia","item":"https:\/\/compuviper.mx\/tienda\/categoria-producto\/accesorios\/videoconferencia-accesorios\/"},{"@type":"ListItem","position":5,"name":"Logitech 939-001950 Controlador Tactil Tap Pantalla 10.1 Kit Cat5e Para Salas De Videoconferencia"}]},{"@type":"WebSite","@id":"https:\/\/compuviper.mx\/tienda\/#website","url":"https:\/\/compuviper.mx\/tienda\/","name":"Compuviper","description":"Proveedor de Computadoras, Laptops, Servidores, Monitores, Puntos de Venta, Teclados,   Impresoras, T\u00f3ner, C\u00e1maras de Seguridad y m\u00e1s en tu tienda en l\u00ednea","publisher":{"@id":"https:\/\/compuviper.mx\/tienda\/#organization"},"potentialAction":[{"@type":"SearchAction","target":{"@type":"EntryPoint","urlTemplate":"https:\/\/compuviper.mx\/tienda\/?s={search_term_string}"},"query-input":"required name=search_term_string"}],"inLanguage":"es-MX"},{"@type":"Organization","@id":"https:\/\/compuviper.mx\/tienda\/#organization","name":"Compuviper","url":"https:\/\/compuviper.mx\/tienda\/","logo":{"@type":"ImageObject","inLanguage":"es-MX","@id":"https:\/\/compuviper.mx\/tienda\/#\/schema\/logo\/image\/","url":"https:\/\/compuviper.mx\/tienda\/wp-content\/uploads\/2021\/08\/Logo-Compuviper-10.png","contentUrl":"https:\/\/compuviper.mx\/tienda\/wp-content\/uploads\/2021\/08\/Logo-Compuviper-10.png","width":1000,"height":500,"caption":"Compuviper"},"image":{"@id":"https:\/\/compuviper.mx\/tienda\/#\/schema\/logo\/image\/"},"sameAs":["https:\/\/www.facebook.com\/compuviper","https:\/\/www.youtube.com\/channel\/UCf73dERp9Y3cfOq7q8BhLjA?view_as=subscriber"]}]},"product_brand":"LOGITECH","product_price_amount":"25020","product_price_currency":"MXN","og_availability":"out of stock","product_availability":"out of stock","product_retailer_item_id":"939-001950","product_condition":"new"},"_links":{"self":[{"href":"https:\/\/compuviper.mx\/tienda\/wp-json\/wp\/v2\/product\/210915"}],"collection":[{"href":"https:\/\/compuviper.mx\/tienda\/wp-json\/wp\/v2\/product"}],"about":[{"href":"https:\/\/compuviper.mx\/tienda\/wp-json\/wp\/v2\/types\/product"}],"replies":[{"embeddable":true,"href":"https:\/\/compuviper.mx\/tienda\/wp-json\/wp\/v2\/comments?post=210915"}],"wp:featuredmedia":[{"embeddable":true,"href":"https:\/\/compuviper.mx\/tienda\/wp-json\/wp\/v2\/media\/210916"}],"wp:attachment":[{"href":"https:\/\/compuviper.mx\/tienda\/wp-json\/wp\/v2\/media?parent=210915"}],"wp:term":[{"taxonomy":"product_cat","embeddable":true,"href":"https:\/\/compuviper.mx\/tienda\/wp-json\/wp\/v2\/product_cat?post=210915"},{"taxonomy":"product_tag","embeddable":true,"href":"https:\/\/compuviper.mx\/tienda\/wp-json\/wp\/v2\/product_tag?post=210915"}],"curies":[{"name":"wp","href":"https:\/\/api.w.org\/{rel}","templated":true}]}}