{"id":210913,"date":"2026-04-01T23:10:51","date_gmt":"2026-04-02T05:10:51","guid":{"rendered":"https:\/\/compuviper.mx\/tienda\/producto\/logitech-950-000081-roommate-dispositivo-autonomo-collabos-para-camaras-y-perifiericos\/"},"modified":"2026-04-01T23:10:51","modified_gmt":"2026-04-02T05:10:51","slug":"logitech-950-000081-roommate-dispositivo-autonomo-collabos-para-camaras-y-perifiericos","status":"publish","type":"product","link":"https:\/\/compuviper.mx\/tienda\/producto\/logitech-950-000081-roommate-dispositivo-autonomo-collabos-para-camaras-y-perifiericos\/","title":{"rendered":"Logitech 950-000081  Roommate Dispositivo Autonomo Collabos Para Camaras Y Perifiericos"},"content":{"rendered":"<table class=\"descripcion\">\n<tr>\n<td>Especificaciones y detalles<\/td>\n<\/tr>\n<tr>\n<td>Asistencia<\/td>\n<\/tr>\n<tr>\n<td>Dimensiones<\/td>\n<\/tr>\n<tr>\n<td>Altura: 34,5 mm<\/td>\n<\/tr>\n<tr>\n<td>Ancho: 161 mm<\/td>\n<\/tr>\n<tr>\n<td>Profundidad: 211 mm<\/td>\n<\/tr>\n<tr>\n<td>Especificaciones t\u00e9cnicas<\/td>\n<\/tr>\n<tr>\n<td>Requisitos del sistema<\/td>\n<\/tr>\n<tr>\n<td>Conexi\u00f3n a internet con cable o inal\u00e1mbrica<\/td>\n<\/tr>\n<tr>\n<td>Licencia de software de la soluci\u00f3n para salas (no incluida)<\/td>\n<\/tr>\n<tr>\n<td>General<\/td>\n<\/tr>\n<tr>\n<td>Sistemas operativos: logitech collabos 1.4 o superior<\/td>\n<\/tr>\n<tr>\n<td>Administraci\u00f3n de dispositivos: logitech sync y plataformas de administraci\u00f3n de dispositivos compatibles<\/td>\n<\/tr>\n<tr>\n<td>Compatibilidad con protocolo de red: ipv4, ipv6<\/td>\n<\/tr>\n<tr>\n<td>Compatibilidad de proxy: proxy basado en ip, proxy basado en fqdn, proxy con uso de archivo pac<\/td>\n<\/tr>\n<tr>\n<td>Compatibilidad y certificaciones<\/td>\n<\/tr>\n<tr>\n<td>Certificaciones<\/td>\n<\/tr>\n<tr>\n<td>Microsoft teams rooms en android<\/td>\n<\/tr>\n<tr>\n<td>Zoom rooms<\/td>\n<\/tr>\n<tr>\n<td>Compatibilidad con modo aut\u00f3nomo<\/td>\n<\/tr>\n<tr>\n<td>Microsoft teams rooms en android<\/td>\n<\/tr>\n<tr>\n<td>Zoom rooms<\/td>\n<\/tr>\n<tr>\n<td>Ringcentral rooms\u0099<\/td>\n<\/tr>\n<tr>\n<td>Tencent meeting rooms<\/td>\n<\/tr>\n<tr>\n<td>Hardware de audio verificado<\/td>\n<\/tr>\n<tr>\n<td>Serie biamp tesirafort\u00e9 x, serie devio scx, tesirafort\u00e9 avb vt4 con tesira ex-ubt<\/td>\n<\/tr>\n<tr>\n<td>Extron dmp plus y mediaport dsp<\/td>\n<\/tr>\n<tr>\n<td>Familia de sistemas de audioconferencia nureva hdl<\/td>\n<\/tr>\n<tr>\n<td>Procesadores core q-sys<\/td>\n<\/tr>\n<tr>\n<td>Shure intellimix p300<\/td>\n<\/tr>\n<tr>\n<td>Hardware certificado<\/td>\n<\/tr>\n<tr>\n<td>Logitech meetup<\/td>\n<\/tr>\n<tr>\n<td>C\u00e1mara rally<\/td>\n<\/tr>\n<tr>\n<td>Sistema rally<\/td>\n<\/tr>\n<tr>\n<td>Sistema rally plus<\/td>\n<\/tr>\n<tr>\n<td>Tap<\/td>\n<\/tr>\n<tr>\n<td>Tap ip<\/td>\n<\/tr>\n<tr>\n<td>Se\u00f1alizaci\u00f3n digital<\/td>\n<\/tr>\n<tr>\n<td>Appspace<\/td>\n<\/tr>\n<tr>\n<td>Se\u00f1alizaci\u00f3n digital de zoom rooms (solo contenido en video).<\/td>\n<\/tr>\n<tr>\n<td>Para obtener la informaci\u00f3n m\u00e1s reciente sobre certificaciones y compatibilidad, consulta www.logitech.com\/support\/vc-certifications<\/td>\n<\/tr>\n<tr>\n<td>Interfaces<\/td>\n<\/tr>\n<tr>\n<td>Salida hdmi: 2 (hasta 1080p)<\/td>\n<\/tr>\n<tr>\n<td>Entrada hdmi: 1<\/td>\n<\/tr>\n<tr>\n<td>Usb: 3x tipo a 2.0<\/td>\n<\/tr>\n<tr>\n<td>Red: ethernet 10\/100\/1g<\/td>\n<\/tr>\n<tr>\n<td>Wifi: 802.11a\/b\/g\/n\/ac<\/td>\n<\/tr>\n<tr>\n<td>Control remoto: bluetooth\u00ae low energy<\/td>\n<\/tr>\n<tr>\n<td>Alimentaci\u00f3n y cables<\/td>\n<\/tr>\n<tr>\n<td>Fuente de alimentaci\u00f3n: detecci\u00f3n autom\u00e1tica<\/td>\n<\/tr>\n<tr>\n<td>Alimentaci\u00f3n\/voltaje de servicio: 100-240 v, 19 v, 4,74 a<\/td>\n<\/tr>\n<tr>\n<td>Dimensiones de fuente de alimentaci\u00f3n: 127 mm x 51 mm x 30 mm<\/td>\n<\/tr>\n<tr>\n<td>Cable de cc: 1,5 m<\/td>\n<\/tr>\n<tr>\n<td>Cable de ca: 1 m<\/td>\n<\/tr>\n<tr>\n<td>Medioambiente<\/td>\n<\/tr>\n<tr>\n<td>Temperatura de funcionamiento: 0 \u00b0c a 40 \u00b0c<\/td>\n<\/tr>\n<tr>\n<td>Temperatura de almacenamiento: -40 a 70\u00b0c<\/td>\n<\/tr>\n<tr>\n<td>Humedad: 10 % a 95 %<\/td>\n<\/tr>\n<tr>\n<td>Seguridad<\/td>\n<\/tr>\n<tr>\n<td>Cifrado de disco completo: aes-128<\/td>\n<\/tr>\n<tr>\n<td>Cifrado de datos: claves sim\u00e9tricas, infraestructura de clave p\u00fablica (pki)<\/td>\n<\/tr>\n<tr>\n<td>Identidad de dispositivos: protecci\u00f3n mediante atestaci\u00f3n de estado de dispositivos<\/td>\n<\/tr>\n<tr>\n<td>Acceso a dispositivos: autenticaci\u00f3n mediante api<\/td>\n<\/tr>\n<tr>\n<td>Protecci\u00f3n mediante clave: arm trustzone, rpmp<\/td>\n<\/tr>\n<tr>\n<td>Seguridad del dispositivo: bloqueo kensington<\/td>\n<\/tr>\n<tr>\n<td>Contenido de la caja<\/td>\n<\/tr>\n<tr>\n<td>Logitech roommate<\/td>\n<\/tr>\n<tr>\n<td>Fuente de alimentaci\u00f3n<\/td>\n<\/tr>\n<tr>\n<td>Cable de ca<\/td>\n<\/tr>\n<tr>\n<td>Placa de montaje<\/td>\n<\/tr>\n<tr>\n<td>Control remoto<\/td>\n<\/tr>\n<tr>\n<td>Documentaci\u00f3n del usuario<\/td>\n<\/tr>\n<tr>\n<td>Informaci\u00f3n de garant\u00eda<\/td>\n<\/tr>\n<tr>\n<td>Est\u00e1ndar: incluye dos a\u00f1os de garant\u00eda de hardware limitada<\/td>\n<\/tr>\n<tr>\n<td>Extendida: garant\u00eda adicional de un a\u00f1o disponible en el momento de la compra del hardware. ponte en contacto con tu distribuidor para obtener informaci\u00f3n sobre la disponibilidad.<\/td>\n<\/tr>\n<tr>\n<td>N\u00famero de referencia<\/td>\n<\/tr>\n<tr>\n<td>950-000081<\/td>\n<\/tr>\n<\/table>\n","protected":false},"excerpt":{"rendered":"<p>Logitech roommate. Dispositivo aut\u00f3nomo collabos para c\u00e1maras de conferencia y perif\u00e9ricos de soluciones para salas de reuni\u00f3n compatibles. Dise\u00f1ado especialmente para la video colaboraci\u00f3n. Roommate funciona con collabos, lo cual te permite implementar f\u00e1cilmente microsoft teams\u00ae rooms en android\u0099, dispositivos zoom rooms\u0099 y otros servicios l\u00edderes de videoconferencia.<\/p>\n","protected":false},"featured_media":210914,"comment_status":"open","ping_status":"open","template":"","meta":[],"product_cat":[1485,2036],"product_tag":[1500],"acf":[],"yoast_head":"<!-- This site is optimized with the Yoast SEO plugin v21.7 - https:\/\/yoast.com\/wordpress\/plugins\/seo\/ -->\n<title>[ Logitech ] &#129351; 950-000081 Roommate Dispositivo Autonomo Collabos Para Camaras Y Perifiericos<\/title>\n<meta name=\"description\" content=\"Compra 950-000081 Roommate Dispositivo Autonomo Collabos Para Camaras Y Perifiericos + Env\u00edo a domicilio + Pago seguro + Garant\u00eda\" \/>\n<meta name=\"robots\" content=\"index, follow, max-snippet:-1, max-image-preview:large, max-video-preview:-1\" \/>\n<link rel=\"canonical\" href=\"https:\/\/compuviper.mx\/tienda\/producto\/logitech-950-000081-roommate-dispositivo-autonomo-collabos-para-camaras-y-perifiericos\/\" \/>\n<meta property=\"og:locale\" content=\"es_MX\" \/>\n<meta property=\"og:type\" content=\"article\" \/>\n<meta property=\"og:title\" content=\"[ Logitech ] &#129351; 950-000081 Roommate Dispositivo Autonomo Collabos Para Camaras Y Perifiericos\" \/>\n<meta property=\"og:description\" content=\"Compra 950-000081 Roommate Dispositivo Autonomo Collabos Para Camaras Y Perifiericos + Env\u00edo a domicilio + Pago seguro + Garant\u00eda\" \/>\n<meta property=\"og:url\" content=\"https:\/\/compuviper.mx\/tienda\/producto\/logitech-950-000081-roommate-dispositivo-autonomo-collabos-para-camaras-y-perifiericos\/\" \/>\n<meta property=\"og:site_name\" content=\"Compuviper\" \/>\n<meta property=\"article:publisher\" content=\"https:\/\/www.facebook.com\/compuviper\" \/>\n<meta property=\"og:image\" content=\"https:\/\/compuviper.mx\/tienda\/wp-content\/uploads\/2023\/12\/Logitech-roommate-dispositivo-autonomo-collabos-para-camaras-y-perifiericos.jpg\" \/>\n\t<meta property=\"og:image:width\" content=\"200\" \/>\n\t<meta property=\"og:image:height\" content=\"200\" \/>\n\t<meta property=\"og:image:type\" content=\"image\/jpeg\" \/>\n<meta name=\"twitter:card\" content=\"summary_large_image\" \/>\n<meta name=\"twitter:label1\" content=\"Precio\" \/>\n\t<meta name=\"twitter:data1\" content=\"&#36;25,020 con IVA\" \/>\n\t<meta name=\"twitter:label2\" content=\"Availability\" \/>\n\t<meta name=\"twitter:data2\" content=\"Out of stock\" \/>\n<script type=\"application\/ld+json\" class=\"yoast-schema-graph\">{\"@context\":\"https:\/\/schema.org\",\"@graph\":[{\"@type\":\"WebPage\",\"@id\":\"https:\/\/compuviper.mx\/tienda\/producto\/logitech-950-000081-roommate-dispositivo-autonomo-collabos-para-camaras-y-perifiericos\/\",\"url\":\"https:\/\/compuviper.mx\/tienda\/producto\/logitech-950-000081-roommate-dispositivo-autonomo-collabos-para-camaras-y-perifiericos\/\",\"name\":\"[ Logitech ] &#129351; 950-000081 Roommate Dispositivo Autonomo Collabos Para Camaras Y Perifiericos\",\"isPartOf\":{\"@id\":\"https:\/\/compuviper.mx\/tienda\/#website\"},\"datePublished\":\"2026-04-02T05:10:51+00:00\",\"dateModified\":\"2026-04-02T05:10:51+00:00\",\"description\":\"Compra 950-000081 Roommate Dispositivo Autonomo Collabos Para Camaras Y Perifiericos + Env\u00edo a domicilio + Pago seguro + Garant\u00eda\",\"breadcrumb\":{\"@id\":\"https:\/\/compuviper.mx\/tienda\/producto\/logitech-950-000081-roommate-dispositivo-autonomo-collabos-para-camaras-y-perifiericos\/#breadcrumb\"},\"inLanguage\":\"es-MX\",\"potentialAction\":[{\"@type\":\"ReadAction\",\"target\":[\"https:\/\/compuviper.mx\/tienda\/producto\/logitech-950-000081-roommate-dispositivo-autonomo-collabos-para-camaras-y-perifiericos\/\"]}]},{\"@type\":\"BreadcrumbList\",\"@id\":\"https:\/\/compuviper.mx\/tienda\/producto\/logitech-950-000081-roommate-dispositivo-autonomo-collabos-para-camaras-y-perifiericos\/#breadcrumb\",\"itemListElement\":[{\"@type\":\"ListItem\",\"position\":1,\"name\":\"Inicio\",\"item\":\"https:\/\/compuviper.mx\/tienda\/\"},{\"@type\":\"ListItem\",\"position\":2,\"name\":\"Productos\",\"item\":\"https:\/\/compuviper.mx\/tienda\/productos\/\"},{\"@type\":\"ListItem\",\"position\":3,\"name\":\"Accesorios\",\"item\":\"https:\/\/compuviper.mx\/tienda\/categoria-producto\/accesorios\/\"},{\"@type\":\"ListItem\",\"position\":4,\"name\":\"Videoconferencia\",\"item\":\"https:\/\/compuviper.mx\/tienda\/categoria-producto\/accesorios\/videoconferencia-accesorios\/\"},{\"@type\":\"ListItem\",\"position\":5,\"name\":\"Logitech 950-000081 Roommate Dispositivo Autonomo Collabos Para Camaras Y Perifiericos\"}]},{\"@type\":\"WebSite\",\"@id\":\"https:\/\/compuviper.mx\/tienda\/#website\",\"url\":\"https:\/\/compuviper.mx\/tienda\/\",\"name\":\"Compuviper\",\"description\":\"Proveedor de Computadoras, Laptops, Servidores, Monitores, Puntos de Venta, Teclados,   Impresoras, T\u00f3ner, C\u00e1maras de Seguridad y m\u00e1s en tu tienda en l\u00ednea\",\"publisher\":{\"@id\":\"https:\/\/compuviper.mx\/tienda\/#organization\"},\"potentialAction\":[{\"@type\":\"SearchAction\",\"target\":{\"@type\":\"EntryPoint\",\"urlTemplate\":\"https:\/\/compuviper.mx\/tienda\/?s={search_term_string}\"},\"query-input\":\"required name=search_term_string\"}],\"inLanguage\":\"es-MX\"},{\"@type\":\"Organization\",\"@id\":\"https:\/\/compuviper.mx\/tienda\/#organization\",\"name\":\"Compuviper\",\"url\":\"https:\/\/compuviper.mx\/tienda\/\",\"logo\":{\"@type\":\"ImageObject\",\"inLanguage\":\"es-MX\",\"@id\":\"https:\/\/compuviper.mx\/tienda\/#\/schema\/logo\/image\/\",\"url\":\"https:\/\/compuviper.mx\/tienda\/wp-content\/uploads\/2021\/08\/Logo-Compuviper-10.png\",\"contentUrl\":\"https:\/\/compuviper.mx\/tienda\/wp-content\/uploads\/2021\/08\/Logo-Compuviper-10.png\",\"width\":1000,\"height\":500,\"caption\":\"Compuviper\"},\"image\":{\"@id\":\"https:\/\/compuviper.mx\/tienda\/#\/schema\/logo\/image\/\"},\"sameAs\":[\"https:\/\/www.facebook.com\/compuviper\",\"https:\/\/www.youtube.com\/channel\/UCf73dERp9Y3cfOq7q8BhLjA?view_as=subscriber\"]}]}<\/script>\n<meta property=\"product:brand\" content=\"LOGITECH\" \/>\n<meta property=\"product:price:amount\" content=\"25020\" \/>\n<meta property=\"product:price:currency\" content=\"MXN\" \/>\n<meta property=\"og:availability\" content=\"out of stock\" \/>\n<meta property=\"product:availability\" content=\"out of stock\" \/>\n<meta property=\"product:retailer_item_id\" content=\"950-000081\" \/>\n<meta property=\"product:condition\" content=\"new\" \/>\n<!-- \/ Yoast SEO plugin. -->","yoast_head_json":{"title":"[ Logitech ] &#129351; 950-000081 Roommate Dispositivo Autonomo Collabos Para Camaras Y Perifiericos","description":"Compra 950-000081 Roommate Dispositivo Autonomo Collabos Para Camaras Y Perifiericos + Env\u00edo a domicilio + Pago seguro + Garant\u00eda","robots":{"index":"index","follow":"follow","max-snippet":"max-snippet:-1","max-image-preview":"max-image-preview:large","max-video-preview":"max-video-preview:-1"},"canonical":"https:\/\/compuviper.mx\/tienda\/producto\/logitech-950-000081-roommate-dispositivo-autonomo-collabos-para-camaras-y-perifiericos\/","og_locale":"es_MX","og_type":"article","og_title":"[ Logitech ] &#129351; 950-000081 Roommate Dispositivo Autonomo Collabos Para Camaras Y Perifiericos","og_description":"Compra 950-000081 Roommate Dispositivo Autonomo Collabos Para Camaras Y Perifiericos + Env\u00edo a domicilio + Pago seguro + Garant\u00eda","og_url":"https:\/\/compuviper.mx\/tienda\/producto\/logitech-950-000081-roommate-dispositivo-autonomo-collabos-para-camaras-y-perifiericos\/","og_site_name":"Compuviper","article_publisher":"https:\/\/www.facebook.com\/compuviper","og_image":[{"width":200,"height":200,"url":"https:\/\/compuviper.mx\/tienda\/wp-content\/uploads\/2023\/12\/Logitech-roommate-dispositivo-autonomo-collabos-para-camaras-y-perifiericos.jpg","type":"image\/jpeg"}],"twitter_card":"summary_large_image","twitter_misc":{"Precio":"&#36;25,020 con IVA","Availability":"Out of stock"},"schema":{"@context":"https:\/\/schema.org","@graph":[{"@type":"WebPage","@id":"https:\/\/compuviper.mx\/tienda\/producto\/logitech-950-000081-roommate-dispositivo-autonomo-collabos-para-camaras-y-perifiericos\/","url":"https:\/\/compuviper.mx\/tienda\/producto\/logitech-950-000081-roommate-dispositivo-autonomo-collabos-para-camaras-y-perifiericos\/","name":"[ Logitech ] &#129351; 950-000081 Roommate Dispositivo Autonomo Collabos Para Camaras Y Perifiericos","isPartOf":{"@id":"https:\/\/compuviper.mx\/tienda\/#website"},"datePublished":"2026-04-02T05:10:51+00:00","dateModified":"2026-04-02T05:10:51+00:00","description":"Compra 950-000081 Roommate Dispositivo Autonomo Collabos Para Camaras Y Perifiericos + Env\u00edo a domicilio + Pago seguro + Garant\u00eda","breadcrumb":{"@id":"https:\/\/compuviper.mx\/tienda\/producto\/logitech-950-000081-roommate-dispositivo-autonomo-collabos-para-camaras-y-perifiericos\/#breadcrumb"},"inLanguage":"es-MX","potentialAction":[{"@type":"ReadAction","target":["https:\/\/compuviper.mx\/tienda\/producto\/logitech-950-000081-roommate-dispositivo-autonomo-collabos-para-camaras-y-perifiericos\/"]}]},{"@type":"BreadcrumbList","@id":"https:\/\/compuviper.mx\/tienda\/producto\/logitech-950-000081-roommate-dispositivo-autonomo-collabos-para-camaras-y-perifiericos\/#breadcrumb","itemListElement":[{"@type":"ListItem","position":1,"name":"Inicio","item":"https:\/\/compuviper.mx\/tienda\/"},{"@type":"ListItem","position":2,"name":"Productos","item":"https:\/\/compuviper.mx\/tienda\/productos\/"},{"@type":"ListItem","position":3,"name":"Accesorios","item":"https:\/\/compuviper.mx\/tienda\/categoria-producto\/accesorios\/"},{"@type":"ListItem","position":4,"name":"Videoconferencia","item":"https:\/\/compuviper.mx\/tienda\/categoria-producto\/accesorios\/videoconferencia-accesorios\/"},{"@type":"ListItem","position":5,"name":"Logitech 950-000081 Roommate Dispositivo Autonomo Collabos Para Camaras Y Perifiericos"}]},{"@type":"WebSite","@id":"https:\/\/compuviper.mx\/tienda\/#website","url":"https:\/\/compuviper.mx\/tienda\/","name":"Compuviper","description":"Proveedor de Computadoras, Laptops, Servidores, Monitores, Puntos de Venta, Teclados,   Impresoras, T\u00f3ner, C\u00e1maras de Seguridad y m\u00e1s en tu tienda en l\u00ednea","publisher":{"@id":"https:\/\/compuviper.mx\/tienda\/#organization"},"potentialAction":[{"@type":"SearchAction","target":{"@type":"EntryPoint","urlTemplate":"https:\/\/compuviper.mx\/tienda\/?s={search_term_string}"},"query-input":"required name=search_term_string"}],"inLanguage":"es-MX"},{"@type":"Organization","@id":"https:\/\/compuviper.mx\/tienda\/#organization","name":"Compuviper","url":"https:\/\/compuviper.mx\/tienda\/","logo":{"@type":"ImageObject","inLanguage":"es-MX","@id":"https:\/\/compuviper.mx\/tienda\/#\/schema\/logo\/image\/","url":"https:\/\/compuviper.mx\/tienda\/wp-content\/uploads\/2021\/08\/Logo-Compuviper-10.png","contentUrl":"https:\/\/compuviper.mx\/tienda\/wp-content\/uploads\/2021\/08\/Logo-Compuviper-10.png","width":1000,"height":500,"caption":"Compuviper"},"image":{"@id":"https:\/\/compuviper.mx\/tienda\/#\/schema\/logo\/image\/"},"sameAs":["https:\/\/www.facebook.com\/compuviper","https:\/\/www.youtube.com\/channel\/UCf73dERp9Y3cfOq7q8BhLjA?view_as=subscriber"]}]},"product_brand":"LOGITECH","product_price_amount":"25020","product_price_currency":"MXN","og_availability":"out of stock","product_availability":"out of stock","product_retailer_item_id":"950-000081","product_condition":"new"},"_links":{"self":[{"href":"https:\/\/compuviper.mx\/tienda\/wp-json\/wp\/v2\/product\/210913"}],"collection":[{"href":"https:\/\/compuviper.mx\/tienda\/wp-json\/wp\/v2\/product"}],"about":[{"href":"https:\/\/compuviper.mx\/tienda\/wp-json\/wp\/v2\/types\/product"}],"replies":[{"embeddable":true,"href":"https:\/\/compuviper.mx\/tienda\/wp-json\/wp\/v2\/comments?post=210913"}],"wp:featuredmedia":[{"embeddable":true,"href":"https:\/\/compuviper.mx\/tienda\/wp-json\/wp\/v2\/media\/210914"}],"wp:attachment":[{"href":"https:\/\/compuviper.mx\/tienda\/wp-json\/wp\/v2\/media?parent=210913"}],"wp:term":[{"taxonomy":"product_cat","embeddable":true,"href":"https:\/\/compuviper.mx\/tienda\/wp-json\/wp\/v2\/product_cat?post=210913"},{"taxonomy":"product_tag","embeddable":true,"href":"https:\/\/compuviper.mx\/tienda\/wp-json\/wp\/v2\/product_tag?post=210913"}],"curies":[{"name":"wp","href":"https:\/\/api.w.org\/{rel}","templated":true}]}}