{"id":210911,"date":"2026-04-01T23:10:50","date_gmt":"2026-04-02T05:10:50","guid":{"rendered":"https:\/\/compuviper.mx\/tienda\/producto\/logitech-939-001644-kit-de-montaje-para-sistemas-rally-y-rally-plus\/"},"modified":"2026-04-01T23:10:50","modified_gmt":"2026-04-02T05:10:50","slug":"logitech-939-001644-kit-de-montaje-compatible-con-rally-y-rally-plus-videoconferencia","status":"publish","type":"product","link":"https:\/\/compuviper.mx\/tienda\/producto\/logitech-939-001644-kit-de-montaje-compatible-con-rally-y-rally-plus-videoconferencia\/","title":{"rendered":"Logitech 939-001644 Kit De Montaje  Compatible Con Rally Y Rally Plus. Videoconferencia"},"content":{"rendered":"<table class=\"descripcion\">\n<tr>\n<td>Dimensiones<\/td>\n<\/tr>\n<tr>\n<td>Soporte de altavoz<\/td>\n<\/tr>\n<tr>\n<td>Altura: 36 mm<\/td>\n<\/tr>\n<tr>\n<td>Ancho: 266 mm<\/td>\n<\/tr>\n<tr>\n<td>Profundidad: 8 mm<\/td>\n<\/tr>\n<tr>\n<td>Soporte de c\u00e1mara<\/td>\n<\/tr>\n<tr>\n<td>Altura: 63 mm<\/td>\n<\/tr>\n<tr>\n<td>Ancho: 109 mm<\/td>\n<\/tr>\n<tr>\n<td>Profundidad: 166 mm<\/td>\n<\/tr>\n<tr>\n<td>Soporte de hub de mesa<\/td>\n<\/tr>\n<tr>\n<td>Altura: 12 mm<\/td>\n<\/tr>\n<tr>\n<td>Ancho: 164 mm<\/td>\n<\/tr>\n<tr>\n<td>Profundidad: 115 mm<\/td>\n<\/tr>\n<tr>\n<td>Soporte de hub de pantalla<\/td>\n<\/tr>\n<tr>\n<td>Altura: 12 mm<\/td>\n<\/tr>\n<tr>\n<td>Ancho: 164 mm<\/td>\n<\/tr>\n<tr>\n<td>Profundidad: 115 mm<\/td>\n<\/tr>\n<tr>\n<td>Abrazadera de cable<\/td>\n<\/tr>\n<tr>\n<td>Altura: 23 mm<\/td>\n<\/tr>\n<tr>\n<td>Ancho: 164 mm<\/td>\n<\/tr>\n<tr>\n<td>Profundidad: 38 mm<\/td>\n<\/tr>\n<tr>\n<td>Compatibilidad<\/td>\n<\/tr>\n<tr>\n<td>Logitech rally o logitech rally plus<\/td>\n<\/tr>\n<tr>\n<td>Nota: el kit de montaje de rally se ha dise\u00f1ado exclusivamente para sistemas logitech rally. la c\u00e1mara usb rally independiente incluye un sistema de montaje diferente.<\/td>\n<\/tr>\n<tr>\n<td>Contenido de la caja<\/td>\n<\/tr>\n<tr>\n<td>Soporte de altavoz (2)<\/td>\n<\/tr>\n<tr>\n<td>Soporte de c\u00e1mara<\/td>\n<\/tr>\n<tr>\n<td>Soporte de hub de mesa<\/td>\n<\/tr>\n<tr>\n<td>Soporte de hub de pantalla<\/td>\n<\/tr>\n<tr>\n<td>Abrazadera de cable (2)<\/td>\n<\/tr>\n<tr>\n<td>Documentaci\u00f3n de piezas de sujeci\u00f3n<\/td>\n<\/tr>\n<tr>\n<td>Informaci\u00f3n de garant\u00eda<\/td>\n<\/tr>\n<tr>\n<td>Dos a\u00f1os de garant\u00eda de hardware limitada<\/td>\n<\/tr>\n<tr>\n<td>N\u00famero de referencia<\/td>\n<\/tr>\n<tr>\n<td>939-001644<\/td>\n<\/tr>\n<\/table>\n","protected":false},"excerpt":{"rendered":"<p>Un sistema de montaje atractivo, seguro y flexible. Los soportes y las herramientas de montaje incluidos permiten una instalaci\u00f3n optimizada de cada componente del sistema rally. El soporte de la c\u00e1mara permite instalarla de forma segura en la pared, encima o debajo de la pantalla, o invertir la posici\u00f3n para instalaciones cerca del techo. Instala los altavoces directamente en la pared con soportes discretos. Coloca los hubs en una pared o bajo una mesa con hardware ventilado y fija las conexiones mediante abrazaderas de cables, para tener una instalaci\u00f3n de aspecto profesional. Soporte de c\u00e1mara invertible. El soporte de la c\u00e1mara ofrece flexibilidad para instalarla en una pared directamente encima o debajo de la pantalla, para ofrecer una l\u00ednea de visi\u00f3n natural y contacto visual con participantes remotos. Para espacios de reuni\u00f3n grandes, el soporte puede invertirse para colocar la c\u00e1mara cerca del techo y obtener una visi\u00f3n m\u00e1s amplia de la sala. Un sistema de atornillado de tr\u00edpode y tres patillas proporciona estabilidad para la c\u00e1mara cuando la lente est\u00e1 en movimiento. Soportes para altavoces de dise\u00f1o discreto. Cada accesorio del kit de montaje de rally est\u00e1 adaptado al componente correspondiente del sistema. Los dos soportes para colocar los altavoces rally a ambos lados de la pantalla crean una sensaci\u00f3n flotante y favorecen el potencial ac\u00fastico de los altavoces. El resultado: conversaciones con un sonido genuino que acerca a los participantes mediante una tecnolog\u00eda discreta. Soportes con ventilaci\u00f3n para hub de pantalla y hub de mesa. Dos soportes de hub con ventilaci\u00f3n proporcionan vers\u00e1tiles opciones de montaje de hub en la pared o bajo la mesa. El dise\u00f1o de los soportes incorpora realces para garantizar la circulaci\u00f3n de aire requerida para una correcta refrigeraci\u00f3n. Abrazaderas de cables. Evita desconexiones imprevistas y mant\u00e9n los cables perfectamente organizados. Cada abrazadera de dos piezas se coloca junto al hub de pantalla o de mesa para mantener firmemente en su sitio los cables de alimentaci\u00f3n, a\/v y datos.<\/p>\n","protected":false},"featured_media":210912,"comment_status":"open","ping_status":"open","template":"","meta":[],"product_cat":[1485,2036],"product_tag":[1500],"acf":[],"yoast_head":"<!-- This site is optimized with the Yoast SEO plugin v21.7 - https:\/\/yoast.com\/wordpress\/plugins\/seo\/ -->\n<title>[ Logitech ] &#129351; 939-001644 Kit De Montaje Compatible Con Rally Y Rally Plus. Videoconferencia<\/title>\n<meta name=\"description\" content=\"Compra 939-001644 Kit De Montaje Compatible Con Rally Y Rally Plus. Videoconferencia + Env\u00edo a domicilio + Pago seguro + Garant\u00eda\" \/>\n<meta name=\"robots\" content=\"index, follow, max-snippet:-1, max-image-preview:large, max-video-preview:-1\" \/>\n<link rel=\"canonical\" href=\"https:\/\/compuviper.mx\/tienda\/producto\/logitech-939-001644-kit-de-montaje-compatible-con-rally-y-rally-plus-videoconferencia\/\" \/>\n<meta property=\"og:locale\" content=\"es_MX\" \/>\n<meta property=\"og:type\" content=\"article\" \/>\n<meta property=\"og:title\" content=\"[ Logitech ] &#129351; 939-001644 Kit De Montaje Compatible Con Rally Y Rally Plus. Videoconferencia\" \/>\n<meta property=\"og:description\" content=\"Compra 939-001644 Kit De Montaje Compatible Con Rally Y Rally Plus. Videoconferencia + Env\u00edo a domicilio + Pago seguro + Garant\u00eda\" \/>\n<meta property=\"og:url\" content=\"https:\/\/compuviper.mx\/tienda\/producto\/logitech-939-001644-kit-de-montaje-compatible-con-rally-y-rally-plus-videoconferencia\/\" \/>\n<meta property=\"og:site_name\" content=\"Compuviper\" \/>\n<meta property=\"article:publisher\" content=\"https:\/\/www.facebook.com\/compuviper\" \/>\n<meta property=\"og:image\" content=\"https:\/\/compuviper.mx\/tienda\/wp-content\/uploads\/2023\/12\/Kit-de-montaje-logitech-para-sistemas-rally-y-rally-plus.jpg\" \/>\n\t<meta property=\"og:image:width\" content=\"200\" \/>\n\t<meta property=\"og:image:height\" content=\"200\" \/>\n\t<meta property=\"og:image:type\" content=\"image\/jpeg\" \/>\n<meta name=\"twitter:card\" content=\"summary_large_image\" \/>\n<meta name=\"twitter:label1\" content=\"Precio\" \/>\n\t<meta name=\"twitter:data1\" content=\"&#36;4,344 con IVA\" \/>\n\t<meta name=\"twitter:label2\" content=\"Availability\" \/>\n\t<meta name=\"twitter:data2\" content=\"Out of stock\" \/>\n<script type=\"application\/ld+json\" class=\"yoast-schema-graph\">{\"@context\":\"https:\/\/schema.org\",\"@graph\":[{\"@type\":\"WebPage\",\"@id\":\"https:\/\/compuviper.mx\/tienda\/producto\/logitech-939-001644-kit-de-montaje-compatible-con-rally-y-rally-plus-videoconferencia\/\",\"url\":\"https:\/\/compuviper.mx\/tienda\/producto\/logitech-939-001644-kit-de-montaje-compatible-con-rally-y-rally-plus-videoconferencia\/\",\"name\":\"[ Logitech ] &#129351; 939-001644 Kit De Montaje Compatible Con Rally Y Rally Plus. Videoconferencia\",\"isPartOf\":{\"@id\":\"https:\/\/compuviper.mx\/tienda\/#website\"},\"datePublished\":\"2026-04-02T05:10:50+00:00\",\"dateModified\":\"2026-04-02T05:10:50+00:00\",\"description\":\"Compra 939-001644 Kit De Montaje Compatible Con Rally Y Rally Plus. Videoconferencia + Env\u00edo a domicilio + Pago seguro + Garant\u00eda\",\"breadcrumb\":{\"@id\":\"https:\/\/compuviper.mx\/tienda\/producto\/logitech-939-001644-kit-de-montaje-compatible-con-rally-y-rally-plus-videoconferencia\/#breadcrumb\"},\"inLanguage\":\"es-MX\",\"potentialAction\":[{\"@type\":\"ReadAction\",\"target\":[\"https:\/\/compuviper.mx\/tienda\/producto\/logitech-939-001644-kit-de-montaje-compatible-con-rally-y-rally-plus-videoconferencia\/\"]}]},{\"@type\":\"BreadcrumbList\",\"@id\":\"https:\/\/compuviper.mx\/tienda\/producto\/logitech-939-001644-kit-de-montaje-compatible-con-rally-y-rally-plus-videoconferencia\/#breadcrumb\",\"itemListElement\":[{\"@type\":\"ListItem\",\"position\":1,\"name\":\"Inicio\",\"item\":\"https:\/\/compuviper.mx\/tienda\/\"},{\"@type\":\"ListItem\",\"position\":2,\"name\":\"Productos\",\"item\":\"https:\/\/compuviper.mx\/tienda\/productos\/\"},{\"@type\":\"ListItem\",\"position\":3,\"name\":\"Accesorios\",\"item\":\"https:\/\/compuviper.mx\/tienda\/categoria-producto\/accesorios\/\"},{\"@type\":\"ListItem\",\"position\":4,\"name\":\"Videoconferencia\",\"item\":\"https:\/\/compuviper.mx\/tienda\/categoria-producto\/accesorios\/videoconferencia-accesorios\/\"},{\"@type\":\"ListItem\",\"position\":5,\"name\":\"Logitech 939-001644 Kit De Montaje Compatible Con Rally Y Rally Plus. Videoconferencia\"}]},{\"@type\":\"WebSite\",\"@id\":\"https:\/\/compuviper.mx\/tienda\/#website\",\"url\":\"https:\/\/compuviper.mx\/tienda\/\",\"name\":\"Compuviper\",\"description\":\"Proveedor de Computadoras, Laptops, Servidores, Monitores, Puntos de Venta, Teclados,   Impresoras, T\u00f3ner, C\u00e1maras de Seguridad y m\u00e1s en tu tienda en l\u00ednea\",\"publisher\":{\"@id\":\"https:\/\/compuviper.mx\/tienda\/#organization\"},\"potentialAction\":[{\"@type\":\"SearchAction\",\"target\":{\"@type\":\"EntryPoint\",\"urlTemplate\":\"https:\/\/compuviper.mx\/tienda\/?s={search_term_string}\"},\"query-input\":\"required name=search_term_string\"}],\"inLanguage\":\"es-MX\"},{\"@type\":\"Organization\",\"@id\":\"https:\/\/compuviper.mx\/tienda\/#organization\",\"name\":\"Compuviper\",\"url\":\"https:\/\/compuviper.mx\/tienda\/\",\"logo\":{\"@type\":\"ImageObject\",\"inLanguage\":\"es-MX\",\"@id\":\"https:\/\/compuviper.mx\/tienda\/#\/schema\/logo\/image\/\",\"url\":\"https:\/\/compuviper.mx\/tienda\/wp-content\/uploads\/2021\/08\/Logo-Compuviper-10.png\",\"contentUrl\":\"https:\/\/compuviper.mx\/tienda\/wp-content\/uploads\/2021\/08\/Logo-Compuviper-10.png\",\"width\":1000,\"height\":500,\"caption\":\"Compuviper\"},\"image\":{\"@id\":\"https:\/\/compuviper.mx\/tienda\/#\/schema\/logo\/image\/\"},\"sameAs\":[\"https:\/\/www.facebook.com\/compuviper\",\"https:\/\/www.youtube.com\/channel\/UCf73dERp9Y3cfOq7q8BhLjA?view_as=subscriber\"]}]}<\/script>\n<meta property=\"product:brand\" content=\"LOGITECH\" \/>\n<meta property=\"product:price:amount\" content=\"4344\" \/>\n<meta property=\"product:price:currency\" content=\"MXN\" \/>\n<meta property=\"og:availability\" content=\"out of stock\" \/>\n<meta property=\"product:availability\" content=\"out of stock\" \/>\n<meta property=\"product:retailer_item_id\" content=\"939-001644\" \/>\n<meta property=\"product:condition\" content=\"new\" \/>\n<!-- \/ Yoast SEO plugin. -->","yoast_head_json":{"title":"[ Logitech ] &#129351; 939-001644 Kit De Montaje Compatible Con Rally Y Rally Plus. Videoconferencia","description":"Compra 939-001644 Kit De Montaje Compatible Con Rally Y Rally Plus. Videoconferencia + Env\u00edo a domicilio + Pago seguro + Garant\u00eda","robots":{"index":"index","follow":"follow","max-snippet":"max-snippet:-1","max-image-preview":"max-image-preview:large","max-video-preview":"max-video-preview:-1"},"canonical":"https:\/\/compuviper.mx\/tienda\/producto\/logitech-939-001644-kit-de-montaje-compatible-con-rally-y-rally-plus-videoconferencia\/","og_locale":"es_MX","og_type":"article","og_title":"[ Logitech ] &#129351; 939-001644 Kit De Montaje Compatible Con Rally Y Rally Plus. Videoconferencia","og_description":"Compra 939-001644 Kit De Montaje Compatible Con Rally Y Rally Plus. Videoconferencia + Env\u00edo a domicilio + Pago seguro + Garant\u00eda","og_url":"https:\/\/compuviper.mx\/tienda\/producto\/logitech-939-001644-kit-de-montaje-compatible-con-rally-y-rally-plus-videoconferencia\/","og_site_name":"Compuviper","article_publisher":"https:\/\/www.facebook.com\/compuviper","og_image":[{"width":200,"height":200,"url":"https:\/\/compuviper.mx\/tienda\/wp-content\/uploads\/2023\/12\/Kit-de-montaje-logitech-para-sistemas-rally-y-rally-plus.jpg","type":"image\/jpeg"}],"twitter_card":"summary_large_image","twitter_misc":{"Precio":"&#36;4,344 con IVA","Availability":"Out of stock"},"schema":{"@context":"https:\/\/schema.org","@graph":[{"@type":"WebPage","@id":"https:\/\/compuviper.mx\/tienda\/producto\/logitech-939-001644-kit-de-montaje-compatible-con-rally-y-rally-plus-videoconferencia\/","url":"https:\/\/compuviper.mx\/tienda\/producto\/logitech-939-001644-kit-de-montaje-compatible-con-rally-y-rally-plus-videoconferencia\/","name":"[ Logitech ] &#129351; 939-001644 Kit De Montaje Compatible Con Rally Y Rally Plus. Videoconferencia","isPartOf":{"@id":"https:\/\/compuviper.mx\/tienda\/#website"},"datePublished":"2026-04-02T05:10:50+00:00","dateModified":"2026-04-02T05:10:50+00:00","description":"Compra 939-001644 Kit De Montaje Compatible Con Rally Y Rally Plus. Videoconferencia + Env\u00edo a domicilio + Pago seguro + Garant\u00eda","breadcrumb":{"@id":"https:\/\/compuviper.mx\/tienda\/producto\/logitech-939-001644-kit-de-montaje-compatible-con-rally-y-rally-plus-videoconferencia\/#breadcrumb"},"inLanguage":"es-MX","potentialAction":[{"@type":"ReadAction","target":["https:\/\/compuviper.mx\/tienda\/producto\/logitech-939-001644-kit-de-montaje-compatible-con-rally-y-rally-plus-videoconferencia\/"]}]},{"@type":"BreadcrumbList","@id":"https:\/\/compuviper.mx\/tienda\/producto\/logitech-939-001644-kit-de-montaje-compatible-con-rally-y-rally-plus-videoconferencia\/#breadcrumb","itemListElement":[{"@type":"ListItem","position":1,"name":"Inicio","item":"https:\/\/compuviper.mx\/tienda\/"},{"@type":"ListItem","position":2,"name":"Productos","item":"https:\/\/compuviper.mx\/tienda\/productos\/"},{"@type":"ListItem","position":3,"name":"Accesorios","item":"https:\/\/compuviper.mx\/tienda\/categoria-producto\/accesorios\/"},{"@type":"ListItem","position":4,"name":"Videoconferencia","item":"https:\/\/compuviper.mx\/tienda\/categoria-producto\/accesorios\/videoconferencia-accesorios\/"},{"@type":"ListItem","position":5,"name":"Logitech 939-001644 Kit De Montaje Compatible Con Rally Y Rally Plus. Videoconferencia"}]},{"@type":"WebSite","@id":"https:\/\/compuviper.mx\/tienda\/#website","url":"https:\/\/compuviper.mx\/tienda\/","name":"Compuviper","description":"Proveedor de Computadoras, Laptops, Servidores, Monitores, Puntos de Venta, Teclados,   Impresoras, T\u00f3ner, C\u00e1maras de Seguridad y m\u00e1s en tu tienda en l\u00ednea","publisher":{"@id":"https:\/\/compuviper.mx\/tienda\/#organization"},"potentialAction":[{"@type":"SearchAction","target":{"@type":"EntryPoint","urlTemplate":"https:\/\/compuviper.mx\/tienda\/?s={search_term_string}"},"query-input":"required name=search_term_string"}],"inLanguage":"es-MX"},{"@type":"Organization","@id":"https:\/\/compuviper.mx\/tienda\/#organization","name":"Compuviper","url":"https:\/\/compuviper.mx\/tienda\/","logo":{"@type":"ImageObject","inLanguage":"es-MX","@id":"https:\/\/compuviper.mx\/tienda\/#\/schema\/logo\/image\/","url":"https:\/\/compuviper.mx\/tienda\/wp-content\/uploads\/2021\/08\/Logo-Compuviper-10.png","contentUrl":"https:\/\/compuviper.mx\/tienda\/wp-content\/uploads\/2021\/08\/Logo-Compuviper-10.png","width":1000,"height":500,"caption":"Compuviper"},"image":{"@id":"https:\/\/compuviper.mx\/tienda\/#\/schema\/logo\/image\/"},"sameAs":["https:\/\/www.facebook.com\/compuviper","https:\/\/www.youtube.com\/channel\/UCf73dERp9Y3cfOq7q8BhLjA?view_as=subscriber"]}]},"product_brand":"LOGITECH","product_price_amount":"4344","product_price_currency":"MXN","og_availability":"out of stock","product_availability":"out of stock","product_retailer_item_id":"939-001644","product_condition":"new"},"_links":{"self":[{"href":"https:\/\/compuviper.mx\/tienda\/wp-json\/wp\/v2\/product\/210911"}],"collection":[{"href":"https:\/\/compuviper.mx\/tienda\/wp-json\/wp\/v2\/product"}],"about":[{"href":"https:\/\/compuviper.mx\/tienda\/wp-json\/wp\/v2\/types\/product"}],"replies":[{"embeddable":true,"href":"https:\/\/compuviper.mx\/tienda\/wp-json\/wp\/v2\/comments?post=210911"}],"wp:featuredmedia":[{"embeddable":true,"href":"https:\/\/compuviper.mx\/tienda\/wp-json\/wp\/v2\/media\/210912"}],"wp:attachment":[{"href":"https:\/\/compuviper.mx\/tienda\/wp-json\/wp\/v2\/media?parent=210911"}],"wp:term":[{"taxonomy":"product_cat","embeddable":true,"href":"https:\/\/compuviper.mx\/tienda\/wp-json\/wp\/v2\/product_cat?post=210911"},{"taxonomy":"product_tag","embeddable":true,"href":"https:\/\/compuviper.mx\/tienda\/wp-json\/wp\/v2\/product_tag?post=210911"}],"curies":[{"name":"wp","href":"https:\/\/api.w.org\/{rel}","templated":true}]}}