{"id":210909,"date":"2026-04-01T23:10:50","date_gmt":"2026-04-02T05:10:50","guid":{"rendered":"https:\/\/compuviper.mx\/tienda\/producto\/logitech-989-000430-microfono-de-mesa-rally-mic-pod-grafito\/"},"modified":"2026-04-01T23:10:50","modified_gmt":"2026-04-02T05:10:50","slug":"logitech-989-000430-microfono-rally-mic-pod-para-sistemas-rally-de-videoconferencia-grafito","status":"publish","type":"product","link":"https:\/\/compuviper.mx\/tienda\/producto\/logitech-989-000430-microfono-rally-mic-pod-para-sistemas-rally-de-videoconferencia-grafito\/","title":{"rendered":"Logitech 989-000430 Microfono Rally  Mic Pod Para Sistemas Rally De Videoconferencia Grafito"},"content":{"rendered":"<table class=\"descripcion\">\n<tr>\n<td>Dimensiones<\/td>\n<\/tr>\n<tr>\n<td>Altura: 21 mm<\/td>\n<\/tr>\n<tr>\n<td>Ancho: 102 mm<\/td>\n<\/tr>\n<tr>\n<td>Profundidad: 102 mm<\/td>\n<\/tr>\n<tr>\n<td>Especificaciones t\u00e9cnicas<\/td>\n<\/tr>\n<tr>\n<td>Micr\u00f3fonos<\/td>\n<\/tr>\n<tr>\n<td>Respuesta de frecuencia: 90 hz \u0096 16 khz<\/td>\n<\/tr>\n<tr>\n<td>Sensibilidad:  -27 db +\/-1 db a 1 pa<\/td>\n<\/tr>\n<tr>\n<td>Velocidad de salida de datos de micr\u00f3fono: 48 khz<\/td>\n<\/tr>\n<tr>\n<td>Radio de captaci\u00f3n: 4,5 m<\/td>\n<\/tr>\n<tr>\n<td>Elementos de formaci\u00f3n de haces: cuatro micr\u00f3fonos omnidireccionales forman ocho haces ac\u00fasticos<\/td>\n<\/tr>\n<tr>\n<td>Procesamiento de audio: aec (acoustic echo cancellation), vad (voice activity detector)<\/td>\n<\/tr>\n<tr>\n<td>Supresi\u00f3n de ruido: filtro de inteligencia artificial<\/td>\n<\/tr>\n<tr>\n<td>Interfaces<\/td>\n<\/tr>\n<tr>\n<td>Salida: cable cautivo de 12 patillas y 2,95 m<\/td>\n<\/tr>\n<tr>\n<td>Entrada: interfaz de 12 patillas para conectar en serie bases de micr\u00f3fono o conectar a hub de base de micr\u00f3fono rally<\/td>\n<\/tr>\n<tr>\n<td>Certificaciones y compatibilidad<\/td>\n<\/tr>\n<tr>\n<td>Base de micr\u00f3fono rally en blanco: clasificaci\u00f3n plenum, conformidad con eca\/iec 60332-1-2<\/td>\n<\/tr>\n<tr>\n<td>Base de micr\u00f3fono rally en grafito: n\/a<\/td>\n<\/tr>\n<tr>\n<td>Administraci\u00f3n de dispositivos<\/td>\n<\/tr>\n<tr>\n<td>Plataforma: logitech sync<\/td>\n<\/tr>\n<tr>\n<td>Accesorios<\/td>\n<\/tr>\n<tr>\n<td>Hub: hub de base de micr\u00f3fono rally<\/td>\n<\/tr>\n<tr>\n<td>Piezas de montaje: soporte de base de micr\u00f3fono rally (disponible en grafito y blanco)<\/td>\n<\/tr>\n<tr>\n<td>Cable: cable de extensi\u00f3n de base de micr\u00f3fono rally<\/td>\n<\/tr>\n<tr>\n<td>Contenido de la caja<\/td>\n<\/tr>\n<tr>\n<td>Rally mic pod<\/td>\n<\/tr>\n<tr>\n<td>Documentaci\u00f3n<\/td>\n<\/tr>\n<tr>\n<td>Informaci\u00f3n de garant\u00eda<\/td>\n<\/tr>\n<tr>\n<td>Dos a\u00f1os de garant\u00eda de hardware limitada<\/td>\n<\/tr>\n<tr>\n<td>N\u00famero de referencia<\/td>\n<\/tr>\n<tr>\n<td>Blanco : 952-000038<\/td>\n<\/tr>\n<tr>\n<td>Grafito : 989-000430<\/td>\n<\/tr>\n<\/table>\n","protected":false},"excerpt":{"rendered":"<p>Base de micr\u00f3fono rally. Microfonos modulares con rightsound para rally, rally bar y rally bar mini. Buena apariencia con buen sonido. Con un dise\u00f1o atractivo y discreto, y materiales de primera calidad, estas bases de microfono ofrecen un sonido claro y natural. Las bases individuales contienen varios elementos de formaci\u00f3n de haces para capturar la voz, no el ruido causante de distracciones. En salas grandes se pueden instalar m\u00e1s bases para ampliar la matriz de formaci\u00f3n de haces en todo el entorno.<\/p>\n","protected":false},"featured_media":210910,"comment_status":"open","ping_status":"open","template":"","meta":[],"product_cat":[1485,2036],"product_tag":[1500],"acf":[],"yoast_head":"<!-- This site is optimized with the Yoast SEO plugin v21.7 - https:\/\/yoast.com\/wordpress\/plugins\/seo\/ -->\n<title>[ Logitech ] &#129351; 989-000430 Microfono Rally Mic Pod Para Sistemas Rally De Videoconferencia Grafito<\/title>\n<meta name=\"description\" content=\"Compra 989-000430 Microfono Rally Mic Pod Para Sistemas Rally De Videoconferencia Grafito + Env\u00edo a domicilio + Pago seguro + Garant\u00eda\" \/>\n<meta name=\"robots\" content=\"index, follow, max-snippet:-1, max-image-preview:large, max-video-preview:-1\" \/>\n<link rel=\"canonical\" href=\"https:\/\/compuviper.mx\/tienda\/producto\/logitech-989-000430-microfono-rally-mic-pod-para-sistemas-rally-de-videoconferencia-grafito\/\" \/>\n<meta property=\"og:locale\" content=\"es_MX\" \/>\n<meta property=\"og:type\" content=\"article\" \/>\n<meta property=\"og:title\" content=\"[ Logitech ] &#129351; 989-000430 Microfono Rally Mic Pod Para Sistemas Rally De Videoconferencia Grafito\" \/>\n<meta property=\"og:description\" content=\"Compra 989-000430 Microfono Rally Mic Pod Para Sistemas Rally De Videoconferencia Grafito + Env\u00edo a domicilio + Pago seguro + Garant\u00eda\" \/>\n<meta property=\"og:url\" content=\"https:\/\/compuviper.mx\/tienda\/producto\/logitech-989-000430-microfono-rally-mic-pod-para-sistemas-rally-de-videoconferencia-grafito\/\" \/>\n<meta property=\"og:site_name\" content=\"Compuviper\" \/>\n<meta property=\"article:publisher\" content=\"https:\/\/www.facebook.com\/compuviper\" \/>\n<meta property=\"og:image\" content=\"https:\/\/compuviper.mx\/tienda\/wp-content\/uploads\/2023\/12\/Microfono-de-mesa-logitech-rally-mic-pod-grafito.jpg\" \/>\n\t<meta property=\"og:image:width\" content=\"200\" \/>\n\t<meta property=\"og:image:height\" content=\"200\" \/>\n\t<meta property=\"og:image:type\" content=\"image\/jpeg\" \/>\n<meta name=\"twitter:card\" content=\"summary_large_image\" \/>\n<meta name=\"twitter:label1\" content=\"Precio\" \/>\n\t<meta name=\"twitter:data1\" content=\"&#36;10,720 con IVA\" \/>\n\t<meta name=\"twitter:label2\" content=\"Availability\" \/>\n\t<meta name=\"twitter:data2\" content=\"Out of stock\" \/>\n<script type=\"application\/ld+json\" class=\"yoast-schema-graph\">{\"@context\":\"https:\/\/schema.org\",\"@graph\":[{\"@type\":\"WebPage\",\"@id\":\"https:\/\/compuviper.mx\/tienda\/producto\/logitech-989-000430-microfono-rally-mic-pod-para-sistemas-rally-de-videoconferencia-grafito\/\",\"url\":\"https:\/\/compuviper.mx\/tienda\/producto\/logitech-989-000430-microfono-rally-mic-pod-para-sistemas-rally-de-videoconferencia-grafito\/\",\"name\":\"[ Logitech ] &#129351; 989-000430 Microfono Rally Mic Pod Para Sistemas Rally De Videoconferencia Grafito\",\"isPartOf\":{\"@id\":\"https:\/\/compuviper.mx\/tienda\/#website\"},\"datePublished\":\"2026-04-02T05:10:50+00:00\",\"dateModified\":\"2026-04-02T05:10:50+00:00\",\"description\":\"Compra 989-000430 Microfono Rally Mic Pod Para Sistemas Rally De Videoconferencia Grafito + Env\u00edo a domicilio + Pago seguro + Garant\u00eda\",\"breadcrumb\":{\"@id\":\"https:\/\/compuviper.mx\/tienda\/producto\/logitech-989-000430-microfono-rally-mic-pod-para-sistemas-rally-de-videoconferencia-grafito\/#breadcrumb\"},\"inLanguage\":\"es-MX\",\"potentialAction\":[{\"@type\":\"ReadAction\",\"target\":[\"https:\/\/compuviper.mx\/tienda\/producto\/logitech-989-000430-microfono-rally-mic-pod-para-sistemas-rally-de-videoconferencia-grafito\/\"]}]},{\"@type\":\"BreadcrumbList\",\"@id\":\"https:\/\/compuviper.mx\/tienda\/producto\/logitech-989-000430-microfono-rally-mic-pod-para-sistemas-rally-de-videoconferencia-grafito\/#breadcrumb\",\"itemListElement\":[{\"@type\":\"ListItem\",\"position\":1,\"name\":\"Inicio\",\"item\":\"https:\/\/compuviper.mx\/tienda\/\"},{\"@type\":\"ListItem\",\"position\":2,\"name\":\"Productos\",\"item\":\"https:\/\/compuviper.mx\/tienda\/productos\/\"},{\"@type\":\"ListItem\",\"position\":3,\"name\":\"Accesorios\",\"item\":\"https:\/\/compuviper.mx\/tienda\/categoria-producto\/accesorios\/\"},{\"@type\":\"ListItem\",\"position\":4,\"name\":\"Videoconferencia\",\"item\":\"https:\/\/compuviper.mx\/tienda\/categoria-producto\/accesorios\/videoconferencia-accesorios\/\"},{\"@type\":\"ListItem\",\"position\":5,\"name\":\"Logitech 989-000430 Microfono Rally Mic Pod Para Sistemas Rally De Videoconferencia Grafito\"}]},{\"@type\":\"WebSite\",\"@id\":\"https:\/\/compuviper.mx\/tienda\/#website\",\"url\":\"https:\/\/compuviper.mx\/tienda\/\",\"name\":\"Compuviper\",\"description\":\"Proveedor de Computadoras, Laptops, Servidores, Monitores, Puntos de Venta, Teclados,   Impresoras, T\u00f3ner, C\u00e1maras de Seguridad y m\u00e1s en tu tienda en l\u00ednea\",\"publisher\":{\"@id\":\"https:\/\/compuviper.mx\/tienda\/#organization\"},\"potentialAction\":[{\"@type\":\"SearchAction\",\"target\":{\"@type\":\"EntryPoint\",\"urlTemplate\":\"https:\/\/compuviper.mx\/tienda\/?s={search_term_string}\"},\"query-input\":\"required name=search_term_string\"}],\"inLanguage\":\"es-MX\"},{\"@type\":\"Organization\",\"@id\":\"https:\/\/compuviper.mx\/tienda\/#organization\",\"name\":\"Compuviper\",\"url\":\"https:\/\/compuviper.mx\/tienda\/\",\"logo\":{\"@type\":\"ImageObject\",\"inLanguage\":\"es-MX\",\"@id\":\"https:\/\/compuviper.mx\/tienda\/#\/schema\/logo\/image\/\",\"url\":\"https:\/\/compuviper.mx\/tienda\/wp-content\/uploads\/2021\/08\/Logo-Compuviper-10.png\",\"contentUrl\":\"https:\/\/compuviper.mx\/tienda\/wp-content\/uploads\/2021\/08\/Logo-Compuviper-10.png\",\"width\":1000,\"height\":500,\"caption\":\"Compuviper\"},\"image\":{\"@id\":\"https:\/\/compuviper.mx\/tienda\/#\/schema\/logo\/image\/\"},\"sameAs\":[\"https:\/\/www.facebook.com\/compuviper\",\"https:\/\/www.youtube.com\/channel\/UCf73dERp9Y3cfOq7q8BhLjA?view_as=subscriber\"]}]}<\/script>\n<meta property=\"product:brand\" content=\"LOGITECH\" \/>\n<meta property=\"product:price:amount\" content=\"10720\" \/>\n<meta property=\"product:price:currency\" content=\"MXN\" \/>\n<meta property=\"og:availability\" content=\"out of stock\" \/>\n<meta property=\"product:availability\" content=\"out of stock\" \/>\n<meta property=\"product:retailer_item_id\" content=\"989-000430\" \/>\n<meta property=\"product:condition\" content=\"new\" \/>\n<!-- \/ Yoast SEO plugin. -->","yoast_head_json":{"title":"[ Logitech ] &#129351; 989-000430 Microfono Rally Mic Pod Para Sistemas Rally De Videoconferencia Grafito","description":"Compra 989-000430 Microfono Rally Mic Pod Para Sistemas Rally De Videoconferencia Grafito + Env\u00edo a domicilio + Pago seguro + Garant\u00eda","robots":{"index":"index","follow":"follow","max-snippet":"max-snippet:-1","max-image-preview":"max-image-preview:large","max-video-preview":"max-video-preview:-1"},"canonical":"https:\/\/compuviper.mx\/tienda\/producto\/logitech-989-000430-microfono-rally-mic-pod-para-sistemas-rally-de-videoconferencia-grafito\/","og_locale":"es_MX","og_type":"article","og_title":"[ Logitech ] &#129351; 989-000430 Microfono Rally Mic Pod Para Sistemas Rally De Videoconferencia Grafito","og_description":"Compra 989-000430 Microfono Rally Mic Pod Para Sistemas Rally De Videoconferencia Grafito + Env\u00edo a domicilio + Pago seguro + Garant\u00eda","og_url":"https:\/\/compuviper.mx\/tienda\/producto\/logitech-989-000430-microfono-rally-mic-pod-para-sistemas-rally-de-videoconferencia-grafito\/","og_site_name":"Compuviper","article_publisher":"https:\/\/www.facebook.com\/compuviper","og_image":[{"width":200,"height":200,"url":"https:\/\/compuviper.mx\/tienda\/wp-content\/uploads\/2023\/12\/Microfono-de-mesa-logitech-rally-mic-pod-grafito.jpg","type":"image\/jpeg"}],"twitter_card":"summary_large_image","twitter_misc":{"Precio":"&#36;10,720 con IVA","Availability":"Out of stock"},"schema":{"@context":"https:\/\/schema.org","@graph":[{"@type":"WebPage","@id":"https:\/\/compuviper.mx\/tienda\/producto\/logitech-989-000430-microfono-rally-mic-pod-para-sistemas-rally-de-videoconferencia-grafito\/","url":"https:\/\/compuviper.mx\/tienda\/producto\/logitech-989-000430-microfono-rally-mic-pod-para-sistemas-rally-de-videoconferencia-grafito\/","name":"[ Logitech ] &#129351; 989-000430 Microfono Rally Mic Pod Para Sistemas Rally De Videoconferencia Grafito","isPartOf":{"@id":"https:\/\/compuviper.mx\/tienda\/#website"},"datePublished":"2026-04-02T05:10:50+00:00","dateModified":"2026-04-02T05:10:50+00:00","description":"Compra 989-000430 Microfono Rally Mic Pod Para Sistemas Rally De Videoconferencia Grafito + Env\u00edo a domicilio + Pago seguro + Garant\u00eda","breadcrumb":{"@id":"https:\/\/compuviper.mx\/tienda\/producto\/logitech-989-000430-microfono-rally-mic-pod-para-sistemas-rally-de-videoconferencia-grafito\/#breadcrumb"},"inLanguage":"es-MX","potentialAction":[{"@type":"ReadAction","target":["https:\/\/compuviper.mx\/tienda\/producto\/logitech-989-000430-microfono-rally-mic-pod-para-sistemas-rally-de-videoconferencia-grafito\/"]}]},{"@type":"BreadcrumbList","@id":"https:\/\/compuviper.mx\/tienda\/producto\/logitech-989-000430-microfono-rally-mic-pod-para-sistemas-rally-de-videoconferencia-grafito\/#breadcrumb","itemListElement":[{"@type":"ListItem","position":1,"name":"Inicio","item":"https:\/\/compuviper.mx\/tienda\/"},{"@type":"ListItem","position":2,"name":"Productos","item":"https:\/\/compuviper.mx\/tienda\/productos\/"},{"@type":"ListItem","position":3,"name":"Accesorios","item":"https:\/\/compuviper.mx\/tienda\/categoria-producto\/accesorios\/"},{"@type":"ListItem","position":4,"name":"Videoconferencia","item":"https:\/\/compuviper.mx\/tienda\/categoria-producto\/accesorios\/videoconferencia-accesorios\/"},{"@type":"ListItem","position":5,"name":"Logitech 989-000430 Microfono Rally Mic Pod Para Sistemas Rally De Videoconferencia Grafito"}]},{"@type":"WebSite","@id":"https:\/\/compuviper.mx\/tienda\/#website","url":"https:\/\/compuviper.mx\/tienda\/","name":"Compuviper","description":"Proveedor de Computadoras, Laptops, Servidores, Monitores, Puntos de Venta, Teclados,   Impresoras, T\u00f3ner, C\u00e1maras de Seguridad y m\u00e1s en tu tienda en l\u00ednea","publisher":{"@id":"https:\/\/compuviper.mx\/tienda\/#organization"},"potentialAction":[{"@type":"SearchAction","target":{"@type":"EntryPoint","urlTemplate":"https:\/\/compuviper.mx\/tienda\/?s={search_term_string}"},"query-input":"required name=search_term_string"}],"inLanguage":"es-MX"},{"@type":"Organization","@id":"https:\/\/compuviper.mx\/tienda\/#organization","name":"Compuviper","url":"https:\/\/compuviper.mx\/tienda\/","logo":{"@type":"ImageObject","inLanguage":"es-MX","@id":"https:\/\/compuviper.mx\/tienda\/#\/schema\/logo\/image\/","url":"https:\/\/compuviper.mx\/tienda\/wp-content\/uploads\/2021\/08\/Logo-Compuviper-10.png","contentUrl":"https:\/\/compuviper.mx\/tienda\/wp-content\/uploads\/2021\/08\/Logo-Compuviper-10.png","width":1000,"height":500,"caption":"Compuviper"},"image":{"@id":"https:\/\/compuviper.mx\/tienda\/#\/schema\/logo\/image\/"},"sameAs":["https:\/\/www.facebook.com\/compuviper","https:\/\/www.youtube.com\/channel\/UCf73dERp9Y3cfOq7q8BhLjA?view_as=subscriber"]}]},"product_brand":"LOGITECH","product_price_amount":"10720","product_price_currency":"MXN","og_availability":"out of stock","product_availability":"out of stock","product_retailer_item_id":"989-000430","product_condition":"new"},"_links":{"self":[{"href":"https:\/\/compuviper.mx\/tienda\/wp-json\/wp\/v2\/product\/210909"}],"collection":[{"href":"https:\/\/compuviper.mx\/tienda\/wp-json\/wp\/v2\/product"}],"about":[{"href":"https:\/\/compuviper.mx\/tienda\/wp-json\/wp\/v2\/types\/product"}],"replies":[{"embeddable":true,"href":"https:\/\/compuviper.mx\/tienda\/wp-json\/wp\/v2\/comments?post=210909"}],"wp:featuredmedia":[{"embeddable":true,"href":"https:\/\/compuviper.mx\/tienda\/wp-json\/wp\/v2\/media\/210910"}],"wp:attachment":[{"href":"https:\/\/compuviper.mx\/tienda\/wp-json\/wp\/v2\/media?parent=210909"}],"wp:term":[{"taxonomy":"product_cat","embeddable":true,"href":"https:\/\/compuviper.mx\/tienda\/wp-json\/wp\/v2\/product_cat?post=210909"},{"taxonomy":"product_tag","embeddable":true,"href":"https:\/\/compuviper.mx\/tienda\/wp-json\/wp\/v2\/product_tag?post=210909"}],"curies":[{"name":"wp","href":"https:\/\/api.w.org\/{rel}","templated":true}]}}