{"id":210905,"date":"2026-04-27T23:09:46","date_gmt":"2026-04-28T05:09:46","guid":{"rendered":"https:\/\/compuviper.mx\/tienda\/producto\/manhattan-462051-soporte-tv-p-techo-37-a-80-con-ajuste-de-altura-y-movimiento\/"},"modified":"2026-04-27T23:09:46","modified_gmt":"2026-04-28T05:09:46","slug":"manhattan-462051-soporte-tv-p-techo-37-a-80-con-ajuste-de-altura-y-movimiento","status":"publish","type":"product","link":"https:\/\/compuviper.mx\/tienda\/producto\/manhattan-462051-soporte-tv-p-techo-37-a-80-con-ajuste-de-altura-y-movimiento\/","title":{"rendered":"Manhattan 462051 Soporte Tv P\/techo\/ \/  \/, 37 A 80 Con Ajuste De Altura Y Movimiento"},"content":{"rendered":"<table class=\"descripcion\">\n<tr>\n<td>General<\/td>\n<\/tr>\n<tr>\n<td>Dise\u00f1ado para la mayor\u00eda de pantallas planas de 37 a 80<\/td>\n<\/tr>\n<tr>\n<td>Capacidad de peso: 50 kg (110 lbs.)<\/td>\n<\/tr>\n<tr>\n<td>Giro +\/- 30\u00b0<\/td>\n<\/tr>\n<tr>\n<td>Inclinaci\u00f3n: +5 a -25<\/td>\n<\/tr>\n<tr>\n<td>Poste de extensi\u00f3n ajustable en altura 707 a 1577 mm (28 a 62 pulg.)<\/td>\n<\/tr>\n<tr>\n<td>Ajuste de la placa de techo para techos inclinados: +\/- 60\u00b0<\/td>\n<\/tr>\n<tr>\n<td>Dimensiones totales, totalmente extendido (l x a x a): 1792 x 650 x 185 mm (70.55 x 25.59 x 7.28 in.)<\/td>\n<\/tr>\n<tr>\n<td>Di\u00e1metro del m\u00e1stil telesc\u00f3pico, parte superior: 38 mm (1.5 in.)<\/td>\n<\/tr>\n<tr>\n<td>Di\u00e1metro del m\u00e1stil, parte central 42 mm (1.65 pulg.)<\/td>\n<\/tr>\n<tr>\n<td>Di\u00e1metro del m\u00e1stil, parte inferior 38 mm (1.5 pulgadas)<\/td>\n<\/tr>\n<tr>\n<td>Placa de techo (l x a): 185 x 150 mm (7.28 x 5.9 pulg.)<\/td>\n<\/tr>\n<tr>\n<td>Peso neto: 5.58 kg (12.3 lbs.)<\/td>\n<\/tr>\n<tr>\n<td>Peso bruto: 6.28 kg (13.85 lbs.)<\/td>\n<\/tr>\n<tr>\n<td>Est\u00e1ndares vesa: 200&#215;200, 300&#215;200, 400&#215;200, 300&#215;300, 400&#215;300, 400&#215;400, 600&#215;400<\/td>\n<\/tr>\n<tr>\n<td>Contenido del paquete:<\/td>\n<\/tr>\n<tr>\n<td>Soporte de techo para tv con movimiento y ajuste de altura<\/td>\n<\/tr>\n<tr>\n<td>Piezas para montaje y herramienta<\/td>\n<\/tr>\n<\/table>\n","protected":false},"excerpt":{"rendered":"<p>Soporte de techo para tv: opci\u00f3n de montaje telesc\u00f3pico, ideal para techos planos o inclinados para mantener el mejor espacio entre la pared y el suelo. Mejora las perspectivas de visualizaci\u00f3n cuando el espacio de la pared y el piso sea limitado o las instalaciones de bajo nivel no sean pr\u00e1cticas. Este soporte para tv de techo de manhattan soporta una pantalla lcd, led o de plasma de 37 a 80 de hasta 50 kg (110 lbs.). Su construcci\u00f3n de acero resistente con recubrimiento en polvo proporciona una instalaci\u00f3n superior segura y confiable. Mant\u00e9n a tus invitados y compa\u00f1eros de trabajo informados y entretenidos. Dise\u00f1ado tanto para aplicaciones residenciales como comerciales, este soporte es ideal para salas de conferencias, vest\u00edbulos, entradas, espacios para reuniones, aulas, hoteler\u00eda, se\u00f1alizaci\u00f3n digital, videoconferencias, vigilancia y m\u00e1s. Visible desde cualquier lugar de la habitaci\u00f3n. El soporte de movimiento completo te permite rotar su pantalla +\/-30\u00b0 alrededor del poste sin usar herramientas y se puede inclinar de +5 a -25\u00b0 hacia su audiencia para una visibilidad \u00f3ptima. Estas excelentes opciones mantienen las im\u00e1genes, el contraste y los colores claros, n\u00edtidos y definidos sin reflejos. Adem\u00e1s, la instalaci\u00f3n superior significa que hay menos probabilidades de que alguien o algo tape la vista. Altura regulable. Con un poste telesc\u00f3pico, el soporte para tv le permite suspender una pantalla a la distancia deseada del techo entre 707 y 1577 mm (28 a 62 pulgadas). Se adapta a techos planos e inclinados. Este soporte para tv de manhattan se adapta a ambos tipos de techo: puede ajustar la placa de techo +\/- 60\u00b0 para trabajar con superficies inclinadas y niveladas (planas). Gesti\u00f3n de cables limpia y ordenada. La gesti\u00f3n interna de cables mantiene los cables ocultos y organizados para dar un aspecto profesional a la instalaci\u00f3n. \u0095 soporta un televisor plano de 37 a 80 de hasta 50 kg (110 lbs.. \u0095 vistas optimizadas con inclinaci\u00f3n de +5 a -25\u00b0 y giro de +\/-30. \u0095 placa de techo con ajuste de +\/- 60\u00b0 para adaptarse a techos inclinados y planos. \u0095 extensi\u00f3n telesc\u00f3pica de 707 a 1577 mm (28 a 62 pulg.. \u0095 construcci\u00f3n de acero resistente con recubrimiento en polvo. \u0095 administrador interno de cable para una apariencia libre de enredos. \u0095 placa vesa desmontable para enganchar y montar f\u00e1cilmente su pantalla. \u0095 ahorra espacio en la pared y en el suelo; ideal para salas de conferencias, vest\u00edbulos, aulas, se\u00f1alizaci\u00f3n digital, vigilancia y mucho m\u00e1s. \u0095 cumple los est\u00e1ndares vesa : 200&#215;200, 300&#215;200, 400&#215;200, 300&#215;300, 400&#215;300, 400&#215;400, 600&#215;400<\/p>\n","protected":false},"featured_media":210906,"comment_status":"open","ping_status":"open","template":"","meta":[],"product_cat":[2321,2265],"product_tag":[1487],"acf":[],"yoast_head":"<!-- This site is optimized with the Yoast SEO plugin v21.7 - https:\/\/yoast.com\/wordpress\/plugins\/seo\/ -->\n<title>[ Manhattan ] &#129351; 462051 Soporte Tv P\/techo\/ \/ \/, 37 A 80 Con Ajuste De Altura Y Movimiento<\/title>\n<meta name=\"description\" content=\"Compra 462051 Soporte Tv P\/techo\/ \/ \/, 37 A 80 Con Ajuste De Altura Y Movimiento + Env\u00edo a domicilio + Pago seguro + Garant\u00eda\" \/>\n<meta name=\"robots\" content=\"index, follow, max-snippet:-1, max-image-preview:large, max-video-preview:-1\" \/>\n<link rel=\"canonical\" href=\"https:\/\/compuviper.mx\/tienda\/producto\/manhattan-462051-soporte-tv-p-techo-37-a-80-con-ajuste-de-altura-y-movimiento\/\" \/>\n<meta property=\"og:locale\" content=\"es_MX\" \/>\n<meta property=\"og:type\" content=\"article\" \/>\n<meta property=\"og:title\" content=\"[ Manhattan ] &#129351; 462051 Soporte Tv P\/techo\/ \/ \/, 37 A 80 Con Ajuste De Altura Y Movimiento\" \/>\n<meta property=\"og:description\" content=\"Compra 462051 Soporte Tv P\/techo\/ \/ \/, 37 A 80 Con Ajuste De Altura Y Movimiento + Env\u00edo a domicilio + Pago seguro + Garant\u00eda\" \/>\n<meta property=\"og:url\" content=\"https:\/\/compuviper.mx\/tienda\/producto\/manhattan-462051-soporte-tv-p-techo-37-a-80-con-ajuste-de-altura-y-movimiento\/\" \/>\n<meta property=\"og:site_name\" content=\"Compuviper\" \/>\n<meta property=\"article:publisher\" content=\"https:\/\/www.facebook.com\/compuviper\" \/>\n<meta property=\"og:image\" content=\"https:\/\/compuviper.mx\/tienda\/wp-content\/uploads\/2023\/12\/Soporte-tv-ptecho-manhattan-462051-37-a-80-con-ajuste-de-altura-y-movimiento.jpg\" \/>\n\t<meta property=\"og:image:width\" content=\"200\" \/>\n\t<meta property=\"og:image:height\" content=\"200\" \/>\n\t<meta property=\"og:image:type\" content=\"image\/jpeg\" \/>\n<meta name=\"twitter:card\" content=\"summary_large_image\" \/>\n<meta name=\"twitter:label1\" content=\"Precio\" \/>\n\t<meta name=\"twitter:data1\" content=\"&#36;1,181 con IVA\" \/>\n\t<meta name=\"twitter:label2\" content=\"Availability\" \/>\n\t<meta name=\"twitter:data2\" content=\"In stock\" \/>\n<script type=\"application\/ld+json\" class=\"yoast-schema-graph\">{\"@context\":\"https:\/\/schema.org\",\"@graph\":[{\"@type\":\"WebPage\",\"@id\":\"https:\/\/compuviper.mx\/tienda\/producto\/manhattan-462051-soporte-tv-p-techo-37-a-80-con-ajuste-de-altura-y-movimiento\/\",\"url\":\"https:\/\/compuviper.mx\/tienda\/producto\/manhattan-462051-soporte-tv-p-techo-37-a-80-con-ajuste-de-altura-y-movimiento\/\",\"name\":\"[ Manhattan ] &#129351; 462051 Soporte Tv P\/techo\/ \/ \/, 37 A 80 Con Ajuste De Altura Y Movimiento\",\"isPartOf\":{\"@id\":\"https:\/\/compuviper.mx\/tienda\/#website\"},\"datePublished\":\"2026-04-28T05:09:46+00:00\",\"dateModified\":\"2026-04-28T05:09:46+00:00\",\"description\":\"Compra 462051 Soporte Tv P\/techo\/ \/ \/, 37 A 80 Con Ajuste De Altura Y Movimiento + Env\u00edo a domicilio + Pago seguro + Garant\u00eda\",\"breadcrumb\":{\"@id\":\"https:\/\/compuviper.mx\/tienda\/producto\/manhattan-462051-soporte-tv-p-techo-37-a-80-con-ajuste-de-altura-y-movimiento\/#breadcrumb\"},\"inLanguage\":\"es-MX\",\"potentialAction\":[{\"@type\":\"ReadAction\",\"target\":[\"https:\/\/compuviper.mx\/tienda\/producto\/manhattan-462051-soporte-tv-p-techo-37-a-80-con-ajuste-de-altura-y-movimiento\/\"]}]},{\"@type\":\"BreadcrumbList\",\"@id\":\"https:\/\/compuviper.mx\/tienda\/producto\/manhattan-462051-soporte-tv-p-techo-37-a-80-con-ajuste-de-altura-y-movimiento\/#breadcrumb\",\"itemListElement\":[{\"@type\":\"ListItem\",\"position\":1,\"name\":\"Inicio\",\"item\":\"https:\/\/compuviper.mx\/tienda\/\"},{\"@type\":\"ListItem\",\"position\":2,\"name\":\"Productos\",\"item\":\"https:\/\/compuviper.mx\/tienda\/productos\/\"},{\"@type\":\"ListItem\",\"position\":3,\"name\":\"Soportes Y Bases P\/tv\/ Proyectores\/dvd\/consolas\/bocinas\/pantallas\/monotores\",\"item\":\"https:\/\/compuviper.mx\/tienda\/categoria-producto\/soportes-y-bases-p-tv-proyectores-dvd-consolas-bocinas-pantallas-monotores\/\"},{\"@type\":\"ListItem\",\"position\":4,\"name\":\"Soporte Y Base Para Tv\/pantallas\/monitores\/kiosko\",\"item\":\"https:\/\/compuviper.mx\/tienda\/categoria-producto\/soportes-y-bases-p-tv-proyectores-dvd-consolas-bocinas-pantallas-monotores\/soporte-y-base-para-tv-pantallas-monitores-kiosko\/\"},{\"@type\":\"ListItem\",\"position\":5,\"name\":\"Manhattan 462051 Soporte Tv P\/techo\/ \/ \/, 37 A 80 Con Ajuste De Altura Y Movimiento\"}]},{\"@type\":\"WebSite\",\"@id\":\"https:\/\/compuviper.mx\/tienda\/#website\",\"url\":\"https:\/\/compuviper.mx\/tienda\/\",\"name\":\"Compuviper\",\"description\":\"Proveedor de Computadoras, Laptops, Servidores, Monitores, Puntos de Venta, Teclados,   Impresoras, T\u00f3ner, C\u00e1maras de Seguridad y m\u00e1s en tu tienda en l\u00ednea\",\"publisher\":{\"@id\":\"https:\/\/compuviper.mx\/tienda\/#organization\"},\"potentialAction\":[{\"@type\":\"SearchAction\",\"target\":{\"@type\":\"EntryPoint\",\"urlTemplate\":\"https:\/\/compuviper.mx\/tienda\/?s={search_term_string}\"},\"query-input\":\"required name=search_term_string\"}],\"inLanguage\":\"es-MX\"},{\"@type\":\"Organization\",\"@id\":\"https:\/\/compuviper.mx\/tienda\/#organization\",\"name\":\"Compuviper\",\"url\":\"https:\/\/compuviper.mx\/tienda\/\",\"logo\":{\"@type\":\"ImageObject\",\"inLanguage\":\"es-MX\",\"@id\":\"https:\/\/compuviper.mx\/tienda\/#\/schema\/logo\/image\/\",\"url\":\"https:\/\/compuviper.mx\/tienda\/wp-content\/uploads\/2021\/08\/Logo-Compuviper-10.png\",\"contentUrl\":\"https:\/\/compuviper.mx\/tienda\/wp-content\/uploads\/2021\/08\/Logo-Compuviper-10.png\",\"width\":1000,\"height\":500,\"caption\":\"Compuviper\"},\"image\":{\"@id\":\"https:\/\/compuviper.mx\/tienda\/#\/schema\/logo\/image\/\"},\"sameAs\":[\"https:\/\/www.facebook.com\/compuviper\",\"https:\/\/www.youtube.com\/channel\/UCf73dERp9Y3cfOq7q8BhLjA?view_as=subscriber\"]}]}<\/script>\n<meta property=\"product:brand\" content=\"MANHATTAN\" \/>\n<meta property=\"product:price:amount\" content=\"1181\" \/>\n<meta property=\"product:price:currency\" content=\"MXN\" \/>\n<meta property=\"og:availability\" content=\"instock\" \/>\n<meta property=\"product:availability\" content=\"instock\" \/>\n<meta property=\"product:retailer_item_id\" content=\"462051\" \/>\n<meta property=\"product:condition\" content=\"new\" \/>\n<!-- \/ Yoast SEO plugin. -->","yoast_head_json":{"title":"[ Manhattan ] &#129351; 462051 Soporte Tv P\/techo\/ \/ \/, 37 A 80 Con Ajuste De Altura Y Movimiento","description":"Compra 462051 Soporte Tv P\/techo\/ \/ \/, 37 A 80 Con Ajuste De Altura Y Movimiento + Env\u00edo a domicilio + Pago seguro + Garant\u00eda","robots":{"index":"index","follow":"follow","max-snippet":"max-snippet:-1","max-image-preview":"max-image-preview:large","max-video-preview":"max-video-preview:-1"},"canonical":"https:\/\/compuviper.mx\/tienda\/producto\/manhattan-462051-soporte-tv-p-techo-37-a-80-con-ajuste-de-altura-y-movimiento\/","og_locale":"es_MX","og_type":"article","og_title":"[ Manhattan ] &#129351; 462051 Soporte Tv P\/techo\/ \/ \/, 37 A 80 Con Ajuste De Altura Y Movimiento","og_description":"Compra 462051 Soporte Tv P\/techo\/ \/ \/, 37 A 80 Con Ajuste De Altura Y Movimiento + Env\u00edo a domicilio + Pago seguro + Garant\u00eda","og_url":"https:\/\/compuviper.mx\/tienda\/producto\/manhattan-462051-soporte-tv-p-techo-37-a-80-con-ajuste-de-altura-y-movimiento\/","og_site_name":"Compuviper","article_publisher":"https:\/\/www.facebook.com\/compuviper","og_image":[{"width":200,"height":200,"url":"https:\/\/compuviper.mx\/tienda\/wp-content\/uploads\/2023\/12\/Soporte-tv-ptecho-manhattan-462051-37-a-80-con-ajuste-de-altura-y-movimiento.jpg","type":"image\/jpeg"}],"twitter_card":"summary_large_image","twitter_misc":{"Precio":"&#36;1,181 con IVA","Availability":"In stock"},"schema":{"@context":"https:\/\/schema.org","@graph":[{"@type":"WebPage","@id":"https:\/\/compuviper.mx\/tienda\/producto\/manhattan-462051-soporte-tv-p-techo-37-a-80-con-ajuste-de-altura-y-movimiento\/","url":"https:\/\/compuviper.mx\/tienda\/producto\/manhattan-462051-soporte-tv-p-techo-37-a-80-con-ajuste-de-altura-y-movimiento\/","name":"[ Manhattan ] &#129351; 462051 Soporte Tv P\/techo\/ \/ \/, 37 A 80 Con Ajuste De Altura Y Movimiento","isPartOf":{"@id":"https:\/\/compuviper.mx\/tienda\/#website"},"datePublished":"2026-04-28T05:09:46+00:00","dateModified":"2026-04-28T05:09:46+00:00","description":"Compra 462051 Soporte Tv P\/techo\/ \/ \/, 37 A 80 Con Ajuste De Altura Y Movimiento + Env\u00edo a domicilio + Pago seguro + Garant\u00eda","breadcrumb":{"@id":"https:\/\/compuviper.mx\/tienda\/producto\/manhattan-462051-soporte-tv-p-techo-37-a-80-con-ajuste-de-altura-y-movimiento\/#breadcrumb"},"inLanguage":"es-MX","potentialAction":[{"@type":"ReadAction","target":["https:\/\/compuviper.mx\/tienda\/producto\/manhattan-462051-soporte-tv-p-techo-37-a-80-con-ajuste-de-altura-y-movimiento\/"]}]},{"@type":"BreadcrumbList","@id":"https:\/\/compuviper.mx\/tienda\/producto\/manhattan-462051-soporte-tv-p-techo-37-a-80-con-ajuste-de-altura-y-movimiento\/#breadcrumb","itemListElement":[{"@type":"ListItem","position":1,"name":"Inicio","item":"https:\/\/compuviper.mx\/tienda\/"},{"@type":"ListItem","position":2,"name":"Productos","item":"https:\/\/compuviper.mx\/tienda\/productos\/"},{"@type":"ListItem","position":3,"name":"Soportes Y Bases P\/tv\/ Proyectores\/dvd\/consolas\/bocinas\/pantallas\/monotores","item":"https:\/\/compuviper.mx\/tienda\/categoria-producto\/soportes-y-bases-p-tv-proyectores-dvd-consolas-bocinas-pantallas-monotores\/"},{"@type":"ListItem","position":4,"name":"Soporte Y Base Para Tv\/pantallas\/monitores\/kiosko","item":"https:\/\/compuviper.mx\/tienda\/categoria-producto\/soportes-y-bases-p-tv-proyectores-dvd-consolas-bocinas-pantallas-monotores\/soporte-y-base-para-tv-pantallas-monitores-kiosko\/"},{"@type":"ListItem","position":5,"name":"Manhattan 462051 Soporte Tv P\/techo\/ \/ \/, 37 A 80 Con Ajuste De Altura Y Movimiento"}]},{"@type":"WebSite","@id":"https:\/\/compuviper.mx\/tienda\/#website","url":"https:\/\/compuviper.mx\/tienda\/","name":"Compuviper","description":"Proveedor de Computadoras, Laptops, Servidores, Monitores, Puntos de Venta, Teclados,   Impresoras, T\u00f3ner, C\u00e1maras de Seguridad y m\u00e1s en tu tienda en l\u00ednea","publisher":{"@id":"https:\/\/compuviper.mx\/tienda\/#organization"},"potentialAction":[{"@type":"SearchAction","target":{"@type":"EntryPoint","urlTemplate":"https:\/\/compuviper.mx\/tienda\/?s={search_term_string}"},"query-input":"required name=search_term_string"}],"inLanguage":"es-MX"},{"@type":"Organization","@id":"https:\/\/compuviper.mx\/tienda\/#organization","name":"Compuviper","url":"https:\/\/compuviper.mx\/tienda\/","logo":{"@type":"ImageObject","inLanguage":"es-MX","@id":"https:\/\/compuviper.mx\/tienda\/#\/schema\/logo\/image\/","url":"https:\/\/compuviper.mx\/tienda\/wp-content\/uploads\/2021\/08\/Logo-Compuviper-10.png","contentUrl":"https:\/\/compuviper.mx\/tienda\/wp-content\/uploads\/2021\/08\/Logo-Compuviper-10.png","width":1000,"height":500,"caption":"Compuviper"},"image":{"@id":"https:\/\/compuviper.mx\/tienda\/#\/schema\/logo\/image\/"},"sameAs":["https:\/\/www.facebook.com\/compuviper","https:\/\/www.youtube.com\/channel\/UCf73dERp9Y3cfOq7q8BhLjA?view_as=subscriber"]}]},"product_brand":"MANHATTAN","product_price_amount":"1181","product_price_currency":"MXN","og_availability":"instock","product_availability":"instock","product_retailer_item_id":"462051","product_condition":"new"},"_links":{"self":[{"href":"https:\/\/compuviper.mx\/tienda\/wp-json\/wp\/v2\/product\/210905"}],"collection":[{"href":"https:\/\/compuviper.mx\/tienda\/wp-json\/wp\/v2\/product"}],"about":[{"href":"https:\/\/compuviper.mx\/tienda\/wp-json\/wp\/v2\/types\/product"}],"replies":[{"embeddable":true,"href":"https:\/\/compuviper.mx\/tienda\/wp-json\/wp\/v2\/comments?post=210905"}],"wp:featuredmedia":[{"embeddable":true,"href":"https:\/\/compuviper.mx\/tienda\/wp-json\/wp\/v2\/media\/210906"}],"wp:attachment":[{"href":"https:\/\/compuviper.mx\/tienda\/wp-json\/wp\/v2\/media?parent=210905"}],"wp:term":[{"taxonomy":"product_cat","embeddable":true,"href":"https:\/\/compuviper.mx\/tienda\/wp-json\/wp\/v2\/product_cat?post=210905"},{"taxonomy":"product_tag","embeddable":true,"href":"https:\/\/compuviper.mx\/tienda\/wp-json\/wp\/v2\/product_tag?post=210905"}],"curies":[{"name":"wp","href":"https:\/\/api.w.org\/{rel}","templated":true}]}}