{"id":210903,"date":"2026-04-01T23:10:48","date_gmt":"2026-04-02T05:10:48","guid":{"rendered":"https:\/\/compuviper.mx\/tienda\/producto\/manhattan-461948-soporte-tv-p-pared-70kg-43-a-100-fijo-ultradelgado\/"},"modified":"2026-04-01T23:10:48","modified_gmt":"2026-04-02T05:10:48","slug":"manhattan-461948-soporte-tv-p-pared-70kg-43-a-100-fijo-ultradelgado","status":"publish","type":"product","link":"https:\/\/compuviper.mx\/tienda\/producto\/manhattan-461948-soporte-tv-p-pared-70kg-43-a-100-fijo-ultradelgado\/","title":{"rendered":"Manhattan 461948 Soporte Tv P\/pared\/  \/  \/ 70kg, 43 A 100 Fijo Ultradelgado"},"content":{"rendered":"<table class=\"descripcion\">\n<tr>\n<td>General<\/td>\n<\/tr>\n<tr>\n<td>Dise\u00f1ado para la mayor\u00eda de pantallas planas y curvas de 43 a 100<\/td>\n<\/tr>\n<tr>\n<td>Capacidad de peso: 70 kg (154 lbs.)<\/td>\n<\/tr>\n<tr>\n<td>Dimensiones (l x a x a): 431 x 890 x 29 mm (16,97 x 35,04 x 1,14 pulg.)<\/td>\n<\/tr>\n<tr>\n<td>Peso neto: 2,14 kg (4,72 lbs.)<\/td>\n<\/tr>\n<tr>\n<td>Peso bruto: 2,36 kg (5,2 lbs.)<\/td>\n<\/tr>\n<tr>\n<td>Material: acero<\/td>\n<\/tr>\n<tr>\n<td>Est\u00e1ndares vesa: 200&#215;200, 300&#215;200, 400&#215;200, 300&#215;300, 400&#215;300, 400&#215;400, 600&#215;400, 800&#215;400<\/td>\n<\/tr>\n<tr>\n<td>Contenido del paquete:<\/td>\n<\/tr>\n<tr>\n<td>Soporte fijo ultradelgado para tv<\/td>\n<\/tr>\n<tr>\n<td>Nivel de burbuja adherible<\/td>\n<\/tr>\n<tr>\n<td>Piezas para montaje y herramienta<\/td>\n<\/tr>\n<tr>\n<td>Este producto forma parte de un grupo; la lista completa de variaciones es la siguiente:<\/td>\n<\/tr>\n<tr>\n<td>#461948 &#8211; soporte de tv ultradelgado para pantallas de 43 a 90<\/td>\n<\/tr>\n<tr>\n<td>#462020 &#8211; soporte de tv ultradelgado con inclinaci\u00f3n para pantallas de 43 a 90<\/td>\n<\/tr>\n<\/table>\n","protected":false},"excerpt":{"rendered":"<p>Soporte de pared ultradelgado para tv: montaje en pared, resistente e ideal para instalaciones de tv lo m\u00e1s a ras posible de la pared. Cuando las ubicaciones de visualizaci\u00f3n y las alturas de los televisores se fijan en posiciones \u00f3ptimas, el soporte de pared fijo para televisores ultradelgado de manhattan crea instalaciones casi al ras y cerca de la pared que mejoran las siluetas de televisores delgados y modernos. Este soporte de tv ultradelgado se extiende solo 29 mm (1,1 pulg.) de la pared. Fabricado con acero con recubrimiento en polvo de alta calidad, este soporte de montaje para tv se adapta a televisores lcd, oled o de plasma planos y curvos de hasta 100 y con un peso de hasta 70 kg (154 lbs.) con cumplimiento vesa de hasta 800&#215;400. Ya est\u00e1 todo listo para una instalaci\u00f3n segura sobre el piso con un nivel de burbuja incluido que ayuda a que el soporte quede perfectamente horizontal en la pared, y los intuitivos cierres de resorte a presi\u00f3n con cordones de liberaci\u00f3n le permiten colocar el televisor en su lugar de manera f\u00e1cil y segura. Ideal para su uso en aplicaciones residenciales, de oficina, hosteler\u00eda, aulas, salas de conferencias, se\u00f1alizaci\u00f3n digital y otras aplicaciones comerciales. Una abertura antirrobo en el soporte te permite colocar un candado para evitar que tus valiosos monitores sean sustra\u00eddos y robados. Dise\u00f1o plegable y f\u00e1cil de enviar. El soporte se puede plegar en una forma m\u00e1s compacta que enviamos en un paquete extrapeque\u00f1o que ahorra espacio. Soporta un televisor plano o curvo de 43 a 100 de hasta 70 kg (154 lbs.. Sostiene el televisor a s\u00f3lo 29 mm (1,1 pulg.) de la pared para una instalaci\u00f3n casi al ras, pegada a la pared, que realza la silueta delgada y moderna del televisor. Construcci\u00f3n resistente con acero reforzado de 2 mm de grosor y recubrimiento en polvo. Incluye nivel de burbuja acoplable. Seguros de muelle a presi\u00f3n con cordones de liberaci\u00f3n para facilitar la instalaci\u00f3n o el desmontaje y aumentar la seguridad. Instalaci\u00f3n fija de bajo perfil, ideal para aplicaciones dom\u00e9sticas, de oficina y comerciales. Opci\u00f3n de bloqueo antirrobo, ideal para se\u00f1alizaci\u00f3n digital (requiere candado, no incluido. Cumple las normas vesa: 200&#215;200, 300&#215;200, 400&#215;200, 300&#215;300, 400&#215;300, 400&#215;400, 600&#215;400, 800&#215;400. Dise\u00f1o plegable para facilitar el transporte y el almacenamiento<\/p>\n","protected":false},"featured_media":210904,"comment_status":"open","ping_status":"open","template":"","meta":[],"product_cat":[2321,2265],"product_tag":[1487],"acf":[],"yoast_head":"<!-- This site is optimized with the Yoast SEO plugin v21.7 - https:\/\/yoast.com\/wordpress\/plugins\/seo\/ -->\n<title>[ Manhattan ] &#129351; 461948 Soporte Tv P\/pared\/ \/ \/ 70kg, 43 A 100 Fijo Ultradelgado<\/title>\n<meta name=\"description\" content=\"Compra 461948 Soporte Tv P\/pared\/ \/ \/ 70kg, 43 A 100 Fijo Ultradelgado + Env\u00edo a domicilio + Pago seguro + Garant\u00eda\" \/>\n<meta name=\"robots\" content=\"index, follow, max-snippet:-1, max-image-preview:large, max-video-preview:-1\" \/>\n<link rel=\"canonical\" href=\"https:\/\/compuviper.mx\/tienda\/producto\/manhattan-461948-soporte-tv-p-pared-70kg-43-a-100-fijo-ultradelgado\/\" \/>\n<meta property=\"og:locale\" content=\"es_MX\" \/>\n<meta property=\"og:type\" content=\"article\" \/>\n<meta property=\"og:title\" content=\"[ Manhattan ] &#129351; 461948 Soporte Tv P\/pared\/ \/ \/ 70kg, 43 A 100 Fijo Ultradelgado\" \/>\n<meta property=\"og:description\" content=\"Compra 461948 Soporte Tv P\/pared\/ \/ \/ 70kg, 43 A 100 Fijo Ultradelgado + Env\u00edo a domicilio + Pago seguro + Garant\u00eda\" \/>\n<meta property=\"og:url\" content=\"https:\/\/compuviper.mx\/tienda\/producto\/manhattan-461948-soporte-tv-p-pared-70kg-43-a-100-fijo-ultradelgado\/\" \/>\n<meta property=\"og:site_name\" content=\"Compuviper\" \/>\n<meta property=\"article:publisher\" content=\"https:\/\/www.facebook.com\/compuviper\" \/>\n<meta property=\"og:image\" content=\"https:\/\/compuviper.mx\/tienda\/wp-content\/uploads\/2023\/12\/Soporte-tv-ppared-manhattan-461948-70kg-43-a-100-fijo-ultradelgado.jpg\" \/>\n\t<meta property=\"og:image:width\" content=\"200\" \/>\n\t<meta property=\"og:image:height\" content=\"200\" \/>\n\t<meta property=\"og:image:type\" content=\"image\/jpeg\" \/>\n<meta name=\"twitter:card\" content=\"summary_large_image\" \/>\n<meta name=\"twitter:label1\" content=\"Precio\" \/>\n\t<meta name=\"twitter:data1\" content=\"&#36;571 con IVA\" \/>\n\t<meta name=\"twitter:label2\" content=\"Availability\" \/>\n\t<meta name=\"twitter:data2\" content=\"Out of stock\" \/>\n<script type=\"application\/ld+json\" class=\"yoast-schema-graph\">{\"@context\":\"https:\/\/schema.org\",\"@graph\":[{\"@type\":\"WebPage\",\"@id\":\"https:\/\/compuviper.mx\/tienda\/producto\/manhattan-461948-soporte-tv-p-pared-70kg-43-a-100-fijo-ultradelgado\/\",\"url\":\"https:\/\/compuviper.mx\/tienda\/producto\/manhattan-461948-soporte-tv-p-pared-70kg-43-a-100-fijo-ultradelgado\/\",\"name\":\"[ Manhattan ] &#129351; 461948 Soporte Tv P\/pared\/ \/ \/ 70kg, 43 A 100 Fijo Ultradelgado\",\"isPartOf\":{\"@id\":\"https:\/\/compuviper.mx\/tienda\/#website\"},\"datePublished\":\"2026-04-02T05:10:48+00:00\",\"dateModified\":\"2026-04-02T05:10:48+00:00\",\"description\":\"Compra 461948 Soporte Tv P\/pared\/ \/ \/ 70kg, 43 A 100 Fijo Ultradelgado + Env\u00edo a domicilio + Pago seguro + Garant\u00eda\",\"breadcrumb\":{\"@id\":\"https:\/\/compuviper.mx\/tienda\/producto\/manhattan-461948-soporte-tv-p-pared-70kg-43-a-100-fijo-ultradelgado\/#breadcrumb\"},\"inLanguage\":\"es-MX\",\"potentialAction\":[{\"@type\":\"ReadAction\",\"target\":[\"https:\/\/compuviper.mx\/tienda\/producto\/manhattan-461948-soporte-tv-p-pared-70kg-43-a-100-fijo-ultradelgado\/\"]}]},{\"@type\":\"BreadcrumbList\",\"@id\":\"https:\/\/compuviper.mx\/tienda\/producto\/manhattan-461948-soporte-tv-p-pared-70kg-43-a-100-fijo-ultradelgado\/#breadcrumb\",\"itemListElement\":[{\"@type\":\"ListItem\",\"position\":1,\"name\":\"Inicio\",\"item\":\"https:\/\/compuviper.mx\/tienda\/\"},{\"@type\":\"ListItem\",\"position\":2,\"name\":\"Productos\",\"item\":\"https:\/\/compuviper.mx\/tienda\/productos\/\"},{\"@type\":\"ListItem\",\"position\":3,\"name\":\"Soportes Y Bases P\/tv\/ Proyectores\/dvd\/consolas\/bocinas\/pantallas\/monotores\",\"item\":\"https:\/\/compuviper.mx\/tienda\/categoria-producto\/soportes-y-bases-p-tv-proyectores-dvd-consolas-bocinas-pantallas-monotores\/\"},{\"@type\":\"ListItem\",\"position\":4,\"name\":\"Soporte Y Base Para Tv\/pantallas\/monitores\/kiosko\",\"item\":\"https:\/\/compuviper.mx\/tienda\/categoria-producto\/soportes-y-bases-p-tv-proyectores-dvd-consolas-bocinas-pantallas-monotores\/soporte-y-base-para-tv-pantallas-monitores-kiosko\/\"},{\"@type\":\"ListItem\",\"position\":5,\"name\":\"Manhattan 461948 Soporte Tv P\/pared\/ \/ \/ 70kg, 43 A 100 Fijo Ultradelgado\"}]},{\"@type\":\"WebSite\",\"@id\":\"https:\/\/compuviper.mx\/tienda\/#website\",\"url\":\"https:\/\/compuviper.mx\/tienda\/\",\"name\":\"Compuviper\",\"description\":\"Proveedor de Computadoras, Laptops, Servidores, Monitores, Puntos de Venta, Teclados,   Impresoras, T\u00f3ner, C\u00e1maras de Seguridad y m\u00e1s en tu tienda en l\u00ednea\",\"publisher\":{\"@id\":\"https:\/\/compuviper.mx\/tienda\/#organization\"},\"potentialAction\":[{\"@type\":\"SearchAction\",\"target\":{\"@type\":\"EntryPoint\",\"urlTemplate\":\"https:\/\/compuviper.mx\/tienda\/?s={search_term_string}\"},\"query-input\":\"required name=search_term_string\"}],\"inLanguage\":\"es-MX\"},{\"@type\":\"Organization\",\"@id\":\"https:\/\/compuviper.mx\/tienda\/#organization\",\"name\":\"Compuviper\",\"url\":\"https:\/\/compuviper.mx\/tienda\/\",\"logo\":{\"@type\":\"ImageObject\",\"inLanguage\":\"es-MX\",\"@id\":\"https:\/\/compuviper.mx\/tienda\/#\/schema\/logo\/image\/\",\"url\":\"https:\/\/compuviper.mx\/tienda\/wp-content\/uploads\/2021\/08\/Logo-Compuviper-10.png\",\"contentUrl\":\"https:\/\/compuviper.mx\/tienda\/wp-content\/uploads\/2021\/08\/Logo-Compuviper-10.png\",\"width\":1000,\"height\":500,\"caption\":\"Compuviper\"},\"image\":{\"@id\":\"https:\/\/compuviper.mx\/tienda\/#\/schema\/logo\/image\/\"},\"sameAs\":[\"https:\/\/www.facebook.com\/compuviper\",\"https:\/\/www.youtube.com\/channel\/UCf73dERp9Y3cfOq7q8BhLjA?view_as=subscriber\"]}]}<\/script>\n<meta property=\"product:brand\" content=\"MANHATTAN\" \/>\n<meta property=\"product:price:amount\" content=\"571\" \/>\n<meta property=\"product:price:currency\" content=\"MXN\" \/>\n<meta property=\"og:availability\" content=\"out of stock\" \/>\n<meta property=\"product:availability\" content=\"out of stock\" \/>\n<meta property=\"product:retailer_item_id\" content=\"461948\" \/>\n<meta property=\"product:condition\" content=\"new\" \/>\n<!-- \/ Yoast SEO plugin. -->","yoast_head_json":{"title":"[ Manhattan ] &#129351; 461948 Soporte Tv P\/pared\/ \/ \/ 70kg, 43 A 100 Fijo Ultradelgado","description":"Compra 461948 Soporte Tv P\/pared\/ \/ \/ 70kg, 43 A 100 Fijo Ultradelgado + Env\u00edo a domicilio + Pago seguro + Garant\u00eda","robots":{"index":"index","follow":"follow","max-snippet":"max-snippet:-1","max-image-preview":"max-image-preview:large","max-video-preview":"max-video-preview:-1"},"canonical":"https:\/\/compuviper.mx\/tienda\/producto\/manhattan-461948-soporte-tv-p-pared-70kg-43-a-100-fijo-ultradelgado\/","og_locale":"es_MX","og_type":"article","og_title":"[ Manhattan ] &#129351; 461948 Soporte Tv P\/pared\/ \/ \/ 70kg, 43 A 100 Fijo Ultradelgado","og_description":"Compra 461948 Soporte Tv P\/pared\/ \/ \/ 70kg, 43 A 100 Fijo Ultradelgado + Env\u00edo a domicilio + Pago seguro + Garant\u00eda","og_url":"https:\/\/compuviper.mx\/tienda\/producto\/manhattan-461948-soporte-tv-p-pared-70kg-43-a-100-fijo-ultradelgado\/","og_site_name":"Compuviper","article_publisher":"https:\/\/www.facebook.com\/compuviper","og_image":[{"width":200,"height":200,"url":"https:\/\/compuviper.mx\/tienda\/wp-content\/uploads\/2023\/12\/Soporte-tv-ppared-manhattan-461948-70kg-43-a-100-fijo-ultradelgado.jpg","type":"image\/jpeg"}],"twitter_card":"summary_large_image","twitter_misc":{"Precio":"&#36;571 con IVA","Availability":"Out of stock"},"schema":{"@context":"https:\/\/schema.org","@graph":[{"@type":"WebPage","@id":"https:\/\/compuviper.mx\/tienda\/producto\/manhattan-461948-soporte-tv-p-pared-70kg-43-a-100-fijo-ultradelgado\/","url":"https:\/\/compuviper.mx\/tienda\/producto\/manhattan-461948-soporte-tv-p-pared-70kg-43-a-100-fijo-ultradelgado\/","name":"[ Manhattan ] &#129351; 461948 Soporte Tv P\/pared\/ \/ \/ 70kg, 43 A 100 Fijo Ultradelgado","isPartOf":{"@id":"https:\/\/compuviper.mx\/tienda\/#website"},"datePublished":"2026-04-02T05:10:48+00:00","dateModified":"2026-04-02T05:10:48+00:00","description":"Compra 461948 Soporte Tv P\/pared\/ \/ \/ 70kg, 43 A 100 Fijo Ultradelgado + Env\u00edo a domicilio + Pago seguro + Garant\u00eda","breadcrumb":{"@id":"https:\/\/compuviper.mx\/tienda\/producto\/manhattan-461948-soporte-tv-p-pared-70kg-43-a-100-fijo-ultradelgado\/#breadcrumb"},"inLanguage":"es-MX","potentialAction":[{"@type":"ReadAction","target":["https:\/\/compuviper.mx\/tienda\/producto\/manhattan-461948-soporte-tv-p-pared-70kg-43-a-100-fijo-ultradelgado\/"]}]},{"@type":"BreadcrumbList","@id":"https:\/\/compuviper.mx\/tienda\/producto\/manhattan-461948-soporte-tv-p-pared-70kg-43-a-100-fijo-ultradelgado\/#breadcrumb","itemListElement":[{"@type":"ListItem","position":1,"name":"Inicio","item":"https:\/\/compuviper.mx\/tienda\/"},{"@type":"ListItem","position":2,"name":"Productos","item":"https:\/\/compuviper.mx\/tienda\/productos\/"},{"@type":"ListItem","position":3,"name":"Soportes Y Bases P\/tv\/ Proyectores\/dvd\/consolas\/bocinas\/pantallas\/monotores","item":"https:\/\/compuviper.mx\/tienda\/categoria-producto\/soportes-y-bases-p-tv-proyectores-dvd-consolas-bocinas-pantallas-monotores\/"},{"@type":"ListItem","position":4,"name":"Soporte Y Base Para Tv\/pantallas\/monitores\/kiosko","item":"https:\/\/compuviper.mx\/tienda\/categoria-producto\/soportes-y-bases-p-tv-proyectores-dvd-consolas-bocinas-pantallas-monotores\/soporte-y-base-para-tv-pantallas-monitores-kiosko\/"},{"@type":"ListItem","position":5,"name":"Manhattan 461948 Soporte Tv P\/pared\/ \/ \/ 70kg, 43 A 100 Fijo Ultradelgado"}]},{"@type":"WebSite","@id":"https:\/\/compuviper.mx\/tienda\/#website","url":"https:\/\/compuviper.mx\/tienda\/","name":"Compuviper","description":"Proveedor de Computadoras, Laptops, Servidores, Monitores, Puntos de Venta, Teclados,   Impresoras, T\u00f3ner, C\u00e1maras de Seguridad y m\u00e1s en tu tienda en l\u00ednea","publisher":{"@id":"https:\/\/compuviper.mx\/tienda\/#organization"},"potentialAction":[{"@type":"SearchAction","target":{"@type":"EntryPoint","urlTemplate":"https:\/\/compuviper.mx\/tienda\/?s={search_term_string}"},"query-input":"required name=search_term_string"}],"inLanguage":"es-MX"},{"@type":"Organization","@id":"https:\/\/compuviper.mx\/tienda\/#organization","name":"Compuviper","url":"https:\/\/compuviper.mx\/tienda\/","logo":{"@type":"ImageObject","inLanguage":"es-MX","@id":"https:\/\/compuviper.mx\/tienda\/#\/schema\/logo\/image\/","url":"https:\/\/compuviper.mx\/tienda\/wp-content\/uploads\/2021\/08\/Logo-Compuviper-10.png","contentUrl":"https:\/\/compuviper.mx\/tienda\/wp-content\/uploads\/2021\/08\/Logo-Compuviper-10.png","width":1000,"height":500,"caption":"Compuviper"},"image":{"@id":"https:\/\/compuviper.mx\/tienda\/#\/schema\/logo\/image\/"},"sameAs":["https:\/\/www.facebook.com\/compuviper","https:\/\/www.youtube.com\/channel\/UCf73dERp9Y3cfOq7q8BhLjA?view_as=subscriber"]}]},"product_brand":"MANHATTAN","product_price_amount":"571","product_price_currency":"MXN","og_availability":"out of stock","product_availability":"out of stock","product_retailer_item_id":"461948","product_condition":"new"},"_links":{"self":[{"href":"https:\/\/compuviper.mx\/tienda\/wp-json\/wp\/v2\/product\/210903"}],"collection":[{"href":"https:\/\/compuviper.mx\/tienda\/wp-json\/wp\/v2\/product"}],"about":[{"href":"https:\/\/compuviper.mx\/tienda\/wp-json\/wp\/v2\/types\/product"}],"replies":[{"embeddable":true,"href":"https:\/\/compuviper.mx\/tienda\/wp-json\/wp\/v2\/comments?post=210903"}],"wp:featuredmedia":[{"embeddable":true,"href":"https:\/\/compuviper.mx\/tienda\/wp-json\/wp\/v2\/media\/210904"}],"wp:attachment":[{"href":"https:\/\/compuviper.mx\/tienda\/wp-json\/wp\/v2\/media?parent=210903"}],"wp:term":[{"taxonomy":"product_cat","embeddable":true,"href":"https:\/\/compuviper.mx\/tienda\/wp-json\/wp\/v2\/product_cat?post=210903"},{"taxonomy":"product_tag","embeddable":true,"href":"https:\/\/compuviper.mx\/tienda\/wp-json\/wp\/v2\/product_tag?post=210903"}],"curies":[{"name":"wp","href":"https:\/\/api.w.org\/{rel}","templated":true}]}}