{"id":210901,"date":"2026-04-01T23:10:47","date_gmt":"2026-04-02T05:10:47","guid":{"rendered":"https:\/\/compuviper.mx\/tienda\/producto\/peerless-av-pa750-soporte-articulado-de-pared-peerless-para-monitores-de-39-a-75-pulgadas-capacidad-hasta-45-kg\/"},"modified":"2026-04-01T23:10:47","modified_gmt":"2026-04-02T05:10:47","slug":"peerless-av-pa750-soporte-articulado-de-pared-peerless-para-monitores-de-39-a-75-pulgadas-capacidad-hasta-45-kg","status":"publish","type":"product","link":"https:\/\/compuviper.mx\/tienda\/producto\/peerless-av-pa750-soporte-articulado-de-pared-peerless-para-monitores-de-39-a-75-pulgadas-capacidad-hasta-45-kg\/","title":{"rendered":"Peerless-av Pa750 Soporte Articulado De Pared Peerless  Para Monitores De 39 A 75 Pulgadas Capacidad Hasta 45 Kg"},"content":{"rendered":"<table class=\"descripcion\">\n<tr>\n<td>Especificaciones del producto<\/td>\n<\/tr>\n<tr>\n<td>Tama\u00f1o de pantalla m\u00ednimo a m\u00e1ximo 39 a 75<\/td>\n<\/tr>\n<tr>\n<td>Patr\u00f3n de montaje600 x 400 mm (23,62 x 15,75 pulgadas)<\/td>\n<\/tr>\n<tr>\n<td>Capacidad de peso100 libras (45,4 kg)<\/td>\n<\/tr>\n<tr>\n<td>Color negro<\/td>\n<\/tr>\n<tr>\n<td>Caracter\u00edsticas de seguridad ninguno<\/td>\n<\/tr>\n<tr>\n<td>Inclinaci\u00f3n+15\/-5distancia desde el techon\/a (n\/amm)<\/td>\n<\/tr>\n<tr>\n<td>Distancia desde la pared3,00 &#8211; 21,32 (76 &#8211; 541 mm)<\/td>\n<\/tr>\n<\/table>\n","protected":false},"excerpt":{"rendered":"<p>Los soportes de pared de la serie paramount\u0099 ofrecen caracter\u00edsticas multifuncionales y vers\u00e1tiles. Con el modelo pa750, la pantalla se puede extender hasta 54.2 cm o contraer totalmente a apenas 7.6 cm de la pared a fin de encontrar la posici\u00f3n perfecta de visualizaci\u00f3n. El sistema hook-and-hang\u0099 permite que una sola persona instale la pantalla. Una llave de trinquete permite realizar ajustes r\u00e1pidos a la inclinaci\u00f3n y su bloqueo, reduciendo as\u00ed el reflejo y mejorando el \u00e1ngulo de visi\u00f3n. El sistema de organizaci\u00f3n integrada de cables protege, contiene y oculta los cables para que la instalaci\u00f3n quede ordenada.<\/p>\n","protected":false},"featured_media":210902,"comment_status":"open","ping_status":"open","template":"","meta":[],"product_cat":[2321,2265],"product_tag":[1904],"acf":[],"yoast_head":"<!-- This site is optimized with the Yoast SEO plugin v21.7 - https:\/\/yoast.com\/wordpress\/plugins\/seo\/ -->\n<title>[ Peerless-av ] &#129351; Pa750 Soporte Articulado De Pared Peerless Para Monitores De 39 A 75 Pulgadas Capacidad Hasta 45 Kg<\/title>\n<meta name=\"description\" content=\"Compra Pa750 Soporte Articulado De Pared Peerless Para Monitores De 39 A 75 Pulgadas Capacidad Hasta 45 Kg + Env\u00edo a domicilio + Pago seguro + Garant\u00eda\" \/>\n<meta name=\"robots\" content=\"index, follow, max-snippet:-1, max-image-preview:large, max-video-preview:-1\" \/>\n<link rel=\"canonical\" href=\"https:\/\/compuviper.mx\/tienda\/producto\/peerless-av-pa750-soporte-articulado-de-pared-peerless-para-monitores-de-39-a-75-pulgadas-capacidad-hasta-45-kg\/\" \/>\n<meta property=\"og:locale\" content=\"es_MX\" \/>\n<meta property=\"og:type\" content=\"article\" \/>\n<meta property=\"og:title\" content=\"[ Peerless-av ] &#129351; Pa750 Soporte Articulado De Pared Peerless Para Monitores De 39 A 75 Pulgadas Capacidad Hasta 45 Kg\" \/>\n<meta property=\"og:description\" content=\"Compra Pa750 Soporte Articulado De Pared Peerless Para Monitores De 39 A 75 Pulgadas Capacidad Hasta 45 Kg + Env\u00edo a domicilio + Pago seguro + Garant\u00eda\" \/>\n<meta property=\"og:url\" content=\"https:\/\/compuviper.mx\/tienda\/producto\/peerless-av-pa750-soporte-articulado-de-pared-peerless-para-monitores-de-39-a-75-pulgadas-capacidad-hasta-45-kg\/\" \/>\n<meta property=\"og:site_name\" content=\"Compuviper\" \/>\n<meta property=\"article:publisher\" content=\"https:\/\/www.facebook.com\/compuviper\" \/>\n<meta property=\"og:image\" content=\"https:\/\/compuviper.mx\/tienda\/wp-content\/uploads\/2023\/12\/Soporte-articulado-de-pared-peerless-pa750-para-monitores-de-39-a-75-pulgadas-capacidad-hasta-45-kg.jpg\" \/>\n\t<meta property=\"og:image:width\" content=\"200\" \/>\n\t<meta property=\"og:image:height\" content=\"200\" \/>\n\t<meta property=\"og:image:type\" content=\"image\/jpeg\" \/>\n<meta name=\"twitter:card\" content=\"summary_large_image\" \/>\n<meta name=\"twitter:label1\" content=\"Precio\" \/>\n\t<meta name=\"twitter:data1\" content=\"&#36;5,017 con IVA\" \/>\n\t<meta name=\"twitter:label2\" content=\"Availability\" \/>\n\t<meta name=\"twitter:data2\" content=\"On backorder\" \/>\n<script type=\"application\/ld+json\" class=\"yoast-schema-graph\">{\"@context\":\"https:\/\/schema.org\",\"@graph\":[{\"@type\":\"WebPage\",\"@id\":\"https:\/\/compuviper.mx\/tienda\/producto\/peerless-av-pa750-soporte-articulado-de-pared-peerless-para-monitores-de-39-a-75-pulgadas-capacidad-hasta-45-kg\/\",\"url\":\"https:\/\/compuviper.mx\/tienda\/producto\/peerless-av-pa750-soporte-articulado-de-pared-peerless-para-monitores-de-39-a-75-pulgadas-capacidad-hasta-45-kg\/\",\"name\":\"[ Peerless-av ] &#129351; Pa750 Soporte Articulado De Pared Peerless Para Monitores De 39 A 75 Pulgadas Capacidad Hasta 45 Kg\",\"isPartOf\":{\"@id\":\"https:\/\/compuviper.mx\/tienda\/#website\"},\"datePublished\":\"2026-04-02T05:10:47+00:00\",\"dateModified\":\"2026-04-02T05:10:47+00:00\",\"description\":\"Compra Pa750 Soporte Articulado De Pared Peerless Para Monitores De 39 A 75 Pulgadas Capacidad Hasta 45 Kg + Env\u00edo a domicilio + Pago seguro + Garant\u00eda\",\"breadcrumb\":{\"@id\":\"https:\/\/compuviper.mx\/tienda\/producto\/peerless-av-pa750-soporte-articulado-de-pared-peerless-para-monitores-de-39-a-75-pulgadas-capacidad-hasta-45-kg\/#breadcrumb\"},\"inLanguage\":\"es-MX\",\"potentialAction\":[{\"@type\":\"ReadAction\",\"target\":[\"https:\/\/compuviper.mx\/tienda\/producto\/peerless-av-pa750-soporte-articulado-de-pared-peerless-para-monitores-de-39-a-75-pulgadas-capacidad-hasta-45-kg\/\"]}]},{\"@type\":\"BreadcrumbList\",\"@id\":\"https:\/\/compuviper.mx\/tienda\/producto\/peerless-av-pa750-soporte-articulado-de-pared-peerless-para-monitores-de-39-a-75-pulgadas-capacidad-hasta-45-kg\/#breadcrumb\",\"itemListElement\":[{\"@type\":\"ListItem\",\"position\":1,\"name\":\"Inicio\",\"item\":\"https:\/\/compuviper.mx\/tienda\/\"},{\"@type\":\"ListItem\",\"position\":2,\"name\":\"Productos\",\"item\":\"https:\/\/compuviper.mx\/tienda\/productos\/\"},{\"@type\":\"ListItem\",\"position\":3,\"name\":\"Soportes Y Bases P\/tv\/ Proyectores\/dvd\/consolas\/bocinas\/pantallas\/monotores\",\"item\":\"https:\/\/compuviper.mx\/tienda\/categoria-producto\/soportes-y-bases-p-tv-proyectores-dvd-consolas-bocinas-pantallas-monotores\/\"},{\"@type\":\"ListItem\",\"position\":4,\"name\":\"Soporte Y Base Para Tv\/pantallas\/monitores\/kiosko\",\"item\":\"https:\/\/compuviper.mx\/tienda\/categoria-producto\/soportes-y-bases-p-tv-proyectores-dvd-consolas-bocinas-pantallas-monotores\/soporte-y-base-para-tv-pantallas-monitores-kiosko\/\"},{\"@type\":\"ListItem\",\"position\":5,\"name\":\"Peerless-av Pa750 Soporte Articulado De Pared Peerless Para Monitores De 39 A 75 Pulgadas Capacidad Hasta 45 Kg\"}]},{\"@type\":\"WebSite\",\"@id\":\"https:\/\/compuviper.mx\/tienda\/#website\",\"url\":\"https:\/\/compuviper.mx\/tienda\/\",\"name\":\"Compuviper\",\"description\":\"Proveedor de Computadoras, Laptops, Servidores, Monitores, Puntos de Venta, Teclados,   Impresoras, T\u00f3ner, C\u00e1maras de Seguridad y m\u00e1s en tu tienda en l\u00ednea\",\"publisher\":{\"@id\":\"https:\/\/compuviper.mx\/tienda\/#organization\"},\"potentialAction\":[{\"@type\":\"SearchAction\",\"target\":{\"@type\":\"EntryPoint\",\"urlTemplate\":\"https:\/\/compuviper.mx\/tienda\/?s={search_term_string}\"},\"query-input\":\"required name=search_term_string\"}],\"inLanguage\":\"es-MX\"},{\"@type\":\"Organization\",\"@id\":\"https:\/\/compuviper.mx\/tienda\/#organization\",\"name\":\"Compuviper\",\"url\":\"https:\/\/compuviper.mx\/tienda\/\",\"logo\":{\"@type\":\"ImageObject\",\"inLanguage\":\"es-MX\",\"@id\":\"https:\/\/compuviper.mx\/tienda\/#\/schema\/logo\/image\/\",\"url\":\"https:\/\/compuviper.mx\/tienda\/wp-content\/uploads\/2021\/08\/Logo-Compuviper-10.png\",\"contentUrl\":\"https:\/\/compuviper.mx\/tienda\/wp-content\/uploads\/2021\/08\/Logo-Compuviper-10.png\",\"width\":1000,\"height\":500,\"caption\":\"Compuviper\"},\"image\":{\"@id\":\"https:\/\/compuviper.mx\/tienda\/#\/schema\/logo\/image\/\"},\"sameAs\":[\"https:\/\/www.facebook.com\/compuviper\",\"https:\/\/www.youtube.com\/channel\/UCf73dERp9Y3cfOq7q8BhLjA?view_as=subscriber\"]}]}<\/script>\n<meta property=\"product:brand\" content=\"PEERLESS-AV\" \/>\n<meta property=\"product:price:amount\" content=\"5017\" \/>\n<meta property=\"product:price:currency\" content=\"MXN\" \/>\n<meta property=\"og:availability\" content=\"backorder\" \/>\n<meta property=\"product:availability\" content=\"available for order\" \/>\n<meta property=\"product:retailer_item_id\" content=\"PA750\" \/>\n<meta property=\"product:condition\" content=\"new\" \/>\n<!-- \/ Yoast SEO plugin. -->","yoast_head_json":{"title":"[ Peerless-av ] &#129351; Pa750 Soporte Articulado De Pared Peerless Para Monitores De 39 A 75 Pulgadas Capacidad Hasta 45 Kg","description":"Compra Pa750 Soporte Articulado De Pared Peerless Para Monitores De 39 A 75 Pulgadas Capacidad Hasta 45 Kg + Env\u00edo a domicilio + Pago seguro + Garant\u00eda","robots":{"index":"index","follow":"follow","max-snippet":"max-snippet:-1","max-image-preview":"max-image-preview:large","max-video-preview":"max-video-preview:-1"},"canonical":"https:\/\/compuviper.mx\/tienda\/producto\/peerless-av-pa750-soporte-articulado-de-pared-peerless-para-monitores-de-39-a-75-pulgadas-capacidad-hasta-45-kg\/","og_locale":"es_MX","og_type":"article","og_title":"[ Peerless-av ] &#129351; Pa750 Soporte Articulado De Pared Peerless Para Monitores De 39 A 75 Pulgadas Capacidad Hasta 45 Kg","og_description":"Compra Pa750 Soporte Articulado De Pared Peerless Para Monitores De 39 A 75 Pulgadas Capacidad Hasta 45 Kg + Env\u00edo a domicilio + Pago seguro + Garant\u00eda","og_url":"https:\/\/compuviper.mx\/tienda\/producto\/peerless-av-pa750-soporte-articulado-de-pared-peerless-para-monitores-de-39-a-75-pulgadas-capacidad-hasta-45-kg\/","og_site_name":"Compuviper","article_publisher":"https:\/\/www.facebook.com\/compuviper","og_image":[{"width":200,"height":200,"url":"https:\/\/compuviper.mx\/tienda\/wp-content\/uploads\/2023\/12\/Soporte-articulado-de-pared-peerless-pa750-para-monitores-de-39-a-75-pulgadas-capacidad-hasta-45-kg.jpg","type":"image\/jpeg"}],"twitter_card":"summary_large_image","twitter_misc":{"Precio":"&#36;5,017 con IVA","Availability":"On backorder"},"schema":{"@context":"https:\/\/schema.org","@graph":[{"@type":"WebPage","@id":"https:\/\/compuviper.mx\/tienda\/producto\/peerless-av-pa750-soporte-articulado-de-pared-peerless-para-monitores-de-39-a-75-pulgadas-capacidad-hasta-45-kg\/","url":"https:\/\/compuviper.mx\/tienda\/producto\/peerless-av-pa750-soporte-articulado-de-pared-peerless-para-monitores-de-39-a-75-pulgadas-capacidad-hasta-45-kg\/","name":"[ Peerless-av ] &#129351; Pa750 Soporte Articulado De Pared Peerless Para Monitores De 39 A 75 Pulgadas Capacidad Hasta 45 Kg","isPartOf":{"@id":"https:\/\/compuviper.mx\/tienda\/#website"},"datePublished":"2026-04-02T05:10:47+00:00","dateModified":"2026-04-02T05:10:47+00:00","description":"Compra Pa750 Soporte Articulado De Pared Peerless Para Monitores De 39 A 75 Pulgadas Capacidad Hasta 45 Kg + Env\u00edo a domicilio + Pago seguro + Garant\u00eda","breadcrumb":{"@id":"https:\/\/compuviper.mx\/tienda\/producto\/peerless-av-pa750-soporte-articulado-de-pared-peerless-para-monitores-de-39-a-75-pulgadas-capacidad-hasta-45-kg\/#breadcrumb"},"inLanguage":"es-MX","potentialAction":[{"@type":"ReadAction","target":["https:\/\/compuviper.mx\/tienda\/producto\/peerless-av-pa750-soporte-articulado-de-pared-peerless-para-monitores-de-39-a-75-pulgadas-capacidad-hasta-45-kg\/"]}]},{"@type":"BreadcrumbList","@id":"https:\/\/compuviper.mx\/tienda\/producto\/peerless-av-pa750-soporte-articulado-de-pared-peerless-para-monitores-de-39-a-75-pulgadas-capacidad-hasta-45-kg\/#breadcrumb","itemListElement":[{"@type":"ListItem","position":1,"name":"Inicio","item":"https:\/\/compuviper.mx\/tienda\/"},{"@type":"ListItem","position":2,"name":"Productos","item":"https:\/\/compuviper.mx\/tienda\/productos\/"},{"@type":"ListItem","position":3,"name":"Soportes Y Bases P\/tv\/ Proyectores\/dvd\/consolas\/bocinas\/pantallas\/monotores","item":"https:\/\/compuviper.mx\/tienda\/categoria-producto\/soportes-y-bases-p-tv-proyectores-dvd-consolas-bocinas-pantallas-monotores\/"},{"@type":"ListItem","position":4,"name":"Soporte Y Base Para Tv\/pantallas\/monitores\/kiosko","item":"https:\/\/compuviper.mx\/tienda\/categoria-producto\/soportes-y-bases-p-tv-proyectores-dvd-consolas-bocinas-pantallas-monotores\/soporte-y-base-para-tv-pantallas-monitores-kiosko\/"},{"@type":"ListItem","position":5,"name":"Peerless-av Pa750 Soporte Articulado De Pared Peerless Para Monitores De 39 A 75 Pulgadas Capacidad Hasta 45 Kg"}]},{"@type":"WebSite","@id":"https:\/\/compuviper.mx\/tienda\/#website","url":"https:\/\/compuviper.mx\/tienda\/","name":"Compuviper","description":"Proveedor de Computadoras, Laptops, Servidores, Monitores, Puntos de Venta, Teclados,   Impresoras, T\u00f3ner, C\u00e1maras de Seguridad y m\u00e1s en tu tienda en l\u00ednea","publisher":{"@id":"https:\/\/compuviper.mx\/tienda\/#organization"},"potentialAction":[{"@type":"SearchAction","target":{"@type":"EntryPoint","urlTemplate":"https:\/\/compuviper.mx\/tienda\/?s={search_term_string}"},"query-input":"required name=search_term_string"}],"inLanguage":"es-MX"},{"@type":"Organization","@id":"https:\/\/compuviper.mx\/tienda\/#organization","name":"Compuviper","url":"https:\/\/compuviper.mx\/tienda\/","logo":{"@type":"ImageObject","inLanguage":"es-MX","@id":"https:\/\/compuviper.mx\/tienda\/#\/schema\/logo\/image\/","url":"https:\/\/compuviper.mx\/tienda\/wp-content\/uploads\/2021\/08\/Logo-Compuviper-10.png","contentUrl":"https:\/\/compuviper.mx\/tienda\/wp-content\/uploads\/2021\/08\/Logo-Compuviper-10.png","width":1000,"height":500,"caption":"Compuviper"},"image":{"@id":"https:\/\/compuviper.mx\/tienda\/#\/schema\/logo\/image\/"},"sameAs":["https:\/\/www.facebook.com\/compuviper","https:\/\/www.youtube.com\/channel\/UCf73dERp9Y3cfOq7q8BhLjA?view_as=subscriber"]}]},"product_brand":"PEERLESS-AV","product_price_amount":"5017","product_price_currency":"MXN","og_availability":"backorder","product_availability":"available for order","product_retailer_item_id":"PA750","product_condition":"new"},"_links":{"self":[{"href":"https:\/\/compuviper.mx\/tienda\/wp-json\/wp\/v2\/product\/210901"}],"collection":[{"href":"https:\/\/compuviper.mx\/tienda\/wp-json\/wp\/v2\/product"}],"about":[{"href":"https:\/\/compuviper.mx\/tienda\/wp-json\/wp\/v2\/types\/product"}],"replies":[{"embeddable":true,"href":"https:\/\/compuviper.mx\/tienda\/wp-json\/wp\/v2\/comments?post=210901"}],"wp:featuredmedia":[{"embeddable":true,"href":"https:\/\/compuviper.mx\/tienda\/wp-json\/wp\/v2\/media\/210902"}],"wp:attachment":[{"href":"https:\/\/compuviper.mx\/tienda\/wp-json\/wp\/v2\/media?parent=210901"}],"wp:term":[{"taxonomy":"product_cat","embeddable":true,"href":"https:\/\/compuviper.mx\/tienda\/wp-json\/wp\/v2\/product_cat?post=210901"},{"taxonomy":"product_tag","embeddable":true,"href":"https:\/\/compuviper.mx\/tienda\/wp-json\/wp\/v2\/product_tag?post=210901"}],"curies":[{"name":"wp","href":"https:\/\/api.w.org\/{rel}","templated":true}]}}