{"id":210897,"date":"2026-04-01T23:10:46","date_gmt":"2026-04-02T05:10:46","guid":{"rendered":"https:\/\/compuviper.mx\/tienda\/producto\/logitech-952-000088-tap-ip-blanco-controlador-tactil-para-salas-de-videoconferencia\/"},"modified":"2026-04-01T23:10:46","modified_gmt":"2026-04-02T05:10:46","slug":"logitech-952-000088-controlador-tactil-tap-ip-pantalla-10-1-para-salas-de-videoconferencia-blanco","status":"publish","type":"product","link":"https:\/\/compuviper.mx\/tienda\/producto\/logitech-952-000088-controlador-tactil-tap-ip-pantalla-10-1-para-salas-de-videoconferencia-blanco\/","title":{"rendered":"Logitech 952-000088 Controlador Tactil  Tap Ip Pantalla 10.1 Para Salas De Videoconferencia Blanco"},"content":{"rendered":"<table class=\"descripcion\">\n<tr>\n<td>Pantalla<\/td>\n<\/tr>\n<tr>\n<td>Tama\u00f1o: 10,1\u0094 en diagonal<\/td>\n<\/tr>\n<tr>\n<td>Ips (conmutaci\u00f3n en el plano)<\/td>\n<\/tr>\n<tr>\n<td>Panel lcd con retroiluminaci\u00f3n led<\/td>\n<\/tr>\n<tr>\n<td>Resoluci\u00f3n: resoluci\u00f3n de 1280 \u00d7 800<\/td>\n<\/tr>\n<tr>\n<td>T\u00e1ctil: capacitiva, multit\u00e1ctil de 10 puntos<\/td>\n<\/tr>\n<tr>\n<td>Brillo: 400 nits<\/td>\n<\/tr>\n<tr>\n<td>Contraste: 1000:1<\/td>\n<\/tr>\n<tr>\n<td>Antihuellas: cubierta oleof\u00f3bica<\/td>\n<\/tr>\n<tr>\n<td>\u00e1ngulo de visi\u00f3n: 85 grados (ar\/ab\/i\/d)<\/td>\n<\/tr>\n<tr>\n<td>\u00e1ngulo de posici\u00f3n: 14 grados<\/td>\n<\/tr>\n<tr>\n<td>Especificaciones generales<\/td>\n<\/tr>\n<tr>\n<td>Altavoz ultras\u00f3nico integrado<\/td>\n<\/tr>\n<tr>\n<td>Sensor de movimiento pir integrado<\/td>\n<\/tr>\n<tr>\n<td>Aceler\u00f3metro integrado<\/td>\n<\/tr>\n<tr>\n<td>Sensor de luz ambiental integrado<\/td>\n<\/tr>\n<tr>\n<td>Fdmi vesa de 100 mm x 100 mm<\/td>\n<\/tr>\n<tr>\n<td>Sistema interno de retenci\u00f3n y holgura de cables<\/td>\n<\/tr>\n<tr>\n<td>Compatibilidad y certificaciones<\/td>\n<\/tr>\n<tr>\n<td>Logitech tap ip est\u00e1 certificado o es compatible como controlador t\u00e1ctil para soluciones para salas de videoconferencia<\/td>\n<\/tr>\n<tr>\n<td>Microsoft teams rooms en android en rally bar, rally bar mini o roommate de logitech<\/td>\n<\/tr>\n<tr>\n<td>Zoom rooms (cualquiera)<\/td>\n<\/tr>\n<tr>\n<td>Ringcentral rooms\u0099<\/td>\n<\/tr>\n<tr>\n<td>Consulta www.logitech.com\/support\/tap-compatibility para obtener la informaci\u00f3n m\u00e1s reciente sobre certificaci\u00f3n y compatibilidad.<\/td>\n<\/tr>\n<tr>\n<td>Plataforma logitech collabos<\/td>\n<\/tr>\n<tr>\n<td>Administraci\u00f3n remota con logitech sync<\/td>\n<\/tr>\n<tr>\n<td>Alimentaci\u00f3n y cables<\/td>\n<\/tr>\n<tr>\n<td>Alimentaci\u00f3n a trav\u00e9s de ethernet (poe), ieee 802.3af tipo 1, dispositivo de clase 3. 4requiere red habilitada para poe o inyector poe y cable ethernet (no incluido)<\/td>\n<\/tr>\n<tr>\n<td>Puertos e interfaces<\/td>\n<\/tr>\n<tr>\n<td>Ethernet: 10\/100 mbps<\/td>\n<\/tr>\n<tr>\n<td>Wifi: 802.11a\/b\/g\/n\/ac<\/td>\n<\/tr>\n<tr>\n<td>Bluetooth 5.0<\/td>\n<\/tr>\n<tr>\n<td>Medioambiente<\/td>\n<\/tr>\n<tr>\n<td>Temperatura de funcionamiento: 0 \u00b0c a 40 \u00b0c<\/td>\n<\/tr>\n<tr>\n<td>Temperatura de almacenamiento: -40 a 70\u00b0c<\/td>\n<\/tr>\n<tr>\n<td>Humedad: 10 % a 95 %<\/td>\n<\/tr>\n<tr>\n<td>Seguridad<\/td>\n<\/tr>\n<tr>\n<td>Cifrado de disco completo: aes-128<\/td>\n<\/tr>\n<tr>\n<td>Cifrado de datos: claves sim\u00e9tricas, infraestructura de clave p\u00fablica (pki)<\/td>\n<\/tr>\n<tr>\n<td>Identidad de dispositivos: protecci\u00f3n mediante atestaci\u00f3n de estado de dispositivos<\/td>\n<\/tr>\n<tr>\n<td>Protecci\u00f3n mediante clave: arm trustzone, rpmp<\/td>\n<\/tr>\n<tr>\n<td>Seguridad del dispositivo: bloqueo kensington<\/td>\n<\/tr>\n<tr>\n<td>Contenido de la caja<\/td>\n<\/tr>\n<tr>\n<td>Controlador t\u00e1ctil tap ip<\/td>\n<\/tr>\n<tr>\n<td>Documentaci\u00f3n<\/td>\n<\/tr>\n<tr>\n<td>Informaci\u00f3n de garant\u00eda<\/td>\n<\/tr>\n<tr>\n<td>Asegura tu tranquilidad con una garant\u00eda ampliada para tap ip, que agrega un a\u00f1o adicional a la garant\u00eda limitada est\u00e1ndar del hardware de dos a\u00f1os. contacta a tu distribuidor para consultar la disponibilidad.<\/td>\n<\/tr>\n<tr>\n<td>N\u00famero de referencia<\/td>\n<\/tr>\n<tr>\n<td>Grafito : 952-000085<\/td>\n<\/tr>\n<tr>\n<td>Blanco : 952-000088<\/td>\n<\/tr>\n<\/table>\n","protected":false},"excerpt":{"rendered":"<p>Implementa soluciones para salas con facilidad. Transforma los espacios de colaboraci\u00f3n con logitech tap ip y las principales soluciones para salas de videoconferencia. Ofrece incorporaci\u00f3n con una sola pulsaci\u00f3n, intercambio de contenido sencillo y una experiencia de reuni\u00f3n sin inconvenientes en todas tus salas. Simplemente la presencia correcta. Tap ip cuenta con una pantalla espaciosa de 10,1\u0094, perfil bajo y sensor de movimiento para estar siempre listo, lo que hace que su presencia en la sala sea elegante y discreta. Cableado sencillo y seguro. Optimiza la configuraci\u00f3n con un solo cable que se puede colocar a trav\u00e9s de la parte posterior o inferior del dispositivo. Ajusta las conexiones con mecanismos de retenci\u00f3n y reducci\u00f3n de tensi\u00f3n de cables incorporadas.<\/p>\n","protected":false},"featured_media":210898,"comment_status":"open","ping_status":"open","template":"","meta":[],"product_cat":[1485,2036],"product_tag":[1500],"acf":[],"yoast_head":"<!-- This site is optimized with the Yoast SEO plugin v21.7 - https:\/\/yoast.com\/wordpress\/plugins\/seo\/ -->\n<title>[ Logitech ] &#129351; 952-000088 Controlador Tactil Tap Ip Pantalla 10.1 Para Salas De Videoconferencia Blanco<\/title>\n<meta name=\"description\" content=\"Compra 952-000088 Controlador Tactil Tap Ip Pantalla 10.1 Para Salas De Videoconferencia Blanco + Env\u00edo a domicilio + Pago seguro + Garant\u00eda\" \/>\n<meta name=\"robots\" content=\"index, follow, max-snippet:-1, max-image-preview:large, max-video-preview:-1\" \/>\n<link rel=\"canonical\" href=\"https:\/\/compuviper.mx\/tienda\/producto\/logitech-952-000088-controlador-tactil-tap-ip-pantalla-10-1-para-salas-de-videoconferencia-blanco\/\" \/>\n<meta property=\"og:locale\" content=\"es_MX\" \/>\n<meta property=\"og:type\" content=\"article\" \/>\n<meta property=\"og:title\" content=\"[ Logitech ] &#129351; 952-000088 Controlador Tactil Tap Ip Pantalla 10.1 Para Salas De Videoconferencia Blanco\" \/>\n<meta property=\"og:description\" content=\"Compra 952-000088 Controlador Tactil Tap Ip Pantalla 10.1 Para Salas De Videoconferencia Blanco + Env\u00edo a domicilio + Pago seguro + Garant\u00eda\" \/>\n<meta property=\"og:url\" content=\"https:\/\/compuviper.mx\/tienda\/producto\/logitech-952-000088-controlador-tactil-tap-ip-pantalla-10-1-para-salas-de-videoconferencia-blanco\/\" \/>\n<meta property=\"og:site_name\" content=\"Compuviper\" \/>\n<meta property=\"article:publisher\" content=\"https:\/\/www.facebook.com\/compuviper\" \/>\n<meta property=\"og:image\" content=\"https:\/\/compuviper.mx\/tienda\/wp-content\/uploads\/2023\/12\/Logitech-tap-ip-blanco-controlador-tactil-para-salas-de-videoconferencia.jpg\" \/>\n\t<meta property=\"og:image:width\" content=\"200\" \/>\n\t<meta property=\"og:image:height\" content=\"200\" \/>\n\t<meta property=\"og:image:type\" content=\"image\/jpeg\" \/>\n<meta name=\"twitter:card\" content=\"summary_large_image\" \/>\n<meta name=\"twitter:label1\" content=\"Precio\" \/>\n\t<meta name=\"twitter:data1\" content=\"&#36;16,157 con IVA\" \/>\n\t<meta name=\"twitter:label2\" content=\"Availability\" \/>\n\t<meta name=\"twitter:data2\" content=\"Out of stock\" \/>\n<script type=\"application\/ld+json\" class=\"yoast-schema-graph\">{\"@context\":\"https:\/\/schema.org\",\"@graph\":[{\"@type\":\"WebPage\",\"@id\":\"https:\/\/compuviper.mx\/tienda\/producto\/logitech-952-000088-controlador-tactil-tap-ip-pantalla-10-1-para-salas-de-videoconferencia-blanco\/\",\"url\":\"https:\/\/compuviper.mx\/tienda\/producto\/logitech-952-000088-controlador-tactil-tap-ip-pantalla-10-1-para-salas-de-videoconferencia-blanco\/\",\"name\":\"[ Logitech ] &#129351; 952-000088 Controlador Tactil Tap Ip Pantalla 10.1 Para Salas De Videoconferencia Blanco\",\"isPartOf\":{\"@id\":\"https:\/\/compuviper.mx\/tienda\/#website\"},\"datePublished\":\"2026-04-02T05:10:46+00:00\",\"dateModified\":\"2026-04-02T05:10:46+00:00\",\"description\":\"Compra 952-000088 Controlador Tactil Tap Ip Pantalla 10.1 Para Salas De Videoconferencia Blanco + Env\u00edo a domicilio + Pago seguro + Garant\u00eda\",\"breadcrumb\":{\"@id\":\"https:\/\/compuviper.mx\/tienda\/producto\/logitech-952-000088-controlador-tactil-tap-ip-pantalla-10-1-para-salas-de-videoconferencia-blanco\/#breadcrumb\"},\"inLanguage\":\"es-MX\",\"potentialAction\":[{\"@type\":\"ReadAction\",\"target\":[\"https:\/\/compuviper.mx\/tienda\/producto\/logitech-952-000088-controlador-tactil-tap-ip-pantalla-10-1-para-salas-de-videoconferencia-blanco\/\"]}]},{\"@type\":\"BreadcrumbList\",\"@id\":\"https:\/\/compuviper.mx\/tienda\/producto\/logitech-952-000088-controlador-tactil-tap-ip-pantalla-10-1-para-salas-de-videoconferencia-blanco\/#breadcrumb\",\"itemListElement\":[{\"@type\":\"ListItem\",\"position\":1,\"name\":\"Inicio\",\"item\":\"https:\/\/compuviper.mx\/tienda\/\"},{\"@type\":\"ListItem\",\"position\":2,\"name\":\"Productos\",\"item\":\"https:\/\/compuviper.mx\/tienda\/productos\/\"},{\"@type\":\"ListItem\",\"position\":3,\"name\":\"Accesorios\",\"item\":\"https:\/\/compuviper.mx\/tienda\/categoria-producto\/accesorios\/\"},{\"@type\":\"ListItem\",\"position\":4,\"name\":\"Videoconferencia\",\"item\":\"https:\/\/compuviper.mx\/tienda\/categoria-producto\/accesorios\/videoconferencia-accesorios\/\"},{\"@type\":\"ListItem\",\"position\":5,\"name\":\"Logitech 952-000088 Controlador Tactil Tap Ip Pantalla 10.1 Para Salas De Videoconferencia Blanco\"}]},{\"@type\":\"WebSite\",\"@id\":\"https:\/\/compuviper.mx\/tienda\/#website\",\"url\":\"https:\/\/compuviper.mx\/tienda\/\",\"name\":\"Compuviper\",\"description\":\"Proveedor de Computadoras, Laptops, Servidores, Monitores, Puntos de Venta, Teclados,   Impresoras, T\u00f3ner, C\u00e1maras de Seguridad y m\u00e1s en tu tienda en l\u00ednea\",\"publisher\":{\"@id\":\"https:\/\/compuviper.mx\/tienda\/#organization\"},\"potentialAction\":[{\"@type\":\"SearchAction\",\"target\":{\"@type\":\"EntryPoint\",\"urlTemplate\":\"https:\/\/compuviper.mx\/tienda\/?s={search_term_string}\"},\"query-input\":\"required name=search_term_string\"}],\"inLanguage\":\"es-MX\"},{\"@type\":\"Organization\",\"@id\":\"https:\/\/compuviper.mx\/tienda\/#organization\",\"name\":\"Compuviper\",\"url\":\"https:\/\/compuviper.mx\/tienda\/\",\"logo\":{\"@type\":\"ImageObject\",\"inLanguage\":\"es-MX\",\"@id\":\"https:\/\/compuviper.mx\/tienda\/#\/schema\/logo\/image\/\",\"url\":\"https:\/\/compuviper.mx\/tienda\/wp-content\/uploads\/2021\/08\/Logo-Compuviper-10.png\",\"contentUrl\":\"https:\/\/compuviper.mx\/tienda\/wp-content\/uploads\/2021\/08\/Logo-Compuviper-10.png\",\"width\":1000,\"height\":500,\"caption\":\"Compuviper\"},\"image\":{\"@id\":\"https:\/\/compuviper.mx\/tienda\/#\/schema\/logo\/image\/\"},\"sameAs\":[\"https:\/\/www.facebook.com\/compuviper\",\"https:\/\/www.youtube.com\/channel\/UCf73dERp9Y3cfOq7q8BhLjA?view_as=subscriber\"]}]}<\/script>\n<meta property=\"product:brand\" content=\"LOGITECH\" \/>\n<meta property=\"product:price:amount\" content=\"16157\" \/>\n<meta property=\"product:price:currency\" content=\"MXN\" \/>\n<meta property=\"og:availability\" content=\"out of stock\" \/>\n<meta property=\"product:availability\" content=\"out of stock\" \/>\n<meta property=\"product:retailer_item_id\" content=\"952-000088\" \/>\n<meta property=\"product:condition\" content=\"new\" \/>\n<!-- \/ Yoast SEO plugin. -->","yoast_head_json":{"title":"[ Logitech ] &#129351; 952-000088 Controlador Tactil Tap Ip Pantalla 10.1 Para Salas De Videoconferencia Blanco","description":"Compra 952-000088 Controlador Tactil Tap Ip Pantalla 10.1 Para Salas De Videoconferencia Blanco + Env\u00edo a domicilio + Pago seguro + Garant\u00eda","robots":{"index":"index","follow":"follow","max-snippet":"max-snippet:-1","max-image-preview":"max-image-preview:large","max-video-preview":"max-video-preview:-1"},"canonical":"https:\/\/compuviper.mx\/tienda\/producto\/logitech-952-000088-controlador-tactil-tap-ip-pantalla-10-1-para-salas-de-videoconferencia-blanco\/","og_locale":"es_MX","og_type":"article","og_title":"[ Logitech ] &#129351; 952-000088 Controlador Tactil Tap Ip Pantalla 10.1 Para Salas De Videoconferencia Blanco","og_description":"Compra 952-000088 Controlador Tactil Tap Ip Pantalla 10.1 Para Salas De Videoconferencia Blanco + Env\u00edo a domicilio + Pago seguro + Garant\u00eda","og_url":"https:\/\/compuviper.mx\/tienda\/producto\/logitech-952-000088-controlador-tactil-tap-ip-pantalla-10-1-para-salas-de-videoconferencia-blanco\/","og_site_name":"Compuviper","article_publisher":"https:\/\/www.facebook.com\/compuviper","og_image":[{"width":200,"height":200,"url":"https:\/\/compuviper.mx\/tienda\/wp-content\/uploads\/2023\/12\/Logitech-tap-ip-blanco-controlador-tactil-para-salas-de-videoconferencia.jpg","type":"image\/jpeg"}],"twitter_card":"summary_large_image","twitter_misc":{"Precio":"&#36;16,157 con IVA","Availability":"Out of stock"},"schema":{"@context":"https:\/\/schema.org","@graph":[{"@type":"WebPage","@id":"https:\/\/compuviper.mx\/tienda\/producto\/logitech-952-000088-controlador-tactil-tap-ip-pantalla-10-1-para-salas-de-videoconferencia-blanco\/","url":"https:\/\/compuviper.mx\/tienda\/producto\/logitech-952-000088-controlador-tactil-tap-ip-pantalla-10-1-para-salas-de-videoconferencia-blanco\/","name":"[ Logitech ] &#129351; 952-000088 Controlador Tactil Tap Ip Pantalla 10.1 Para Salas De Videoconferencia Blanco","isPartOf":{"@id":"https:\/\/compuviper.mx\/tienda\/#website"},"datePublished":"2026-04-02T05:10:46+00:00","dateModified":"2026-04-02T05:10:46+00:00","description":"Compra 952-000088 Controlador Tactil Tap Ip Pantalla 10.1 Para Salas De Videoconferencia Blanco + Env\u00edo a domicilio + Pago seguro + Garant\u00eda","breadcrumb":{"@id":"https:\/\/compuviper.mx\/tienda\/producto\/logitech-952-000088-controlador-tactil-tap-ip-pantalla-10-1-para-salas-de-videoconferencia-blanco\/#breadcrumb"},"inLanguage":"es-MX","potentialAction":[{"@type":"ReadAction","target":["https:\/\/compuviper.mx\/tienda\/producto\/logitech-952-000088-controlador-tactil-tap-ip-pantalla-10-1-para-salas-de-videoconferencia-blanco\/"]}]},{"@type":"BreadcrumbList","@id":"https:\/\/compuviper.mx\/tienda\/producto\/logitech-952-000088-controlador-tactil-tap-ip-pantalla-10-1-para-salas-de-videoconferencia-blanco\/#breadcrumb","itemListElement":[{"@type":"ListItem","position":1,"name":"Inicio","item":"https:\/\/compuviper.mx\/tienda\/"},{"@type":"ListItem","position":2,"name":"Productos","item":"https:\/\/compuviper.mx\/tienda\/productos\/"},{"@type":"ListItem","position":3,"name":"Accesorios","item":"https:\/\/compuviper.mx\/tienda\/categoria-producto\/accesorios\/"},{"@type":"ListItem","position":4,"name":"Videoconferencia","item":"https:\/\/compuviper.mx\/tienda\/categoria-producto\/accesorios\/videoconferencia-accesorios\/"},{"@type":"ListItem","position":5,"name":"Logitech 952-000088 Controlador Tactil Tap Ip Pantalla 10.1 Para Salas De Videoconferencia Blanco"}]},{"@type":"WebSite","@id":"https:\/\/compuviper.mx\/tienda\/#website","url":"https:\/\/compuviper.mx\/tienda\/","name":"Compuviper","description":"Proveedor de Computadoras, Laptops, Servidores, Monitores, Puntos de Venta, Teclados,   Impresoras, T\u00f3ner, C\u00e1maras de Seguridad y m\u00e1s en tu tienda en l\u00ednea","publisher":{"@id":"https:\/\/compuviper.mx\/tienda\/#organization"},"potentialAction":[{"@type":"SearchAction","target":{"@type":"EntryPoint","urlTemplate":"https:\/\/compuviper.mx\/tienda\/?s={search_term_string}"},"query-input":"required name=search_term_string"}],"inLanguage":"es-MX"},{"@type":"Organization","@id":"https:\/\/compuviper.mx\/tienda\/#organization","name":"Compuviper","url":"https:\/\/compuviper.mx\/tienda\/","logo":{"@type":"ImageObject","inLanguage":"es-MX","@id":"https:\/\/compuviper.mx\/tienda\/#\/schema\/logo\/image\/","url":"https:\/\/compuviper.mx\/tienda\/wp-content\/uploads\/2021\/08\/Logo-Compuviper-10.png","contentUrl":"https:\/\/compuviper.mx\/tienda\/wp-content\/uploads\/2021\/08\/Logo-Compuviper-10.png","width":1000,"height":500,"caption":"Compuviper"},"image":{"@id":"https:\/\/compuviper.mx\/tienda\/#\/schema\/logo\/image\/"},"sameAs":["https:\/\/www.facebook.com\/compuviper","https:\/\/www.youtube.com\/channel\/UCf73dERp9Y3cfOq7q8BhLjA?view_as=subscriber"]}]},"product_brand":"LOGITECH","product_price_amount":"16157","product_price_currency":"MXN","og_availability":"out of stock","product_availability":"out of stock","product_retailer_item_id":"952-000088","product_condition":"new"},"_links":{"self":[{"href":"https:\/\/compuviper.mx\/tienda\/wp-json\/wp\/v2\/product\/210897"}],"collection":[{"href":"https:\/\/compuviper.mx\/tienda\/wp-json\/wp\/v2\/product"}],"about":[{"href":"https:\/\/compuviper.mx\/tienda\/wp-json\/wp\/v2\/types\/product"}],"replies":[{"embeddable":true,"href":"https:\/\/compuviper.mx\/tienda\/wp-json\/wp\/v2\/comments?post=210897"}],"wp:featuredmedia":[{"embeddable":true,"href":"https:\/\/compuviper.mx\/tienda\/wp-json\/wp\/v2\/media\/210898"}],"wp:attachment":[{"href":"https:\/\/compuviper.mx\/tienda\/wp-json\/wp\/v2\/media?parent=210897"}],"wp:term":[{"taxonomy":"product_cat","embeddable":true,"href":"https:\/\/compuviper.mx\/tienda\/wp-json\/wp\/v2\/product_cat?post=210897"},{"taxonomy":"product_tag","embeddable":true,"href":"https:\/\/compuviper.mx\/tienda\/wp-json\/wp\/v2\/product_tag?post=210897"}],"curies":[{"name":"wp","href":"https:\/\/api.w.org\/{rel}","templated":true}]}}