{"id":210895,"date":"2026-04-01T23:10:46","date_gmt":"2026-04-02T05:10:46","guid":{"rendered":"https:\/\/compuviper.mx\/tienda\/producto\/manhattan-461894-soporte-monitor-p-1-monitor-15-a-32-sobre-escritorio-ajuste-altura-con-gas\/"},"modified":"2026-04-01T23:10:46","modified_gmt":"2026-04-02T05:10:46","slug":"manhattan-461894-soporte-monitor-p-1-monitor-15-a-32-sobre-escritorio-ajuste-altura-con-gas","status":"publish","type":"product","link":"https:\/\/compuviper.mx\/tienda\/producto\/manhattan-461894-soporte-monitor-p-1-monitor-15-a-32-sobre-escritorio-ajuste-altura-con-gas\/","title":{"rendered":"Manhattan 461894 Soporte Monitor \/  \/  \/p\/1 Monitor 15 A 32 Sobre Escritorio, Ajuste Altura Con Gas"},"content":{"rendered":"<table class=\"descripcion\">\n<tr>\n<td>General<\/td>\n<\/tr>\n<tr>\n<td>Certificaciones: rohs<\/td>\n<\/tr>\n<tr>\n<td>Dise\u00f1ado para la mayor\u00eda de los monitores led\/lcd de 15 a 32<\/td>\n<\/tr>\n<tr>\n<td>Capacidad de peso: 8 kg (17.6 lbs.)<\/td>\n<\/tr>\n<tr>\n<td>Inclinaci\u00f3n: +\/-20<\/td>\n<\/tr>\n<tr>\n<td>Giratorio: +\/- 45 \u00b0<\/td>\n<\/tr>\n<tr>\n<td>Dimensiones (l x an x al): 200 x 315 x 274 to 460 mm<\/td>\n<\/tr>\n<tr>\n<td>Altura de la base: 5 mm<\/td>\n<\/tr>\n<tr>\n<td>Peso neto: 3.94 kg<\/td>\n<\/tr>\n<tr>\n<td>Peso bruto: 4.32 kg<\/td>\n<\/tr>\n<tr>\n<td>Material: acero con recubrimiento de polvo<\/td>\n<\/tr>\n<tr>\n<td>Est\u00e1ndares vesa: 75&#215;75, 100&#215;100<\/td>\n<\/tr>\n<tr>\n<td>Contenido del paquete<\/td>\n<\/tr>\n<tr>\n<td>Soporte de escritorio para un solo monitor con pist\u00f3n de gas para ajuste de altura<\/td>\n<\/tr>\n<tr>\n<td>Hardware de instalaci\u00f3n con instrucciones<\/td>\n<\/tr>\n<\/table>\n","protected":false},"excerpt":{"rendered":"<p>Soporte de monitor independiente: soporte de pist\u00f3n de gas para el ajuste de la altura, para mejorar la ergonom\u00eda en tu escritorio. El soporte de escritorio para un solo monitor con pist\u00f3n de gas para ajuste de altura de manhattan mejora la organizaci\u00f3n de su escritorio, facilitando el trabajo. Construido con acero resistente, este soporte para monitor vesa cuenta con una base resistente que puedes colocar en tu escritorio sin instalaci\u00f3n de abrazaderas ni ojales. Admite una pantalla de 15 a 32 pulgadas con una capacidad de peso de hasta 8 kg, incluido apple\u00ae imac o studio display. Un atractivo acabado negro semibrillante complementa su espacio de trabajo. Ajuste de altura mediante un bot\u00f3n. Un cilindro de pist\u00f3n de gas facilita subir o bajar la pantalla entre 274 y 419 mm para que pueda colocarse en el mejor lugar para tu l\u00ednea de visi\u00f3n. Puedes ajustar la altura simplemente presionando el bot\u00f3n, localizado en la parte superior, para extender la columna o empujarla hacia adentro. Optimizaci\u00f3n de vista vers\u00e1til. Las configuraciones ajustables de inclinaci\u00f3n, giro y altura de este soporte crean la posici\u00f3n perfecta para aumentar c\u00f3modamente la productividad. Tales capacidades de ajuste pueden incluso ayudar a reducir la fatiga ocular, as\u00ed como la tensi\u00f3n en el cuello y la espalda. Tambi\u00e9n puedse rotar tu monitor de orientaci\u00f3n horizontal a vertical para ver fotos en modo vertical o ver p\u00e1ginas m\u00e1s largas y bloques de c\u00f3digo sin tener que desplazarte hacia abajo. Gesti\u00f3n de cables limpia. El clip incluido, acoplable a la parte posterior de la columna, mantiene los cables de tu escritorio ordenados y organizados. Elevador independiente para un monitor de 15 a 32 de hasta 8 kg. Vistas optimizadas con inclinaci\u00f3n de +\/-20\u00b0, giro de +\/-45\u00b0 y ajuste de altura de 274 a 429 mm. Ajuste de altura asistido por pist\u00f3n de gas con un conveniente bot\u00f3n montado en la parte superior. Permite rotaci\u00f3n de 360\u00b0 para poder orientar la pantalla de forma horizontal o vertical. Posiciona el monitor de forma ergon\u00f3mica sobre el escritorio para aumentar el espacio de trabajo, reducir la fatiga visual y mejorar la postura. Administraci\u00f3n de cables por medio de un clip adherible en la columna para minimizar el desorden; tambi\u00e9n almacena llaves hexagonales. Dise\u00f1o de placa vesa de liberaci\u00f3n r\u00e1pida para enganchar y montar f\u00e1cilmente tu pantalla. \u00e1rea de base con 310 mm de ancho y 200 mm de profundidad para una estabilidad perfecta, excelente para colocar accesorios. Construcci\u00f3n robusta de acero con recubrimiento de polvo antiest\u00e1tico. Patas de goma para evitar resbalones y proteger la superficie contra rasgu\u00f1os. Acabado negro semibrillante para un aspecto profesional y moderno. Ideal para aplicaciones de trabajo en casa, de oficina, estudio, redes de ti y seguridad. Instalaci\u00f3n f\u00e1cil y r\u00e1pida, toda la torniller\u00eda incluida. Cumple con los est\u00e1ndares vesa: 75&#215;75, 100&#215;100<\/p>\n","protected":false},"featured_media":210896,"comment_status":"open","ping_status":"open","template":"","meta":[],"product_cat":[2268,2265],"product_tag":[1487],"acf":[],"yoast_head":"<!-- This site is optimized with the Yoast SEO plugin v21.7 - https:\/\/yoast.com\/wordpress\/plugins\/seo\/ -->\n<title>[ Manhattan ] &#129351; 461894 Soporte Monitor \/ \/ \/p\/1 Monitor 15 A 32 Sobre Escritorio, Ajuste Altura Con Gas<\/title>\n<meta name=\"description\" content=\"Compra 461894 Soporte Monitor \/ \/ \/p\/1 Monitor 15 A 32 Sobre Escritorio, Ajuste Altura Con Gas + Env\u00edo a domicilio + Pago seguro + Garant\u00eda\" \/>\n<meta name=\"robots\" content=\"index, follow, max-snippet:-1, max-image-preview:large, max-video-preview:-1\" \/>\n<link rel=\"canonical\" href=\"https:\/\/compuviper.mx\/tienda\/producto\/manhattan-461894-soporte-monitor-p-1-monitor-15-a-32-sobre-escritorio-ajuste-altura-con-gas\/\" \/>\n<meta property=\"og:locale\" content=\"es_MX\" \/>\n<meta property=\"og:type\" content=\"article\" \/>\n<meta property=\"og:title\" content=\"[ Manhattan ] &#129351; 461894 Soporte Monitor \/ \/ \/p\/1 Monitor 15 A 32 Sobre Escritorio, Ajuste Altura Con Gas\" \/>\n<meta property=\"og:description\" content=\"Compra 461894 Soporte Monitor \/ \/ \/p\/1 Monitor 15 A 32 Sobre Escritorio, Ajuste Altura Con Gas + Env\u00edo a domicilio + Pago seguro + Garant\u00eda\" \/>\n<meta property=\"og:url\" content=\"https:\/\/compuviper.mx\/tienda\/producto\/manhattan-461894-soporte-monitor-p-1-monitor-15-a-32-sobre-escritorio-ajuste-altura-con-gas\/\" \/>\n<meta property=\"og:site_name\" content=\"Compuviper\" \/>\n<meta property=\"article:publisher\" content=\"https:\/\/www.facebook.com\/compuviper\" \/>\n<meta property=\"og:image\" content=\"https:\/\/compuviper.mx\/tienda\/wp-content\/uploads\/2023\/12\/Soporte-monitor-manhattan-461894-p1-monitor-15-a-32-sobre-escritorio-ajuste-altura-con-gas.jpg\" \/>\n\t<meta property=\"og:image:width\" content=\"200\" \/>\n\t<meta property=\"og:image:height\" content=\"200\" \/>\n\t<meta property=\"og:image:type\" content=\"image\/jpeg\" \/>\n<meta name=\"twitter:card\" content=\"summary_large_image\" \/>\n<meta name=\"twitter:label1\" content=\"Precio\" \/>\n\t<meta name=\"twitter:data1\" content=\"&#36;999 con IVA\" \/>\n\t<meta name=\"twitter:label2\" content=\"Availability\" \/>\n\t<meta name=\"twitter:data2\" content=\"In stock\" \/>\n<script type=\"application\/ld+json\" class=\"yoast-schema-graph\">{\"@context\":\"https:\/\/schema.org\",\"@graph\":[{\"@type\":\"WebPage\",\"@id\":\"https:\/\/compuviper.mx\/tienda\/producto\/manhattan-461894-soporte-monitor-p-1-monitor-15-a-32-sobre-escritorio-ajuste-altura-con-gas\/\",\"url\":\"https:\/\/compuviper.mx\/tienda\/producto\/manhattan-461894-soporte-monitor-p-1-monitor-15-a-32-sobre-escritorio-ajuste-altura-con-gas\/\",\"name\":\"[ Manhattan ] &#129351; 461894 Soporte Monitor \/ \/ \/p\/1 Monitor 15 A 32 Sobre Escritorio, Ajuste Altura Con Gas\",\"isPartOf\":{\"@id\":\"https:\/\/compuviper.mx\/tienda\/#website\"},\"datePublished\":\"2026-04-02T05:10:46+00:00\",\"dateModified\":\"2026-04-02T05:10:46+00:00\",\"description\":\"Compra 461894 Soporte Monitor \/ \/ \/p\/1 Monitor 15 A 32 Sobre Escritorio, Ajuste Altura Con Gas + Env\u00edo a domicilio + Pago seguro + Garant\u00eda\",\"breadcrumb\":{\"@id\":\"https:\/\/compuviper.mx\/tienda\/producto\/manhattan-461894-soporte-monitor-p-1-monitor-15-a-32-sobre-escritorio-ajuste-altura-con-gas\/#breadcrumb\"},\"inLanguage\":\"es-MX\",\"potentialAction\":[{\"@type\":\"ReadAction\",\"target\":[\"https:\/\/compuviper.mx\/tienda\/producto\/manhattan-461894-soporte-monitor-p-1-monitor-15-a-32-sobre-escritorio-ajuste-altura-con-gas\/\"]}]},{\"@type\":\"BreadcrumbList\",\"@id\":\"https:\/\/compuviper.mx\/tienda\/producto\/manhattan-461894-soporte-monitor-p-1-monitor-15-a-32-sobre-escritorio-ajuste-altura-con-gas\/#breadcrumb\",\"itemListElement\":[{\"@type\":\"ListItem\",\"position\":1,\"name\":\"Inicio\",\"item\":\"https:\/\/compuviper.mx\/tienda\/\"},{\"@type\":\"ListItem\",\"position\":2,\"name\":\"Productos\",\"item\":\"https:\/\/compuviper.mx\/tienda\/productos\/\"},{\"@type\":\"ListItem\",\"position\":3,\"name\":\"Soportes Y Bases P\/tv\/ Proyectores\/dvd\/consolas\/bocinas\/pantallas\/monotores\",\"item\":\"https:\/\/compuviper.mx\/tienda\/categoria-producto\/soportes-y-bases-p-tv-proyectores-dvd-consolas-bocinas-pantallas-monotores\/\"},{\"@type\":\"ListItem\",\"position\":4,\"name\":\"Soporte Y Base Para Redes\",\"item\":\"https:\/\/compuviper.mx\/tienda\/categoria-producto\/soportes-y-bases-p-tv-proyectores-dvd-consolas-bocinas-pantallas-monotores\/soporte-y-base-para-redes-soportes-y-bases-p-tv-proyectores-dvd-consolas-bocinas-pantallas-monotores\/\"},{\"@type\":\"ListItem\",\"position\":5,\"name\":\"Manhattan 461894 Soporte Monitor \/ \/ \/p\/1 Monitor 15 A 32 Sobre Escritorio, Ajuste Altura Con Gas\"}]},{\"@type\":\"WebSite\",\"@id\":\"https:\/\/compuviper.mx\/tienda\/#website\",\"url\":\"https:\/\/compuviper.mx\/tienda\/\",\"name\":\"Compuviper\",\"description\":\"Proveedor de Computadoras, Laptops, Servidores, Monitores, Puntos de Venta, Teclados,   Impresoras, T\u00f3ner, C\u00e1maras de Seguridad y m\u00e1s en tu tienda en l\u00ednea\",\"publisher\":{\"@id\":\"https:\/\/compuviper.mx\/tienda\/#organization\"},\"potentialAction\":[{\"@type\":\"SearchAction\",\"target\":{\"@type\":\"EntryPoint\",\"urlTemplate\":\"https:\/\/compuviper.mx\/tienda\/?s={search_term_string}\"},\"query-input\":\"required name=search_term_string\"}],\"inLanguage\":\"es-MX\"},{\"@type\":\"Organization\",\"@id\":\"https:\/\/compuviper.mx\/tienda\/#organization\",\"name\":\"Compuviper\",\"url\":\"https:\/\/compuviper.mx\/tienda\/\",\"logo\":{\"@type\":\"ImageObject\",\"inLanguage\":\"es-MX\",\"@id\":\"https:\/\/compuviper.mx\/tienda\/#\/schema\/logo\/image\/\",\"url\":\"https:\/\/compuviper.mx\/tienda\/wp-content\/uploads\/2021\/08\/Logo-Compuviper-10.png\",\"contentUrl\":\"https:\/\/compuviper.mx\/tienda\/wp-content\/uploads\/2021\/08\/Logo-Compuviper-10.png\",\"width\":1000,\"height\":500,\"caption\":\"Compuviper\"},\"image\":{\"@id\":\"https:\/\/compuviper.mx\/tienda\/#\/schema\/logo\/image\/\"},\"sameAs\":[\"https:\/\/www.facebook.com\/compuviper\",\"https:\/\/www.youtube.com\/channel\/UCf73dERp9Y3cfOq7q8BhLjA?view_as=subscriber\"]}]}<\/script>\n<meta property=\"product:brand\" content=\"MANHATTAN\" \/>\n<meta property=\"product:price:amount\" content=\"999\" \/>\n<meta property=\"product:price:currency\" content=\"MXN\" \/>\n<meta property=\"og:availability\" content=\"instock\" \/>\n<meta property=\"product:availability\" content=\"instock\" \/>\n<meta property=\"product:retailer_item_id\" content=\"461894\" \/>\n<meta property=\"product:condition\" content=\"new\" \/>\n<!-- \/ Yoast SEO plugin. -->","yoast_head_json":{"title":"[ Manhattan ] &#129351; 461894 Soporte Monitor \/ \/ \/p\/1 Monitor 15 A 32 Sobre Escritorio, Ajuste Altura Con Gas","description":"Compra 461894 Soporte Monitor \/ \/ \/p\/1 Monitor 15 A 32 Sobre Escritorio, Ajuste Altura Con Gas + Env\u00edo a domicilio + Pago seguro + Garant\u00eda","robots":{"index":"index","follow":"follow","max-snippet":"max-snippet:-1","max-image-preview":"max-image-preview:large","max-video-preview":"max-video-preview:-1"},"canonical":"https:\/\/compuviper.mx\/tienda\/producto\/manhattan-461894-soporte-monitor-p-1-monitor-15-a-32-sobre-escritorio-ajuste-altura-con-gas\/","og_locale":"es_MX","og_type":"article","og_title":"[ Manhattan ] &#129351; 461894 Soporte Monitor \/ \/ \/p\/1 Monitor 15 A 32 Sobre Escritorio, Ajuste Altura Con Gas","og_description":"Compra 461894 Soporte Monitor \/ \/ \/p\/1 Monitor 15 A 32 Sobre Escritorio, Ajuste Altura Con Gas + Env\u00edo a domicilio + Pago seguro + Garant\u00eda","og_url":"https:\/\/compuviper.mx\/tienda\/producto\/manhattan-461894-soporte-monitor-p-1-monitor-15-a-32-sobre-escritorio-ajuste-altura-con-gas\/","og_site_name":"Compuviper","article_publisher":"https:\/\/www.facebook.com\/compuviper","og_image":[{"width":200,"height":200,"url":"https:\/\/compuviper.mx\/tienda\/wp-content\/uploads\/2023\/12\/Soporte-monitor-manhattan-461894-p1-monitor-15-a-32-sobre-escritorio-ajuste-altura-con-gas.jpg","type":"image\/jpeg"}],"twitter_card":"summary_large_image","twitter_misc":{"Precio":"&#36;999 con IVA","Availability":"In stock"},"schema":{"@context":"https:\/\/schema.org","@graph":[{"@type":"WebPage","@id":"https:\/\/compuviper.mx\/tienda\/producto\/manhattan-461894-soporte-monitor-p-1-monitor-15-a-32-sobre-escritorio-ajuste-altura-con-gas\/","url":"https:\/\/compuviper.mx\/tienda\/producto\/manhattan-461894-soporte-monitor-p-1-monitor-15-a-32-sobre-escritorio-ajuste-altura-con-gas\/","name":"[ Manhattan ] &#129351; 461894 Soporte Monitor \/ \/ \/p\/1 Monitor 15 A 32 Sobre Escritorio, Ajuste Altura Con Gas","isPartOf":{"@id":"https:\/\/compuviper.mx\/tienda\/#website"},"datePublished":"2026-04-02T05:10:46+00:00","dateModified":"2026-04-02T05:10:46+00:00","description":"Compra 461894 Soporte Monitor \/ \/ \/p\/1 Monitor 15 A 32 Sobre Escritorio, Ajuste Altura Con Gas + Env\u00edo a domicilio + Pago seguro + Garant\u00eda","breadcrumb":{"@id":"https:\/\/compuviper.mx\/tienda\/producto\/manhattan-461894-soporte-monitor-p-1-monitor-15-a-32-sobre-escritorio-ajuste-altura-con-gas\/#breadcrumb"},"inLanguage":"es-MX","potentialAction":[{"@type":"ReadAction","target":["https:\/\/compuviper.mx\/tienda\/producto\/manhattan-461894-soporte-monitor-p-1-monitor-15-a-32-sobre-escritorio-ajuste-altura-con-gas\/"]}]},{"@type":"BreadcrumbList","@id":"https:\/\/compuviper.mx\/tienda\/producto\/manhattan-461894-soporte-monitor-p-1-monitor-15-a-32-sobre-escritorio-ajuste-altura-con-gas\/#breadcrumb","itemListElement":[{"@type":"ListItem","position":1,"name":"Inicio","item":"https:\/\/compuviper.mx\/tienda\/"},{"@type":"ListItem","position":2,"name":"Productos","item":"https:\/\/compuviper.mx\/tienda\/productos\/"},{"@type":"ListItem","position":3,"name":"Soportes Y Bases P\/tv\/ Proyectores\/dvd\/consolas\/bocinas\/pantallas\/monotores","item":"https:\/\/compuviper.mx\/tienda\/categoria-producto\/soportes-y-bases-p-tv-proyectores-dvd-consolas-bocinas-pantallas-monotores\/"},{"@type":"ListItem","position":4,"name":"Soporte Y Base Para Redes","item":"https:\/\/compuviper.mx\/tienda\/categoria-producto\/soportes-y-bases-p-tv-proyectores-dvd-consolas-bocinas-pantallas-monotores\/soporte-y-base-para-redes-soportes-y-bases-p-tv-proyectores-dvd-consolas-bocinas-pantallas-monotores\/"},{"@type":"ListItem","position":5,"name":"Manhattan 461894 Soporte Monitor \/ \/ \/p\/1 Monitor 15 A 32 Sobre Escritorio, Ajuste Altura Con Gas"}]},{"@type":"WebSite","@id":"https:\/\/compuviper.mx\/tienda\/#website","url":"https:\/\/compuviper.mx\/tienda\/","name":"Compuviper","description":"Proveedor de Computadoras, Laptops, Servidores, Monitores, Puntos de Venta, Teclados,   Impresoras, T\u00f3ner, C\u00e1maras de Seguridad y m\u00e1s en tu tienda en l\u00ednea","publisher":{"@id":"https:\/\/compuviper.mx\/tienda\/#organization"},"potentialAction":[{"@type":"SearchAction","target":{"@type":"EntryPoint","urlTemplate":"https:\/\/compuviper.mx\/tienda\/?s={search_term_string}"},"query-input":"required name=search_term_string"}],"inLanguage":"es-MX"},{"@type":"Organization","@id":"https:\/\/compuviper.mx\/tienda\/#organization","name":"Compuviper","url":"https:\/\/compuviper.mx\/tienda\/","logo":{"@type":"ImageObject","inLanguage":"es-MX","@id":"https:\/\/compuviper.mx\/tienda\/#\/schema\/logo\/image\/","url":"https:\/\/compuviper.mx\/tienda\/wp-content\/uploads\/2021\/08\/Logo-Compuviper-10.png","contentUrl":"https:\/\/compuviper.mx\/tienda\/wp-content\/uploads\/2021\/08\/Logo-Compuviper-10.png","width":1000,"height":500,"caption":"Compuviper"},"image":{"@id":"https:\/\/compuviper.mx\/tienda\/#\/schema\/logo\/image\/"},"sameAs":["https:\/\/www.facebook.com\/compuviper","https:\/\/www.youtube.com\/channel\/UCf73dERp9Y3cfOq7q8BhLjA?view_as=subscriber"]}]},"product_brand":"MANHATTAN","product_price_amount":"999","product_price_currency":"MXN","og_availability":"instock","product_availability":"instock","product_retailer_item_id":"461894","product_condition":"new"},"_links":{"self":[{"href":"https:\/\/compuviper.mx\/tienda\/wp-json\/wp\/v2\/product\/210895"}],"collection":[{"href":"https:\/\/compuviper.mx\/tienda\/wp-json\/wp\/v2\/product"}],"about":[{"href":"https:\/\/compuviper.mx\/tienda\/wp-json\/wp\/v2\/types\/product"}],"replies":[{"embeddable":true,"href":"https:\/\/compuviper.mx\/tienda\/wp-json\/wp\/v2\/comments?post=210895"}],"wp:featuredmedia":[{"embeddable":true,"href":"https:\/\/compuviper.mx\/tienda\/wp-json\/wp\/v2\/media\/210896"}],"wp:attachment":[{"href":"https:\/\/compuviper.mx\/tienda\/wp-json\/wp\/v2\/media?parent=210895"}],"wp:term":[{"taxonomy":"product_cat","embeddable":true,"href":"https:\/\/compuviper.mx\/tienda\/wp-json\/wp\/v2\/product_cat?post=210895"},{"taxonomy":"product_tag","embeddable":true,"href":"https:\/\/compuviper.mx\/tienda\/wp-json\/wp\/v2\/product_tag?post=210895"}],"curies":[{"name":"wp","href":"https:\/\/api.w.org\/{rel}","templated":true}]}}