{"id":210885,"date":"2026-04-17T23:10:12","date_gmt":"2026-04-18T05:10:12","guid":{"rendered":"https:\/\/compuviper.mx\/tienda\/producto\/manhattan-406352-soporte-tableta-de-escritorio-7-9-a-11-antirrobo-blanco\/"},"modified":"2026-04-17T23:10:12","modified_gmt":"2026-04-18T05:10:12","slug":"manhattan-406352-soporte-tableta-de-escritorio-7-9-a-11-antirrobo-blanco","status":"publish","type":"product","link":"https:\/\/compuviper.mx\/tienda\/producto\/manhattan-406352-soporte-tableta-de-escritorio-7-9-a-11-antirrobo-blanco\/","title":{"rendered":"Manhattan 406352 Soporte Tableta De Escritorio\/ \/ \/ 7.9 A 11, Antirrobo, Blanco"},"content":{"rendered":"<table class=\"descripcion\">\n<tr>\n<td>General<\/td>\n<\/tr>\n<tr>\n<td>&#8211; certificaciones: rohs<\/td>\n<\/tr>\n<tr>\n<td>&#8211; rotaci\u00f3n: 360\u00b0<\/td>\n<\/tr>\n<tr>\n<td>&#8211; inclinaci\u00f3n de +20\u00b0 a -110<\/td>\n<\/tr>\n<tr>\n<td>&#8211; abrazaderas extensibles:<\/td>\n<\/tr>\n<tr>\n<td>&#8211; altura regulable: de 200 a 246 mm<\/td>\n<\/tr>\n<tr>\n<td>&#8211; ajustable en anchura: 129 a 181 mm (5,08 a 7,13 pulg.)<\/td>\n<\/tr>\n<tr>\n<td>&#8211; dimensiones del m\u00e1stil (l x a x a): 32 x 32 x 285 mm (1,26 x 1,26 x 11,22 pulg.)<\/td>\n<\/tr>\n<tr>\n<td>&#8211; dimensiones de la base (l x a x a): 230 x 160 x 5 mm (9,06 x 6,3 x 0,2 pulg.)<\/td>\n<\/tr>\n<tr>\n<td>&#8211; capacidad de carga: 1 kg (2,2 lbs.)<\/td>\n<\/tr>\n<tr>\n<td>&#8211; peso neto: 2,4 kg (2,2 lbs.)<\/td>\n<\/tr>\n<tr>\n<td>&#8211; peso bruto: 2,7 kg (2,71 lbs.)<\/td>\n<\/tr>\n<tr>\n<td>&#8211; materiales: acero y pl\u00e1stico<\/td>\n<\/tr>\n<tr>\n<td>Contenido del paquete<\/td>\n<\/tr>\n<tr>\n<td>&#8211; soporte de quiosco de sobremesa antirrobo para tablet y ipad<\/td>\n<\/tr>\n<tr>\n<td>&#8211; material de instalaci\u00f3n con instrucciones<\/td>\n<\/tr>\n<tr>\n<td>&#8211; llave inglesa para el cierre de la abrazadera<\/td>\n<\/tr>\n<tr>\n<td>Nota: cuando uses un ipad pro de 11 con este producto, parte de la c\u00e1mara frontal est\u00e1 cubierta y, por lo tanto, no se puede usar por completo.<\/td>\n<\/tr>\n<tr>\n<td>Este producto forma parte de un grupo; la lista completa de variaciones es la siguiente:<\/td>\n<\/tr>\n<tr>\n<td>&#8211; #406345 &#8211; soporte de suelo para quiosco antirrobo para tablet y ipad<\/td>\n<\/tr>\n<tr>\n<td>&#8211; #406352 &#8211; soporte de quiosco de sobremesa antirrobo para tablet y ipad<\/td>\n<\/tr>\n<\/table>\n","protected":false},"excerpt":{"rendered":"<p>Soporte universal y seguro para tabletas en mostradores de comercios y empresas. Este soporte universal para tabletas de mostrador de manhattan est\u00e1 dise\u00f1ado para facilitar la interacci\u00f3n en zonas p\u00fablicas. Col\u00f3quelo sobre una mesa con la opci\u00f3n adicional de atornillarlo all\u00ed para un soporte a prueba de manipulaciones. Como soporte para tableta antirrobo inspirado en el comercio minorista, puede utilizarlo como terminal de punto de venta, para el registro de invitados en un mostrador, para mostrar se\u00f1alizaci\u00f3n digital, en stands de ferias comerciales y en todas las zonas de mucho tr\u00e1nsito. O tambi\u00e9n puede utilizarlo simplemente como una segunda pantalla en su escritorio. Es compatible con tabletas ipad\u00ae, samsung\u00ae y microsoft\u00ae y muchas m\u00e1s. Totalmente ajustable. La rotaci\u00f3n completa de 360\u00b0 le permite colocar su tableta en orientaci\u00f3n horizontal o vertical y en cualquier posici\u00f3n intermedia. Optimice su visi\u00f3n y reduzca el deslumbramiento con una inclinaci\u00f3n de +20\u00b0 a -110\u00b0. Compatible con todo el mundo. Las abrazaderas ajustables del soporte se adaptan a las tabletas de 7,9 a 11 de todas las marcas, dejando los puertos, botones y c\u00e1maras delantera y trasera totalmente accesibles. Su parte trasera suave y las almohadillas de espuma incluidas evitan ara\u00f1azos en tu dispositivo. La seguridad, ante todo. Proteja su costosa tableta de robos y manipulaciones, especialmente en los casos en que tenga que dejarla desatendida. Atornille el soporte a su escritorio: el embalaje incluye todas las fijaciones que necesita. Tambi\u00e9n se incluye una llave inglesa que bloquea las abrazaderas y protege la tableta contra robos. Gesti\u00f3n de cables limpia y ordenada. La gesti\u00f3n de cables dentro del poste mantiene los cables ocultos y organizados para dar un aspecto profesional a la instalaci\u00f3n. Soporte de kiosco seguro y protecci\u00f3n antirrobo que se ajusta para adaptarse a todas las marcas y tama\u00f1os de tabletas de 7,9 a 11 y hasta 1 kg (2,2 lbs.. Base independiente que puede atornillarse a un escritorio con los herrajes incluidos. Rotaci\u00f3n completa de 360\u00b0 para orientaci\u00f3n horizontal o vertical de la pantalla. Vistas optimizadas con inclinaci\u00f3n de +20\u00b0 a -110. Abrazaderas bloqueables mediante llave incluida para fijar el dispositivo al soporte. Gesti\u00f3n de cables interna para mantener los cables ocultos dentro del poste. Elegante y limpio acabado blanco que complementa los dispositivos y la decoraci\u00f3n. Construcci\u00f3n robusta de acero con recubrimiento de polvo antiest\u00e1tico. Dise\u00f1o abierto para acceso completo a todos los puertos, botones, c\u00e1mara frontal y trasera. Parte posterior suave y almohadillas de espuma en las abrazaderas del soporte para evitar ara\u00f1azos en el dispositivo. Carril deslizante en la parte posterior del soporte para ajustar el dispositivo a la posici\u00f3n ideal. Compatible con la mayor\u00eda de tabletas de 7,9 a 11, como ipad\u00ae, ipad air\u00ae, ipad mini\u00ae, samsung\u00ae galaxy tab, microsoft\u00ae surface\u00ae pro y surface go. Ideal para utilizar una tableta como una segunda pantalla montada en su escritorio, un terminal de punto de venta en el comercio minorista, para el registro de hu\u00e9spedes de un hotel en un mostrador, para sostener la se\u00f1alizaci\u00f3n digital en stands de ferias comerciales y mucho m\u00e1s.<\/p>\n","protected":false},"featured_media":210886,"comment_status":"open","ping_status":"open","template":"","meta":[],"product_cat":[2268,2265],"product_tag":[1487],"acf":[],"yoast_head":"<!-- This site is optimized with the Yoast SEO plugin v21.7 - https:\/\/yoast.com\/wordpress\/plugins\/seo\/ -->\n<title>[ Manhattan ] &#129351; 406352 Soporte Tableta De Escritorio\/ \/ \/ 7.9 A 11, Antirrobo, Blanco<\/title>\n<meta name=\"description\" content=\"Compra 406352 Soporte Tableta De Escritorio\/ \/ \/ 7.9 A 11, Antirrobo, Blanco + Env\u00edo a domicilio + Pago seguro + Garant\u00eda\" \/>\n<meta name=\"robots\" content=\"index, follow, max-snippet:-1, max-image-preview:large, max-video-preview:-1\" \/>\n<link rel=\"canonical\" href=\"https:\/\/compuviper.mx\/tienda\/producto\/manhattan-406352-soporte-tableta-de-escritorio-7-9-a-11-antirrobo-blanco\/\" \/>\n<meta property=\"og:locale\" content=\"es_MX\" \/>\n<meta property=\"og:type\" content=\"article\" \/>\n<meta property=\"og:title\" content=\"[ Manhattan ] &#129351; 406352 Soporte Tableta De Escritorio\/ \/ \/ 7.9 A 11, Antirrobo, Blanco\" \/>\n<meta property=\"og:description\" content=\"Compra 406352 Soporte Tableta De Escritorio\/ \/ \/ 7.9 A 11, Antirrobo, Blanco + Env\u00edo a domicilio + Pago seguro + Garant\u00eda\" \/>\n<meta property=\"og:url\" content=\"https:\/\/compuviper.mx\/tienda\/producto\/manhattan-406352-soporte-tableta-de-escritorio-7-9-a-11-antirrobo-blanco\/\" \/>\n<meta property=\"og:site_name\" content=\"Compuviper\" \/>\n<meta property=\"article:publisher\" content=\"https:\/\/www.facebook.com\/compuviper\" \/>\n<meta property=\"og:image\" content=\"https:\/\/compuviper.mx\/tienda\/wp-content\/uploads\/2023\/12\/Soporte-tableta-de-escritorio-manhattan-406352-7.9-a-11-antirrobo-blanco.jpg\" \/>\n\t<meta property=\"og:image:width\" content=\"200\" \/>\n\t<meta property=\"og:image:height\" content=\"200\" \/>\n\t<meta property=\"og:image:type\" content=\"image\/jpeg\" \/>\n<meta name=\"twitter:card\" content=\"summary_large_image\" \/>\n<meta name=\"twitter:label1\" content=\"Precio\" \/>\n\t<meta name=\"twitter:data1\" content=\"&#36;771 con IVA\" \/>\n\t<meta name=\"twitter:label2\" content=\"Availability\" \/>\n\t<meta name=\"twitter:data2\" content=\"In stock\" \/>\n<script type=\"application\/ld+json\" class=\"yoast-schema-graph\">{\"@context\":\"https:\/\/schema.org\",\"@graph\":[{\"@type\":\"WebPage\",\"@id\":\"https:\/\/compuviper.mx\/tienda\/producto\/manhattan-406352-soporte-tableta-de-escritorio-7-9-a-11-antirrobo-blanco\/\",\"url\":\"https:\/\/compuviper.mx\/tienda\/producto\/manhattan-406352-soporte-tableta-de-escritorio-7-9-a-11-antirrobo-blanco\/\",\"name\":\"[ Manhattan ] &#129351; 406352 Soporte Tableta De Escritorio\/ \/ \/ 7.9 A 11, Antirrobo, Blanco\",\"isPartOf\":{\"@id\":\"https:\/\/compuviper.mx\/tienda\/#website\"},\"datePublished\":\"2026-04-18T05:10:12+00:00\",\"dateModified\":\"2026-04-18T05:10:12+00:00\",\"description\":\"Compra 406352 Soporte Tableta De Escritorio\/ \/ \/ 7.9 A 11, Antirrobo, Blanco + Env\u00edo a domicilio + Pago seguro + Garant\u00eda\",\"breadcrumb\":{\"@id\":\"https:\/\/compuviper.mx\/tienda\/producto\/manhattan-406352-soporte-tableta-de-escritorio-7-9-a-11-antirrobo-blanco\/#breadcrumb\"},\"inLanguage\":\"es-MX\",\"potentialAction\":[{\"@type\":\"ReadAction\",\"target\":[\"https:\/\/compuviper.mx\/tienda\/producto\/manhattan-406352-soporte-tableta-de-escritorio-7-9-a-11-antirrobo-blanco\/\"]}]},{\"@type\":\"BreadcrumbList\",\"@id\":\"https:\/\/compuviper.mx\/tienda\/producto\/manhattan-406352-soporte-tableta-de-escritorio-7-9-a-11-antirrobo-blanco\/#breadcrumb\",\"itemListElement\":[{\"@type\":\"ListItem\",\"position\":1,\"name\":\"Inicio\",\"item\":\"https:\/\/compuviper.mx\/tienda\/\"},{\"@type\":\"ListItem\",\"position\":2,\"name\":\"Productos\",\"item\":\"https:\/\/compuviper.mx\/tienda\/productos\/\"},{\"@type\":\"ListItem\",\"position\":3,\"name\":\"Soportes Y Bases P\/tv\/ Proyectores\/dvd\/consolas\/bocinas\/pantallas\/monotores\",\"item\":\"https:\/\/compuviper.mx\/tienda\/categoria-producto\/soportes-y-bases-p-tv-proyectores-dvd-consolas-bocinas-pantallas-monotores\/\"},{\"@type\":\"ListItem\",\"position\":4,\"name\":\"Soporte Y Base Para Redes\",\"item\":\"https:\/\/compuviper.mx\/tienda\/categoria-producto\/soportes-y-bases-p-tv-proyectores-dvd-consolas-bocinas-pantallas-monotores\/soporte-y-base-para-redes-soportes-y-bases-p-tv-proyectores-dvd-consolas-bocinas-pantallas-monotores\/\"},{\"@type\":\"ListItem\",\"position\":5,\"name\":\"Manhattan 406352 Soporte Tableta De Escritorio\/ \/ \/ 7.9 A 11, Antirrobo, Blanco\"}]},{\"@type\":\"WebSite\",\"@id\":\"https:\/\/compuviper.mx\/tienda\/#website\",\"url\":\"https:\/\/compuviper.mx\/tienda\/\",\"name\":\"Compuviper\",\"description\":\"Proveedor de Computadoras, Laptops, Servidores, Monitores, Puntos de Venta, Teclados,   Impresoras, T\u00f3ner, C\u00e1maras de Seguridad y m\u00e1s en tu tienda en l\u00ednea\",\"publisher\":{\"@id\":\"https:\/\/compuviper.mx\/tienda\/#organization\"},\"potentialAction\":[{\"@type\":\"SearchAction\",\"target\":{\"@type\":\"EntryPoint\",\"urlTemplate\":\"https:\/\/compuviper.mx\/tienda\/?s={search_term_string}\"},\"query-input\":\"required name=search_term_string\"}],\"inLanguage\":\"es-MX\"},{\"@type\":\"Organization\",\"@id\":\"https:\/\/compuviper.mx\/tienda\/#organization\",\"name\":\"Compuviper\",\"url\":\"https:\/\/compuviper.mx\/tienda\/\",\"logo\":{\"@type\":\"ImageObject\",\"inLanguage\":\"es-MX\",\"@id\":\"https:\/\/compuviper.mx\/tienda\/#\/schema\/logo\/image\/\",\"url\":\"https:\/\/compuviper.mx\/tienda\/wp-content\/uploads\/2021\/08\/Logo-Compuviper-10.png\",\"contentUrl\":\"https:\/\/compuviper.mx\/tienda\/wp-content\/uploads\/2021\/08\/Logo-Compuviper-10.png\",\"width\":1000,\"height\":500,\"caption\":\"Compuviper\"},\"image\":{\"@id\":\"https:\/\/compuviper.mx\/tienda\/#\/schema\/logo\/image\/\"},\"sameAs\":[\"https:\/\/www.facebook.com\/compuviper\",\"https:\/\/www.youtube.com\/channel\/UCf73dERp9Y3cfOq7q8BhLjA?view_as=subscriber\"]}]}<\/script>\n<meta property=\"product:brand\" content=\"MANHATTAN\" \/>\n<meta property=\"product:price:amount\" content=\"771\" \/>\n<meta property=\"product:price:currency\" content=\"MXN\" \/>\n<meta property=\"og:availability\" content=\"instock\" \/>\n<meta property=\"product:availability\" content=\"instock\" \/>\n<meta property=\"product:retailer_item_id\" content=\"406352\" \/>\n<meta property=\"product:condition\" content=\"new\" \/>\n<!-- \/ Yoast SEO plugin. -->","yoast_head_json":{"title":"[ Manhattan ] &#129351; 406352 Soporte Tableta De Escritorio\/ \/ \/ 7.9 A 11, Antirrobo, Blanco","description":"Compra 406352 Soporte Tableta De Escritorio\/ \/ \/ 7.9 A 11, Antirrobo, Blanco + Env\u00edo a domicilio + Pago seguro + Garant\u00eda","robots":{"index":"index","follow":"follow","max-snippet":"max-snippet:-1","max-image-preview":"max-image-preview:large","max-video-preview":"max-video-preview:-1"},"canonical":"https:\/\/compuviper.mx\/tienda\/producto\/manhattan-406352-soporte-tableta-de-escritorio-7-9-a-11-antirrobo-blanco\/","og_locale":"es_MX","og_type":"article","og_title":"[ Manhattan ] &#129351; 406352 Soporte Tableta De Escritorio\/ \/ \/ 7.9 A 11, Antirrobo, Blanco","og_description":"Compra 406352 Soporte Tableta De Escritorio\/ \/ \/ 7.9 A 11, Antirrobo, Blanco + Env\u00edo a domicilio + Pago seguro + Garant\u00eda","og_url":"https:\/\/compuviper.mx\/tienda\/producto\/manhattan-406352-soporte-tableta-de-escritorio-7-9-a-11-antirrobo-blanco\/","og_site_name":"Compuviper","article_publisher":"https:\/\/www.facebook.com\/compuviper","og_image":[{"width":200,"height":200,"url":"https:\/\/compuviper.mx\/tienda\/wp-content\/uploads\/2023\/12\/Soporte-tableta-de-escritorio-manhattan-406352-7.9-a-11-antirrobo-blanco.jpg","type":"image\/jpeg"}],"twitter_card":"summary_large_image","twitter_misc":{"Precio":"&#36;771 con IVA","Availability":"In stock"},"schema":{"@context":"https:\/\/schema.org","@graph":[{"@type":"WebPage","@id":"https:\/\/compuviper.mx\/tienda\/producto\/manhattan-406352-soporte-tableta-de-escritorio-7-9-a-11-antirrobo-blanco\/","url":"https:\/\/compuviper.mx\/tienda\/producto\/manhattan-406352-soporte-tableta-de-escritorio-7-9-a-11-antirrobo-blanco\/","name":"[ Manhattan ] &#129351; 406352 Soporte Tableta De Escritorio\/ \/ \/ 7.9 A 11, Antirrobo, Blanco","isPartOf":{"@id":"https:\/\/compuviper.mx\/tienda\/#website"},"datePublished":"2026-04-18T05:10:12+00:00","dateModified":"2026-04-18T05:10:12+00:00","description":"Compra 406352 Soporte Tableta De Escritorio\/ \/ \/ 7.9 A 11, Antirrobo, Blanco + Env\u00edo a domicilio + Pago seguro + Garant\u00eda","breadcrumb":{"@id":"https:\/\/compuviper.mx\/tienda\/producto\/manhattan-406352-soporte-tableta-de-escritorio-7-9-a-11-antirrobo-blanco\/#breadcrumb"},"inLanguage":"es-MX","potentialAction":[{"@type":"ReadAction","target":["https:\/\/compuviper.mx\/tienda\/producto\/manhattan-406352-soporte-tableta-de-escritorio-7-9-a-11-antirrobo-blanco\/"]}]},{"@type":"BreadcrumbList","@id":"https:\/\/compuviper.mx\/tienda\/producto\/manhattan-406352-soporte-tableta-de-escritorio-7-9-a-11-antirrobo-blanco\/#breadcrumb","itemListElement":[{"@type":"ListItem","position":1,"name":"Inicio","item":"https:\/\/compuviper.mx\/tienda\/"},{"@type":"ListItem","position":2,"name":"Productos","item":"https:\/\/compuviper.mx\/tienda\/productos\/"},{"@type":"ListItem","position":3,"name":"Soportes Y Bases P\/tv\/ Proyectores\/dvd\/consolas\/bocinas\/pantallas\/monotores","item":"https:\/\/compuviper.mx\/tienda\/categoria-producto\/soportes-y-bases-p-tv-proyectores-dvd-consolas-bocinas-pantallas-monotores\/"},{"@type":"ListItem","position":4,"name":"Soporte Y Base Para Redes","item":"https:\/\/compuviper.mx\/tienda\/categoria-producto\/soportes-y-bases-p-tv-proyectores-dvd-consolas-bocinas-pantallas-monotores\/soporte-y-base-para-redes-soportes-y-bases-p-tv-proyectores-dvd-consolas-bocinas-pantallas-monotores\/"},{"@type":"ListItem","position":5,"name":"Manhattan 406352 Soporte Tableta De Escritorio\/ \/ \/ 7.9 A 11, Antirrobo, Blanco"}]},{"@type":"WebSite","@id":"https:\/\/compuviper.mx\/tienda\/#website","url":"https:\/\/compuviper.mx\/tienda\/","name":"Compuviper","description":"Proveedor de Computadoras, Laptops, Servidores, Monitores, Puntos de Venta, Teclados,   Impresoras, T\u00f3ner, C\u00e1maras de Seguridad y m\u00e1s en tu tienda en l\u00ednea","publisher":{"@id":"https:\/\/compuviper.mx\/tienda\/#organization"},"potentialAction":[{"@type":"SearchAction","target":{"@type":"EntryPoint","urlTemplate":"https:\/\/compuviper.mx\/tienda\/?s={search_term_string}"},"query-input":"required name=search_term_string"}],"inLanguage":"es-MX"},{"@type":"Organization","@id":"https:\/\/compuviper.mx\/tienda\/#organization","name":"Compuviper","url":"https:\/\/compuviper.mx\/tienda\/","logo":{"@type":"ImageObject","inLanguage":"es-MX","@id":"https:\/\/compuviper.mx\/tienda\/#\/schema\/logo\/image\/","url":"https:\/\/compuviper.mx\/tienda\/wp-content\/uploads\/2021\/08\/Logo-Compuviper-10.png","contentUrl":"https:\/\/compuviper.mx\/tienda\/wp-content\/uploads\/2021\/08\/Logo-Compuviper-10.png","width":1000,"height":500,"caption":"Compuviper"},"image":{"@id":"https:\/\/compuviper.mx\/tienda\/#\/schema\/logo\/image\/"},"sameAs":["https:\/\/www.facebook.com\/compuviper","https:\/\/www.youtube.com\/channel\/UCf73dERp9Y3cfOq7q8BhLjA?view_as=subscriber"]}]},"product_brand":"MANHATTAN","product_price_amount":"771","product_price_currency":"MXN","og_availability":"instock","product_availability":"instock","product_retailer_item_id":"406352","product_condition":"new"},"_links":{"self":[{"href":"https:\/\/compuviper.mx\/tienda\/wp-json\/wp\/v2\/product\/210885"}],"collection":[{"href":"https:\/\/compuviper.mx\/tienda\/wp-json\/wp\/v2\/product"}],"about":[{"href":"https:\/\/compuviper.mx\/tienda\/wp-json\/wp\/v2\/types\/product"}],"replies":[{"embeddable":true,"href":"https:\/\/compuviper.mx\/tienda\/wp-json\/wp\/v2\/comments?post=210885"}],"wp:featuredmedia":[{"embeddable":true,"href":"https:\/\/compuviper.mx\/tienda\/wp-json\/wp\/v2\/media\/210886"}],"wp:attachment":[{"href":"https:\/\/compuviper.mx\/tienda\/wp-json\/wp\/v2\/media?parent=210885"}],"wp:term":[{"taxonomy":"product_cat","embeddable":true,"href":"https:\/\/compuviper.mx\/tienda\/wp-json\/wp\/v2\/product_cat?post=210885"},{"taxonomy":"product_tag","embeddable":true,"href":"https:\/\/compuviper.mx\/tienda\/wp-json\/wp\/v2\/product_tag?post=210885"}],"curies":[{"name":"wp","href":"https:\/\/api.w.org\/{rel}","templated":true}]}}