{"id":210863,"date":"2026-04-28T23:09:43","date_gmt":"2026-04-29T05:09:43","guid":{"rendered":"https:\/\/compuviper.mx\/tienda\/producto\/manhattan-406345-soporte-de-suelo-antirrobo-para-tablet-y-ipad\/"},"modified":"2026-04-28T23:09:43","modified_gmt":"2026-04-29T05:09:43","slug":"manhattan-406345-soporte-de-suelo-antirrobo-para-tablet-y-ipad","status":"publish","type":"product","link":"https:\/\/compuviper.mx\/tienda\/producto\/manhattan-406345-soporte-de-suelo-antirrobo-para-tablet-y-ipad\/","title":{"rendered":"Manhattan 406345 Soporte De Suelo Antirrobo, ,  ,para Tablet Y Ipad"},"content":{"rendered":"<table class=\"descripcion\">\n<tr>\n<td>General<\/td>\n<\/tr>\n<tr>\n<td>Certificaciones: rohs<\/td>\n<\/tr>\n<tr>\n<td>Rotaci\u00f3n: 360\u00b0<\/td>\n<\/tr>\n<tr>\n<td>Inclinaci\u00f3n de +20\u00b0 a -110<\/td>\n<\/tr>\n<tr>\n<td>Abrazaderas extensibles:<\/td>\n<\/tr>\n<tr>\n<td>Altura regulable: de 200 a 246 mm<\/td>\n<\/tr>\n<tr>\n<td>Ajustable en anchura: 129 a 181 mm (5,08 a 7,13 pulg.)<\/td>\n<\/tr>\n<tr>\n<td>Dimensiones del m\u00e1stil (l x a x a): 40\/32 x 40\/32 x 790 a 1190 mm (1,57\/1,26 x 1,57\/1,26 x 31,1 a 46,85 pulg.)<\/td>\n<\/tr>\n<tr>\n<td>Dimensiones de la base (l x a x a): 300 x 220 x 5 mm (11,81 x 8,66 x 0,2 pulg.)<\/td>\n<\/tr>\n<tr>\n<td>Capacidad de carga: 1 kg (2,2 lbs.)<\/td>\n<\/tr>\n<tr>\n<td>Peso neto: 4,65 kg (10,25 lbs.)<\/td>\n<\/tr>\n<tr>\n<td>Peso bruto: 5,25 kg (11,57 lbs.)<\/td>\n<\/tr>\n<tr>\n<td>Materiales: acero y pl\u00e1stico<\/td>\n<\/tr>\n<tr>\n<td>Contenido del paquete<\/td>\n<\/tr>\n<tr>\n<td>Soporte de suelo antirrobo para tablet\/ipad<\/td>\n<\/tr>\n<tr>\n<td>Material de instalaci\u00f3n con instrucciones<\/td>\n<\/tr>\n<tr>\n<td>Llave inglesa para el cierre de la abrazadera<\/td>\n<\/tr>\n<tr>\n<td>Nota: cuando uses un ipad pro de 11 con este producto, parte de la c\u00e1mara frontal est\u00e1 cubierta y, por lo tanto, no se puede usar por completo.<\/td>\n<\/tr>\n<tr>\n<td>Este producto forma parte de un grupo; la lista completa de variaciones es la siguiente:<\/td>\n<\/tr>\n<tr>\n<td>#406345 &#8211; soporte de suelo antirrobo para tablet y ipad<\/td>\n<\/tr>\n<tr>\n<td>#406352 &#8211; soporte de quiosco de sobremesa antirrobo para tablet y ipad<\/td>\n<\/tr>\n<\/table>\n","protected":false},"excerpt":{"rendered":"<p>Gesti\u00f3n de cables limpia y ordenada. La gesti\u00f3n de cables dentro del poste mantiene los cables ocultos y organizados para dar un aspecto profesional a la instalaci\u00f3n. Soporte de kiosco seguro y antirrobo que se ajusta para adaptarse a todas las marcas y tama\u00f1os de tabletas de 7,9 a 11 y hasta 1 kg (2,2 lbs.. Base independiente que puede atornillarse al suelo con los herrajes incluidos. Altura ajustable de 790 a 1190 mm (31,1 a 46,9 pulg.. Rotaci\u00f3n completa de 360\u00b0 para orientaci\u00f3n de pantalla horizontal o vertical. Vistas optimizadas con inclinaci\u00f3n de +20\u00b0 a -110. Abrazaderas bloqueables mediante llave incluida para fijar el dispositivo al soporte. Gesti\u00f3n de cables interna para mantener los cables ocultos dentro del poste. Elegante y limpio acabado blanco que complementa los dispositivos y la decoraci\u00f3n. Construcci\u00f3n robusta de acero con recubrimiento de polvo antiest\u00e1tico. Dise\u00f1o abierto para acceso completo a todos los puertos, botones, c\u00e1mara frontal y trasera. Parte posterior suave y almohadillas de espuma en las abrazaderas del soporte para evitar ara\u00f1azos en el dispositivo. Carril deslizante en la parte posterior del soporte para ajustar el dispositivo a la posici\u00f3n ideal. Compatible con la mayor\u00eda de tabletas de 7,9 a 11, como ipad\u00ae, ipad air\u00ae, ipad mini\u00ae, samsung\u00ae galaxy tab, microsoft\u00ae surface\u00ae pro y surface go. Ideal como terminal de punto de venta en comercios, para el registro de hu\u00e9spedes en hoteles, para sujetar se\u00f1alizaci\u00f3n digital en stands de ferias y mucho m\u00e1s. Tres a\u00f1os de garant\u00eda<\/p>\n","protected":false},"featured_media":210864,"comment_status":"open","ping_status":"open","template":"","meta":[],"product_cat":[2268,2265],"product_tag":[1487],"acf":[],"yoast_head":"<!-- This site is optimized with the Yoast SEO plugin v21.7 - https:\/\/yoast.com\/wordpress\/plugins\/seo\/ -->\n<title>[ Manhattan ] &#129351; 406345 Soporte De Suelo Antirrobo, , ,para Tablet Y Ipad<\/title>\n<meta name=\"description\" content=\"Compra 406345 Soporte De Suelo Antirrobo, , ,para Tablet Y Ipad + Env\u00edo a domicilio + Pago seguro + Garant\u00eda\" \/>\n<meta name=\"robots\" content=\"index, follow, max-snippet:-1, max-image-preview:large, max-video-preview:-1\" \/>\n<link rel=\"canonical\" href=\"https:\/\/compuviper.mx\/tienda\/producto\/manhattan-406345-soporte-de-suelo-antirrobo-para-tablet-y-ipad\/\" \/>\n<meta property=\"og:locale\" content=\"es_MX\" \/>\n<meta property=\"og:type\" content=\"article\" \/>\n<meta property=\"og:title\" content=\"[ Manhattan ] &#129351; 406345 Soporte De Suelo Antirrobo, , ,para Tablet Y Ipad\" \/>\n<meta property=\"og:description\" content=\"Compra 406345 Soporte De Suelo Antirrobo, , ,para Tablet Y Ipad + Env\u00edo a domicilio + Pago seguro + Garant\u00eda\" \/>\n<meta property=\"og:url\" content=\"https:\/\/compuviper.mx\/tienda\/producto\/manhattan-406345-soporte-de-suelo-antirrobo-para-tablet-y-ipad\/\" \/>\n<meta property=\"og:site_name\" content=\"Compuviper\" \/>\n<meta property=\"article:publisher\" content=\"https:\/\/www.facebook.com\/compuviper\" \/>\n<meta property=\"og:image\" content=\"https:\/\/compuviper.mx\/tienda\/wp-content\/uploads\/2023\/12\/Soporte-de-suelo-antirrobo-manhattan-406345-para-tablet-y-ipad.jpg\" \/>\n\t<meta property=\"og:image:width\" content=\"200\" \/>\n\t<meta property=\"og:image:height\" content=\"200\" \/>\n\t<meta property=\"og:image:type\" content=\"image\/jpeg\" \/>\n<meta name=\"twitter:card\" content=\"summary_large_image\" \/>\n<meta name=\"twitter:label1\" content=\"Precio\" \/>\n\t<meta name=\"twitter:data1\" content=\"&#36;1,066 con IVA\" \/>\n\t<meta name=\"twitter:label2\" content=\"Availability\" \/>\n\t<meta name=\"twitter:data2\" content=\"In stock\" \/>\n<script type=\"application\/ld+json\" class=\"yoast-schema-graph\">{\"@context\":\"https:\/\/schema.org\",\"@graph\":[{\"@type\":\"WebPage\",\"@id\":\"https:\/\/compuviper.mx\/tienda\/producto\/manhattan-406345-soporte-de-suelo-antirrobo-para-tablet-y-ipad\/\",\"url\":\"https:\/\/compuviper.mx\/tienda\/producto\/manhattan-406345-soporte-de-suelo-antirrobo-para-tablet-y-ipad\/\",\"name\":\"[ Manhattan ] &#129351; 406345 Soporte De Suelo Antirrobo, , ,para Tablet Y Ipad\",\"isPartOf\":{\"@id\":\"https:\/\/compuviper.mx\/tienda\/#website\"},\"datePublished\":\"2026-04-29T05:09:43+00:00\",\"dateModified\":\"2026-04-29T05:09:43+00:00\",\"description\":\"Compra 406345 Soporte De Suelo Antirrobo, , ,para Tablet Y Ipad + Env\u00edo a domicilio + Pago seguro + Garant\u00eda\",\"breadcrumb\":{\"@id\":\"https:\/\/compuviper.mx\/tienda\/producto\/manhattan-406345-soporte-de-suelo-antirrobo-para-tablet-y-ipad\/#breadcrumb\"},\"inLanguage\":\"es-MX\",\"potentialAction\":[{\"@type\":\"ReadAction\",\"target\":[\"https:\/\/compuviper.mx\/tienda\/producto\/manhattan-406345-soporte-de-suelo-antirrobo-para-tablet-y-ipad\/\"]}]},{\"@type\":\"BreadcrumbList\",\"@id\":\"https:\/\/compuviper.mx\/tienda\/producto\/manhattan-406345-soporte-de-suelo-antirrobo-para-tablet-y-ipad\/#breadcrumb\",\"itemListElement\":[{\"@type\":\"ListItem\",\"position\":1,\"name\":\"Inicio\",\"item\":\"https:\/\/compuviper.mx\/tienda\/\"},{\"@type\":\"ListItem\",\"position\":2,\"name\":\"Productos\",\"item\":\"https:\/\/compuviper.mx\/tienda\/productos\/\"},{\"@type\":\"ListItem\",\"position\":3,\"name\":\"Soportes Y Bases P\/tv\/ Proyectores\/dvd\/consolas\/bocinas\/pantallas\/monotores\",\"item\":\"https:\/\/compuviper.mx\/tienda\/categoria-producto\/soportes-y-bases-p-tv-proyectores-dvd-consolas-bocinas-pantallas-monotores\/\"},{\"@type\":\"ListItem\",\"position\":4,\"name\":\"Soporte Y Base Para Redes\",\"item\":\"https:\/\/compuviper.mx\/tienda\/categoria-producto\/soportes-y-bases-p-tv-proyectores-dvd-consolas-bocinas-pantallas-monotores\/soporte-y-base-para-redes-soportes-y-bases-p-tv-proyectores-dvd-consolas-bocinas-pantallas-monotores\/\"},{\"@type\":\"ListItem\",\"position\":5,\"name\":\"Manhattan 406345 Soporte De Suelo Antirrobo, , ,para Tablet Y Ipad\"}]},{\"@type\":\"WebSite\",\"@id\":\"https:\/\/compuviper.mx\/tienda\/#website\",\"url\":\"https:\/\/compuviper.mx\/tienda\/\",\"name\":\"Compuviper\",\"description\":\"Proveedor de Computadoras, Laptops, Servidores, Monitores, Puntos de Venta, Teclados,   Impresoras, T\u00f3ner, C\u00e1maras de Seguridad y m\u00e1s en tu tienda en l\u00ednea\",\"publisher\":{\"@id\":\"https:\/\/compuviper.mx\/tienda\/#organization\"},\"potentialAction\":[{\"@type\":\"SearchAction\",\"target\":{\"@type\":\"EntryPoint\",\"urlTemplate\":\"https:\/\/compuviper.mx\/tienda\/?s={search_term_string}\"},\"query-input\":\"required name=search_term_string\"}],\"inLanguage\":\"es-MX\"},{\"@type\":\"Organization\",\"@id\":\"https:\/\/compuviper.mx\/tienda\/#organization\",\"name\":\"Compuviper\",\"url\":\"https:\/\/compuviper.mx\/tienda\/\",\"logo\":{\"@type\":\"ImageObject\",\"inLanguage\":\"es-MX\",\"@id\":\"https:\/\/compuviper.mx\/tienda\/#\/schema\/logo\/image\/\",\"url\":\"https:\/\/compuviper.mx\/tienda\/wp-content\/uploads\/2021\/08\/Logo-Compuviper-10.png\",\"contentUrl\":\"https:\/\/compuviper.mx\/tienda\/wp-content\/uploads\/2021\/08\/Logo-Compuviper-10.png\",\"width\":1000,\"height\":500,\"caption\":\"Compuviper\"},\"image\":{\"@id\":\"https:\/\/compuviper.mx\/tienda\/#\/schema\/logo\/image\/\"},\"sameAs\":[\"https:\/\/www.facebook.com\/compuviper\",\"https:\/\/www.youtube.com\/channel\/UCf73dERp9Y3cfOq7q8BhLjA?view_as=subscriber\"]}]}<\/script>\n<meta property=\"product:brand\" content=\"MANHATTAN\" \/>\n<meta property=\"product:price:amount\" content=\"1066\" \/>\n<meta property=\"product:price:currency\" content=\"MXN\" \/>\n<meta property=\"og:availability\" content=\"instock\" \/>\n<meta property=\"product:availability\" content=\"instock\" \/>\n<meta property=\"product:retailer_item_id\" content=\"406345\" \/>\n<meta property=\"product:condition\" content=\"new\" \/>\n<!-- \/ Yoast SEO plugin. -->","yoast_head_json":{"title":"[ Manhattan ] &#129351; 406345 Soporte De Suelo Antirrobo, , ,para Tablet Y Ipad","description":"Compra 406345 Soporte De Suelo Antirrobo, , ,para Tablet Y Ipad + Env\u00edo a domicilio + Pago seguro + Garant\u00eda","robots":{"index":"index","follow":"follow","max-snippet":"max-snippet:-1","max-image-preview":"max-image-preview:large","max-video-preview":"max-video-preview:-1"},"canonical":"https:\/\/compuviper.mx\/tienda\/producto\/manhattan-406345-soporte-de-suelo-antirrobo-para-tablet-y-ipad\/","og_locale":"es_MX","og_type":"article","og_title":"[ Manhattan ] &#129351; 406345 Soporte De Suelo Antirrobo, , ,para Tablet Y Ipad","og_description":"Compra 406345 Soporte De Suelo Antirrobo, , ,para Tablet Y Ipad + Env\u00edo a domicilio + Pago seguro + Garant\u00eda","og_url":"https:\/\/compuviper.mx\/tienda\/producto\/manhattan-406345-soporte-de-suelo-antirrobo-para-tablet-y-ipad\/","og_site_name":"Compuviper","article_publisher":"https:\/\/www.facebook.com\/compuviper","og_image":[{"width":200,"height":200,"url":"https:\/\/compuviper.mx\/tienda\/wp-content\/uploads\/2023\/12\/Soporte-de-suelo-antirrobo-manhattan-406345-para-tablet-y-ipad.jpg","type":"image\/jpeg"}],"twitter_card":"summary_large_image","twitter_misc":{"Precio":"&#36;1,066 con IVA","Availability":"In stock"},"schema":{"@context":"https:\/\/schema.org","@graph":[{"@type":"WebPage","@id":"https:\/\/compuviper.mx\/tienda\/producto\/manhattan-406345-soporte-de-suelo-antirrobo-para-tablet-y-ipad\/","url":"https:\/\/compuviper.mx\/tienda\/producto\/manhattan-406345-soporte-de-suelo-antirrobo-para-tablet-y-ipad\/","name":"[ Manhattan ] &#129351; 406345 Soporte De Suelo Antirrobo, , ,para Tablet Y Ipad","isPartOf":{"@id":"https:\/\/compuviper.mx\/tienda\/#website"},"datePublished":"2026-04-29T05:09:43+00:00","dateModified":"2026-04-29T05:09:43+00:00","description":"Compra 406345 Soporte De Suelo Antirrobo, , ,para Tablet Y Ipad + Env\u00edo a domicilio + Pago seguro + Garant\u00eda","breadcrumb":{"@id":"https:\/\/compuviper.mx\/tienda\/producto\/manhattan-406345-soporte-de-suelo-antirrobo-para-tablet-y-ipad\/#breadcrumb"},"inLanguage":"es-MX","potentialAction":[{"@type":"ReadAction","target":["https:\/\/compuviper.mx\/tienda\/producto\/manhattan-406345-soporte-de-suelo-antirrobo-para-tablet-y-ipad\/"]}]},{"@type":"BreadcrumbList","@id":"https:\/\/compuviper.mx\/tienda\/producto\/manhattan-406345-soporte-de-suelo-antirrobo-para-tablet-y-ipad\/#breadcrumb","itemListElement":[{"@type":"ListItem","position":1,"name":"Inicio","item":"https:\/\/compuviper.mx\/tienda\/"},{"@type":"ListItem","position":2,"name":"Productos","item":"https:\/\/compuviper.mx\/tienda\/productos\/"},{"@type":"ListItem","position":3,"name":"Soportes Y Bases P\/tv\/ Proyectores\/dvd\/consolas\/bocinas\/pantallas\/monotores","item":"https:\/\/compuviper.mx\/tienda\/categoria-producto\/soportes-y-bases-p-tv-proyectores-dvd-consolas-bocinas-pantallas-monotores\/"},{"@type":"ListItem","position":4,"name":"Soporte Y Base Para Redes","item":"https:\/\/compuviper.mx\/tienda\/categoria-producto\/soportes-y-bases-p-tv-proyectores-dvd-consolas-bocinas-pantallas-monotores\/soporte-y-base-para-redes-soportes-y-bases-p-tv-proyectores-dvd-consolas-bocinas-pantallas-monotores\/"},{"@type":"ListItem","position":5,"name":"Manhattan 406345 Soporte De Suelo Antirrobo, , ,para Tablet Y Ipad"}]},{"@type":"WebSite","@id":"https:\/\/compuviper.mx\/tienda\/#website","url":"https:\/\/compuviper.mx\/tienda\/","name":"Compuviper","description":"Proveedor de Computadoras, Laptops, Servidores, Monitores, Puntos de Venta, Teclados,   Impresoras, T\u00f3ner, C\u00e1maras de Seguridad y m\u00e1s en tu tienda en l\u00ednea","publisher":{"@id":"https:\/\/compuviper.mx\/tienda\/#organization"},"potentialAction":[{"@type":"SearchAction","target":{"@type":"EntryPoint","urlTemplate":"https:\/\/compuviper.mx\/tienda\/?s={search_term_string}"},"query-input":"required name=search_term_string"}],"inLanguage":"es-MX"},{"@type":"Organization","@id":"https:\/\/compuviper.mx\/tienda\/#organization","name":"Compuviper","url":"https:\/\/compuviper.mx\/tienda\/","logo":{"@type":"ImageObject","inLanguage":"es-MX","@id":"https:\/\/compuviper.mx\/tienda\/#\/schema\/logo\/image\/","url":"https:\/\/compuviper.mx\/tienda\/wp-content\/uploads\/2021\/08\/Logo-Compuviper-10.png","contentUrl":"https:\/\/compuviper.mx\/tienda\/wp-content\/uploads\/2021\/08\/Logo-Compuviper-10.png","width":1000,"height":500,"caption":"Compuviper"},"image":{"@id":"https:\/\/compuviper.mx\/tienda\/#\/schema\/logo\/image\/"},"sameAs":["https:\/\/www.facebook.com\/compuviper","https:\/\/www.youtube.com\/channel\/UCf73dERp9Y3cfOq7q8BhLjA?view_as=subscriber"]}]},"product_brand":"MANHATTAN","product_price_amount":"1066","product_price_currency":"MXN","og_availability":"instock","product_availability":"instock","product_retailer_item_id":"406345","product_condition":"new"},"_links":{"self":[{"href":"https:\/\/compuviper.mx\/tienda\/wp-json\/wp\/v2\/product\/210863"}],"collection":[{"href":"https:\/\/compuviper.mx\/tienda\/wp-json\/wp\/v2\/product"}],"about":[{"href":"https:\/\/compuviper.mx\/tienda\/wp-json\/wp\/v2\/types\/product"}],"replies":[{"embeddable":true,"href":"https:\/\/compuviper.mx\/tienda\/wp-json\/wp\/v2\/comments?post=210863"}],"wp:featuredmedia":[{"embeddable":true,"href":"https:\/\/compuviper.mx\/tienda\/wp-json\/wp\/v2\/media\/210864"}],"wp:attachment":[{"href":"https:\/\/compuviper.mx\/tienda\/wp-json\/wp\/v2\/media?parent=210863"}],"wp:term":[{"taxonomy":"product_cat","embeddable":true,"href":"https:\/\/compuviper.mx\/tienda\/wp-json\/wp\/v2\/product_cat?post=210863"},{"taxonomy":"product_tag","embeddable":true,"href":"https:\/\/compuviper.mx\/tienda\/wp-json\/wp\/v2\/product_tag?post=210863"}],"curies":[{"name":"wp","href":"https:\/\/api.w.org\/{rel}","templated":true}]}}