{"id":210817,"date":"2026-04-06T23:09:18","date_gmt":"2026-04-07T05:09:18","guid":{"rendered":"https:\/\/compuviper.mx\/tienda\/producto\/dahua-dhi-asa1222g-control-de-asistencia-control-de-asistencia-standalone-con-batera-incluida-1000-usuarios-passwords-y-tarjetas-mifare-ic-card-2000-huellas-100000-registros\/"},"modified":"2026-04-06T23:09:18","modified_gmt":"2026-04-07T05:09:18","slug":"dahua-dhi-asa1222g-control-de-asistencia-control-de-asistencia-standalone-con-batera-incluida-1000-usuarios-passwords-y-tarjetas-mifare-ic-card-2000-huellas-100000-registros","status":"publish","type":"product","link":"https:\/\/compuviper.mx\/tienda\/producto\/dahua-dhi-asa1222g-control-de-asistencia-control-de-asistencia-standalone-con-batera-incluida-1000-usuarios-passwords-y-tarjetas-mifare-ic-card-2000-huellas-100000-registros\/","title":{"rendered":"Dahua Dhi-asa1222g Control De Asistencia\/\/\/control De Asistencia Standalone Con Batera Incluida\/ 1,000 Usuarios, Passwords Y Tarjetas Mifare Ic Card\/ 2,000 Huellas\/100,000 Registros\/"},"content":{"rendered":"<table class=\"descripcion\">\n<tr>\n<td>Tiempo de identificaci\u00f3n:  1.5 s<\/td>\n<\/tr>\n<tr>\n<td>Soporte para tarjetas: mifare s50 13.56 mhz<\/td>\n<\/tr>\n<tr>\n<td>Distancia de lectura de tarjetas:1 &#8211; 3 cm<\/td>\n<\/tr>\n<tr>\n<td>Comunicaci\u00f3n: tcp\/ip,usb &#8211; firmware actualizable<\/td>\n<\/tr>\n<tr>\n<td>Salida de rel\u00e9:1 x no\/nc<\/td>\n<\/tr>\n<tr>\n<td>Memoria interna:8 mb<\/td>\n<\/tr>\n<tr>\n<td>Alimentaci\u00f3n: 12 v dc \/ 1000 ma (fuente de alimentaci\u00f3n incluida)<\/td>\n<\/tr>\n<\/table>\n","protected":false},"excerpt":{"rendered":"<p>El control de acceso modelo asa1222gd es una terminal de tiempo y asistencia , cuenta con un teclado t\u00e1ctil y pantalla lcd. Este modelo puede ser utilizado en distintas formas de verificaci\u00f3n como lo es huella, tarjeta (mifare) o bien puede asignarse un c\u00f3digo maestro al usuario para apertura. Admite la importaci\u00f3n y exportaci\u00f3n de datos de asistencia desde una unidad flash usb, y una comunicaci\u00f3n tcp-ip para su manejo o administraci\u00f3n desde software smart pss pero tambi\u00e9n incluye un display desde el cual podr\u00e1 realizar operaciones como dar de alta usuarios, tarjetas, configurar par\u00e1metros del sistema, etc., soporta dispositivos como contra chapas y bot\u00f3n liberador de puerta.<\/p>\n","protected":false},"featured_media":210818,"comment_status":"open","ping_status":"open","template":"","meta":[],"product_cat":[1540,1541],"product_tag":[1555],"acf":[],"yoast_head":"<!-- This site is optimized with the Yoast SEO plugin v21.7 - https:\/\/yoast.com\/wordpress\/plugins\/seo\/ -->\n<title>[ Dahua ] &#129351; Dhi-asa1222g Control De Asistencia\/\/\/control De Asistencia Standalone Con Batera Incluida\/ 1,000 Usuarios, Passwords Y Tarjetas Mifare Ic Card\/ 2,000 Huellas\/100,000 Registros\/<\/title>\n<meta name=\"description\" content=\"Compra Dhi-asa1222g Control De Asistencia\/\/\/control De Asistencia Standalone Con Batera Incluida\/ 1,000 Usuarios, Passwords Y Tarjetas Mifare Ic Card\/ 2,000 Huellas\/100,000 Registros\/ + Env\u00edo a domicilio + Pago seguro + Garant\u00eda\" \/>\n<meta name=\"robots\" content=\"index, follow, max-snippet:-1, max-image-preview:large, max-video-preview:-1\" \/>\n<link rel=\"canonical\" href=\"https:\/\/compuviper.mx\/tienda\/producto\/dahua-dhi-asa1222g-control-de-asistencia-control-de-asistencia-standalone-con-batera-incluida-1000-usuarios-passwords-y-tarjetas-mifare-ic-card-2000-huellas-100000-registros\/\" \/>\n<meta property=\"og:locale\" content=\"es_MX\" \/>\n<meta property=\"og:type\" content=\"article\" \/>\n<meta property=\"og:title\" content=\"[ Dahua ] &#129351; Dhi-asa1222g Control De Asistencia\/\/\/control De Asistencia Standalone Con Batera Incluida\/ 1,000 Usuarios, Passwords Y Tarjetas Mifare Ic Card\/ 2,000 Huellas\/100,000 Registros\/\" \/>\n<meta property=\"og:description\" content=\"Compra Dhi-asa1222g Control De Asistencia\/\/\/control De Asistencia Standalone Con Batera Incluida\/ 1,000 Usuarios, Passwords Y Tarjetas Mifare Ic Card\/ 2,000 Huellas\/100,000 Registros\/ + Env\u00edo a domicilio + Pago seguro + Garant\u00eda\" \/>\n<meta property=\"og:url\" content=\"https:\/\/compuviper.mx\/tienda\/producto\/dahua-dhi-asa1222g-control-de-asistencia-control-de-asistencia-standalone-con-batera-incluida-1000-usuarios-passwords-y-tarjetas-mifare-ic-card-2000-huellas-100000-registros\/\" \/>\n<meta property=\"og:site_name\" content=\"Compuviper\" \/>\n<meta property=\"article:publisher\" content=\"https:\/\/www.facebook.com\/compuviper\" \/>\n<meta property=\"og:image\" content=\"https:\/\/compuviper.mx\/tienda\/wp-content\/uploads\/2023\/12\/Control-de-asistenciadahuadhi-asa1222gcontrol-de-asistencia-standalone-con-bateria-incluida-1000-usuarios-passwords-y-tarjetas-mifare-ic-card-2000-huellas100000-registros.jpg\" \/>\n\t<meta property=\"og:image:width\" content=\"200\" \/>\n\t<meta property=\"og:image:height\" content=\"200\" \/>\n\t<meta property=\"og:image:type\" content=\"image\/jpeg\" \/>\n<meta name=\"twitter:card\" content=\"summary_large_image\" \/>\n<meta name=\"twitter:label1\" content=\"Precio\" \/>\n\t<meta name=\"twitter:data1\" content=\"&#36;1,542 con IVA\" \/>\n\t<meta name=\"twitter:label2\" content=\"Availability\" \/>\n\t<meta name=\"twitter:data2\" content=\"Out of stock\" \/>\n<script type=\"application\/ld+json\" class=\"yoast-schema-graph\">{\"@context\":\"https:\/\/schema.org\",\"@graph\":[{\"@type\":\"WebPage\",\"@id\":\"https:\/\/compuviper.mx\/tienda\/producto\/dahua-dhi-asa1222g-control-de-asistencia-control-de-asistencia-standalone-con-batera-incluida-1000-usuarios-passwords-y-tarjetas-mifare-ic-card-2000-huellas-100000-registros\/\",\"url\":\"https:\/\/compuviper.mx\/tienda\/producto\/dahua-dhi-asa1222g-control-de-asistencia-control-de-asistencia-standalone-con-batera-incluida-1000-usuarios-passwords-y-tarjetas-mifare-ic-card-2000-huellas-100000-registros\/\",\"name\":\"[ Dahua ] &#129351; Dhi-asa1222g Control De Asistencia\/\/\/control De Asistencia Standalone Con Batera Incluida\/ 1,000 Usuarios, Passwords Y Tarjetas Mifare Ic Card\/ 2,000 Huellas\/100,000 Registros\/\",\"isPartOf\":{\"@id\":\"https:\/\/compuviper.mx\/tienda\/#website\"},\"datePublished\":\"2026-04-07T05:09:18+00:00\",\"dateModified\":\"2026-04-07T05:09:18+00:00\",\"description\":\"Compra Dhi-asa1222g Control De Asistencia\/\/\/control De Asistencia Standalone Con Batera Incluida\/ 1,000 Usuarios, Passwords Y Tarjetas Mifare Ic Card\/ 2,000 Huellas\/100,000 Registros\/ + Env\u00edo a domicilio + Pago seguro + Garant\u00eda\",\"breadcrumb\":{\"@id\":\"https:\/\/compuviper.mx\/tienda\/producto\/dahua-dhi-asa1222g-control-de-asistencia-control-de-asistencia-standalone-con-batera-incluida-1000-usuarios-passwords-y-tarjetas-mifare-ic-card-2000-huellas-100000-registros\/#breadcrumb\"},\"inLanguage\":\"es-MX\",\"potentialAction\":[{\"@type\":\"ReadAction\",\"target\":[\"https:\/\/compuviper.mx\/tienda\/producto\/dahua-dhi-asa1222g-control-de-asistencia-control-de-asistencia-standalone-con-batera-incluida-1000-usuarios-passwords-y-tarjetas-mifare-ic-card-2000-huellas-100000-registros\/\"]}]},{\"@type\":\"BreadcrumbList\",\"@id\":\"https:\/\/compuviper.mx\/tienda\/producto\/dahua-dhi-asa1222g-control-de-asistencia-control-de-asistencia-standalone-con-batera-incluida-1000-usuarios-passwords-y-tarjetas-mifare-ic-card-2000-huellas-100000-registros\/#breadcrumb\",\"itemListElement\":[{\"@type\":\"ListItem\",\"position\":1,\"name\":\"Inicio\",\"item\":\"https:\/\/compuviper.mx\/tienda\/\"},{\"@type\":\"ListItem\",\"position\":2,\"name\":\"Productos\",\"item\":\"https:\/\/compuviper.mx\/tienda\/productos\/\"},{\"@type\":\"ListItem\",\"position\":3,\"name\":\"Control De Acceso Y Asistencia\",\"item\":\"https:\/\/compuviper.mx\/tienda\/categoria-producto\/control-de-acceso-y-asistencia\/\"},{\"@type\":\"ListItem\",\"position\":4,\"name\":\"Lectores De Control De Acceso Y Asistencia\",\"item\":\"https:\/\/compuviper.mx\/tienda\/categoria-producto\/control-de-acceso-y-asistencia\/lectores-de-control-de-acceso-y-asistencia\/\"},{\"@type\":\"ListItem\",\"position\":5,\"name\":\"Dahua Dhi-asa1222g Control De Asistencia\/\/\/control De Asistencia Standalone Con Batera Incluida\/ 1,000 Usuarios, Passwords Y Tarjetas Mifare Ic Card\/ 2,000 Huellas\/100,000 Registros\/\"}]},{\"@type\":\"WebSite\",\"@id\":\"https:\/\/compuviper.mx\/tienda\/#website\",\"url\":\"https:\/\/compuviper.mx\/tienda\/\",\"name\":\"Compuviper\",\"description\":\"Proveedor de Computadoras, Laptops, Servidores, Monitores, Puntos de Venta, Teclados,   Impresoras, T\u00f3ner, C\u00e1maras de Seguridad y m\u00e1s en tu tienda en l\u00ednea\",\"publisher\":{\"@id\":\"https:\/\/compuviper.mx\/tienda\/#organization\"},\"potentialAction\":[{\"@type\":\"SearchAction\",\"target\":{\"@type\":\"EntryPoint\",\"urlTemplate\":\"https:\/\/compuviper.mx\/tienda\/?s={search_term_string}\"},\"query-input\":\"required name=search_term_string\"}],\"inLanguage\":\"es-MX\"},{\"@type\":\"Organization\",\"@id\":\"https:\/\/compuviper.mx\/tienda\/#organization\",\"name\":\"Compuviper\",\"url\":\"https:\/\/compuviper.mx\/tienda\/\",\"logo\":{\"@type\":\"ImageObject\",\"inLanguage\":\"es-MX\",\"@id\":\"https:\/\/compuviper.mx\/tienda\/#\/schema\/logo\/image\/\",\"url\":\"https:\/\/compuviper.mx\/tienda\/wp-content\/uploads\/2021\/08\/Logo-Compuviper-10.png\",\"contentUrl\":\"https:\/\/compuviper.mx\/tienda\/wp-content\/uploads\/2021\/08\/Logo-Compuviper-10.png\",\"width\":1000,\"height\":500,\"caption\":\"Compuviper\"},\"image\":{\"@id\":\"https:\/\/compuviper.mx\/tienda\/#\/schema\/logo\/image\/\"},\"sameAs\":[\"https:\/\/www.facebook.com\/compuviper\",\"https:\/\/www.youtube.com\/channel\/UCf73dERp9Y3cfOq7q8BhLjA?view_as=subscriber\"]}]}<\/script>\n<meta property=\"product:brand\" content=\"DAHUA\" \/>\n<meta property=\"product:price:amount\" content=\"1542\" \/>\n<meta property=\"product:price:currency\" content=\"MXN\" \/>\n<meta property=\"og:availability\" content=\"out of stock\" \/>\n<meta property=\"product:availability\" content=\"out of stock\" \/>\n<meta property=\"product:retailer_item_id\" content=\"DHI-ASA1222G\" \/>\n<meta property=\"product:condition\" content=\"new\" \/>\n<!-- \/ Yoast SEO plugin. -->","yoast_head_json":{"title":"[ Dahua ] &#129351; Dhi-asa1222g Control De Asistencia\/\/\/control De Asistencia Standalone Con Batera Incluida\/ 1,000 Usuarios, Passwords Y Tarjetas Mifare Ic Card\/ 2,000 Huellas\/100,000 Registros\/","description":"Compra Dhi-asa1222g Control De Asistencia\/\/\/control De Asistencia Standalone Con Batera Incluida\/ 1,000 Usuarios, Passwords Y Tarjetas Mifare Ic Card\/ 2,000 Huellas\/100,000 Registros\/ + Env\u00edo a domicilio + Pago seguro + Garant\u00eda","robots":{"index":"index","follow":"follow","max-snippet":"max-snippet:-1","max-image-preview":"max-image-preview:large","max-video-preview":"max-video-preview:-1"},"canonical":"https:\/\/compuviper.mx\/tienda\/producto\/dahua-dhi-asa1222g-control-de-asistencia-control-de-asistencia-standalone-con-batera-incluida-1000-usuarios-passwords-y-tarjetas-mifare-ic-card-2000-huellas-100000-registros\/","og_locale":"es_MX","og_type":"article","og_title":"[ Dahua ] &#129351; Dhi-asa1222g Control De Asistencia\/\/\/control De Asistencia Standalone Con Batera Incluida\/ 1,000 Usuarios, Passwords Y Tarjetas Mifare Ic Card\/ 2,000 Huellas\/100,000 Registros\/","og_description":"Compra Dhi-asa1222g Control De Asistencia\/\/\/control De Asistencia Standalone Con Batera Incluida\/ 1,000 Usuarios, Passwords Y Tarjetas Mifare Ic Card\/ 2,000 Huellas\/100,000 Registros\/ + Env\u00edo a domicilio + Pago seguro + Garant\u00eda","og_url":"https:\/\/compuviper.mx\/tienda\/producto\/dahua-dhi-asa1222g-control-de-asistencia-control-de-asistencia-standalone-con-batera-incluida-1000-usuarios-passwords-y-tarjetas-mifare-ic-card-2000-huellas-100000-registros\/","og_site_name":"Compuviper","article_publisher":"https:\/\/www.facebook.com\/compuviper","og_image":[{"width":200,"height":200,"url":"https:\/\/compuviper.mx\/tienda\/wp-content\/uploads\/2023\/12\/Control-de-asistenciadahuadhi-asa1222gcontrol-de-asistencia-standalone-con-bateria-incluida-1000-usuarios-passwords-y-tarjetas-mifare-ic-card-2000-huellas100000-registros.jpg","type":"image\/jpeg"}],"twitter_card":"summary_large_image","twitter_misc":{"Precio":"&#36;1,542 con IVA","Availability":"Out of stock"},"schema":{"@context":"https:\/\/schema.org","@graph":[{"@type":"WebPage","@id":"https:\/\/compuviper.mx\/tienda\/producto\/dahua-dhi-asa1222g-control-de-asistencia-control-de-asistencia-standalone-con-batera-incluida-1000-usuarios-passwords-y-tarjetas-mifare-ic-card-2000-huellas-100000-registros\/","url":"https:\/\/compuviper.mx\/tienda\/producto\/dahua-dhi-asa1222g-control-de-asistencia-control-de-asistencia-standalone-con-batera-incluida-1000-usuarios-passwords-y-tarjetas-mifare-ic-card-2000-huellas-100000-registros\/","name":"[ Dahua ] &#129351; Dhi-asa1222g Control De Asistencia\/\/\/control De Asistencia Standalone Con Batera Incluida\/ 1,000 Usuarios, Passwords Y Tarjetas Mifare Ic Card\/ 2,000 Huellas\/100,000 Registros\/","isPartOf":{"@id":"https:\/\/compuviper.mx\/tienda\/#website"},"datePublished":"2026-04-07T05:09:18+00:00","dateModified":"2026-04-07T05:09:18+00:00","description":"Compra Dhi-asa1222g Control De Asistencia\/\/\/control De Asistencia Standalone Con Batera Incluida\/ 1,000 Usuarios, Passwords Y Tarjetas Mifare Ic Card\/ 2,000 Huellas\/100,000 Registros\/ + Env\u00edo a domicilio + Pago seguro + Garant\u00eda","breadcrumb":{"@id":"https:\/\/compuviper.mx\/tienda\/producto\/dahua-dhi-asa1222g-control-de-asistencia-control-de-asistencia-standalone-con-batera-incluida-1000-usuarios-passwords-y-tarjetas-mifare-ic-card-2000-huellas-100000-registros\/#breadcrumb"},"inLanguage":"es-MX","potentialAction":[{"@type":"ReadAction","target":["https:\/\/compuviper.mx\/tienda\/producto\/dahua-dhi-asa1222g-control-de-asistencia-control-de-asistencia-standalone-con-batera-incluida-1000-usuarios-passwords-y-tarjetas-mifare-ic-card-2000-huellas-100000-registros\/"]}]},{"@type":"BreadcrumbList","@id":"https:\/\/compuviper.mx\/tienda\/producto\/dahua-dhi-asa1222g-control-de-asistencia-control-de-asistencia-standalone-con-batera-incluida-1000-usuarios-passwords-y-tarjetas-mifare-ic-card-2000-huellas-100000-registros\/#breadcrumb","itemListElement":[{"@type":"ListItem","position":1,"name":"Inicio","item":"https:\/\/compuviper.mx\/tienda\/"},{"@type":"ListItem","position":2,"name":"Productos","item":"https:\/\/compuviper.mx\/tienda\/productos\/"},{"@type":"ListItem","position":3,"name":"Control De Acceso Y Asistencia","item":"https:\/\/compuviper.mx\/tienda\/categoria-producto\/control-de-acceso-y-asistencia\/"},{"@type":"ListItem","position":4,"name":"Lectores De Control De Acceso Y Asistencia","item":"https:\/\/compuviper.mx\/tienda\/categoria-producto\/control-de-acceso-y-asistencia\/lectores-de-control-de-acceso-y-asistencia\/"},{"@type":"ListItem","position":5,"name":"Dahua Dhi-asa1222g Control De Asistencia\/\/\/control De Asistencia Standalone Con Batera Incluida\/ 1,000 Usuarios, Passwords Y Tarjetas Mifare Ic Card\/ 2,000 Huellas\/100,000 Registros\/"}]},{"@type":"WebSite","@id":"https:\/\/compuviper.mx\/tienda\/#website","url":"https:\/\/compuviper.mx\/tienda\/","name":"Compuviper","description":"Proveedor de Computadoras, Laptops, Servidores, Monitores, Puntos de Venta, Teclados,   Impresoras, T\u00f3ner, C\u00e1maras de Seguridad y m\u00e1s en tu tienda en l\u00ednea","publisher":{"@id":"https:\/\/compuviper.mx\/tienda\/#organization"},"potentialAction":[{"@type":"SearchAction","target":{"@type":"EntryPoint","urlTemplate":"https:\/\/compuviper.mx\/tienda\/?s={search_term_string}"},"query-input":"required name=search_term_string"}],"inLanguage":"es-MX"},{"@type":"Organization","@id":"https:\/\/compuviper.mx\/tienda\/#organization","name":"Compuviper","url":"https:\/\/compuviper.mx\/tienda\/","logo":{"@type":"ImageObject","inLanguage":"es-MX","@id":"https:\/\/compuviper.mx\/tienda\/#\/schema\/logo\/image\/","url":"https:\/\/compuviper.mx\/tienda\/wp-content\/uploads\/2021\/08\/Logo-Compuviper-10.png","contentUrl":"https:\/\/compuviper.mx\/tienda\/wp-content\/uploads\/2021\/08\/Logo-Compuviper-10.png","width":1000,"height":500,"caption":"Compuviper"},"image":{"@id":"https:\/\/compuviper.mx\/tienda\/#\/schema\/logo\/image\/"},"sameAs":["https:\/\/www.facebook.com\/compuviper","https:\/\/www.youtube.com\/channel\/UCf73dERp9Y3cfOq7q8BhLjA?view_as=subscriber"]}]},"product_brand":"DAHUA","product_price_amount":"1542","product_price_currency":"MXN","og_availability":"out of stock","product_availability":"out of stock","product_retailer_item_id":"DHI-ASA1222G","product_condition":"new"},"_links":{"self":[{"href":"https:\/\/compuviper.mx\/tienda\/wp-json\/wp\/v2\/product\/210817"}],"collection":[{"href":"https:\/\/compuviper.mx\/tienda\/wp-json\/wp\/v2\/product"}],"about":[{"href":"https:\/\/compuviper.mx\/tienda\/wp-json\/wp\/v2\/types\/product"}],"replies":[{"embeddable":true,"href":"https:\/\/compuviper.mx\/tienda\/wp-json\/wp\/v2\/comments?post=210817"}],"wp:featuredmedia":[{"embeddable":true,"href":"https:\/\/compuviper.mx\/tienda\/wp-json\/wp\/v2\/media\/210818"}],"wp:attachment":[{"href":"https:\/\/compuviper.mx\/tienda\/wp-json\/wp\/v2\/media?parent=210817"}],"wp:term":[{"taxonomy":"product_cat","embeddable":true,"href":"https:\/\/compuviper.mx\/tienda\/wp-json\/wp\/v2\/product_cat?post=210817"},{"taxonomy":"product_tag","embeddable":true,"href":"https:\/\/compuviper.mx\/tienda\/wp-json\/wp\/v2\/product_tag?post=210817"}],"curies":[{"name":"wp","href":"https:\/\/api.w.org\/{rel}","templated":true}]}}