{"id":210787,"date":"2026-04-10T23:09:11","date_gmt":"2026-04-11T05:09:11","guid":{"rendered":"https:\/\/compuviper.mx\/tienda\/producto\/dahua-vto2202fp-control-de-acceso-frente-de-calle-para-videoportero-ip-metlico-cmara-de-2-megapxeles-con-160-grados-de-apertura-proteccin-ik07-exterior-ip65-visin-nocturna-poe-indicador\/"},"modified":"2026-04-11T00:00:40","modified_gmt":"2026-04-11T06:00:40","slug":"dahua-vto2202fp-frente-de-calle-para-videoportero-ip-metalico-camara-de-2-mp-con-160-grados-de-apertura-proteccion-ik07-exterior-ip65-vision-nocturna-poe-indicador-voz-apertura-chapa","status":"publish","type":"product","link":"https:\/\/compuviper.mx\/tienda\/producto\/dahua-vto2202fp-frente-de-calle-para-videoportero-ip-metalico-camara-de-2-mp-con-160-grados-de-apertura-proteccion-ik07-exterior-ip65-vision-nocturna-poe-indicador-voz-apertura-chapa\/","title":{"rendered":"Dahua Vto2202fp Frente De Calle Para Videoportero Ip\/\/\/ Metalico\/ Camara De 2 Mp\/ Con 160 Grados De Apertura\/ Proteccion Ik07\/exterior Ip65\/vision Nocturna\/poe\/indicador Voz\/apertura Chapa"},"content":{"rendered":"<table class=\"descripcion\">\n<tr>\n<td>2 mpx cmos<\/td>\n<\/tr>\n<tr>\n<td>\u00e1ngulo de visi\u00f3n:160 \u00b0<\/td>\n<\/tr>\n<tr>\n<td>M\u00e9todo de compresi\u00f3n de im\u00e1genes:h.264<\/td>\n<\/tr>\n<tr>\n<td>Alimentaci\u00f3n: poe (802.3af), 12 v dc, interfaz 2-wire ip<\/td>\n<\/tr>\n<tr>\n<td>Carcasa: aluminio<\/td>\n<\/tr>\n<tr>\n<td>Ip65<\/td>\n<\/tr>\n<\/table>\n","protected":false},"excerpt":{"rendered":"<p>El modelo vto2202fp es un frente de calle ip para apartamento el cual permite tener una perfecta visi\u00f3n hacia el exterior, ya que cuenta con una c\u00e1mara hd de 2 megap\u00edxel y es antivand\u00e1lica. Cuenta con la capacidad de poder realizar apertura de una contrachapa desde cualquier monitor interior, en cuesti\u00f3n de la noche, cuenta con una visi\u00f3n nocturna lo cual permite tener una mejor visi\u00f3n de la persona que se comunica desde este dispositivo. * no incluye cubierta de instalaci\u00f3n<\/p>\n","protected":false},"featured_media":210788,"comment_status":"open","ping_status":"open","template":"","meta":[],"product_cat":[1540,1556],"product_tag":[1555],"acf":[],"yoast_head":"<!-- This site is optimized with the Yoast SEO plugin v21.7 - https:\/\/yoast.com\/wordpress\/plugins\/seo\/ -->\n<title>[ Dahua ] &#129351; Vto2202fp Frente De Calle Para Videoportero Ip\/\/\/ Metalico\/ Camara De 2 Mp\/ Con 160 Grados De Apertura\/ Proteccion Ik07\/exterior Ip65\/vision Nocturna\/poe\/indicador Voz\/apertura Chapa<\/title>\n<meta name=\"description\" content=\"Compra Vto2202fp Frente De Calle Para Videoportero Ip\/\/\/ Metalico\/ Camara De 2 Mp\/ Con 160 Grados De Apertura\/ Proteccion Ik07\/exterior Ip65\/vision Nocturna\/poe\/indicador Voz\/apertura Chapa + Env\u00edo a domicilio + Pago seguro + Garant\u00eda\" \/>\n<meta name=\"robots\" content=\"index, follow, max-snippet:-1, max-image-preview:large, max-video-preview:-1\" \/>\n<link rel=\"canonical\" href=\"https:\/\/compuviper.mx\/tienda\/producto\/dahua-vto2202fp-frente-de-calle-para-videoportero-ip-metalico-camara-de-2-mp-con-160-grados-de-apertura-proteccion-ik07-exterior-ip65-vision-nocturna-poe-indicador-voz-apertura-chapa\/\" \/>\n<meta property=\"og:locale\" content=\"es_MX\" \/>\n<meta property=\"og:type\" content=\"article\" \/>\n<meta property=\"og:title\" content=\"[ Dahua ] &#129351; Vto2202fp Frente De Calle Para Videoportero Ip\/\/\/ Metalico\/ Camara De 2 Mp\/ Con 160 Grados De Apertura\/ Proteccion Ik07\/exterior Ip65\/vision Nocturna\/poe\/indicador Voz\/apertura Chapa\" \/>\n<meta property=\"og:description\" content=\"Compra Vto2202fp Frente De Calle Para Videoportero Ip\/\/\/ Metalico\/ Camara De 2 Mp\/ Con 160 Grados De Apertura\/ Proteccion Ik07\/exterior Ip65\/vision Nocturna\/poe\/indicador Voz\/apertura Chapa + Env\u00edo a domicilio + Pago seguro + Garant\u00eda\" \/>\n<meta property=\"og:url\" content=\"https:\/\/compuviper.mx\/tienda\/producto\/dahua-vto2202fp-frente-de-calle-para-videoportero-ip-metalico-camara-de-2-mp-con-160-grados-de-apertura-proteccion-ik07-exterior-ip65-vision-nocturna-poe-indicador-voz-apertura-chapa\/\" \/>\n<meta property=\"og:site_name\" content=\"Compuviper\" \/>\n<meta property=\"article:publisher\" content=\"https:\/\/www.facebook.com\/compuviper\" \/>\n<meta property=\"article:modified_time\" content=\"2026-04-11T06:00:40+00:00\" \/>\n<meta property=\"og:image\" content=\"https:\/\/compuviper.mx\/tienda\/wp-content\/uploads\/2023\/12\/Control-de-accesodahuavto2202fpfrente-de-calle-para-videoportero-ip-metalico-camara-de-2-megapixeles-con-160-grados-de-apertura-proteccion-ik07-exterior-ip65-vision-nocturna-poe-indicador-d.jpg\" \/>\n\t<meta property=\"og:image:width\" content=\"200\" \/>\n\t<meta property=\"og:image:height\" content=\"200\" \/>\n\t<meta property=\"og:image:type\" content=\"image\/jpeg\" \/>\n<meta name=\"twitter:card\" content=\"summary_large_image\" \/>\n<meta name=\"twitter:label1\" content=\"Precio\" \/>\n\t<meta name=\"twitter:data1\" content=\"&#36;2,491 con IVA\" \/>\n\t<meta name=\"twitter:label2\" content=\"Availability\" \/>\n\t<meta name=\"twitter:data2\" content=\"In stock\" \/>\n<script type=\"application\/ld+json\" class=\"yoast-schema-graph\">{\"@context\":\"https:\/\/schema.org\",\"@graph\":[{\"@type\":\"WebPage\",\"@id\":\"https:\/\/compuviper.mx\/tienda\/producto\/dahua-vto2202fp-frente-de-calle-para-videoportero-ip-metalico-camara-de-2-mp-con-160-grados-de-apertura-proteccion-ik07-exterior-ip65-vision-nocturna-poe-indicador-voz-apertura-chapa\/\",\"url\":\"https:\/\/compuviper.mx\/tienda\/producto\/dahua-vto2202fp-frente-de-calle-para-videoportero-ip-metalico-camara-de-2-mp-con-160-grados-de-apertura-proteccion-ik07-exterior-ip65-vision-nocturna-poe-indicador-voz-apertura-chapa\/\",\"name\":\"[ Dahua ] &#129351; Vto2202fp Frente De Calle Para Videoportero Ip\/\/\/ Metalico\/ Camara De 2 Mp\/ Con 160 Grados De Apertura\/ Proteccion Ik07\/exterior Ip65\/vision Nocturna\/poe\/indicador Voz\/apertura Chapa\",\"isPartOf\":{\"@id\":\"https:\/\/compuviper.mx\/tienda\/#website\"},\"datePublished\":\"2026-04-11T05:09:11+00:00\",\"dateModified\":\"2026-04-11T06:00:40+00:00\",\"description\":\"Compra Vto2202fp Frente De Calle Para Videoportero Ip\/\/\/ Metalico\/ Camara De 2 Mp\/ Con 160 Grados De Apertura\/ Proteccion Ik07\/exterior Ip65\/vision Nocturna\/poe\/indicador Voz\/apertura Chapa + Env\u00edo a domicilio + Pago seguro + Garant\u00eda\",\"breadcrumb\":{\"@id\":\"https:\/\/compuviper.mx\/tienda\/producto\/dahua-vto2202fp-frente-de-calle-para-videoportero-ip-metalico-camara-de-2-mp-con-160-grados-de-apertura-proteccion-ik07-exterior-ip65-vision-nocturna-poe-indicador-voz-apertura-chapa\/#breadcrumb\"},\"inLanguage\":\"es-MX\",\"potentialAction\":[{\"@type\":\"ReadAction\",\"target\":[\"https:\/\/compuviper.mx\/tienda\/producto\/dahua-vto2202fp-frente-de-calle-para-videoportero-ip-metalico-camara-de-2-mp-con-160-grados-de-apertura-proteccion-ik07-exterior-ip65-vision-nocturna-poe-indicador-voz-apertura-chapa\/\"]}]},{\"@type\":\"BreadcrumbList\",\"@id\":\"https:\/\/compuviper.mx\/tienda\/producto\/dahua-vto2202fp-frente-de-calle-para-videoportero-ip-metalico-camara-de-2-mp-con-160-grados-de-apertura-proteccion-ik07-exterior-ip65-vision-nocturna-poe-indicador-voz-apertura-chapa\/#breadcrumb\",\"itemListElement\":[{\"@type\":\"ListItem\",\"position\":1,\"name\":\"Inicio\",\"item\":\"https:\/\/compuviper.mx\/tienda\/\"},{\"@type\":\"ListItem\",\"position\":2,\"name\":\"Productos\",\"item\":\"https:\/\/compuviper.mx\/tienda\/productos\/\"},{\"@type\":\"ListItem\",\"position\":3,\"name\":\"Control De Acceso Y Asistencia\",\"item\":\"https:\/\/compuviper.mx\/tienda\/categoria-producto\/control-de-acceso-y-asistencia\/\"},{\"@type\":\"ListItem\",\"position\":4,\"name\":\"Videoporteros\",\"item\":\"https:\/\/compuviper.mx\/tienda\/categoria-producto\/control-de-acceso-y-asistencia\/videoporteros\/\"},{\"@type\":\"ListItem\",\"position\":5,\"name\":\"Dahua Vto2202fp Frente De Calle Para Videoportero Ip\/\/\/ Metalico\/ Camara De 2 Mp\/ Con 160 Grados De Apertura\/ Proteccion Ik07\/exterior Ip65\/vision Nocturna\/poe\/indicador Voz\/apertura Chapa\"}]},{\"@type\":\"WebSite\",\"@id\":\"https:\/\/compuviper.mx\/tienda\/#website\",\"url\":\"https:\/\/compuviper.mx\/tienda\/\",\"name\":\"Compuviper\",\"description\":\"Proveedor de Computadoras, Laptops, Servidores, Monitores, Puntos de Venta, Teclados,   Impresoras, T\u00f3ner, C\u00e1maras de Seguridad y m\u00e1s en tu tienda en l\u00ednea\",\"publisher\":{\"@id\":\"https:\/\/compuviper.mx\/tienda\/#organization\"},\"potentialAction\":[{\"@type\":\"SearchAction\",\"target\":{\"@type\":\"EntryPoint\",\"urlTemplate\":\"https:\/\/compuviper.mx\/tienda\/?s={search_term_string}\"},\"query-input\":\"required name=search_term_string\"}],\"inLanguage\":\"es-MX\"},{\"@type\":\"Organization\",\"@id\":\"https:\/\/compuviper.mx\/tienda\/#organization\",\"name\":\"Compuviper\",\"url\":\"https:\/\/compuviper.mx\/tienda\/\",\"logo\":{\"@type\":\"ImageObject\",\"inLanguage\":\"es-MX\",\"@id\":\"https:\/\/compuviper.mx\/tienda\/#\/schema\/logo\/image\/\",\"url\":\"https:\/\/compuviper.mx\/tienda\/wp-content\/uploads\/2021\/08\/Logo-Compuviper-10.png\",\"contentUrl\":\"https:\/\/compuviper.mx\/tienda\/wp-content\/uploads\/2021\/08\/Logo-Compuviper-10.png\",\"width\":1000,\"height\":500,\"caption\":\"Compuviper\"},\"image\":{\"@id\":\"https:\/\/compuviper.mx\/tienda\/#\/schema\/logo\/image\/\"},\"sameAs\":[\"https:\/\/www.facebook.com\/compuviper\",\"https:\/\/www.youtube.com\/channel\/UCf73dERp9Y3cfOq7q8BhLjA?view_as=subscriber\"]}]}<\/script>\n<meta property=\"product:brand\" content=\"DAHUA\" \/>\n<meta property=\"product:price:amount\" content=\"2491\" \/>\n<meta property=\"product:price:currency\" content=\"MXN\" \/>\n<meta property=\"og:availability\" content=\"instock\" \/>\n<meta property=\"product:availability\" content=\"instock\" \/>\n<meta property=\"product:retailer_item_id\" content=\"VTO2202FP\" \/>\n<meta property=\"product:condition\" content=\"new\" \/>\n<!-- \/ Yoast SEO plugin. -->","yoast_head_json":{"title":"[ Dahua ] &#129351; Vto2202fp Frente De Calle Para Videoportero Ip\/\/\/ Metalico\/ Camara De 2 Mp\/ Con 160 Grados De Apertura\/ Proteccion Ik07\/exterior Ip65\/vision Nocturna\/poe\/indicador Voz\/apertura Chapa","description":"Compra Vto2202fp Frente De Calle Para Videoportero Ip\/\/\/ Metalico\/ Camara De 2 Mp\/ Con 160 Grados De Apertura\/ Proteccion Ik07\/exterior Ip65\/vision Nocturna\/poe\/indicador Voz\/apertura Chapa + Env\u00edo a domicilio + Pago seguro + Garant\u00eda","robots":{"index":"index","follow":"follow","max-snippet":"max-snippet:-1","max-image-preview":"max-image-preview:large","max-video-preview":"max-video-preview:-1"},"canonical":"https:\/\/compuviper.mx\/tienda\/producto\/dahua-vto2202fp-frente-de-calle-para-videoportero-ip-metalico-camara-de-2-mp-con-160-grados-de-apertura-proteccion-ik07-exterior-ip65-vision-nocturna-poe-indicador-voz-apertura-chapa\/","og_locale":"es_MX","og_type":"article","og_title":"[ Dahua ] &#129351; Vto2202fp Frente De Calle Para Videoportero Ip\/\/\/ Metalico\/ Camara De 2 Mp\/ Con 160 Grados De Apertura\/ Proteccion Ik07\/exterior Ip65\/vision Nocturna\/poe\/indicador Voz\/apertura Chapa","og_description":"Compra Vto2202fp Frente De Calle Para Videoportero Ip\/\/\/ Metalico\/ Camara De 2 Mp\/ Con 160 Grados De Apertura\/ Proteccion Ik07\/exterior Ip65\/vision Nocturna\/poe\/indicador Voz\/apertura Chapa + Env\u00edo a domicilio + Pago seguro + Garant\u00eda","og_url":"https:\/\/compuviper.mx\/tienda\/producto\/dahua-vto2202fp-frente-de-calle-para-videoportero-ip-metalico-camara-de-2-mp-con-160-grados-de-apertura-proteccion-ik07-exterior-ip65-vision-nocturna-poe-indicador-voz-apertura-chapa\/","og_site_name":"Compuviper","article_publisher":"https:\/\/www.facebook.com\/compuviper","article_modified_time":"2026-04-11T06:00:40+00:00","og_image":[{"width":200,"height":200,"url":"https:\/\/compuviper.mx\/tienda\/wp-content\/uploads\/2023\/12\/Control-de-accesodahuavto2202fpfrente-de-calle-para-videoportero-ip-metalico-camara-de-2-megapixeles-con-160-grados-de-apertura-proteccion-ik07-exterior-ip65-vision-nocturna-poe-indicador-d.jpg","type":"image\/jpeg"}],"twitter_card":"summary_large_image","twitter_misc":{"Precio":"&#36;2,491 con IVA","Availability":"In stock"},"schema":{"@context":"https:\/\/schema.org","@graph":[{"@type":"WebPage","@id":"https:\/\/compuviper.mx\/tienda\/producto\/dahua-vto2202fp-frente-de-calle-para-videoportero-ip-metalico-camara-de-2-mp-con-160-grados-de-apertura-proteccion-ik07-exterior-ip65-vision-nocturna-poe-indicador-voz-apertura-chapa\/","url":"https:\/\/compuviper.mx\/tienda\/producto\/dahua-vto2202fp-frente-de-calle-para-videoportero-ip-metalico-camara-de-2-mp-con-160-grados-de-apertura-proteccion-ik07-exterior-ip65-vision-nocturna-poe-indicador-voz-apertura-chapa\/","name":"[ Dahua ] &#129351; Vto2202fp Frente De Calle Para Videoportero Ip\/\/\/ Metalico\/ Camara De 2 Mp\/ Con 160 Grados De Apertura\/ Proteccion Ik07\/exterior Ip65\/vision Nocturna\/poe\/indicador Voz\/apertura Chapa","isPartOf":{"@id":"https:\/\/compuviper.mx\/tienda\/#website"},"datePublished":"2026-04-11T05:09:11+00:00","dateModified":"2026-04-11T06:00:40+00:00","description":"Compra Vto2202fp Frente De Calle Para Videoportero Ip\/\/\/ Metalico\/ Camara De 2 Mp\/ Con 160 Grados De Apertura\/ Proteccion Ik07\/exterior Ip65\/vision Nocturna\/poe\/indicador Voz\/apertura Chapa + Env\u00edo a domicilio + Pago seguro + Garant\u00eda","breadcrumb":{"@id":"https:\/\/compuviper.mx\/tienda\/producto\/dahua-vto2202fp-frente-de-calle-para-videoportero-ip-metalico-camara-de-2-mp-con-160-grados-de-apertura-proteccion-ik07-exterior-ip65-vision-nocturna-poe-indicador-voz-apertura-chapa\/#breadcrumb"},"inLanguage":"es-MX","potentialAction":[{"@type":"ReadAction","target":["https:\/\/compuviper.mx\/tienda\/producto\/dahua-vto2202fp-frente-de-calle-para-videoportero-ip-metalico-camara-de-2-mp-con-160-grados-de-apertura-proteccion-ik07-exterior-ip65-vision-nocturna-poe-indicador-voz-apertura-chapa\/"]}]},{"@type":"BreadcrumbList","@id":"https:\/\/compuviper.mx\/tienda\/producto\/dahua-vto2202fp-frente-de-calle-para-videoportero-ip-metalico-camara-de-2-mp-con-160-grados-de-apertura-proteccion-ik07-exterior-ip65-vision-nocturna-poe-indicador-voz-apertura-chapa\/#breadcrumb","itemListElement":[{"@type":"ListItem","position":1,"name":"Inicio","item":"https:\/\/compuviper.mx\/tienda\/"},{"@type":"ListItem","position":2,"name":"Productos","item":"https:\/\/compuviper.mx\/tienda\/productos\/"},{"@type":"ListItem","position":3,"name":"Control De Acceso Y Asistencia","item":"https:\/\/compuviper.mx\/tienda\/categoria-producto\/control-de-acceso-y-asistencia\/"},{"@type":"ListItem","position":4,"name":"Videoporteros","item":"https:\/\/compuviper.mx\/tienda\/categoria-producto\/control-de-acceso-y-asistencia\/videoporteros\/"},{"@type":"ListItem","position":5,"name":"Dahua Vto2202fp Frente De Calle Para Videoportero Ip\/\/\/ Metalico\/ Camara De 2 Mp\/ Con 160 Grados De Apertura\/ Proteccion Ik07\/exterior Ip65\/vision Nocturna\/poe\/indicador Voz\/apertura Chapa"}]},{"@type":"WebSite","@id":"https:\/\/compuviper.mx\/tienda\/#website","url":"https:\/\/compuviper.mx\/tienda\/","name":"Compuviper","description":"Proveedor de Computadoras, Laptops, Servidores, Monitores, Puntos de Venta, Teclados,   Impresoras, T\u00f3ner, C\u00e1maras de Seguridad y m\u00e1s en tu tienda en l\u00ednea","publisher":{"@id":"https:\/\/compuviper.mx\/tienda\/#organization"},"potentialAction":[{"@type":"SearchAction","target":{"@type":"EntryPoint","urlTemplate":"https:\/\/compuviper.mx\/tienda\/?s={search_term_string}"},"query-input":"required name=search_term_string"}],"inLanguage":"es-MX"},{"@type":"Organization","@id":"https:\/\/compuviper.mx\/tienda\/#organization","name":"Compuviper","url":"https:\/\/compuviper.mx\/tienda\/","logo":{"@type":"ImageObject","inLanguage":"es-MX","@id":"https:\/\/compuviper.mx\/tienda\/#\/schema\/logo\/image\/","url":"https:\/\/compuviper.mx\/tienda\/wp-content\/uploads\/2021\/08\/Logo-Compuviper-10.png","contentUrl":"https:\/\/compuviper.mx\/tienda\/wp-content\/uploads\/2021\/08\/Logo-Compuviper-10.png","width":1000,"height":500,"caption":"Compuviper"},"image":{"@id":"https:\/\/compuviper.mx\/tienda\/#\/schema\/logo\/image\/"},"sameAs":["https:\/\/www.facebook.com\/compuviper","https:\/\/www.youtube.com\/channel\/UCf73dERp9Y3cfOq7q8BhLjA?view_as=subscriber"]}]},"product_brand":"DAHUA","product_price_amount":"2491","product_price_currency":"MXN","og_availability":"instock","product_availability":"instock","product_retailer_item_id":"VTO2202FP","product_condition":"new"},"_links":{"self":[{"href":"https:\/\/compuviper.mx\/tienda\/wp-json\/wp\/v2\/product\/210787"}],"collection":[{"href":"https:\/\/compuviper.mx\/tienda\/wp-json\/wp\/v2\/product"}],"about":[{"href":"https:\/\/compuviper.mx\/tienda\/wp-json\/wp\/v2\/types\/product"}],"replies":[{"embeddable":true,"href":"https:\/\/compuviper.mx\/tienda\/wp-json\/wp\/v2\/comments?post=210787"}],"wp:featuredmedia":[{"embeddable":true,"href":"https:\/\/compuviper.mx\/tienda\/wp-json\/wp\/v2\/media\/210788"}],"wp:attachment":[{"href":"https:\/\/compuviper.mx\/tienda\/wp-json\/wp\/v2\/media?parent=210787"}],"wp:term":[{"taxonomy":"product_cat","embeddable":true,"href":"https:\/\/compuviper.mx\/tienda\/wp-json\/wp\/v2\/product_cat?post=210787"},{"taxonomy":"product_tag","embeddable":true,"href":"https:\/\/compuviper.mx\/tienda\/wp-json\/wp\/v2\/product_tag?post=210787"}],"curies":[{"name":"wp","href":"https:\/\/api.w.org\/{rel}","templated":true}]}}