{"id":210748,"date":"2026-04-01T23:10:27","date_gmt":"2026-04-02T05:10:27","guid":{"rendered":"https:\/\/compuviper.mx\/tienda\/producto\/horion-hp-3s-pluma-inteligente-funcin-6-en-1-rf-2-4g-bluetooth-nfc-comandos-de-voz\/"},"modified":"2026-04-01T23:10:27","modified_gmt":"2026-04-02T05:10:27","slug":"horion-hp-3s-pluma-inteligente-funcin-6-en-1-rf-2-4g-bluetooth-nfc-comandos-de-voz","status":"publish","type":"product","link":"https:\/\/compuviper.mx\/tienda\/producto\/horion-hp-3s-pluma-inteligente-funcin-6-en-1-rf-2-4g-bluetooth-nfc-comandos-de-voz\/","title":{"rendered":"Horion Hp-3s Pluma Inteligente   Funcin 6 En 1 Rf 2.4g Bluetooth Nfc Comandos De Voz"},"content":{"rendered":"<table class=\"descripcion\">\n<tr>\n<td>Conectividad, 2.4ghz rf, bluetooth y nfc.<\/td>\n<\/tr>\n<tr>\n<td>Led indicador y apuntador<\/td>\n<\/tr>\n<tr>\n<td>3 simples botones, vinvular y adelante y atras.<\/td>\n<\/tr>\n<tr>\n<td>Voltaje de operacion 3.7 v cc<\/td>\n<\/tr>\n<tr>\n<td>Receptor soporta usb 3.0 2.0 1.1<\/td>\n<\/tr>\n<tr>\n<td>Compatibilidad: windows 10\/ 7 \/xp android 4 o mayor<\/td>\n<\/tr>\n<\/table>\n","protected":false},"excerpt":{"rendered":"<p>El atractivo color oscuro de la pistola, la tecnolog\u00eda de oxidaci\u00f3n con chorro de arena y la apariencia elegante y sencilla han sido patentados en todo el pa\u00eds. El tama\u00f1o y la forma del bol\u00edgrafo se adaptan cuidadosamente en funci\u00f3n del h\u00e1bito de los usuarios de sujetar el bol\u00edgrafo para proporcionar una sensaci\u00f3n de sujeci\u00f3n c\u00f3moda. Punta hemisf\u00e9rica de nano bol\u00edgrafo, \u00e1ngulo de inclinaci\u00f3n agudo, capaz de simular el efecto de escritura natural que contribuye a escribir con fluidez y le permite disfrutar de la experiencia de escritura natural. Coloque su bol\u00edgrafo inteligente cerca del \u00e1rea nfc de la pantalla plana interactiva, t\u00f3quelo para ingresar a la interfaz de pizarra y t\u00f3quelo nuevamente para regresar a la interfaz anterior. De esta forma, puede cambiar las interfaces entre la pizarra y la presentaci\u00f3n del documento en la reuni\u00f3n a voluntad. Realice una p\u00e1gina ppt r\u00e1pida hacia arriba \/ abajo a trav\u00e9s de la tecla de flecha arriba \/ abajo sin ninguna latencia. Su distancia de control remoto es de unos 15 metros, lo que satisface los requisitos de la mayor\u00eda de los escenarios de reuniones. El l\u00e1piz horion smart es compatible con el control de voz que permite que su entrada por voz se reconozca autom\u00e1ticamente en lugar de escribir un mont\u00f3n de palabras, lo que hace que las reuniones sean eficientes. La bater\u00eda de litio de alto rendimiento incorporada con servicio duradero y alta capacidad lo mantiene pensando sin interrupciones.<\/p>\n","protected":false},"featured_media":210749,"comment_status":"open","ping_status":"open","template":"","meta":[],"product_cat":[1485,1877],"product_tag":[2196],"acf":[],"yoast_head":"<!-- This site is optimized with the Yoast SEO plugin v21.7 - https:\/\/yoast.com\/wordpress\/plugins\/seo\/ -->\n<title>[ Horion ] &#129351; Hp-3s Pluma Inteligente Funcin 6 En 1 Rf 2.4g Bluetooth Nfc Comandos De Voz<\/title>\n<meta name=\"description\" content=\"Compra Hp-3s Pluma Inteligente Funcin 6 En 1 Rf 2.4g Bluetooth Nfc Comandos De Voz + Env\u00edo a domicilio + Pago seguro + Garant\u00eda\" \/>\n<meta name=\"robots\" content=\"index, follow, max-snippet:-1, max-image-preview:large, max-video-preview:-1\" \/>\n<link rel=\"canonical\" href=\"https:\/\/compuviper.mx\/tienda\/producto\/horion-hp-3s-pluma-inteligente-funcin-6-en-1-rf-2-4g-bluetooth-nfc-comandos-de-voz\/\" \/>\n<meta property=\"og:locale\" content=\"es_MX\" \/>\n<meta property=\"og:type\" content=\"article\" \/>\n<meta property=\"og:title\" content=\"[ Horion ] &#129351; Hp-3s Pluma Inteligente Funcin 6 En 1 Rf 2.4g Bluetooth Nfc Comandos De Voz\" \/>\n<meta property=\"og:description\" content=\"Compra Hp-3s Pluma Inteligente Funcin 6 En 1 Rf 2.4g Bluetooth Nfc Comandos De Voz + Env\u00edo a domicilio + Pago seguro + Garant\u00eda\" \/>\n<meta property=\"og:url\" content=\"https:\/\/compuviper.mx\/tienda\/producto\/horion-hp-3s-pluma-inteligente-funcin-6-en-1-rf-2-4g-bluetooth-nfc-comandos-de-voz\/\" \/>\n<meta property=\"og:site_name\" content=\"Compuviper\" \/>\n<meta property=\"article:publisher\" content=\"https:\/\/www.facebook.com\/compuviper\" \/>\n<meta property=\"og:image\" content=\"https:\/\/compuviper.mx\/tienda\/wp-content\/uploads\/2023\/12\/Pluma-inteligente-horion-hp-3s-funcin-6-en-1-rf-2.4g-bluetooth-nfc-comandos-de-voz.jpg\" \/>\n\t<meta property=\"og:image:width\" content=\"200\" \/>\n\t<meta property=\"og:image:height\" content=\"200\" \/>\n\t<meta property=\"og:image:type\" content=\"image\/jpeg\" \/>\n<meta name=\"twitter:card\" content=\"summary_large_image\" \/>\n<meta name=\"twitter:label1\" content=\"Precio\" \/>\n\t<meta name=\"twitter:data1\" content=\"&#36;935 con IVA\" \/>\n\t<meta name=\"twitter:label2\" content=\"Availability\" \/>\n\t<meta name=\"twitter:data2\" content=\"In stock\" \/>\n<script type=\"application\/ld+json\" class=\"yoast-schema-graph\">{\"@context\":\"https:\/\/schema.org\",\"@graph\":[{\"@type\":\"WebPage\",\"@id\":\"https:\/\/compuviper.mx\/tienda\/producto\/horion-hp-3s-pluma-inteligente-funcin-6-en-1-rf-2-4g-bluetooth-nfc-comandos-de-voz\/\",\"url\":\"https:\/\/compuviper.mx\/tienda\/producto\/horion-hp-3s-pluma-inteligente-funcin-6-en-1-rf-2-4g-bluetooth-nfc-comandos-de-voz\/\",\"name\":\"[ Horion ] &#129351; Hp-3s Pluma Inteligente Funcin 6 En 1 Rf 2.4g Bluetooth Nfc Comandos De Voz\",\"isPartOf\":{\"@id\":\"https:\/\/compuviper.mx\/tienda\/#website\"},\"datePublished\":\"2026-04-02T05:10:27+00:00\",\"dateModified\":\"2026-04-02T05:10:27+00:00\",\"description\":\"Compra Hp-3s Pluma Inteligente Funcin 6 En 1 Rf 2.4g Bluetooth Nfc Comandos De Voz + Env\u00edo a domicilio + Pago seguro + Garant\u00eda\",\"breadcrumb\":{\"@id\":\"https:\/\/compuviper.mx\/tienda\/producto\/horion-hp-3s-pluma-inteligente-funcin-6-en-1-rf-2-4g-bluetooth-nfc-comandos-de-voz\/#breadcrumb\"},\"inLanguage\":\"es-MX\",\"potentialAction\":[{\"@type\":\"ReadAction\",\"target\":[\"https:\/\/compuviper.mx\/tienda\/producto\/horion-hp-3s-pluma-inteligente-funcin-6-en-1-rf-2-4g-bluetooth-nfc-comandos-de-voz\/\"]}]},{\"@type\":\"BreadcrumbList\",\"@id\":\"https:\/\/compuviper.mx\/tienda\/producto\/horion-hp-3s-pluma-inteligente-funcin-6-en-1-rf-2-4g-bluetooth-nfc-comandos-de-voz\/#breadcrumb\",\"itemListElement\":[{\"@type\":\"ListItem\",\"position\":1,\"name\":\"Inicio\",\"item\":\"https:\/\/compuviper.mx\/tienda\/\"},{\"@type\":\"ListItem\",\"position\":2,\"name\":\"Productos\",\"item\":\"https:\/\/compuviper.mx\/tienda\/productos\/\"},{\"@type\":\"ListItem\",\"position\":3,\"name\":\"Accesorios\",\"item\":\"https:\/\/compuviper.mx\/tienda\/categoria-producto\/accesorios\/\"},{\"@type\":\"ListItem\",\"position\":4,\"name\":\"Pluma Interactiva\",\"item\":\"https:\/\/compuviper.mx\/tienda\/categoria-producto\/accesorios\/pluma-interactiva\/\"},{\"@type\":\"ListItem\",\"position\":5,\"name\":\"Horion Hp-3s Pluma Inteligente Funcin 6 En 1 Rf 2.4g Bluetooth Nfc Comandos De Voz\"}]},{\"@type\":\"WebSite\",\"@id\":\"https:\/\/compuviper.mx\/tienda\/#website\",\"url\":\"https:\/\/compuviper.mx\/tienda\/\",\"name\":\"Compuviper\",\"description\":\"Proveedor de Computadoras, Laptops, Servidores, Monitores, Puntos de Venta, Teclados,   Impresoras, T\u00f3ner, C\u00e1maras de Seguridad y m\u00e1s en tu tienda en l\u00ednea\",\"publisher\":{\"@id\":\"https:\/\/compuviper.mx\/tienda\/#organization\"},\"potentialAction\":[{\"@type\":\"SearchAction\",\"target\":{\"@type\":\"EntryPoint\",\"urlTemplate\":\"https:\/\/compuviper.mx\/tienda\/?s={search_term_string}\"},\"query-input\":\"required name=search_term_string\"}],\"inLanguage\":\"es-MX\"},{\"@type\":\"Organization\",\"@id\":\"https:\/\/compuviper.mx\/tienda\/#organization\",\"name\":\"Compuviper\",\"url\":\"https:\/\/compuviper.mx\/tienda\/\",\"logo\":{\"@type\":\"ImageObject\",\"inLanguage\":\"es-MX\",\"@id\":\"https:\/\/compuviper.mx\/tienda\/#\/schema\/logo\/image\/\",\"url\":\"https:\/\/compuviper.mx\/tienda\/wp-content\/uploads\/2021\/08\/Logo-Compuviper-10.png\",\"contentUrl\":\"https:\/\/compuviper.mx\/tienda\/wp-content\/uploads\/2021\/08\/Logo-Compuviper-10.png\",\"width\":1000,\"height\":500,\"caption\":\"Compuviper\"},\"image\":{\"@id\":\"https:\/\/compuviper.mx\/tienda\/#\/schema\/logo\/image\/\"},\"sameAs\":[\"https:\/\/www.facebook.com\/compuviper\",\"https:\/\/www.youtube.com\/channel\/UCf73dERp9Y3cfOq7q8BhLjA?view_as=subscriber\"]}]}<\/script>\n<meta property=\"product:brand\" content=\"Horion\" \/>\n<meta property=\"product:price:amount\" content=\"935\" \/>\n<meta property=\"product:price:currency\" content=\"MXN\" \/>\n<meta property=\"og:availability\" content=\"instock\" \/>\n<meta property=\"product:availability\" content=\"instock\" \/>\n<meta property=\"product:retailer_item_id\" content=\"HP-3S\" \/>\n<meta property=\"product:condition\" content=\"new\" \/>\n<!-- \/ Yoast SEO plugin. -->","yoast_head_json":{"title":"[ Horion ] &#129351; Hp-3s Pluma Inteligente Funcin 6 En 1 Rf 2.4g Bluetooth Nfc Comandos De Voz","description":"Compra Hp-3s Pluma Inteligente Funcin 6 En 1 Rf 2.4g Bluetooth Nfc Comandos De Voz + Env\u00edo a domicilio + Pago seguro + Garant\u00eda","robots":{"index":"index","follow":"follow","max-snippet":"max-snippet:-1","max-image-preview":"max-image-preview:large","max-video-preview":"max-video-preview:-1"},"canonical":"https:\/\/compuviper.mx\/tienda\/producto\/horion-hp-3s-pluma-inteligente-funcin-6-en-1-rf-2-4g-bluetooth-nfc-comandos-de-voz\/","og_locale":"es_MX","og_type":"article","og_title":"[ Horion ] &#129351; Hp-3s Pluma Inteligente Funcin 6 En 1 Rf 2.4g Bluetooth Nfc Comandos De Voz","og_description":"Compra Hp-3s Pluma Inteligente Funcin 6 En 1 Rf 2.4g Bluetooth Nfc Comandos De Voz + Env\u00edo a domicilio + Pago seguro + Garant\u00eda","og_url":"https:\/\/compuviper.mx\/tienda\/producto\/horion-hp-3s-pluma-inteligente-funcin-6-en-1-rf-2-4g-bluetooth-nfc-comandos-de-voz\/","og_site_name":"Compuviper","article_publisher":"https:\/\/www.facebook.com\/compuviper","og_image":[{"width":200,"height":200,"url":"https:\/\/compuviper.mx\/tienda\/wp-content\/uploads\/2023\/12\/Pluma-inteligente-horion-hp-3s-funcin-6-en-1-rf-2.4g-bluetooth-nfc-comandos-de-voz.jpg","type":"image\/jpeg"}],"twitter_card":"summary_large_image","twitter_misc":{"Precio":"&#36;935 con IVA","Availability":"In stock"},"schema":{"@context":"https:\/\/schema.org","@graph":[{"@type":"WebPage","@id":"https:\/\/compuviper.mx\/tienda\/producto\/horion-hp-3s-pluma-inteligente-funcin-6-en-1-rf-2-4g-bluetooth-nfc-comandos-de-voz\/","url":"https:\/\/compuviper.mx\/tienda\/producto\/horion-hp-3s-pluma-inteligente-funcin-6-en-1-rf-2-4g-bluetooth-nfc-comandos-de-voz\/","name":"[ Horion ] &#129351; Hp-3s Pluma Inteligente Funcin 6 En 1 Rf 2.4g Bluetooth Nfc Comandos De Voz","isPartOf":{"@id":"https:\/\/compuviper.mx\/tienda\/#website"},"datePublished":"2026-04-02T05:10:27+00:00","dateModified":"2026-04-02T05:10:27+00:00","description":"Compra Hp-3s Pluma Inteligente Funcin 6 En 1 Rf 2.4g Bluetooth Nfc Comandos De Voz + Env\u00edo a domicilio + Pago seguro + Garant\u00eda","breadcrumb":{"@id":"https:\/\/compuviper.mx\/tienda\/producto\/horion-hp-3s-pluma-inteligente-funcin-6-en-1-rf-2-4g-bluetooth-nfc-comandos-de-voz\/#breadcrumb"},"inLanguage":"es-MX","potentialAction":[{"@type":"ReadAction","target":["https:\/\/compuviper.mx\/tienda\/producto\/horion-hp-3s-pluma-inteligente-funcin-6-en-1-rf-2-4g-bluetooth-nfc-comandos-de-voz\/"]}]},{"@type":"BreadcrumbList","@id":"https:\/\/compuviper.mx\/tienda\/producto\/horion-hp-3s-pluma-inteligente-funcin-6-en-1-rf-2-4g-bluetooth-nfc-comandos-de-voz\/#breadcrumb","itemListElement":[{"@type":"ListItem","position":1,"name":"Inicio","item":"https:\/\/compuviper.mx\/tienda\/"},{"@type":"ListItem","position":2,"name":"Productos","item":"https:\/\/compuviper.mx\/tienda\/productos\/"},{"@type":"ListItem","position":3,"name":"Accesorios","item":"https:\/\/compuviper.mx\/tienda\/categoria-producto\/accesorios\/"},{"@type":"ListItem","position":4,"name":"Pluma Interactiva","item":"https:\/\/compuviper.mx\/tienda\/categoria-producto\/accesorios\/pluma-interactiva\/"},{"@type":"ListItem","position":5,"name":"Horion Hp-3s Pluma Inteligente Funcin 6 En 1 Rf 2.4g Bluetooth Nfc Comandos De Voz"}]},{"@type":"WebSite","@id":"https:\/\/compuviper.mx\/tienda\/#website","url":"https:\/\/compuviper.mx\/tienda\/","name":"Compuviper","description":"Proveedor de Computadoras, Laptops, Servidores, Monitores, Puntos de Venta, Teclados,   Impresoras, T\u00f3ner, C\u00e1maras de Seguridad y m\u00e1s en tu tienda en l\u00ednea","publisher":{"@id":"https:\/\/compuviper.mx\/tienda\/#organization"},"potentialAction":[{"@type":"SearchAction","target":{"@type":"EntryPoint","urlTemplate":"https:\/\/compuviper.mx\/tienda\/?s={search_term_string}"},"query-input":"required name=search_term_string"}],"inLanguage":"es-MX"},{"@type":"Organization","@id":"https:\/\/compuviper.mx\/tienda\/#organization","name":"Compuviper","url":"https:\/\/compuviper.mx\/tienda\/","logo":{"@type":"ImageObject","inLanguage":"es-MX","@id":"https:\/\/compuviper.mx\/tienda\/#\/schema\/logo\/image\/","url":"https:\/\/compuviper.mx\/tienda\/wp-content\/uploads\/2021\/08\/Logo-Compuviper-10.png","contentUrl":"https:\/\/compuviper.mx\/tienda\/wp-content\/uploads\/2021\/08\/Logo-Compuviper-10.png","width":1000,"height":500,"caption":"Compuviper"},"image":{"@id":"https:\/\/compuviper.mx\/tienda\/#\/schema\/logo\/image\/"},"sameAs":["https:\/\/www.facebook.com\/compuviper","https:\/\/www.youtube.com\/channel\/UCf73dERp9Y3cfOq7q8BhLjA?view_as=subscriber"]}]},"product_brand":"Horion","product_price_amount":"935","product_price_currency":"MXN","og_availability":"instock","product_availability":"instock","product_retailer_item_id":"HP-3S","product_condition":"new"},"_links":{"self":[{"href":"https:\/\/compuviper.mx\/tienda\/wp-json\/wp\/v2\/product\/210748"}],"collection":[{"href":"https:\/\/compuviper.mx\/tienda\/wp-json\/wp\/v2\/product"}],"about":[{"href":"https:\/\/compuviper.mx\/tienda\/wp-json\/wp\/v2\/types\/product"}],"replies":[{"embeddable":true,"href":"https:\/\/compuviper.mx\/tienda\/wp-json\/wp\/v2\/comments?post=210748"}],"wp:featuredmedia":[{"embeddable":true,"href":"https:\/\/compuviper.mx\/tienda\/wp-json\/wp\/v2\/media\/210749"}],"wp:attachment":[{"href":"https:\/\/compuviper.mx\/tienda\/wp-json\/wp\/v2\/media?parent=210748"}],"wp:term":[{"taxonomy":"product_cat","embeddable":true,"href":"https:\/\/compuviper.mx\/tienda\/wp-json\/wp\/v2\/product_cat?post=210748"},{"taxonomy":"product_tag","embeddable":true,"href":"https:\/\/compuviper.mx\/tienda\/wp-json\/wp\/v2\/product_tag?post=210748"}],"curies":[{"name":"wp","href":"https:\/\/api.w.org\/{rel}","templated":true}]}}