{"id":210746,"date":"2026-04-01T23:10:26","date_gmt":"2026-04-02T05:10:26","guid":{"rendered":"https:\/\/compuviper.mx\/tienda\/producto\/horion-ops-i5-mdulo-de-cmputo-para-pizarron-interactivo\/"},"modified":"2026-04-01T23:10:26","modified_gmt":"2026-04-02T05:10:26","slug":"horion-ops-i5-mdulo-de-cmputo-para-pizarron-interactivo","status":"publish","type":"product","link":"https:\/\/compuviper.mx\/tienda\/producto\/horion-ops-i5-mdulo-de-cmputo-para-pizarron-interactivo\/","title":{"rendered":"Horion Ops-i5 Mdulo De Cmputo   Para Pizarron Interactivo"},"content":{"rendered":"<table class=\"descripcion\">\n<tr>\n<td>Procesador lntel\u00aecoretmi 15 &#8211; 10400 2.9 ghz<\/td>\n<\/tr>\n<tr>\n<td>Almacenamiento 128g\/256g ssd<\/td>\n<\/tr>\n<tr>\n<td>Ram 8g\/16g\/32g(2 x so-dimm ddr4, max 32gb)<\/td>\n<\/tr>\n<tr>\n<td>Chipset h510<\/td>\n<\/tr>\n<tr>\n<td>Network card realtek gigabit ethernet<\/td>\n<\/tr>\n<tr>\n<td>Wifi m.2 2230 wifi\/bt module<\/td>\n<\/tr>\n<tr>\n<td>Tarjeta de sonido realtek alc897 hd audio ic\/usb audio ic<\/td>\n<\/tr>\n<tr>\n<td>*3 usb2.0<\/td>\n<\/tr>\n<tr>\n<td>*3 usb3.0<\/td>\n<\/tr>\n<tr>\n<td>*1 usb type c<\/td>\n<\/tr>\n<tr>\n<td>*1 rj45 10\/100\/1000m<\/td>\n<\/tr>\n<tr>\n<td>*2 wifi\/bt ant<\/td>\n<\/tr>\n<tr>\n<td>*1 3.5mm line out<\/td>\n<\/tr>\n<tr>\n<td>*1 3.5mm micin<\/td>\n<\/tr>\n<tr>\n<td>*1 80-pin(hdmi2.0 out*1,usb3.0*1,usb2.0*2 ttl)<\/td>\n<\/tr>\n<tr>\n<td>*1 hdmi4k30hz<\/td>\n<\/tr>\n<tr>\n<td>*1 power button<\/td>\n<\/tr>\n<tr>\n<td>*1 recover button<\/td>\n<\/tr>\n<tr>\n<td>*1 power led<\/td>\n<\/tr>\n<tr>\n<td>*1 ssd led<\/td>\n<\/tr>\n<tr>\n<td>*1 dp4k60hz<\/td>\n<\/tr>\n<\/table>\n","protected":false},"excerpt":{"rendered":"<p>Grado industrial, alto performance portable. Mini pc basada en el estandar intel ops con dise\u00f1o plug and play compatible con pizarrones interactivos para uso dual de sistema operativo.<\/p>\n","protected":false},"featured_media":210747,"comment_status":"open","ping_status":"open","template":"","meta":[],"product_cat":[1485,1506],"product_tag":[2196],"acf":[],"yoast_head":"<!-- This site is optimized with the Yoast SEO plugin v21.7 - https:\/\/yoast.com\/wordpress\/plugins\/seo\/ -->\n<title>[ Horion ] &#129351; Ops-i5 Mdulo De Cmputo Para Pizarron Interactivo<\/title>\n<meta name=\"description\" content=\"Compra Ops-i5 Mdulo De Cmputo Para Pizarron Interactivo + Env\u00edo a domicilio + Pago seguro + Garant\u00eda\" \/>\n<meta name=\"robots\" content=\"index, follow, max-snippet:-1, max-image-preview:large, max-video-preview:-1\" \/>\n<link rel=\"canonical\" href=\"https:\/\/compuviper.mx\/tienda\/producto\/horion-ops-i5-mdulo-de-cmputo-para-pizarron-interactivo\/\" \/>\n<meta property=\"og:locale\" content=\"es_MX\" \/>\n<meta property=\"og:type\" content=\"article\" \/>\n<meta property=\"og:title\" content=\"[ Horion ] &#129351; Ops-i5 Mdulo De Cmputo Para Pizarron Interactivo\" \/>\n<meta property=\"og:description\" content=\"Compra Ops-i5 Mdulo De Cmputo Para Pizarron Interactivo + Env\u00edo a domicilio + Pago seguro + Garant\u00eda\" \/>\n<meta property=\"og:url\" content=\"https:\/\/compuviper.mx\/tienda\/producto\/horion-ops-i5-mdulo-de-cmputo-para-pizarron-interactivo\/\" \/>\n<meta property=\"og:site_name\" content=\"Compuviper\" \/>\n<meta property=\"article:publisher\" content=\"https:\/\/www.facebook.com\/compuviper\" \/>\n<meta property=\"og:image\" content=\"https:\/\/compuviper.mx\/tienda\/wp-content\/uploads\/2023\/12\/Mdulo-de-cmputo-horion-ops-i5-para-pizarron-interactivo.jpg\" \/>\n\t<meta property=\"og:image:width\" content=\"200\" \/>\n\t<meta property=\"og:image:height\" content=\"200\" \/>\n\t<meta property=\"og:image:type\" content=\"image\/jpeg\" \/>\n<meta name=\"twitter:card\" content=\"summary_large_image\" \/>\n<meta name=\"twitter:label1\" content=\"Precio\" \/>\n\t<meta name=\"twitter:data1\" content=\"&#36;13,029 con IVA\" \/>\n\t<meta name=\"twitter:label2\" content=\"Availability\" \/>\n\t<meta name=\"twitter:data2\" content=\"In stock\" \/>\n<script type=\"application\/ld+json\" class=\"yoast-schema-graph\">{\"@context\":\"https:\/\/schema.org\",\"@graph\":[{\"@type\":\"WebPage\",\"@id\":\"https:\/\/compuviper.mx\/tienda\/producto\/horion-ops-i5-mdulo-de-cmputo-para-pizarron-interactivo\/\",\"url\":\"https:\/\/compuviper.mx\/tienda\/producto\/horion-ops-i5-mdulo-de-cmputo-para-pizarron-interactivo\/\",\"name\":\"[ Horion ] &#129351; Ops-i5 Mdulo De Cmputo Para Pizarron Interactivo\",\"isPartOf\":{\"@id\":\"https:\/\/compuviper.mx\/tienda\/#website\"},\"datePublished\":\"2026-04-02T05:10:26+00:00\",\"dateModified\":\"2026-04-02T05:10:26+00:00\",\"description\":\"Compra Ops-i5 Mdulo De Cmputo Para Pizarron Interactivo + Env\u00edo a domicilio + Pago seguro + Garant\u00eda\",\"breadcrumb\":{\"@id\":\"https:\/\/compuviper.mx\/tienda\/producto\/horion-ops-i5-mdulo-de-cmputo-para-pizarron-interactivo\/#breadcrumb\"},\"inLanguage\":\"es-MX\",\"potentialAction\":[{\"@type\":\"ReadAction\",\"target\":[\"https:\/\/compuviper.mx\/tienda\/producto\/horion-ops-i5-mdulo-de-cmputo-para-pizarron-interactivo\/\"]}]},{\"@type\":\"BreadcrumbList\",\"@id\":\"https:\/\/compuviper.mx\/tienda\/producto\/horion-ops-i5-mdulo-de-cmputo-para-pizarron-interactivo\/#breadcrumb\",\"itemListElement\":[{\"@type\":\"ListItem\",\"position\":1,\"name\":\"Inicio\",\"item\":\"https:\/\/compuviper.mx\/tienda\/\"},{\"@type\":\"ListItem\",\"position\":2,\"name\":\"Productos\",\"item\":\"https:\/\/compuviper.mx\/tienda\/productos\/\"},{\"@type\":\"ListItem\",\"position\":3,\"name\":\"Accesorios\",\"item\":\"https:\/\/compuviper.mx\/tienda\/categoria-producto\/accesorios\/\"},{\"@type\":\"ListItem\",\"position\":4,\"name\":\"Conectividad\",\"item\":\"https:\/\/compuviper.mx\/tienda\/categoria-producto\/accesorios\/conectividad\/\"},{\"@type\":\"ListItem\",\"position\":5,\"name\":\"Horion Ops-i5 Mdulo De Cmputo Para Pizarron Interactivo\"}]},{\"@type\":\"WebSite\",\"@id\":\"https:\/\/compuviper.mx\/tienda\/#website\",\"url\":\"https:\/\/compuviper.mx\/tienda\/\",\"name\":\"Compuviper\",\"description\":\"Proveedor de Computadoras, Laptops, Servidores, Monitores, Puntos de Venta, Teclados,   Impresoras, T\u00f3ner, C\u00e1maras de Seguridad y m\u00e1s en tu tienda en l\u00ednea\",\"publisher\":{\"@id\":\"https:\/\/compuviper.mx\/tienda\/#organization\"},\"potentialAction\":[{\"@type\":\"SearchAction\",\"target\":{\"@type\":\"EntryPoint\",\"urlTemplate\":\"https:\/\/compuviper.mx\/tienda\/?s={search_term_string}\"},\"query-input\":\"required name=search_term_string\"}],\"inLanguage\":\"es-MX\"},{\"@type\":\"Organization\",\"@id\":\"https:\/\/compuviper.mx\/tienda\/#organization\",\"name\":\"Compuviper\",\"url\":\"https:\/\/compuviper.mx\/tienda\/\",\"logo\":{\"@type\":\"ImageObject\",\"inLanguage\":\"es-MX\",\"@id\":\"https:\/\/compuviper.mx\/tienda\/#\/schema\/logo\/image\/\",\"url\":\"https:\/\/compuviper.mx\/tienda\/wp-content\/uploads\/2021\/08\/Logo-Compuviper-10.png\",\"contentUrl\":\"https:\/\/compuviper.mx\/tienda\/wp-content\/uploads\/2021\/08\/Logo-Compuviper-10.png\",\"width\":1000,\"height\":500,\"caption\":\"Compuviper\"},\"image\":{\"@id\":\"https:\/\/compuviper.mx\/tienda\/#\/schema\/logo\/image\/\"},\"sameAs\":[\"https:\/\/www.facebook.com\/compuviper\",\"https:\/\/www.youtube.com\/channel\/UCf73dERp9Y3cfOq7q8BhLjA?view_as=subscriber\"]}]}<\/script>\n<meta property=\"product:brand\" content=\"Horion\" \/>\n<meta property=\"product:price:amount\" content=\"13029\" \/>\n<meta property=\"product:price:currency\" content=\"MXN\" \/>\n<meta property=\"og:availability\" content=\"instock\" \/>\n<meta property=\"product:availability\" content=\"instock\" \/>\n<meta property=\"product:retailer_item_id\" content=\"OPS-I5\" \/>\n<meta property=\"product:condition\" content=\"new\" \/>\n<!-- \/ Yoast SEO plugin. -->","yoast_head_json":{"title":"[ Horion ] &#129351; Ops-i5 Mdulo De Cmputo Para Pizarron Interactivo","description":"Compra Ops-i5 Mdulo De Cmputo Para Pizarron Interactivo + Env\u00edo a domicilio + Pago seguro + Garant\u00eda","robots":{"index":"index","follow":"follow","max-snippet":"max-snippet:-1","max-image-preview":"max-image-preview:large","max-video-preview":"max-video-preview:-1"},"canonical":"https:\/\/compuviper.mx\/tienda\/producto\/horion-ops-i5-mdulo-de-cmputo-para-pizarron-interactivo\/","og_locale":"es_MX","og_type":"article","og_title":"[ Horion ] &#129351; Ops-i5 Mdulo De Cmputo Para Pizarron Interactivo","og_description":"Compra Ops-i5 Mdulo De Cmputo Para Pizarron Interactivo + Env\u00edo a domicilio + Pago seguro + Garant\u00eda","og_url":"https:\/\/compuviper.mx\/tienda\/producto\/horion-ops-i5-mdulo-de-cmputo-para-pizarron-interactivo\/","og_site_name":"Compuviper","article_publisher":"https:\/\/www.facebook.com\/compuviper","og_image":[{"width":200,"height":200,"url":"https:\/\/compuviper.mx\/tienda\/wp-content\/uploads\/2023\/12\/Mdulo-de-cmputo-horion-ops-i5-para-pizarron-interactivo.jpg","type":"image\/jpeg"}],"twitter_card":"summary_large_image","twitter_misc":{"Precio":"&#36;13,029 con IVA","Availability":"In stock"},"schema":{"@context":"https:\/\/schema.org","@graph":[{"@type":"WebPage","@id":"https:\/\/compuviper.mx\/tienda\/producto\/horion-ops-i5-mdulo-de-cmputo-para-pizarron-interactivo\/","url":"https:\/\/compuviper.mx\/tienda\/producto\/horion-ops-i5-mdulo-de-cmputo-para-pizarron-interactivo\/","name":"[ Horion ] &#129351; Ops-i5 Mdulo De Cmputo Para Pizarron Interactivo","isPartOf":{"@id":"https:\/\/compuviper.mx\/tienda\/#website"},"datePublished":"2026-04-02T05:10:26+00:00","dateModified":"2026-04-02T05:10:26+00:00","description":"Compra Ops-i5 Mdulo De Cmputo Para Pizarron Interactivo + Env\u00edo a domicilio + Pago seguro + Garant\u00eda","breadcrumb":{"@id":"https:\/\/compuviper.mx\/tienda\/producto\/horion-ops-i5-mdulo-de-cmputo-para-pizarron-interactivo\/#breadcrumb"},"inLanguage":"es-MX","potentialAction":[{"@type":"ReadAction","target":["https:\/\/compuviper.mx\/tienda\/producto\/horion-ops-i5-mdulo-de-cmputo-para-pizarron-interactivo\/"]}]},{"@type":"BreadcrumbList","@id":"https:\/\/compuviper.mx\/tienda\/producto\/horion-ops-i5-mdulo-de-cmputo-para-pizarron-interactivo\/#breadcrumb","itemListElement":[{"@type":"ListItem","position":1,"name":"Inicio","item":"https:\/\/compuviper.mx\/tienda\/"},{"@type":"ListItem","position":2,"name":"Productos","item":"https:\/\/compuviper.mx\/tienda\/productos\/"},{"@type":"ListItem","position":3,"name":"Accesorios","item":"https:\/\/compuviper.mx\/tienda\/categoria-producto\/accesorios\/"},{"@type":"ListItem","position":4,"name":"Conectividad","item":"https:\/\/compuviper.mx\/tienda\/categoria-producto\/accesorios\/conectividad\/"},{"@type":"ListItem","position":5,"name":"Horion Ops-i5 Mdulo De Cmputo Para Pizarron Interactivo"}]},{"@type":"WebSite","@id":"https:\/\/compuviper.mx\/tienda\/#website","url":"https:\/\/compuviper.mx\/tienda\/","name":"Compuviper","description":"Proveedor de Computadoras, Laptops, Servidores, Monitores, Puntos de Venta, Teclados,   Impresoras, T\u00f3ner, C\u00e1maras de Seguridad y m\u00e1s en tu tienda en l\u00ednea","publisher":{"@id":"https:\/\/compuviper.mx\/tienda\/#organization"},"potentialAction":[{"@type":"SearchAction","target":{"@type":"EntryPoint","urlTemplate":"https:\/\/compuviper.mx\/tienda\/?s={search_term_string}"},"query-input":"required name=search_term_string"}],"inLanguage":"es-MX"},{"@type":"Organization","@id":"https:\/\/compuviper.mx\/tienda\/#organization","name":"Compuviper","url":"https:\/\/compuviper.mx\/tienda\/","logo":{"@type":"ImageObject","inLanguage":"es-MX","@id":"https:\/\/compuviper.mx\/tienda\/#\/schema\/logo\/image\/","url":"https:\/\/compuviper.mx\/tienda\/wp-content\/uploads\/2021\/08\/Logo-Compuviper-10.png","contentUrl":"https:\/\/compuviper.mx\/tienda\/wp-content\/uploads\/2021\/08\/Logo-Compuviper-10.png","width":1000,"height":500,"caption":"Compuviper"},"image":{"@id":"https:\/\/compuviper.mx\/tienda\/#\/schema\/logo\/image\/"},"sameAs":["https:\/\/www.facebook.com\/compuviper","https:\/\/www.youtube.com\/channel\/UCf73dERp9Y3cfOq7q8BhLjA?view_as=subscriber"]}]},"product_brand":"Horion","product_price_amount":"13029","product_price_currency":"MXN","og_availability":"instock","product_availability":"instock","product_retailer_item_id":"OPS-I5","product_condition":"new"},"_links":{"self":[{"href":"https:\/\/compuviper.mx\/tienda\/wp-json\/wp\/v2\/product\/210746"}],"collection":[{"href":"https:\/\/compuviper.mx\/tienda\/wp-json\/wp\/v2\/product"}],"about":[{"href":"https:\/\/compuviper.mx\/tienda\/wp-json\/wp\/v2\/types\/product"}],"replies":[{"embeddable":true,"href":"https:\/\/compuviper.mx\/tienda\/wp-json\/wp\/v2\/comments?post=210746"}],"wp:featuredmedia":[{"embeddable":true,"href":"https:\/\/compuviper.mx\/tienda\/wp-json\/wp\/v2\/media\/210747"}],"wp:attachment":[{"href":"https:\/\/compuviper.mx\/tienda\/wp-json\/wp\/v2\/media?parent=210746"}],"wp:term":[{"taxonomy":"product_cat","embeddable":true,"href":"https:\/\/compuviper.mx\/tienda\/wp-json\/wp\/v2\/product_cat?post=210746"},{"taxonomy":"product_tag","embeddable":true,"href":"https:\/\/compuviper.mx\/tienda\/wp-json\/wp\/v2\/product_tag?post=210746"}],"curies":[{"name":"wp","href":"https:\/\/api.w.org\/{rel}","templated":true}]}}