{"id":210688,"date":"2026-04-01T23:10:09","date_gmt":"2026-04-02T05:10:09","guid":{"rendered":"https:\/\/compuviper.mx\/tienda\/producto\/startech-com-10302-st-modulo-transceptor-sfp-compatible-con-el-modelo-10302-de-extreme-networks-10gbase-lr-fibra-monomodo-de-10gbe-sfp-ethernet-gigabit-10gb-lc-10km-1310nm-ddm\/"},"modified":"2026-04-01T23:10:09","modified_gmt":"2026-04-02T05:10:09","slug":"startech-com-10302-st-modulo-transceptor-sfp-compatible-con-el-modelo-10302-de-extreme-networks-10gbase-lr-fibra-monomodo-de-10gbe-sfp-ethernet-gigabit-10gb-lc-10km-1310nm-ddm","status":"publish","type":"product","link":"https:\/\/compuviper.mx\/tienda\/producto\/startech-com-10302-st-modulo-transceptor-sfp-compatible-con-el-modelo-10302-de-extreme-networks-10gbase-lr-fibra-monomodo-de-10gbe-sfp-ethernet-gigabit-10gb-lc-10km-1310nm-ddm\/","title":{"rendered":"Startech.com 10302-st Modulo Transceptor Sfp  Compatible Con El Modelo 10302 De Extreme Networks &#8211; 10gbase-lr &#8211; Fibra Monomodo De 10gbe &#8211; Sfp Ethernet Gigabit 10gb &#8211; Lc 10km &#8211; 1310nm &#8211; Ddm"},"content":{"rendered":"<table class=\"descripcion\">\n<tr>\n<td>100 compatible con extreme networks 10302: ha sido disenado, programado y probado para su funcionamiento con enrutadores y conmutadores extreme networks compatibles, para conectividad 10gbe fiable<\/td>\n<\/tr>\n<tr>\n<td>Especificaciones tecnicas: 10gbase-lr | 10gbps | monomodo | conector lc | 1310nm | ddm digital diagnostic monitoring, monitorizacin de diagnostico digital | distancias de hasta 10km<\/td>\n<\/tr>\n<tr>\n<td>Probado para compatibilidad con dispositivo oem anfitrion: intercambiable en caliente en enrutadores y conmutadores extreme networks; la compatibilidad con ddm informa del estado del transceptor a la mayoria de las herramientas de gestion de red snmp<\/td>\n<\/tr>\n<tr>\n<td>Funciona con conmutadores compatibles con msa: tambien funciona con los modelos de conmutador ubiquiti, d-link, netgear, supermicro, tp-link y otras, las cuales admiten modulos no codificados<\/td>\n<\/tr>\n<tr>\n<td>La eleccion de los profesionales de la informatica: disenada y fabricada para los profesionales de informatica, este modulo sfp esta respaldado de por vida vida util del modulo, no del conmutador de red, incluyendo asistencia tecnica multilingue gratuita de por vida 24\/5<\/td>\n<\/tr>\n<\/table>\n","protected":false},"excerpt":{"rendered":"<p>El modelo 10302-st es un modulo transceptor sfp por fibra optica compatible con el modelo 10302 de extreme networks disenado, programado y probado para su funcionamiento con routers y switches de la marca extreme networks. Ofrece conectividad confiable a 10 gbe, a traves de cable de fibra optica, para redes compatibles con 10gbase-lr, a una distancia maxima de hasta 10 km. Especificaciones tecnicas. Longitud de onda: 1310 nm. Maxima tasa de transferencia de datos: 10 gbps. Tipo: monomodo. Tipo de conexion: conector de lc. Distancia maxima de transferencia: 10 km. Mtbf: 1,386,624,697 horas. Consumo energetico:   1.3 w. Ddm digital diagnostics monitoring, monitorizacion de diagnostico digital: si. Este modulo sfp por fibra optica admite el intercambio en caliente, lo cual facilita las actualizaciones y reemplazos, ya que minimiza las interrupciones de conexion en la red.<\/p>\n","protected":false},"featured_media":210689,"comment_status":"open","ping_status":"open","template":"","meta":[],"product_cat":[1485,1581],"product_tag":[1590],"acf":[],"yoast_head":"<!-- This site is optimized with the Yoast SEO plugin v21.7 - https:\/\/yoast.com\/wordpress\/plugins\/seo\/ -->\n<title>[ Startech.com ] &#129351; 10302-st Modulo Transceptor Sfp Compatible Con El Modelo 10302 De Extreme Networks - 10gbase-lr - Fibra Monomodo De 10gbe - Sfp Ethernet Gigabit 10gb - Lc 10km - 1310nm - Ddm<\/title>\n<meta name=\"description\" content=\"Compra 10302-st Modulo Transceptor Sfp Compatible Con El Modelo 10302 De Extreme Networks - 10gbase-lr - Fibra Monomodo De 10gbe - Sfp Ethernet Gigabit 10gb - Lc 10km - 1310nm - Ddm + Env\u00edo a domicilio + Pago seguro + Garant\u00eda\" \/>\n<meta name=\"robots\" content=\"index, follow, max-snippet:-1, max-image-preview:large, max-video-preview:-1\" \/>\n<link rel=\"canonical\" href=\"https:\/\/compuviper.mx\/tienda\/producto\/startech-com-10302-st-modulo-transceptor-sfp-compatible-con-el-modelo-10302-de-extreme-networks-10gbase-lr-fibra-monomodo-de-10gbe-sfp-ethernet-gigabit-10gb-lc-10km-1310nm-ddm\/\" \/>\n<meta property=\"og:locale\" content=\"es_MX\" \/>\n<meta property=\"og:type\" content=\"article\" \/>\n<meta property=\"og:title\" content=\"[ Startech.com ] &#129351; 10302-st Modulo Transceptor Sfp Compatible Con El Modelo 10302 De Extreme Networks - 10gbase-lr - Fibra Monomodo De 10gbe - Sfp Ethernet Gigabit 10gb - Lc 10km - 1310nm - Ddm\" \/>\n<meta property=\"og:description\" content=\"Compra 10302-st Modulo Transceptor Sfp Compatible Con El Modelo 10302 De Extreme Networks - 10gbase-lr - Fibra Monomodo De 10gbe - Sfp Ethernet Gigabit 10gb - Lc 10km - 1310nm - Ddm + Env\u00edo a domicilio + Pago seguro + Garant\u00eda\" \/>\n<meta property=\"og:url\" content=\"https:\/\/compuviper.mx\/tienda\/producto\/startech-com-10302-st-modulo-transceptor-sfp-compatible-con-el-modelo-10302-de-extreme-networks-10gbase-lr-fibra-monomodo-de-10gbe-sfp-ethernet-gigabit-10gb-lc-10km-1310nm-ddm\/\" \/>\n<meta property=\"og:site_name\" content=\"Compuviper\" \/>\n<meta property=\"article:publisher\" content=\"https:\/\/www.facebook.com\/compuviper\" \/>\n<meta property=\"og:image\" content=\"https:\/\/compuviper.mx\/tienda\/wp-content\/uploads\/2023\/12\/Modulo-transceptor-sfp-startech.com-compatible-con-el-modelo-10302-de-extreme-networks-10gbase-lr-fibra-monomodo-de-10gbe-sfp-ethernet-gigabit-10gb-lc-10km-1310nm-ddm.jpg\" \/>\n\t<meta property=\"og:image:width\" content=\"200\" \/>\n\t<meta property=\"og:image:height\" content=\"200\" \/>\n\t<meta property=\"og:image:type\" content=\"image\/jpeg\" \/>\n<meta name=\"twitter:card\" content=\"summary_large_image\" \/>\n<meta name=\"twitter:label1\" content=\"Precio\" \/>\n\t<meta name=\"twitter:data1\" content=\"&#36;5,106 con IVA\" \/>\n\t<meta name=\"twitter:label2\" content=\"Availability\" \/>\n\t<meta name=\"twitter:data2\" content=\"Out of stock\" \/>\n<script type=\"application\/ld+json\" class=\"yoast-schema-graph\">{\"@context\":\"https:\/\/schema.org\",\"@graph\":[{\"@type\":\"WebPage\",\"@id\":\"https:\/\/compuviper.mx\/tienda\/producto\/startech-com-10302-st-modulo-transceptor-sfp-compatible-con-el-modelo-10302-de-extreme-networks-10gbase-lr-fibra-monomodo-de-10gbe-sfp-ethernet-gigabit-10gb-lc-10km-1310nm-ddm\/\",\"url\":\"https:\/\/compuviper.mx\/tienda\/producto\/startech-com-10302-st-modulo-transceptor-sfp-compatible-con-el-modelo-10302-de-extreme-networks-10gbase-lr-fibra-monomodo-de-10gbe-sfp-ethernet-gigabit-10gb-lc-10km-1310nm-ddm\/\",\"name\":\"[ Startech.com ] &#129351; 10302-st Modulo Transceptor Sfp Compatible Con El Modelo 10302 De Extreme Networks - 10gbase-lr - Fibra Monomodo De 10gbe - Sfp Ethernet Gigabit 10gb - Lc 10km - 1310nm - Ddm\",\"isPartOf\":{\"@id\":\"https:\/\/compuviper.mx\/tienda\/#website\"},\"datePublished\":\"2026-04-02T05:10:09+00:00\",\"dateModified\":\"2026-04-02T05:10:09+00:00\",\"description\":\"Compra 10302-st Modulo Transceptor Sfp Compatible Con El Modelo 10302 De Extreme Networks - 10gbase-lr - Fibra Monomodo De 10gbe - Sfp Ethernet Gigabit 10gb - Lc 10km - 1310nm - Ddm + Env\u00edo a domicilio + Pago seguro + Garant\u00eda\",\"breadcrumb\":{\"@id\":\"https:\/\/compuviper.mx\/tienda\/producto\/startech-com-10302-st-modulo-transceptor-sfp-compatible-con-el-modelo-10302-de-extreme-networks-10gbase-lr-fibra-monomodo-de-10gbe-sfp-ethernet-gigabit-10gb-lc-10km-1310nm-ddm\/#breadcrumb\"},\"inLanguage\":\"es-MX\",\"potentialAction\":[{\"@type\":\"ReadAction\",\"target\":[\"https:\/\/compuviper.mx\/tienda\/producto\/startech-com-10302-st-modulo-transceptor-sfp-compatible-con-el-modelo-10302-de-extreme-networks-10gbase-lr-fibra-monomodo-de-10gbe-sfp-ethernet-gigabit-10gb-lc-10km-1310nm-ddm\/\"]}]},{\"@type\":\"BreadcrumbList\",\"@id\":\"https:\/\/compuviper.mx\/tienda\/producto\/startech-com-10302-st-modulo-transceptor-sfp-compatible-con-el-modelo-10302-de-extreme-networks-10gbase-lr-fibra-monomodo-de-10gbe-sfp-ethernet-gigabit-10gb-lc-10km-1310nm-ddm\/#breadcrumb\",\"itemListElement\":[{\"@type\":\"ListItem\",\"position\":1,\"name\":\"Inicio\",\"item\":\"https:\/\/compuviper.mx\/tienda\/\"},{\"@type\":\"ListItem\",\"position\":2,\"name\":\"Productos\",\"item\":\"https:\/\/compuviper.mx\/tienda\/productos\/\"},{\"@type\":\"ListItem\",\"position\":3,\"name\":\"Accesorios\",\"item\":\"https:\/\/compuviper.mx\/tienda\/categoria-producto\/accesorios\/\"},{\"@type\":\"ListItem\",\"position\":4,\"name\":\"Redes\",\"item\":\"https:\/\/compuviper.mx\/tienda\/categoria-producto\/accesorios\/redes-accesorios\/\"},{\"@type\":\"ListItem\",\"position\":5,\"name\":\"Startech.com 10302-st Modulo Transceptor Sfp Compatible Con El Modelo 10302 De Extreme Networks &#8211; 10gbase-lr &#8211; Fibra Monomodo De 10gbe &#8211; Sfp Ethernet Gigabit 10gb &#8211; Lc 10km &#8211; 1310nm &#8211; Ddm\"}]},{\"@type\":\"WebSite\",\"@id\":\"https:\/\/compuviper.mx\/tienda\/#website\",\"url\":\"https:\/\/compuviper.mx\/tienda\/\",\"name\":\"Compuviper\",\"description\":\"Proveedor de Computadoras, Laptops, Servidores, Monitores, Puntos de Venta, Teclados,   Impresoras, T\u00f3ner, C\u00e1maras de Seguridad y m\u00e1s en tu tienda en l\u00ednea\",\"publisher\":{\"@id\":\"https:\/\/compuviper.mx\/tienda\/#organization\"},\"potentialAction\":[{\"@type\":\"SearchAction\",\"target\":{\"@type\":\"EntryPoint\",\"urlTemplate\":\"https:\/\/compuviper.mx\/tienda\/?s={search_term_string}\"},\"query-input\":\"required name=search_term_string\"}],\"inLanguage\":\"es-MX\"},{\"@type\":\"Organization\",\"@id\":\"https:\/\/compuviper.mx\/tienda\/#organization\",\"name\":\"Compuviper\",\"url\":\"https:\/\/compuviper.mx\/tienda\/\",\"logo\":{\"@type\":\"ImageObject\",\"inLanguage\":\"es-MX\",\"@id\":\"https:\/\/compuviper.mx\/tienda\/#\/schema\/logo\/image\/\",\"url\":\"https:\/\/compuviper.mx\/tienda\/wp-content\/uploads\/2021\/08\/Logo-Compuviper-10.png\",\"contentUrl\":\"https:\/\/compuviper.mx\/tienda\/wp-content\/uploads\/2021\/08\/Logo-Compuviper-10.png\",\"width\":1000,\"height\":500,\"caption\":\"Compuviper\"},\"image\":{\"@id\":\"https:\/\/compuviper.mx\/tienda\/#\/schema\/logo\/image\/\"},\"sameAs\":[\"https:\/\/www.facebook.com\/compuviper\",\"https:\/\/www.youtube.com\/channel\/UCf73dERp9Y3cfOq7q8BhLjA?view_as=subscriber\"]}]}<\/script>\n<meta property=\"product:brand\" content=\"STARTECH.COM\" \/>\n<meta property=\"product:price:amount\" content=\"5106\" \/>\n<meta property=\"product:price:currency\" content=\"MXN\" \/>\n<meta property=\"og:availability\" content=\"out of stock\" \/>\n<meta property=\"product:availability\" content=\"out of stock\" \/>\n<meta property=\"product:retailer_item_id\" content=\"10302-ST\" \/>\n<meta property=\"product:condition\" content=\"new\" \/>\n<!-- \/ Yoast SEO plugin. -->","yoast_head_json":{"title":"[ Startech.com ] &#129351; 10302-st Modulo Transceptor Sfp Compatible Con El Modelo 10302 De Extreme Networks - 10gbase-lr - Fibra Monomodo De 10gbe - Sfp Ethernet Gigabit 10gb - Lc 10km - 1310nm - Ddm","description":"Compra 10302-st Modulo Transceptor Sfp Compatible Con El Modelo 10302 De Extreme Networks - 10gbase-lr - Fibra Monomodo De 10gbe - Sfp Ethernet Gigabit 10gb - Lc 10km - 1310nm - Ddm + Env\u00edo a domicilio + Pago seguro + Garant\u00eda","robots":{"index":"index","follow":"follow","max-snippet":"max-snippet:-1","max-image-preview":"max-image-preview:large","max-video-preview":"max-video-preview:-1"},"canonical":"https:\/\/compuviper.mx\/tienda\/producto\/startech-com-10302-st-modulo-transceptor-sfp-compatible-con-el-modelo-10302-de-extreme-networks-10gbase-lr-fibra-monomodo-de-10gbe-sfp-ethernet-gigabit-10gb-lc-10km-1310nm-ddm\/","og_locale":"es_MX","og_type":"article","og_title":"[ Startech.com ] &#129351; 10302-st Modulo Transceptor Sfp Compatible Con El Modelo 10302 De Extreme Networks - 10gbase-lr - Fibra Monomodo De 10gbe - Sfp Ethernet Gigabit 10gb - Lc 10km - 1310nm - Ddm","og_description":"Compra 10302-st Modulo Transceptor Sfp Compatible Con El Modelo 10302 De Extreme Networks - 10gbase-lr - Fibra Monomodo De 10gbe - Sfp Ethernet Gigabit 10gb - Lc 10km - 1310nm - Ddm + Env\u00edo a domicilio + Pago seguro + Garant\u00eda","og_url":"https:\/\/compuviper.mx\/tienda\/producto\/startech-com-10302-st-modulo-transceptor-sfp-compatible-con-el-modelo-10302-de-extreme-networks-10gbase-lr-fibra-monomodo-de-10gbe-sfp-ethernet-gigabit-10gb-lc-10km-1310nm-ddm\/","og_site_name":"Compuviper","article_publisher":"https:\/\/www.facebook.com\/compuviper","og_image":[{"width":200,"height":200,"url":"https:\/\/compuviper.mx\/tienda\/wp-content\/uploads\/2023\/12\/Modulo-transceptor-sfp-startech.com-compatible-con-el-modelo-10302-de-extreme-networks-10gbase-lr-fibra-monomodo-de-10gbe-sfp-ethernet-gigabit-10gb-lc-10km-1310nm-ddm.jpg","type":"image\/jpeg"}],"twitter_card":"summary_large_image","twitter_misc":{"Precio":"&#36;5,106 con IVA","Availability":"Out of stock"},"schema":{"@context":"https:\/\/schema.org","@graph":[{"@type":"WebPage","@id":"https:\/\/compuviper.mx\/tienda\/producto\/startech-com-10302-st-modulo-transceptor-sfp-compatible-con-el-modelo-10302-de-extreme-networks-10gbase-lr-fibra-monomodo-de-10gbe-sfp-ethernet-gigabit-10gb-lc-10km-1310nm-ddm\/","url":"https:\/\/compuviper.mx\/tienda\/producto\/startech-com-10302-st-modulo-transceptor-sfp-compatible-con-el-modelo-10302-de-extreme-networks-10gbase-lr-fibra-monomodo-de-10gbe-sfp-ethernet-gigabit-10gb-lc-10km-1310nm-ddm\/","name":"[ Startech.com ] &#129351; 10302-st Modulo Transceptor Sfp Compatible Con El Modelo 10302 De Extreme Networks - 10gbase-lr - Fibra Monomodo De 10gbe - Sfp Ethernet Gigabit 10gb - Lc 10km - 1310nm - Ddm","isPartOf":{"@id":"https:\/\/compuviper.mx\/tienda\/#website"},"datePublished":"2026-04-02T05:10:09+00:00","dateModified":"2026-04-02T05:10:09+00:00","description":"Compra 10302-st Modulo Transceptor Sfp Compatible Con El Modelo 10302 De Extreme Networks - 10gbase-lr - Fibra Monomodo De 10gbe - Sfp Ethernet Gigabit 10gb - Lc 10km - 1310nm - Ddm + Env\u00edo a domicilio + Pago seguro + Garant\u00eda","breadcrumb":{"@id":"https:\/\/compuviper.mx\/tienda\/producto\/startech-com-10302-st-modulo-transceptor-sfp-compatible-con-el-modelo-10302-de-extreme-networks-10gbase-lr-fibra-monomodo-de-10gbe-sfp-ethernet-gigabit-10gb-lc-10km-1310nm-ddm\/#breadcrumb"},"inLanguage":"es-MX","potentialAction":[{"@type":"ReadAction","target":["https:\/\/compuviper.mx\/tienda\/producto\/startech-com-10302-st-modulo-transceptor-sfp-compatible-con-el-modelo-10302-de-extreme-networks-10gbase-lr-fibra-monomodo-de-10gbe-sfp-ethernet-gigabit-10gb-lc-10km-1310nm-ddm\/"]}]},{"@type":"BreadcrumbList","@id":"https:\/\/compuviper.mx\/tienda\/producto\/startech-com-10302-st-modulo-transceptor-sfp-compatible-con-el-modelo-10302-de-extreme-networks-10gbase-lr-fibra-monomodo-de-10gbe-sfp-ethernet-gigabit-10gb-lc-10km-1310nm-ddm\/#breadcrumb","itemListElement":[{"@type":"ListItem","position":1,"name":"Inicio","item":"https:\/\/compuviper.mx\/tienda\/"},{"@type":"ListItem","position":2,"name":"Productos","item":"https:\/\/compuviper.mx\/tienda\/productos\/"},{"@type":"ListItem","position":3,"name":"Accesorios","item":"https:\/\/compuviper.mx\/tienda\/categoria-producto\/accesorios\/"},{"@type":"ListItem","position":4,"name":"Redes","item":"https:\/\/compuviper.mx\/tienda\/categoria-producto\/accesorios\/redes-accesorios\/"},{"@type":"ListItem","position":5,"name":"Startech.com 10302-st Modulo Transceptor Sfp Compatible Con El Modelo 10302 De Extreme Networks &#8211; 10gbase-lr &#8211; Fibra Monomodo De 10gbe &#8211; Sfp Ethernet Gigabit 10gb &#8211; Lc 10km &#8211; 1310nm &#8211; Ddm"}]},{"@type":"WebSite","@id":"https:\/\/compuviper.mx\/tienda\/#website","url":"https:\/\/compuviper.mx\/tienda\/","name":"Compuviper","description":"Proveedor de Computadoras, Laptops, Servidores, Monitores, Puntos de Venta, Teclados,   Impresoras, T\u00f3ner, C\u00e1maras de Seguridad y m\u00e1s en tu tienda en l\u00ednea","publisher":{"@id":"https:\/\/compuviper.mx\/tienda\/#organization"},"potentialAction":[{"@type":"SearchAction","target":{"@type":"EntryPoint","urlTemplate":"https:\/\/compuviper.mx\/tienda\/?s={search_term_string}"},"query-input":"required name=search_term_string"}],"inLanguage":"es-MX"},{"@type":"Organization","@id":"https:\/\/compuviper.mx\/tienda\/#organization","name":"Compuviper","url":"https:\/\/compuviper.mx\/tienda\/","logo":{"@type":"ImageObject","inLanguage":"es-MX","@id":"https:\/\/compuviper.mx\/tienda\/#\/schema\/logo\/image\/","url":"https:\/\/compuviper.mx\/tienda\/wp-content\/uploads\/2021\/08\/Logo-Compuviper-10.png","contentUrl":"https:\/\/compuviper.mx\/tienda\/wp-content\/uploads\/2021\/08\/Logo-Compuviper-10.png","width":1000,"height":500,"caption":"Compuviper"},"image":{"@id":"https:\/\/compuviper.mx\/tienda\/#\/schema\/logo\/image\/"},"sameAs":["https:\/\/www.facebook.com\/compuviper","https:\/\/www.youtube.com\/channel\/UCf73dERp9Y3cfOq7q8BhLjA?view_as=subscriber"]}]},"product_brand":"STARTECH.COM","product_price_amount":"5106","product_price_currency":"MXN","og_availability":"out of stock","product_availability":"out of stock","product_retailer_item_id":"10302-ST","product_condition":"new"},"_links":{"self":[{"href":"https:\/\/compuviper.mx\/tienda\/wp-json\/wp\/v2\/product\/210688"}],"collection":[{"href":"https:\/\/compuviper.mx\/tienda\/wp-json\/wp\/v2\/product"}],"about":[{"href":"https:\/\/compuviper.mx\/tienda\/wp-json\/wp\/v2\/types\/product"}],"replies":[{"embeddable":true,"href":"https:\/\/compuviper.mx\/tienda\/wp-json\/wp\/v2\/comments?post=210688"}],"wp:featuredmedia":[{"embeddable":true,"href":"https:\/\/compuviper.mx\/tienda\/wp-json\/wp\/v2\/media\/210689"}],"wp:attachment":[{"href":"https:\/\/compuviper.mx\/tienda\/wp-json\/wp\/v2\/media?parent=210688"}],"wp:term":[{"taxonomy":"product_cat","embeddable":true,"href":"https:\/\/compuviper.mx\/tienda\/wp-json\/wp\/v2\/product_cat?post=210688"},{"taxonomy":"product_tag","embeddable":true,"href":"https:\/\/compuviper.mx\/tienda\/wp-json\/wp\/v2\/product_tag?post=210688"}],"curies":[{"name":"wp","href":"https:\/\/api.w.org\/{rel}","templated":true}]}}