{"id":210672,"date":"2026-04-08T23:08:42","date_gmt":"2026-04-09T05:08:42","guid":{"rendered":"https:\/\/compuviper.mx\/tienda\/producto\/acteck-ac-935579-cargador-de-pared-energon-prime-cp65w-65w-2x-usb-c-1x-usb-a-negro\/"},"modified":"2026-04-08T23:08:42","modified_gmt":"2026-04-09T05:08:42","slug":"acteck-ac-9355797506215935579-cargador-de-pared-energon-prime-cp65w-65w-2x-usb-c-1x-usb-a-negro-ac-935579","status":"publish","type":"product","link":"https:\/\/compuviper.mx\/tienda\/producto\/acteck-ac-9355797506215935579-cargador-de-pared-energon-prime-cp65w-65w-2x-usb-c-1x-usb-a-negro-ac-935579\/","title":{"rendered":"Acteck Ac-935579,7506215935579 Cargador De Pared  Energon Prime Cp65w \/ 65w \/ 2x Usb-c \/ 1x Usb A \/ Negro \/ Ac-935579"},"content":{"rendered":"<table class=\"descripcion\">\n<tr>\n<td>Especificaciones<\/td>\n<\/tr>\n<tr>\n<td>Nombre: cargador de pared<\/td>\n<\/tr>\n<tr>\n<td>Modelo: ac-935579<\/td>\n<\/tr>\n<tr>\n<td>Numero de salidas:<\/td>\n<\/tr>\n<tr>\n<td>\u0095usb a:1<\/td>\n<\/tr>\n<tr>\n<td>\u0095usb c:2<\/td>\n<\/tr>\n<tr>\n<td>Usb a<\/td>\n<\/tr>\n<tr>\n<td>\u0095energa de salida vc.c., ma\/a: 5 vc.c., 3 a, 5 vc.c., 4.5 a , 9 vc.c., 3.0 a<\/td>\n<\/tr>\n<tr>\n<td>\u0095potencia maxima de salida w: 36 w<\/td>\n<\/tr>\n<tr>\n<td>Usb c<\/td>\n<\/tr>\n<tr>\n<td>\u0095energia de salida vc.c., ma\/a: 5 vc.c., 3 a ,9 vc.c., 3 a, 12 vc.c., 3.25 a ,15 vc.v., 3 a,<\/td>\n<\/tr>\n<tr>\n<td>20 vc.c., 3.25 a<\/td>\n<\/tr>\n<tr>\n<td>\u0095potencia maxima de salida w: 2  65 w<\/td>\n<\/tr>\n<tr>\n<td>Energia de entrada: 100 -240 va.c., 50\/60 hz., 0.6 a<\/td>\n<\/tr>\n<tr>\n<td>Energia max. de salida: 65 w<\/td>\n<\/tr>\n<tr>\n<td>Materiales: plastico<\/td>\n<\/tr>\n<tr>\n<td>Color: negro<\/td>\n<\/tr>\n<\/table>\n","protected":false},"excerpt":{"rendered":"<p>Cargador de pared acteck energon prime cp65w \/ 65w \/ 2x usb-c \/ 1x usb a \/ negro \/ ac-935579<\/p>\n","protected":false},"featured_media":210673,"comment_status":"open","ping_status":"open","template":"","meta":[],"product_cat":[1485,1871],"product_tag":[1582],"acf":[],"yoast_head":"<!-- This site is optimized with the Yoast SEO plugin v21.7 - https:\/\/yoast.com\/wordpress\/plugins\/seo\/ -->\n<title>[ Acteck ] &#129351; Ac-935579,7506215935579 Cargador De Pared Energon Prime Cp65w \/ 65w \/ 2x Usb-c \/ 1x Usb A \/ Negro \/ Ac-935579<\/title>\n<meta name=\"description\" content=\"Compra Ac-935579,7506215935579 Cargador De Pared Energon Prime Cp65w \/ 65w \/ 2x Usb-c \/ 1x Usb A \/ Negro \/ Ac-935579 + Env\u00edo a domicilio + Pago seguro + Garant\u00eda\" \/>\n<meta name=\"robots\" content=\"index, follow, max-snippet:-1, max-image-preview:large, max-video-preview:-1\" \/>\n<link rel=\"canonical\" href=\"https:\/\/compuviper.mx\/tienda\/producto\/acteck-ac-9355797506215935579-cargador-de-pared-energon-prime-cp65w-65w-2x-usb-c-1x-usb-a-negro-ac-935579\/\" \/>\n<meta property=\"og:locale\" content=\"es_MX\" \/>\n<meta property=\"og:type\" content=\"article\" \/>\n<meta property=\"og:title\" content=\"[ Acteck ] &#129351; Ac-935579,7506215935579 Cargador De Pared Energon Prime Cp65w \/ 65w \/ 2x Usb-c \/ 1x Usb A \/ Negro \/ Ac-935579\" \/>\n<meta property=\"og:description\" content=\"Compra Ac-935579,7506215935579 Cargador De Pared Energon Prime Cp65w \/ 65w \/ 2x Usb-c \/ 1x Usb A \/ Negro \/ Ac-935579 + Env\u00edo a domicilio + Pago seguro + Garant\u00eda\" \/>\n<meta property=\"og:url\" content=\"https:\/\/compuviper.mx\/tienda\/producto\/acteck-ac-9355797506215935579-cargador-de-pared-energon-prime-cp65w-65w-2x-usb-c-1x-usb-a-negro-ac-935579\/\" \/>\n<meta property=\"og:site_name\" content=\"Compuviper\" \/>\n<meta property=\"article:publisher\" content=\"https:\/\/www.facebook.com\/compuviper\" \/>\n<meta property=\"og:image\" content=\"https:\/\/compuviper.mx\/tienda\/wp-content\/uploads\/2023\/12\/Cargador-de-pared-acteck-energon-prime-cp65w-65w-2x-usb-c-1x-usb-a-negro-ac-935579.jpg\" \/>\n\t<meta property=\"og:image:width\" content=\"200\" \/>\n\t<meta property=\"og:image:height\" content=\"200\" \/>\n\t<meta property=\"og:image:type\" content=\"image\/jpeg\" \/>\n<meta name=\"twitter:card\" content=\"summary_large_image\" \/>\n<meta name=\"twitter:label1\" content=\"Precio\" \/>\n\t<meta name=\"twitter:data1\" content=\"&#36;379 con IVA\" \/>\n\t<meta name=\"twitter:label2\" content=\"Availability\" \/>\n\t<meta name=\"twitter:data2\" content=\"In stock\" \/>\n<script type=\"application\/ld+json\" class=\"yoast-schema-graph\">{\"@context\":\"https:\/\/schema.org\",\"@graph\":[{\"@type\":\"WebPage\",\"@id\":\"https:\/\/compuviper.mx\/tienda\/producto\/acteck-ac-9355797506215935579-cargador-de-pared-energon-prime-cp65w-65w-2x-usb-c-1x-usb-a-negro-ac-935579\/\",\"url\":\"https:\/\/compuviper.mx\/tienda\/producto\/acteck-ac-9355797506215935579-cargador-de-pared-energon-prime-cp65w-65w-2x-usb-c-1x-usb-a-negro-ac-935579\/\",\"name\":\"[ Acteck ] &#129351; Ac-935579,7506215935579 Cargador De Pared Energon Prime Cp65w \/ 65w \/ 2x Usb-c \/ 1x Usb A \/ Negro \/ Ac-935579\",\"isPartOf\":{\"@id\":\"https:\/\/compuviper.mx\/tienda\/#website\"},\"datePublished\":\"2026-04-09T05:08:42+00:00\",\"dateModified\":\"2026-04-09T05:08:42+00:00\",\"description\":\"Compra Ac-935579,7506215935579 Cargador De Pared Energon Prime Cp65w \/ 65w \/ 2x Usb-c \/ 1x Usb A \/ Negro \/ Ac-935579 + Env\u00edo a domicilio + Pago seguro + Garant\u00eda\",\"breadcrumb\":{\"@id\":\"https:\/\/compuviper.mx\/tienda\/producto\/acteck-ac-9355797506215935579-cargador-de-pared-energon-prime-cp65w-65w-2x-usb-c-1x-usb-a-negro-ac-935579\/#breadcrumb\"},\"inLanguage\":\"es-MX\",\"potentialAction\":[{\"@type\":\"ReadAction\",\"target\":[\"https:\/\/compuviper.mx\/tienda\/producto\/acteck-ac-9355797506215935579-cargador-de-pared-energon-prime-cp65w-65w-2x-usb-c-1x-usb-a-negro-ac-935579\/\"]}]},{\"@type\":\"BreadcrumbList\",\"@id\":\"https:\/\/compuviper.mx\/tienda\/producto\/acteck-ac-9355797506215935579-cargador-de-pared-energon-prime-cp65w-65w-2x-usb-c-1x-usb-a-negro-ac-935579\/#breadcrumb\",\"itemListElement\":[{\"@type\":\"ListItem\",\"position\":1,\"name\":\"Inicio\",\"item\":\"https:\/\/compuviper.mx\/tienda\/\"},{\"@type\":\"ListItem\",\"position\":2,\"name\":\"Productos\",\"item\":\"https:\/\/compuviper.mx\/tienda\/productos\/\"},{\"@type\":\"ListItem\",\"position\":3,\"name\":\"Accesorios\",\"item\":\"https:\/\/compuviper.mx\/tienda\/categoria-producto\/accesorios\/\"},{\"@type\":\"ListItem\",\"position\":4,\"name\":\"Cargador De Pared\",\"item\":\"https:\/\/compuviper.mx\/tienda\/categoria-producto\/accesorios\/cargador-de-pared\/\"},{\"@type\":\"ListItem\",\"position\":5,\"name\":\"Acteck Ac-935579,7506215935579 Cargador De Pared Energon Prime Cp65w \/ 65w \/ 2x Usb-c \/ 1x Usb A \/ Negro \/ Ac-935579\"}]},{\"@type\":\"WebSite\",\"@id\":\"https:\/\/compuviper.mx\/tienda\/#website\",\"url\":\"https:\/\/compuviper.mx\/tienda\/\",\"name\":\"Compuviper\",\"description\":\"Proveedor de Computadoras, Laptops, Servidores, Monitores, Puntos de Venta, Teclados,   Impresoras, T\u00f3ner, C\u00e1maras de Seguridad y m\u00e1s en tu tienda en l\u00ednea\",\"publisher\":{\"@id\":\"https:\/\/compuviper.mx\/tienda\/#organization\"},\"potentialAction\":[{\"@type\":\"SearchAction\",\"target\":{\"@type\":\"EntryPoint\",\"urlTemplate\":\"https:\/\/compuviper.mx\/tienda\/?s={search_term_string}\"},\"query-input\":\"required name=search_term_string\"}],\"inLanguage\":\"es-MX\"},{\"@type\":\"Organization\",\"@id\":\"https:\/\/compuviper.mx\/tienda\/#organization\",\"name\":\"Compuviper\",\"url\":\"https:\/\/compuviper.mx\/tienda\/\",\"logo\":{\"@type\":\"ImageObject\",\"inLanguage\":\"es-MX\",\"@id\":\"https:\/\/compuviper.mx\/tienda\/#\/schema\/logo\/image\/\",\"url\":\"https:\/\/compuviper.mx\/tienda\/wp-content\/uploads\/2021\/08\/Logo-Compuviper-10.png\",\"contentUrl\":\"https:\/\/compuviper.mx\/tienda\/wp-content\/uploads\/2021\/08\/Logo-Compuviper-10.png\",\"width\":1000,\"height\":500,\"caption\":\"Compuviper\"},\"image\":{\"@id\":\"https:\/\/compuviper.mx\/tienda\/#\/schema\/logo\/image\/\"},\"sameAs\":[\"https:\/\/www.facebook.com\/compuviper\",\"https:\/\/www.youtube.com\/channel\/UCf73dERp9Y3cfOq7q8BhLjA?view_as=subscriber\"]}]}<\/script>\n<meta property=\"product:brand\" content=\"ACTECK\" \/>\n<meta property=\"product:price:amount\" content=\"379\" \/>\n<meta property=\"product:price:currency\" content=\"MXN\" \/>\n<meta property=\"og:availability\" content=\"instock\" \/>\n<meta property=\"product:availability\" content=\"instock\" \/>\n<meta property=\"product:retailer_item_id\" content=\"AC-935579,7506215935579\" \/>\n<meta property=\"product:condition\" content=\"new\" \/>\n<!-- \/ Yoast SEO plugin. -->","yoast_head_json":{"title":"[ Acteck ] &#129351; Ac-935579,7506215935579 Cargador De Pared Energon Prime Cp65w \/ 65w \/ 2x Usb-c \/ 1x Usb A \/ Negro \/ Ac-935579","description":"Compra Ac-935579,7506215935579 Cargador De Pared Energon Prime Cp65w \/ 65w \/ 2x Usb-c \/ 1x Usb A \/ Negro \/ Ac-935579 + Env\u00edo a domicilio + Pago seguro + Garant\u00eda","robots":{"index":"index","follow":"follow","max-snippet":"max-snippet:-1","max-image-preview":"max-image-preview:large","max-video-preview":"max-video-preview:-1"},"canonical":"https:\/\/compuviper.mx\/tienda\/producto\/acteck-ac-9355797506215935579-cargador-de-pared-energon-prime-cp65w-65w-2x-usb-c-1x-usb-a-negro-ac-935579\/","og_locale":"es_MX","og_type":"article","og_title":"[ Acteck ] &#129351; Ac-935579,7506215935579 Cargador De Pared Energon Prime Cp65w \/ 65w \/ 2x Usb-c \/ 1x Usb A \/ Negro \/ Ac-935579","og_description":"Compra Ac-935579,7506215935579 Cargador De Pared Energon Prime Cp65w \/ 65w \/ 2x Usb-c \/ 1x Usb A \/ Negro \/ Ac-935579 + Env\u00edo a domicilio + Pago seguro + Garant\u00eda","og_url":"https:\/\/compuviper.mx\/tienda\/producto\/acteck-ac-9355797506215935579-cargador-de-pared-energon-prime-cp65w-65w-2x-usb-c-1x-usb-a-negro-ac-935579\/","og_site_name":"Compuviper","article_publisher":"https:\/\/www.facebook.com\/compuviper","og_image":[{"width":200,"height":200,"url":"https:\/\/compuviper.mx\/tienda\/wp-content\/uploads\/2023\/12\/Cargador-de-pared-acteck-energon-prime-cp65w-65w-2x-usb-c-1x-usb-a-negro-ac-935579.jpg","type":"image\/jpeg"}],"twitter_card":"summary_large_image","twitter_misc":{"Precio":"&#36;379 con IVA","Availability":"In stock"},"schema":{"@context":"https:\/\/schema.org","@graph":[{"@type":"WebPage","@id":"https:\/\/compuviper.mx\/tienda\/producto\/acteck-ac-9355797506215935579-cargador-de-pared-energon-prime-cp65w-65w-2x-usb-c-1x-usb-a-negro-ac-935579\/","url":"https:\/\/compuviper.mx\/tienda\/producto\/acteck-ac-9355797506215935579-cargador-de-pared-energon-prime-cp65w-65w-2x-usb-c-1x-usb-a-negro-ac-935579\/","name":"[ Acteck ] &#129351; Ac-935579,7506215935579 Cargador De Pared Energon Prime Cp65w \/ 65w \/ 2x Usb-c \/ 1x Usb A \/ Negro \/ Ac-935579","isPartOf":{"@id":"https:\/\/compuviper.mx\/tienda\/#website"},"datePublished":"2026-04-09T05:08:42+00:00","dateModified":"2026-04-09T05:08:42+00:00","description":"Compra Ac-935579,7506215935579 Cargador De Pared Energon Prime Cp65w \/ 65w \/ 2x Usb-c \/ 1x Usb A \/ Negro \/ Ac-935579 + Env\u00edo a domicilio + Pago seguro + Garant\u00eda","breadcrumb":{"@id":"https:\/\/compuviper.mx\/tienda\/producto\/acteck-ac-9355797506215935579-cargador-de-pared-energon-prime-cp65w-65w-2x-usb-c-1x-usb-a-negro-ac-935579\/#breadcrumb"},"inLanguage":"es-MX","potentialAction":[{"@type":"ReadAction","target":["https:\/\/compuviper.mx\/tienda\/producto\/acteck-ac-9355797506215935579-cargador-de-pared-energon-prime-cp65w-65w-2x-usb-c-1x-usb-a-negro-ac-935579\/"]}]},{"@type":"BreadcrumbList","@id":"https:\/\/compuviper.mx\/tienda\/producto\/acteck-ac-9355797506215935579-cargador-de-pared-energon-prime-cp65w-65w-2x-usb-c-1x-usb-a-negro-ac-935579\/#breadcrumb","itemListElement":[{"@type":"ListItem","position":1,"name":"Inicio","item":"https:\/\/compuviper.mx\/tienda\/"},{"@type":"ListItem","position":2,"name":"Productos","item":"https:\/\/compuviper.mx\/tienda\/productos\/"},{"@type":"ListItem","position":3,"name":"Accesorios","item":"https:\/\/compuviper.mx\/tienda\/categoria-producto\/accesorios\/"},{"@type":"ListItem","position":4,"name":"Cargador De Pared","item":"https:\/\/compuviper.mx\/tienda\/categoria-producto\/accesorios\/cargador-de-pared\/"},{"@type":"ListItem","position":5,"name":"Acteck Ac-935579,7506215935579 Cargador De Pared Energon Prime Cp65w \/ 65w \/ 2x Usb-c \/ 1x Usb A \/ Negro \/ Ac-935579"}]},{"@type":"WebSite","@id":"https:\/\/compuviper.mx\/tienda\/#website","url":"https:\/\/compuviper.mx\/tienda\/","name":"Compuviper","description":"Proveedor de Computadoras, Laptops, Servidores, Monitores, Puntos de Venta, Teclados,   Impresoras, T\u00f3ner, C\u00e1maras de Seguridad y m\u00e1s en tu tienda en l\u00ednea","publisher":{"@id":"https:\/\/compuviper.mx\/tienda\/#organization"},"potentialAction":[{"@type":"SearchAction","target":{"@type":"EntryPoint","urlTemplate":"https:\/\/compuviper.mx\/tienda\/?s={search_term_string}"},"query-input":"required name=search_term_string"}],"inLanguage":"es-MX"},{"@type":"Organization","@id":"https:\/\/compuviper.mx\/tienda\/#organization","name":"Compuviper","url":"https:\/\/compuviper.mx\/tienda\/","logo":{"@type":"ImageObject","inLanguage":"es-MX","@id":"https:\/\/compuviper.mx\/tienda\/#\/schema\/logo\/image\/","url":"https:\/\/compuviper.mx\/tienda\/wp-content\/uploads\/2021\/08\/Logo-Compuviper-10.png","contentUrl":"https:\/\/compuviper.mx\/tienda\/wp-content\/uploads\/2021\/08\/Logo-Compuviper-10.png","width":1000,"height":500,"caption":"Compuviper"},"image":{"@id":"https:\/\/compuviper.mx\/tienda\/#\/schema\/logo\/image\/"},"sameAs":["https:\/\/www.facebook.com\/compuviper","https:\/\/www.youtube.com\/channel\/UCf73dERp9Y3cfOq7q8BhLjA?view_as=subscriber"]}]},"product_brand":"ACTECK","product_price_amount":"379","product_price_currency":"MXN","og_availability":"instock","product_availability":"instock","product_retailer_item_id":"AC-935579,7506215935579","product_condition":"new"},"_links":{"self":[{"href":"https:\/\/compuviper.mx\/tienda\/wp-json\/wp\/v2\/product\/210672"}],"collection":[{"href":"https:\/\/compuviper.mx\/tienda\/wp-json\/wp\/v2\/product"}],"about":[{"href":"https:\/\/compuviper.mx\/tienda\/wp-json\/wp\/v2\/types\/product"}],"replies":[{"embeddable":true,"href":"https:\/\/compuviper.mx\/tienda\/wp-json\/wp\/v2\/comments?post=210672"}],"wp:featuredmedia":[{"embeddable":true,"href":"https:\/\/compuviper.mx\/tienda\/wp-json\/wp\/v2\/media\/210673"}],"wp:attachment":[{"href":"https:\/\/compuviper.mx\/tienda\/wp-json\/wp\/v2\/media?parent=210672"}],"wp:term":[{"taxonomy":"product_cat","embeddable":true,"href":"https:\/\/compuviper.mx\/tienda\/wp-json\/wp\/v2\/product_cat?post=210672"},{"taxonomy":"product_tag","embeddable":true,"href":"https:\/\/compuviper.mx\/tienda\/wp-json\/wp\/v2\/product_tag?post=210672"}],"curies":[{"name":"wp","href":"https:\/\/api.w.org\/{rel}","templated":true}]}}