{"id":210632,"date":"2026-04-17T23:09:39","date_gmt":"2026-04-18T05:09:39","guid":{"rendered":"https:\/\/compuviper.mx\/tienda\/producto\/startech-com-dp2vgahd20-adaptador-de-video-displayport-a-hdmi-vga-dongle-convertidor-displayport-1-2-hbr2-a-hdmi-2-0-o-vga-1080p-mod\/"},"modified":"2026-04-17T23:09:39","modified_gmt":"2026-04-18T05:09:39","slug":"startech-com-dp2vgahd20-adaptador-de-video-displayport-a-hdmi-vga-dongle-convertidor-displayport-1-2-hbr2-a-hdmi-2-0-o-vga-1080p-mod","status":"publish","type":"product","link":"https:\/\/compuviper.mx\/tienda\/producto\/startech-com-dp2vgahd20-adaptador-de-video-displayport-a-hdmi-vga-dongle-convertidor-displayport-1-2-hbr2-a-hdmi-2-0-o-vga-1080p-mod\/","title":{"rendered":"Startech.com Dp2vgahd20 Adaptador De Video Displayport A Hdmi Vga &#8211; Dongle Convertidor Displayport 1.2 Hbr2 A Hdmi 2.0 O Vga 1080p &#8211;  Mod."},"content":{"rendered":"<table class=\"descripcion\">\n<tr>\n<td>Nota: para lograr la calidad hdr, su puerto displayport debe ser compatible con displayport 1.4 y su pantalla debe ser compatible con hdmi 2.0b<\/td>\n<\/tr>\n<tr>\n<td>Id del conjunto de chips: ite tech &#8211; it6564<\/td>\n<\/tr>\n<tr>\n<td>Video revision: hdmi 2.0<\/td>\n<\/tr>\n<tr>\n<td>Resoluciones admitidas: displayport: 3840&#215;2160 (4k) \/ 60hz<\/td>\n<\/tr>\n<tr>\n<td>Vga: 1920&#215;1080 \/ 60hz<\/td>\n<\/tr>\n<tr>\n<td>Color: negro<\/td>\n<\/tr>\n<tr>\n<td>Tipo de gabinete: plastico<\/td>\n<\/tr>\n<tr>\n<td>Active or passive adapter: activo<\/td>\n<\/tr>\n<tr>\n<td>Active or passive adapter: pasivo<\/td>\n<\/tr>\n<tr>\n<td>Entrada a\/v: displayport &#8211; 1.2<\/td>\n<\/tr>\n<tr>\n<td>Salida a\/v: hdmi<\/td>\n<\/tr>\n<tr>\n<td>Salida a\/v: vga<\/td>\n<\/tr>\n<tr>\n<td>Soporte de audio: si<\/td>\n<\/tr>\n<tr>\n<td>Pantalla plana soportada: si<\/td>\n<\/tr>\n<tr>\n<td>Especificaciones de audio:<\/td>\n<\/tr>\n<tr>\n<td>Conector a: 1 displayport (20 pines)<\/td>\n<\/tr>\n<tr>\n<td>Conector b: 1 hdmi (19 pines)<\/td>\n<\/tr>\n<tr>\n<td>Conector b: 1 vga (15 pines, d-sub de alta densidad)<\/td>\n<\/tr>\n<tr>\n<td>Longitud del producto: 232.000 mm<\/td>\n<\/tr>\n<tr>\n<td>Ancho del producto: 60.000 mm<\/td>\n<\/tr>\n<tr>\n<td>Altura del producto: 15.000 mm<\/td>\n<\/tr>\n<tr>\n<td>Peso del producto: 39.000 g<\/td>\n<\/tr>\n<tr>\n<td>Compatibilidad os: windows\u00ae 11, 10<\/td>\n<\/tr>\n<tr>\n<td>Macos big sur (11.0), catalina (10.15), mojave (10.14), high sierra (10.13)<\/td>\n<\/tr>\n<tr>\n<td>Android<\/td>\n<\/tr>\n<\/table>\n","protected":false},"excerpt":{"rendered":"<p>Este adaptador displayport a hdmi vga ofrece una solucion portatil para conectar su laptop dp a una pantalla vga o hdmi . El adaptador es compatible con el alto rango dinamico (hdr) y proporciona imagenes mas nitidas con video mejorado. Pensada para viajar evite la molestia de llevar diferentes adaptadores, con un adaptador de monitor 2 en 1 displayport. Con salidas tanto vga como hdmi puede conectar comodamente su laptop a cualquier pantalla equipada con hdmi o vga, utilizando este convertidor de video multipuerto con su pequeno tamano y su diseno ligero, el adaptador de viaje cabe facilmente en la mochila de la laptop, lo que lo hace perfecto para los profesionales que se desplazan. Asombrosa la salida hdmi de este adaptador de video displayport le permite aprovechar las capacidades de video integradas en la conexion dp de su pc, entregando la asombrosa calidad de uhd a su pantalla hdmi de 4k 60hz. Ademas, la salida vga es compatible con resoluciones hd de hasta 1920 x 1080<\/p>\n","protected":false},"featured_media":210633,"comment_status":"open","ping_status":"open","template":"","meta":[],"product_cat":[1485,1492],"product_tag":[1590],"acf":[],"yoast_head":"<!-- This site is optimized with the Yoast SEO plugin v21.7 - https:\/\/yoast.com\/wordpress\/plugins\/seo\/ -->\n<title>[ Startech.com ] &#129351; Dp2vgahd20 Adaptador De Video Displayport A Hdmi Vga - Dongle Convertidor Displayport 1.2 Hbr2 A Hdmi 2.0 O Vga 1080p - Mod.<\/title>\n<meta name=\"description\" content=\"Compra Dp2vgahd20 Adaptador De Video Displayport A Hdmi Vga - Dongle Convertidor Displayport 1.2 Hbr2 A Hdmi 2.0 O Vga 1080p - Mod. + Env\u00edo a domicilio + Pago seguro + Garant\u00eda\" \/>\n<meta name=\"robots\" content=\"index, follow, max-snippet:-1, max-image-preview:large, max-video-preview:-1\" \/>\n<link rel=\"canonical\" href=\"https:\/\/compuviper.mx\/tienda\/producto\/startech-com-dp2vgahd20-adaptador-de-video-displayport-a-hdmi-vga-dongle-convertidor-displayport-1-2-hbr2-a-hdmi-2-0-o-vga-1080p-mod\/\" \/>\n<meta property=\"og:locale\" content=\"es_MX\" \/>\n<meta property=\"og:type\" content=\"article\" \/>\n<meta property=\"og:title\" content=\"[ Startech.com ] &#129351; Dp2vgahd20 Adaptador De Video Displayport A Hdmi Vga - Dongle Convertidor Displayport 1.2 Hbr2 A Hdmi 2.0 O Vga 1080p - Mod.\" \/>\n<meta property=\"og:description\" content=\"Compra Dp2vgahd20 Adaptador De Video Displayport A Hdmi Vga - Dongle Convertidor Displayport 1.2 Hbr2 A Hdmi 2.0 O Vga 1080p - Mod. + Env\u00edo a domicilio + Pago seguro + Garant\u00eda\" \/>\n<meta property=\"og:url\" content=\"https:\/\/compuviper.mx\/tienda\/producto\/startech-com-dp2vgahd20-adaptador-de-video-displayport-a-hdmi-vga-dongle-convertidor-displayport-1-2-hbr2-a-hdmi-2-0-o-vga-1080p-mod\/\" \/>\n<meta property=\"og:site_name\" content=\"Compuviper\" \/>\n<meta property=\"article:publisher\" content=\"https:\/\/www.facebook.com\/compuviper\" \/>\n<meta property=\"og:image\" content=\"https:\/\/compuviper.mx\/tienda\/wp-content\/uploads\/2023\/12\/Adaptador-de-video-displayport-a-hdmi-vga-dongle-convertidor-displayport-1.2-hbr2-a-hdmi-2.0-o-vga-1080p-startech.com-mod.-dp2vgahd20.jpg\" \/>\n\t<meta property=\"og:image:width\" content=\"200\" \/>\n\t<meta property=\"og:image:height\" content=\"200\" \/>\n\t<meta property=\"og:image:type\" content=\"image\/jpeg\" \/>\n<meta name=\"twitter:card\" content=\"summary_large_image\" \/>\n<meta name=\"twitter:label1\" content=\"Precio\" \/>\n\t<meta name=\"twitter:data1\" content=\"&#36;599 con IVA\" \/>\n\t<meta name=\"twitter:label2\" content=\"Availability\" \/>\n\t<meta name=\"twitter:data2\" content=\"In stock\" \/>\n<script type=\"application\/ld+json\" class=\"yoast-schema-graph\">{\"@context\":\"https:\/\/schema.org\",\"@graph\":[{\"@type\":\"WebPage\",\"@id\":\"https:\/\/compuviper.mx\/tienda\/producto\/startech-com-dp2vgahd20-adaptador-de-video-displayport-a-hdmi-vga-dongle-convertidor-displayport-1-2-hbr2-a-hdmi-2-0-o-vga-1080p-mod\/\",\"url\":\"https:\/\/compuviper.mx\/tienda\/producto\/startech-com-dp2vgahd20-adaptador-de-video-displayport-a-hdmi-vga-dongle-convertidor-displayport-1-2-hbr2-a-hdmi-2-0-o-vga-1080p-mod\/\",\"name\":\"[ Startech.com ] &#129351; Dp2vgahd20 Adaptador De Video Displayport A Hdmi Vga - Dongle Convertidor Displayport 1.2 Hbr2 A Hdmi 2.0 O Vga 1080p - Mod.\",\"isPartOf\":{\"@id\":\"https:\/\/compuviper.mx\/tienda\/#website\"},\"datePublished\":\"2026-04-18T05:09:39+00:00\",\"dateModified\":\"2026-04-18T05:09:39+00:00\",\"description\":\"Compra Dp2vgahd20 Adaptador De Video Displayport A Hdmi Vga - Dongle Convertidor Displayport 1.2 Hbr2 A Hdmi 2.0 O Vga 1080p - Mod. + Env\u00edo a domicilio + Pago seguro + Garant\u00eda\",\"breadcrumb\":{\"@id\":\"https:\/\/compuviper.mx\/tienda\/producto\/startech-com-dp2vgahd20-adaptador-de-video-displayport-a-hdmi-vga-dongle-convertidor-displayport-1-2-hbr2-a-hdmi-2-0-o-vga-1080p-mod\/#breadcrumb\"},\"inLanguage\":\"es-MX\",\"potentialAction\":[{\"@type\":\"ReadAction\",\"target\":[\"https:\/\/compuviper.mx\/tienda\/producto\/startech-com-dp2vgahd20-adaptador-de-video-displayport-a-hdmi-vga-dongle-convertidor-displayport-1-2-hbr2-a-hdmi-2-0-o-vga-1080p-mod\/\"]}]},{\"@type\":\"BreadcrumbList\",\"@id\":\"https:\/\/compuviper.mx\/tienda\/producto\/startech-com-dp2vgahd20-adaptador-de-video-displayport-a-hdmi-vga-dongle-convertidor-displayport-1-2-hbr2-a-hdmi-2-0-o-vga-1080p-mod\/#breadcrumb\",\"itemListElement\":[{\"@type\":\"ListItem\",\"position\":1,\"name\":\"Inicio\",\"item\":\"https:\/\/compuviper.mx\/tienda\/\"},{\"@type\":\"ListItem\",\"position\":2,\"name\":\"Productos\",\"item\":\"https:\/\/compuviper.mx\/tienda\/productos\/\"},{\"@type\":\"ListItem\",\"position\":3,\"name\":\"Accesorios\",\"item\":\"https:\/\/compuviper.mx\/tienda\/categoria-producto\/accesorios\/\"},{\"@type\":\"ListItem\",\"position\":4,\"name\":\"Adaptadores\",\"item\":\"https:\/\/compuviper.mx\/tienda\/categoria-producto\/accesorios\/adaptadores\/\"},{\"@type\":\"ListItem\",\"position\":5,\"name\":\"Startech.com Dp2vgahd20 Adaptador De Video Displayport A Hdmi Vga &#8211; Dongle Convertidor Displayport 1.2 Hbr2 A Hdmi 2.0 O Vga 1080p &#8211; Mod.\"}]},{\"@type\":\"WebSite\",\"@id\":\"https:\/\/compuviper.mx\/tienda\/#website\",\"url\":\"https:\/\/compuviper.mx\/tienda\/\",\"name\":\"Compuviper\",\"description\":\"Proveedor de Computadoras, Laptops, Servidores, Monitores, Puntos de Venta, Teclados,   Impresoras, T\u00f3ner, C\u00e1maras de Seguridad y m\u00e1s en tu tienda en l\u00ednea\",\"publisher\":{\"@id\":\"https:\/\/compuviper.mx\/tienda\/#organization\"},\"potentialAction\":[{\"@type\":\"SearchAction\",\"target\":{\"@type\":\"EntryPoint\",\"urlTemplate\":\"https:\/\/compuviper.mx\/tienda\/?s={search_term_string}\"},\"query-input\":\"required name=search_term_string\"}],\"inLanguage\":\"es-MX\"},{\"@type\":\"Organization\",\"@id\":\"https:\/\/compuviper.mx\/tienda\/#organization\",\"name\":\"Compuviper\",\"url\":\"https:\/\/compuviper.mx\/tienda\/\",\"logo\":{\"@type\":\"ImageObject\",\"inLanguage\":\"es-MX\",\"@id\":\"https:\/\/compuviper.mx\/tienda\/#\/schema\/logo\/image\/\",\"url\":\"https:\/\/compuviper.mx\/tienda\/wp-content\/uploads\/2021\/08\/Logo-Compuviper-10.png\",\"contentUrl\":\"https:\/\/compuviper.mx\/tienda\/wp-content\/uploads\/2021\/08\/Logo-Compuviper-10.png\",\"width\":1000,\"height\":500,\"caption\":\"Compuviper\"},\"image\":{\"@id\":\"https:\/\/compuviper.mx\/tienda\/#\/schema\/logo\/image\/\"},\"sameAs\":[\"https:\/\/www.facebook.com\/compuviper\",\"https:\/\/www.youtube.com\/channel\/UCf73dERp9Y3cfOq7q8BhLjA?view_as=subscriber\"]}]}<\/script>\n<meta property=\"product:brand\" content=\"STARTECH.COM\" \/>\n<meta property=\"product:price:amount\" content=\"599\" \/>\n<meta property=\"product:price:currency\" content=\"MXN\" \/>\n<meta property=\"og:availability\" content=\"instock\" \/>\n<meta property=\"product:availability\" content=\"instock\" \/>\n<meta property=\"product:retailer_item_id\" content=\"DP2VGAHD20\" \/>\n<meta property=\"product:condition\" content=\"new\" \/>\n<!-- \/ Yoast SEO plugin. -->","yoast_head_json":{"title":"[ Startech.com ] &#129351; Dp2vgahd20 Adaptador De Video Displayport A Hdmi Vga - Dongle Convertidor Displayport 1.2 Hbr2 A Hdmi 2.0 O Vga 1080p - Mod.","description":"Compra Dp2vgahd20 Adaptador De Video Displayport A Hdmi Vga - Dongle Convertidor Displayport 1.2 Hbr2 A Hdmi 2.0 O Vga 1080p - Mod. + Env\u00edo a domicilio + Pago seguro + Garant\u00eda","robots":{"index":"index","follow":"follow","max-snippet":"max-snippet:-1","max-image-preview":"max-image-preview:large","max-video-preview":"max-video-preview:-1"},"canonical":"https:\/\/compuviper.mx\/tienda\/producto\/startech-com-dp2vgahd20-adaptador-de-video-displayport-a-hdmi-vga-dongle-convertidor-displayport-1-2-hbr2-a-hdmi-2-0-o-vga-1080p-mod\/","og_locale":"es_MX","og_type":"article","og_title":"[ Startech.com ] &#129351; Dp2vgahd20 Adaptador De Video Displayport A Hdmi Vga - Dongle Convertidor Displayport 1.2 Hbr2 A Hdmi 2.0 O Vga 1080p - Mod.","og_description":"Compra Dp2vgahd20 Adaptador De Video Displayport A Hdmi Vga - Dongle Convertidor Displayport 1.2 Hbr2 A Hdmi 2.0 O Vga 1080p - Mod. + Env\u00edo a domicilio + Pago seguro + Garant\u00eda","og_url":"https:\/\/compuviper.mx\/tienda\/producto\/startech-com-dp2vgahd20-adaptador-de-video-displayport-a-hdmi-vga-dongle-convertidor-displayport-1-2-hbr2-a-hdmi-2-0-o-vga-1080p-mod\/","og_site_name":"Compuviper","article_publisher":"https:\/\/www.facebook.com\/compuviper","og_image":[{"width":200,"height":200,"url":"https:\/\/compuviper.mx\/tienda\/wp-content\/uploads\/2023\/12\/Adaptador-de-video-displayport-a-hdmi-vga-dongle-convertidor-displayport-1.2-hbr2-a-hdmi-2.0-o-vga-1080p-startech.com-mod.-dp2vgahd20.jpg","type":"image\/jpeg"}],"twitter_card":"summary_large_image","twitter_misc":{"Precio":"&#36;599 con IVA","Availability":"In stock"},"schema":{"@context":"https:\/\/schema.org","@graph":[{"@type":"WebPage","@id":"https:\/\/compuviper.mx\/tienda\/producto\/startech-com-dp2vgahd20-adaptador-de-video-displayport-a-hdmi-vga-dongle-convertidor-displayport-1-2-hbr2-a-hdmi-2-0-o-vga-1080p-mod\/","url":"https:\/\/compuviper.mx\/tienda\/producto\/startech-com-dp2vgahd20-adaptador-de-video-displayport-a-hdmi-vga-dongle-convertidor-displayport-1-2-hbr2-a-hdmi-2-0-o-vga-1080p-mod\/","name":"[ Startech.com ] &#129351; Dp2vgahd20 Adaptador De Video Displayport A Hdmi Vga - Dongle Convertidor Displayport 1.2 Hbr2 A Hdmi 2.0 O Vga 1080p - Mod.","isPartOf":{"@id":"https:\/\/compuviper.mx\/tienda\/#website"},"datePublished":"2026-04-18T05:09:39+00:00","dateModified":"2026-04-18T05:09:39+00:00","description":"Compra Dp2vgahd20 Adaptador De Video Displayport A Hdmi Vga - Dongle Convertidor Displayport 1.2 Hbr2 A Hdmi 2.0 O Vga 1080p - Mod. + Env\u00edo a domicilio + Pago seguro + Garant\u00eda","breadcrumb":{"@id":"https:\/\/compuviper.mx\/tienda\/producto\/startech-com-dp2vgahd20-adaptador-de-video-displayport-a-hdmi-vga-dongle-convertidor-displayport-1-2-hbr2-a-hdmi-2-0-o-vga-1080p-mod\/#breadcrumb"},"inLanguage":"es-MX","potentialAction":[{"@type":"ReadAction","target":["https:\/\/compuviper.mx\/tienda\/producto\/startech-com-dp2vgahd20-adaptador-de-video-displayport-a-hdmi-vga-dongle-convertidor-displayport-1-2-hbr2-a-hdmi-2-0-o-vga-1080p-mod\/"]}]},{"@type":"BreadcrumbList","@id":"https:\/\/compuviper.mx\/tienda\/producto\/startech-com-dp2vgahd20-adaptador-de-video-displayport-a-hdmi-vga-dongle-convertidor-displayport-1-2-hbr2-a-hdmi-2-0-o-vga-1080p-mod\/#breadcrumb","itemListElement":[{"@type":"ListItem","position":1,"name":"Inicio","item":"https:\/\/compuviper.mx\/tienda\/"},{"@type":"ListItem","position":2,"name":"Productos","item":"https:\/\/compuviper.mx\/tienda\/productos\/"},{"@type":"ListItem","position":3,"name":"Accesorios","item":"https:\/\/compuviper.mx\/tienda\/categoria-producto\/accesorios\/"},{"@type":"ListItem","position":4,"name":"Adaptadores","item":"https:\/\/compuviper.mx\/tienda\/categoria-producto\/accesorios\/adaptadores\/"},{"@type":"ListItem","position":5,"name":"Startech.com Dp2vgahd20 Adaptador De Video Displayport A Hdmi Vga &#8211; Dongle Convertidor Displayport 1.2 Hbr2 A Hdmi 2.0 O Vga 1080p &#8211; Mod."}]},{"@type":"WebSite","@id":"https:\/\/compuviper.mx\/tienda\/#website","url":"https:\/\/compuviper.mx\/tienda\/","name":"Compuviper","description":"Proveedor de Computadoras, Laptops, Servidores, Monitores, Puntos de Venta, Teclados,   Impresoras, T\u00f3ner, C\u00e1maras de Seguridad y m\u00e1s en tu tienda en l\u00ednea","publisher":{"@id":"https:\/\/compuviper.mx\/tienda\/#organization"},"potentialAction":[{"@type":"SearchAction","target":{"@type":"EntryPoint","urlTemplate":"https:\/\/compuviper.mx\/tienda\/?s={search_term_string}"},"query-input":"required name=search_term_string"}],"inLanguage":"es-MX"},{"@type":"Organization","@id":"https:\/\/compuviper.mx\/tienda\/#organization","name":"Compuviper","url":"https:\/\/compuviper.mx\/tienda\/","logo":{"@type":"ImageObject","inLanguage":"es-MX","@id":"https:\/\/compuviper.mx\/tienda\/#\/schema\/logo\/image\/","url":"https:\/\/compuviper.mx\/tienda\/wp-content\/uploads\/2021\/08\/Logo-Compuviper-10.png","contentUrl":"https:\/\/compuviper.mx\/tienda\/wp-content\/uploads\/2021\/08\/Logo-Compuviper-10.png","width":1000,"height":500,"caption":"Compuviper"},"image":{"@id":"https:\/\/compuviper.mx\/tienda\/#\/schema\/logo\/image\/"},"sameAs":["https:\/\/www.facebook.com\/compuviper","https:\/\/www.youtube.com\/channel\/UCf73dERp9Y3cfOq7q8BhLjA?view_as=subscriber"]}]},"product_brand":"STARTECH.COM","product_price_amount":"599","product_price_currency":"MXN","og_availability":"instock","product_availability":"instock","product_retailer_item_id":"DP2VGAHD20","product_condition":"new"},"_links":{"self":[{"href":"https:\/\/compuviper.mx\/tienda\/wp-json\/wp\/v2\/product\/210632"}],"collection":[{"href":"https:\/\/compuviper.mx\/tienda\/wp-json\/wp\/v2\/product"}],"about":[{"href":"https:\/\/compuviper.mx\/tienda\/wp-json\/wp\/v2\/types\/product"}],"replies":[{"embeddable":true,"href":"https:\/\/compuviper.mx\/tienda\/wp-json\/wp\/v2\/comments?post=210632"}],"wp:featuredmedia":[{"embeddable":true,"href":"https:\/\/compuviper.mx\/tienda\/wp-json\/wp\/v2\/media\/210633"}],"wp:attachment":[{"href":"https:\/\/compuviper.mx\/tienda\/wp-json\/wp\/v2\/media?parent=210632"}],"wp:term":[{"taxonomy":"product_cat","embeddable":true,"href":"https:\/\/compuviper.mx\/tienda\/wp-json\/wp\/v2\/product_cat?post=210632"},{"taxonomy":"product_tag","embeddable":true,"href":"https:\/\/compuviper.mx\/tienda\/wp-json\/wp\/v2\/product_tag?post=210632"}],"curies":[{"name":"wp","href":"https:\/\/api.w.org\/{rel}","templated":true}]}}