{"id":210630,"date":"2026-04-16T23:07:57","date_gmt":"2026-04-17T05:07:57","guid":{"rendered":"https:\/\/compuviper.mx\/tienda\/producto\/startech-com-st4200usbm-adaptador-concentrador-hub-usb-2-0-de-4-puertos-reforzado-industrial-con-alimentacion-mod\/"},"modified":"2026-04-16T23:07:57","modified_gmt":"2026-04-17T05:07:57","slug":"startech-com-st4200usbm-adaptador-concentrador-hub-usb-2-0-de-4-puertos-reforzado-industrial-con-alimentacion-mod","status":"publish","type":"product","link":"https:\/\/compuviper.mx\/tienda\/producto\/startech-com-st4200usbm-adaptador-concentrador-hub-usb-2-0-de-4-puertos-reforzado-industrial-con-alimentacion-mod\/","title":{"rendered":"Startech.com St4200usbm Adaptador Concentrador Hub Usb 2.0 De 4 Puertos Reforzado Industrial Con Alimentacion &#8211;  Mod."},"content":{"rendered":"<table class=\"descripcion\">\n<tr>\n<td>Id del conjunto de chips: renesas\/nec &#8211; \u00b5pd720114<\/td>\n<\/tr>\n<tr>\n<td>Tipo de bus: usb 2.0<\/td>\n<\/tr>\n<tr>\n<td>Tipo de bus: usb 2.0<\/td>\n<\/tr>\n<tr>\n<td>Interfaz: usb 2.0<\/td>\n<\/tr>\n<tr>\n<td>Mtbf: 193.317 horas h<\/td>\n<\/tr>\n<tr>\n<td>Tasa de transferencia de datos maxima: 480 mbps<\/td>\n<\/tr>\n<tr>\n<td>Puertos externos: 1 bloque de terminales (3 cables)<\/td>\n<\/tr>\n<tr>\n<td>Tension de entrada: 7 ~ 24 dc<\/td>\n<\/tr>\n<tr>\n<td>Peso del producto: 207.000 g<\/td>\n<\/tr>\n<tr>\n<td>Color: negro<\/td>\n<\/tr>\n<tr>\n<td>Puertos externos: 4 usb 2.0 tipo a (4 pines, 480mbps)<\/td>\n<\/tr>\n<tr>\n<td>Puertos externos: 1 usb b (4 pines)<\/td>\n<\/tr>\n<tr>\n<td>Tipo de gabinete: acero<\/td>\n<\/tr>\n<tr>\n<td>Altura del producto: 26.300 mm<\/td>\n<\/tr>\n<tr>\n<td>Led: 1 alimentacion<\/td>\n<\/tr>\n<tr>\n<td>Longitud del producto: 114.500 mm<\/td>\n<\/tr>\n<tr>\n<td>Cantidad de puertos: 4<\/td>\n<\/tr>\n<tr>\n<td>Adaptador de corriente incluido: bloque de terminales<\/td>\n<\/tr>\n<tr>\n<td>Estandares industriales: usb 2.0<\/td>\n<\/tr>\n<tr>\n<td>Ancho del producto: 57.300 mm<\/td>\n<\/tr>\n<tr>\n<td>Requerimientos del sistema y cables: cualquier ordenador con un puerto usb 2.0<\/td>\n<\/tr>\n<tr>\n<td>Compatibilidad os: independiente del sistema operativo &#8211; no requiere controladores ni software<\/td>\n<\/tr>\n<\/table>\n","protected":false},"excerpt":{"rendered":"<p>Este concentrador industrial con 4 puertos usb 2.0 y compatible con taa le ofrece la escalabilidad necesaria en entornos industriales bajo condiciones extremas, asi como laboratorios de productos y talleres de reparaciones, salas de conferencias o estaciones de trabajo de oficinas. Gracias a su resistente caja de metal de categoria industrial, esta dise\u00f1anado para cumplir con los requisitos avanzados de conexion de un gran numero de dispositivos en entornos de fabricas y oficinas. Ofrece un rendimiento confiable, gracias a su caja de metal, de calidad muy resistente. Compatible con el amplio rango de entrada de un bloque de terminales de 7 a 24v de corriente continua, lo cual le ofrece la flexibilidad de obtener alimentacion segun se requiera, basada en la capacidad de entrada de alimentacion del entorno del usuario. Ideal para entornos de fabricas, este resistente concentrador tambien funciona bajo un amplio rango de temperaturas (0\u00b0c a 55\u00b0c) y ofrece proteccion contra sobrecargas<\/p>\n","protected":false},"featured_media":210631,"comment_status":"open","ping_status":"open","template":"","meta":[],"product_cat":[1485,1497],"product_tag":[1590],"acf":[],"yoast_head":"<!-- This site is optimized with the Yoast SEO plugin v21.7 - https:\/\/yoast.com\/wordpress\/plugins\/seo\/ -->\n<title>[ Startech.com ] &#129351; St4200usbm Adaptador Concentrador Hub Usb 2.0 De 4 Puertos Reforzado Industrial Con Alimentacion - Mod.<\/title>\n<meta name=\"description\" content=\"Compra St4200usbm Adaptador Concentrador Hub Usb 2.0 De 4 Puertos Reforzado Industrial Con Alimentacion - Mod. + Env\u00edo a domicilio + Pago seguro + Garant\u00eda\" \/>\n<meta name=\"robots\" content=\"index, follow, max-snippet:-1, max-image-preview:large, max-video-preview:-1\" \/>\n<link rel=\"canonical\" href=\"https:\/\/compuviper.mx\/tienda\/producto\/startech-com-st4200usbm-adaptador-concentrador-hub-usb-2-0-de-4-puertos-reforzado-industrial-con-alimentacion-mod\/\" \/>\n<meta property=\"og:locale\" content=\"es_MX\" \/>\n<meta property=\"og:type\" content=\"article\" \/>\n<meta property=\"og:title\" content=\"[ Startech.com ] &#129351; St4200usbm Adaptador Concentrador Hub Usb 2.0 De 4 Puertos Reforzado Industrial Con Alimentacion - Mod.\" \/>\n<meta property=\"og:description\" content=\"Compra St4200usbm Adaptador Concentrador Hub Usb 2.0 De 4 Puertos Reforzado Industrial Con Alimentacion - Mod. + Env\u00edo a domicilio + Pago seguro + Garant\u00eda\" \/>\n<meta property=\"og:url\" content=\"https:\/\/compuviper.mx\/tienda\/producto\/startech-com-st4200usbm-adaptador-concentrador-hub-usb-2-0-de-4-puertos-reforzado-industrial-con-alimentacion-mod\/\" \/>\n<meta property=\"og:site_name\" content=\"Compuviper\" \/>\n<meta property=\"article:publisher\" content=\"https:\/\/www.facebook.com\/compuviper\" \/>\n<meta property=\"og:image\" content=\"https:\/\/compuviper.mx\/tienda\/wp-content\/uploads\/2023\/12\/Adaptador-concentrador-hub-usb-2.0-de-4-puertos-reforzado-industrial-con-alimentacion-startech.com-mod.-st4200usbm.jpg\" \/>\n\t<meta property=\"og:image:width\" content=\"200\" \/>\n\t<meta property=\"og:image:height\" content=\"200\" \/>\n\t<meta property=\"og:image:type\" content=\"image\/jpeg\" \/>\n<meta name=\"twitter:card\" content=\"summary_large_image\" \/>\n<meta name=\"twitter:label1\" content=\"Precio\" \/>\n\t<meta name=\"twitter:data1\" content=\"&#36;1,568 con IVA\" \/>\n\t<meta name=\"twitter:label2\" content=\"Availability\" \/>\n\t<meta name=\"twitter:data2\" content=\"Out of stock\" \/>\n<script type=\"application\/ld+json\" class=\"yoast-schema-graph\">{\"@context\":\"https:\/\/schema.org\",\"@graph\":[{\"@type\":\"WebPage\",\"@id\":\"https:\/\/compuviper.mx\/tienda\/producto\/startech-com-st4200usbm-adaptador-concentrador-hub-usb-2-0-de-4-puertos-reforzado-industrial-con-alimentacion-mod\/\",\"url\":\"https:\/\/compuviper.mx\/tienda\/producto\/startech-com-st4200usbm-adaptador-concentrador-hub-usb-2-0-de-4-puertos-reforzado-industrial-con-alimentacion-mod\/\",\"name\":\"[ Startech.com ] &#129351; St4200usbm Adaptador Concentrador Hub Usb 2.0 De 4 Puertos Reforzado Industrial Con Alimentacion - Mod.\",\"isPartOf\":{\"@id\":\"https:\/\/compuviper.mx\/tienda\/#website\"},\"datePublished\":\"2026-04-17T05:07:57+00:00\",\"dateModified\":\"2026-04-17T05:07:57+00:00\",\"description\":\"Compra St4200usbm Adaptador Concentrador Hub Usb 2.0 De 4 Puertos Reforzado Industrial Con Alimentacion - Mod. + Env\u00edo a domicilio + Pago seguro + Garant\u00eda\",\"breadcrumb\":{\"@id\":\"https:\/\/compuviper.mx\/tienda\/producto\/startech-com-st4200usbm-adaptador-concentrador-hub-usb-2-0-de-4-puertos-reforzado-industrial-con-alimentacion-mod\/#breadcrumb\"},\"inLanguage\":\"es-MX\",\"potentialAction\":[{\"@type\":\"ReadAction\",\"target\":[\"https:\/\/compuviper.mx\/tienda\/producto\/startech-com-st4200usbm-adaptador-concentrador-hub-usb-2-0-de-4-puertos-reforzado-industrial-con-alimentacion-mod\/\"]}]},{\"@type\":\"BreadcrumbList\",\"@id\":\"https:\/\/compuviper.mx\/tienda\/producto\/startech-com-st4200usbm-adaptador-concentrador-hub-usb-2-0-de-4-puertos-reforzado-industrial-con-alimentacion-mod\/#breadcrumb\",\"itemListElement\":[{\"@type\":\"ListItem\",\"position\":1,\"name\":\"Inicio\",\"item\":\"https:\/\/compuviper.mx\/tienda\/\"},{\"@type\":\"ListItem\",\"position\":2,\"name\":\"Productos\",\"item\":\"https:\/\/compuviper.mx\/tienda\/productos\/\"},{\"@type\":\"ListItem\",\"position\":3,\"name\":\"Accesorios\",\"item\":\"https:\/\/compuviper.mx\/tienda\/categoria-producto\/accesorios\/\"},{\"@type\":\"ListItem\",\"position\":4,\"name\":\"Hub Usb\",\"item\":\"https:\/\/compuviper.mx\/tienda\/categoria-producto\/accesorios\/hub-usb\/\"},{\"@type\":\"ListItem\",\"position\":5,\"name\":\"Startech.com St4200usbm Adaptador Concentrador Hub Usb 2.0 De 4 Puertos Reforzado Industrial Con Alimentacion &#8211; Mod.\"}]},{\"@type\":\"WebSite\",\"@id\":\"https:\/\/compuviper.mx\/tienda\/#website\",\"url\":\"https:\/\/compuviper.mx\/tienda\/\",\"name\":\"Compuviper\",\"description\":\"Proveedor de Computadoras, Laptops, Servidores, Monitores, Puntos de Venta, Teclados,   Impresoras, T\u00f3ner, C\u00e1maras de Seguridad y m\u00e1s en tu tienda en l\u00ednea\",\"publisher\":{\"@id\":\"https:\/\/compuviper.mx\/tienda\/#organization\"},\"potentialAction\":[{\"@type\":\"SearchAction\",\"target\":{\"@type\":\"EntryPoint\",\"urlTemplate\":\"https:\/\/compuviper.mx\/tienda\/?s={search_term_string}\"},\"query-input\":\"required name=search_term_string\"}],\"inLanguage\":\"es-MX\"},{\"@type\":\"Organization\",\"@id\":\"https:\/\/compuviper.mx\/tienda\/#organization\",\"name\":\"Compuviper\",\"url\":\"https:\/\/compuviper.mx\/tienda\/\",\"logo\":{\"@type\":\"ImageObject\",\"inLanguage\":\"es-MX\",\"@id\":\"https:\/\/compuviper.mx\/tienda\/#\/schema\/logo\/image\/\",\"url\":\"https:\/\/compuviper.mx\/tienda\/wp-content\/uploads\/2021\/08\/Logo-Compuviper-10.png\",\"contentUrl\":\"https:\/\/compuviper.mx\/tienda\/wp-content\/uploads\/2021\/08\/Logo-Compuviper-10.png\",\"width\":1000,\"height\":500,\"caption\":\"Compuviper\"},\"image\":{\"@id\":\"https:\/\/compuviper.mx\/tienda\/#\/schema\/logo\/image\/\"},\"sameAs\":[\"https:\/\/www.facebook.com\/compuviper\",\"https:\/\/www.youtube.com\/channel\/UCf73dERp9Y3cfOq7q8BhLjA?view_as=subscriber\"]}]}<\/script>\n<meta property=\"product:brand\" content=\"STARTECH.COM\" \/>\n<meta property=\"product:price:amount\" content=\"1568\" \/>\n<meta property=\"product:price:currency\" content=\"MXN\" \/>\n<meta property=\"og:availability\" content=\"out of stock\" \/>\n<meta property=\"product:availability\" content=\"out of stock\" \/>\n<meta property=\"product:retailer_item_id\" content=\"ST4200USBM\" \/>\n<meta property=\"product:condition\" content=\"new\" \/>\n<!-- \/ Yoast SEO plugin. -->","yoast_head_json":{"title":"[ Startech.com ] &#129351; St4200usbm Adaptador Concentrador Hub Usb 2.0 De 4 Puertos Reforzado Industrial Con Alimentacion - Mod.","description":"Compra St4200usbm Adaptador Concentrador Hub Usb 2.0 De 4 Puertos Reforzado Industrial Con Alimentacion - Mod. + Env\u00edo a domicilio + Pago seguro + Garant\u00eda","robots":{"index":"index","follow":"follow","max-snippet":"max-snippet:-1","max-image-preview":"max-image-preview:large","max-video-preview":"max-video-preview:-1"},"canonical":"https:\/\/compuviper.mx\/tienda\/producto\/startech-com-st4200usbm-adaptador-concentrador-hub-usb-2-0-de-4-puertos-reforzado-industrial-con-alimentacion-mod\/","og_locale":"es_MX","og_type":"article","og_title":"[ Startech.com ] &#129351; St4200usbm Adaptador Concentrador Hub Usb 2.0 De 4 Puertos Reforzado Industrial Con Alimentacion - Mod.","og_description":"Compra St4200usbm Adaptador Concentrador Hub Usb 2.0 De 4 Puertos Reforzado Industrial Con Alimentacion - Mod. + Env\u00edo a domicilio + Pago seguro + Garant\u00eda","og_url":"https:\/\/compuviper.mx\/tienda\/producto\/startech-com-st4200usbm-adaptador-concentrador-hub-usb-2-0-de-4-puertos-reforzado-industrial-con-alimentacion-mod\/","og_site_name":"Compuviper","article_publisher":"https:\/\/www.facebook.com\/compuviper","og_image":[{"width":200,"height":200,"url":"https:\/\/compuviper.mx\/tienda\/wp-content\/uploads\/2023\/12\/Adaptador-concentrador-hub-usb-2.0-de-4-puertos-reforzado-industrial-con-alimentacion-startech.com-mod.-st4200usbm.jpg","type":"image\/jpeg"}],"twitter_card":"summary_large_image","twitter_misc":{"Precio":"&#36;1,568 con IVA","Availability":"Out of stock"},"schema":{"@context":"https:\/\/schema.org","@graph":[{"@type":"WebPage","@id":"https:\/\/compuviper.mx\/tienda\/producto\/startech-com-st4200usbm-adaptador-concentrador-hub-usb-2-0-de-4-puertos-reforzado-industrial-con-alimentacion-mod\/","url":"https:\/\/compuviper.mx\/tienda\/producto\/startech-com-st4200usbm-adaptador-concentrador-hub-usb-2-0-de-4-puertos-reforzado-industrial-con-alimentacion-mod\/","name":"[ Startech.com ] &#129351; St4200usbm Adaptador Concentrador Hub Usb 2.0 De 4 Puertos Reforzado Industrial Con Alimentacion - Mod.","isPartOf":{"@id":"https:\/\/compuviper.mx\/tienda\/#website"},"datePublished":"2026-04-17T05:07:57+00:00","dateModified":"2026-04-17T05:07:57+00:00","description":"Compra St4200usbm Adaptador Concentrador Hub Usb 2.0 De 4 Puertos Reforzado Industrial Con Alimentacion - Mod. + Env\u00edo a domicilio + Pago seguro + Garant\u00eda","breadcrumb":{"@id":"https:\/\/compuviper.mx\/tienda\/producto\/startech-com-st4200usbm-adaptador-concentrador-hub-usb-2-0-de-4-puertos-reforzado-industrial-con-alimentacion-mod\/#breadcrumb"},"inLanguage":"es-MX","potentialAction":[{"@type":"ReadAction","target":["https:\/\/compuviper.mx\/tienda\/producto\/startech-com-st4200usbm-adaptador-concentrador-hub-usb-2-0-de-4-puertos-reforzado-industrial-con-alimentacion-mod\/"]}]},{"@type":"BreadcrumbList","@id":"https:\/\/compuviper.mx\/tienda\/producto\/startech-com-st4200usbm-adaptador-concentrador-hub-usb-2-0-de-4-puertos-reforzado-industrial-con-alimentacion-mod\/#breadcrumb","itemListElement":[{"@type":"ListItem","position":1,"name":"Inicio","item":"https:\/\/compuviper.mx\/tienda\/"},{"@type":"ListItem","position":2,"name":"Productos","item":"https:\/\/compuviper.mx\/tienda\/productos\/"},{"@type":"ListItem","position":3,"name":"Accesorios","item":"https:\/\/compuviper.mx\/tienda\/categoria-producto\/accesorios\/"},{"@type":"ListItem","position":4,"name":"Hub Usb","item":"https:\/\/compuviper.mx\/tienda\/categoria-producto\/accesorios\/hub-usb\/"},{"@type":"ListItem","position":5,"name":"Startech.com St4200usbm Adaptador Concentrador Hub Usb 2.0 De 4 Puertos Reforzado Industrial Con Alimentacion &#8211; Mod."}]},{"@type":"WebSite","@id":"https:\/\/compuviper.mx\/tienda\/#website","url":"https:\/\/compuviper.mx\/tienda\/","name":"Compuviper","description":"Proveedor de Computadoras, Laptops, Servidores, Monitores, Puntos de Venta, Teclados,   Impresoras, T\u00f3ner, C\u00e1maras de Seguridad y m\u00e1s en tu tienda en l\u00ednea","publisher":{"@id":"https:\/\/compuviper.mx\/tienda\/#organization"},"potentialAction":[{"@type":"SearchAction","target":{"@type":"EntryPoint","urlTemplate":"https:\/\/compuviper.mx\/tienda\/?s={search_term_string}"},"query-input":"required name=search_term_string"}],"inLanguage":"es-MX"},{"@type":"Organization","@id":"https:\/\/compuviper.mx\/tienda\/#organization","name":"Compuviper","url":"https:\/\/compuviper.mx\/tienda\/","logo":{"@type":"ImageObject","inLanguage":"es-MX","@id":"https:\/\/compuviper.mx\/tienda\/#\/schema\/logo\/image\/","url":"https:\/\/compuviper.mx\/tienda\/wp-content\/uploads\/2021\/08\/Logo-Compuviper-10.png","contentUrl":"https:\/\/compuviper.mx\/tienda\/wp-content\/uploads\/2021\/08\/Logo-Compuviper-10.png","width":1000,"height":500,"caption":"Compuviper"},"image":{"@id":"https:\/\/compuviper.mx\/tienda\/#\/schema\/logo\/image\/"},"sameAs":["https:\/\/www.facebook.com\/compuviper","https:\/\/www.youtube.com\/channel\/UCf73dERp9Y3cfOq7q8BhLjA?view_as=subscriber"]}]},"product_brand":"STARTECH.COM","product_price_amount":"1568","product_price_currency":"MXN","og_availability":"out of stock","product_availability":"out of stock","product_retailer_item_id":"ST4200USBM","product_condition":"new"},"_links":{"self":[{"href":"https:\/\/compuviper.mx\/tienda\/wp-json\/wp\/v2\/product\/210630"}],"collection":[{"href":"https:\/\/compuviper.mx\/tienda\/wp-json\/wp\/v2\/product"}],"about":[{"href":"https:\/\/compuviper.mx\/tienda\/wp-json\/wp\/v2\/types\/product"}],"replies":[{"embeddable":true,"href":"https:\/\/compuviper.mx\/tienda\/wp-json\/wp\/v2\/comments?post=210630"}],"wp:featuredmedia":[{"embeddable":true,"href":"https:\/\/compuviper.mx\/tienda\/wp-json\/wp\/v2\/media\/210631"}],"wp:attachment":[{"href":"https:\/\/compuviper.mx\/tienda\/wp-json\/wp\/v2\/media?parent=210630"}],"wp:term":[{"taxonomy":"product_cat","embeddable":true,"href":"https:\/\/compuviper.mx\/tienda\/wp-json\/wp\/v2\/product_cat?post=210630"},{"taxonomy":"product_tag","embeddable":true,"href":"https:\/\/compuviper.mx\/tienda\/wp-json\/wp\/v2\/product_tag?post=210630"}],"curies":[{"name":"wp","href":"https:\/\/api.w.org\/{rel}","templated":true}]}}