{"id":210628,"date":"2026-04-01T23:10:01","date_gmt":"2026-04-02T05:10:01","guid":{"rendered":"https:\/\/compuviper.mx\/tienda\/producto\/startech-com-sv211hduc-switch-kvm-hdmi-de-2-puertos-usb-c-cables-compacto-alimentado-via-usb-para-macbook-ipad-pro-thinkpad-ideapad-elitebook-mod\/"},"modified":"2026-04-01T23:10:02","modified_gmt":"2026-04-02T05:10:02","slug":"startech-com-sv211hduc-switch-kvm-hdmi-de-2-puertos-usb-c-cables-compacto-alimentado-via-usb-para-macbook-ipad-pro-thinkpad-ideapad-elitebook-mod","status":"publish","type":"product","link":"https:\/\/compuviper.mx\/tienda\/producto\/startech-com-sv211hduc-switch-kvm-hdmi-de-2-puertos-usb-c-cables-compacto-alimentado-via-usb-para-macbook-ipad-pro-thinkpad-ideapad-elitebook-mod\/","title":{"rendered":"Startech.com Sv211hduc Switch Kvm Hdmi De 2 Puertos Usb-c\/cables &#8211; Compacto &#8211; Alimentado Via Usb &#8211; Para Macbook Ipad Pro Thinkpad Ideapad Elitebook &#8211;  Mod."},"content":{"rendered":"<table class=\"descripcion\">\n<tr>\n<td>Plataformas admitidas: usb-c<\/td>\n<\/tr>\n<tr>\n<td>Tipo de video pc: usb-c dp alt-mode<\/td>\n<\/tr>\n<tr>\n<td>Montaje en rack: no<\/td>\n<\/tr>\n<tr>\n<td>Sistema en cascada: no<\/td>\n<\/tr>\n<tr>\n<td>Soporta osd y teclas de acceso directo: no<\/td>\n<\/tr>\n<tr>\n<td>Hot-key selection: no<\/td>\n<\/tr>\n<tr>\n<td>Control ip kvm: no<\/td>\n<\/tr>\n<tr>\n<td>Video revision: hdmi 2.0<\/td>\n<\/tr>\n<tr>\n<td>Pantalla plana soportada: si<\/td>\n<\/tr>\n<tr>\n<td>Mtbf: 50.000 horas h<\/td>\n<\/tr>\n<tr>\n<td>Color: negro<\/td>\n<\/tr>\n<tr>\n<td>Tipo de gabinete: plastico<\/td>\n<\/tr>\n<tr>\n<td>Interfazces de consola: 2 usb 2.0 tipo a 4 pines, 480mbps<\/td>\n<\/tr>\n<tr>\n<td>Conectores del host: 2 usb type-c 24-pin usb 2.0 480mbps<\/td>\n<\/tr>\n<tr>\n<td>Interfazces de consola: 1 hdmi 19 pines<\/td>\n<\/tr>\n<tr>\n<td>Id del conjunto de chips: parade &#8211; ps176<\/td>\n<\/tr>\n<tr>\n<td>Id del conjunto de chips: vli &#8211; vl170<\/td>\n<\/tr>\n<tr>\n<td>Id del conjunto de chips: terminus &#8211; fe1.1s<\/td>\n<\/tr>\n<tr>\n<td>Tasa de transferencia de datos maxima: 480mbps<\/td>\n<\/tr>\n<tr>\n<td>Especificaciones de audio: hdmi &#8211; 7.1 channel audio<\/td>\n<\/tr>\n<tr>\n<td>Soporte de audio: si<\/td>\n<\/tr>\n<tr>\n<td>Soporte de pantalla doble: 1<\/td>\n<\/tr>\n<tr>\n<td>Cables incluidos: si<\/td>\n<\/tr>\n<tr>\n<td>Video revision: displayport 1.2<\/td>\n<\/tr>\n<tr>\n<td>Longitud del producto: 140.000 mm<\/td>\n<\/tr>\n<tr>\n<td>Ancho del producto: 72.000 mm<\/td>\n<\/tr>\n<tr>\n<td>Altura del producto: 15.700 mm<\/td>\n<\/tr>\n<tr>\n<td>Peso del producto: 318.000 g<\/td>\n<\/tr>\n<\/table>\n","protected":false},"excerpt":{"rendered":"<p>Este switch kvm con 2 puertos usb-c le permite cambiar facilmente entre dos computadoras o laptops equipadas con usb type-c o thunderbolt 3, con un solo teclado, mouse y monitor hdmi. Facil configuracion y uso gracias al uso de usb-c con el modo alt alternativo de displayport, este conmutador kvm solo requiere la conexion de un cable a cada computadora, lo cual ocupa poco espacio y reduce el cableado. Incluye todos los cables necesarios para la conexion de las computadoras, a fin de garantizar una configuracion sencilla y uso inmediato. Para mayor facilidad de uso, el switch kvm incluye un solo boton que controla la conmutacion entre las computadoras conectadas. Compatible con resoluciones 4k 60hz el conmutador kvm usb-c admite resoluciones de hasta 4k 3840&#215;2160 a 60hz y permite la facil transmision de video a traves de una pantalla hdmi 2.0 grande, lo cual permite aprovechar al maximo el espacio de visualizacion.<\/p>\n","protected":false},"featured_media":210629,"comment_status":"open","ping_status":"open","template":"","meta":[],"product_cat":[1485,1506],"product_tag":[1590],"acf":[],"yoast_head":"<!-- This site is optimized with the Yoast SEO plugin v21.7 - https:\/\/yoast.com\/wordpress\/plugins\/seo\/ -->\n<title>[ Startech.com ] &#129351; Sv211hduc Switch Kvm Hdmi De 2 Puertos Usb-c\/cables - Compacto - Alimentado Via Usb - Para Macbook Ipad Pro Thinkpad Ideapad Elitebook - Mod.<\/title>\n<meta name=\"description\" content=\"Compra Sv211hduc Switch Kvm Hdmi De 2 Puertos Usb-c\/cables - Compacto - Alimentado Via Usb - Para Macbook Ipad Pro Thinkpad Ideapad Elitebook - Mod. + Env\u00edo a domicilio + Pago seguro + Garant\u00eda\" \/>\n<meta name=\"robots\" content=\"index, follow, max-snippet:-1, max-image-preview:large, max-video-preview:-1\" \/>\n<link rel=\"canonical\" href=\"https:\/\/compuviper.mx\/tienda\/producto\/startech-com-sv211hduc-switch-kvm-hdmi-de-2-puertos-usb-c-cables-compacto-alimentado-via-usb-para-macbook-ipad-pro-thinkpad-ideapad-elitebook-mod\/\" \/>\n<meta property=\"og:locale\" content=\"es_MX\" \/>\n<meta property=\"og:type\" content=\"article\" \/>\n<meta property=\"og:title\" content=\"[ Startech.com ] &#129351; Sv211hduc Switch Kvm Hdmi De 2 Puertos Usb-c\/cables - Compacto - Alimentado Via Usb - Para Macbook Ipad Pro Thinkpad Ideapad Elitebook - Mod.\" \/>\n<meta property=\"og:description\" content=\"Compra Sv211hduc Switch Kvm Hdmi De 2 Puertos Usb-c\/cables - Compacto - Alimentado Via Usb - Para Macbook Ipad Pro Thinkpad Ideapad Elitebook - Mod. + Env\u00edo a domicilio + Pago seguro + Garant\u00eda\" \/>\n<meta property=\"og:url\" content=\"https:\/\/compuviper.mx\/tienda\/producto\/startech-com-sv211hduc-switch-kvm-hdmi-de-2-puertos-usb-c-cables-compacto-alimentado-via-usb-para-macbook-ipad-pro-thinkpad-ideapad-elitebook-mod\/\" \/>\n<meta property=\"og:site_name\" content=\"Compuviper\" \/>\n<meta property=\"article:publisher\" content=\"https:\/\/www.facebook.com\/compuviper\" \/>\n<meta property=\"article:modified_time\" content=\"2026-04-02T05:10:02+00:00\" \/>\n<meta property=\"og:image\" content=\"https:\/\/compuviper.mx\/tienda\/wp-content\/uploads\/2023\/12\/Switch-kvm-hdmi-de-2-puertos-usb-ccables-compacto-alimentado-via-usb-para-macbook-ipad-pro-thinkpad-ideapad-elitebook-startech.com-mod.-sv211hduc.jpg\" \/>\n\t<meta property=\"og:image:width\" content=\"200\" \/>\n\t<meta property=\"og:image:height\" content=\"200\" \/>\n\t<meta property=\"og:image:type\" content=\"image\/jpeg\" \/>\n<meta name=\"twitter:card\" content=\"summary_large_image\" \/>\n<meta name=\"twitter:label1\" content=\"Precio\" \/>\n\t<meta name=\"twitter:data1\" content=\"&#36;2,155 con IVA\" \/>\n\t<meta name=\"twitter:label2\" content=\"Availability\" \/>\n\t<meta name=\"twitter:data2\" content=\"Out of stock\" \/>\n<script type=\"application\/ld+json\" class=\"yoast-schema-graph\">{\"@context\":\"https:\/\/schema.org\",\"@graph\":[{\"@type\":\"WebPage\",\"@id\":\"https:\/\/compuviper.mx\/tienda\/producto\/startech-com-sv211hduc-switch-kvm-hdmi-de-2-puertos-usb-c-cables-compacto-alimentado-via-usb-para-macbook-ipad-pro-thinkpad-ideapad-elitebook-mod\/\",\"url\":\"https:\/\/compuviper.mx\/tienda\/producto\/startech-com-sv211hduc-switch-kvm-hdmi-de-2-puertos-usb-c-cables-compacto-alimentado-via-usb-para-macbook-ipad-pro-thinkpad-ideapad-elitebook-mod\/\",\"name\":\"[ Startech.com ] &#129351; Sv211hduc Switch Kvm Hdmi De 2 Puertos Usb-c\/cables - Compacto - Alimentado Via Usb - Para Macbook Ipad Pro Thinkpad Ideapad Elitebook - Mod.\",\"isPartOf\":{\"@id\":\"https:\/\/compuviper.mx\/tienda\/#website\"},\"datePublished\":\"2026-04-02T05:10:01+00:00\",\"dateModified\":\"2026-04-02T05:10:02+00:00\",\"description\":\"Compra Sv211hduc Switch Kvm Hdmi De 2 Puertos Usb-c\/cables - Compacto - Alimentado Via Usb - Para Macbook Ipad Pro Thinkpad Ideapad Elitebook - Mod. + Env\u00edo a domicilio + Pago seguro + Garant\u00eda\",\"breadcrumb\":{\"@id\":\"https:\/\/compuviper.mx\/tienda\/producto\/startech-com-sv211hduc-switch-kvm-hdmi-de-2-puertos-usb-c-cables-compacto-alimentado-via-usb-para-macbook-ipad-pro-thinkpad-ideapad-elitebook-mod\/#breadcrumb\"},\"inLanguage\":\"es-MX\",\"potentialAction\":[{\"@type\":\"ReadAction\",\"target\":[\"https:\/\/compuviper.mx\/tienda\/producto\/startech-com-sv211hduc-switch-kvm-hdmi-de-2-puertos-usb-c-cables-compacto-alimentado-via-usb-para-macbook-ipad-pro-thinkpad-ideapad-elitebook-mod\/\"]}]},{\"@type\":\"BreadcrumbList\",\"@id\":\"https:\/\/compuviper.mx\/tienda\/producto\/startech-com-sv211hduc-switch-kvm-hdmi-de-2-puertos-usb-c-cables-compacto-alimentado-via-usb-para-macbook-ipad-pro-thinkpad-ideapad-elitebook-mod\/#breadcrumb\",\"itemListElement\":[{\"@type\":\"ListItem\",\"position\":1,\"name\":\"Inicio\",\"item\":\"https:\/\/compuviper.mx\/tienda\/\"},{\"@type\":\"ListItem\",\"position\":2,\"name\":\"Productos\",\"item\":\"https:\/\/compuviper.mx\/tienda\/productos\/\"},{\"@type\":\"ListItem\",\"position\":3,\"name\":\"Accesorios\",\"item\":\"https:\/\/compuviper.mx\/tienda\/categoria-producto\/accesorios\/\"},{\"@type\":\"ListItem\",\"position\":4,\"name\":\"Conectividad\",\"item\":\"https:\/\/compuviper.mx\/tienda\/categoria-producto\/accesorios\/conectividad\/\"},{\"@type\":\"ListItem\",\"position\":5,\"name\":\"Startech.com Sv211hduc Switch Kvm Hdmi De 2 Puertos Usb-c\/cables &#8211; Compacto &#8211; Alimentado Via Usb &#8211; Para Macbook Ipad Pro Thinkpad Ideapad Elitebook &#8211; Mod.\"}]},{\"@type\":\"WebSite\",\"@id\":\"https:\/\/compuviper.mx\/tienda\/#website\",\"url\":\"https:\/\/compuviper.mx\/tienda\/\",\"name\":\"Compuviper\",\"description\":\"Proveedor de Computadoras, Laptops, Servidores, Monitores, Puntos de Venta, Teclados,   Impresoras, T\u00f3ner, C\u00e1maras de Seguridad y m\u00e1s en tu tienda en l\u00ednea\",\"publisher\":{\"@id\":\"https:\/\/compuviper.mx\/tienda\/#organization\"},\"potentialAction\":[{\"@type\":\"SearchAction\",\"target\":{\"@type\":\"EntryPoint\",\"urlTemplate\":\"https:\/\/compuviper.mx\/tienda\/?s={search_term_string}\"},\"query-input\":\"required name=search_term_string\"}],\"inLanguage\":\"es-MX\"},{\"@type\":\"Organization\",\"@id\":\"https:\/\/compuviper.mx\/tienda\/#organization\",\"name\":\"Compuviper\",\"url\":\"https:\/\/compuviper.mx\/tienda\/\",\"logo\":{\"@type\":\"ImageObject\",\"inLanguage\":\"es-MX\",\"@id\":\"https:\/\/compuviper.mx\/tienda\/#\/schema\/logo\/image\/\",\"url\":\"https:\/\/compuviper.mx\/tienda\/wp-content\/uploads\/2021\/08\/Logo-Compuviper-10.png\",\"contentUrl\":\"https:\/\/compuviper.mx\/tienda\/wp-content\/uploads\/2021\/08\/Logo-Compuviper-10.png\",\"width\":1000,\"height\":500,\"caption\":\"Compuviper\"},\"image\":{\"@id\":\"https:\/\/compuviper.mx\/tienda\/#\/schema\/logo\/image\/\"},\"sameAs\":[\"https:\/\/www.facebook.com\/compuviper\",\"https:\/\/www.youtube.com\/channel\/UCf73dERp9Y3cfOq7q8BhLjA?view_as=subscriber\"]}]}<\/script>\n<meta property=\"product:brand\" content=\"STARTECH.COM\" \/>\n<meta property=\"product:price:amount\" content=\"2155\" \/>\n<meta property=\"product:price:currency\" content=\"MXN\" \/>\n<meta property=\"og:availability\" content=\"out of stock\" \/>\n<meta property=\"product:availability\" content=\"out of stock\" \/>\n<meta property=\"product:retailer_item_id\" content=\"SV211HDUC\" \/>\n<meta property=\"product:condition\" content=\"new\" \/>\n<!-- \/ Yoast SEO plugin. -->","yoast_head_json":{"title":"[ Startech.com ] &#129351; Sv211hduc Switch Kvm Hdmi De 2 Puertos Usb-c\/cables - Compacto - Alimentado Via Usb - Para Macbook Ipad Pro Thinkpad Ideapad Elitebook - Mod.","description":"Compra Sv211hduc Switch Kvm Hdmi De 2 Puertos Usb-c\/cables - Compacto - Alimentado Via Usb - Para Macbook Ipad Pro Thinkpad Ideapad Elitebook - Mod. + Env\u00edo a domicilio + Pago seguro + Garant\u00eda","robots":{"index":"index","follow":"follow","max-snippet":"max-snippet:-1","max-image-preview":"max-image-preview:large","max-video-preview":"max-video-preview:-1"},"canonical":"https:\/\/compuviper.mx\/tienda\/producto\/startech-com-sv211hduc-switch-kvm-hdmi-de-2-puertos-usb-c-cables-compacto-alimentado-via-usb-para-macbook-ipad-pro-thinkpad-ideapad-elitebook-mod\/","og_locale":"es_MX","og_type":"article","og_title":"[ Startech.com ] &#129351; Sv211hduc Switch Kvm Hdmi De 2 Puertos Usb-c\/cables - Compacto - Alimentado Via Usb - Para Macbook Ipad Pro Thinkpad Ideapad Elitebook - Mod.","og_description":"Compra Sv211hduc Switch Kvm Hdmi De 2 Puertos Usb-c\/cables - Compacto - Alimentado Via Usb - Para Macbook Ipad Pro Thinkpad Ideapad Elitebook - Mod. + Env\u00edo a domicilio + Pago seguro + Garant\u00eda","og_url":"https:\/\/compuviper.mx\/tienda\/producto\/startech-com-sv211hduc-switch-kvm-hdmi-de-2-puertos-usb-c-cables-compacto-alimentado-via-usb-para-macbook-ipad-pro-thinkpad-ideapad-elitebook-mod\/","og_site_name":"Compuviper","article_publisher":"https:\/\/www.facebook.com\/compuviper","article_modified_time":"2026-04-02T05:10:02+00:00","og_image":[{"width":200,"height":200,"url":"https:\/\/compuviper.mx\/tienda\/wp-content\/uploads\/2023\/12\/Switch-kvm-hdmi-de-2-puertos-usb-ccables-compacto-alimentado-via-usb-para-macbook-ipad-pro-thinkpad-ideapad-elitebook-startech.com-mod.-sv211hduc.jpg","type":"image\/jpeg"}],"twitter_card":"summary_large_image","twitter_misc":{"Precio":"&#36;2,155 con IVA","Availability":"Out of stock"},"schema":{"@context":"https:\/\/schema.org","@graph":[{"@type":"WebPage","@id":"https:\/\/compuviper.mx\/tienda\/producto\/startech-com-sv211hduc-switch-kvm-hdmi-de-2-puertos-usb-c-cables-compacto-alimentado-via-usb-para-macbook-ipad-pro-thinkpad-ideapad-elitebook-mod\/","url":"https:\/\/compuviper.mx\/tienda\/producto\/startech-com-sv211hduc-switch-kvm-hdmi-de-2-puertos-usb-c-cables-compacto-alimentado-via-usb-para-macbook-ipad-pro-thinkpad-ideapad-elitebook-mod\/","name":"[ Startech.com ] &#129351; Sv211hduc Switch Kvm Hdmi De 2 Puertos Usb-c\/cables - Compacto - Alimentado Via Usb - Para Macbook Ipad Pro Thinkpad Ideapad Elitebook - Mod.","isPartOf":{"@id":"https:\/\/compuviper.mx\/tienda\/#website"},"datePublished":"2026-04-02T05:10:01+00:00","dateModified":"2026-04-02T05:10:02+00:00","description":"Compra Sv211hduc Switch Kvm Hdmi De 2 Puertos Usb-c\/cables - Compacto - Alimentado Via Usb - Para Macbook Ipad Pro Thinkpad Ideapad Elitebook - Mod. + Env\u00edo a domicilio + Pago seguro + Garant\u00eda","breadcrumb":{"@id":"https:\/\/compuviper.mx\/tienda\/producto\/startech-com-sv211hduc-switch-kvm-hdmi-de-2-puertos-usb-c-cables-compacto-alimentado-via-usb-para-macbook-ipad-pro-thinkpad-ideapad-elitebook-mod\/#breadcrumb"},"inLanguage":"es-MX","potentialAction":[{"@type":"ReadAction","target":["https:\/\/compuviper.mx\/tienda\/producto\/startech-com-sv211hduc-switch-kvm-hdmi-de-2-puertos-usb-c-cables-compacto-alimentado-via-usb-para-macbook-ipad-pro-thinkpad-ideapad-elitebook-mod\/"]}]},{"@type":"BreadcrumbList","@id":"https:\/\/compuviper.mx\/tienda\/producto\/startech-com-sv211hduc-switch-kvm-hdmi-de-2-puertos-usb-c-cables-compacto-alimentado-via-usb-para-macbook-ipad-pro-thinkpad-ideapad-elitebook-mod\/#breadcrumb","itemListElement":[{"@type":"ListItem","position":1,"name":"Inicio","item":"https:\/\/compuviper.mx\/tienda\/"},{"@type":"ListItem","position":2,"name":"Productos","item":"https:\/\/compuviper.mx\/tienda\/productos\/"},{"@type":"ListItem","position":3,"name":"Accesorios","item":"https:\/\/compuviper.mx\/tienda\/categoria-producto\/accesorios\/"},{"@type":"ListItem","position":4,"name":"Conectividad","item":"https:\/\/compuviper.mx\/tienda\/categoria-producto\/accesorios\/conectividad\/"},{"@type":"ListItem","position":5,"name":"Startech.com Sv211hduc Switch Kvm Hdmi De 2 Puertos Usb-c\/cables &#8211; Compacto &#8211; Alimentado Via Usb &#8211; Para Macbook Ipad Pro Thinkpad Ideapad Elitebook &#8211; Mod."}]},{"@type":"WebSite","@id":"https:\/\/compuviper.mx\/tienda\/#website","url":"https:\/\/compuviper.mx\/tienda\/","name":"Compuviper","description":"Proveedor de Computadoras, Laptops, Servidores, Monitores, Puntos de Venta, Teclados,   Impresoras, T\u00f3ner, C\u00e1maras de Seguridad y m\u00e1s en tu tienda en l\u00ednea","publisher":{"@id":"https:\/\/compuviper.mx\/tienda\/#organization"},"potentialAction":[{"@type":"SearchAction","target":{"@type":"EntryPoint","urlTemplate":"https:\/\/compuviper.mx\/tienda\/?s={search_term_string}"},"query-input":"required name=search_term_string"}],"inLanguage":"es-MX"},{"@type":"Organization","@id":"https:\/\/compuviper.mx\/tienda\/#organization","name":"Compuviper","url":"https:\/\/compuviper.mx\/tienda\/","logo":{"@type":"ImageObject","inLanguage":"es-MX","@id":"https:\/\/compuviper.mx\/tienda\/#\/schema\/logo\/image\/","url":"https:\/\/compuviper.mx\/tienda\/wp-content\/uploads\/2021\/08\/Logo-Compuviper-10.png","contentUrl":"https:\/\/compuviper.mx\/tienda\/wp-content\/uploads\/2021\/08\/Logo-Compuviper-10.png","width":1000,"height":500,"caption":"Compuviper"},"image":{"@id":"https:\/\/compuviper.mx\/tienda\/#\/schema\/logo\/image\/"},"sameAs":["https:\/\/www.facebook.com\/compuviper","https:\/\/www.youtube.com\/channel\/UCf73dERp9Y3cfOq7q8BhLjA?view_as=subscriber"]}]},"product_brand":"STARTECH.COM","product_price_amount":"2155","product_price_currency":"MXN","og_availability":"out of stock","product_availability":"out of stock","product_retailer_item_id":"SV211HDUC","product_condition":"new"},"_links":{"self":[{"href":"https:\/\/compuviper.mx\/tienda\/wp-json\/wp\/v2\/product\/210628"}],"collection":[{"href":"https:\/\/compuviper.mx\/tienda\/wp-json\/wp\/v2\/product"}],"about":[{"href":"https:\/\/compuviper.mx\/tienda\/wp-json\/wp\/v2\/types\/product"}],"replies":[{"embeddable":true,"href":"https:\/\/compuviper.mx\/tienda\/wp-json\/wp\/v2\/comments?post=210628"}],"wp:featuredmedia":[{"embeddable":true,"href":"https:\/\/compuviper.mx\/tienda\/wp-json\/wp\/v2\/media\/210629"}],"wp:attachment":[{"href":"https:\/\/compuviper.mx\/tienda\/wp-json\/wp\/v2\/media?parent=210628"}],"wp:term":[{"taxonomy":"product_cat","embeddable":true,"href":"https:\/\/compuviper.mx\/tienda\/wp-json\/wp\/v2\/product_cat?post=210628"},{"taxonomy":"product_tag","embeddable":true,"href":"https:\/\/compuviper.mx\/tienda\/wp-json\/wp\/v2\/product_tag?post=210628"}],"curies":[{"name":"wp","href":"https:\/\/api.w.org\/{rel}","templated":true}]}}